{"id":9384,"date":"2022-09-16T14:29:09","date_gmt":"2022-09-16T12:29:09","guid":{"rendered":"https:\/\/www.pasflights.com\/?page_id=9384"},"modified":"2025-05-08T15:27:25","modified_gmt":"2025-05-08T13:27:25","slug":"guida","status":"publish","type":"page","link":"https:\/\/pas.websitehelden.net\/it\/guida\/","title":{"rendered":"Guida"},"content":{"rendered":"\t\t<div data-elementor-type=\"wp-page\" data-elementor-id=\"9384\" class=\"elementor elementor-9384\" data-elementor-post-type=\"page\">\n\t\t\t\t\t\t<section class=\"elementor-section elementor-top-section elementor-element elementor-element-fea4948 elementor-section-boxed elementor-section-height-default elementor-section-height-default\" data-id=\"fea4948\" data-element_type=\"section\">\n\t\t\t\t\t\t<div class=\"elementor-container elementor-column-gap-default\">\n\t\t\t\t\t<div class=\"elementor-column elementor-col-100 elementor-top-column elementor-element elementor-element-62ef47b\" data-id=\"62ef47b\" data-element_type=\"column\">\n\t\t\t<div class=\"elementor-widget-wrap elementor-element-populated\">\n\t\t\t\t\t\t<div class=\"elementor-element elementor-element-08b2896 elementor-grid-3 elementor-grid-tablet-2 elementor-grid-mobile-1 elementor-posts--thumbnail-top elementor-card-shadow-yes elementor-posts__hover-gradient elementor-widget elementor-widget-posts\" data-id=\"08b2896\" data-element_type=\"widget\" data-settings=\"{&quot;cards_columns&quot;:&quot;3&quot;,&quot;cards_columns_tablet&quot;:&quot;2&quot;,&quot;cards_columns_mobile&quot;:&quot;1&quot;,&quot;cards_row_gap&quot;:{&quot;unit&quot;:&quot;px&quot;,&quot;size&quot;:35,&quot;sizes&quot;:[]},&quot;cards_row_gap_tablet&quot;:{&quot;unit&quot;:&quot;px&quot;,&quot;size&quot;:&quot;&quot;,&quot;sizes&quot;:[]},&quot;cards_row_gap_mobile&quot;:{&quot;unit&quot;:&quot;px&quot;,&quot;size&quot;:&quot;&quot;,&quot;sizes&quot;:[]}}\" data-widget_type=\"posts.cards\">\n\t\t\t\t<div class=\"elementor-widget-container\">\n\t\t\t\t\t\t\t<div class=\"elementor-posts-container elementor-posts elementor-posts--skin-cards elementor-grid\" role=\"list\">\n\t\t\t\t<article class=\"elementor-post elementor-grid-item post-12644 post type-post status-publish format-standard has-post-thumbnail hentry category-guida\" role=\"listitem\">\n\t\t\t<div class=\"elementor-post__card\">\n\t\t\t\t<a class=\"elementor-post__thumbnail__link\" href=\"https:\/\/pas.websitehelden.net\/it\/collaborazione-mtc\/\" tabindex=\"-1\" ><div class=\"elementor-post__thumbnail\"><img fetchpriority=\"high\" decoding=\"async\" width=\"800\" height=\"448\" src=\"https:\/\/er7k5njc6uc.exactdn.com\/wp-content\/uploads\/2023\/10\/collaborazione-mtc-3.jpg?strip=all&amp;lossy=1&amp;fit=800%2C448&amp;ssl=1\" class=\"attachment-large size-large wp-image-12681\" alt=\"\" srcset=\"https:\/\/er7k5njc6uc.exactdn.com\/wp-content\/uploads\/2023\/10\/collaborazione-mtc-3.jpg?strip=all&amp;lossy=1&amp;ssl=1 2000w, https:\/\/er7k5njc6uc.exactdn.com\/wp-content\/uploads\/2023\/10\/collaborazione-mtc-3-300x168.jpg?strip=all&amp;lossy=1&amp;ssl=1 300w, https:\/\/er7k5njc6uc.exactdn.com\/wp-content\/uploads\/2023\/10\/collaborazione-mtc-3-1024x574.jpg?strip=all&amp;lossy=1&amp;ssl=1 1024w, https:\/\/er7k5njc6uc.exactdn.com\/wp-content\/uploads\/2023\/10\/collaborazione-mtc-3-768x430.jpg?strip=all&amp;lossy=1&amp;ssl=1 768w, https:\/\/er7k5njc6uc.exactdn.com\/wp-content\/uploads\/2023\/10\/collaborazione-mtc-3-1536x861.jpg?strip=all&amp;lossy=1&amp;ssl=1 1536w, https:\/\/er7k5njc6uc.exactdn.com\/wp-content\/uploads\/2023\/10\/collaborazione-mtc-3.jpg?strip=all&amp;lossy=1&amp;w=400&amp;ssl=1 400w, https:\/\/er7k5njc6uc.exactdn.com\/wp-content\/uploads\/2023\/10\/collaborazione-mtc-3.jpg?strip=all&amp;lossy=1&amp;w=1200&amp;ssl=1 1200w, https:\/\/er7k5njc6uc.exactdn.com\/wp-content\/uploads\/2023\/10\/collaborazione-mtc-3.jpg?strip=all&amp;lossy=1&amp;w=1600&amp;ssl=1 1600w\" sizes=\"(max-width: 800px) 100vw, 800px\" \/><\/div><\/a>\n\t\t\t\t<div class=\"elementor-post__badge\">Guida<\/div>\n\t\t\t\t<div class=\"elementor-post__text\">\n\t\t\t\t<h3 class=\"elementor-post__title\">\n\t\t\t<a href=\"https:\/\/pas.websitehelden.net\/it\/collaborazione-mtc\/\" >\n\t\t\t\tSupporto medico in volo: il nuovo servizio di PASflights\t\t\t<\/a>\n\t\t<\/h3>\n\t\t\t\t<div class=\"elementor-post__excerpt\">\n\t\t\t<p>Volare con un jet privato o un charter di gruppo \u00e8 un\u2019alternativa sicura, confortevole e flessibile. Da oggi pu\u00f2 esserlo anche per i passeggeri che<\/p>\n\t\t<\/div>\n\t\t\n\t\t<a class=\"elementor-post__read-more\" href=\"https:\/\/pas.websitehelden.net\/it\/collaborazione-mtc\/\" aria-label=\"Read more about Supporto medico in volo: il nuovo servizio di PASflights\" tabindex=\"-1\" >\n\t\t\tLeggi di pi\u00f9 \u00bb\t\t<\/a>\n\n\t\t\t\t<\/div>\n\t\t\t\t<div class=\"elementor-post__meta-data\">\n\t\t\t\t\t<span class=\"elementor-post-date\">\n\t\t\t25. October 2023\t\t<\/span>\n\t\t\t\t<\/div>\n\t\t\t\t\t<\/div>\n\t\t<\/article>\n\t\t\t\t<article class=\"elementor-post elementor-grid-item post-9006 post type-post status-publish format-standard has-post-thumbnail hentry category-guida\" role=\"listitem\">\n\t\t\t<div class=\"elementor-post__card\">\n\t\t\t\t<a class=\"elementor-post__thumbnail__link\" href=\"https:\/\/pas.websitehelden.net\/it\/il-noleggio-di-aeromobili-come-funziona\/\" tabindex=\"-1\" ><div class=\"elementor-post__thumbnail\"><img decoding=\"async\" width=\"800\" height=\"534\" src=\"https:\/\/er7k5njc6uc.exactdn.com\/wp-content\/uploads\/2022\/06\/I9A9140.jpg?strip=all&amp;lossy=1&amp;fit=800%2C534&amp;ssl=1\" class=\"attachment-large size-large wp-image-8453\" alt=\"\" srcset=\"https:\/\/er7k5njc6uc.exactdn.com\/wp-content\/uploads\/2022\/06\/I9A9140.jpg?strip=all&amp;lossy=1&amp;ssl=1 1920w, https:\/\/er7k5njc6uc.exactdn.com\/wp-content\/uploads\/2022\/06\/I9A9140-300x200.jpg?strip=all&amp;lossy=1&amp;ssl=1 300w, https:\/\/er7k5njc6uc.exactdn.com\/wp-content\/uploads\/2022\/06\/I9A9140-1024x683.jpg?strip=all&amp;lossy=1&amp;ssl=1 1024w, https:\/\/er7k5njc6uc.exactdn.com\/wp-content\/uploads\/2022\/06\/I9A9140-768x512.jpg?strip=all&amp;lossy=1&amp;ssl=1 768w, https:\/\/er7k5njc6uc.exactdn.com\/wp-content\/uploads\/2022\/06\/I9A9140-1536x1024.jpg?strip=all&amp;lossy=1&amp;ssl=1 1536w, https:\/\/er7k5njc6uc.exactdn.com\/wp-content\/uploads\/2022\/06\/I9A9140.jpg?strip=all&amp;lossy=1&amp;w=384&amp;ssl=1 384w, https:\/\/er7k5njc6uc.exactdn.com\/wp-content\/uploads\/2022\/06\/I9A9140.jpg?strip=all&amp;lossy=1&amp;w=1152&amp;ssl=1 1152w\" sizes=\"(max-width: 800px) 100vw, 800px\" \/><\/div><\/a>\n\t\t\t\t<div class=\"elementor-post__badge\">Guida<\/div>\n\t\t\t\t<div class=\"elementor-post__text\">\n\t\t\t\t<h3 class=\"elementor-post__title\">\n\t\t\t<a href=\"https:\/\/pas.websitehelden.net\/it\/il-noleggio-di-aeromobili-come-funziona\/\" >\n\t\t\t\tIl noleggio di aeromobili: come funziona?\t\t\t<\/a>\n\t\t<\/h3>\n\t\t\t\t<div class=\"elementor-post__excerpt\">\n\t\t\t<p>Dalla prima telefonata alla prenotazione finale del volo, un broker ci spiega: Come noleggiare un jet privato con PAS.<\/p>\n\t\t<\/div>\n\t\t\n\t\t<a class=\"elementor-post__read-more\" href=\"https:\/\/pas.websitehelden.net\/it\/il-noleggio-di-aeromobili-come-funziona\/\" aria-label=\"Read more about Il noleggio di aeromobili: come funziona?\" tabindex=\"-1\" >\n\t\t\tLeggi di pi\u00f9 \u00bb\t\t<\/a>\n\n\t\t\t\t<\/div>\n\t\t\t\t<div class=\"elementor-post__meta-data\">\n\t\t\t\t\t<span class=\"elementor-post-date\">\n\t\t\t18. August 2022\t\t<\/span>\n\t\t\t\t<\/div>\n\t\t\t\t\t<\/div>\n\t\t<\/article>\n\t\t\t\t<article class=\"elementor-post elementor-grid-item post-9002 post type-post status-publish format-standard has-post-thumbnail hentry category-guida\" role=\"listitem\">\n\t\t\t<div class=\"elementor-post__card\">\n\t\t\t\t<a class=\"elementor-post__thumbnail__link\" href=\"https:\/\/pas.websitehelden.net\/it\/come-si-organizza-un-viaggio-di-gruppo\/\" tabindex=\"-1\" ><div class=\"elementor-post__thumbnail\"><img decoding=\"async\" width=\"500\" height=\"500\" src=\"https:\/\/er7k5njc6uc.exactdn.com\/wp-content\/uploads\/2022\/06\/Group3.jpg?strip=all&amp;lossy=1&amp;ssl=1\" class=\"attachment-large size-large wp-image-9586\" alt=\"\" srcset=\"https:\/\/er7k5njc6uc.exactdn.com\/wp-content\/uploads\/2022\/06\/Group3.jpg?strip=all&amp;lossy=1&amp;ssl=1 500w, https:\/\/er7k5njc6uc.exactdn.com\/wp-content\/uploads\/2022\/06\/Group3-300x300.jpg?strip=all&amp;lossy=1&amp;ssl=1 300w, https:\/\/er7k5njc6uc.exactdn.com\/wp-content\/uploads\/2022\/06\/Group3-150x150.jpg?strip=all&amp;lossy=1&amp;ssl=1 150w, https:\/\/er7k5njc6uc.exactdn.com\/wp-content\/uploads\/2022\/06\/Group3.jpg?strip=all&amp;lossy=1&amp;w=100&amp;ssl=1 100w, https:\/\/er7k5njc6uc.exactdn.com\/wp-content\/uploads\/2022\/06\/Group3.jpg?strip=all&amp;lossy=1&amp;w=200&amp;ssl=1 200w, https:\/\/er7k5njc6uc.exactdn.com\/wp-content\/uploads\/2022\/06\/Group3.jpg?strip=all&amp;lossy=1&amp;w=400&amp;ssl=1 400w\" sizes=\"(max-width: 500px) 100vw, 500px\" \/><\/div><\/a>\n\t\t\t\t<div class=\"elementor-post__badge\">Guida<\/div>\n\t\t\t\t<div class=\"elementor-post__text\">\n\t\t\t\t<h3 class=\"elementor-post__title\">\n\t\t\t<a href=\"https:\/\/pas.websitehelden.net\/it\/come-si-organizza-un-viaggio-di-gruppo\/\" >\n\t\t\t\tCome si organizza un viaggio di gruppo?\t\t\t<\/a>\n\t\t<\/h3>\n\t\t\t\t<div class=\"elementor-post__excerpt\">\n\t\t\t<p>Che si tratti di un grande evento, di un incentive o di un viaggio di famiglia: il volo charter di gruppo \u00e8 una soluzione confortevole, individuale e flessibile che sar\u00e0 sempre ricordata. Michael Erlenbach, in qualit\u00e0 di Charter Sales Manager di PAS ci spiega come organizzare viaggi di gruppo con volo charter.<\/p>\n\t\t<\/div>\n\t\t\n\t\t<a class=\"elementor-post__read-more\" href=\"https:\/\/pas.websitehelden.net\/it\/come-si-organizza-un-viaggio-di-gruppo\/\" aria-label=\"Read more about Come si organizza un viaggio di gruppo?\" tabindex=\"-1\" >\n\t\t\tLeggi di pi\u00f9 \u00bb\t\t<\/a>\n\n\t\t\t\t<\/div>\n\t\t\t\t<div class=\"elementor-post__meta-data\">\n\t\t\t\t\t<span class=\"elementor-post-date\">\n\t\t\t18. August 2022\t\t<\/span>\n\t\t\t\t<\/div>\n\t\t\t\t\t<\/div>\n\t\t<\/article>\n\t\t\t\t<article class=\"elementor-post elementor-grid-item post-8929 post type-post status-publish format-standard has-post-thumbnail hentry category-guida\" role=\"listitem\">\n\t\t\t<div class=\"elementor-post__card\">\n\t\t\t\t<a class=\"elementor-post__thumbnail__link\" href=\"https:\/\/pas.websitehelden.net\/it\/volare-senza-stress-e-senza-caos\/\" tabindex=\"-1\" ><div class=\"elementor-post__thumbnail\"><img loading=\"lazy\" decoding=\"async\" width=\"800\" height=\"534\" src=\"https:\/\/er7k5njc6uc.exactdn.com\/wp-content\/uploads\/2022\/07\/IMG_8835.jpg?strip=all&amp;lossy=1&amp;fit=800%2C534&amp;ssl=1\" class=\"attachment-large size-large wp-image-8817\" alt=\"\" srcset=\"https:\/\/er7k5njc6uc.exactdn.com\/wp-content\/uploads\/2022\/07\/IMG_8835.jpg?strip=all&amp;lossy=1&amp;ssl=1 1920w, https:\/\/er7k5njc6uc.exactdn.com\/wp-content\/uploads\/2022\/07\/IMG_8835-300x200.jpg?strip=all&amp;lossy=1&amp;ssl=1 300w, https:\/\/er7k5njc6uc.exactdn.com\/wp-content\/uploads\/2022\/07\/IMG_8835-1024x683.jpg?strip=all&amp;lossy=1&amp;ssl=1 1024w, https:\/\/er7k5njc6uc.exactdn.com\/wp-content\/uploads\/2022\/07\/IMG_8835-768x512.jpg?strip=all&amp;lossy=1&amp;ssl=1 768w, https:\/\/er7k5njc6uc.exactdn.com\/wp-content\/uploads\/2022\/07\/IMG_8835-1536x1024.jpg?strip=all&amp;lossy=1&amp;ssl=1 1536w, https:\/\/er7k5njc6uc.exactdn.com\/wp-content\/uploads\/2022\/07\/IMG_8835.jpg?strip=all&amp;lossy=1&amp;w=384&amp;ssl=1 384w, https:\/\/er7k5njc6uc.exactdn.com\/wp-content\/uploads\/2022\/07\/IMG_8835.jpg?strip=all&amp;lossy=1&amp;w=1152&amp;ssl=1 1152w\" sizes=\"(max-width: 800px) 100vw, 800px\" \/><\/div><\/a>\n\t\t\t\t<div class=\"elementor-post__badge\">Guida<\/div>\n\t\t\t\t<div class=\"elementor-post__text\">\n\t\t\t\t<h3 class=\"elementor-post__title\">\n\t\t\t<a href=\"https:\/\/pas.websitehelden.net\/it\/volare-senza-stress-e-senza-caos\/\" >\n\t\t\t\tVolare senza stress e senza caos\t\t\t<\/a>\n\t\t<\/h3>\n\t\t\t\t<div class=\"elementor-post__excerpt\">\n\t\t\t<p>Se si viaggia con un jet privato si evitano i lunghi tempi di attesa in aeroporto. Quali altri vantaggi offre? Jet privati invece di voli di linea: Ecco 10 vantaggi<\/p>\n\t\t<\/div>\n\t\t\n\t\t<a class=\"elementor-post__read-more\" href=\"https:\/\/pas.websitehelden.net\/it\/volare-senza-stress-e-senza-caos\/\" aria-label=\"Read more about Volare senza stress e senza caos\" tabindex=\"-1\" >\n\t\t\tLeggi di pi\u00f9 \u00bb\t\t<\/a>\n\n\t\t\t\t<\/div>\n\t\t\t\t<div class=\"elementor-post__meta-data\">\n\t\t\t\t\t<span class=\"elementor-post-date\">\n\t\t\t18. August 2022\t\t<\/span>\n\t\t\t\t<\/div>\n\t\t\t\t\t<\/div>\n\t\t<\/article>\n\t\t\t\t<\/div>\n\t\t\n\t\t\t\t\t\t<\/div>\n\t\t\t\t<\/div>\n\t\t\t\t\t<\/div>\n\t\t<\/div>\n\t\t\t\t\t<\/div>\n\t\t<\/section>\n\t\t\t\t<\/div>\n\t\t","protected":false},"excerpt":{"rendered":"","protected":false},"author":5,"featured_media":20834,"parent":0,"menu_order":0,"comment_status":"closed","ping_status":"closed","template":"","meta":{"_acf_changed":false,"footnotes":""},"categories":[],"tags":[],"class_list":["post-9384","page","type-page","status-publish","has-post-thumbnail","hentry"],"acf":[],"yoast_head":"<!-- This site is optimized with the Yoast SEO plugin v27.4 - https:\/\/yoast.com\/product\/yoast-seo-wordpress\/ -->\n<title>Guida - Pasflights<\/title>\n<meta name=\"robots\" content=\"index, follow, max-snippet:-1, max-image-preview:large, max-video-preview:-1\" \/>\n<link rel=\"canonical\" href=\"https:\/\/pas.websitehelden.net\/it\/guida\/\" \/>\n<meta property=\"og:locale\" content=\"it_IT\" \/>\n<meta property=\"og:type\" content=\"article\" \/>\n<meta property=\"og:title\" content=\"Guida - Pasflights\" \/>\n<meta property=\"og:url\" content=\"https:\/\/pas.websitehelden.net\/it\/guida\/\" \/>\n<meta property=\"og:site_name\" content=\"Pasflights\" \/>\n<meta property=\"article:modified_time\" content=\"2025-05-08T13:27:25+00:00\" \/>\n<meta property=\"og:image\" content=\"https:\/\/er7k5njc6uc.exactdn.com\/wp-content\/uploads\/2025\/05\/pas-ratgeber.jpg?strip=all&lossy=1&ssl=1\" \/>\n\t<meta property=\"og:image:width\" content=\"2560\" \/>\n\t<meta property=\"og:image:height\" content=\"733\" \/>\n\t<meta property=\"og:image:type\" content=\"image\/jpeg\" \/>\n<meta name=\"twitter:card\" content=\"summary_large_image\" \/>\n<meta name=\"twitter:label1\" content=\"Est. reading time\" \/>\n\t<meta name=\"twitter:data1\" content=\"1 minute\" \/>\n<script type=\"application\/ld+json\" class=\"yoast-schema-graph\">{\"@context\":\"https:\\\/\\\/schema.org\",\"@graph\":[{\"@type\":\"WebPage\",\"@id\":\"https:\\\/\\\/pas.websitehelden.net\\\/it\\\/guida\\\/\",\"url\":\"https:\\\/\\\/pas.websitehelden.net\\\/it\\\/guida\\\/\",\"name\":\"Guida - Pasflights\",\"isPartOf\":{\"@id\":\"https:\\\/\\\/pas.websitehelden.net\\\/it\\\/#website\"},\"primaryImageOfPage\":{\"@id\":\"https:\\\/\\\/pas.websitehelden.net\\\/it\\\/guida\\\/#primaryimage\"},\"image\":{\"@id\":\"https:\\\/\\\/pas.websitehelden.net\\\/it\\\/guida\\\/#primaryimage\"},\"thumbnailUrl\":\"https:\\\/\\\/er7k5njc6uc.exactdn.com\\\/wp-content\\\/uploads\\\/2025\\\/05\\\/pas-ratgeber.jpg?strip=all&lossy=1&ssl=1\",\"datePublished\":\"2022-09-16T12:29:09+00:00\",\"dateModified\":\"2025-05-08T13:27:25+00:00\",\"breadcrumb\":{\"@id\":\"https:\\\/\\\/pas.websitehelden.net\\\/it\\\/guida\\\/#breadcrumb\"},\"inLanguage\":\"it-IT\",\"potentialAction\":[{\"@type\":\"ReadAction\",\"target\":[\"https:\\\/\\\/pas.websitehelden.net\\\/it\\\/guida\\\/\"]}]},{\"@type\":\"ImageObject\",\"inLanguage\":\"it-IT\",\"@id\":\"https:\\\/\\\/pas.websitehelden.net\\\/it\\\/guida\\\/#primaryimage\",\"url\":\"https:\\\/\\\/er7k5njc6uc.exactdn.com\\\/wp-content\\\/uploads\\\/2025\\\/05\\\/pas-ratgeber.jpg?strip=all&lossy=1&ssl=1\",\"contentUrl\":\"https:\\\/\\\/er7k5njc6uc.exactdn.com\\\/wp-content\\\/uploads\\\/2025\\\/05\\\/pas-ratgeber.jpg?strip=all&lossy=1&ssl=1\",\"width\":2560,\"height\":733,\"caption\":\"Business class jet airplane parked at airfield and waiting vip persons for take off. Luxury tourism and business travel transportation concept. Flares. 3d rendering.\"},{\"@type\":\"BreadcrumbList\",\"@id\":\"https:\\\/\\\/pas.websitehelden.net\\\/it\\\/guida\\\/#breadcrumb\",\"itemListElement\":[{\"@type\":\"ListItem\",\"position\":1,\"name\":\"Startseite\",\"item\":\"https:\\\/\\\/pas.websitehelden.net\\\/it\\\/\"},{\"@type\":\"ListItem\",\"position\":2,\"name\":\"Guida\"}]},{\"@type\":\"WebSite\",\"@id\":\"https:\\\/\\\/pas.websitehelden.net\\\/it\\\/#website\",\"url\":\"https:\\\/\\\/pas.websitehelden.net\\\/it\\\/\",\"name\":\"Pasflights\",\"description\":\"Eine weitere WordPress-Website\",\"potentialAction\":[{\"@type\":\"SearchAction\",\"target\":{\"@type\":\"EntryPoint\",\"urlTemplate\":\"https:\\\/\\\/pas.websitehelden.net\\\/it\\\/?s={search_term_string}\"},\"query-input\":{\"@type\":\"PropertyValueSpecification\",\"valueRequired\":true,\"valueName\":\"search_term_string\"}}],\"inLanguage\":\"it-IT\"}]}<\/script>\n<!-- \/ Yoast SEO plugin. -->","yoast_head_json":{"title":"Guida - Pasflights","robots":{"index":"index","follow":"follow","max-snippet":"max-snippet:-1","max-image-preview":"max-image-preview:large","max-video-preview":"max-video-preview:-1"},"canonical":"https:\/\/pas.websitehelden.net\/it\/guida\/","og_locale":"it_IT","og_type":"article","og_title":"Guida - Pasflights","og_url":"https:\/\/pas.websitehelden.net\/it\/guida\/","og_site_name":"Pasflights","article_modified_time":"2025-05-08T13:27:25+00:00","og_image":[{"width":2560,"height":733,"url":"https:\/\/er7k5njc6uc.exactdn.com\/wp-content\/uploads\/2025\/05\/pas-ratgeber.jpg?strip=all&lossy=1&ssl=1","type":"image\/jpeg"}],"twitter_card":"summary_large_image","twitter_misc":{"Est. reading time":"1 minute"},"schema":{"@context":"https:\/\/schema.org","@graph":[{"@type":"WebPage","@id":"https:\/\/pas.websitehelden.net\/it\/guida\/","url":"https:\/\/pas.websitehelden.net\/it\/guida\/","name":"Guida - Pasflights","isPartOf":{"@id":"https:\/\/pas.websitehelden.net\/it\/#website"},"primaryImageOfPage":{"@id":"https:\/\/pas.websitehelden.net\/it\/guida\/#primaryimage"},"image":{"@id":"https:\/\/pas.websitehelden.net\/it\/guida\/#primaryimage"},"thumbnailUrl":"https:\/\/er7k5njc6uc.exactdn.com\/wp-content\/uploads\/2025\/05\/pas-ratgeber.jpg?strip=all&lossy=1&ssl=1","datePublished":"2022-09-16T12:29:09+00:00","dateModified":"2025-05-08T13:27:25+00:00","breadcrumb":{"@id":"https:\/\/pas.websitehelden.net\/it\/guida\/#breadcrumb"},"inLanguage":"it-IT","potentialAction":[{"@type":"ReadAction","target":["https:\/\/pas.websitehelden.net\/it\/guida\/"]}]},{"@type":"ImageObject","inLanguage":"it-IT","@id":"https:\/\/pas.websitehelden.net\/it\/guida\/#primaryimage","url":"https:\/\/er7k5njc6uc.exactdn.com\/wp-content\/uploads\/2025\/05\/pas-ratgeber.jpg?strip=all&lossy=1&ssl=1","contentUrl":"https:\/\/er7k5njc6uc.exactdn.com\/wp-content\/uploads\/2025\/05\/pas-ratgeber.jpg?strip=all&lossy=1&ssl=1","width":2560,"height":733,"caption":"Business class jet airplane parked at airfield and waiting vip persons for take off. Luxury tourism and business travel transportation concept. Flares. 3d rendering."},{"@type":"BreadcrumbList","@id":"https:\/\/pas.websitehelden.net\/it\/guida\/#breadcrumb","itemListElement":[{"@type":"ListItem","position":1,"name":"Startseite","item":"https:\/\/pas.websitehelden.net\/it\/"},{"@type":"ListItem","position":2,"name":"Guida"}]},{"@type":"WebSite","@id":"https:\/\/pas.websitehelden.net\/it\/#website","url":"https:\/\/pas.websitehelden.net\/it\/","name":"Pasflights","description":"Eine weitere WordPress-Website","potentialAction":[{"@type":"SearchAction","target":{"@type":"EntryPoint","urlTemplate":"https:\/\/pas.websitehelden.net\/it\/?s={search_term_string}"},"query-input":{"@type":"PropertyValueSpecification","valueRequired":true,"valueName":"search_term_string"}}],"inLanguage":"it-IT"}]}},"_links":{"self":[{"href":"https:\/\/pas.websitehelden.net\/it\/wp-json\/wp\/v2\/pages\/9384","targetHints":{"allow":["GET"]}}],"collection":[{"href":"https:\/\/pas.websitehelden.net\/it\/wp-json\/wp\/v2\/pages"}],"about":[{"href":"https:\/\/pas.websitehelden.net\/it\/wp-json\/wp\/v2\/types\/page"}],"author":[{"embeddable":true,"href":"https:\/\/pas.websitehelden.net\/it\/wp-json\/wp\/v2\/users\/5"}],"replies":[{"embeddable":true,"href":"https:\/\/pas.websitehelden.net\/it\/wp-json\/wp\/v2\/comments?post=9384"}],"version-history":[{"count":4,"href":"https:\/\/pas.websitehelden.net\/it\/wp-json\/wp\/v2\/pages\/9384\/revisions"}],"predecessor-version":[{"id":20847,"href":"https:\/\/pas.websitehelden.net\/it\/wp-json\/wp\/v2\/pages\/9384\/revisions\/20847"}],"wp:featuredmedia":[{"embeddable":true,"href":"https:\/\/pas.websitehelden.net\/it\/wp-json\/wp\/v2\/media\/20834"}],"wp:attachment":[{"href":"https:\/\/pas.websitehelden.net\/it\/wp-json\/wp\/v2\/media?parent=9384"}],"wp:term":[{"taxonomy":"category","embeddable":true,"href":"https:\/\/pas.websitehelden.net\/it\/wp-json\/wp\/v2\/categories?post=9384"},{"taxonomy":"post_tag","embeddable":true,"href":"https:\/\/pas.websitehelden.net\/it\/wp-json\/wp\/v2\/tags?post=9384"}],"curies":[{"name":"wp","href":"https:\/\/api.w.org\/{rel}","templated":true}]}}