{"id":8335,"date":"2022-06-21T10:29:51","date_gmt":"2022-06-21T08:29:51","guid":{"rendered":"https:\/\/www.pasflights.com\/?page_id=8335"},"modified":"2022-06-21T10:31:51","modified_gmt":"2022-06-21T08:31:51","slug":"lo-shuttle-aziendale","status":"publish","type":"page","link":"https:\/\/pas.websitehelden.net\/it\/servizi-su-misura-jet-privati\/lo-shuttle-aziendale\/","title":{"rendered":"Lo Shuttle aziendale"},"content":{"rendered":"\t\t<div data-elementor-type=\"wp-page\" data-elementor-id=\"8335\" class=\"elementor elementor-8335 elementor-8333\" data-elementor-post-type=\"page\">\n\t\t\t\t\t\t<section class=\"elementor-section elementor-top-section elementor-element elementor-element-2bb7da88 elementor-section-boxed elementor-section-height-default elementor-section-height-default\" data-id=\"2bb7da88\" data-element_type=\"section\">\n\t\t\t\t\t\t<div class=\"elementor-container elementor-column-gap-default\">\n\t\t\t\t\t<div class=\"elementor-column elementor-col-100 elementor-top-column elementor-element elementor-element-36fba676\" data-id=\"36fba676\" data-element_type=\"column\">\n\t\t\t<div class=\"elementor-widget-wrap elementor-element-populated\">\n\t\t\t\t\t\t<div class=\"elementor-element elementor-element-3e673766 elementor-widget elementor-widget-heading\" data-id=\"3e673766\" data-element_type=\"widget\" data-widget_type=\"heading.default\">\n\t\t\t\t<div class=\"elementor-widget-container\">\n\t\t\t\t\t<h1 class=\"elementor-heading-title elementor-size-default\">Lo Shuttle aziendale - conveniente ed economico<\/h1>\t\t\t\t<\/div>\n\t\t\t\t<\/div>\n\t\t\t\t<div class=\"elementor-element elementor-element-37846780 elementor-widget elementor-widget-text-editor\" data-id=\"37846780\" data-element_type=\"widget\" data-widget_type=\"text-editor.default\">\n\t\t\t\t<div class=\"elementor-widget-container\">\n\t\t\t\t\t\t\t\t\tGli shuttle aerei aziendali vengono utilizzati, ad esempio, quando si vuole visitare una fabbrica o una filiale della sede centrale di un\u2019azienda. Spesso capita che interi gruppi di dipendenti debbano avere la possibilit\u00e0 di viaggiare in aereo in modo adeguato. PASflights \u00e8 il vostro partner professionale che vi supporta nella ricerca del miglior collegamento aereo e degli shuttle aziendali ideali.\r\n\r\nOffriamo all\u2019organizzazione dei vostri viaggi la combinazione pi\u00f9 professionale di esclusivit\u00e0 ed economicit\u00e0. Mentre i dipendenti che viaggiano sull&#8217;aereo possono continuare a concentrarsi sul lavoro con i colleghi, l&#8217;intera azienda beneficia del conveniente rapporto qualit\u00e0-prezzo di un volo charter esclusivo.\r\n\r\nSe si considera il numero di passeggeri, i voli charter sono spesso pi\u00f9 economici dei voli di linea. Allo stesso tempo, siete voi a stabilire il giorno e l&#8217;orario di volo del vostro shuttle aziendale, combinando cos\u00ec un rapporto qualit\u00e0-prezzo ottimale con la massima flessibilit\u00e0.\t\t\t\t\t\t\t\t<\/div>\n\t\t\t\t<\/div>\n\t\t\t\t\t<\/div>\n\t\t<\/div>\n\t\t\t\t\t<\/div>\n\t\t<\/section>\n\t\t\t\t<section class=\"elementor-section elementor-top-section elementor-element elementor-element-f9a0806 elementor-section-boxed elementor-section-height-default elementor-section-height-default\" data-id=\"f9a0806\" data-element_type=\"section\">\n\t\t\t\t\t\t<div class=\"elementor-container elementor-column-gap-default\">\n\t\t\t\t\t<div class=\"elementor-column elementor-col-100 elementor-top-column elementor-element elementor-element-19c47a1\" data-id=\"19c47a1\" data-element_type=\"column\">\n\t\t\t<div class=\"elementor-widget-wrap elementor-element-populated\">\n\t\t\t\t\t\t<div class=\"elementor-element elementor-element-275d4af elementor-widget elementor-widget-heading\" data-id=\"275d4af\" data-element_type=\"widget\" data-widget_type=\"heading.default\">\n\t\t\t\t<div class=\"elementor-widget-container\">\n\t\t\t\t\t<h2 class=\"elementor-heading-title elementor-size-default\">Viaggiate in modo efficiente e sicuro con gli shuttle aziendali! <\/h2>\t\t\t\t<\/div>\n\t\t\t\t<\/div>\n\t\t\t\t<div class=\"elementor-element elementor-element-1039827 elementor-widget elementor-widget-text-editor\" data-id=\"1039827\" data-element_type=\"widget\" data-widget_type=\"text-editor.default\">\n\t\t\t\t<div class=\"elementor-widget-container\">\n\t\t\t\t\t\t\t\t\tI viaggi in aereo i cui passeggeri costituiscono una larga parte della forza lavoro di un\u2019azienda, sono di solito costosi e richiedono molto tempo. Oltre a raggiungere l&#8217;aeroporto tempestivamente, bisogna sempre tenere conto degli orari dei voli delle compagnie aeree e poi ci sono i tempi di attesa al gate di partenza e ai controlli di sicurezza. Con gli shuttle aziendali potete evitare queste perdite di tempo, che spesso sono addirittura superiori alla durata del volo stesso. Grazie a questo servizio sarete voi a scegliere gli orari dei voli in base al vostro programma e, inoltre, a decidere gli aeroporti di partenza e di destinazione. Di solito gli aerei charter possono decollare e atterrare anche in aeroporti regionali non serviti dalle compagnie di linea. I controlli di sicurezza e il processo di imbarco dell&#8217;aeromobile vengono gestiti molto pi\u00f9 rapidamente rispetto al traffico di linea. Il tempo \u00e8 una risorsa, per questo \u00e8 necessario utilizzarlo in modo efficiente ed oculato. \r\n\r\nIn PASflights la vostra sicurezza \u00e8 la nostra massima priorit\u00e0. Per questo motivo, con i nostri shuttle aziendali, potete essere certi che i jet che vi forniamo sono stati controllati con il nostro sistema di monitoraggio, come ad esempio l&#8217;audit delle compagnie aeree.\t\t\t\t\t\t\t\t<\/div>\n\t\t\t\t<\/div>\n\t\t\t\t\t<\/div>\n\t\t<\/div>\n\t\t\t\t\t<\/div>\n\t\t<\/section>\n\t\t\t\t<section class=\"elementor-section elementor-top-section elementor-element elementor-element-2a26e882 elementor-section-boxed elementor-section-height-default elementor-section-height-default\" data-id=\"2a26e882\" data-element_type=\"section\">\n\t\t\t\t\t\t<div class=\"elementor-container elementor-column-gap-default\">\n\t\t\t\t\t<div class=\"elementor-column elementor-col-100 elementor-top-column elementor-element elementor-element-4375d774\" data-id=\"4375d774\" data-element_type=\"column\">\n\t\t\t<div class=\"elementor-widget-wrap elementor-element-populated\">\n\t\t\t\t\t\t<div class=\"elementor-element elementor-element-1ed45e91 elementor-widget elementor-widget-heading\" data-id=\"1ed45e91\" data-element_type=\"widget\" data-widget_type=\"heading.default\">\n\t\t\t\t<div class=\"elementor-widget-container\">\n\t\t\t\t\t<span class=\"elementor-heading-title elementor-size-default\">Contatta<\/span>\t\t\t\t<\/div>\n\t\t\t\t<\/div>\n\t\t\t\t<div class=\"elementor-element elementor-element-6b352916 elementor-widget elementor-widget-heading\" data-id=\"6b352916\" data-element_type=\"widget\" data-widget_type=\"heading.default\">\n\t\t\t\t<div class=\"elementor-widget-container\">\n\t\t\t\t\t<h2 class=\"elementor-heading-title elementor-size-default\">Contatta<\/h2>\t\t\t\t<\/div>\n\t\t\t\t<\/div>\n\t\t\t\t<section class=\"elementor-section elementor-inner-section elementor-element elementor-element-6866ee25 elementor-section-boxed elementor-section-height-default elementor-section-height-default\" data-id=\"6866ee25\" data-element_type=\"section\" data-settings=\"{&quot;background_background&quot;:&quot;classic&quot;}\">\n\t\t\t\t\t\t<div class=\"elementor-container elementor-column-gap-default\">\n\t\t\t\t\t<div class=\"elementor-column elementor-col-50 elementor-inner-column elementor-element elementor-element-48838d8e\" data-id=\"48838d8e\" data-element_type=\"column\">\n\t\t\t<div class=\"elementor-widget-wrap\">\n\t\t\t\t\t\t\t<\/div>\n\t\t<\/div>\n\t\t\t\t<div class=\"elementor-column elementor-col-50 elementor-inner-column elementor-element elementor-element-355aa00b\" data-id=\"355aa00b\" data-element_type=\"column\" data-settings=\"{&quot;background_background&quot;:&quot;classic&quot;}\">\n\t\t\t<div class=\"elementor-widget-wrap elementor-element-populated\">\n\t\t\t\t\t\t<div class=\"elementor-element elementor-element-54042607 elementor-widget elementor-widget-heading\" data-id=\"54042607\" data-element_type=\"widget\" data-widget_type=\"heading.default\">\n\t\t\t\t<div class=\"elementor-widget-container\">\n\t\t\t\t\t<h2 class=\"elementor-heading-title elementor-size-default\">AVETE DOMANDE? SIAMO QUI PER VOI - PER E-MAIL,<br> MODULO DI CONTATTO O PER TELEFONO!<\/h2>\t\t\t\t<\/div>\n\t\t\t\t<\/div>\n\t\t\t\t<div class=\"elementor-element elementor-element-1f56e6a4 elementor-widget elementor-widget-heading\" data-id=\"1f56e6a4\" data-element_type=\"widget\" data-widget_type=\"heading.default\">\n\t\t\t\t<div class=\"elementor-widget-container\">\n\t\t\t\t\t<span class=\"elementor-heading-title elementor-size-default\">Il tuo contatto personale \u00e8 a tua disposizione 24 ore su 24, 7 giorni su 7<\/span>\t\t\t\t<\/div>\n\t\t\t\t<\/div>\n\t\t\t\t<div class=\"elementor-element elementor-element-58ed205d elementor-align-start elementor-widget__width-auto elementor-icon-list--layout-traditional elementor-list-item-link-full_width elementor-widget elementor-widget-icon-list\" data-id=\"58ed205d\" data-element_type=\"widget\" data-widget_type=\"icon-list.default\">\n\t\t\t\t<div class=\"elementor-widget-container\">\n\t\t\t\t\t\t\t<ul class=\"elementor-icon-list-items\">\n\t\t\t\t\t\t\t<li class=\"elementor-icon-list-item\">\n\t\t\t\t\t\t\t\t\t\t\t<a href=\"https:\/\/pas.websitehelden.net\/it\/contatti\/\">\n\n\t\t\t\t\t\t\t\t\t\t\t\t<span class=\"elementor-icon-list-icon\">\n\t\t\t\t\t\t\t<i aria-hidden=\"true\" class=\"fas fa-envelope\"><\/i>\t\t\t\t\t\t<\/span>\n\t\t\t\t\t\t\t\t\t\t<span class=\"elementor-icon-list-text\">info@pasflights.com<\/span>\n\t\t\t\t\t\t\t\t\t\t\t<\/a>\n\t\t\t\t\t\t\t\t\t<\/li>\n\t\t\t\t\t\t\t\t<li class=\"elementor-icon-list-item\">\n\t\t\t\t\t\t\t\t\t\t\t<a href=\"tel:+49%202204%2070606-0\">\n\n\t\t\t\t\t\t\t\t\t\t\t\t<span class=\"elementor-icon-list-icon\">\n\t\t\t\t\t\t\t<i aria-hidden=\"true\" class=\"fas fa-phone-alt\"><\/i>\t\t\t\t\t\t<\/span>\n\t\t\t\t\t\t\t\t\t\t<span class=\"elementor-icon-list-text\">+ 49 2204 70606-0<\/span>\n\t\t\t\t\t\t\t\t\t\t\t<\/a>\n\t\t\t\t\t\t\t\t\t<\/li>\n\t\t\t\t\t\t<\/ul>\n\t\t\t\t\t\t<\/div>\n\t\t\t\t<\/div>\n\t\t\t\t<div class=\"elementor-element elementor-element-8f38580 elementor-align-right pinkbuttonfull elementor-tablet-align-left elementor-mobile-align-justify elementor-widget elementor-widget-button\" data-id=\"8f38580\" data-element_type=\"widget\" data-widget_type=\"button.default\">\n\t\t\t\t<div class=\"elementor-widget-container\">\n\t\t\t\t\t\t\t\t\t<div class=\"elementor-button-wrapper\">\n\t\t\t\t\t<a class=\"elementor-button elementor-button-link elementor-size-sm\" href=\"https:\/\/pas.websitehelden.net\/it\/contatti\/\">\n\t\t\t\t\t\t<span class=\"elementor-button-content-wrapper\">\n\t\t\t\t\t\t\t\t\t<span class=\"elementor-button-text\">Contatta ora<\/span>\n\t\t\t\t\t<\/span>\n\t\t\t\t\t<\/a>\n\t\t\t\t<\/div>\n\t\t\t\t\t\t\t\t<\/div>\n\t\t\t\t<\/div>\n\t\t\t\t\t<\/div>\n\t\t<\/div>\n\t\t\t\t\t<\/div>\n\t\t<\/section>\n\t\t\t\t<div class=\"elementor-element elementor-element-4457e1de elementor-widget elementor-widget-image\" data-id=\"4457e1de\" data-element_type=\"widget\" data-widget_type=\"image.default\">\n\t\t\t\t<div class=\"elementor-widget-container\">\n\t\t\t\t\t\t\t\t\t\t\t\t\t\t\t<img decoding=\"async\" src=\"https:\/\/er7k5njc6uc.exactdn.com\/wp-content\/uploads\/elementor\/thumbs\/privatjet-buchen_kontakt-rawwxlf5e5ptspptkdb8apcdi94cfpobtspz7qq45k.jpg?strip=all&lossy=1&w=800&ssl=1\" title=\"privatjet-buchen_kontakt\" alt=\"Contact\" loading=\"lazy\" \/>\t\t\t\t\t\t\t\t\t\t\t\t\t\t\t<\/div>\n\t\t\t\t<\/div>\n\t\t\t\t\t<\/div>\n\t\t<\/div>\n\t\t\t\t\t<\/div>\n\t\t<\/section>\n\t\t\t\t<section class=\"elementor-section elementor-top-section elementor-element elementor-element-a88e4d5 elementor-section-boxed elementor-section-height-default elementor-section-height-default\" data-id=\"a88e4d5\" data-element_type=\"section\">\n\t\t\t\t\t\t<div class=\"elementor-container elementor-column-gap-default\">\n\t\t\t\t\t<div class=\"elementor-column elementor-col-100 elementor-top-column elementor-element elementor-element-f20430f\" data-id=\"f20430f\" data-element_type=\"column\">\n\t\t\t<div class=\"elementor-widget-wrap elementor-element-populated\">\n\t\t\t\t\t\t<div class=\"elementor-element elementor-element-902aa9a elementor-widget elementor-widget-heading\" data-id=\"902aa9a\" data-element_type=\"widget\" data-widget_type=\"heading.default\">\n\t\t\t\t<div class=\"elementor-widget-container\">\n\t\t\t\t\t<h3 class=\"elementor-heading-title elementor-size-default\">Internazionali o nazionali: i nostri shuttle aziendali sono la risposta! <\/h3>\t\t\t\t<\/div>\n\t\t\t\t<\/div>\n\t\t\t\t<div class=\"elementor-element elementor-element-f77feb1 elementor-widget elementor-widget-text-editor\" data-id=\"f77feb1\" data-element_type=\"widget\" data-widget_type=\"text-editor.default\">\n\t\t\t\t<div class=\"elementor-widget-container\">\n\t\t\t\t\t\t\t\t\tPASflights \u00e8 in contatto con numerosi partner sia a livello nazionale che internazionale e pu\u00f2 accedere ad una vasta gamma di risorse. Il servizio di prima classe dei nostri shuttle aziendali consente ai vostri dipendenti di viaggiare in totale comodit\u00e0 e con il minor stress possibile.\t\t\t\t\t\t\t\t<\/div>\n\t\t\t\t<\/div>\n\t\t\t\t\t<\/div>\n\t\t<\/div>\n\t\t\t\t\t<\/div>\n\t\t<\/section>\n\t\t\t\t<section class=\"elementor-section elementor-top-section elementor-element elementor-element-9c70c22 elementor-section-boxed elementor-section-height-default elementor-section-height-default\" data-id=\"9c70c22\" data-element_type=\"section\">\n\t\t\t\t\t\t<div class=\"elementor-container elementor-column-gap-default\">\n\t\t\t\t\t<div class=\"elementor-column elementor-col-100 elementor-top-column elementor-element elementor-element-e86fb06\" data-id=\"e86fb06\" data-element_type=\"column\">\n\t\t\t<div class=\"elementor-widget-wrap elementor-element-populated\">\n\t\t\t\t\t\t<div class=\"elementor-element elementor-element-f111536 elementor-widget elementor-widget-heading\" data-id=\"f111536\" data-element_type=\"widget\" data-widget_type=\"heading.default\">\n\t\t\t\t<div class=\"elementor-widget-container\">\n\t\t\t\t\t<h3 class=\"elementor-heading-title elementor-size-default\">Venite a scoprire le offerte aggiuntive dei nostri shuttle aziendali! <\/h3>\t\t\t\t<\/div>\n\t\t\t\t<\/div>\n\t\t\t\t<div class=\"elementor-element elementor-element-bcb036a elementor-widget elementor-widget-text-editor\" data-id=\"bcb036a\" data-element_type=\"widget\" data-widget_type=\"text-editor.default\">\n\t\t\t\t<div class=\"elementor-widget-container\">\n\t\t\t\t\t\t\t\t\tIl team di esperti di PASflights \u00e8 caratterizzato da un alto livello di competenza e da molti anni di esperienza. Sappiamo esattamente cosa \u00e8 importante per rendere il vostro volo charter con i nostri shuttle aziendali confortevole per i vostri dipendenti, partner commerciali e per voi stessi.\r\n\r\nDesiderate beneficiare di ulteriori servizi? Allora approfittate delle nostre interessanti offerte aggiuntive. Se lo desiderate, infatti, possiamo organizzare il nostro rinomato e collaudato catering a bordo, oppure potete usufruire del nostro esclusivo servizio VIP.\r\n\r\nInoltre, grazie al nostro partner ClimatePartner, offriamo la possibilit\u00e0 di compensare le emissioni di CO2 su richiesta. \r\nContattateci oggi stesso! In un incontro personale scopriremo insieme come soddisfare le vostre esigenze e le vostre richieste per noleggiare uno shuttle aziendale. Trasformiamo le vostre idee in piani di viaggio concreti. Con PASflights, voi ed i vostri dipendenti potrete contare su un viaggio senza problemi!\r\nIl nostro team di esperti \u00e8 il vostro partner quando si tratta di shuttle aziendali e non vede l&#8217;ora di lavorare con voi e la vostra azienda.\t\t\t\t\t\t\t\t<\/div>\n\t\t\t\t<\/div>\n\t\t\t\t\t<\/div>\n\t\t<\/div>\n\t\t\t\t\t<\/div>\n\t\t<\/section>\n\t\t\t\t<\/div>\n\t\t","protected":false},"excerpt":{"rendered":"<p>Lo Shuttle aziendale &#8211; conveniente ed economico Gli shuttle aerei aziendali vengono utilizzati, ad esempio, quando si vuole visitare una fabbrica o una filiale della sede centrale di un\u2019azienda. Spesso capita che interi gruppi di dipendenti debbano avere la possibilit\u00e0 di viaggiare in aereo in modo adeguato. PASflights \u00e8 il vostro partner professionale che vi [&hellip;]<\/p>\n","protected":false},"author":5,"featured_media":8341,"parent":3865,"menu_order":100,"comment_status":"closed","ping_status":"closed","template":"","meta":{"_acf_changed":false,"footnotes":""},"categories":[],"tags":[20,59],"class_list":["post-8335","page","type-page","status-publish","has-post-thumbnail","hentry","tag-service","tag-service-it"],"acf":[],"yoast_head":"<!-- This site is optimized with the Yoast SEO plugin v27.4 - https:\/\/yoast.com\/product\/yoast-seo-wordpress\/ -->\n<title>Noleggio aereo navetta aziendale da | PASflights<\/title>\n<meta name=\"description\" content=\"Service, Servizio,Le nostre navette aziendali per il noleggio di aerei vi offrono soluzioni su misura con il massimo livello di comfort. Rilassato \u2714\ufe0f Sicuro \u2714\ufe0f Risparmio di tempo \u2714\ufe0f | PASflights\" \/>\n<meta name=\"robots\" content=\"index, follow, max-snippet:-1, max-image-preview:large, max-video-preview:-1\" \/>\n<link rel=\"canonical\" href=\"https:\/\/pas.websitehelden.net\/it\/servizi-su-misura-jet-privati\/lo-shuttle-aziendale\/\" \/>\n<meta property=\"og:locale\" content=\"it_IT\" \/>\n<meta property=\"og:type\" content=\"article\" \/>\n<meta property=\"og:title\" content=\"Noleggio aereo navetta aziendale da | PASflights\" \/>\n<meta property=\"og:description\" content=\"Service, Servizio,Le nostre navette aziendali per il noleggio di aerei vi offrono soluzioni su misura con il massimo livello di comfort. Rilassato \u2714\ufe0f Sicuro \u2714\ufe0f Risparmio di tempo \u2714\ufe0f | PASflights\" \/>\n<meta property=\"og:url\" content=\"https:\/\/pas.websitehelden.net\/it\/servizi-su-misura-jet-privati\/lo-shuttle-aziendale\/\" \/>\n<meta property=\"og:site_name\" content=\"Pasflights\" \/>\n<meta property=\"article:modified_time\" content=\"2022-06-21T08:31:51+00:00\" \/>\n<meta property=\"og:image\" content=\"https:\/\/er7k5njc6uc.exactdn.com\/wp-content\/uploads\/2022\/06\/Flugzeugcharter-Corporate-Shuttle-scaled.jpg?strip=all&lossy=1&ssl=1\" \/>\n\t<meta property=\"og:image:width\" content=\"2560\" \/>\n\t<meta property=\"og:image:height\" content=\"733\" \/>\n\t<meta property=\"og:image:type\" content=\"image\/jpeg\" \/>\n<meta name=\"twitter:card\" content=\"summary_large_image\" \/>\n<meta name=\"twitter:label1\" content=\"Est. reading time\" \/>\n\t<meta name=\"twitter:data1\" content=\"1 minute\" \/>\n<script type=\"application\/ld+json\" class=\"yoast-schema-graph\">{\"@context\":\"https:\\\/\\\/schema.org\",\"@graph\":[{\"@type\":\"WebPage\",\"@id\":\"https:\\\/\\\/pas.websitehelden.net\\\/it\\\/servizi-su-misura-jet-privati\\\/lo-shuttle-aziendale\\\/\",\"url\":\"https:\\\/\\\/pas.websitehelden.net\\\/it\\\/servizi-su-misura-jet-privati\\\/lo-shuttle-aziendale\\\/\",\"name\":\"Noleggio aereo navetta aziendale da | PASflights\",\"isPartOf\":{\"@id\":\"https:\\\/\\\/pas.websitehelden.net\\\/it\\\/#website\"},\"primaryImageOfPage\":{\"@id\":\"https:\\\/\\\/pas.websitehelden.net\\\/it\\\/servizi-su-misura-jet-privati\\\/lo-shuttle-aziendale\\\/#primaryimage\"},\"image\":{\"@id\":\"https:\\\/\\\/pas.websitehelden.net\\\/it\\\/servizi-su-misura-jet-privati\\\/lo-shuttle-aziendale\\\/#primaryimage\"},\"thumbnailUrl\":\"https:\\\/\\\/er7k5njc6uc.exactdn.com\\\/wp-content\\\/uploads\\\/2022\\\/06\\\/Flugzeugcharter-Corporate-Shuttle-scaled.jpg?strip=all&lossy=1&ssl=1\",\"datePublished\":\"2022-06-21T08:29:51+00:00\",\"dateModified\":\"2022-06-21T08:31:51+00:00\",\"description\":\"Service, Servizio,Le nostre navette aziendali per il noleggio di aerei vi offrono soluzioni su misura con il massimo livello di comfort. Rilassato \u2714\ufe0f Sicuro \u2714\ufe0f Risparmio di tempo \u2714\ufe0f | PASflights\",\"breadcrumb\":{\"@id\":\"https:\\\/\\\/pas.websitehelden.net\\\/it\\\/servizi-su-misura-jet-privati\\\/lo-shuttle-aziendale\\\/#breadcrumb\"},\"inLanguage\":\"it-IT\",\"potentialAction\":[{\"@type\":\"ReadAction\",\"target\":[\"https:\\\/\\\/pas.websitehelden.net\\\/it\\\/servizi-su-misura-jet-privati\\\/lo-shuttle-aziendale\\\/\"]}]},{\"@type\":\"ImageObject\",\"inLanguage\":\"it-IT\",\"@id\":\"https:\\\/\\\/pas.websitehelden.net\\\/it\\\/servizi-su-misura-jet-privati\\\/lo-shuttle-aziendale\\\/#primaryimage\",\"url\":\"https:\\\/\\\/er7k5njc6uc.exactdn.com\\\/wp-content\\\/uploads\\\/2022\\\/06\\\/Flugzeugcharter-Corporate-Shuttle-scaled.jpg?strip=all&lossy=1&ssl=1\",\"contentUrl\":\"https:\\\/\\\/er7k5njc6uc.exactdn.com\\\/wp-content\\\/uploads\\\/2022\\\/06\\\/Flugzeugcharter-Corporate-Shuttle-scaled.jpg?strip=all&lossy=1&ssl=1\",\"width\":2560,\"height\":733},{\"@type\":\"BreadcrumbList\",\"@id\":\"https:\\\/\\\/pas.websitehelden.net\\\/it\\\/servizi-su-misura-jet-privati\\\/lo-shuttle-aziendale\\\/#breadcrumb\",\"itemListElement\":[{\"@type\":\"ListItem\",\"position\":1,\"name\":\"Startseite\",\"item\":\"https:\\\/\\\/pas.websitehelden.net\\\/it\\\/\"},{\"@type\":\"ListItem\",\"position\":2,\"name\":\"Servizi\",\"item\":\"https:\\\/\\\/pas.websitehelden.net\\\/it\\\/servizi-su-misura-jet-privati\\\/\"},{\"@type\":\"ListItem\",\"position\":3,\"name\":\"Lo Shuttle aziendale\"}]},{\"@type\":\"WebSite\",\"@id\":\"https:\\\/\\\/pas.websitehelden.net\\\/it\\\/#website\",\"url\":\"https:\\\/\\\/pas.websitehelden.net\\\/it\\\/\",\"name\":\"Pasflights\",\"description\":\"Eine weitere WordPress-Website\",\"potentialAction\":[{\"@type\":\"SearchAction\",\"target\":{\"@type\":\"EntryPoint\",\"urlTemplate\":\"https:\\\/\\\/pas.websitehelden.net\\\/it\\\/?s={search_term_string}\"},\"query-input\":{\"@type\":\"PropertyValueSpecification\",\"valueRequired\":true,\"valueName\":\"search_term_string\"}}],\"inLanguage\":\"it-IT\"}]}<\/script>\n<!-- \/ Yoast SEO plugin. -->","yoast_head_json":{"title":"Noleggio aereo navetta aziendale da | PASflights","description":"Service, Servizio,Le nostre navette aziendali per il noleggio di aerei vi offrono soluzioni su misura con il massimo livello di comfort. Rilassato \u2714\ufe0f Sicuro \u2714\ufe0f Risparmio di tempo \u2714\ufe0f | PASflights","robots":{"index":"index","follow":"follow","max-snippet":"max-snippet:-1","max-image-preview":"max-image-preview:large","max-video-preview":"max-video-preview:-1"},"canonical":"https:\/\/pas.websitehelden.net\/it\/servizi-su-misura-jet-privati\/lo-shuttle-aziendale\/","og_locale":"it_IT","og_type":"article","og_title":"Noleggio aereo navetta aziendale da | PASflights","og_description":"Service, Servizio,Le nostre navette aziendali per il noleggio di aerei vi offrono soluzioni su misura con il massimo livello di comfort. Rilassato \u2714\ufe0f Sicuro \u2714\ufe0f Risparmio di tempo \u2714\ufe0f | PASflights","og_url":"https:\/\/pas.websitehelden.net\/it\/servizi-su-misura-jet-privati\/lo-shuttle-aziendale\/","og_site_name":"Pasflights","article_modified_time":"2022-06-21T08:31:51+00:00","og_image":[{"width":2560,"height":733,"url":"https:\/\/er7k5njc6uc.exactdn.com\/wp-content\/uploads\/2022\/06\/Flugzeugcharter-Corporate-Shuttle-scaled.jpg?strip=all&lossy=1&ssl=1","type":"image\/jpeg"}],"twitter_card":"summary_large_image","twitter_misc":{"Est. reading time":"1 minute"},"schema":{"@context":"https:\/\/schema.org","@graph":[{"@type":"WebPage","@id":"https:\/\/pas.websitehelden.net\/it\/servizi-su-misura-jet-privati\/lo-shuttle-aziendale\/","url":"https:\/\/pas.websitehelden.net\/it\/servizi-su-misura-jet-privati\/lo-shuttle-aziendale\/","name":"Noleggio aereo navetta aziendale da | PASflights","isPartOf":{"@id":"https:\/\/pas.websitehelden.net\/it\/#website"},"primaryImageOfPage":{"@id":"https:\/\/pas.websitehelden.net\/it\/servizi-su-misura-jet-privati\/lo-shuttle-aziendale\/#primaryimage"},"image":{"@id":"https:\/\/pas.websitehelden.net\/it\/servizi-su-misura-jet-privati\/lo-shuttle-aziendale\/#primaryimage"},"thumbnailUrl":"https:\/\/er7k5njc6uc.exactdn.com\/wp-content\/uploads\/2022\/06\/Flugzeugcharter-Corporate-Shuttle-scaled.jpg?strip=all&lossy=1&ssl=1","datePublished":"2022-06-21T08:29:51+00:00","dateModified":"2022-06-21T08:31:51+00:00","description":"Service, Servizio,Le nostre navette aziendali per il noleggio di aerei vi offrono soluzioni su misura con il massimo livello di comfort. Rilassato \u2714\ufe0f Sicuro \u2714\ufe0f Risparmio di tempo \u2714\ufe0f | PASflights","breadcrumb":{"@id":"https:\/\/pas.websitehelden.net\/it\/servizi-su-misura-jet-privati\/lo-shuttle-aziendale\/#breadcrumb"},"inLanguage":"it-IT","potentialAction":[{"@type":"ReadAction","target":["https:\/\/pas.websitehelden.net\/it\/servizi-su-misura-jet-privati\/lo-shuttle-aziendale\/"]}]},{"@type":"ImageObject","inLanguage":"it-IT","@id":"https:\/\/pas.websitehelden.net\/it\/servizi-su-misura-jet-privati\/lo-shuttle-aziendale\/#primaryimage","url":"https:\/\/er7k5njc6uc.exactdn.com\/wp-content\/uploads\/2022\/06\/Flugzeugcharter-Corporate-Shuttle-scaled.jpg?strip=all&lossy=1&ssl=1","contentUrl":"https:\/\/er7k5njc6uc.exactdn.com\/wp-content\/uploads\/2022\/06\/Flugzeugcharter-Corporate-Shuttle-scaled.jpg?strip=all&lossy=1&ssl=1","width":2560,"height":733},{"@type":"BreadcrumbList","@id":"https:\/\/pas.websitehelden.net\/it\/servizi-su-misura-jet-privati\/lo-shuttle-aziendale\/#breadcrumb","itemListElement":[{"@type":"ListItem","position":1,"name":"Startseite","item":"https:\/\/pas.websitehelden.net\/it\/"},{"@type":"ListItem","position":2,"name":"Servizi","item":"https:\/\/pas.websitehelden.net\/it\/servizi-su-misura-jet-privati\/"},{"@type":"ListItem","position":3,"name":"Lo Shuttle aziendale"}]},{"@type":"WebSite","@id":"https:\/\/pas.websitehelden.net\/it\/#website","url":"https:\/\/pas.websitehelden.net\/it\/","name":"Pasflights","description":"Eine weitere WordPress-Website","potentialAction":[{"@type":"SearchAction","target":{"@type":"EntryPoint","urlTemplate":"https:\/\/pas.websitehelden.net\/it\/?s={search_term_string}"},"query-input":{"@type":"PropertyValueSpecification","valueRequired":true,"valueName":"search_term_string"}}],"inLanguage":"it-IT"}]}},"_links":{"self":[{"href":"https:\/\/pas.websitehelden.net\/it\/wp-json\/wp\/v2\/pages\/8335","targetHints":{"allow":["GET"]}}],"collection":[{"href":"https:\/\/pas.websitehelden.net\/it\/wp-json\/wp\/v2\/pages"}],"about":[{"href":"https:\/\/pas.websitehelden.net\/it\/wp-json\/wp\/v2\/types\/page"}],"author":[{"embeddable":true,"href":"https:\/\/pas.websitehelden.net\/it\/wp-json\/wp\/v2\/users\/5"}],"replies":[{"embeddable":true,"href":"https:\/\/pas.websitehelden.net\/it\/wp-json\/wp\/v2\/comments?post=8335"}],"version-history":[{"count":0,"href":"https:\/\/pas.websitehelden.net\/it\/wp-json\/wp\/v2\/pages\/8335\/revisions"}],"up":[{"embeddable":true,"href":"https:\/\/pas.websitehelden.net\/it\/wp-json\/wp\/v2\/pages\/3865"}],"wp:featuredmedia":[{"embeddable":true,"href":"https:\/\/pas.websitehelden.net\/it\/wp-json\/wp\/v2\/media\/8341"}],"wp:attachment":[{"href":"https:\/\/pas.websitehelden.net\/it\/wp-json\/wp\/v2\/media?parent=8335"}],"wp:term":[{"taxonomy":"category","embeddable":true,"href":"https:\/\/pas.websitehelden.net\/it\/wp-json\/wp\/v2\/categories?post=8335"},{"taxonomy":"post_tag","embeddable":true,"href":"https:\/\/pas.websitehelden.net\/it\/wp-json\/wp\/v2\/tags?post=8335"}],"curies":[{"name":"wp","href":"https:\/\/api.w.org\/{rel}","templated":true}]}}