{"id":7158,"date":"2022-05-16T15:30:31","date_gmt":"2022-05-16T13:30:31","guid":{"rendered":"https:\/\/www.pasflights.com\/?page_id=7158"},"modified":"2023-07-19T10:15:02","modified_gmt":"2023-07-19T08:15:02","slug":"i-nostri-partner-sport","status":"publish","type":"page","link":"https:\/\/pas.websitehelden.net\/it\/soluzioni-volo-personalizzate\/i-nostri-partner-sport\/","title":{"rendered":"I nostri partner \u2013  Sport"},"content":{"rendered":"\t\t<div data-elementor-type=\"wp-page\" data-elementor-id=\"7158\" class=\"elementor elementor-7158 elementor-7156\" data-elementor-post-type=\"page\">\n\t\t\t\t\t\t<section class=\"elementor-section elementor-top-section elementor-element elementor-element-b30d770 elementor-section-full_width elementor-section-height-default elementor-section-height-default\" data-id=\"b30d770\" data-element_type=\"section\">\n\t\t\t\t\t\t<div class=\"elementor-container elementor-column-gap-default\">\n\t\t\t\t\t<div class=\"elementor-column elementor-col-100 elementor-top-column elementor-element elementor-element-0561763\" data-id=\"0561763\" data-element_type=\"column\">\n\t\t\t<div class=\"elementor-widget-wrap elementor-element-populated\">\n\t\t\t\t\t\t<div class=\"elementor-element elementor-element-166e13d elementor-widget elementor-widget-shortcode\" data-id=\"166e13d\" data-element_type=\"widget\" data-widget_type=\"shortcode.default\">\n\t\t\t\t<div class=\"elementor-widget-container\">\n\t\t\t\t\t\t\t<div class=\"elementor-shortcode\">\t\t<div data-elementor-type=\"section\" data-elementor-id=\"7115\" class=\"elementor elementor-7115\" data-elementor-post-type=\"elementor_library\">\n\t\t\t\t\t<section class=\"elementor-section elementor-top-section elementor-element elementor-element-e9198e2 elementor-section-boxed elementor-section-height-default elementor-section-height-default\" data-id=\"e9198e2\" data-element_type=\"section\">\n\t\t\t\t\t\t<div class=\"elementor-container elementor-column-gap-default\">\n\t\t\t\t\t<div class=\"elementor-column elementor-col-100 elementor-top-column elementor-element elementor-element-411ded3\" data-id=\"411ded3\" data-element_type=\"column\">\n\t\t\t<div class=\"elementor-widget-wrap elementor-element-populated\">\n\t\t\t\t\t\t<div class=\"elementor-element elementor-element-a11fd2b elementor-nav-menu__align-center elementor-nav-menu--dropdown-none elementor-widget elementor-widget-nav-menu\" data-id=\"a11fd2b\" data-element_type=\"widget\" data-settings=\"{&quot;layout&quot;:&quot;horizontal&quot;,&quot;submenu_icon&quot;:{&quot;value&quot;:&quot;&lt;i class=\\&quot;fas fa-caret-down\\&quot; aria-hidden=\\&quot;true\\&quot;&gt;&lt;\\\/i&gt;&quot;,&quot;library&quot;:&quot;fa-solid&quot;}}\" data-widget_type=\"nav-menu.default\">\n\t\t\t\t<div class=\"elementor-widget-container\">\n\t\t\t\t\t\t\t\t<nav aria-label=\"Menu\" class=\"elementor-nav-menu--main elementor-nav-menu__container elementor-nav-menu--layout-horizontal e--pointer-none\">\n\t\t\t\t<ul id=\"menu-1-a11fd2b\" class=\"elementor-nav-menu\"><li class=\"menu-item menu-item-type-post_type menu-item-object-page menu-item-7360\"><a href=\"https:\/\/pas.websitehelden.net\/it\/soluzioni-volo-personalizzate\/i-nostri-partner\/\" class=\"elementor-item\">Tutti<\/a><\/li>\n<li class=\"menu-item menu-item-type-post_type menu-item-object-page menu-item-7359\"><a href=\"https:\/\/pas.websitehelden.net\/it\/soluzioni-volo-personalizzate\/i-nostri-partner-hotellerie\/\" class=\"elementor-item\">H\u00f4tellerie<\/a><\/li>\n<li class=\"menu-item menu-item-type-post_type menu-item-object-page menu-item-7358\"><a href=\"https:\/\/pas.websitehelden.net\/it\/soluzioni-volo-personalizzate\/i-nostri-partner-compagnie-di-viaggio\/\" class=\"elementor-item\">Compagnie di Viaggio<\/a><\/li>\n<li class=\"menu-item menu-item-type-post_type menu-item-object-page menu-item-7357\"><a href=\"https:\/\/pas.websitehelden.net\/it\/soluzioni-volo-personalizzate\/i-nostri-partner-sport\/\" class=\"elementor-item\">Sport<\/a><\/li>\n<li class=\"menu-item menu-item-type-post_type menu-item-object-page menu-item-7356\"><a href=\"https:\/\/pas.websitehelden.net\/it\/soluzioni-volo-personalizzate\/i-nostri-partner-trasporti\/\" class=\"elementor-item\">Trasporti<\/a><\/li>\n<\/ul>\t\t\t<\/nav>\n\t\t\t\t\t\t<nav class=\"elementor-nav-menu--dropdown elementor-nav-menu__container\" aria-hidden=\"true\">\n\t\t\t\t<ul id=\"menu-2-a11fd2b\" class=\"elementor-nav-menu\"><li class=\"menu-item menu-item-type-post_type menu-item-object-page menu-item-7360\"><a href=\"https:\/\/pas.websitehelden.net\/it\/soluzioni-volo-personalizzate\/i-nostri-partner\/\" class=\"elementor-item\" tabindex=\"-1\">Tutti<\/a><\/li>\n<li class=\"menu-item menu-item-type-post_type menu-item-object-page menu-item-7359\"><a href=\"https:\/\/pas.websitehelden.net\/it\/soluzioni-volo-personalizzate\/i-nostri-partner-hotellerie\/\" class=\"elementor-item\" tabindex=\"-1\">H\u00f4tellerie<\/a><\/li>\n<li class=\"menu-item menu-item-type-post_type menu-item-object-page menu-item-7358\"><a href=\"https:\/\/pas.websitehelden.net\/it\/soluzioni-volo-personalizzate\/i-nostri-partner-compagnie-di-viaggio\/\" class=\"elementor-item\" tabindex=\"-1\">Compagnie di Viaggio<\/a><\/li>\n<li class=\"menu-item menu-item-type-post_type menu-item-object-page menu-item-7357\"><a href=\"https:\/\/pas.websitehelden.net\/it\/soluzioni-volo-personalizzate\/i-nostri-partner-sport\/\" class=\"elementor-item\" tabindex=\"-1\">Sport<\/a><\/li>\n<li class=\"menu-item menu-item-type-post_type menu-item-object-page menu-item-7356\"><a href=\"https:\/\/pas.websitehelden.net\/it\/soluzioni-volo-personalizzate\/i-nostri-partner-trasporti\/\" class=\"elementor-item\" tabindex=\"-1\">Trasporti<\/a><\/li>\n<\/ul>\t\t\t<\/nav>\n\t\t\t\t\t\t<\/div>\n\t\t\t\t<\/div>\n\t\t\t\t\t<\/div>\n\t\t<\/div>\n\t\t\t\t\t<\/div>\n\t\t<\/section>\n\t\t\t\t<\/div>\n\t\t<\/div>\n\t\t\t\t\t\t<\/div>\n\t\t\t\t<\/div>\n\t\t\t\t\t<\/div>\n\t\t<\/div>\n\t\t\t\t\t<\/div>\n\t\t<\/section>\n\t\t\t\t<section class=\"elementor-section elementor-top-section elementor-element elementor-element-2db0ab1 elementor-section-full_width elementor-section-height-default elementor-section-height-default\" data-id=\"2db0ab1\" data-element_type=\"section\">\n\t\t\t\t\t\t<div class=\"elementor-container elementor-column-gap-default\">\n\t\t\t\t\t<div class=\"elementor-column elementor-col-50 elementor-top-column elementor-element elementor-element-54072b3\" data-id=\"54072b3\" data-element_type=\"column\">\n\t\t\t<div class=\"elementor-widget-wrap elementor-element-populated\">\n\t\t\t\t\t\t<div class=\"elementor-element elementor-element-63759f3 elementor-widget elementor-widget-image\" data-id=\"63759f3\" data-element_type=\"widget\" data-widget_type=\"image.default\">\n\t\t\t\t<div class=\"elementor-widget-container\">\n\t\t\t\t\t\t\t\t\t\t\t\t\t\t\t<img fetchpriority=\"high\" decoding=\"async\" width=\"1024\" height=\"724\" src=\"https:\/\/er7k5njc6uc.exactdn.com\/wp-content\/uploads\/2022\/11\/Logo-HH-de-1024x724.jpg?strip=all&amp;lossy=1&amp;ssl=1\" class=\"attachment-large size-large wp-image-10150\" alt=\"\" srcset=\"https:\/\/er7k5njc6uc.exactdn.com\/wp-content\/uploads\/2022\/11\/Logo-HH-de-1024x724.jpg?strip=all&amp;lossy=1&amp;ssl=1 1024w, https:\/\/er7k5njc6uc.exactdn.com\/wp-content\/uploads\/2022\/11\/Logo-HH-de-300x212.jpg?strip=all&amp;lossy=1&amp;ssl=1 300w, https:\/\/er7k5njc6uc.exactdn.com\/wp-content\/uploads\/2022\/11\/Logo-HH-de-768x543.jpg?strip=all&amp;lossy=1&amp;ssl=1 768w, https:\/\/er7k5njc6uc.exactdn.com\/wp-content\/uploads\/2022\/11\/Logo-HH-de.jpg?strip=all&amp;lossy=1&amp;ssl=1 1346w, https:\/\/er7k5njc6uc.exactdn.com\/wp-content\/uploads\/2022\/11\/Logo-HH-de.jpg?strip=all&amp;lossy=1&amp;w=538&amp;ssl=1 538w, https:\/\/er7k5njc6uc.exactdn.com\/wp-content\/uploads\/2022\/11\/Logo-HH-de.jpg?strip=all&amp;lossy=1&amp;w=1076&amp;ssl=1 1076w\" sizes=\"(max-width: 1024px) 100vw, 1024px\" \/>\t\t\t\t\t\t\t\t\t\t\t\t\t\t\t<\/div>\n\t\t\t\t<\/div>\n\t\t\t\t<div class=\"elementor-element elementor-element-b7cf4e1 elementor-cta--valign-top ctabox elementor-cta--skin-classic elementor-animated-content elementor-bg-transform elementor-bg-transform-zoom-in elementor-widget elementor-widget-call-to-action\" data-id=\"b7cf4e1\" data-element_type=\"widget\" data-widget_type=\"call-to-action.default\">\n\t\t\t\t<div class=\"elementor-widget-container\">\n\t\t\t\t\t\t\t<div class=\"elementor-cta\">\n\t\t\t\t\t\t\t<div class=\"elementor-cta__content\">\n\t\t\t\t\n\t\t\t\t\t\t\t\t\t<h3 class=\"elementor-cta__title elementor-cta__content-item elementor-content-item\">\n\t\t\t\t\t\tAl sito web\t\t\t\t\t<\/h3>\n\t\t\t\t\n\t\t\t\t\t\t\t\t\t<div class=\"elementor-cta__description elementor-cta__content-item elementor-content-item\">\n\t\t\t\t\t\t<p>Al sito web<\/p>\n\t\t\t\t\t<\/div>\n\t\t\t\t\n\t\t\t\t\t\t\t\t\t<div class=\"elementor-cta__button-wrapper elementor-cta__content-item elementor-content-item \">\n\t\t\t\t\t<a class=\"elementor-cta__button elementor-button elementor-size-\" href=\"https:\/\/www.holger-hetzel.com\/\" target=\"_blank\">\n\t\t\t\t\t\tVisita il sito web\t\t\t\t\t<\/a>\n\t\t\t\t\t<\/div>\n\t\t\t\t\t\t\t<\/div>\n\t\t\t\t\t\t<\/div>\n\t\t\t\t\t\t<\/div>\n\t\t\t\t<\/div>\n\t\t\t\t\t<\/div>\n\t\t<\/div>\n\t\t\t\t<div class=\"elementor-column elementor-col-50 elementor-top-column elementor-element elementor-element-b27bdb0\" data-id=\"b27bdb0\" data-element_type=\"column\">\n\t\t\t<div class=\"elementor-widget-wrap elementor-element-populated\">\n\t\t\t\t\t\t<div class=\"elementor-element elementor-element-5a9d0bb elementor-widget elementor-widget-heading\" data-id=\"5a9d0bb\" data-element_type=\"widget\" data-widget_type=\"heading.default\">\n\t\t\t\t<div class=\"elementor-widget-container\">\n\t\t\t\t\t<span class=\"elementor-heading-title elementor-size-default\">Hetzel Horses<\/span>\t\t\t\t<\/div>\n\t\t\t\t<\/div>\n\t\t\t\t<div class=\"elementor-element elementor-element-2ac82d6 elementor-widget elementor-widget-heading\" data-id=\"2ac82d6\" data-element_type=\"widget\" data-widget_type=\"heading.default\">\n\t\t\t\t<div class=\"elementor-widget-container\">\n\t\t\t\t\t<h2 class=\"elementor-heading-title elementor-size-default\">Hetzel Horses<\/h2>\t\t\t\t<\/div>\n\t\t\t\t<\/div>\n\t\t\t\t<div class=\"elementor-element elementor-element-32bdb68 elementor-widget elementor-widget-text-editor\" data-id=\"32bdb68\" data-element_type=\"widget\" data-widget_type=\"text-editor.default\">\n\t\t\t\t<div class=\"elementor-widget-container\">\n\t\t\t\t\t\t\t\t\t<p><em>PAS \u2013 Professional Aviation Solutions e l&#8217;imprenditore Holger Hetzel di Hetzel Horses uniscono le forze per creare nuove ed interessanti sinergie, nel nome dei principi e dei punti di forza che li accomunano e li rendono grandi.<\/em><\/p><p><em>Con il comune obiettivo di offrire ai clienti il miglior servizio sul mercato e creare valore aggiunto per entrambe le parti, PAS \u2013 Professional Aviation Solutions ha scelto di siglare un nuovo accordo di partnership con la prestigiosa compagnia Hetzel Horses, centro sportivo equestre di fama<\/em><\/p><p><em>Il centro ippico \u00e8 noto a livello internazionale per le sue competenze chiave e la sua indiscussa professionalit\u00e0. Holger Hetzel, atleta tedesco di concorsi ippici e fondatore del centro sportivo Hetzel Horses, ha sempre a disposizione 25 talentuosi cavalli in vendita nella sua scuderia, addestrati nel salto ad ostacoli di tutti i livelli. Inoltre, il Team di Hetzel Horses organizza concorsi e aste di salto ad ostacoli, a cui partecipano fantini d&#8217;\u00e9lite e acquirenti di cavalli da tutto il mondo. &#8220;Siamo sempre alla ricerca di modalit\u00e0 per incrementare la qualit\u00e0 dei servizi e la raffinatezza delle proposte che forniamo ai clienti di tutto il mondo&#8221;, ci dice Holger Hetzel. Secondo la sua opinione, un viaggio rapido e conveniente \u00e8 particolarmente importante quando ci si prepara all\u2019acquisto di un cavallo. &#8220;Con PAS \u2013 Professional Aviation Solutions, abbiamo l\u2019opportunit\u00e0 di offrire ai nostri clienti un servizio esclusivo e professionale grazie alla sua grande esperienza nel settore dell\u2019aviazione&#8221; prosegue l\u2019atleta della Coppa delle Nazioni, \u201cD&#8217;ora in poi, i nostri clienti non dovranno pi\u00f9 preoccuparsi di raggiungere da soli la struttura equestre. \u201cPotranno arrivare in modo rapido ed efficiente con il supporto di PAS \u2013 Professional Aviation Solutions e dei suoi voli charter per l&#8217;aeroporto di Weeze.\u201d<\/em><\/p><p><em>&#8220;Hetzel Horses e PAS condividono valori comuni&#8221;, afferma Birte Kipke, amministratore delegato di PAS \u2013 Professional Aviation Solutions. &#8220;Lavoriamo con professionalit\u00e0 e seriet\u00e0 nelle nostre aree di competenza ed entrambi offriamo un alto livello di qualit\u00e0 del servizio&#8221;. &#8220;Anche il gruppo target a cui ci rivolgiamo accomuna i nuovi partner. Serviamo molte aziende e clienti privati, cos\u00ec come Hetzel Horses&#8221;, conclude.<\/em><\/p><p><em>La partnership tra PAS \u2013 Professional Aviation Solutions e Hetzel Horses nasce con l\u2019obiettivo comune di offrire ai clienti il miglior servizio sul mercato e creare valore aggiunto per entrambe le parti, attraverso nuove ed interessanti sinergie all\u2019insegna dell\u2019eleganza, professionalit\u00e0 ed eccellenza e nel nome dei valori che caratterizzano entrambe le compagnie.<\/em><\/p>\t\t\t\t\t\t\t\t<\/div>\n\t\t\t\t<\/div>\n\t\t\t\t\t<\/div>\n\t\t<\/div>\n\t\t\t\t\t<\/div>\n\t\t<\/section>\n\t\t\t\t<\/div>\n\t\t","protected":false},"excerpt":{"rendered":"<p>Al sito web Al sito web Visita il sito web Hetzel Horses Hetzel Horses PAS \u2013 Professional Aviation Solutions e l&#8217;imprenditore Holger Hetzel di Hetzel Horses uniscono le forze per creare nuove ed interessanti sinergie, nel nome dei principi e dei punti di forza che li accomunano e li rendono grandi. Con il comune obiettivo [&hellip;]<\/p>\n","protected":false},"author":1,"featured_media":3690,"parent":3889,"menu_order":0,"comment_status":"closed","ping_status":"closed","template":"","meta":{"_acf_changed":false,"footnotes":""},"categories":[],"tags":[],"class_list":["post-7158","page","type-page","status-publish","has-post-thumbnail","hentry"],"acf":[],"yoast_head":"<!-- This site is optimized with the Yoast SEO plugin v27.4 - https:\/\/yoast.com\/product\/yoast-seo-wordpress\/ -->\n<title>I nostri partner sportivi - cooperazione con i club<\/title>\n<meta name=\"description\" content=\"Scoprite qui le nostre partnership e collaborazioni con rinomate societ\u00e0 calcistiche italiane - CROTONE F.C. \u2714 SPAL \u2714 L.R. Vicenza \u2714 | pasflights\" \/>\n<meta name=\"robots\" content=\"index, follow, max-snippet:-1, max-image-preview:large, max-video-preview:-1\" \/>\n<link rel=\"canonical\" href=\"https:\/\/pas.websitehelden.net\/it\/soluzioni-volo-personalizzate\/i-nostri-partner-sport\/\" \/>\n<meta property=\"og:locale\" content=\"it_IT\" \/>\n<meta property=\"og:type\" content=\"article\" \/>\n<meta property=\"og:title\" content=\"I nostri partner sportivi - cooperazione con i club\" \/>\n<meta property=\"og:description\" content=\"Scoprite qui le nostre partnership e collaborazioni con rinomate societ\u00e0 calcistiche italiane - CROTONE F.C. \u2714 SPAL \u2714 L.R. Vicenza \u2714 | pasflights\" \/>\n<meta property=\"og:url\" content=\"https:\/\/pas.websitehelden.net\/it\/soluzioni-volo-personalizzate\/i-nostri-partner-sport\/\" \/>\n<meta property=\"og:site_name\" content=\"Pasflights\" \/>\n<meta property=\"article:modified_time\" content=\"2023-07-19T08:15:02+00:00\" \/>\n<meta property=\"og:image\" content=\"https:\/\/er7k5njc6uc.exactdn.com\/wp-content\/uploads\/2021\/12\/24-7-support-banner-scaled.jpg?strip=all&lossy=1&ssl=1\" \/>\n\t<meta property=\"og:image:width\" content=\"2560\" \/>\n\t<meta property=\"og:image:height\" content=\"877\" \/>\n\t<meta property=\"og:image:type\" content=\"image\/jpeg\" \/>\n<meta name=\"twitter:card\" content=\"summary_large_image\" \/>\n<meta name=\"twitter:label1\" content=\"Est. reading time\" \/>\n\t<meta name=\"twitter:data1\" content=\"3 minutes\" \/>\n<script type=\"application\/ld+json\" class=\"yoast-schema-graph\">{\"@context\":\"https:\\\/\\\/schema.org\",\"@graph\":[{\"@type\":\"WebPage\",\"@id\":\"https:\\\/\\\/pas.websitehelden.net\\\/it\\\/soluzioni-volo-personalizzate\\\/i-nostri-partner-sport\\\/\",\"url\":\"https:\\\/\\\/pas.websitehelden.net\\\/it\\\/soluzioni-volo-personalizzate\\\/i-nostri-partner-sport\\\/\",\"name\":\"I nostri partner sportivi - cooperazione con i club\",\"isPartOf\":{\"@id\":\"https:\\\/\\\/pas.websitehelden.net\\\/it\\\/#website\"},\"primaryImageOfPage\":{\"@id\":\"https:\\\/\\\/pas.websitehelden.net\\\/it\\\/soluzioni-volo-personalizzate\\\/i-nostri-partner-sport\\\/#primaryimage\"},\"image\":{\"@id\":\"https:\\\/\\\/pas.websitehelden.net\\\/it\\\/soluzioni-volo-personalizzate\\\/i-nostri-partner-sport\\\/#primaryimage\"},\"thumbnailUrl\":\"https:\\\/\\\/er7k5njc6uc.exactdn.com\\\/wp-content\\\/uploads\\\/2021\\\/12\\\/24-7-support-banner-scaled.jpg?strip=all&lossy=1&ssl=1\",\"datePublished\":\"2022-05-16T13:30:31+00:00\",\"dateModified\":\"2023-07-19T08:15:02+00:00\",\"description\":\"Scoprite qui le nostre partnership e collaborazioni con rinomate societ\u00e0 calcistiche italiane - CROTONE F.C. \u2714 SPAL \u2714 L.R. Vicenza \u2714 | pasflights\",\"breadcrumb\":{\"@id\":\"https:\\\/\\\/pas.websitehelden.net\\\/it\\\/soluzioni-volo-personalizzate\\\/i-nostri-partner-sport\\\/#breadcrumb\"},\"inLanguage\":\"it-IT\",\"potentialAction\":[{\"@type\":\"ReadAction\",\"target\":[\"https:\\\/\\\/pas.websitehelden.net\\\/it\\\/soluzioni-volo-personalizzate\\\/i-nostri-partner-sport\\\/\"]}]},{\"@type\":\"ImageObject\",\"inLanguage\":\"it-IT\",\"@id\":\"https:\\\/\\\/pas.websitehelden.net\\\/it\\\/soluzioni-volo-personalizzate\\\/i-nostri-partner-sport\\\/#primaryimage\",\"url\":\"https:\\\/\\\/er7k5njc6uc.exactdn.com\\\/wp-content\\\/uploads\\\/2021\\\/12\\\/24-7-support-banner-scaled.jpg?strip=all&lossy=1&ssl=1\",\"contentUrl\":\"https:\\\/\\\/er7k5njc6uc.exactdn.com\\\/wp-content\\\/uploads\\\/2021\\\/12\\\/24-7-support-banner-scaled.jpg?strip=all&lossy=1&ssl=1\",\"width\":2560,\"height\":877},{\"@type\":\"BreadcrumbList\",\"@id\":\"https:\\\/\\\/pas.websitehelden.net\\\/it\\\/soluzioni-volo-personalizzate\\\/i-nostri-partner-sport\\\/#breadcrumb\",\"itemListElement\":[{\"@type\":\"ListItem\",\"position\":1,\"name\":\"Startseite\",\"item\":\"https:\\\/\\\/pas.websitehelden.net\\\/it\\\/\"},{\"@type\":\"ListItem\",\"position\":2,\"name\":\"Chi siamo\",\"item\":\"https:\\\/\\\/pas.websitehelden.net\\\/it\\\/soluzioni-volo-personalizzate\\\/\"},{\"@type\":\"ListItem\",\"position\":3,\"name\":\"I nostri partner \u2013 Sport\"}]},{\"@type\":\"WebSite\",\"@id\":\"https:\\\/\\\/pas.websitehelden.net\\\/it\\\/#website\",\"url\":\"https:\\\/\\\/pas.websitehelden.net\\\/it\\\/\",\"name\":\"Pasflights\",\"description\":\"Eine weitere WordPress-Website\",\"potentialAction\":[{\"@type\":\"SearchAction\",\"target\":{\"@type\":\"EntryPoint\",\"urlTemplate\":\"https:\\\/\\\/pas.websitehelden.net\\\/it\\\/?s={search_term_string}\"},\"query-input\":{\"@type\":\"PropertyValueSpecification\",\"valueRequired\":true,\"valueName\":\"search_term_string\"}}],\"inLanguage\":\"it-IT\"}]}<\/script>\n<!-- \/ Yoast SEO plugin. -->","yoast_head_json":{"title":"I nostri partner sportivi - cooperazione con i club","description":"Scoprite qui le nostre partnership e collaborazioni con rinomate societ\u00e0 calcistiche italiane - CROTONE F.C. \u2714 SPAL \u2714 L.R. Vicenza \u2714 | pasflights","robots":{"index":"index","follow":"follow","max-snippet":"max-snippet:-1","max-image-preview":"max-image-preview:large","max-video-preview":"max-video-preview:-1"},"canonical":"https:\/\/pas.websitehelden.net\/it\/soluzioni-volo-personalizzate\/i-nostri-partner-sport\/","og_locale":"it_IT","og_type":"article","og_title":"I nostri partner sportivi - cooperazione con i club","og_description":"Scoprite qui le nostre partnership e collaborazioni con rinomate societ\u00e0 calcistiche italiane - CROTONE F.C. \u2714 SPAL \u2714 L.R. Vicenza \u2714 | pasflights","og_url":"https:\/\/pas.websitehelden.net\/it\/soluzioni-volo-personalizzate\/i-nostri-partner-sport\/","og_site_name":"Pasflights","article_modified_time":"2023-07-19T08:15:02+00:00","og_image":[{"width":2560,"height":877,"url":"https:\/\/er7k5njc6uc.exactdn.com\/wp-content\/uploads\/2021\/12\/24-7-support-banner-scaled.jpg?strip=all&lossy=1&ssl=1","type":"image\/jpeg"}],"twitter_card":"summary_large_image","twitter_misc":{"Est. reading time":"3 minutes"},"schema":{"@context":"https:\/\/schema.org","@graph":[{"@type":"WebPage","@id":"https:\/\/pas.websitehelden.net\/it\/soluzioni-volo-personalizzate\/i-nostri-partner-sport\/","url":"https:\/\/pas.websitehelden.net\/it\/soluzioni-volo-personalizzate\/i-nostri-partner-sport\/","name":"I nostri partner sportivi - cooperazione con i club","isPartOf":{"@id":"https:\/\/pas.websitehelden.net\/it\/#website"},"primaryImageOfPage":{"@id":"https:\/\/pas.websitehelden.net\/it\/soluzioni-volo-personalizzate\/i-nostri-partner-sport\/#primaryimage"},"image":{"@id":"https:\/\/pas.websitehelden.net\/it\/soluzioni-volo-personalizzate\/i-nostri-partner-sport\/#primaryimage"},"thumbnailUrl":"https:\/\/er7k5njc6uc.exactdn.com\/wp-content\/uploads\/2021\/12\/24-7-support-banner-scaled.jpg?strip=all&lossy=1&ssl=1","datePublished":"2022-05-16T13:30:31+00:00","dateModified":"2023-07-19T08:15:02+00:00","description":"Scoprite qui le nostre partnership e collaborazioni con rinomate societ\u00e0 calcistiche italiane - CROTONE F.C. \u2714 SPAL \u2714 L.R. Vicenza \u2714 | pasflights","breadcrumb":{"@id":"https:\/\/pas.websitehelden.net\/it\/soluzioni-volo-personalizzate\/i-nostri-partner-sport\/#breadcrumb"},"inLanguage":"it-IT","potentialAction":[{"@type":"ReadAction","target":["https:\/\/pas.websitehelden.net\/it\/soluzioni-volo-personalizzate\/i-nostri-partner-sport\/"]}]},{"@type":"ImageObject","inLanguage":"it-IT","@id":"https:\/\/pas.websitehelden.net\/it\/soluzioni-volo-personalizzate\/i-nostri-partner-sport\/#primaryimage","url":"https:\/\/er7k5njc6uc.exactdn.com\/wp-content\/uploads\/2021\/12\/24-7-support-banner-scaled.jpg?strip=all&lossy=1&ssl=1","contentUrl":"https:\/\/er7k5njc6uc.exactdn.com\/wp-content\/uploads\/2021\/12\/24-7-support-banner-scaled.jpg?strip=all&lossy=1&ssl=1","width":2560,"height":877},{"@type":"BreadcrumbList","@id":"https:\/\/pas.websitehelden.net\/it\/soluzioni-volo-personalizzate\/i-nostri-partner-sport\/#breadcrumb","itemListElement":[{"@type":"ListItem","position":1,"name":"Startseite","item":"https:\/\/pas.websitehelden.net\/it\/"},{"@type":"ListItem","position":2,"name":"Chi siamo","item":"https:\/\/pas.websitehelden.net\/it\/soluzioni-volo-personalizzate\/"},{"@type":"ListItem","position":3,"name":"I nostri partner \u2013 Sport"}]},{"@type":"WebSite","@id":"https:\/\/pas.websitehelden.net\/it\/#website","url":"https:\/\/pas.websitehelden.net\/it\/","name":"Pasflights","description":"Eine weitere WordPress-Website","potentialAction":[{"@type":"SearchAction","target":{"@type":"EntryPoint","urlTemplate":"https:\/\/pas.websitehelden.net\/it\/?s={search_term_string}"},"query-input":{"@type":"PropertyValueSpecification","valueRequired":true,"valueName":"search_term_string"}}],"inLanguage":"it-IT"}]}},"_links":{"self":[{"href":"https:\/\/pas.websitehelden.net\/it\/wp-json\/wp\/v2\/pages\/7158","targetHints":{"allow":["GET"]}}],"collection":[{"href":"https:\/\/pas.websitehelden.net\/it\/wp-json\/wp\/v2\/pages"}],"about":[{"href":"https:\/\/pas.websitehelden.net\/it\/wp-json\/wp\/v2\/types\/page"}],"author":[{"embeddable":true,"href":"https:\/\/pas.websitehelden.net\/it\/wp-json\/wp\/v2\/users\/1"}],"replies":[{"embeddable":true,"href":"https:\/\/pas.websitehelden.net\/it\/wp-json\/wp\/v2\/comments?post=7158"}],"version-history":[{"count":0,"href":"https:\/\/pas.websitehelden.net\/it\/wp-json\/wp\/v2\/pages\/7158\/revisions"}],"up":[{"embeddable":true,"href":"https:\/\/pas.websitehelden.net\/it\/wp-json\/wp\/v2\/pages\/3889"}],"wp:featuredmedia":[{"embeddable":true,"href":"https:\/\/pas.websitehelden.net\/it\/wp-json\/wp\/v2\/media\/3690"}],"wp:attachment":[{"href":"https:\/\/pas.websitehelden.net\/it\/wp-json\/wp\/v2\/media?parent=7158"}],"wp:term":[{"taxonomy":"category","embeddable":true,"href":"https:\/\/pas.websitehelden.net\/it\/wp-json\/wp\/v2\/categories?post=7158"},{"taxonomy":"post_tag","embeddable":true,"href":"https:\/\/pas.websitehelden.net\/it\/wp-json\/wp\/v2\/tags?post=7158"}],"curies":[{"name":"wp","href":"https:\/\/api.w.org\/{rel}","templated":true}]}}