{"id":6972,"date":"2022-03-06T10:45:27","date_gmt":"2022-03-06T09:45:27","guid":{"rendered":"https:\/\/www.pasflights.com\/?page_id=6972"},"modified":"2022-05-09T08:53:24","modified_gmt":"2022-05-09T06:53:24","slug":"empty-legs","status":"publish","type":"page","link":"https:\/\/pas.websitehelden.net\/it\/empty-legs\/","title":{"rendered":"Empty legs"},"content":{"rendered":"\t\t<div data-elementor-type=\"wp-page\" data-elementor-id=\"6972\" class=\"elementor elementor-6972 elementor-6970\" data-elementor-post-type=\"page\">\n\t\t\t\t\t\t<section class=\"elementor-section elementor-top-section elementor-element elementor-element-79c5772 elementor-section-boxed elementor-section-height-default elementor-section-height-default\" data-id=\"79c5772\" data-element_type=\"section\">\n\t\t\t\t\t\t<div class=\"elementor-container elementor-column-gap-default\">\n\t\t\t\t\t<div class=\"elementor-column elementor-col-100 elementor-top-column elementor-element elementor-element-bd3d4f4\" data-id=\"bd3d4f4\" data-element_type=\"column\">\n\t\t\t<div class=\"elementor-widget-wrap elementor-element-populated\">\n\t\t\t\t\t\t<div class=\"elementor-element elementor-element-64cbe34 elementor-widget elementor-widget-heading\" data-id=\"64cbe34\" data-element_type=\"widget\" data-widget_type=\"heading.default\">\n\t\t\t\t<div class=\"elementor-widget-container\">\n\t\t\t\t\t<h1 class=\"elementor-heading-title elementor-size-default\">Scegliete un volo Empty Leg e volerete a prezzi esclusivi<\/h1>\t\t\t\t<\/div>\n\t\t\t\t<\/div>\n\t\t\t\t<div class=\"elementor-element elementor-element-8e803ea elementor-widget elementor-widget-text-editor\" data-id=\"8e803ea\" data-element_type=\"widget\" data-widget_type=\"text-editor.default\">\n\t\t\t\t<div class=\"elementor-widget-container\">\n\t\t\t\t\t\t\t\t\t<p>Grazie ai jet privati, raggiungiamo gli ospiti esattamente dove desiderano e assicuriamo un processo di viaggio senza soste o interruzioni. Affinch\u00e9 un jet privato raggiunga la destinazione prefissata, spesso viaggia nella versione del cosiddetto \u201cEmpty Leg Flight\u201d, cio\u00e8 un \u201cvolo a vuoto\u201d, perch\u00e8 prenotato per un volo di sola andata. Per poter raggiungere i passeggeri che hanno prenotato un volo di sola andata, l&#8217;aereo inizialmente decolla come un volo vuoto, ovvero privo di passeggeri, e questo volo viene gi\u00e0 incluso da parte nostra nel calcolo della tariffa offerta. Questi voli Empty Legs presentano interessanti vantaggi per le loro tariffe davvero esclusive, che noi di <strong>PAS<\/strong>flights garantiamo a tutta la nostra clientela.<\/p><p>Se siete flessibili per quanto riguarda le date del volo e gli orari di partenza, la soluzione di un volo del tipo Empty Leg \u00e8 l\u2019opzione perfetta per voi! I brokers esperti di <strong>PAS<\/strong>flights monitorano il posizionamento dei voli 24 ore su 24, in modo da potervi offrire un vantaggio decisivo in termini di prezzo offerto quando noleggiate un \u00a0<a href=\"https:\/\/pas.websitehelden.net\/it\/noleggio-jet-privato\/\">jet privato<\/a>.<\/p>\t\t\t\t\t\t\t\t<\/div>\n\t\t\t\t<\/div>\n\t\t\t\t<div class=\"elementor-element elementor-element-f6e7923 elementor-widget elementor-widget-heading\" data-id=\"f6e7923\" data-element_type=\"widget\" data-widget_type=\"heading.default\">\n\t\t\t\t<div class=\"elementor-widget-container\">\n\t\t\t\t\t<h2 class=\"elementor-heading-title elementor-size-default\">Gli Empty Legs e i vantaggi offerti<\/h2>\t\t\t\t<\/div>\n\t\t\t\t<\/div>\n\t\t\t\t<div class=\"elementor-element elementor-element-6224003 elementor-widget elementor-widget-text-editor\" data-id=\"6224003\" data-element_type=\"widget\" data-widget_type=\"text-editor.default\">\n\t\t\t\t<div class=\"elementor-widget-container\">\n\t\t\t\t\t\t\t\t\t<p>Quando si prenotano voli privati, capita comunemente di noleggiare un aereo esclusivamente per una rotta specifica: il cosiddetto volo di sola andata. Questo determina che per quegli stessi passeggeri non sia necessario alcun volo di ritorno. Tuttavia, l&#8217;aereo e i piloti necessitano di rientrare presso l&#8217;aeroporto di partenza del proprio Paese. Questo volo di ritorno privo di passeggeri \u00e8 denominato \u201cEmpty Leg\u201d nel gergo proprio dei piloti e dell\u2019aviazione. Questo volo a vuoto genera l&#8217;opportunit\u00e0 di prenotare jet privati a tariffe particolarmente convenienti.<\/p><p>Anche quando i voli disponibili a bordo di Empty Legs non corrispondono esattamente alle vostre preferenze di viaggio, noi di <strong>PAS<\/strong>flights forniamo voli di posizionamento che subiscono delle opportune deviazioni sulla base delle vostre esigenze. Questo vi offre opzioni di prenotazione personalizzate con un vantaggio significativo in termini di costi. Sulla base delle vostre necessit\u00e0, infatti, concordiamo con la compagnia aerea la fermata aggiuntiva di un volo \u201cEmpty Leg\u201d, mantenendo i prezzi al di sotto delle tariffe standard per un volo charter ad-hoc, nonostante la deviazione richiesta in base alle vostre preferenze determini un tempo di volo pi\u00f9 lungo, cos\u00ec come carburante, tasse ed imposte maggiori.<\/p><p>L\u2019opzione aggiuntiva garantita dai voli Empty Legs \u00e8 un&#8217;offerta piuttosto comune ed apprezzata da molti dei nostri clienti, soprattutto per le tratte di lungo raggio e sta diventando sempre pi\u00f9 importante anche sui voli intraeuropei grazie ad un consumo maggiormente eco-sostenibile e ad un risparmio delle risorse.<\/p><p>La variet\u00e0 di offerte di Empty Legs \u00e8 quasi illimitata. Rotte, orari, modelli di aerei, intercontinentali o intraeuropei &#8211; con noi scoprirai numerose possibilit\u00e0 non solo per arrivare a destinazione senza stress e nel massimo comfort, ma anche per ricevere tariffe economicamente vantaggiose, oltre a contribuire a preservare l\u2019ambiente con scelte maggiormente eco-sostenibili. Cerchiamo sul mercato la disponibilit\u00e0 di voli Empty Legs che si adattino ai vostri piani di viaggio e negoziamo con cura le opportune deviazioni laddove richiesto.<\/p>\t\t\t\t\t\t\t\t<\/div>\n\t\t\t\t<\/div>\n\t\t\t\t<div class=\"elementor-element elementor-element-a7580d8 elementor-widget elementor-widget-heading\" data-id=\"a7580d8\" data-element_type=\"widget\" data-widget_type=\"heading.default\">\n\t\t\t\t<div class=\"elementor-widget-container\">\n\t\t\t\t\t<h3 class=\"elementor-heading-title elementor-size-default\">Voli charter ad-hoc: una valida alternativa agli Empty Legs<\/h3>\t\t\t\t<\/div>\n\t\t\t\t<\/div>\n\t\t\t\t<div class=\"elementor-element elementor-element-cb3b59f elementor-widget elementor-widget-text-editor\" data-id=\"cb3b59f\" data-element_type=\"widget\" data-widget_type=\"text-editor.default\">\n\t\t\t\t<div class=\"elementor-widget-container\">\n\t\t\t\t\t\t\t\t\t<p>Qualora doveste prenotare un volo a bordo di un jet privato e non dovessero essere contestualmente disponibili sul mercato Empty Legs che corrispondano alla data o all&#8217;itinerario desiderato, ci assicureremo che riceviate le migliori tariffe di noleggio aereo per i vostri voli, siano essi occasionali o ricorrenti. I cosiddetti voli on-demand sono forniti su richiesta, in base alla disponibilit\u00e0 e senza alcun impegno.<\/p><p>Con questo genere di volo avrete la possibilit\u00e0 di godere del vantaggio di prenotare un charter ad-hoc senza una durata o un tempo di volo minimo e riceverete un prezzo fisso all-inclusive. Su richiesta, possiamo anche assicurare in via preventiva il rischio di eventuali costi aggiuntivi di sghiacciamento.<\/p><p>Per ulteriori informazioni sulla nostra offerta di servizi e sui nostri Empty Legs , <a href=\"https:\/\/pas.websitehelden.net\/it\/contatti\/\">contattateci<\/a> in qualsiasi momento!<\/p>\t\t\t\t\t\t\t\t<\/div>\n\t\t\t\t<\/div>\n\t\t\t\t\t<\/div>\n\t\t<\/div>\n\t\t\t\t\t<\/div>\n\t\t<\/section>\n\t\t\t\t<section class=\"elementor-section elementor-top-section elementor-element elementor-element-9e0f9d9 elementor-section-full_width elementor-section-height-default elementor-section-height-default\" data-id=\"9e0f9d9\" data-element_type=\"section\">\n\t\t\t\t\t\t<div class=\"elementor-container elementor-column-gap-default\">\n\t\t\t\t\t<div class=\"elementor-column elementor-col-100 elementor-top-column elementor-element elementor-element-7ca55ed\" data-id=\"7ca55ed\" data-element_type=\"column\">\n\t\t\t<div class=\"elementor-widget-wrap elementor-element-populated\">\n\t\t\t\t\t\t<div class=\"elementor-element elementor-element-4712334 elementor-widget elementor-widget-shortcode\" data-id=\"4712334\" data-element_type=\"widget\" data-widget_type=\"shortcode.default\">\n\t\t\t\t<div class=\"elementor-widget-container\">\n\t\t\t\t\t\t\t<div class=\"elementor-shortcode\">\t\t<div data-elementor-type=\"section\" data-elementor-id=\"4677\" class=\"elementor elementor-4677 elementor-1207\" data-elementor-post-type=\"elementor_library\">\n\t\t\t\t\t<section class=\"elementor-section elementor-top-section elementor-element elementor-element-1a9bbed8 elementor-section-boxed elementor-section-height-default elementor-section-height-default\" data-id=\"1a9bbed8\" data-element_type=\"section\">\n\t\t\t\t\t\t<div class=\"elementor-container elementor-column-gap-default\">\n\t\t\t\t\t<div class=\"elementor-column elementor-col-100 elementor-top-column elementor-element elementor-element-74ea37fb\" data-id=\"74ea37fb\" data-element_type=\"column\">\n\t\t\t<div class=\"elementor-widget-wrap elementor-element-populated\">\n\t\t\t\t\t\t<div class=\"elementor-element elementor-element-46435d7a elementor-widget elementor-widget-heading\" data-id=\"46435d7a\" data-element_type=\"widget\" data-widget_type=\"heading.default\">\n\t\t\t\t<div class=\"elementor-widget-container\">\n\t\t\t\t\t<span class=\"elementor-heading-title elementor-size-default\">Richiesta e Contatti<\/span>\t\t\t\t<\/div>\n\t\t\t\t<\/div>\n\t\t\t\t<div class=\"elementor-element elementor-element-26e4099f elementor-widget elementor-widget-heading\" data-id=\"26e4099f\" data-element_type=\"widget\" data-widget_type=\"heading.default\">\n\t\t\t\t<div class=\"elementor-widget-container\">\n\t\t\t\t\t<h2 class=\"elementor-heading-title elementor-size-default\">Richiesta e Contatti<\/h2>\t\t\t\t<\/div>\n\t\t\t\t<\/div>\n\t\t\t\t<section class=\"elementor-section elementor-inner-section elementor-element elementor-element-3a7e5399 elementor-section-boxed elementor-section-height-default elementor-section-height-default\" data-id=\"3a7e5399\" data-element_type=\"section\" data-settings=\"{&quot;background_background&quot;:&quot;classic&quot;}\">\n\t\t\t\t\t\t<div class=\"elementor-container elementor-column-gap-default\">\n\t\t\t\t\t<div class=\"elementor-column elementor-col-50 elementor-inner-column elementor-element elementor-element-1ca44ff9\" data-id=\"1ca44ff9\" data-element_type=\"column\">\n\t\t\t<div class=\"elementor-widget-wrap\">\n\t\t\t\t\t\t\t<\/div>\n\t\t<\/div>\n\t\t\t\t<div class=\"elementor-column elementor-col-50 elementor-inner-column elementor-element elementor-element-30227c15\" data-id=\"30227c15\" data-element_type=\"column\" data-settings=\"{&quot;background_background&quot;:&quot;classic&quot;}\">\n\t\t\t<div class=\"elementor-widget-wrap elementor-element-populated\">\n\t\t\t\t\t\t<div class=\"elementor-element elementor-element-4c6a8960 elementor-widget elementor-widget-heading\" data-id=\"4c6a8960\" data-element_type=\"widget\" data-widget_type=\"heading.default\">\n\t\t\t\t<div class=\"elementor-widget-container\">\n\t\t\t\t\t<h2 class=\"elementor-heading-title elementor-size-default\">AVETE ULTERIORI DOMANDE o volete fare una richiesta di volo??<br>CONTATTATECI SENZA IMPEGNO PER E-MAIL, TELEFONO O COMPILANDO L'APPOSITO MODULO DI RICHIESTA <\/h2>\t\t\t\t<\/div>\n\t\t\t\t<\/div>\n\t\t\t\t<div class=\"elementor-element elementor-element-abe2a2d elementor-widget elementor-widget-heading\" data-id=\"abe2a2d\" data-element_type=\"widget\" data-widget_type=\"heading.default\">\n\t\t\t\t<div class=\"elementor-widget-container\">\n\t\t\t\t\t<span class=\"elementor-heading-title elementor-size-default\">Il tuo contatto personale \u00e8 a tua disposizione 24 ore su 24, 7 giorni su 7<\/span>\t\t\t\t<\/div>\n\t\t\t\t<\/div>\n\t\t\t\t<div class=\"elementor-element elementor-element-2ce577c elementor-align-start elementor-widget__width-auto elementor-icon-list--layout-traditional elementor-list-item-link-full_width elementor-widget elementor-widget-icon-list\" data-id=\"2ce577c\" data-element_type=\"widget\" data-widget_type=\"icon-list.default\">\n\t\t\t\t<div class=\"elementor-widget-container\">\n\t\t\t\t\t\t\t<ul class=\"elementor-icon-list-items\">\n\t\t\t\t\t\t\t<li class=\"elementor-icon-list-item\">\n\t\t\t\t\t\t\t\t\t\t\t<a href=\"https:\/\/pas.websitehelden.net\/it\/contatti\/\">\n\n\t\t\t\t\t\t\t\t\t\t\t\t<span class=\"elementor-icon-list-icon\">\n\t\t\t\t\t\t\t<i aria-hidden=\"true\" class=\"fas fa-envelope\"><\/i>\t\t\t\t\t\t<\/span>\n\t\t\t\t\t\t\t\t\t\t<span class=\"elementor-icon-list-text\">italy@pasflights.com<\/span>\n\t\t\t\t\t\t\t\t\t\t\t<\/a>\n\t\t\t\t\t\t\t\t\t<\/li>\n\t\t\t\t\t\t\t\t<li class=\"elementor-icon-list-item\">\n\t\t\t\t\t\t\t\t\t\t\t<a href=\"tel:+390239549858\">\n\n\t\t\t\t\t\t\t\t\t\t\t\t<span class=\"elementor-icon-list-icon\">\n\t\t\t\t\t\t\t<i aria-hidden=\"true\" class=\"fas fa-phone-alt\"><\/i>\t\t\t\t\t\t<\/span>\n\t\t\t\t\t\t\t\t\t\t<span class=\"elementor-icon-list-text\">+39 0239 549858<\/span>\n\t\t\t\t\t\t\t\t\t\t\t<\/a>\n\t\t\t\t\t\t\t\t\t<\/li>\n\t\t\t\t\t\t<\/ul>\n\t\t\t\t\t\t<\/div>\n\t\t\t\t<\/div>\n\t\t\t\t<div class=\"elementor-element elementor-element-462f1838 elementor-align-right pinkbuttonfull elementor-tablet-align-left elementor-mobile-align-justify elementor-widget elementor-widget-button\" data-id=\"462f1838\" data-element_type=\"widget\" data-widget_type=\"button.default\">\n\t\t\t\t<div class=\"elementor-widget-container\">\n\t\t\t\t\t\t\t\t\t<div class=\"elementor-button-wrapper\">\n\t\t\t\t\t<a class=\"elementor-button elementor-button-link elementor-size-sm\" href=\"https:\/\/pas.websitehelden.net\/it\/contatti\/\">\n\t\t\t\t\t\t<span class=\"elementor-button-content-wrapper\">\n\t\t\t\t\t\t\t\t\t<span class=\"elementor-button-text\">CONTATTACI<\/span>\n\t\t\t\t\t<\/span>\n\t\t\t\t\t<\/a>\n\t\t\t\t<\/div>\n\t\t\t\t\t\t\t\t<\/div>\n\t\t\t\t<\/div>\n\t\t\t\t\t<\/div>\n\t\t<\/div>\n\t\t\t\t\t<\/div>\n\t\t<\/section>\n\t\t\t\t<div class=\"elementor-element elementor-element-60957350 elementor-widget elementor-widget-image\" data-id=\"60957350\" data-element_type=\"widget\" data-widget_type=\"image.default\">\n\t\t\t\t<div class=\"elementor-widget-container\">\n\t\t\t\t\t\t\t\t\t\t\t\t\t\t\t<img decoding=\"async\" src=\"https:\/\/er7k5njc6uc.exactdn.com\/wp-content\/uploads\/elementor\/thumbs\/privatjet-buchen_kontakt-rawwxlf5e5ptspptkdb8apcdi94cfpobtspz7qq45k.jpg?strip=all&lossy=1&w=1920&ssl=1\" title=\"privatjet-buchen_kontakt\" alt=\"Contact\" loading=\"lazy\" \/>\t\t\t\t\t\t\t\t\t\t\t\t\t\t\t<\/div>\n\t\t\t\t<\/div>\n\t\t\t\t\t<\/div>\n\t\t<\/div>\n\t\t\t\t\t<\/div>\n\t\t<\/section>\n\t\t\t\t<\/div>\n\t\t<\/div>\n\t\t\t\t\t\t<\/div>\n\t\t\t\t<\/div>\n\t\t\t\t\t<\/div>\n\t\t<\/div>\n\t\t\t\t\t<\/div>\n\t\t<\/section>\n\t\t\t\t<section class=\"elementor-section elementor-top-section elementor-element elementor-element-d0b3c86 elementor-section-boxed elementor-section-height-default elementor-section-height-default\" data-id=\"d0b3c86\" data-element_type=\"section\">\n\t\t\t\t\t\t<div class=\"elementor-container elementor-column-gap-default\">\n\t\t\t\t\t<div class=\"elementor-column elementor-col-100 elementor-top-column elementor-element elementor-element-37c7fb4\" data-id=\"37c7fb4\" data-element_type=\"column\">\n\t\t\t<div class=\"elementor-widget-wrap elementor-element-populated\">\n\t\t\t\t\t\t<div class=\"elementor-element elementor-element-fb241c7 elementor-widget elementor-widget-heading\" data-id=\"fb241c7\" data-element_type=\"widget\" data-widget_type=\"heading.default\">\n\t\t\t\t<div class=\"elementor-widget-container\">\n\t\t\t\t\t<h3 class=\"elementor-heading-title elementor-size-default\">I migliori Empty Legs per i vostri viaggi<\/h3>\t\t\t\t<\/div>\n\t\t\t\t<\/div>\n\t\t\t\t<div class=\"elementor-element elementor-element-bd11c11 elementor-widget elementor-widget-text-editor\" data-id=\"bd11c11\" data-element_type=\"widget\" data-widget_type=\"text-editor.default\">\n\t\t\t\t<div class=\"elementor-widget-container\">\n\t\t\t\t\t\t\t\t\t<p>Gli Empty legs vi offrono una soluzione di volo pi\u00f9 economica per viaggiare a bordo di un jet privato dritti verso la vostra destinazione. Grazie agli esperti di <strong>PAS<\/strong>flights, avrete un consulente affidabile al vostro fianco che prenoter\u00e0 gli Empty Legs ideali per voi e, se necessario, organizzer\u00e0 il vostro viaggio personalizzandolo sulla base delle vostre necessit\u00e0. Anche laddove la flotta non dovesse disporre di un volo Empty Legs che risponda alle vostre esigenze, noi di <a href=\"https:\/\/pas.websitehelden.net\/it\/\"><strong>PAS<\/strong>flights<\/a> troveremo la soluzione ottimale che vi permetter\u00e0 di viaggiare in totale comodit\u00e0.<\/p><p>Contattateci ora senza impegno per via telefonica o inviando comodamente la vostra richiesta tramite l\u2019apposito <strong>modulo di richiesta<\/strong>. Vi porteremo a destinazione in modo affidabile ovunque voi desideriate andare.<\/p><p>Non vediamo l&#8217;ora di darvi il benvenuto!<\/p><p>\u201c<em>Siamo a disposizione dei nostri clienti 24 ore su 24, 7 giorni su 7 e sempre con un sorriso.<\/em>\u201d<\/p>\t\t\t\t\t\t\t\t<\/div>\n\t\t\t\t<\/div>\n\t\t\t\t\t<\/div>\n\t\t<\/div>\n\t\t\t\t\t<\/div>\n\t\t<\/section>\n\t\t\t\t<\/div>\n\t\t","protected":false},"excerpt":{"rendered":"<p>Scegliete un volo Empty Leg e volerete a prezzi esclusivi Grazie ai jet privati, raggiungiamo gli ospiti esattamente dove desiderano e assicuriamo un processo di viaggio senza soste o interruzioni. Affinch\u00e9 un jet privato raggiunga la destinazione prefissata, spesso viaggia nella versione del cosiddetto \u201cEmpty Leg Flight\u201d, cio\u00e8 un \u201cvolo a vuoto\u201d, perch\u00e8 prenotato per [&hellip;]<\/p>\n","protected":false},"author":5,"featured_media":7102,"parent":0,"menu_order":0,"comment_status":"closed","ping_status":"closed","template":"","meta":{"_acf_changed":false,"footnotes":""},"categories":[],"tags":[39],"class_list":["post-6972","page","type-page","status-publish","has-post-thumbnail","hentry","tag-noleggio-di-jet-privati"],"acf":[],"yoast_head":"<!-- This site is optimized with the Yoast SEO plugin v27.4 - https:\/\/yoast.com\/product\/yoast-seo-wordpress\/ -->\n<title>Volo Empty Leg a PASflights - Viaggio economico!<\/title>\n<meta name=\"description\" content=\"Troveremo il volo vuoto giusto per il tuo prossimo viaggio! \u2713 Risparmia ora sul tuo prossimo viaggio! \u2713 Richiedi un&#039;offerta non vincolante | pasflights\" \/>\n<meta name=\"robots\" content=\"index, follow, max-snippet:-1, max-image-preview:large, max-video-preview:-1\" \/>\n<link rel=\"canonical\" href=\"https:\/\/pas.websitehelden.net\/it\/empty-legs\/\" \/>\n<meta property=\"og:locale\" content=\"it_IT\" \/>\n<meta property=\"og:type\" content=\"article\" \/>\n<meta property=\"og:title\" content=\"Volo Empty Leg a PASflights - Viaggio economico!\" \/>\n<meta property=\"og:description\" content=\"Troveremo il volo vuoto giusto per il tuo prossimo viaggio! \u2713 Risparmia ora sul tuo prossimo viaggio! \u2713 Richiedi un&#039;offerta non vincolante | pasflights\" \/>\n<meta property=\"og:url\" content=\"https:\/\/pas.websitehelden.net\/it\/empty-legs\/\" \/>\n<meta property=\"og:site_name\" content=\"Pasflights\" \/>\n<meta property=\"article:modified_time\" content=\"2022-05-09T06:53:24+00:00\" \/>\n<meta property=\"og:image\" content=\"https:\/\/er7k5njc6uc.exactdn.com\/wp-content\/uploads\/2022\/05\/Pasflights-leerfluege-03-scaled.jpg?strip=all&lossy=1&ssl=1\" \/>\n\t<meta property=\"og:image:width\" content=\"2560\" \/>\n\t<meta property=\"og:image:height\" content=\"733\" \/>\n\t<meta property=\"og:image:type\" content=\"image\/jpeg\" \/>\n<meta name=\"twitter:card\" content=\"summary_large_image\" \/>\n<meta name=\"twitter:label1\" content=\"Est. reading time\" \/>\n\t<meta name=\"twitter:data1\" content=\"6 minutes\" \/>\n<script type=\"application\/ld+json\" class=\"yoast-schema-graph\">{\"@context\":\"https:\\\/\\\/schema.org\",\"@graph\":[{\"@type\":\"WebPage\",\"@id\":\"https:\\\/\\\/pas.websitehelden.net\\\/it\\\/empty-legs\\\/\",\"url\":\"https:\\\/\\\/pas.websitehelden.net\\\/it\\\/empty-legs\\\/\",\"name\":\"Volo Empty Leg a PASflights - Viaggio economico!\",\"isPartOf\":{\"@id\":\"https:\\\/\\\/pas.websitehelden.net\\\/it\\\/#website\"},\"primaryImageOfPage\":{\"@id\":\"https:\\\/\\\/pas.websitehelden.net\\\/it\\\/empty-legs\\\/#primaryimage\"},\"image\":{\"@id\":\"https:\\\/\\\/pas.websitehelden.net\\\/it\\\/empty-legs\\\/#primaryimage\"},\"thumbnailUrl\":\"https:\\\/\\\/er7k5njc6uc.exactdn.com\\\/wp-content\\\/uploads\\\/2022\\\/05\\\/Pasflights-leerfluege-03-scaled.jpg?strip=all&lossy=1&ssl=1\",\"datePublished\":\"2022-03-06T09:45:27+00:00\",\"dateModified\":\"2022-05-09T06:53:24+00:00\",\"description\":\"Troveremo il volo vuoto giusto per il tuo prossimo viaggio! \u2713 Risparmia ora sul tuo prossimo viaggio! \u2713 Richiedi un'offerta non vincolante | pasflights\",\"breadcrumb\":{\"@id\":\"https:\\\/\\\/pas.websitehelden.net\\\/it\\\/empty-legs\\\/#breadcrumb\"},\"inLanguage\":\"it-IT\",\"potentialAction\":[{\"@type\":\"ReadAction\",\"target\":[\"https:\\\/\\\/pas.websitehelden.net\\\/it\\\/empty-legs\\\/\"]}]},{\"@type\":\"ImageObject\",\"inLanguage\":\"it-IT\",\"@id\":\"https:\\\/\\\/pas.websitehelden.net\\\/it\\\/empty-legs\\\/#primaryimage\",\"url\":\"https:\\\/\\\/er7k5njc6uc.exactdn.com\\\/wp-content\\\/uploads\\\/2022\\\/05\\\/Pasflights-leerfluege-03-scaled.jpg?strip=all&lossy=1&ssl=1\",\"contentUrl\":\"https:\\\/\\\/er7k5njc6uc.exactdn.com\\\/wp-content\\\/uploads\\\/2022\\\/05\\\/Pasflights-leerfluege-03-scaled.jpg?strip=all&lossy=1&ssl=1\",\"width\":2560,\"height\":733,\"caption\":\"Privatjet Leerflug\"},{\"@type\":\"BreadcrumbList\",\"@id\":\"https:\\\/\\\/pas.websitehelden.net\\\/it\\\/empty-legs\\\/#breadcrumb\",\"itemListElement\":[{\"@type\":\"ListItem\",\"position\":1,\"name\":\"Startseite\",\"item\":\"https:\\\/\\\/pas.websitehelden.net\\\/it\\\/\"},{\"@type\":\"ListItem\",\"position\":2,\"name\":\"Empty legs\"}]},{\"@type\":\"WebSite\",\"@id\":\"https:\\\/\\\/pas.websitehelden.net\\\/it\\\/#website\",\"url\":\"https:\\\/\\\/pas.websitehelden.net\\\/it\\\/\",\"name\":\"Pasflights\",\"description\":\"Eine weitere WordPress-Website\",\"potentialAction\":[{\"@type\":\"SearchAction\",\"target\":{\"@type\":\"EntryPoint\",\"urlTemplate\":\"https:\\\/\\\/pas.websitehelden.net\\\/it\\\/?s={search_term_string}\"},\"query-input\":{\"@type\":\"PropertyValueSpecification\",\"valueRequired\":true,\"valueName\":\"search_term_string\"}}],\"inLanguage\":\"it-IT\"}]}<\/script>\n<!-- \/ Yoast SEO plugin. -->","yoast_head_json":{"title":"Volo Empty Leg a PASflights - Viaggio economico!","description":"Troveremo il volo vuoto giusto per il tuo prossimo viaggio! \u2713 Risparmia ora sul tuo prossimo viaggio! \u2713 Richiedi un'offerta non vincolante | pasflights","robots":{"index":"index","follow":"follow","max-snippet":"max-snippet:-1","max-image-preview":"max-image-preview:large","max-video-preview":"max-video-preview:-1"},"canonical":"https:\/\/pas.websitehelden.net\/it\/empty-legs\/","og_locale":"it_IT","og_type":"article","og_title":"Volo Empty Leg a PASflights - Viaggio economico!","og_description":"Troveremo il volo vuoto giusto per il tuo prossimo viaggio! \u2713 Risparmia ora sul tuo prossimo viaggio! \u2713 Richiedi un'offerta non vincolante | pasflights","og_url":"https:\/\/pas.websitehelden.net\/it\/empty-legs\/","og_site_name":"Pasflights","article_modified_time":"2022-05-09T06:53:24+00:00","og_image":[{"width":2560,"height":733,"url":"https:\/\/er7k5njc6uc.exactdn.com\/wp-content\/uploads\/2022\/05\/Pasflights-leerfluege-03-scaled.jpg?strip=all&lossy=1&ssl=1","type":"image\/jpeg"}],"twitter_card":"summary_large_image","twitter_misc":{"Est. reading time":"6 minutes"},"schema":{"@context":"https:\/\/schema.org","@graph":[{"@type":"WebPage","@id":"https:\/\/pas.websitehelden.net\/it\/empty-legs\/","url":"https:\/\/pas.websitehelden.net\/it\/empty-legs\/","name":"Volo Empty Leg a PASflights - Viaggio economico!","isPartOf":{"@id":"https:\/\/pas.websitehelden.net\/it\/#website"},"primaryImageOfPage":{"@id":"https:\/\/pas.websitehelden.net\/it\/empty-legs\/#primaryimage"},"image":{"@id":"https:\/\/pas.websitehelden.net\/it\/empty-legs\/#primaryimage"},"thumbnailUrl":"https:\/\/er7k5njc6uc.exactdn.com\/wp-content\/uploads\/2022\/05\/Pasflights-leerfluege-03-scaled.jpg?strip=all&lossy=1&ssl=1","datePublished":"2022-03-06T09:45:27+00:00","dateModified":"2022-05-09T06:53:24+00:00","description":"Troveremo il volo vuoto giusto per il tuo prossimo viaggio! \u2713 Risparmia ora sul tuo prossimo viaggio! \u2713 Richiedi un'offerta non vincolante | pasflights","breadcrumb":{"@id":"https:\/\/pas.websitehelden.net\/it\/empty-legs\/#breadcrumb"},"inLanguage":"it-IT","potentialAction":[{"@type":"ReadAction","target":["https:\/\/pas.websitehelden.net\/it\/empty-legs\/"]}]},{"@type":"ImageObject","inLanguage":"it-IT","@id":"https:\/\/pas.websitehelden.net\/it\/empty-legs\/#primaryimage","url":"https:\/\/er7k5njc6uc.exactdn.com\/wp-content\/uploads\/2022\/05\/Pasflights-leerfluege-03-scaled.jpg?strip=all&lossy=1&ssl=1","contentUrl":"https:\/\/er7k5njc6uc.exactdn.com\/wp-content\/uploads\/2022\/05\/Pasflights-leerfluege-03-scaled.jpg?strip=all&lossy=1&ssl=1","width":2560,"height":733,"caption":"Privatjet Leerflug"},{"@type":"BreadcrumbList","@id":"https:\/\/pas.websitehelden.net\/it\/empty-legs\/#breadcrumb","itemListElement":[{"@type":"ListItem","position":1,"name":"Startseite","item":"https:\/\/pas.websitehelden.net\/it\/"},{"@type":"ListItem","position":2,"name":"Empty legs"}]},{"@type":"WebSite","@id":"https:\/\/pas.websitehelden.net\/it\/#website","url":"https:\/\/pas.websitehelden.net\/it\/","name":"Pasflights","description":"Eine weitere WordPress-Website","potentialAction":[{"@type":"SearchAction","target":{"@type":"EntryPoint","urlTemplate":"https:\/\/pas.websitehelden.net\/it\/?s={search_term_string}"},"query-input":{"@type":"PropertyValueSpecification","valueRequired":true,"valueName":"search_term_string"}}],"inLanguage":"it-IT"}]}},"_links":{"self":[{"href":"https:\/\/pas.websitehelden.net\/it\/wp-json\/wp\/v2\/pages\/6972","targetHints":{"allow":["GET"]}}],"collection":[{"href":"https:\/\/pas.websitehelden.net\/it\/wp-json\/wp\/v2\/pages"}],"about":[{"href":"https:\/\/pas.websitehelden.net\/it\/wp-json\/wp\/v2\/types\/page"}],"author":[{"embeddable":true,"href":"https:\/\/pas.websitehelden.net\/it\/wp-json\/wp\/v2\/users\/5"}],"replies":[{"embeddable":true,"href":"https:\/\/pas.websitehelden.net\/it\/wp-json\/wp\/v2\/comments?post=6972"}],"version-history":[{"count":0,"href":"https:\/\/pas.websitehelden.net\/it\/wp-json\/wp\/v2\/pages\/6972\/revisions"}],"wp:featuredmedia":[{"embeddable":true,"href":"https:\/\/pas.websitehelden.net\/it\/wp-json\/wp\/v2\/media\/7102"}],"wp:attachment":[{"href":"https:\/\/pas.websitehelden.net\/it\/wp-json\/wp\/v2\/media?parent=6972"}],"wp:term":[{"taxonomy":"category","embeddable":true,"href":"https:\/\/pas.websitehelden.net\/it\/wp-json\/wp\/v2\/categories?post=6972"},{"taxonomy":"post_tag","embeddable":true,"href":"https:\/\/pas.websitehelden.net\/it\/wp-json\/wp\/v2\/tags?post=6972"}],"curies":[{"name":"wp","href":"https:\/\/api.w.org\/{rel}","templated":true}]}}