{"id":6167,"date":"2022-03-29T10:59:10","date_gmt":"2022-03-29T08:59:10","guid":{"rendered":"https:\/\/www.pasflights.com\/settore\/lo-sport\/"},"modified":"2025-05-05T09:41:38","modified_gmt":"2025-05-05T07:41:38","slug":"trasporto-aereo-per-squadre-sportive-pasflights","status":"publish","type":"page","link":"https:\/\/pas.websitehelden.net\/it\/settori\/trasporto-aereo-per-squadre-sportive-pasflights\/","title":{"rendered":"Sport"},"content":{"rendered":"\t\t<div data-elementor-type=\"wp-page\" data-elementor-id=\"6167\" class=\"elementor elementor-6167 elementor-1559\" data-elementor-post-type=\"page\">\n\t\t\t\t\t\t<section class=\"elementor-section elementor-top-section elementor-element elementor-element-76be75f elementor-section-boxed elementor-section-height-default elementor-section-height-default\" data-id=\"76be75f\" data-element_type=\"section\">\n\t\t\t\t\t\t<div class=\"elementor-container elementor-column-gap-default\">\n\t\t\t\t\t<div class=\"elementor-column elementor-col-100 elementor-top-column elementor-element elementor-element-478f866\" data-id=\"478f866\" data-element_type=\"column\">\n\t\t\t<div class=\"elementor-widget-wrap elementor-element-populated\">\n\t\t\t\t\t\t<div class=\"elementor-element elementor-element-9621b03 elementor-widget elementor-widget-heading\" data-id=\"9621b03\" data-element_type=\"widget\" data-widget_type=\"heading.default\">\n\t\t\t\t<div class=\"elementor-widget-container\">\n\t\t\t\t\t<h1 class=\"elementor-heading-title elementor-size-default\">Atleti e squadre sportive<\/h1>\t\t\t\t<\/div>\n\t\t\t\t<\/div>\n\t\t\t\t<div class=\"elementor-element elementor-element-ba3dbd7 elementor-widget elementor-widget-text-editor\" data-id=\"ba3dbd7\" data-element_type=\"widget\" data-widget_type=\"text-editor.default\">\n\t\t\t\t<div class=\"elementor-widget-container\">\n\t\t\t\t\t\t\t\t\t<p>La pianificazione dei viaggi degli atleti \u00e8 solitamente determinata da date prestabilite in occasione di eventi sportivi e periodi di allenamento. Il team di PASflights \u00e8 in grado di trovare aerei a noleggio per le vostre specifiche esigenze, anche con breve preavviso. Offriamo soluzioni di volo perfette per gli atleti a prezzi competitivi a livello internazionale. PASflights vi organizzer\u00e0 un volo perfetto, compreso di tutti i trasferimenti e delle opzioni di catering personalizzate, coordinandosi con il nutrizionista della squadra, senza che vi siano intoppi o problematiche. Gestiremo al meglio anche la logistica per il trasporto dei vostri bagagli ingombranti, dei lettini da massaggio e di qualsiasi altra cosa di cui abbiate bisogno. Lasciate la pianificazione del volo alla nostra esperienza e concentratevi sul vostro successo. PASflights offre soluzioni di noleggio aereo per gli atleti, occupandosi direttamente del trasporto di tutti i suoi ospiti, da quello di singoli individui in <a href=\"https:\/\/pas.websitehelden.net\/it\/noleggio-jet-privato\/\">jet privato<\/a>, a quello di intere squadre e dei loro fan, sia per voli nazionali che internazionali.<\/p><p>Gli atleti necessitano di essere flessibili e pronti all&#8217;azione in qualsiasi momento. Spesso devono presenziare a pi\u00f9 appuntamenti in luoghi diversi in un solo giorno o nell\u2019arco di una settimana. Hanno un&#8217;agenda fitta di impegni: Parigi al mattino, Milano nel pomeriggio e il giorno successivo per un controllo medico in un&#8217;altra citt\u00e0 ancora. PASflights vi supporter\u00e0 con un\u2019efficiente pianificazione dei viaggi offrendovi una fornitura di noleggio aereo per gli atleti, sia che essi debbano partecipare a svariate competizioni, sia che debbano presenziare a vari eventi. Noleggiare un jet privato non \u00e8 solo la soluzione pi\u00f9 comoda, ma anche quella che consente di risparmiare tempo. Utilizzando un jet privato, si pu\u00f2 partecipare a diversi appuntamenti in un lasso di tempo piuttosto breve. Volare a bordo di un aereo a noleggio vi consentir\u00e0 di vivere il vostro viaggio in totale relax. \u00a0<\/p><p>PASflights trover\u00e0 la giusta soluzione di noleggio aereo per gli atleti in ogni occasione e con gruppi di qualsiasi dimensione.<\/p>\t\t\t\t\t\t\t\t<\/div>\n\t\t\t\t<\/div>\n\t\t\t\t\t<\/div>\n\t\t<\/div>\n\t\t\t\t\t<\/div>\n\t\t<\/section>\n\t\t\t\t<section class=\"elementor-section elementor-top-section elementor-element elementor-element-2790c93 elementor-section-boxed elementor-section-height-default elementor-section-height-default\" data-id=\"2790c93\" data-element_type=\"section\">\n\t\t\t\t\t\t<div class=\"elementor-container elementor-column-gap-default\">\n\t\t\t\t\t<div class=\"elementor-column elementor-col-100 elementor-top-column elementor-element elementor-element-aa06089\" data-id=\"aa06089\" data-element_type=\"column\">\n\t\t\t<div class=\"elementor-widget-wrap elementor-element-populated\">\n\t\t\t\t\t\t<div class=\"elementor-element elementor-element-78668df elementor-widget elementor-widget-heading\" data-id=\"78668df\" data-element_type=\"widget\" data-widget_type=\"heading.default\">\n\t\t\t\t<div class=\"elementor-widget-container\">\n\t\t\t\t\t<h2 class=\"elementor-heading-title elementor-size-default\">Quali sono i vantaggi del charter aereo per gli atleti?<\/h2>\t\t\t\t<\/div>\n\t\t\t\t<\/div>\n\t\t\t\t\t<\/div>\n\t\t<\/div>\n\t\t\t\t\t<\/div>\n\t\t<\/section>\n\t\t\t\t<section class=\"elementor-section elementor-top-section elementor-element elementor-element-0a3181c elementor-section-boxed elementor-section-height-default elementor-section-height-default\" data-id=\"0a3181c\" data-element_type=\"section\">\n\t\t\t\t\t\t<div class=\"elementor-container elementor-column-gap-default\">\n\t\t\t\t\t<div class=\"elementor-column elementor-col-100 elementor-top-column elementor-element elementor-element-e428e7e\" data-id=\"e428e7e\" data-element_type=\"column\">\n\t\t\t<div class=\"elementor-widget-wrap elementor-element-populated\">\n\t\t\t\t\t\t<div class=\"elementor-element elementor-element-f5e5fe7 elementor-widget elementor-widget-text-editor\" data-id=\"f5e5fe7\" data-element_type=\"widget\" data-widget_type=\"text-editor.default\">\n\t\t\t\t<div class=\"elementor-widget-container\">\n\t\t\t\t\t\t\t\t\t<p>La prenotazione di un jet privato offre vantaggi agli atleti e agli sportivi per molteplici aspetti:<\/p><p>&#8211; Viaggi efficienti e veloci verso destinazioni diverse, solitamente lontane, in un breve lasso di tempo e in aeroporti pi\u00f9 piccoli;<\/p><p>&#8211; Opzioni di viaggio confortevoli, lussuose e rilassanti;<\/p><p>&#8211; Alto grado di discrezione e rispetto della privacy a partire fin dalla partenza in aeroporto;<\/p><p>&#8211; Pianificazione personalizzata e flessibile del viaggio;<\/p><p>&#8211; Una combinazione di prezzi vantaggiosa;<\/p><p>Oltre al comfort, altri grandi vantaggi offerti per coloro che scelgono di viaggiare con un charter aereo sono la velocit\u00e0 e la flessibilit\u00e0. Entro poche ore dalla prenotazione, il jet privato pu\u00f2 essere gi\u00e0 disponibile ad ospitare i suoi passeggeri in modo versatile e all&#8217;orario desiderato, dal punto di partenza selezionato alla destinazione prevista.<\/p>\t\t\t\t\t\t\t\t<\/div>\n\t\t\t\t<\/div>\n\t\t\t\t\t<\/div>\n\t\t<\/div>\n\t\t\t\t\t<\/div>\n\t\t<\/section>\n\t\t\t\t<section class=\"elementor-section elementor-top-section elementor-element elementor-element-7b93682 elementor-section-boxed elementor-section-height-default elementor-section-height-default\" data-id=\"7b93682\" data-element_type=\"section\">\n\t\t\t\t\t\t<div class=\"elementor-container elementor-column-gap-default\">\n\t\t\t\t\t<div class=\"elementor-column elementor-col-100 elementor-top-column elementor-element elementor-element-5ab76b4\" data-id=\"5ab76b4\" data-element_type=\"column\">\n\t\t\t<div class=\"elementor-widget-wrap elementor-element-populated\">\n\t\t\t\t\t\t<div class=\"elementor-element elementor-element-1e68820 elementor-widget elementor-widget-heading\" data-id=\"1e68820\" data-element_type=\"widget\" data-widget_type=\"heading.default\">\n\t\t\t\t<div class=\"elementor-widget-container\">\n\t\t\t\t\t<h2 class=\"elementor-heading-title elementor-size-default\">Quali sono i vantaggi di un aereo charter per le squadre sportive e  per le trasferte dei tifosi?<\/h2>\t\t\t\t<\/div>\n\t\t\t\t<\/div>\n\t\t\t\t\t<\/div>\n\t\t<\/div>\n\t\t\t\t\t<\/div>\n\t\t<\/section>\n\t\t\t\t<section class=\"elementor-section elementor-top-section elementor-element elementor-element-041ae7a elementor-section-boxed elementor-section-height-default elementor-section-height-default\" data-id=\"041ae7a\" data-element_type=\"section\">\n\t\t\t\t\t\t<div class=\"elementor-container elementor-column-gap-default\">\n\t\t\t\t\t<div class=\"elementor-column elementor-col-100 elementor-top-column elementor-element elementor-element-d612ea5\" data-id=\"d612ea5\" data-element_type=\"column\">\n\t\t\t<div class=\"elementor-widget-wrap elementor-element-populated\">\n\t\t\t\t\t\t<div class=\"elementor-element elementor-element-d49dce2 elementor-widget elementor-widget-text-editor\" data-id=\"d49dce2\" data-element_type=\"widget\" data-widget_type=\"text-editor.default\">\n\t\t\t\t<div class=\"elementor-widget-container\">\n\t\t\t\t\t\t\t\t\t<p>&#8211; Orari e tempi di volo coordinati con le partite;<\/p><p>&#8211; Catering individuale coordinata con il nutrizionista;<\/p><p>&#8211; Spazio adeguato per i bagagli ingombranti e sportivi;<\/p><p>&#8211; Un rappresentante del personale di PASflights che vi assister\u00e0 durante il volo per soddisfare le vostre esigenze, e che organizzer\u00e0 e supervisioner\u00e0 il vostro check-in individuale presso gli aeroporti di partenza ed arrivo;<\/p><p>Il noleggio dell&#8217;aeromobile avviene in modo discreto, con grande considerazione per la vostra privacy e risponde ad ogni vostra specifica esigenza secondo i vostri desideri.<\/p>\t\t\t\t\t\t\t\t<\/div>\n\t\t\t\t<\/div>\n\t\t\t\t\t<\/div>\n\t\t<\/div>\n\t\t\t\t\t<\/div>\n\t\t<\/section>\n\t\t\t\t<section class=\"elementor-section elementor-top-section elementor-element elementor-element-a7733e1 elementor-section-boxed elementor-section-height-default elementor-section-height-default\" data-id=\"a7733e1\" data-element_type=\"section\">\n\t\t\t\t\t\t<div class=\"elementor-container elementor-column-gap-default\">\n\t\t\t\t\t<div class=\"elementor-column elementor-col-100 elementor-top-column elementor-element elementor-element-089c2dd\" data-id=\"089c2dd\" data-element_type=\"column\">\n\t\t\t<div class=\"elementor-widget-wrap elementor-element-populated\">\n\t\t\t\t\t\t<div class=\"elementor-element elementor-element-41ce317 elementor-widget elementor-widget-heading\" data-id=\"41ce317\" data-element_type=\"widget\" data-widget_type=\"heading.default\">\n\t\t\t\t<div class=\"elementor-widget-container\">\n\t\t\t\t\t<h2 class=\"elementor-heading-title elementor-size-default\">Quali aeromobili sono disponibili per il noleggio aereo per atleti?<\/h2>\t\t\t\t<\/div>\n\t\t\t\t<\/div>\n\t\t\t\t\t<\/div>\n\t\t<\/div>\n\t\t\t\t\t<\/div>\n\t\t<\/section>\n\t\t\t\t<section class=\"elementor-section elementor-top-section elementor-element elementor-element-39c5fa5 elementor-section-boxed elementor-section-height-default elementor-section-height-default\" data-id=\"39c5fa5\" data-element_type=\"section\">\n\t\t\t\t\t\t<div class=\"elementor-container elementor-column-gap-default\">\n\t\t\t\t\t<div class=\"elementor-column elementor-col-100 elementor-top-column elementor-element elementor-element-aab6db3\" data-id=\"aab6db3\" data-element_type=\"column\">\n\t\t\t<div class=\"elementor-widget-wrap elementor-element-populated\">\n\t\t\t\t\t\t<div class=\"elementor-element elementor-element-5c888d9 elementor-widget elementor-widget-text-editor\" data-id=\"5c888d9\" data-element_type=\"widget\" data-widget_type=\"text-editor.default\">\n\t\t\t\t<div class=\"elementor-widget-container\">\n\t\t\t\t\t\t\t\t\t<p>Con PASflights potete scegliere tra diverse categorie di aeromobili: sia quelli pi\u00f9 grandi, per intere squadre sportive e i loro tifosi, sia jet privati pi\u00f9 piccoli, adatti per pochi passeggeri o piccole squadre. PASflights offre le soluzioni di noleggio aereo pi\u00f9 efficienti, confortevoli e personalizzate per gli atleti.<\/p><p>Nelle categorie offerte di <a href=\"https:\/\/pas.websitehelden.net\/it\/noleggio-jet-privato\/\">noleggio di jet privati<\/a> e <a href=\"https:\/\/pas.websitehelden.net\/it\/prenotazione-voli-privati-di-gruppo\/\">voli di gruppo<\/a>, sono disponibili gli aerei perfetti per ogni occasione e per ogni desiderio.<\/p><p>Lasciatevi consigliare dai <a href=\"https:\/\/pas.websitehelden.net\/it\/contatti\/\">nostri esperti<\/a> del settore!<\/p>\t\t\t\t\t\t\t\t<\/div>\n\t\t\t\t<\/div>\n\t\t\t\t\t<\/div>\n\t\t<\/div>\n\t\t\t\t\t<\/div>\n\t\t<\/section>\n\t\t\t\t<\/div>\n\t\t","protected":false},"excerpt":{"rendered":"<p>Atleti e squadre sportive La pianificazione dei viaggi degli atleti \u00e8 solitamente determinata da date prestabilite in occasione di eventi sportivi e periodi di allenamento. Il team di PASflights \u00e8 in grado di trovare aerei a noleggio per le vostre specifiche esigenze, anche con breve preavviso. Offriamo soluzioni di volo perfette per gli atleti a [&hellip;]<\/p>\n","protected":false},"author":2,"featured_media":22181,"parent":3835,"menu_order":0,"comment_status":"closed","ping_status":"closed","template":"","meta":{"_acf_changed":false,"footnotes":""},"categories":[],"tags":[78],"class_list":["post-6167","page","type-page","status-publish","has-post-thumbnail","hentry","tag-settori"],"acf":[],"yoast_head":"<!-- This site is optimized with the Yoast SEO plugin v27.4 - https:\/\/yoast.com\/product\/yoast-seo-wordpress\/ -->\n<title>Trasporto Aereo per Squadre Sportive | Pasflights<\/title>\n<meta name=\"description\" content=\"Hai bisogno di supporto per il trasporto aereo della tua squadra sportiva? Pasflights ti pu\u00f2 aiutare con competenza e professionalit\u00e0.\" \/>\n<meta name=\"robots\" content=\"index, follow, max-snippet:-1, max-image-preview:large, max-video-preview:-1\" \/>\n<link rel=\"canonical\" href=\"https:\/\/pas.websitehelden.net\/it\/settori\/trasporto-aereo-per-squadre-sportive-pasflights\/\" \/>\n<meta property=\"og:locale\" content=\"it_IT\" \/>\n<meta property=\"og:type\" content=\"article\" \/>\n<meta property=\"og:title\" content=\"Trasporto Aereo per Squadre Sportive | Pasflights\" \/>\n<meta property=\"og:description\" content=\"Hai bisogno di supporto per il trasporto aereo della tua squadra sportiva? Pasflights ti pu\u00f2 aiutare con competenza e professionalit\u00e0.\" \/>\n<meta property=\"og:url\" content=\"https:\/\/pas.websitehelden.net\/it\/settori\/trasporto-aereo-per-squadre-sportive-pasflights\/\" \/>\n<meta property=\"og:site_name\" content=\"Pasflights\" \/>\n<meta property=\"article:modified_time\" content=\"2025-05-05T07:41:38+00:00\" \/>\n<meta property=\"og:image\" content=\"https:\/\/er7k5njc6uc.exactdn.com\/wp-content\/uploads\/2025\/08\/Branche-Sport-1.jpg?strip=all&lossy=1&ssl=1\" \/>\n\t<meta property=\"og:image:width\" content=\"2560\" \/>\n\t<meta property=\"og:image:height\" content=\"731\" \/>\n\t<meta property=\"og:image:type\" content=\"image\/jpeg\" \/>\n<meta name=\"twitter:card\" content=\"summary_large_image\" \/>\n<meta name=\"twitter:label1\" content=\"Est. reading time\" \/>\n\t<meta name=\"twitter:data1\" content=\"4 minutes\" \/>\n<script type=\"application\/ld+json\" class=\"yoast-schema-graph\">{\"@context\":\"https:\\\/\\\/schema.org\",\"@graph\":[{\"@type\":\"WebPage\",\"@id\":\"https:\\\/\\\/pas.websitehelden.net\\\/it\\\/settori\\\/trasporto-aereo-per-squadre-sportive-pasflights\\\/\",\"url\":\"https:\\\/\\\/pas.websitehelden.net\\\/it\\\/settori\\\/trasporto-aereo-per-squadre-sportive-pasflights\\\/\",\"name\":\"Trasporto Aereo per Squadre Sportive | Pasflights\",\"isPartOf\":{\"@id\":\"https:\\\/\\\/pas.websitehelden.net\\\/it\\\/#website\"},\"primaryImageOfPage\":{\"@id\":\"https:\\\/\\\/pas.websitehelden.net\\\/it\\\/settori\\\/trasporto-aereo-per-squadre-sportive-pasflights\\\/#primaryimage\"},\"image\":{\"@id\":\"https:\\\/\\\/pas.websitehelden.net\\\/it\\\/settori\\\/trasporto-aereo-per-squadre-sportive-pasflights\\\/#primaryimage\"},\"thumbnailUrl\":\"https:\\\/\\\/er7k5njc6uc.exactdn.com\\\/wp-content\\\/uploads\\\/2025\\\/08\\\/Branche-Sport-1.jpg?strip=all&lossy=1&ssl=1\",\"datePublished\":\"2022-03-29T08:59:10+00:00\",\"dateModified\":\"2025-05-05T07:41:38+00:00\",\"description\":\"Hai bisogno di supporto per il trasporto aereo della tua squadra sportiva? Pasflights ti pu\u00f2 aiutare con competenza e professionalit\u00e0.\",\"breadcrumb\":{\"@id\":\"https:\\\/\\\/pas.websitehelden.net\\\/it\\\/settori\\\/trasporto-aereo-per-squadre-sportive-pasflights\\\/#breadcrumb\"},\"inLanguage\":\"it-IT\",\"potentialAction\":[{\"@type\":\"ReadAction\",\"target\":[\"https:\\\/\\\/pas.websitehelden.net\\\/it\\\/settori\\\/trasporto-aereo-per-squadre-sportive-pasflights\\\/\"]}]},{\"@type\":\"ImageObject\",\"inLanguage\":\"it-IT\",\"@id\":\"https:\\\/\\\/pas.websitehelden.net\\\/it\\\/settori\\\/trasporto-aereo-per-squadre-sportive-pasflights\\\/#primaryimage\",\"url\":\"https:\\\/\\\/er7k5njc6uc.exactdn.com\\\/wp-content\\\/uploads\\\/2025\\\/08\\\/Branche-Sport-1.jpg?strip=all&lossy=1&ssl=1\",\"contentUrl\":\"https:\\\/\\\/er7k5njc6uc.exactdn.com\\\/wp-content\\\/uploads\\\/2025\\\/08\\\/Branche-Sport-1.jpg?strip=all&lossy=1&ssl=1\",\"width\":2560,\"height\":731,\"caption\":\"Sportteam l\u00e4uft zum Flugzeug\"},{\"@type\":\"BreadcrumbList\",\"@id\":\"https:\\\/\\\/pas.websitehelden.net\\\/it\\\/settori\\\/trasporto-aereo-per-squadre-sportive-pasflights\\\/#breadcrumb\",\"itemListElement\":[{\"@type\":\"ListItem\",\"position\":1,\"name\":\"Startseite\",\"item\":\"https:\\\/\\\/pas.websitehelden.net\\\/it\\\/\"},{\"@type\":\"ListItem\",\"position\":2,\"name\":\"Settori\",\"item\":\"https:\\\/\\\/pas.websitehelden.net\\\/it\\\/settori\\\/\"},{\"@type\":\"ListItem\",\"position\":3,\"name\":\"Sport\"}]},{\"@type\":\"WebSite\",\"@id\":\"https:\\\/\\\/pas.websitehelden.net\\\/it\\\/#website\",\"url\":\"https:\\\/\\\/pas.websitehelden.net\\\/it\\\/\",\"name\":\"Pasflights\",\"description\":\"Eine weitere WordPress-Website\",\"potentialAction\":[{\"@type\":\"SearchAction\",\"target\":{\"@type\":\"EntryPoint\",\"urlTemplate\":\"https:\\\/\\\/pas.websitehelden.net\\\/it\\\/?s={search_term_string}\"},\"query-input\":{\"@type\":\"PropertyValueSpecification\",\"valueRequired\":true,\"valueName\":\"search_term_string\"}}],\"inLanguage\":\"it-IT\"}]}<\/script>\n<!-- \/ Yoast SEO plugin. -->","yoast_head_json":{"title":"Trasporto Aereo per Squadre Sportive | Pasflights","description":"Hai bisogno di supporto per il trasporto aereo della tua squadra sportiva? Pasflights ti pu\u00f2 aiutare con competenza e professionalit\u00e0.","robots":{"index":"index","follow":"follow","max-snippet":"max-snippet:-1","max-image-preview":"max-image-preview:large","max-video-preview":"max-video-preview:-1"},"canonical":"https:\/\/pas.websitehelden.net\/it\/settori\/trasporto-aereo-per-squadre-sportive-pasflights\/","og_locale":"it_IT","og_type":"article","og_title":"Trasporto Aereo per Squadre Sportive | Pasflights","og_description":"Hai bisogno di supporto per il trasporto aereo della tua squadra sportiva? Pasflights ti pu\u00f2 aiutare con competenza e professionalit\u00e0.","og_url":"https:\/\/pas.websitehelden.net\/it\/settori\/trasporto-aereo-per-squadre-sportive-pasflights\/","og_site_name":"Pasflights","article_modified_time":"2025-05-05T07:41:38+00:00","og_image":[{"width":2560,"height":731,"url":"https:\/\/er7k5njc6uc.exactdn.com\/wp-content\/uploads\/2025\/08\/Branche-Sport-1.jpg?strip=all&lossy=1&ssl=1","type":"image\/jpeg"}],"twitter_card":"summary_large_image","twitter_misc":{"Est. reading time":"4 minutes"},"schema":{"@context":"https:\/\/schema.org","@graph":[{"@type":"WebPage","@id":"https:\/\/pas.websitehelden.net\/it\/settori\/trasporto-aereo-per-squadre-sportive-pasflights\/","url":"https:\/\/pas.websitehelden.net\/it\/settori\/trasporto-aereo-per-squadre-sportive-pasflights\/","name":"Trasporto Aereo per Squadre Sportive | Pasflights","isPartOf":{"@id":"https:\/\/pas.websitehelden.net\/it\/#website"},"primaryImageOfPage":{"@id":"https:\/\/pas.websitehelden.net\/it\/settori\/trasporto-aereo-per-squadre-sportive-pasflights\/#primaryimage"},"image":{"@id":"https:\/\/pas.websitehelden.net\/it\/settori\/trasporto-aereo-per-squadre-sportive-pasflights\/#primaryimage"},"thumbnailUrl":"https:\/\/er7k5njc6uc.exactdn.com\/wp-content\/uploads\/2025\/08\/Branche-Sport-1.jpg?strip=all&lossy=1&ssl=1","datePublished":"2022-03-29T08:59:10+00:00","dateModified":"2025-05-05T07:41:38+00:00","description":"Hai bisogno di supporto per il trasporto aereo della tua squadra sportiva? Pasflights ti pu\u00f2 aiutare con competenza e professionalit\u00e0.","breadcrumb":{"@id":"https:\/\/pas.websitehelden.net\/it\/settori\/trasporto-aereo-per-squadre-sportive-pasflights\/#breadcrumb"},"inLanguage":"it-IT","potentialAction":[{"@type":"ReadAction","target":["https:\/\/pas.websitehelden.net\/it\/settori\/trasporto-aereo-per-squadre-sportive-pasflights\/"]}]},{"@type":"ImageObject","inLanguage":"it-IT","@id":"https:\/\/pas.websitehelden.net\/it\/settori\/trasporto-aereo-per-squadre-sportive-pasflights\/#primaryimage","url":"https:\/\/er7k5njc6uc.exactdn.com\/wp-content\/uploads\/2025\/08\/Branche-Sport-1.jpg?strip=all&lossy=1&ssl=1","contentUrl":"https:\/\/er7k5njc6uc.exactdn.com\/wp-content\/uploads\/2025\/08\/Branche-Sport-1.jpg?strip=all&lossy=1&ssl=1","width":2560,"height":731,"caption":"Sportteam l\u00e4uft zum Flugzeug"},{"@type":"BreadcrumbList","@id":"https:\/\/pas.websitehelden.net\/it\/settori\/trasporto-aereo-per-squadre-sportive-pasflights\/#breadcrumb","itemListElement":[{"@type":"ListItem","position":1,"name":"Startseite","item":"https:\/\/pas.websitehelden.net\/it\/"},{"@type":"ListItem","position":2,"name":"Settori","item":"https:\/\/pas.websitehelden.net\/it\/settori\/"},{"@type":"ListItem","position":3,"name":"Sport"}]},{"@type":"WebSite","@id":"https:\/\/pas.websitehelden.net\/it\/#website","url":"https:\/\/pas.websitehelden.net\/it\/","name":"Pasflights","description":"Eine weitere WordPress-Website","potentialAction":[{"@type":"SearchAction","target":{"@type":"EntryPoint","urlTemplate":"https:\/\/pas.websitehelden.net\/it\/?s={search_term_string}"},"query-input":{"@type":"PropertyValueSpecification","valueRequired":true,"valueName":"search_term_string"}}],"inLanguage":"it-IT"}]}},"_links":{"self":[{"href":"https:\/\/pas.websitehelden.net\/it\/wp-json\/wp\/v2\/pages\/6167","targetHints":{"allow":["GET"]}}],"collection":[{"href":"https:\/\/pas.websitehelden.net\/it\/wp-json\/wp\/v2\/pages"}],"about":[{"href":"https:\/\/pas.websitehelden.net\/it\/wp-json\/wp\/v2\/types\/page"}],"author":[{"embeddable":true,"href":"https:\/\/pas.websitehelden.net\/it\/wp-json\/wp\/v2\/users\/2"}],"replies":[{"embeddable":true,"href":"https:\/\/pas.websitehelden.net\/it\/wp-json\/wp\/v2\/comments?post=6167"}],"version-history":[{"count":1,"href":"https:\/\/pas.websitehelden.net\/it\/wp-json\/wp\/v2\/pages\/6167\/revisions"}],"predecessor-version":[{"id":20802,"href":"https:\/\/pas.websitehelden.net\/it\/wp-json\/wp\/v2\/pages\/6167\/revisions\/20802"}],"up":[{"embeddable":true,"href":"https:\/\/pas.websitehelden.net\/it\/wp-json\/wp\/v2\/pages\/3835"}],"wp:featuredmedia":[{"embeddable":true,"href":"https:\/\/pas.websitehelden.net\/it\/wp-json\/wp\/v2\/media\/22181"}],"wp:attachment":[{"href":"https:\/\/pas.websitehelden.net\/it\/wp-json\/wp\/v2\/media?parent=6167"}],"wp:term":[{"taxonomy":"category","embeddable":true,"href":"https:\/\/pas.websitehelden.net\/it\/wp-json\/wp\/v2\/categories?post=6167"},{"taxonomy":"post_tag","embeddable":true,"href":"https:\/\/pas.websitehelden.net\/it\/wp-json\/wp\/v2\/tags?post=6167"}],"curies":[{"name":"wp","href":"https:\/\/api.w.org\/{rel}","templated":true}]}}