{"id":6165,"date":"2022-03-29T10:58:16","date_gmt":"2022-03-29T08:58:16","guid":{"rendered":"https:\/\/www.pasflights.com\/settore\/voli-privati-per-delegazioni-governative-e-consolati\/"},"modified":"2024-03-25T11:58:03","modified_gmt":"2024-03-25T10:58:03","slug":"voli-privati-per-delegazioni-governative-e-consolati","status":"publish","type":"page","link":"https:\/\/pas.websitehelden.net\/it\/settori\/voli-privati-per-delegazioni-governative-e-consolati\/","title":{"rendered":"Voli privati per delegazioni governative e consolati"},"content":{"rendered":"\t\t<div data-elementor-type=\"wp-page\" data-elementor-id=\"6165\" class=\"elementor elementor-6165 elementor-1553\" data-elementor-post-type=\"page\">\n\t\t\t\t\t\t<section class=\"elementor-section elementor-top-section elementor-element elementor-element-229064e elementor-section-boxed elementor-section-height-default elementor-section-height-default\" data-id=\"229064e\" data-element_type=\"section\">\n\t\t\t\t\t\t<div class=\"elementor-container elementor-column-gap-default\">\n\t\t\t\t\t<div class=\"elementor-column elementor-col-100 elementor-top-column elementor-element elementor-element-dd4ee00\" data-id=\"dd4ee00\" data-element_type=\"column\">\n\t\t\t<div class=\"elementor-widget-wrap elementor-element-populated\">\n\t\t\t\t\t\t<div class=\"elementor-element elementor-element-eb8a612 elementor-widget elementor-widget-heading\" data-id=\"eb8a612\" data-element_type=\"widget\" data-widget_type=\"heading.default\">\n\t\t\t\t<div class=\"elementor-widget-container\">\n\t\t\t\t\t<h1 class=\"elementor-heading-title elementor-size-default\">Noleggio aereo: Governi, Delegazioni e Consolati<\/h1>\t\t\t\t<\/div>\n\t\t\t\t<\/div>\n\t\t\t\t\t<\/div>\n\t\t<\/div>\n\t\t\t\t\t<\/div>\n\t\t<\/section>\n\t\t\t\t<section class=\"elementor-section elementor-top-section elementor-element elementor-element-a0e50b8 elementor-section-boxed elementor-section-height-default elementor-section-height-default\" data-id=\"a0e50b8\" data-element_type=\"section\">\n\t\t\t\t\t\t<div class=\"elementor-container elementor-column-gap-default\">\n\t\t\t\t\t<div class=\"elementor-column elementor-col-100 elementor-top-column elementor-element elementor-element-5863dc8\" data-id=\"5863dc8\" data-element_type=\"column\">\n\t\t\t<div class=\"elementor-widget-wrap elementor-element-populated\">\n\t\t\t\t\t\t<div class=\"elementor-element elementor-element-0e753e8 elementor-widget elementor-widget-text-editor\" data-id=\"0e753e8\" data-element_type=\"widget\" data-widget_type=\"text-editor.default\">\n\t\t\t\t<div class=\"elementor-widget-container\">\n\t\t\t\t\t\t\t\t\t<p>Siamo un partner esperto nel noleggio aereo per numerose delegazioni, consolati e istituzioni politiche. Il team di PASflights \u00e8 consapevole delle numerose peculiarit\u00e0 che tali viaggi comportano e si prende cura di ogni dettaglio organizzativo in modo discreto e professionale. Affidatevi a noi e alla nostra pluriennale esperienza.<\/p><p>Il rigido protocollo deve essere osservato anche quando importanti delegazioni viaggiano con un charter aereo. PASflights elabora soluzioni di volo su misura per gli ospiti delle delegazioni e per la gestione dei loro bagagli in base alle rispettive specifiche, che soddisfano i requisiti nazionali ed internazionali.<\/p>\t\t\t\t\t\t\t\t<\/div>\n\t\t\t\t<\/div>\n\t\t\t\t\t<\/div>\n\t\t<\/div>\n\t\t\t\t\t<\/div>\n\t\t<\/section>\n\t\t\t\t<section class=\"elementor-section elementor-top-section elementor-element elementor-element-61ff9f1 elementor-section-boxed elementor-section-height-default elementor-section-height-default\" data-id=\"61ff9f1\" data-element_type=\"section\">\n\t\t\t\t\t\t<div class=\"elementor-container elementor-column-gap-default\">\n\t\t\t\t\t<div class=\"elementor-column elementor-col-100 elementor-top-column elementor-element elementor-element-30353d3\" data-id=\"30353d3\" data-element_type=\"column\">\n\t\t\t<div class=\"elementor-widget-wrap elementor-element-populated\">\n\t\t\t\t\t\t<div class=\"elementor-element elementor-element-6f547e9 elementor-widget elementor-widget-heading\" data-id=\"6f547e9\" data-element_type=\"widget\" data-widget_type=\"heading.default\">\n\t\t\t\t<div class=\"elementor-widget-container\">\n\t\t\t\t\t<h2 class=\"elementor-heading-title elementor-size-default\">Siamo a disposizione per voi<\/h2>\t\t\t\t<\/div>\n\t\t\t\t<\/div>\n\t\t\t\t\t<\/div>\n\t\t<\/div>\n\t\t\t\t\t<\/div>\n\t\t<\/section>\n\t\t\t\t<section class=\"elementor-section elementor-top-section elementor-element elementor-element-81391ea elementor-section-boxed elementor-section-height-default elementor-section-height-default\" data-id=\"81391ea\" data-element_type=\"section\">\n\t\t\t\t\t\t<div class=\"elementor-container elementor-column-gap-default\">\n\t\t\t\t\t<div class=\"elementor-column elementor-col-100 elementor-top-column elementor-element elementor-element-c5cb0bc\" data-id=\"c5cb0bc\" data-element_type=\"column\">\n\t\t\t<div class=\"elementor-widget-wrap elementor-element-populated\">\n\t\t\t\t\t\t<div class=\"elementor-element elementor-element-303d2fd elementor-widget elementor-widget-text-editor\" data-id=\"303d2fd\" data-element_type=\"widget\" data-widget_type=\"text-editor.default\">\n\t\t\t\t<div class=\"elementor-widget-container\">\n\t\t\t\t\t\t\t\t\t<p>Da decenni, il team di PASflights fornisce un&#8217;assistenza affidabile ed efficace in situazioni di crisi umanitarie come quella del terremoto in Nepal, la crisi in Medio Oriente o le carestie in Africa.<\/p><p>\u00a0<\/p><p>I nostri esperti, che si trovano personalmente sul campo in numerose aree di crisi, possono quindi valutare la situazione locale con le rispettive opzioni di intervento, in modo affidabile e tempestivo, al fine di creare soluzioni efficaci per la pianificazione del volo e dell\u2018infrastruttura. Con noi di PASflights avrete a disposizione i migliori charter aerei per la vostra delegazione. Gli esperti di gestione delle crisi di PASflights organizzano con sicurezza anche i trasporti in entrata e in uscita via terra e via mare.<\/p><p>\u00a0<\/p><p>PASflights fa parte del Gruppo Skylink, noto da oltre 30 anni per le sue straordinarie missioni per numerose e rinomate organizzazioni umanitarie internazionali e istituzioni governative di fama mondiale.<\/p><p>Governi, consolati, delegazioni di ricerca e d\u2019affari di alto livello si affidano alla discrezione e alla professionalit\u00e0 del nostro team di esperti del settore.<\/p>\t\t\t\t\t\t\t\t<\/div>\n\t\t\t\t<\/div>\n\t\t\t\t\t<\/div>\n\t\t<\/div>\n\t\t\t\t\t<\/div>\n\t\t<\/section>\n\t\t\t\t<section class=\"elementor-section elementor-top-section elementor-element elementor-element-e11bbf1 elementor-section-boxed elementor-section-height-default elementor-section-height-default\" data-id=\"e11bbf1\" data-element_type=\"section\">\n\t\t\t\t\t\t<div class=\"elementor-container elementor-column-gap-default\">\n\t\t\t\t\t<div class=\"elementor-column elementor-col-100 elementor-top-column elementor-element elementor-element-b41f754\" data-id=\"b41f754\" data-element_type=\"column\">\n\t\t\t<div class=\"elementor-widget-wrap elementor-element-populated\">\n\t\t\t\t\t\t<div class=\"elementor-element elementor-element-a87acef elementor-widget elementor-widget-heading\" data-id=\"a87acef\" data-element_type=\"widget\" data-widget_type=\"heading.default\">\n\t\t\t\t<div class=\"elementor-widget-container\">\n\t\t\t\t\t<h2 class=\"elementor-heading-title elementor-size-default\">Perch\u00e9 ogni momento \u00e8 importante<\/h2>\t\t\t\t<\/div>\n\t\t\t\t<\/div>\n\t\t\t\t\t<\/div>\n\t\t<\/div>\n\t\t\t\t\t<\/div>\n\t\t<\/section>\n\t\t\t\t<section class=\"elementor-section elementor-top-section elementor-element elementor-element-6bd4398 elementor-section-boxed elementor-section-height-default elementor-section-height-default\" data-id=\"6bd4398\" data-element_type=\"section\">\n\t\t\t\t\t\t<div class=\"elementor-container elementor-column-gap-default\">\n\t\t\t\t\t<div class=\"elementor-column elementor-col-100 elementor-top-column elementor-element elementor-element-94f9696\" data-id=\"94f9696\" data-element_type=\"column\">\n\t\t\t<div class=\"elementor-widget-wrap elementor-element-populated\">\n\t\t\t\t\t\t<div class=\"elementor-element elementor-element-da3e5be elementor-widget elementor-widget-text-editor\" data-id=\"da3e5be\" data-element_type=\"widget\" data-widget_type=\"text-editor.default\">\n\t\t\t\t<div class=\"elementor-widget-container\">\n\t\t\t\t\t\t\t\t\t<p>Nelle complesse operazioni globali, la reattivit\u00e0 immediata e il personale esperto sul campo sono fondamentali. Questo ci rende il partner perfetto per il servizio di charter aereo per delegazioni, organizzazioni umanitarie e governi di tutto il mondo. La nostra esperienza nella pianificazione delle missioni, la nostra profonda competenza e la nostra rete globale assicurano operazioni senza intoppi anche in condizioni di grande pressione per situazioni d\u2019urgenza e di emergenza. Anche in situazioni delicate, e nelle condizioni pi\u00f9 difficili, offriamo in ogni momento soluzioni affidabili e veloci per il noleggio di aeromobili per le delegazioni in tutto il mondo.<\/p><p>Ogni crisi in questo mondo ha il suo volto e ognuna richiede una considerazione e una risposta individuale. Esistono molti piani d\u2018emergenza, ma alla fine ci\u00f2 che conta \u00e8 la flessibilit\u00e0, l&#8217;impegno e la passione per superare le crisi.<\/p>\t\t\t\t\t\t\t\t<\/div>\n\t\t\t\t<\/div>\n\t\t\t\t\t<\/div>\n\t\t<\/div>\n\t\t\t\t\t<\/div>\n\t\t<\/section>\n\t\t\t\t<section class=\"elementor-section elementor-top-section elementor-element elementor-element-0a1f347 elementor-section-boxed elementor-section-height-default elementor-section-height-default\" data-id=\"0a1f347\" data-element_type=\"section\">\n\t\t\t\t\t\t<div class=\"elementor-container elementor-column-gap-default\">\n\t\t\t\t\t<div class=\"elementor-column elementor-col-100 elementor-top-column elementor-element elementor-element-acfcbda\" data-id=\"acfcbda\" data-element_type=\"column\">\n\t\t\t<div class=\"elementor-widget-wrap elementor-element-populated\">\n\t\t\t\t\t\t<div class=\"elementor-element elementor-element-6038aea elementor-widget elementor-widget-heading\" data-id=\"6038aea\" data-element_type=\"widget\" data-widget_type=\"heading.default\">\n\t\t\t\t<div class=\"elementor-widget-container\">\n\t\t\t\t\t<h2 class=\"elementor-heading-title elementor-size-default\">Evacuazioni<\/h2>\t\t\t\t<\/div>\n\t\t\t\t<\/div>\n\t\t\t\t\t<\/div>\n\t\t<\/div>\n\t\t\t\t\t<\/div>\n\t\t<\/section>\n\t\t\t\t<section class=\"elementor-section elementor-top-section elementor-element elementor-element-9185bdb elementor-section-boxed elementor-section-height-default elementor-section-height-default\" data-id=\"9185bdb\" data-element_type=\"section\">\n\t\t\t\t\t\t<div class=\"elementor-container elementor-column-gap-default\">\n\t\t\t\t\t<div class=\"elementor-column elementor-col-100 elementor-top-column elementor-element elementor-element-9ea56dc\" data-id=\"9ea56dc\" data-element_type=\"column\">\n\t\t\t<div class=\"elementor-widget-wrap elementor-element-populated\">\n\t\t\t\t\t\t<div class=\"elementor-element elementor-element-84d6cbb elementor-widget elementor-widget-text-editor\" data-id=\"84d6cbb\" data-element_type=\"widget\" data-widget_type=\"text-editor.default\">\n\t\t\t\t<div class=\"elementor-widget-container\">\n\t\t\t\t\t\t\t\t\t<p>La massima sicurezza dei vostri dipendenti in situazioni d\u2018emergenza \u00e8 la nostra priorit\u00e0. Quando la situazione \u00e8 in stato d\u2018emergenza, gli specialisti di PASflights mantengono una visione d&#8217;insieme e la calma necessaria. Controlliamo attentamente la situazione nell&#8217;area di crisi e ci occupiamo degli aeroporti di partenza e gestiamo al meglio i relativi trasferimenti. Permessi d\u2018ingresso e di uscita, autorizzazioni diplomatiche e le possibili vie di trasporto fanno parte del pacchetto complessivo, cos\u00ec come l&#8217;assistenza per problematiche quali i bagagli, il cibo o il trasporto di animali domestici. Con i charter aerei di PASflights per le delegazioni vi sentirete sempre al sicuro.<\/p>\t\t\t\t\t\t\t\t<\/div>\n\t\t\t\t<\/div>\n\t\t\t\t\t<\/div>\n\t\t<\/div>\n\t\t\t\t\t<\/div>\n\t\t<\/section>\n\t\t\t\t<section class=\"elementor-section elementor-top-section elementor-element elementor-element-1c6a292 elementor-section-boxed elementor-section-height-default elementor-section-height-default\" data-id=\"1c6a292\" data-element_type=\"section\">\n\t\t\t\t\t\t<div class=\"elementor-container elementor-column-gap-default\">\n\t\t\t\t\t<div class=\"elementor-column elementor-col-100 elementor-top-column elementor-element elementor-element-3678806\" data-id=\"3678806\" data-element_type=\"column\">\n\t\t\t<div class=\"elementor-widget-wrap elementor-element-populated\">\n\t\t\t\t\t\t<div class=\"elementor-element elementor-element-97d113f elementor-widget elementor-widget-heading\" data-id=\"97d113f\" data-element_type=\"widget\" data-widget_type=\"heading.default\">\n\t\t\t\t<div class=\"elementor-widget-container\">\n\t\t\t\t\t<h2 class=\"elementor-heading-title elementor-size-default\">Viaggiare verso la destinazione in totale sicurezza<\/h2>\t\t\t\t<\/div>\n\t\t\t\t<\/div>\n\t\t\t\t\t<\/div>\n\t\t<\/div>\n\t\t\t\t\t<\/div>\n\t\t<\/section>\n\t\t\t\t<section class=\"elementor-section elementor-top-section elementor-element elementor-element-2ab8f05 elementor-section-boxed elementor-section-height-default elementor-section-height-default\" data-id=\"2ab8f05\" data-element_type=\"section\">\n\t\t\t\t\t\t<div class=\"elementor-container elementor-column-gap-default\">\n\t\t\t\t\t<div class=\"elementor-column elementor-col-100 elementor-top-column elementor-element elementor-element-94d1d44\" data-id=\"94d1d44\" data-element_type=\"column\">\n\t\t\t<div class=\"elementor-widget-wrap elementor-element-populated\">\n\t\t\t\t\t\t<div class=\"elementor-element elementor-element-d0b5ddb elementor-widget elementor-widget-text-editor\" data-id=\"d0b5ddb\" data-element_type=\"widget\" data-widget_type=\"text-editor.default\">\n\t\t\t\t<div class=\"elementor-widget-container\">\n\t\t\t\t\t\t\t\t\t<p>Il giusto mezzo di trasporto spesso fa la differenza in momenti critici. Abbiamo accesso a numerose opzioni di trasporto per offrirvi la soluzione di noleggio aereo ottimale per le vostre delegazioni.<\/p><p>Con Federalflights, offriamo soluzioni di noleggio aereo affidabili e veloci, anche in situazioni di crisi ed in circostanze delicate. Vi consiglieremo in modo rapido e diretto le migliori opzioni disponibili e configureremo la vostra soluzione ottimale di noleggio aereo tempestivamente. Contattate i nostri esperti di volo. <\/p>\t\t\t\t\t\t\t\t<\/div>\n\t\t\t\t<\/div>\n\t\t\t\t\t<\/div>\n\t\t<\/div>\n\t\t\t\t\t<\/div>\n\t\t<\/section>\n\t\t\t\t<\/div>\n\t\t","protected":false},"excerpt":{"rendered":"<p>Noleggio aereo: Governi, Delegazioni e Consolati Siamo un partner esperto nel noleggio aereo per numerose delegazioni, consolati e istituzioni politiche. Il team di PASflights \u00e8 consapevole delle numerose peculiarit\u00e0 che tali viaggi comportano e si prende cura di ogni dettaglio organizzativo in modo discreto e professionale. Affidatevi a noi e alla nostra pluriennale esperienza. Il [&hellip;]<\/p>\n","protected":false},"author":2,"featured_media":22164,"parent":3835,"menu_order":0,"comment_status":"closed","ping_status":"closed","template":"","meta":{"_acf_changed":false,"footnotes":""},"categories":[],"tags":[78],"class_list":["post-6165","page","type-page","status-publish","has-post-thumbnail","hentry","tag-settori"],"acf":[],"yoast_head":"<!-- This site is optimized with the Yoast SEO plugin v27.4 - https:\/\/yoast.com\/product\/yoast-seo-wordpress\/ -->\n<title>Voli Privati per Delegazioni Governative e Consolati | Pasflights<\/title>\n<meta name=\"description\" content=\"Pasflights organizza voli privati per delegazioni governative e consolati. Diverse opzioni di trasporto per offrirvi la soluzione di noleggio aereo perfetta.\" \/>\n<meta name=\"robots\" content=\"index, follow, max-snippet:-1, max-image-preview:large, max-video-preview:-1\" \/>\n<link rel=\"canonical\" href=\"https:\/\/pas.websitehelden.net\/it\/settori\/voli-privati-per-delegazioni-governative-e-consolati\/\" \/>\n<meta property=\"og:locale\" content=\"it_IT\" \/>\n<meta property=\"og:type\" content=\"article\" \/>\n<meta property=\"og:title\" content=\"Voli Privati per Delegazioni Governative e Consolati | Pasflights\" \/>\n<meta property=\"og:description\" content=\"Pasflights organizza voli privati per delegazioni governative e consolati. Diverse opzioni di trasporto per offrirvi la soluzione di noleggio aereo perfetta.\" \/>\n<meta property=\"og:url\" content=\"https:\/\/pas.websitehelden.net\/it\/settori\/voli-privati-per-delegazioni-governative-e-consolati\/\" \/>\n<meta property=\"og:site_name\" content=\"Pasflights\" \/>\n<meta property=\"article:modified_time\" content=\"2024-03-25T10:58:03+00:00\" \/>\n<meta property=\"og:image\" content=\"https:\/\/er7k5njc6uc.exactdn.com\/wp-content\/uploads\/2025\/08\/Branche-Regierung-Delegation-Konsulate.jpg?strip=all&lossy=1&ssl=1\" \/>\n\t<meta property=\"og:image:width\" content=\"1614\" \/>\n\t<meta property=\"og:image:height\" content=\"1080\" \/>\n\t<meta property=\"og:image:type\" content=\"image\/jpeg\" \/>\n<meta name=\"twitter:card\" content=\"summary_large_image\" \/>\n<meta name=\"twitter:label1\" content=\"Est. reading time\" \/>\n\t<meta name=\"twitter:data1\" content=\"4 minutes\" \/>\n<script type=\"application\/ld+json\" class=\"yoast-schema-graph\">{\"@context\":\"https:\\\/\\\/schema.org\",\"@graph\":[{\"@type\":\"WebPage\",\"@id\":\"https:\\\/\\\/pas.websitehelden.net\\\/it\\\/settori\\\/voli-privati-per-delegazioni-governative-e-consolati\\\/\",\"url\":\"https:\\\/\\\/pas.websitehelden.net\\\/it\\\/settori\\\/voli-privati-per-delegazioni-governative-e-consolati\\\/\",\"name\":\"Voli Privati per Delegazioni Governative e Consolati | Pasflights\",\"isPartOf\":{\"@id\":\"https:\\\/\\\/pas.websitehelden.net\\\/it\\\/#website\"},\"primaryImageOfPage\":{\"@id\":\"https:\\\/\\\/pas.websitehelden.net\\\/it\\\/settori\\\/voli-privati-per-delegazioni-governative-e-consolati\\\/#primaryimage\"},\"image\":{\"@id\":\"https:\\\/\\\/pas.websitehelden.net\\\/it\\\/settori\\\/voli-privati-per-delegazioni-governative-e-consolati\\\/#primaryimage\"},\"thumbnailUrl\":\"https:\\\/\\\/er7k5njc6uc.exactdn.com\\\/wp-content\\\/uploads\\\/2025\\\/08\\\/Branche-Regierung-Delegation-Konsulate.jpg?strip=all&lossy=1&ssl=1\",\"datePublished\":\"2022-03-29T08:58:16+00:00\",\"dateModified\":\"2024-03-25T10:58:03+00:00\",\"description\":\"Pasflights organizza voli privati per delegazioni governative e consolati. Diverse opzioni di trasporto per offrirvi la soluzione di noleggio aereo perfetta.\",\"breadcrumb\":{\"@id\":\"https:\\\/\\\/pas.websitehelden.net\\\/it\\\/settori\\\/voli-privati-per-delegazioni-governative-e-consolati\\\/#breadcrumb\"},\"inLanguage\":\"it-IT\",\"potentialAction\":[{\"@type\":\"ReadAction\",\"target\":[\"https:\\\/\\\/pas.websitehelden.net\\\/it\\\/settori\\\/voli-privati-per-delegazioni-governative-e-consolati\\\/\"]}]},{\"@type\":\"ImageObject\",\"inLanguage\":\"it-IT\",\"@id\":\"https:\\\/\\\/pas.websitehelden.net\\\/it\\\/settori\\\/voli-privati-per-delegazioni-governative-e-consolati\\\/#primaryimage\",\"url\":\"https:\\\/\\\/er7k5njc6uc.exactdn.com\\\/wp-content\\\/uploads\\\/2025\\\/08\\\/Branche-Regierung-Delegation-Konsulate.jpg?strip=all&lossy=1&ssl=1\",\"contentUrl\":\"https:\\\/\\\/er7k5njc6uc.exactdn.com\\\/wp-content\\\/uploads\\\/2025\\\/08\\\/Branche-Regierung-Delegation-Konsulate.jpg?strip=all&lossy=1&ssl=1\",\"width\":1614,\"height\":1080,\"caption\":\"Flaggen verschiedener L\u00e4nder\"},{\"@type\":\"BreadcrumbList\",\"@id\":\"https:\\\/\\\/pas.websitehelden.net\\\/it\\\/settori\\\/voli-privati-per-delegazioni-governative-e-consolati\\\/#breadcrumb\",\"itemListElement\":[{\"@type\":\"ListItem\",\"position\":1,\"name\":\"Startseite\",\"item\":\"https:\\\/\\\/pas.websitehelden.net\\\/it\\\/\"},{\"@type\":\"ListItem\",\"position\":2,\"name\":\"Settori\",\"item\":\"https:\\\/\\\/pas.websitehelden.net\\\/it\\\/settori\\\/\"},{\"@type\":\"ListItem\",\"position\":3,\"name\":\"Voli privati per delegazioni governative e consolati\"}]},{\"@type\":\"WebSite\",\"@id\":\"https:\\\/\\\/pas.websitehelden.net\\\/it\\\/#website\",\"url\":\"https:\\\/\\\/pas.websitehelden.net\\\/it\\\/\",\"name\":\"Pasflights\",\"description\":\"Eine weitere WordPress-Website\",\"potentialAction\":[{\"@type\":\"SearchAction\",\"target\":{\"@type\":\"EntryPoint\",\"urlTemplate\":\"https:\\\/\\\/pas.websitehelden.net\\\/it\\\/?s={search_term_string}\"},\"query-input\":{\"@type\":\"PropertyValueSpecification\",\"valueRequired\":true,\"valueName\":\"search_term_string\"}}],\"inLanguage\":\"it-IT\"}]}<\/script>\n<!-- \/ Yoast SEO plugin. -->","yoast_head_json":{"title":"Voli Privati per Delegazioni Governative e Consolati | Pasflights","description":"Pasflights organizza voli privati per delegazioni governative e consolati. Diverse opzioni di trasporto per offrirvi la soluzione di noleggio aereo perfetta.","robots":{"index":"index","follow":"follow","max-snippet":"max-snippet:-1","max-image-preview":"max-image-preview:large","max-video-preview":"max-video-preview:-1"},"canonical":"https:\/\/pas.websitehelden.net\/it\/settori\/voli-privati-per-delegazioni-governative-e-consolati\/","og_locale":"it_IT","og_type":"article","og_title":"Voli Privati per Delegazioni Governative e Consolati | Pasflights","og_description":"Pasflights organizza voli privati per delegazioni governative e consolati. Diverse opzioni di trasporto per offrirvi la soluzione di noleggio aereo perfetta.","og_url":"https:\/\/pas.websitehelden.net\/it\/settori\/voli-privati-per-delegazioni-governative-e-consolati\/","og_site_name":"Pasflights","article_modified_time":"2024-03-25T10:58:03+00:00","og_image":[{"width":1614,"height":1080,"url":"https:\/\/er7k5njc6uc.exactdn.com\/wp-content\/uploads\/2025\/08\/Branche-Regierung-Delegation-Konsulate.jpg?strip=all&lossy=1&ssl=1","type":"image\/jpeg"}],"twitter_card":"summary_large_image","twitter_misc":{"Est. reading time":"4 minutes"},"schema":{"@context":"https:\/\/schema.org","@graph":[{"@type":"WebPage","@id":"https:\/\/pas.websitehelden.net\/it\/settori\/voli-privati-per-delegazioni-governative-e-consolati\/","url":"https:\/\/pas.websitehelden.net\/it\/settori\/voli-privati-per-delegazioni-governative-e-consolati\/","name":"Voli Privati per Delegazioni Governative e Consolati | Pasflights","isPartOf":{"@id":"https:\/\/pas.websitehelden.net\/it\/#website"},"primaryImageOfPage":{"@id":"https:\/\/pas.websitehelden.net\/it\/settori\/voli-privati-per-delegazioni-governative-e-consolati\/#primaryimage"},"image":{"@id":"https:\/\/pas.websitehelden.net\/it\/settori\/voli-privati-per-delegazioni-governative-e-consolati\/#primaryimage"},"thumbnailUrl":"https:\/\/er7k5njc6uc.exactdn.com\/wp-content\/uploads\/2025\/08\/Branche-Regierung-Delegation-Konsulate.jpg?strip=all&lossy=1&ssl=1","datePublished":"2022-03-29T08:58:16+00:00","dateModified":"2024-03-25T10:58:03+00:00","description":"Pasflights organizza voli privati per delegazioni governative e consolati. Diverse opzioni di trasporto per offrirvi la soluzione di noleggio aereo perfetta.","breadcrumb":{"@id":"https:\/\/pas.websitehelden.net\/it\/settori\/voli-privati-per-delegazioni-governative-e-consolati\/#breadcrumb"},"inLanguage":"it-IT","potentialAction":[{"@type":"ReadAction","target":["https:\/\/pas.websitehelden.net\/it\/settori\/voli-privati-per-delegazioni-governative-e-consolati\/"]}]},{"@type":"ImageObject","inLanguage":"it-IT","@id":"https:\/\/pas.websitehelden.net\/it\/settori\/voli-privati-per-delegazioni-governative-e-consolati\/#primaryimage","url":"https:\/\/er7k5njc6uc.exactdn.com\/wp-content\/uploads\/2025\/08\/Branche-Regierung-Delegation-Konsulate.jpg?strip=all&lossy=1&ssl=1","contentUrl":"https:\/\/er7k5njc6uc.exactdn.com\/wp-content\/uploads\/2025\/08\/Branche-Regierung-Delegation-Konsulate.jpg?strip=all&lossy=1&ssl=1","width":1614,"height":1080,"caption":"Flaggen verschiedener L\u00e4nder"},{"@type":"BreadcrumbList","@id":"https:\/\/pas.websitehelden.net\/it\/settori\/voli-privati-per-delegazioni-governative-e-consolati\/#breadcrumb","itemListElement":[{"@type":"ListItem","position":1,"name":"Startseite","item":"https:\/\/pas.websitehelden.net\/it\/"},{"@type":"ListItem","position":2,"name":"Settori","item":"https:\/\/pas.websitehelden.net\/it\/settori\/"},{"@type":"ListItem","position":3,"name":"Voli privati per delegazioni governative e consolati"}]},{"@type":"WebSite","@id":"https:\/\/pas.websitehelden.net\/it\/#website","url":"https:\/\/pas.websitehelden.net\/it\/","name":"Pasflights","description":"Eine weitere WordPress-Website","potentialAction":[{"@type":"SearchAction","target":{"@type":"EntryPoint","urlTemplate":"https:\/\/pas.websitehelden.net\/it\/?s={search_term_string}"},"query-input":{"@type":"PropertyValueSpecification","valueRequired":true,"valueName":"search_term_string"}}],"inLanguage":"it-IT"}]}},"_links":{"self":[{"href":"https:\/\/pas.websitehelden.net\/it\/wp-json\/wp\/v2\/pages\/6165","targetHints":{"allow":["GET"]}}],"collection":[{"href":"https:\/\/pas.websitehelden.net\/it\/wp-json\/wp\/v2\/pages"}],"about":[{"href":"https:\/\/pas.websitehelden.net\/it\/wp-json\/wp\/v2\/types\/page"}],"author":[{"embeddable":true,"href":"https:\/\/pas.websitehelden.net\/it\/wp-json\/wp\/v2\/users\/2"}],"replies":[{"embeddable":true,"href":"https:\/\/pas.websitehelden.net\/it\/wp-json\/wp\/v2\/comments?post=6165"}],"version-history":[{"count":0,"href":"https:\/\/pas.websitehelden.net\/it\/wp-json\/wp\/v2\/pages\/6165\/revisions"}],"up":[{"embeddable":true,"href":"https:\/\/pas.websitehelden.net\/it\/wp-json\/wp\/v2\/pages\/3835"}],"wp:featuredmedia":[{"embeddable":true,"href":"https:\/\/pas.websitehelden.net\/it\/wp-json\/wp\/v2\/media\/22164"}],"wp:attachment":[{"href":"https:\/\/pas.websitehelden.net\/it\/wp-json\/wp\/v2\/media?parent=6165"}],"wp:term":[{"taxonomy":"category","embeddable":true,"href":"https:\/\/pas.websitehelden.net\/it\/wp-json\/wp\/v2\/categories?post=6165"},{"taxonomy":"post_tag","embeddable":true,"href":"https:\/\/pas.websitehelden.net\/it\/wp-json\/wp\/v2\/tags?post=6165"}],"curies":[{"name":"wp","href":"https:\/\/api.w.org\/{rel}","templated":true}]}}