{"id":6162,"date":"2022-03-29T10:57:51","date_gmt":"2022-03-29T08:57:51","guid":{"rendered":"https:\/\/www.pasflights.com\/settore\/ong-e-organizzazioni-umanitarie\/"},"modified":"2022-10-28T14:15:25","modified_gmt":"2022-10-28T12:15:25","slug":"ong-e-organizzazioni-umanitarie","status":"publish","type":"page","link":"https:\/\/pas.websitehelden.net\/it\/settori\/ong-e-organizzazioni-umanitarie\/","title":{"rendered":"Ong e organizzazioni umanitarie"},"content":{"rendered":"\t\t<div data-elementor-type=\"wp-page\" data-elementor-id=\"6162\" class=\"elementor elementor-6162 elementor-1550\" data-elementor-post-type=\"page\">\n\t\t\t\t\t\t<section class=\"elementor-section elementor-top-section elementor-element elementor-element-cd29d07 elementor-section-boxed elementor-section-height-default elementor-section-height-default\" data-id=\"cd29d07\" data-element_type=\"section\">\n\t\t\t\t\t\t<div class=\"elementor-container elementor-column-gap-default\">\n\t\t\t\t\t<div class=\"elementor-column elementor-col-100 elementor-top-column elementor-element elementor-element-38a0ced\" data-id=\"38a0ced\" data-element_type=\"column\">\n\t\t\t<div class=\"elementor-widget-wrap elementor-element-populated\">\n\t\t\t\t\t\t<div class=\"elementor-element elementor-element-b8be2ab elementor-widget elementor-widget-heading\" data-id=\"b8be2ab\" data-element_type=\"widget\" data-widget_type=\"heading.default\">\n\t\t\t\t<div class=\"elementor-widget-container\">\n\t\t\t\t\t<h1 class=\"elementor-heading-title elementor-size-default\">Organizzazioni Non Governative e organizzazioni umanitarie<\/h1>\t\t\t\t<\/div>\n\t\t\t\t<\/div>\n\t\t\t\t\t<\/div>\n\t\t<\/div>\n\t\t\t\t\t<\/div>\n\t\t<\/section>\n\t\t\t\t<section class=\"elementor-section elementor-top-section elementor-element elementor-element-f422e26 elementor-section-boxed elementor-section-height-default elementor-section-height-default\" data-id=\"f422e26\" data-element_type=\"section\">\n\t\t\t\t\t\t<div class=\"elementor-container elementor-column-gap-default\">\n\t\t\t\t\t<div class=\"elementor-column elementor-col-100 elementor-top-column elementor-element elementor-element-d3efa29\" data-id=\"d3efa29\" data-element_type=\"column\">\n\t\t\t<div class=\"elementor-widget-wrap elementor-element-populated\">\n\t\t\t\t\t\t<div class=\"elementor-element elementor-element-927f17b elementor-widget elementor-widget-text-editor\" data-id=\"927f17b\" data-element_type=\"widget\" data-widget_type=\"text-editor.default\">\n\t\t\t\t<div class=\"elementor-widget-container\">\n\t\t\t\t\t\t\t\t\t<p>Quando le operazioni di soccorso in qualsiasi parte del mondo risultano necessarie, sia che si tratti di terremoti, inondazioni, disastri o di altre emergenze umanitarie, \u00e8 necessaria una reazione rapida e tempestiva. PASflights \u00e8 il partner perfetto, competente ed affidabile, a cui si affidano gi\u00e0 diverse organizzazioni, autorit\u00e0, istituzioni e ONG (Organizzazioni Non Governative). Grazie ai nostri <a href=\"https:\/\/federalflights.com\/en\/\" target=\"_blank\" rel=\"noopener\">Federalflights<\/a> siamo in grado di supportare e prestare soccorso in qualsiasi situazione di emergenza e in qualunque parte del mondo.<\/p>\n<h2>Aiuti umanitari di emergenza<\/h2>\n<p>Il nostro team coordina sia voli charter ad hoc che progetti di voli pianificati a lungo termine nell&#8217;ambito degli aiuti umanitari per le Nazioni Unite, i governi, le ONG internazionali e altre organizzazioni umanitarie.<\/p>\n<p>Siamo orgogliosi della nostra capacit\u00e0 di risposta in modo tempestivo alle diverse situazioni di crisi, e coordiniamo 24 ore su 24 sia voli charter ad hoc che voli charter pianificati a lungo termine per progetti di aiuti umanitari. I nostri esperti di situazioni di emergenza e crisi sono a vostra disposizione 24 ore su 24, 7 giorni su 7!<\/p>\n<p>Da decenni, il team di PASflights collabora in modo affidabile ed efficace con molte organizzazioni non governative in situazioni di crisi umanitaria come \u00e8 accaduto in occasione del terremoto in Nepal, la crisi in Medio Oriente o la carestia in Africa.<\/p>\n<p>Gli esperti sono personalmente sul posto in numerose aree di crisi e possono quindi valutare la situazione locale e le rispettive opzioni di intervento in modo affidabile e tempestivo. Oltre alle soluzioni di volo, i nostri esperti delle situazioni di crisi organizzano anche il trasporto in entrata, e in uscita, via terra e via mare.<\/p>\n<p>PASflights fa parte del&nbsp;<a href=\"https:\/\/skylink-holding.com\/en\/\" target=\"_blank\" rel=\"noopener\">Gruppo Skylink<\/a>, noto da oltre 30 anni per lo straordinario lavoro svolto per numerose organizzazioni umanitarie internazionali e istituzioni governative. La nostra rete di relazioni con una copertura internazionale, unica nel suo genere, ci consente di supportare al meglio le organizzazioni umanitarie nel rispondere alle crisi globali nel pi\u00f9 breve tempo possibile.<\/p>\n<h2>Veloce e non burocratico<\/h2>\n<p>Nelle operazioni globali complesse, la reattivit\u00e0 immediata e la presenza di personale esperto sul posto sono fondamentali. Il primo soccorso deve essere rapido e non soggetto ai tempi imposti dalla burocrazia. Per questo motivo collaboriamo con note organizzazioni umanitarie in tutto il mondo.<\/p>\n<p>Il nostro obiettivo principale \u00e8 quello di garantire operazioni senza intoppi, anche in condizioni di estrema criticit\u00e0, mettendo insieme tutte le risorse, la vasta esperienza nella pianificazione operativa e l&#8217;utilizzo di una solida competenza di volo. Il team di PASflights pu\u00f2 contare su una rete internazionale per offrire soluzioni di noleggio di aeromobili affidabili e veloci anche in situazioni delicate e nelle condizioni pi\u00f9 difficili.<\/p>\n<p>Ogni crisi, passata e futura, ha le proprie caratteristiche, e per tale motivo ognuna richiede una considerazione e una risposta individuale. Esistono molti piani di emergenza, ma alla fine ci\u00f2 che conta \u00e8 la flessibilit\u00e0, l&#8217;impegno e la passione per superare le situazioni di crisi.<\/p>\n<h2>Soluzioni aeronautiche per il trasporto aereo<\/h2>\n<p>Dai piccoli carichi fino alle merci di grandi dimensioni, passando per missioni complesse e delicate:<br>PASflights offre sempre l&#8217;opzione di trasporto perfetta.<\/p>\n<h2>Sicuri fino a destinazione<\/h2>\n<p>Grazie ai&nbsp;<a href=\"https:\/\/federalflights.com\/en\/\" target=\"_blank\">Federalflights<\/a>, offriamo soluzioni di noleggio aereo affidabili e tempestive per le ONG e le organizzazioni umanitarie, anche in situazioni di crisi e in circostanze delicate. Forniamo una consulenza rapida e semplice sulle diverse soluzioni di noleggio aereo. Per maggiori informazioni&nbsp;<a href=\"https:\/\/pas.websitehelden.net\/it\/contatti\/\" target=\"_blank\">contattate&nbsp;<\/a>i nostri esperti di volo.<\/p>\t\t\t\t\t\t\t\t<\/div>\n\t\t\t\t<\/div>\n\t\t\t\t\t<\/div>\n\t\t<\/div>\n\t\t\t\t\t<\/div>\n\t\t<\/section>\n\t\t\t\t<\/div>\n\t\t","protected":false},"excerpt":{"rendered":"<p>Organizzazioni Non Governative e organizzazioni umanitarie Quando le operazioni di soccorso in qualsiasi parte del mondo risultano necessarie, sia che si tratti di terremoti, inondazioni, disastri o di altre emergenze umanitarie, \u00e8 necessaria una reazione rapida e tempestiva. PASflights \u00e8 il partner perfetto, competente ed affidabile, a cui si affidano gi\u00e0 diverse organizzazioni, autorit\u00e0, istituzioni [&hellip;]<\/p>\n","protected":false},"author":2,"featured_media":11878,"parent":3835,"menu_order":0,"comment_status":"closed","ping_status":"closed","template":"","meta":{"_acf_changed":false,"footnotes":""},"categories":[],"tags":[78],"class_list":["post-6162","page","type-page","status-publish","has-post-thumbnail","hentry","tag-settori"],"acf":[],"yoast_head":"<!-- This site is optimized with the Yoast SEO plugin v27.4 - https:\/\/yoast.com\/product\/yoast-seo-wordpress\/ -->\n<title>ONG e Organizzazioni Umanitarie | Pasflights<\/title>\n<meta name=\"description\" content=\"Pasflights \u00e8 partner di volo per ong e organizzazioni umanitarie. Offriamo opzioni di trasporto da piccoli carichi fino a merci di grandi dimensioni.\" \/>\n<meta name=\"robots\" content=\"index, follow, max-snippet:-1, max-image-preview:large, max-video-preview:-1\" \/>\n<link rel=\"canonical\" href=\"https:\/\/pas.websitehelden.net\/it\/settori\/ong-e-organizzazioni-umanitarie\/\" \/>\n<meta property=\"og:locale\" content=\"it_IT\" \/>\n<meta property=\"og:type\" content=\"article\" \/>\n<meta property=\"og:title\" content=\"ONG e Organizzazioni Umanitarie | Pasflights\" \/>\n<meta property=\"og:description\" content=\"Pasflights \u00e8 partner di volo per ong e organizzazioni umanitarie. Offriamo opzioni di trasporto da piccoli carichi fino a merci di grandi dimensioni.\" \/>\n<meta property=\"og:url\" content=\"https:\/\/pas.websitehelden.net\/it\/settori\/ong-e-organizzazioni-umanitarie\/\" \/>\n<meta property=\"og:site_name\" content=\"Pasflights\" \/>\n<meta property=\"article:modified_time\" content=\"2022-10-28T12:15:25+00:00\" \/>\n<meta property=\"og:image\" content=\"https:\/\/er7k5njc6uc.exactdn.com\/wp-content\/uploads\/2023\/07\/fluege-nach-lappland-scaled-e1690197646483.jpeg?strip=all&lossy=1&ssl=1\" \/>\n\t<meta property=\"og:image:width\" content=\"2560\" \/>\n\t<meta property=\"og:image:height\" content=\"1518\" \/>\n\t<meta property=\"og:image:type\" content=\"image\/jpeg\" \/>\n<meta name=\"twitter:card\" content=\"summary_large_image\" \/>\n<meta name=\"twitter:label1\" content=\"Est. reading time\" \/>\n\t<meta name=\"twitter:data1\" content=\"4 minutes\" \/>\n<script type=\"application\/ld+json\" class=\"yoast-schema-graph\">{\"@context\":\"https:\\\/\\\/schema.org\",\"@graph\":[{\"@type\":\"WebPage\",\"@id\":\"https:\\\/\\\/pas.websitehelden.net\\\/it\\\/settori\\\/ong-e-organizzazioni-umanitarie\\\/\",\"url\":\"https:\\\/\\\/pas.websitehelden.net\\\/it\\\/settori\\\/ong-e-organizzazioni-umanitarie\\\/\",\"name\":\"ONG e Organizzazioni Umanitarie | Pasflights\",\"isPartOf\":{\"@id\":\"https:\\\/\\\/pas.websitehelden.net\\\/it\\\/#website\"},\"primaryImageOfPage\":{\"@id\":\"https:\\\/\\\/pas.websitehelden.net\\\/it\\\/settori\\\/ong-e-organizzazioni-umanitarie\\\/#primaryimage\"},\"image\":{\"@id\":\"https:\\\/\\\/pas.websitehelden.net\\\/it\\\/settori\\\/ong-e-organizzazioni-umanitarie\\\/#primaryimage\"},\"thumbnailUrl\":\"https:\\\/\\\/er7k5njc6uc.exactdn.com\\\/wp-content\\\/uploads\\\/2023\\\/07\\\/fluege-nach-lappland-scaled-e1690197646483.jpeg?strip=all&lossy=1&ssl=1\",\"datePublished\":\"2022-03-29T08:57:51+00:00\",\"dateModified\":\"2022-10-28T12:15:25+00:00\",\"description\":\"Pasflights \u00e8 partner di volo per ong e organizzazioni umanitarie. Offriamo opzioni di trasporto da piccoli carichi fino a merci di grandi dimensioni.\",\"breadcrumb\":{\"@id\":\"https:\\\/\\\/pas.websitehelden.net\\\/it\\\/settori\\\/ong-e-organizzazioni-umanitarie\\\/#breadcrumb\"},\"inLanguage\":\"it-IT\",\"potentialAction\":[{\"@type\":\"ReadAction\",\"target\":[\"https:\\\/\\\/pas.websitehelden.net\\\/it\\\/settori\\\/ong-e-organizzazioni-umanitarie\\\/\"]}]},{\"@type\":\"ImageObject\",\"inLanguage\":\"it-IT\",\"@id\":\"https:\\\/\\\/pas.websitehelden.net\\\/it\\\/settori\\\/ong-e-organizzazioni-umanitarie\\\/#primaryimage\",\"url\":\"https:\\\/\\\/er7k5njc6uc.exactdn.com\\\/wp-content\\\/uploads\\\/2023\\\/07\\\/fluege-nach-lappland-scaled-e1690197646483.jpeg?strip=all&lossy=1&ssl=1\",\"contentUrl\":\"https:\\\/\\\/er7k5njc6uc.exactdn.com\\\/wp-content\\\/uploads\\\/2023\\\/07\\\/fluege-nach-lappland-scaled-e1690197646483.jpeg?strip=all&lossy=1&ssl=1\",\"width\":2560,\"height\":1518},{\"@type\":\"BreadcrumbList\",\"@id\":\"https:\\\/\\\/pas.websitehelden.net\\\/it\\\/settori\\\/ong-e-organizzazioni-umanitarie\\\/#breadcrumb\",\"itemListElement\":[{\"@type\":\"ListItem\",\"position\":1,\"name\":\"Startseite\",\"item\":\"https:\\\/\\\/pas.websitehelden.net\\\/it\\\/\"},{\"@type\":\"ListItem\",\"position\":2,\"name\":\"Settori\",\"item\":\"https:\\\/\\\/pas.websitehelden.net\\\/it\\\/settori\\\/\"},{\"@type\":\"ListItem\",\"position\":3,\"name\":\"Ong e organizzazioni umanitarie\"}]},{\"@type\":\"WebSite\",\"@id\":\"https:\\\/\\\/pas.websitehelden.net\\\/it\\\/#website\",\"url\":\"https:\\\/\\\/pas.websitehelden.net\\\/it\\\/\",\"name\":\"Pasflights\",\"description\":\"Eine weitere WordPress-Website\",\"potentialAction\":[{\"@type\":\"SearchAction\",\"target\":{\"@type\":\"EntryPoint\",\"urlTemplate\":\"https:\\\/\\\/pas.websitehelden.net\\\/it\\\/?s={search_term_string}\"},\"query-input\":{\"@type\":\"PropertyValueSpecification\",\"valueRequired\":true,\"valueName\":\"search_term_string\"}}],\"inLanguage\":\"it-IT\"}]}<\/script>\n<!-- \/ Yoast SEO plugin. -->","yoast_head_json":{"title":"ONG e Organizzazioni Umanitarie | Pasflights","description":"Pasflights \u00e8 partner di volo per ong e organizzazioni umanitarie. Offriamo opzioni di trasporto da piccoli carichi fino a merci di grandi dimensioni.","robots":{"index":"index","follow":"follow","max-snippet":"max-snippet:-1","max-image-preview":"max-image-preview:large","max-video-preview":"max-video-preview:-1"},"canonical":"https:\/\/pas.websitehelden.net\/it\/settori\/ong-e-organizzazioni-umanitarie\/","og_locale":"it_IT","og_type":"article","og_title":"ONG e Organizzazioni Umanitarie | Pasflights","og_description":"Pasflights \u00e8 partner di volo per ong e organizzazioni umanitarie. Offriamo opzioni di trasporto da piccoli carichi fino a merci di grandi dimensioni.","og_url":"https:\/\/pas.websitehelden.net\/it\/settori\/ong-e-organizzazioni-umanitarie\/","og_site_name":"Pasflights","article_modified_time":"2022-10-28T12:15:25+00:00","og_image":[{"width":2560,"height":1518,"url":"https:\/\/er7k5njc6uc.exactdn.com\/wp-content\/uploads\/2023\/07\/fluege-nach-lappland-scaled-e1690197646483.jpeg?strip=all&lossy=1&ssl=1","type":"image\/jpeg"}],"twitter_card":"summary_large_image","twitter_misc":{"Est. reading time":"4 minutes"},"schema":{"@context":"https:\/\/schema.org","@graph":[{"@type":"WebPage","@id":"https:\/\/pas.websitehelden.net\/it\/settori\/ong-e-organizzazioni-umanitarie\/","url":"https:\/\/pas.websitehelden.net\/it\/settori\/ong-e-organizzazioni-umanitarie\/","name":"ONG e Organizzazioni Umanitarie | Pasflights","isPartOf":{"@id":"https:\/\/pas.websitehelden.net\/it\/#website"},"primaryImageOfPage":{"@id":"https:\/\/pas.websitehelden.net\/it\/settori\/ong-e-organizzazioni-umanitarie\/#primaryimage"},"image":{"@id":"https:\/\/pas.websitehelden.net\/it\/settori\/ong-e-organizzazioni-umanitarie\/#primaryimage"},"thumbnailUrl":"https:\/\/er7k5njc6uc.exactdn.com\/wp-content\/uploads\/2023\/07\/fluege-nach-lappland-scaled-e1690197646483.jpeg?strip=all&lossy=1&ssl=1","datePublished":"2022-03-29T08:57:51+00:00","dateModified":"2022-10-28T12:15:25+00:00","description":"Pasflights \u00e8 partner di volo per ong e organizzazioni umanitarie. Offriamo opzioni di trasporto da piccoli carichi fino a merci di grandi dimensioni.","breadcrumb":{"@id":"https:\/\/pas.websitehelden.net\/it\/settori\/ong-e-organizzazioni-umanitarie\/#breadcrumb"},"inLanguage":"it-IT","potentialAction":[{"@type":"ReadAction","target":["https:\/\/pas.websitehelden.net\/it\/settori\/ong-e-organizzazioni-umanitarie\/"]}]},{"@type":"ImageObject","inLanguage":"it-IT","@id":"https:\/\/pas.websitehelden.net\/it\/settori\/ong-e-organizzazioni-umanitarie\/#primaryimage","url":"https:\/\/er7k5njc6uc.exactdn.com\/wp-content\/uploads\/2023\/07\/fluege-nach-lappland-scaled-e1690197646483.jpeg?strip=all&lossy=1&ssl=1","contentUrl":"https:\/\/er7k5njc6uc.exactdn.com\/wp-content\/uploads\/2023\/07\/fluege-nach-lappland-scaled-e1690197646483.jpeg?strip=all&lossy=1&ssl=1","width":2560,"height":1518},{"@type":"BreadcrumbList","@id":"https:\/\/pas.websitehelden.net\/it\/settori\/ong-e-organizzazioni-umanitarie\/#breadcrumb","itemListElement":[{"@type":"ListItem","position":1,"name":"Startseite","item":"https:\/\/pas.websitehelden.net\/it\/"},{"@type":"ListItem","position":2,"name":"Settori","item":"https:\/\/pas.websitehelden.net\/it\/settori\/"},{"@type":"ListItem","position":3,"name":"Ong e organizzazioni umanitarie"}]},{"@type":"WebSite","@id":"https:\/\/pas.websitehelden.net\/it\/#website","url":"https:\/\/pas.websitehelden.net\/it\/","name":"Pasflights","description":"Eine weitere WordPress-Website","potentialAction":[{"@type":"SearchAction","target":{"@type":"EntryPoint","urlTemplate":"https:\/\/pas.websitehelden.net\/it\/?s={search_term_string}"},"query-input":{"@type":"PropertyValueSpecification","valueRequired":true,"valueName":"search_term_string"}}],"inLanguage":"it-IT"}]}},"_links":{"self":[{"href":"https:\/\/pas.websitehelden.net\/it\/wp-json\/wp\/v2\/pages\/6162","targetHints":{"allow":["GET"]}}],"collection":[{"href":"https:\/\/pas.websitehelden.net\/it\/wp-json\/wp\/v2\/pages"}],"about":[{"href":"https:\/\/pas.websitehelden.net\/it\/wp-json\/wp\/v2\/types\/page"}],"author":[{"embeddable":true,"href":"https:\/\/pas.websitehelden.net\/it\/wp-json\/wp\/v2\/users\/2"}],"replies":[{"embeddable":true,"href":"https:\/\/pas.websitehelden.net\/it\/wp-json\/wp\/v2\/comments?post=6162"}],"version-history":[{"count":0,"href":"https:\/\/pas.websitehelden.net\/it\/wp-json\/wp\/v2\/pages\/6162\/revisions"}],"up":[{"embeddable":true,"href":"https:\/\/pas.websitehelden.net\/it\/wp-json\/wp\/v2\/pages\/3835"}],"wp:featuredmedia":[{"embeddable":true,"href":"https:\/\/pas.websitehelden.net\/it\/wp-json\/wp\/v2\/media\/11878"}],"wp:attachment":[{"href":"https:\/\/pas.websitehelden.net\/it\/wp-json\/wp\/v2\/media?parent=6162"}],"wp:term":[{"taxonomy":"category","embeddable":true,"href":"https:\/\/pas.websitehelden.net\/it\/wp-json\/wp\/v2\/categories?post=6162"},{"taxonomy":"post_tag","embeddable":true,"href":"https:\/\/pas.websitehelden.net\/it\/wp-json\/wp\/v2\/tags?post=6162"}],"curies":[{"name":"wp","href":"https:\/\/api.w.org\/{rel}","templated":true}]}}