{"id":4330,"date":"2022-03-06T17:05:19","date_gmt":"2022-03-06T16:05:19","guid":{"rendered":"https:\/\/www.pasflights.com\/termini-e-condizioni-generali\/"},"modified":"2022-03-06T17:05:19","modified_gmt":"2022-03-06T16:05:19","slug":"termini-e-condizioni-generali","status":"publish","type":"page","link":"https:\/\/pas.websitehelden.net\/it\/termini-e-condizioni-generali\/","title":{"rendered":"Termini e condizioni generali"},"content":{"rendered":"\t\t<div data-elementor-type=\"wp-page\" data-elementor-id=\"4330\" class=\"elementor elementor-4330 elementor-2486\" data-elementor-post-type=\"page\">\n\t\t\t\t\t\t<section class=\"elementor-section elementor-top-section elementor-element elementor-element-79c5772 elementor-section-boxed elementor-section-height-default elementor-section-height-default\" data-id=\"79c5772\" data-element_type=\"section\">\n\t\t\t\t\t\t<div class=\"elementor-container elementor-column-gap-default\">\n\t\t\t\t\t<div class=\"elementor-column elementor-col-100 elementor-top-column elementor-element elementor-element-bd3d4f4\" data-id=\"bd3d4f4\" data-element_type=\"column\">\n\t\t\t<div class=\"elementor-widget-wrap elementor-element-populated\">\n\t\t\t\t\t\t<div class=\"elementor-element elementor-element-64cbe34 elementor-widget elementor-widget-heading\" data-id=\"64cbe34\" data-element_type=\"widget\" data-widget_type=\"heading.default\">\n\t\t\t\t<div class=\"elementor-widget-container\">\n\t\t\t\t\t<h1 class=\"elementor-heading-title elementor-size-default\">Termini e condizioni generali <\/h1>\t\t\t\t<\/div>\n\t\t\t\t<\/div>\n\t\t\t\t<div class=\"elementor-element elementor-element-8e803ea elementor-widget elementor-widget-text-editor\" data-id=\"8e803ea\" data-element_type=\"widget\" data-widget_type=\"text-editor.default\">\n\t\t\t\t<div class=\"elementor-widget-container\">\n\t\t\t\t\t\t\t\t\t<p>Introduzione:<br \/>\nLa relazione legale tra voi e noi \u00e8 regolata esclusivamente dalle leggi della Repubblica Federale di Germania. I seguenti termini e condizioni completano e integrano queste disposizioni legali.<\/p>\n<p>Qualsiasi condizione generale conflittuale con la quale si sta lavorando \u00e8 espressamente esclusa.<\/p>\n<p>Informazioni sul trattamento dei dati<\/p>\n<p>Raccogliamo le seguenti informazioni nell&#8217;ambito del contratto di agenzia: Nome e indirizzo, compreso l&#8217;indirizzo e-mail, numero di telefono e altre informazioni necessarie per noi per adempiere ai nostri obblighi secondo questo contratto di agenzia. Questo include quindi regolarmente non solo i vostri dati, ma anche i dati di terzi, per esempio i passeggeri che devono essere trasportati sul volo charter e che voi ci fornite o che noi raccogliamo da loro per vostro conto.<\/p>\n<p>Per i dettagli, si prega di fare riferimento alle righe 1 e 2 di queste condizioni.<\/p>\n<p>I nostri compiti<br \/>\nAvete bisogno di un volo charter. Vi assisteremo con il nostro know-how non solo nella preparazione ma anche nell&#8217;esecuzione del volo. Ci prendiamo cura dei dettagli per voi. Questo include: vi consigliamo sulla scelta dell&#8217;aereo e della compagnia aerea. Poi negoziamo un contratto di noleggio con questa compagnia aerea che soddisfa i vostri desideri e concludiamo questo contratto con la compagnia aerea a vostro nome e come vostro rappresentante. Il contratto di noleggio \u00e8 concluso esclusivamente tra lei e la compagnia aerea.<\/p>\n<p>1.1<br \/>\nSe concordato, ci occuperemo di tutti i preparativi e dell&#8217;organizzazione del catering, del check-in e di qualsiasi richiesta speciale relativa al volo.<\/p>\n<p>Se si verificano circostanze speciali e quindi \u00e8 giustificato a nostro parere, siamo autorizzati a scambiare la compagnia aerea selezionata con un&#8217;altra compagnia aerea autorizzata di standard comparabile.<\/p>\n<p>1.2 Protezione dei dati<br \/>\nSe sorgono circostanze speciali che, a nostro parere, lo giustificano, abbiamo il diritto di sostituire la compagnia aerea selezionata con un&#8217;altra compagnia aerea autorizzata di standard comparabile.<\/p>\n<p>1.2.1<br \/>\nNoi raccogliamo e trattiamo solo i dati<br \/>\n&#8211; per i quali abbiamo il consenso della persona interessata ai sensi dell&#8217;art. 6 comma 1 a DSGVO, oppure<br \/>\n&#8211; di cui abbiamo bisogno ai sensi dell&#8217;art. 6 comma 1 b DSGVO per l&#8217;adempimento dei nostri obblighi contrattuali. o<br \/>\n&#8211; sono necessari ai sensi dell&#8217;art. 6 comma 1 c DSGVO per l&#8217;adempimento di obblighi legali, o<br \/>\n&#8211; secondo l&#8217;art. 6 comma 1 f DSGVO per un interesse legittimo.<br \/>\n1.2.2<br \/>\nIn linea di principio, trasferiamo i dati a terzi solo nella misura in cui ci\u00f2 sia necessario per l&#8217;adempimento dei nostri obblighi contrattuali o dei vostri obblighi contrattuali che eseguiamo per vostro conto.<\/p>\n<p>Poich\u00e9 la portata dei dati richiesti per il trasporto aereo pu\u00f2 variare da caso a caso e a seconda della destinazione del volo, della situazione giuridica al momento del volo e\/o della persona trasportata, non controlliamo cosa deve e cosa non deve essere trasmesso nei singoli casi. Nel caso di dati personali che voi o le persone da trasportare ci fornite direttamente oltre l&#8217;ambito richiesto, partiamo dal presupposto che possiamo trasmetterli integralmente alla rispettiva compagnia aerea e\/o alle autorit\u00e0 in virt\u00f9 del relativo consenso delle persone interessate ai sensi dell&#8217;art. 6 comma 1a DSGVO.<\/p>\n<p>1.2.3<br \/>\nConserviamo i dati personali solo per il tempo necessario a raggiungere lo scopo del trattamento o per il tempo in cui la conservazione \u00e8 soggetta a un periodo di conservazione legale. L&#8217;immagazzinamento oltre questo periodo avr\u00e0 luogo solo se \u00e8 stato dato il consenso anche a questo proposito e al massimo fino a quando questo consenso viene revocato.<\/p>\n<p>1.2.4 Diritti degli interessati<br \/>\nGli interessati hanno il diritto di ricevere gratuitamente informazioni sul trattamento dei loro dati, di completare i dati, di far cancellare o bloccare i dati se le relative condizioni sono soddisfatte, di far limitare il trattamento, di opporsi al trattamento, di revocare il consenso al trattamento per il futuro e di presentare reclamo all&#8217;autorit\u00e0 di controllo competente. (Vedere gli articoli 7 (3); 15-18; 20; 21; 77 DSGVO).<\/p>\n<p>I suoi doveri<br \/>\nLei \u00e8 pienamente responsabile dell&#8217;adempimento degli obblighi derivanti dal contratto di noleggio che noi, come suo rappresentante, abbiamo concluso con la compagnia aerea.<\/p>\n<p>Tutti i documenti di viaggio o di carico saranno completati da lei nella forma richiesta da noi o dalla compagnia aerea nel pi\u00f9 breve tempo possibile. Lei \u00e8 responsabile di assicurare che i documenti debitamente compilati siano messi a disposizione di tutti i Passeggeri e dei Vettori in conformit\u00e0 con i regolamenti pertinenti, in modo che tutti i Passeggeri e i Vettori possano rispettare i termini di tali documenti.<\/p>\n<p>2.1 Protezione dei dati<br \/>\nLei ci garantisce che i dati di terzi che ci comunica sono raccolti in modo legale e che abbiamo il diritto di elaborare tali dati e di comunicarli a terzi allo scopo di adempiere ai nostri obblighi contrattuali.<\/p>\n<p>2.1.1<br \/>\nPer i dati che ci fornite, ci confermate quindi espressamente che le condizioni dell&#8217;art. 6 comma 1 a DSGVO e\/o dell&#8217;art. 6 comma 1 b DSGVO e\/o dell&#8217;art. 6 comma 1 c DSGVO e\/o dell&#8217;art. 6 comma 1 f DSGVO sono soddisfatte,<\/p>\n<p>2.1.2<br \/>\nVi impegnate a tenerci indenni da tutte le rivendicazioni degli interessati, di altri terzi e delle autorit\u00e0 a cui siamo esposti, se le suddette condizioni del DSGVO non fossero esistite.<\/p>\n<p>Prezzo di noleggio<br \/>\nLei dovr\u00e0 pagarci il prezzo del noleggio nell&#8217;importo e nelle date concordate contrattualmente tra noi e lei.<\/p>\n<p>Il prezzo pu\u00f2 cambiare in conformit\u00e0 con le disposizioni del contratto di noleggio a causa di aggiunte per il carburante, l&#8217;assicurazione, la valuta o altri supplementi che la compagnia aerea pu\u00f2 riscuotere in base al contratto di noleggio. Se lei \u00e8 un imprenditore ai sensi del \u00a7 14 BGB (codice civile tedesco), accetta di essere vincolato da tali modifiche.<\/p>\n<p>Il prezzo di noleggio e tutte le altre spese previste nel nostro contratto sono al netto dell&#8217;IVA e delle accise generali. Queste dovranno essere pagate da voi in aggiunta secondo l&#8217;aliquota applicabile nel luogo di tassazione.<\/p>\n<p>Tutti i pagamenti devono essere effettuati nella valuta concordata tra noi. Saranno realizzati secondo le date concordate. Se tale data non \u00e8 espressamente concordata, i pagamenti devono essere effettuati almeno 7 giorni lavorativi prima della data di partenza del primo volo.<\/p>\n<p>La compensazione \u00e8 esclusa a meno che non si compensi una contropretesa incontestata o legalmente stabilita. \u00c8 escluso il diritto di rifiutare la prestazione a causa di presunte rivendicazioni di altri contratti o rapporti giuridici.<\/p>\n<p>Se anche uno solo dei pagamenti non viene effettuato in tempo, sarete in mora senza bisogno di un sollecito separato o della fissazione di un periodo di grazia. Se \u00e8 trascorso un periodo di grazia ragionevole stabilito da noi, possiamo, senza pregiudizio di ulteriori diritti e rimedi, annullare il contratto e addebitare gli interessi di mora previsti dalla legge.<\/p>\n<p>Cancellazione e rescissione<br \/>\nPu\u00f2 annullare il contratto notificandoci per iscritto. In questo caso, la tassa di cancellazione sar\u00e0 pagata a noi come concordato nel Contratto.<\/p>\n<p>Possiamo rescindere immediatamente il Contratto con un avviso scritto se<\/p>\n<p>Lei commette una violazione del presente Contratto alla quale non si pu\u00f2 porre rimedio o alla quale non \u00e8 stato posto rimedio entro un tempo ragionevole fissato da Noi;<\/p>\n<p>o<\/p>\n<p>lei sospende, interrompe o minaccia di sospendere o interrompere l&#8217;adempimento dei suoi obblighi o di una parte sostanziale di essi ai sensi del contratto con noi o del charter party che abbiamo stipulato per lei. Questo include la sospensione dei pagamenti o la minaccia di sospendere i pagamenti;<\/p>\n<p>o<\/p>\n<p>se, dopo aver stipulato il nostro contratto o il contratto di noleggio, diventa evidente che non sar\u00e0 in grado di soddisfare i suoi obblighi e non riesce a fornire le garanzie richieste per questo motivo;<\/p>\n<p>o<\/p>\n<p>una procedura giudiziaria d&#8217;insolvenza o una procedura simile alla procedura giudiziaria d&#8217;insolvenza tedesca \u00e8 aperta contro di lei secondo la legge del suo paese d&#8217;origine o viene presentata una richiesta in tal senso.<\/p>\n<p>Se cancelliamo il contratto per i motivi di cui sopra, sarete tenuti a pagare le spese di cancellazione sopra elencate, senza pregiudizio della prova di una perdita maggiore.<\/p>\n<p>Il diritto legale di adeguare o terminare i contratti a causa della perturbazione della base del business o la cessazione per buona causa rimane inalterato.<\/p>\n<p>Aree di responsabilit\u00e0<br \/>\nNon siamo un vettore e quindi non abbiamo alcuna responsabilit\u00e0 per quanto riguarda il trasporto, che \u00e8 fornito esclusivamente dalla compagnia aerea.<\/p>\n<p>Non accettiamo alcuna responsabilit\u00e0 per eventuali modifiche, ritardi o deviazioni alle partenze o agli arrivi, a meno che questi non siano il risultato diretto di una violazione dei nostri obblighi da parte del contratto con voi.<\/p>\n<p>Non siamo responsabili della mancanza di licenze o del mancato rispetto dei regolamenti internazionali, a meno che tale mancato rispetto non sia dovuto alla nostra mancanza di diligenza nella selezione della compagnia aerea.<\/p>\n<p>Lei riconosce che nell&#8217;interesse di garantire la sicurezza dell&#8217;aeromobile, dei passeggeri, dell&#8217;equipaggio o del carico, il capitano prende le decisioni relative al funzionamento dell&#8217;aeromobile a sua assoluta discrezione. Lei accetta che tutte le decisioni del capitano sono vincolanti per tutte le parti e i passeggeri.<\/p>\n<p>Lei \u00e8 responsabile se i suoi passeggeri non rispettano queste decisioni e ordini. Non saremo responsabili nei vostri confronti di qualsiasi decisione del capitano e di qualsiasi conseguenza che ne derivi, compreso qualsiasi effetto negativo sui nostri obblighi in base al presente contratto.<\/p>\n<p>Segnaliamo che abbiamo selezionato la compagnia aerea con la cura necessaria nel traffico. Inoltre, non facciamo alcuna dichiarazione o garanzia per quanto riguarda la qualit\u00e0, la forza finanziaria o la solvibilit\u00e0 della compagnia aerea o di qualsiasi altro fornitore di servizi di terze parti.<\/p>\n<p>Responsabilit\u00e0<br \/>\nNon accettiamo alcuna responsabilit\u00e0 per qualsiasi atto, omissione o inadempienza causata da qualsiasi fornitore di servizi di terze parti su cui non abbiamo alcun controllo diretto.<\/p>\n<p>Non saremo responsabili per qualsiasi ritardo o altra non esecuzione o cattiva esecuzione del contratto con voi se questo \u00e8 causato da un evento al di fuori del nostro controllo. Questo include, per esempio, atti di Dio, condizioni meteorologiche, rivolte, tumulti civili, guerra, serrate, dispute industriali, incendi, fulmini, embarghi e restrizioni simili.<\/p>\n<p>Se siamo obbligati a risarcire i danni, questo obbligo di risarcimento danni in caso di negligenza lieve vale solo se sono stati violati la vita, l&#8217;incolumit\u00e0 fisica o la salute o obblighi contrattuali materiali. A questo proposito, siamo responsabili anche delle violazioni intenzionali o negligenti degli obblighi da parte del nostro rappresentante legale o di un agente vicario. Altrimenti, la responsabilit\u00e0 per negligenza \u00e8 esclusa.<\/p>\n<p>Tranne nel caso di lesioni alla vita, al corpo o alla salute o di obblighi contrattuali sostanziali, non vi \u00e8 alcuna responsabilit\u00e0 per informazioni inesatte o garanzie implicite, anche in caso di dolo o negligenza grave, indipendentemente dal fatto che i motivi di responsabilit\u00e0 siano contrattuali o legali. Ad eccezione di una violazione intenzionale o per grave negligenza, questa esclusione di responsabilit\u00e0 vale anche per i danni causati dai nostri dipendenti, rappresentanti, partner contrattuali o altri fornitori di servizi assunti da noi e a noi attribuibili.<\/p>\n<p>Ad eccezione dei casi di violazione intenzionale o di grave negligenza, l&#8217;importo della responsabilit\u00e0 \u00e8 limitato al 75% del prezzo di noleggio.<\/p>\n<p>Contenuto del contratto<br \/>\nIl contratto scritto stipulato tra noi rappresenta l&#8217;intera portata degli accordi tra le parti contraenti. Non sono stati presi accordi orali. Non sarebbero nemmeno validi. Qualsiasi modifica al contratto deve essere scritta.<\/p>\n<p>Una notifica di rescissione o di annullamento deve essere in forma scritta e indirizzata alla nostra\/vostra sede legale o sede principale di attivit\u00e0, o in alternativa all&#8217;indirizzo che voi\/noi avete indicato nel Contratto come indirizzo per la notifica o come agente per la notifica.<\/p>\n<p>Se una qualsiasi disposizione del Contratto o delle presenti Condizioni \u00e8 ritenuta non valida, ci\u00f2 non pregiudica la validit\u00e0 delle restanti disposizioni. In caso di una disposizione non valida, ci impegniamo reciprocamente a modificare questa disposizione in modo tale che corrisponda ampiamente alla nostra intenzione commerciale originale.<\/p>\n<p>Scelta della legge, luogo di giurisdizione<br \/>\nIl contratto \u00e8 soggetto alla legge della Repubblica Federale di Germania.<\/p>\n<p>Se Lei \u00e8 un commerciante, una persona giuridica di diritto pubblico, un fondo speciale di diritto pubblico o non ha un foro generale in Germania, Colonia \u00e8 il foro competente per la risoluzione di reclami o controversie derivanti da o in relazione al presente contratto.<\/p>\n<p>15.05.2020<\/p>\n\t\t\t\t\t\t\t\t<\/div>\n\t\t\t\t<\/div>\n\t\t\t\t\t<\/div>\n\t\t<\/div>\n\t\t\t\t\t<\/div>\n\t\t<\/section>\n\t\t\t\t<\/div>\n\t\t","protected":false},"excerpt":{"rendered":"<p>Termini e condizioni generali Introduzione: La relazione legale tra voi e noi \u00e8 regolata esclusivamente dalle leggi della Repubblica Federale di Germania. I seguenti termini e condizioni completano e integrano queste disposizioni legali. Qualsiasi condizione generale conflittuale con la quale si sta lavorando \u00e8 espressamente esclusa. Informazioni sul trattamento dei dati Raccogliamo le seguenti informazioni [&hellip;]<\/p>\n","protected":false},"author":1,"featured_media":3696,"parent":0,"menu_order":0,"comment_status":"closed","ping_status":"closed","template":"","meta":{"_acf_changed":false,"footnotes":""},"categories":[],"tags":[],"class_list":["post-4330","page","type-page","status-publish","has-post-thumbnail","hentry"],"acf":[],"yoast_head":"<!-- This site is optimized with the Yoast SEO plugin v27.4 - https:\/\/yoast.com\/product\/yoast-seo-wordpress\/ -->\n<title>Termini e condizioni generali - Leggi i nostri GTC<\/title>\n<meta name=\"description\" content=\"Di seguito troverete i nostri termini e condizioni con tutti gli argomenti importanti riguardanti la protezione dei dati, il prezzo del noleggio, le modifiche e le cancellazioni, e molto altro ancora. Per saperne di pi\u00f9 su| pasflights\" \/>\n<meta name=\"robots\" content=\"index, follow, max-snippet:-1, max-image-preview:large, max-video-preview:-1\" \/>\n<link rel=\"canonical\" href=\"https:\/\/pas.websitehelden.net\/it\/termini-e-condizioni-generali\/\" \/>\n<meta property=\"og:locale\" content=\"it_IT\" \/>\n<meta property=\"og:type\" content=\"article\" \/>\n<meta property=\"og:title\" content=\"Termini e condizioni generali - Leggi i nostri GTC\" \/>\n<meta property=\"og:description\" content=\"Di seguito troverete i nostri termini e condizioni con tutti gli argomenti importanti riguardanti la protezione dei dati, il prezzo del noleggio, le modifiche e le cancellazioni, e molto altro ancora. Per saperne di pi\u00f9 su| pasflights\" \/>\n<meta property=\"og:url\" content=\"https:\/\/pas.websitehelden.net\/it\/termini-e-condizioni-generali\/\" \/>\n<meta property=\"og:site_name\" content=\"Pasflights\" \/>\n<meta property=\"og:image\" content=\"https:\/\/er7k5njc6uc.exactdn.com\/wp-content\/uploads\/2021\/12\/nachhaltig-fliegen-banner-1-scaled.jpg?strip=all&lossy=1&ssl=1\" \/>\n\t<meta property=\"og:image:width\" content=\"2560\" \/>\n\t<meta property=\"og:image:height\" content=\"877\" \/>\n\t<meta property=\"og:image:type\" content=\"image\/jpeg\" \/>\n<meta name=\"twitter:card\" content=\"summary_large_image\" \/>\n<meta name=\"twitter:label1\" content=\"Est. reading time\" \/>\n\t<meta name=\"twitter:data1\" content=\"10 minutes\" \/>\n<script type=\"application\/ld+json\" class=\"yoast-schema-graph\">{\"@context\":\"https:\\\/\\\/schema.org\",\"@graph\":[{\"@type\":\"WebPage\",\"@id\":\"https:\\\/\\\/pas.websitehelden.net\\\/it\\\/termini-e-condizioni-generali\\\/\",\"url\":\"https:\\\/\\\/pas.websitehelden.net\\\/it\\\/termini-e-condizioni-generali\\\/\",\"name\":\"Termini e condizioni generali - Leggi i nostri GTC\",\"isPartOf\":{\"@id\":\"https:\\\/\\\/pas.websitehelden.net\\\/it\\\/#website\"},\"primaryImageOfPage\":{\"@id\":\"https:\\\/\\\/pas.websitehelden.net\\\/it\\\/termini-e-condizioni-generali\\\/#primaryimage\"},\"image\":{\"@id\":\"https:\\\/\\\/pas.websitehelden.net\\\/it\\\/termini-e-condizioni-generali\\\/#primaryimage\"},\"thumbnailUrl\":\"https:\\\/\\\/er7k5njc6uc.exactdn.com\\\/wp-content\\\/uploads\\\/2021\\\/12\\\/nachhaltig-fliegen-banner-1-scaled.jpg?strip=all&lossy=1&ssl=1\",\"datePublished\":\"2022-03-06T16:05:19+00:00\",\"description\":\"Di seguito troverete i nostri termini e condizioni con tutti gli argomenti importanti riguardanti la protezione dei dati, il prezzo del noleggio, le modifiche e le cancellazioni, e molto altro ancora. Per saperne di pi\u00f9 su| pasflights\",\"breadcrumb\":{\"@id\":\"https:\\\/\\\/pas.websitehelden.net\\\/it\\\/termini-e-condizioni-generali\\\/#breadcrumb\"},\"inLanguage\":\"it-IT\",\"potentialAction\":[{\"@type\":\"ReadAction\",\"target\":[\"https:\\\/\\\/pas.websitehelden.net\\\/it\\\/termini-e-condizioni-generali\\\/\"]}]},{\"@type\":\"ImageObject\",\"inLanguage\":\"it-IT\",\"@id\":\"https:\\\/\\\/pas.websitehelden.net\\\/it\\\/termini-e-condizioni-generali\\\/#primaryimage\",\"url\":\"https:\\\/\\\/er7k5njc6uc.exactdn.com\\\/wp-content\\\/uploads\\\/2021\\\/12\\\/nachhaltig-fliegen-banner-1-scaled.jpg?strip=all&lossy=1&ssl=1\",\"contentUrl\":\"https:\\\/\\\/er7k5njc6uc.exactdn.com\\\/wp-content\\\/uploads\\\/2021\\\/12\\\/nachhaltig-fliegen-banner-1-scaled.jpg?strip=all&lossy=1&ssl=1\",\"width\":2560,\"height\":877},{\"@type\":\"BreadcrumbList\",\"@id\":\"https:\\\/\\\/pas.websitehelden.net\\\/it\\\/termini-e-condizioni-generali\\\/#breadcrumb\",\"itemListElement\":[{\"@type\":\"ListItem\",\"position\":1,\"name\":\"Startseite\",\"item\":\"https:\\\/\\\/pas.websitehelden.net\\\/it\\\/\"},{\"@type\":\"ListItem\",\"position\":2,\"name\":\"Termini e condizioni generali\"}]},{\"@type\":\"WebSite\",\"@id\":\"https:\\\/\\\/pas.websitehelden.net\\\/it\\\/#website\",\"url\":\"https:\\\/\\\/pas.websitehelden.net\\\/it\\\/\",\"name\":\"Pasflights\",\"description\":\"Eine weitere WordPress-Website\",\"potentialAction\":[{\"@type\":\"SearchAction\",\"target\":{\"@type\":\"EntryPoint\",\"urlTemplate\":\"https:\\\/\\\/pas.websitehelden.net\\\/it\\\/?s={search_term_string}\"},\"query-input\":{\"@type\":\"PropertyValueSpecification\",\"valueRequired\":true,\"valueName\":\"search_term_string\"}}],\"inLanguage\":\"it-IT\"}]}<\/script>\n<!-- \/ Yoast SEO plugin. -->","yoast_head_json":{"title":"Termini e condizioni generali - Leggi i nostri GTC","description":"Di seguito troverete i nostri termini e condizioni con tutti gli argomenti importanti riguardanti la protezione dei dati, il prezzo del noleggio, le modifiche e le cancellazioni, e molto altro ancora. Per saperne di pi\u00f9 su| pasflights","robots":{"index":"index","follow":"follow","max-snippet":"max-snippet:-1","max-image-preview":"max-image-preview:large","max-video-preview":"max-video-preview:-1"},"canonical":"https:\/\/pas.websitehelden.net\/it\/termini-e-condizioni-generali\/","og_locale":"it_IT","og_type":"article","og_title":"Termini e condizioni generali - Leggi i nostri GTC","og_description":"Di seguito troverete i nostri termini e condizioni con tutti gli argomenti importanti riguardanti la protezione dei dati, il prezzo del noleggio, le modifiche e le cancellazioni, e molto altro ancora. Per saperne di pi\u00f9 su| pasflights","og_url":"https:\/\/pas.websitehelden.net\/it\/termini-e-condizioni-generali\/","og_site_name":"Pasflights","og_image":[{"width":2560,"height":877,"url":"https:\/\/er7k5njc6uc.exactdn.com\/wp-content\/uploads\/2021\/12\/nachhaltig-fliegen-banner-1-scaled.jpg?strip=all&lossy=1&ssl=1","type":"image\/jpeg"}],"twitter_card":"summary_large_image","twitter_misc":{"Est. reading time":"10 minutes"},"schema":{"@context":"https:\/\/schema.org","@graph":[{"@type":"WebPage","@id":"https:\/\/pas.websitehelden.net\/it\/termini-e-condizioni-generali\/","url":"https:\/\/pas.websitehelden.net\/it\/termini-e-condizioni-generali\/","name":"Termini e condizioni generali - Leggi i nostri GTC","isPartOf":{"@id":"https:\/\/pas.websitehelden.net\/it\/#website"},"primaryImageOfPage":{"@id":"https:\/\/pas.websitehelden.net\/it\/termini-e-condizioni-generali\/#primaryimage"},"image":{"@id":"https:\/\/pas.websitehelden.net\/it\/termini-e-condizioni-generali\/#primaryimage"},"thumbnailUrl":"https:\/\/er7k5njc6uc.exactdn.com\/wp-content\/uploads\/2021\/12\/nachhaltig-fliegen-banner-1-scaled.jpg?strip=all&lossy=1&ssl=1","datePublished":"2022-03-06T16:05:19+00:00","description":"Di seguito troverete i nostri termini e condizioni con tutti gli argomenti importanti riguardanti la protezione dei dati, il prezzo del noleggio, le modifiche e le cancellazioni, e molto altro ancora. Per saperne di pi\u00f9 su| pasflights","breadcrumb":{"@id":"https:\/\/pas.websitehelden.net\/it\/termini-e-condizioni-generali\/#breadcrumb"},"inLanguage":"it-IT","potentialAction":[{"@type":"ReadAction","target":["https:\/\/pas.websitehelden.net\/it\/termini-e-condizioni-generali\/"]}]},{"@type":"ImageObject","inLanguage":"it-IT","@id":"https:\/\/pas.websitehelden.net\/it\/termini-e-condizioni-generali\/#primaryimage","url":"https:\/\/er7k5njc6uc.exactdn.com\/wp-content\/uploads\/2021\/12\/nachhaltig-fliegen-banner-1-scaled.jpg?strip=all&lossy=1&ssl=1","contentUrl":"https:\/\/er7k5njc6uc.exactdn.com\/wp-content\/uploads\/2021\/12\/nachhaltig-fliegen-banner-1-scaled.jpg?strip=all&lossy=1&ssl=1","width":2560,"height":877},{"@type":"BreadcrumbList","@id":"https:\/\/pas.websitehelden.net\/it\/termini-e-condizioni-generali\/#breadcrumb","itemListElement":[{"@type":"ListItem","position":1,"name":"Startseite","item":"https:\/\/pas.websitehelden.net\/it\/"},{"@type":"ListItem","position":2,"name":"Termini e condizioni generali"}]},{"@type":"WebSite","@id":"https:\/\/pas.websitehelden.net\/it\/#website","url":"https:\/\/pas.websitehelden.net\/it\/","name":"Pasflights","description":"Eine weitere WordPress-Website","potentialAction":[{"@type":"SearchAction","target":{"@type":"EntryPoint","urlTemplate":"https:\/\/pas.websitehelden.net\/it\/?s={search_term_string}"},"query-input":{"@type":"PropertyValueSpecification","valueRequired":true,"valueName":"search_term_string"}}],"inLanguage":"it-IT"}]}},"_links":{"self":[{"href":"https:\/\/pas.websitehelden.net\/it\/wp-json\/wp\/v2\/pages\/4330","targetHints":{"allow":["GET"]}}],"collection":[{"href":"https:\/\/pas.websitehelden.net\/it\/wp-json\/wp\/v2\/pages"}],"about":[{"href":"https:\/\/pas.websitehelden.net\/it\/wp-json\/wp\/v2\/types\/page"}],"author":[{"embeddable":true,"href":"https:\/\/pas.websitehelden.net\/it\/wp-json\/wp\/v2\/users\/1"}],"replies":[{"embeddable":true,"href":"https:\/\/pas.websitehelden.net\/it\/wp-json\/wp\/v2\/comments?post=4330"}],"version-history":[{"count":0,"href":"https:\/\/pas.websitehelden.net\/it\/wp-json\/wp\/v2\/pages\/4330\/revisions"}],"wp:featuredmedia":[{"embeddable":true,"href":"https:\/\/pas.websitehelden.net\/it\/wp-json\/wp\/v2\/media\/3696"}],"wp:attachment":[{"href":"https:\/\/pas.websitehelden.net\/it\/wp-json\/wp\/v2\/media?parent=4330"}],"wp:term":[{"taxonomy":"category","embeddable":true,"href":"https:\/\/pas.websitehelden.net\/it\/wp-json\/wp\/v2\/categories?post=4330"},{"taxonomy":"post_tag","embeddable":true,"href":"https:\/\/pas.websitehelden.net\/it\/wp-json\/wp\/v2\/tags?post=4330"}],"curies":[{"name":"wp","href":"https:\/\/api.w.org\/{rel}","templated":true}]}}