{"id":4326,"date":"2022-03-06T17:01:47","date_gmt":"2022-03-06T16:01:47","guid":{"rendered":"https:\/\/www.pasflights.com\/impronta\/"},"modified":"2025-06-27T15:34:17","modified_gmt":"2025-06-27T13:34:17","slug":"note-legali","status":"publish","type":"page","link":"https:\/\/pas.websitehelden.net\/it\/note-legali\/","title":{"rendered":"Note Legali"},"content":{"rendered":"\t\t<div data-elementor-type=\"wp-page\" data-elementor-id=\"4326\" class=\"elementor elementor-4326 elementor-2477\" data-elementor-post-type=\"page\">\n\t\t\t\t\t\t<section class=\"elementor-section elementor-top-section elementor-element elementor-element-79c5772 elementor-section-boxed elementor-section-height-default elementor-section-height-default\" data-id=\"79c5772\" data-element_type=\"section\">\n\t\t\t\t\t\t<div class=\"elementor-container elementor-column-gap-default\">\n\t\t\t\t\t<div class=\"elementor-column elementor-col-100 elementor-top-column elementor-element elementor-element-bd3d4f4\" data-id=\"bd3d4f4\" data-element_type=\"column\">\n\t\t\t<div class=\"elementor-widget-wrap elementor-element-populated\">\n\t\t\t\t\t\t<div class=\"elementor-element elementor-element-64cbe34 elementor-widget elementor-widget-heading\" data-id=\"64cbe34\" data-element_type=\"widget\" data-widget_type=\"heading.default\">\n\t\t\t\t<div class=\"elementor-widget-container\">\n\t\t\t\t\t<h1 class=\"elementor-heading-title elementor-size-default\">Note Legali<\/h1>\t\t\t\t<\/div>\n\t\t\t\t<\/div>\n\t\t\t\t<div class=\"elementor-element elementor-element-8e803ea elementor-widget elementor-widget-text-editor\" data-id=\"8e803ea\" data-element_type=\"widget\" data-widget_type=\"text-editor.default\">\n\t\t\t\t<div class=\"elementor-widget-container\">\n\t\t\t\t\t\t\t\t\t<p><strong>PAS \u2013 Professional Aviation Solutions Srl<br \/><\/strong>Via Aosta 4<br \/>20155, Milano, Italia<br \/>Telefono: <a href=\"tel:+39%200239%20549858\">+39 0239 549858<\/a><br \/>E-mail: <a href=\"mailto:italy@pasflights.com\">italy@pasflights.com<\/a> <br \/>Internet: <a href=\"https:\/\/pas.websitehelden.net\/it\/\">www.pasflights.com\/it\/<\/a><\/p><p><strong>Partita IVA \/ Numero di identificazione ai fini IVA ai sensi dell\u2019art. 27 del Decreto IVA (D.P.R. 633\/1972): <\/strong>IT10550770969<\/p><p><strong>Amministratore Unico:<\/strong><br \/>Alessio Altamura <em>Rappresentante dell\u2019Impresa<\/em><\/p><p><strong>Registrata presso:<\/strong><br \/>Camera di commercio di Milano Lodi e Brianza<\/p><p><strong>Numero REA:<\/strong><br \/>MI &#8211; 2540268<\/p><p><strong>Dichiarazione di non responsabilit\u00e0:<\/strong><\/p><p><strong>Esclusione di responsabilit\u00e0 \u2013 Contenuti del sito web<\/strong><\/p><p>I contenuti del presente sito sono stati redatti con la massima attenzione e cura. Tuttavia, PAS non pu\u00f2 garantire in alcun modo la completezza, l\u2019esattezza e l\u2019aggiornamento costante delle informazioni pubblicate.<\/p><p>Ai sensi dell\u2019art. 17 del Decreto Legislativo 9 aprile 2003, n. 70, PAS, in qualit\u00e0 di prestatore di servizi della societ\u00e0 dell\u2019informazione, \u00e8 responsabile unicamente dei contenuti propri che vengono pubblicati su questo sito, nel rispetto della normativa vigente.<\/p><p>Non sussiste alcun obbligo, da parte del fornitore del servizio, di monitorare le informazioni trasmesse o memorizzate da terzi, n\u00e9 di ricercare fatti o circostanze che indichino attivit\u00e0 illecite, come stabilito dagli artt. 16 e 17 del medesimo decreto.<\/p><p>Resta fermo l\u2019obbligo di provvedere alla rimozione o al blocco dell\u2019accesso a contenuti illeciti, non appena se ne venga a conoscenza, conformemente alle disposizioni di legge. In tal caso, PAS si impegna ad agire tempestivamente per rimuovere i contenuti oggetto di segnalazione.<\/p><p>Si invitano pertanto gli utenti a comunicare eventuali contenuti che risultino contrari a norme di legge o lesivi di diritti di terzi, al fine di consentire una valutazione e un intervento immediato.<\/p><p><strong>Responsabilit\u00e0 per i link esterni<\/strong><\/p><p>Il sito web di PAS pu\u00f2 contenere collegamenti (link) a siti web esterni gestiti da soggetti terzi, il cui contenuto non \u00e8 soggetto a controllo da parte di PAS. Pertanto, PAS non si assume alcuna responsabilit\u00e0 per i contenuti di tali siti esterni, dei quali sono responsabili esclusivamente i rispettivi gestori o titolari.<\/p><p>Al momento della pubblicazione dei link, i contenuti delle pagine collegate sono stati controllati e non sono emerse evidenti violazioni di legge. Tuttavia, un controllo costante e continuativo dei contenuti delle pagine collegate non \u00e8 ragionevolmente esigibile in assenza di specifici elementi che facciano presumere la presenza di contenuti illeciti. Qualora dovessero emergere violazioni della normativa applicabile, PAS provveder\u00e0 a rimuovere tempestivamente i link interessati.<\/p><p><strong>Diritti di autore (Copyright)<\/strong><\/p><p>Tutti i contenuti testuali, grafici e multimediali presenti su questo sito web, ove non diversamente specificato, sono di propriet\u00e0 di PAS e sono protetti dalla normativa vigente in materia di diritto d&#8217;autore e propriet\u00e0 intellettuale (Legge 22 aprile 1941, n. 633 e successive modificazioni).<\/p><p>\u00c8 vietata qualsiasi riproduzione, modifica, distribuzione, trasmissione, pubblicazione o sfruttamento, anche parziale, dei contenuti del sito per fini commerciali, senza preventiva autorizzazione scritta da parte dell\u2019autore o titolare dei diritti. \u00c8 consentito esclusivamente l\u2019utilizzo personale e non commerciale, nel rispetto delle finalit\u00e0 informative e di consultazione.<\/p><p>Qualora alcuni contenuti presenti su questo sito non siano stati realizzati da PAS, ma provengano da terze parti, i relativi diritti d&#8217;autore sono riconosciuti e rispettati. In particolare, i contenuti di terzi sono debitamente indicati o contrassegnati. Qualora l\u2019utente rilevi una violazione di diritti d\u2019autore, \u00e8 pregato di comunicarlo tempestivamente. In caso di segnalazioni fondate, PAS provveder\u00e0 a rimuovere i contenuti illeciti nel minor tempo possibile.<\/p><p><strong>Crediti immagini<\/strong><\/p><p>In alcune sezioni del presente sito web vengono utilizzate immagini fornite dall\u2019agenzia fotografica 123rf.com (<a href=\"http:\/\/www.123rf.com\">www.123rf.com<\/a>). Tutti i diritti di utilizzo sono stati acquisiti da PAS nel rispetto delle condizioni di licenza previste dal fornitore.<br \/>Le licenze relative alle immagini sono disponibili su richiesta.<br \/>Tutte le immagini utilizzate sono soggette ai termini legali di utilizzo definiti dal rispettivo database fotografico.<\/p><p>Esempio di immagine utilizzata: <em>Concetto di stanza moderna per l\u2019ufficio \u00a9<\/em><em>\u00a0rawpixel #53547912<\/em><\/p>\t\t\t\t\t\t\t\t<\/div>\n\t\t\t\t<\/div>\n\t\t\t\t\t<\/div>\n\t\t<\/div>\n\t\t\t\t\t<\/div>\n\t\t<\/section>\n\t\t\t\t<\/div>\n\t\t","protected":false},"excerpt":{"rendered":"<p>Note Legali PAS \u2013 Professional Aviation Solutions SrlVia Aosta 420155, Milano, ItaliaTelefono: +39 0239 549858E-mail: italy@pasflights.com Internet: www.pasflights.com\/it\/ Partita IVA \/ Numero di identificazione ai fini IVA ai sensi dell\u2019art. 27 del Decreto IVA (D.P.R. 633\/1972): IT10550770969 Amministratore Unico:Alessio Altamura Rappresentante dell\u2019Impresa Registrata presso:Camera di commercio di Milano Lodi e Brianza Numero REA:MI &#8211; 2540268 [&hellip;]<\/p>\n","protected":false},"author":1,"featured_media":3698,"parent":0,"menu_order":0,"comment_status":"closed","ping_status":"closed","template":"","meta":{"_acf_changed":false,"footnotes":""},"categories":[],"tags":[],"class_list":["post-4326","page","type-page","status-publish","has-post-thumbnail","hentry"],"acf":[],"yoast_head":"<!-- This site is optimized with the Yoast SEO plugin v27.4 - https:\/\/yoast.com\/product\/yoast-seo-wordpress\/ -->\n<title>Impronta della PAS - Mettetevi in contatto con noi!<\/title>\n<meta name=\"description\" content=\"L&#039;impronta PAS fornisce informazioni su come raggiungerci, disclaimer, numero di registrazione e molto altro. Informare sui voli di passaggio\" \/>\n<meta name=\"robots\" content=\"index, follow, max-snippet:-1, max-image-preview:large, max-video-preview:-1\" \/>\n<link rel=\"canonical\" href=\"https:\/\/pas.websitehelden.net\/it\/note-legali\/\" \/>\n<meta property=\"og:locale\" content=\"it_IT\" \/>\n<meta property=\"og:type\" content=\"article\" \/>\n<meta property=\"og:title\" content=\"Impronta della PAS - Mettetevi in contatto con noi!\" \/>\n<meta property=\"og:description\" content=\"L&#039;impronta PAS fornisce informazioni su come raggiungerci, disclaimer, numero di registrazione e molto altro. Informare sui voli di passaggio\" \/>\n<meta property=\"og:url\" content=\"https:\/\/pas.websitehelden.net\/it\/note-legali\/\" \/>\n<meta property=\"og:site_name\" content=\"Pasflights\" \/>\n<meta property=\"article:modified_time\" content=\"2025-06-27T13:34:17+00:00\" \/>\n<meta property=\"og:image\" content=\"https:\/\/er7k5njc6uc.exactdn.com\/wp-content\/uploads\/2021\/12\/VIP-service-banner-scaled.jpg?strip=all&lossy=1&ssl=1\" \/>\n\t<meta property=\"og:image:width\" content=\"2560\" \/>\n\t<meta property=\"og:image:height\" content=\"877\" \/>\n\t<meta property=\"og:image:type\" content=\"image\/jpeg\" \/>\n<meta name=\"twitter:card\" content=\"summary_large_image\" \/>\n<meta name=\"twitter:label1\" content=\"Est. reading time\" \/>\n\t<meta name=\"twitter:data1\" content=\"4 minutes\" \/>\n<script type=\"application\/ld+json\" class=\"yoast-schema-graph\">{\"@context\":\"https:\\\/\\\/schema.org\",\"@graph\":[{\"@type\":\"WebPage\",\"@id\":\"https:\\\/\\\/pas.websitehelden.net\\\/it\\\/note-legali\\\/\",\"url\":\"https:\\\/\\\/pas.websitehelden.net\\\/it\\\/note-legali\\\/\",\"name\":\"Impronta della PAS - Mettetevi in contatto con noi!\",\"isPartOf\":{\"@id\":\"https:\\\/\\\/pas.websitehelden.net\\\/it\\\/#website\"},\"primaryImageOfPage\":{\"@id\":\"https:\\\/\\\/pas.websitehelden.net\\\/it\\\/note-legali\\\/#primaryimage\"},\"image\":{\"@id\":\"https:\\\/\\\/pas.websitehelden.net\\\/it\\\/note-legali\\\/#primaryimage\"},\"thumbnailUrl\":\"https:\\\/\\\/er7k5njc6uc.exactdn.com\\\/wp-content\\\/uploads\\\/2021\\\/12\\\/VIP-service-banner-scaled.jpg?strip=all&lossy=1&ssl=1\",\"datePublished\":\"2022-03-06T16:01:47+00:00\",\"dateModified\":\"2025-06-27T13:34:17+00:00\",\"description\":\"L\\\\'impronta PAS fornisce informazioni su come raggiungerci, disclaimer, numero di registrazione e molto altro. Informare sui voli di passaggio\",\"breadcrumb\":{\"@id\":\"https:\\\/\\\/pas.websitehelden.net\\\/it\\\/note-legali\\\/#breadcrumb\"},\"inLanguage\":\"it-IT\",\"potentialAction\":[{\"@type\":\"ReadAction\",\"target\":[\"https:\\\/\\\/pas.websitehelden.net\\\/it\\\/note-legali\\\/\"]}]},{\"@type\":\"ImageObject\",\"inLanguage\":\"it-IT\",\"@id\":\"https:\\\/\\\/pas.websitehelden.net\\\/it\\\/note-legali\\\/#primaryimage\",\"url\":\"https:\\\/\\\/er7k5njc6uc.exactdn.com\\\/wp-content\\\/uploads\\\/2021\\\/12\\\/VIP-service-banner-scaled.jpg?strip=all&lossy=1&ssl=1\",\"contentUrl\":\"https:\\\/\\\/er7k5njc6uc.exactdn.com\\\/wp-content\\\/uploads\\\/2021\\\/12\\\/VIP-service-banner-scaled.jpg?strip=all&lossy=1&ssl=1\",\"width\":2560,\"height\":877},{\"@type\":\"BreadcrumbList\",\"@id\":\"https:\\\/\\\/pas.websitehelden.net\\\/it\\\/note-legali\\\/#breadcrumb\",\"itemListElement\":[{\"@type\":\"ListItem\",\"position\":1,\"name\":\"Startseite\",\"item\":\"https:\\\/\\\/pas.websitehelden.net\\\/it\\\/\"},{\"@type\":\"ListItem\",\"position\":2,\"name\":\"Note Legali\"}]},{\"@type\":\"WebSite\",\"@id\":\"https:\\\/\\\/pas.websitehelden.net\\\/it\\\/#website\",\"url\":\"https:\\\/\\\/pas.websitehelden.net\\\/it\\\/\",\"name\":\"Pasflights\",\"description\":\"Eine weitere WordPress-Website\",\"potentialAction\":[{\"@type\":\"SearchAction\",\"target\":{\"@type\":\"EntryPoint\",\"urlTemplate\":\"https:\\\/\\\/pas.websitehelden.net\\\/it\\\/?s={search_term_string}\"},\"query-input\":{\"@type\":\"PropertyValueSpecification\",\"valueRequired\":true,\"valueName\":\"search_term_string\"}}],\"inLanguage\":\"it-IT\"}]}<\/script>\n<!-- \/ Yoast SEO plugin. -->","yoast_head_json":{"title":"Impronta della PAS - Mettetevi in contatto con noi!","description":"L'impronta PAS fornisce informazioni su come raggiungerci, disclaimer, numero di registrazione e molto altro. Informare sui voli di passaggio","robots":{"index":"index","follow":"follow","max-snippet":"max-snippet:-1","max-image-preview":"max-image-preview:large","max-video-preview":"max-video-preview:-1"},"canonical":"https:\/\/pas.websitehelden.net\/it\/note-legali\/","og_locale":"it_IT","og_type":"article","og_title":"Impronta della PAS - Mettetevi in contatto con noi!","og_description":"L'impronta PAS fornisce informazioni su come raggiungerci, disclaimer, numero di registrazione e molto altro. Informare sui voli di passaggio","og_url":"https:\/\/pas.websitehelden.net\/it\/note-legali\/","og_site_name":"Pasflights","article_modified_time":"2025-06-27T13:34:17+00:00","og_image":[{"width":2560,"height":877,"url":"https:\/\/er7k5njc6uc.exactdn.com\/wp-content\/uploads\/2021\/12\/VIP-service-banner-scaled.jpg?strip=all&lossy=1&ssl=1","type":"image\/jpeg"}],"twitter_card":"summary_large_image","twitter_misc":{"Est. reading time":"4 minutes"},"schema":{"@context":"https:\/\/schema.org","@graph":[{"@type":"WebPage","@id":"https:\/\/pas.websitehelden.net\/it\/note-legali\/","url":"https:\/\/pas.websitehelden.net\/it\/note-legali\/","name":"Impronta della PAS - Mettetevi in contatto con noi!","isPartOf":{"@id":"https:\/\/pas.websitehelden.net\/it\/#website"},"primaryImageOfPage":{"@id":"https:\/\/pas.websitehelden.net\/it\/note-legali\/#primaryimage"},"image":{"@id":"https:\/\/pas.websitehelden.net\/it\/note-legali\/#primaryimage"},"thumbnailUrl":"https:\/\/er7k5njc6uc.exactdn.com\/wp-content\/uploads\/2021\/12\/VIP-service-banner-scaled.jpg?strip=all&lossy=1&ssl=1","datePublished":"2022-03-06T16:01:47+00:00","dateModified":"2025-06-27T13:34:17+00:00","description":"L\\'impronta PAS fornisce informazioni su come raggiungerci, disclaimer, numero di registrazione e molto altro. Informare sui voli di passaggio","breadcrumb":{"@id":"https:\/\/pas.websitehelden.net\/it\/note-legali\/#breadcrumb"},"inLanguage":"it-IT","potentialAction":[{"@type":"ReadAction","target":["https:\/\/pas.websitehelden.net\/it\/note-legali\/"]}]},{"@type":"ImageObject","inLanguage":"it-IT","@id":"https:\/\/pas.websitehelden.net\/it\/note-legali\/#primaryimage","url":"https:\/\/er7k5njc6uc.exactdn.com\/wp-content\/uploads\/2021\/12\/VIP-service-banner-scaled.jpg?strip=all&lossy=1&ssl=1","contentUrl":"https:\/\/er7k5njc6uc.exactdn.com\/wp-content\/uploads\/2021\/12\/VIP-service-banner-scaled.jpg?strip=all&lossy=1&ssl=1","width":2560,"height":877},{"@type":"BreadcrumbList","@id":"https:\/\/pas.websitehelden.net\/it\/note-legali\/#breadcrumb","itemListElement":[{"@type":"ListItem","position":1,"name":"Startseite","item":"https:\/\/pas.websitehelden.net\/it\/"},{"@type":"ListItem","position":2,"name":"Note Legali"}]},{"@type":"WebSite","@id":"https:\/\/pas.websitehelden.net\/it\/#website","url":"https:\/\/pas.websitehelden.net\/it\/","name":"Pasflights","description":"Eine weitere WordPress-Website","potentialAction":[{"@type":"SearchAction","target":{"@type":"EntryPoint","urlTemplate":"https:\/\/pas.websitehelden.net\/it\/?s={search_term_string}"},"query-input":{"@type":"PropertyValueSpecification","valueRequired":true,"valueName":"search_term_string"}}],"inLanguage":"it-IT"}]}},"_links":{"self":[{"href":"https:\/\/pas.websitehelden.net\/it\/wp-json\/wp\/v2\/pages\/4326","targetHints":{"allow":["GET"]}}],"collection":[{"href":"https:\/\/pas.websitehelden.net\/it\/wp-json\/wp\/v2\/pages"}],"about":[{"href":"https:\/\/pas.websitehelden.net\/it\/wp-json\/wp\/v2\/types\/page"}],"author":[{"embeddable":true,"href":"https:\/\/pas.websitehelden.net\/it\/wp-json\/wp\/v2\/users\/1"}],"replies":[{"embeddable":true,"href":"https:\/\/pas.websitehelden.net\/it\/wp-json\/wp\/v2\/comments?post=4326"}],"version-history":[{"count":6,"href":"https:\/\/pas.websitehelden.net\/it\/wp-json\/wp\/v2\/pages\/4326\/revisions"}],"predecessor-version":[{"id":21129,"href":"https:\/\/pas.websitehelden.net\/it\/wp-json\/wp\/v2\/pages\/4326\/revisions\/21129"}],"wp:featuredmedia":[{"embeddable":true,"href":"https:\/\/pas.websitehelden.net\/it\/wp-json\/wp\/v2\/media\/3698"}],"wp:attachment":[{"href":"https:\/\/pas.websitehelden.net\/it\/wp-json\/wp\/v2\/media?parent=4326"}],"wp:term":[{"taxonomy":"category","embeddable":true,"href":"https:\/\/pas.websitehelden.net\/it\/wp-json\/wp\/v2\/categories?post=4326"},{"taxonomy":"post_tag","embeddable":true,"href":"https:\/\/pas.websitehelden.net\/it\/wp-json\/wp\/v2\/tags?post=4326"}],"curies":[{"name":"wp","href":"https:\/\/api.w.org\/{rel}","templated":true}]}}