{"id":3857,"date":"2022-03-06T11:18:51","date_gmt":"2022-03-06T10:18:51","guid":{"rendered":"https:\/\/www.pasflights.com\/i-voli-di-gruppo\/il-noleggio-di-aerei-vip\/"},"modified":"2022-04-01T12:40:49","modified_gmt":"2022-04-01T10:40:49","slug":"noleggio-aereo-privato-vip","status":"publish","type":"page","link":"https:\/\/pas.websitehelden.net\/it\/prenotazione-voli-privati-di-gruppo\/noleggio-aereo-privato-vip\/","title":{"rendered":"Noleggio aerei VIP"},"content":{"rendered":"\t\t<div data-elementor-type=\"wp-page\" data-elementor-id=\"3857\" class=\"elementor elementor-3857 elementor-1582\" data-elementor-post-type=\"page\">\n\t\t\t\t\t\t<section class=\"elementor-section elementor-top-section elementor-element elementor-element-a3363a3 elementor-section-boxed elementor-section-height-default elementor-section-height-default\" data-id=\"a3363a3\" data-element_type=\"section\">\n\t\t\t\t\t\t<div class=\"elementor-container elementor-column-gap-default\">\n\t\t\t\t\t<div class=\"elementor-column elementor-col-100 elementor-top-column elementor-element elementor-element-80ebd3c\" data-id=\"80ebd3c\" data-element_type=\"column\">\n\t\t\t<div class=\"elementor-widget-wrap elementor-element-populated\">\n\t\t\t\t\t\t<div class=\"elementor-element elementor-element-e216bb8 elementor-widget elementor-widget-heading\" data-id=\"e216bb8\" data-element_type=\"widget\" data-widget_type=\"heading.default\">\n\t\t\t\t<div class=\"elementor-widget-container\">\n\t\t\t\t\t<h1 class=\"elementor-heading-title elementor-size-default\">Il Noleggio di Aerei VIP<\/h1>\t\t\t\t<\/div>\n\t\t\t\t<\/div>\n\t\t\t\t<div class=\"elementor-element elementor-element-171b86e elementor-widget elementor-widget-text-editor\" data-id=\"171b86e\" data-element_type=\"widget\" data-widget_type=\"text-editor.default\">\n\t\t\t\t<div class=\"elementor-widget-container\">\n\t\t\t\t\t\t\t\t\t<p>State cercando qualcosa di speciale e desiderate godere sotto ogni aspetto di un comfort insuperabile sopra le nuvole? O ancora, ambite a fare un uso efficiente del tempo a disposizione in volo in modo da potervi concentrare completamente sul vostro lavoro? Il noleggio di un aereo VIP, anche detto \u201cvolo all business\u201d, aggiunge lusso, prestigio e numerosi servizi al vostro volo, sia esso per affari che per piacere, e fornisce l&#8217;ambiente perfetto per appuntamenti di lavoro, conferenze e riunioni.  <\/p><p>Un aereo VIP \u00e8 la scelta ideale per i voli a lungo raggio, riuscendo a coprire distanze che variano da 7.000 km a 12.500 km. Quando si sceglie di noleggiare un jet di questa categoria, si pu\u00f2 godere di cabine molto spaziose, perfette per garantire la propria privacy, interni di lusso con comode camere da letto, aree di soggiorno esclusive, eleganti bar con lounge e bagni confortevoli con docce. Inoltre, assicuriamo un&#8217;assistenza completa, disegnata su misura per rispondere al meglio alle vostre esigenze, accompagnando il vostro viaggio VIP con un catering culinario d\u2019eccellenza.  <\/p>\t\t\t\t\t\t\t\t<\/div>\n\t\t\t\t<\/div>\n\t\t\t\t\t<\/div>\n\t\t<\/div>\n\t\t\t\t\t<\/div>\n\t\t<\/section>\n\t\t\t\t<section class=\"elementor-section elementor-top-section elementor-element elementor-element-3249503 elementor-section-full_width elementor-section-height-default elementor-section-height-default\" data-id=\"3249503\" data-element_type=\"section\">\n\t\t\t\t\t\t<div class=\"elementor-container elementor-column-gap-default\">\n\t\t\t\t\t<div class=\"elementor-column elementor-col-100 elementor-top-column elementor-element elementor-element-89660da\" data-id=\"89660da\" data-element_type=\"column\">\n\t\t\t<div class=\"elementor-widget-wrap\">\n\t\t\t\t\t\t\t<\/div>\n\t\t<\/div>\n\t\t\t\t\t<\/div>\n\t\t<\/section>\n\t\t\t\t<section class=\"elementor-section elementor-top-section elementor-element elementor-element-a5bea5a elementor-section-full_width elementor-section-height-default elementor-section-height-default\" data-id=\"a5bea5a\" data-element_type=\"section\">\n\t\t\t\t\t\t<div class=\"elementor-container elementor-column-gap-default\">\n\t\t\t\t\t<div class=\"elementor-column elementor-col-100 elementor-top-column elementor-element elementor-element-c757e53\" data-id=\"c757e53\" data-element_type=\"column\">\n\t\t\t<div class=\"elementor-widget-wrap elementor-element-populated\">\n\t\t\t\t\t\t<div class=\"elementor-element elementor-element-d783156 elementor-widget elementor-widget-shortcode\" data-id=\"d783156\" data-element_type=\"widget\" data-widget_type=\"shortcode.default\">\n\t\t\t\t<div class=\"elementor-widget-container\">\n\t\t\t\t\t\t\t<div class=\"elementor-shortcode\">\t\t<div data-elementor-type=\"section\" data-elementor-id=\"4677\" class=\"elementor elementor-4677 elementor-1207\" data-elementor-post-type=\"elementor_library\">\n\t\t\t\t\t<section class=\"elementor-section elementor-top-section elementor-element elementor-element-1a9bbed8 elementor-section-boxed elementor-section-height-default elementor-section-height-default\" data-id=\"1a9bbed8\" data-element_type=\"section\">\n\t\t\t\t\t\t<div class=\"elementor-container elementor-column-gap-default\">\n\t\t\t\t\t<div class=\"elementor-column elementor-col-100 elementor-top-column elementor-element elementor-element-74ea37fb\" data-id=\"74ea37fb\" data-element_type=\"column\">\n\t\t\t<div class=\"elementor-widget-wrap elementor-element-populated\">\n\t\t\t\t\t\t<div class=\"elementor-element elementor-element-46435d7a elementor-widget elementor-widget-heading\" data-id=\"46435d7a\" data-element_type=\"widget\" data-widget_type=\"heading.default\">\n\t\t\t\t<div class=\"elementor-widget-container\">\n\t\t\t\t\t<span class=\"elementor-heading-title elementor-size-default\">Richiesta e Contatti<\/span>\t\t\t\t<\/div>\n\t\t\t\t<\/div>\n\t\t\t\t<div class=\"elementor-element elementor-element-26e4099f elementor-widget elementor-widget-heading\" data-id=\"26e4099f\" data-element_type=\"widget\" data-widget_type=\"heading.default\">\n\t\t\t\t<div class=\"elementor-widget-container\">\n\t\t\t\t\t<h2 class=\"elementor-heading-title elementor-size-default\">Richiesta e Contatti<\/h2>\t\t\t\t<\/div>\n\t\t\t\t<\/div>\n\t\t\t\t<section class=\"elementor-section elementor-inner-section elementor-element elementor-element-3a7e5399 elementor-section-boxed elementor-section-height-default elementor-section-height-default\" data-id=\"3a7e5399\" data-element_type=\"section\" data-settings=\"{&quot;background_background&quot;:&quot;classic&quot;}\">\n\t\t\t\t\t\t<div class=\"elementor-container elementor-column-gap-default\">\n\t\t\t\t\t<div class=\"elementor-column elementor-col-50 elementor-inner-column elementor-element elementor-element-1ca44ff9\" data-id=\"1ca44ff9\" data-element_type=\"column\">\n\t\t\t<div class=\"elementor-widget-wrap\">\n\t\t\t\t\t\t\t<\/div>\n\t\t<\/div>\n\t\t\t\t<div class=\"elementor-column elementor-col-50 elementor-inner-column elementor-element elementor-element-30227c15\" data-id=\"30227c15\" data-element_type=\"column\" data-settings=\"{&quot;background_background&quot;:&quot;classic&quot;}\">\n\t\t\t<div class=\"elementor-widget-wrap elementor-element-populated\">\n\t\t\t\t\t\t<div class=\"elementor-element elementor-element-4c6a8960 elementor-widget elementor-widget-heading\" data-id=\"4c6a8960\" data-element_type=\"widget\" data-widget_type=\"heading.default\">\n\t\t\t\t<div class=\"elementor-widget-container\">\n\t\t\t\t\t<h2 class=\"elementor-heading-title elementor-size-default\">AVETE ULTERIORI DOMANDE o volete fare una richiesta di volo??<br>CONTATTATECI SENZA IMPEGNO PER E-MAIL, TELEFONO O COMPILANDO L'APPOSITO MODULO DI RICHIESTA <\/h2>\t\t\t\t<\/div>\n\t\t\t\t<\/div>\n\t\t\t\t<div class=\"elementor-element elementor-element-abe2a2d elementor-widget elementor-widget-heading\" data-id=\"abe2a2d\" data-element_type=\"widget\" data-widget_type=\"heading.default\">\n\t\t\t\t<div class=\"elementor-widget-container\">\n\t\t\t\t\t<span class=\"elementor-heading-title elementor-size-default\">Il tuo contatto personale \u00e8 a tua disposizione 24 ore su 24, 7 giorni su 7<\/span>\t\t\t\t<\/div>\n\t\t\t\t<\/div>\n\t\t\t\t<div class=\"elementor-element elementor-element-2ce577c elementor-align-start elementor-widget__width-auto elementor-icon-list--layout-traditional elementor-list-item-link-full_width elementor-widget elementor-widget-icon-list\" data-id=\"2ce577c\" data-element_type=\"widget\" data-widget_type=\"icon-list.default\">\n\t\t\t\t<div class=\"elementor-widget-container\">\n\t\t\t\t\t\t\t<ul class=\"elementor-icon-list-items\">\n\t\t\t\t\t\t\t<li class=\"elementor-icon-list-item\">\n\t\t\t\t\t\t\t\t\t\t\t<a href=\"https:\/\/pas.websitehelden.net\/it\/contatti\/\">\n\n\t\t\t\t\t\t\t\t\t\t\t\t<span class=\"elementor-icon-list-icon\">\n\t\t\t\t\t\t\t<i aria-hidden=\"true\" class=\"fas fa-envelope\"><\/i>\t\t\t\t\t\t<\/span>\n\t\t\t\t\t\t\t\t\t\t<span class=\"elementor-icon-list-text\">italy@pasflights.com<\/span>\n\t\t\t\t\t\t\t\t\t\t\t<\/a>\n\t\t\t\t\t\t\t\t\t<\/li>\n\t\t\t\t\t\t\t\t<li class=\"elementor-icon-list-item\">\n\t\t\t\t\t\t\t\t\t\t\t<a href=\"tel:+390239549858\">\n\n\t\t\t\t\t\t\t\t\t\t\t\t<span class=\"elementor-icon-list-icon\">\n\t\t\t\t\t\t\t<i aria-hidden=\"true\" class=\"fas fa-phone-alt\"><\/i>\t\t\t\t\t\t<\/span>\n\t\t\t\t\t\t\t\t\t\t<span class=\"elementor-icon-list-text\">+39 0239 549858<\/span>\n\t\t\t\t\t\t\t\t\t\t\t<\/a>\n\t\t\t\t\t\t\t\t\t<\/li>\n\t\t\t\t\t\t<\/ul>\n\t\t\t\t\t\t<\/div>\n\t\t\t\t<\/div>\n\t\t\t\t<div class=\"elementor-element elementor-element-462f1838 elementor-align-right pinkbuttonfull elementor-tablet-align-left elementor-mobile-align-justify elementor-widget elementor-widget-button\" data-id=\"462f1838\" data-element_type=\"widget\" data-widget_type=\"button.default\">\n\t\t\t\t<div class=\"elementor-widget-container\">\n\t\t\t\t\t\t\t\t\t<div class=\"elementor-button-wrapper\">\n\t\t\t\t\t<a class=\"elementor-button elementor-button-link elementor-size-sm\" href=\"https:\/\/pas.websitehelden.net\/it\/contatti\/\">\n\t\t\t\t\t\t<span class=\"elementor-button-content-wrapper\">\n\t\t\t\t\t\t\t\t\t<span class=\"elementor-button-text\">CONTATTACI<\/span>\n\t\t\t\t\t<\/span>\n\t\t\t\t\t<\/a>\n\t\t\t\t<\/div>\n\t\t\t\t\t\t\t\t<\/div>\n\t\t\t\t<\/div>\n\t\t\t\t\t<\/div>\n\t\t<\/div>\n\t\t\t\t\t<\/div>\n\t\t<\/section>\n\t\t\t\t<div class=\"elementor-element elementor-element-60957350 elementor-widget elementor-widget-image\" data-id=\"60957350\" data-element_type=\"widget\" data-widget_type=\"image.default\">\n\t\t\t\t<div class=\"elementor-widget-container\">\n\t\t\t\t\t\t\t\t\t\t\t\t\t\t\t<img decoding=\"async\" src=\"https:\/\/er7k5njc6uc.exactdn.com\/wp-content\/uploads\/elementor\/thumbs\/privatjet-buchen_kontakt-rawwxlf5e5ptspptkdb8apcdi94cfpobtspz7qq45k.jpg?strip=all&lossy=1&w=1920&ssl=1\" title=\"privatjet-buchen_kontakt\" alt=\"Contact\" loading=\"lazy\" \/>\t\t\t\t\t\t\t\t\t\t\t\t\t\t\t<\/div>\n\t\t\t\t<\/div>\n\t\t\t\t\t<\/div>\n\t\t<\/div>\n\t\t\t\t\t<\/div>\n\t\t<\/section>\n\t\t\t\t<\/div>\n\t\t<\/div>\n\t\t\t\t\t\t<\/div>\n\t\t\t\t<\/div>\n\t\t\t\t\t<\/div>\n\t\t<\/div>\n\t\t\t\t\t<\/div>\n\t\t<\/section>\n\t\t\t\t<section class=\"elementor-section elementor-top-section elementor-element elementor-element-a7e2a59 elementor-section-boxed elementor-section-height-default elementor-section-height-default\" data-id=\"a7e2a59\" data-element_type=\"section\">\n\t\t\t\t\t\t<div class=\"elementor-container elementor-column-gap-default\">\n\t\t\t\t\t<div class=\"elementor-column elementor-col-100 elementor-top-column elementor-element elementor-element-67d1723\" data-id=\"67d1723\" data-element_type=\"column\">\n\t\t\t<div class=\"elementor-widget-wrap elementor-element-populated\">\n\t\t\t\t\t\t<div class=\"elementor-element elementor-element-acf6d0d elementor-widget elementor-widget-heading\" data-id=\"acf6d0d\" data-element_type=\"widget\" data-widget_type=\"heading.default\">\n\t\t\t\t<div class=\"elementor-widget-container\">\n\t\t\t\t\t<h2 class=\"elementor-heading-title elementor-size-default\">noleggio di aerei vip da <strong>PAS<\/strong>flights - la cosa giusta per voi<\/h2>\t\t\t\t<\/div>\n\t\t\t\t<\/div>\n\t\t\t\t<div class=\"elementor-element elementor-element-87a8d89 elementor-widget elementor-widget-text-editor\" data-id=\"87a8d89\" data-element_type=\"widget\" data-widget_type=\"text-editor.default\">\n\t\t\t\t<div class=\"elementor-widget-container\">\n\t\t\t\t\t\t\t\t\t<p>La tecnologia all&#8217;avanguardia, la connessione internet pi\u00f9 veloce rispetto ad altre soluzioni presenti sul mercato, e le aree dedicate ai meeting, rendono il noleggio di un aereo VIP perfetto per riunioni e conferenze professionali e di alto profilo, dove ci si pu\u00f2 dedicare agli affari senza interruzioni di alcun tipo. Se desiderate noleggiare un business jet che soddisfi al meglio gli alti standard richiesti per ottenere performance professionali eccellenti ed efficienti, il trasporto aereo a bordo di un aero con una configurazione VIP, \u00e8 esattamente ci\u00f2 di cui avete bisogno. E una volta ottenuti obiettivi e risultati lavorativi, avete anche la possibilit\u00e0 di rilassarvi a bordo del vostro esclusivo jet sorseggiando un buon bicchiere di vino o approfittando della vasta offerta di intrattenimento.  <\/p><p>Scegliere di noleggiare un aereo privato VIP vi consente anche di volare con gruppi di numerosi passeggeri. Inoltre, la configurazione flessibile della cabina permette di modulare sempre il numero di posti a sedere. Con noi di <strong>PAS<\/strong>flights possono comodamente volare a destinazione anche fino a 100 passeggeri. L&#8217;ampio scomparto per i bagagli assicura che ognuno abbia la possibilit\u00e0 di portare con s\u00e9 tutto ci\u00f2 di cui necessita per il viaggio. Noleggiare un business jet con noi di PASflights significa non solo arrivare a destinazione in totale sicurezza, ma anche vivere il vostro volo come un&#8217;esperienza unica ed indimenticabile.    <\/p><p><strong><br>Gli Aerei VIP pensati per voi<\/strong>: Boeing 737 VIP Business \/ Boeing 767 VIP Business \/ Airbus A319 Corporate Jet \/ Airbus A340 Corporate Jet<\/p>\t\t\t\t\t\t\t\t<\/div>\n\t\t\t\t<\/div>\n\t\t\t\t\t<\/div>\n\t\t<\/div>\n\t\t\t\t\t<\/div>\n\t\t<\/section>\n\t\t\t\t<\/div>\n\t\t","protected":false},"excerpt":{"rendered":"<p>Il Noleggio di Aerei VIP State cercando qualcosa di speciale e desiderate godere sotto ogni aspetto di un comfort insuperabile sopra le nuvole? O ancora, ambite a fare un uso efficiente del tempo a disposizione in volo in modo da potervi concentrare completamente sul vostro lavoro? Il noleggio di un aereo VIP, anche detto \u201cvolo [&hellip;]<\/p>\n","protected":false},"author":2,"featured_media":3669,"parent":3839,"menu_order":60,"comment_status":"closed","ping_status":"closed","template":"","meta":{"_acf_changed":false,"footnotes":""},"categories":[],"tags":[40],"class_list":["post-3857","page","type-page","status-publish","has-post-thumbnail","hentry","tag-voli-di-gruppo"],"acf":[],"yoast_head":"<!-- This site is optimized with the Yoast SEO plugin v27.4 - https:\/\/yoast.com\/product\/yoast-seo-wordpress\/ -->\n<title>Noleggio Aereo Privato VIP - Il tuo volo esclusivo! | PASflights<\/title>\n<meta name=\"description\" content=\"Il noleggio di un aereo privato VIP di PASflights assicura servizi esclusivi: camera da letto, soggiorno e bar a bordo, nella totale privacy.\" \/>\n<meta name=\"robots\" content=\"index, follow, max-snippet:-1, max-image-preview:large, max-video-preview:-1\" \/>\n<link rel=\"canonical\" href=\"https:\/\/pas.websitehelden.net\/it\/prenotazione-voli-privati-di-gruppo\/noleggio-aereo-privato-vip\/\" \/>\n<meta property=\"og:locale\" content=\"it_IT\" \/>\n<meta property=\"og:type\" content=\"article\" \/>\n<meta property=\"og:title\" content=\"Noleggio Aereo Privato VIP - Il tuo volo esclusivo! | PASflights\" \/>\n<meta property=\"og:description\" content=\"Il noleggio di un aereo privato VIP di PASflights assicura servizi esclusivi: camera da letto, soggiorno e bar a bordo, nella totale privacy.\" \/>\n<meta property=\"og:url\" content=\"https:\/\/pas.websitehelden.net\/it\/prenotazione-voli-privati-di-gruppo\/noleggio-aereo-privato-vip\/\" \/>\n<meta property=\"og:site_name\" content=\"Pasflights\" \/>\n<meta property=\"article:modified_time\" content=\"2022-04-01T10:40:49+00:00\" \/>\n<meta property=\"og:image\" content=\"https:\/\/er7k5njc6uc.exactdn.com\/wp-content\/uploads\/2021\/12\/VIP-aircraft-charter-banner-scaled.jpg?strip=all&lossy=1&ssl=1\" \/>\n\t<meta property=\"og:image:width\" content=\"2560\" \/>\n\t<meta property=\"og:image:height\" content=\"877\" \/>\n\t<meta property=\"og:image:type\" content=\"image\/jpeg\" \/>\n<meta name=\"twitter:card\" content=\"summary_large_image\" \/>\n<meta name=\"twitter:label1\" content=\"Est. reading time\" \/>\n\t<meta name=\"twitter:data1\" content=\"19 minutes\" \/>\n<script type=\"application\/ld+json\" class=\"yoast-schema-graph\">{\"@context\":\"https:\\\/\\\/schema.org\",\"@graph\":[{\"@type\":\"WebPage\",\"@id\":\"https:\\\/\\\/pas.websitehelden.net\\\/it\\\/prenotazione-voli-privati-di-gruppo\\\/noleggio-aereo-privato-vip\\\/\",\"url\":\"https:\\\/\\\/pas.websitehelden.net\\\/it\\\/prenotazione-voli-privati-di-gruppo\\\/noleggio-aereo-privato-vip\\\/\",\"name\":\"Noleggio Aereo Privato VIP - Il tuo volo esclusivo! | PASflights\",\"isPartOf\":{\"@id\":\"https:\\\/\\\/pas.websitehelden.net\\\/it\\\/#website\"},\"primaryImageOfPage\":{\"@id\":\"https:\\\/\\\/pas.websitehelden.net\\\/it\\\/prenotazione-voli-privati-di-gruppo\\\/noleggio-aereo-privato-vip\\\/#primaryimage\"},\"image\":{\"@id\":\"https:\\\/\\\/pas.websitehelden.net\\\/it\\\/prenotazione-voli-privati-di-gruppo\\\/noleggio-aereo-privato-vip\\\/#primaryimage\"},\"thumbnailUrl\":\"https:\\\/\\\/er7k5njc6uc.exactdn.com\\\/wp-content\\\/uploads\\\/2021\\\/12\\\/VIP-aircraft-charter-banner-scaled.jpg?strip=all&lossy=1&ssl=1\",\"datePublished\":\"2022-03-06T10:18:51+00:00\",\"dateModified\":\"2022-04-01T10:40:49+00:00\",\"description\":\"Il noleggio di un aereo privato VIP di PASflights assicura servizi esclusivi: camera da letto, soggiorno e bar a bordo, nella totale privacy.\",\"breadcrumb\":{\"@id\":\"https:\\\/\\\/pas.websitehelden.net\\\/it\\\/prenotazione-voli-privati-di-gruppo\\\/noleggio-aereo-privato-vip\\\/#breadcrumb\"},\"inLanguage\":\"it-IT\",\"potentialAction\":[{\"@type\":\"ReadAction\",\"target\":[\"https:\\\/\\\/pas.websitehelden.net\\\/it\\\/prenotazione-voli-privati-di-gruppo\\\/noleggio-aereo-privato-vip\\\/\"]}]},{\"@type\":\"ImageObject\",\"inLanguage\":\"it-IT\",\"@id\":\"https:\\\/\\\/pas.websitehelden.net\\\/it\\\/prenotazione-voli-privati-di-gruppo\\\/noleggio-aereo-privato-vip\\\/#primaryimage\",\"url\":\"https:\\\/\\\/er7k5njc6uc.exactdn.com\\\/wp-content\\\/uploads\\\/2021\\\/12\\\/VIP-aircraft-charter-banner-scaled.jpg?strip=all&lossy=1&ssl=1\",\"contentUrl\":\"https:\\\/\\\/er7k5njc6uc.exactdn.com\\\/wp-content\\\/uploads\\\/2021\\\/12\\\/VIP-aircraft-charter-banner-scaled.jpg?strip=all&lossy=1&ssl=1\",\"width\":2560,\"height\":877},{\"@type\":\"BreadcrumbList\",\"@id\":\"https:\\\/\\\/pas.websitehelden.net\\\/it\\\/prenotazione-voli-privati-di-gruppo\\\/noleggio-aereo-privato-vip\\\/#breadcrumb\",\"itemListElement\":[{\"@type\":\"ListItem\",\"position\":1,\"name\":\"Startseite\",\"item\":\"https:\\\/\\\/pas.websitehelden.net\\\/it\\\/\"},{\"@type\":\"ListItem\",\"position\":2,\"name\":\"I Voli di gruppo\",\"item\":\"https:\\\/\\\/pas.websitehelden.net\\\/it\\\/prenotazione-voli-privati-di-gruppo\\\/\"},{\"@type\":\"ListItem\",\"position\":3,\"name\":\"Noleggio aerei VIP\"}]},{\"@type\":\"WebSite\",\"@id\":\"https:\\\/\\\/pas.websitehelden.net\\\/it\\\/#website\",\"url\":\"https:\\\/\\\/pas.websitehelden.net\\\/it\\\/\",\"name\":\"Pasflights\",\"description\":\"Eine weitere WordPress-Website\",\"potentialAction\":[{\"@type\":\"SearchAction\",\"target\":{\"@type\":\"EntryPoint\",\"urlTemplate\":\"https:\\\/\\\/pas.websitehelden.net\\\/it\\\/?s={search_term_string}\"},\"query-input\":{\"@type\":\"PropertyValueSpecification\",\"valueRequired\":true,\"valueName\":\"search_term_string\"}}],\"inLanguage\":\"it-IT\"}]}<\/script>\n<!-- \/ Yoast SEO plugin. -->","yoast_head_json":{"title":"Noleggio Aereo Privato VIP - Il tuo volo esclusivo! | PASflights","description":"Il noleggio di un aereo privato VIP di PASflights assicura servizi esclusivi: camera da letto, soggiorno e bar a bordo, nella totale privacy.","robots":{"index":"index","follow":"follow","max-snippet":"max-snippet:-1","max-image-preview":"max-image-preview:large","max-video-preview":"max-video-preview:-1"},"canonical":"https:\/\/pas.websitehelden.net\/it\/prenotazione-voli-privati-di-gruppo\/noleggio-aereo-privato-vip\/","og_locale":"it_IT","og_type":"article","og_title":"Noleggio Aereo Privato VIP - Il tuo volo esclusivo! | PASflights","og_description":"Il noleggio di un aereo privato VIP di PASflights assicura servizi esclusivi: camera da letto, soggiorno e bar a bordo, nella totale privacy.","og_url":"https:\/\/pas.websitehelden.net\/it\/prenotazione-voli-privati-di-gruppo\/noleggio-aereo-privato-vip\/","og_site_name":"Pasflights","article_modified_time":"2022-04-01T10:40:49+00:00","og_image":[{"width":2560,"height":877,"url":"https:\/\/er7k5njc6uc.exactdn.com\/wp-content\/uploads\/2021\/12\/VIP-aircraft-charter-banner-scaled.jpg?strip=all&lossy=1&ssl=1","type":"image\/jpeg"}],"twitter_card":"summary_large_image","twitter_misc":{"Est. reading time":"19 minutes"},"schema":{"@context":"https:\/\/schema.org","@graph":[{"@type":"WebPage","@id":"https:\/\/pas.websitehelden.net\/it\/prenotazione-voli-privati-di-gruppo\/noleggio-aereo-privato-vip\/","url":"https:\/\/pas.websitehelden.net\/it\/prenotazione-voli-privati-di-gruppo\/noleggio-aereo-privato-vip\/","name":"Noleggio Aereo Privato VIP - Il tuo volo esclusivo! | PASflights","isPartOf":{"@id":"https:\/\/pas.websitehelden.net\/it\/#website"},"primaryImageOfPage":{"@id":"https:\/\/pas.websitehelden.net\/it\/prenotazione-voli-privati-di-gruppo\/noleggio-aereo-privato-vip\/#primaryimage"},"image":{"@id":"https:\/\/pas.websitehelden.net\/it\/prenotazione-voli-privati-di-gruppo\/noleggio-aereo-privato-vip\/#primaryimage"},"thumbnailUrl":"https:\/\/er7k5njc6uc.exactdn.com\/wp-content\/uploads\/2021\/12\/VIP-aircraft-charter-banner-scaled.jpg?strip=all&lossy=1&ssl=1","datePublished":"2022-03-06T10:18:51+00:00","dateModified":"2022-04-01T10:40:49+00:00","description":"Il noleggio di un aereo privato VIP di PASflights assicura servizi esclusivi: camera da letto, soggiorno e bar a bordo, nella totale privacy.","breadcrumb":{"@id":"https:\/\/pas.websitehelden.net\/it\/prenotazione-voli-privati-di-gruppo\/noleggio-aereo-privato-vip\/#breadcrumb"},"inLanguage":"it-IT","potentialAction":[{"@type":"ReadAction","target":["https:\/\/pas.websitehelden.net\/it\/prenotazione-voli-privati-di-gruppo\/noleggio-aereo-privato-vip\/"]}]},{"@type":"ImageObject","inLanguage":"it-IT","@id":"https:\/\/pas.websitehelden.net\/it\/prenotazione-voli-privati-di-gruppo\/noleggio-aereo-privato-vip\/#primaryimage","url":"https:\/\/er7k5njc6uc.exactdn.com\/wp-content\/uploads\/2021\/12\/VIP-aircraft-charter-banner-scaled.jpg?strip=all&lossy=1&ssl=1","contentUrl":"https:\/\/er7k5njc6uc.exactdn.com\/wp-content\/uploads\/2021\/12\/VIP-aircraft-charter-banner-scaled.jpg?strip=all&lossy=1&ssl=1","width":2560,"height":877},{"@type":"BreadcrumbList","@id":"https:\/\/pas.websitehelden.net\/it\/prenotazione-voli-privati-di-gruppo\/noleggio-aereo-privato-vip\/#breadcrumb","itemListElement":[{"@type":"ListItem","position":1,"name":"Startseite","item":"https:\/\/pas.websitehelden.net\/it\/"},{"@type":"ListItem","position":2,"name":"I Voli di gruppo","item":"https:\/\/pas.websitehelden.net\/it\/prenotazione-voli-privati-di-gruppo\/"},{"@type":"ListItem","position":3,"name":"Noleggio aerei VIP"}]},{"@type":"WebSite","@id":"https:\/\/pas.websitehelden.net\/it\/#website","url":"https:\/\/pas.websitehelden.net\/it\/","name":"Pasflights","description":"Eine weitere WordPress-Website","potentialAction":[{"@type":"SearchAction","target":{"@type":"EntryPoint","urlTemplate":"https:\/\/pas.websitehelden.net\/it\/?s={search_term_string}"},"query-input":{"@type":"PropertyValueSpecification","valueRequired":true,"valueName":"search_term_string"}}],"inLanguage":"it-IT"}]}},"_links":{"self":[{"href":"https:\/\/pas.websitehelden.net\/it\/wp-json\/wp\/v2\/pages\/3857","targetHints":{"allow":["GET"]}}],"collection":[{"href":"https:\/\/pas.websitehelden.net\/it\/wp-json\/wp\/v2\/pages"}],"about":[{"href":"https:\/\/pas.websitehelden.net\/it\/wp-json\/wp\/v2\/types\/page"}],"author":[{"embeddable":true,"href":"https:\/\/pas.websitehelden.net\/it\/wp-json\/wp\/v2\/users\/2"}],"replies":[{"embeddable":true,"href":"https:\/\/pas.websitehelden.net\/it\/wp-json\/wp\/v2\/comments?post=3857"}],"version-history":[{"count":0,"href":"https:\/\/pas.websitehelden.net\/it\/wp-json\/wp\/v2\/pages\/3857\/revisions"}],"up":[{"embeddable":true,"href":"https:\/\/pas.websitehelden.net\/it\/wp-json\/wp\/v2\/pages\/3839"}],"wp:featuredmedia":[{"embeddable":true,"href":"https:\/\/pas.websitehelden.net\/it\/wp-json\/wp\/v2\/media\/3669"}],"wp:attachment":[{"href":"https:\/\/pas.websitehelden.net\/it\/wp-json\/wp\/v2\/media?parent=3857"}],"wp:term":[{"taxonomy":"category","embeddable":true,"href":"https:\/\/pas.websitehelden.net\/it\/wp-json\/wp\/v2\/categories?post=3857"},{"taxonomy":"post_tag","embeddable":true,"href":"https:\/\/pas.websitehelden.net\/it\/wp-json\/wp\/v2\/tags?post=3857"}],"curies":[{"name":"wp","href":"https:\/\/api.w.org\/{rel}","templated":true}]}}