{"id":3833,"date":"2022-03-06T09:54:35","date_gmt":"2022-03-06T08:54:35","guid":{"rendered":"https:\/\/www.pasflights.com\/laeroambulanza\/"},"modified":"2024-01-15T14:45:28","modified_gmt":"2024-01-15T13:45:28","slug":"aeroambulanza-trasporto-medico-sanitario","status":"publish","type":"page","link":"https:\/\/pas.websitehelden.net\/it\/aeroambulanza-trasporto-medico-sanitario\/","title":{"rendered":"L\u2019Aeroambulanza"},"content":{"rendered":"\t\t<div data-elementor-type=\"wp-page\" data-elementor-id=\"3833\" class=\"elementor elementor-3833 elementor-2701\" data-elementor-post-type=\"page\">\n\t\t\t\t\t\t<section class=\"elementor-section elementor-top-section elementor-element elementor-element-79c5772 elementor-section-boxed elementor-section-height-default elementor-section-height-default\" data-id=\"79c5772\" data-element_type=\"section\">\n\t\t\t\t\t\t<div class=\"elementor-container elementor-column-gap-default\">\n\t\t\t\t\t<div class=\"elementor-column elementor-col-100 elementor-top-column elementor-element elementor-element-bd3d4f4\" data-id=\"bd3d4f4\" data-element_type=\"column\">\n\t\t\t<div class=\"elementor-widget-wrap elementor-element-populated\">\n\t\t\t\t\t\t<div class=\"elementor-element elementor-element-64cbe34 elementor-widget elementor-widget-heading\" data-id=\"64cbe34\" data-element_type=\"widget\" data-widget_type=\"heading.default\">\n\t\t\t\t<div class=\"elementor-widget-container\">\n\t\t\t\t\t<h1 class=\"elementor-heading-title elementor-size-default\">\nL\u2019Aeroambulanza: un trasporto sanitario affidabile<\/h1>\t\t\t\t<\/div>\n\t\t\t\t<\/div>\n\t\t\t\t<div class=\"elementor-element elementor-element-8e803ea elementor-widget elementor-widget-text-editor\" data-id=\"8e803ea\" data-element_type=\"widget\" data-widget_type=\"text-editor.default\">\n\t\t\t\t<div class=\"elementor-widget-container\">\n\t\t\t\t\t\t\t\t\t<p><strong>PAS<\/strong>flights organizza tempestivamente soluzioni complete di volo per rispondere a necessit\u00e0 di carattere medico-sanitario, rimpatri ed assistenza in situazioni d\u2019emergenza. Da molti decenni, istituzioni mediche, organizzazioni, autorit\u00e0, ONG e pazienti privati, hanno fatto affidamento sulla nostra esperienza pluriennale e sul nostro esclusivo accesso ad una rete mondiale di partner accreditati specializzati nel servizio di aeroambulanza e di rimpatri sanitari. <\/p>\n<p>I nostri brokers hanno dimostrato in ogni occasione una grande esperienza e le competenze specifiche per individuare l&#8217;aeroambulanza e la soluzione di volo pi\u00f9 adatte per rispondere tempestivamente alle esigenze anche pi\u00f9 urgenti. Le aeroambulanze che offriamo sono completamente equipaggiate con forniture mediche e garantiscono cos\u00ec il trasporto per un rientro sicuro dei diversi pazienti, offrendo in tal modo un servizio eccellente ed efficiente a livello internazionale. I voli sanitari sono sempre garantiti quando le condizioni esterne non permettono il trasporto a terra. I professionisti di <strong>PAS<\/strong>flights sono quindi disponibili 24 ore su 24, 7 giorni su 7, giorno e notte, fornendo voli per esigenze mediche e rimpatri sanitari nel minor tempo possibile.    <\/p>\n\t\t\t\t\t\t\t\t<\/div>\n\t\t\t\t<\/div>\n\t\t\t\t<div class=\"elementor-element elementor-element-f6e7923 elementor-widget elementor-widget-heading\" data-id=\"f6e7923\" data-element_type=\"widget\" data-widget_type=\"heading.default\">\n\t\t\t\t<div class=\"elementor-widget-container\">\n\t\t\t\t\t<h2 class=\"elementor-heading-title elementor-size-default\">I voli sanitari offrono soluzioni complete<\/h2>\t\t\t\t<\/div>\n\t\t\t\t<\/div>\n\t\t\t\t<div class=\"elementor-element elementor-element-6224003 elementor-widget elementor-widget-text-editor\" data-id=\"6224003\" data-element_type=\"widget\" data-widget_type=\"text-editor.default\">\n\t\t\t\t<div class=\"elementor-widget-container\">\n\t\t\t\t\t\t\t\t\t<p>In collaborazione con i nostri partner qualificati e altamente specializzati, vengono utilizzati <a href=\"\/it\/noleggio-jet-privato\/\">jet privati<\/a> per i voli sanitari, tutti dotati di ogni dispositivo professionale necessario e delle attrezzature appropriate. Questo significa che ci\u00f2 che \u00e8 necessario per la medicina d&#8217;urgenza e la terapia intensiva \u00e8 sempre a portata di mano. Un\u2019aeroambulanza pu\u00f2 anche essere dotata di attrezzature speciali se le condizioni del paziente lo richiedono. I voli sanitari sono anche accompagnati da una equipe di medici, infermieri e paramedici.<\/p><p>I jet privati per le aeroambulanze sono sempre utilizzati quando<\/p><ul><li data-mce-word-list=\"1\">il rimpatrio del paziente \u00e8 urgente;<\/li><li data-mce-word-list=\"1\">la via aerea \u00e8 l&#8217;opzione di trasporto pi\u00f9 sicura e veloce;<\/li><li data-mce-word-list=\"1\">un volo di linea sarebbe troppo rischioso e faticoso per il paziente;<\/li><li data-mce-word-list=\"1\">\u00e8 necessario volare verso un aeroporto di destinazione che non \u00e8 servito da grandi aerei di linea;<\/li><li data-mce-word-list=\"1\">il trasporto medico di rientro richiede attrezzature speciali e l&#8217;accompagnamento di medici professionisti;<\/li><\/ul><p>Per ricevere maggiori informazioni dettagliate nell&#8217;ambito dei nostri voli sanitari, non esitate a <a href=\"\/it\/contatti\/\">contattarci<\/a> in qualsiasi momento. I nostri esperti vi consiglieranno la migliore soluzione offrendovi una consulenza professionale e un quadro completo di tutti i servizi offerti.<\/p>\t\t\t\t\t\t\t\t<\/div>\n\t\t\t\t<\/div>\n\t\t\t\t\t<\/div>\n\t\t<\/div>\n\t\t\t\t\t<\/div>\n\t\t<\/section>\n\t\t\t\t<section class=\"elementor-section elementor-top-section elementor-element elementor-element-2ae7b92 elementor-section-stretched elementor-section-boxed elementor-section-height-default elementor-section-height-default\" data-id=\"2ae7b92\" data-element_type=\"section\" data-settings=\"{&quot;stretch_section&quot;:&quot;section-stretched&quot;}\">\n\t\t\t\t\t\t<div class=\"elementor-container elementor-column-gap-default\">\n\t\t\t\t\t<div class=\"elementor-column elementor-col-100 elementor-top-column elementor-element elementor-element-7c0e832\" data-id=\"7c0e832\" data-element_type=\"column\">\n\t\t\t<div class=\"elementor-widget-wrap elementor-element-populated\">\n\t\t\t\t\t\t<div class=\"elementor-element elementor-element-86bb4a0 elementor-widget elementor-widget-shortcode\" data-id=\"86bb4a0\" data-element_type=\"widget\" data-widget_type=\"shortcode.default\">\n\t\t\t\t<div class=\"elementor-widget-container\">\n\t\t\t\t\t\t\t<div class=\"elementor-shortcode\">\t\t<div data-elementor-type=\"section\" data-elementor-id=\"13329\" class=\"elementor elementor-13329\" data-elementor-post-type=\"elementor_library\">\n\t\t\t\t\t<section class=\"elementor-section elementor-top-section elementor-element elementor-element-226b4a5 elementor-section-full_width elementor-section-height-default elementor-section-height-default\" data-id=\"226b4a5\" data-element_type=\"section\">\n\t\t\t\t\t\t<div class=\"elementor-container elementor-column-gap-default\">\n\t\t\t\t\t<div class=\"elementor-column elementor-col-100 elementor-top-column elementor-element elementor-element-86bde1d\" data-id=\"86bde1d\" data-element_type=\"column\">\n\t\t\t<div class=\"elementor-widget-wrap elementor-element-populated\">\n\t\t\t\t\t\t<div class=\"elementor-element elementor-element-fe3eacb elementor-widget elementor-widget-heading\" data-id=\"fe3eacb\" data-element_type=\"widget\" data-widget_type=\"heading.default\">\n\t\t\t\t<div class=\"elementor-widget-container\">\n\t\t\t\t\t<span class=\"elementor-heading-title elementor-size-default\">Contatti<\/span>\t\t\t\t<\/div>\n\t\t\t\t<\/div>\n\t\t\t\t<div class=\"elementor-element elementor-element-4b870a6 elementor-widget elementor-widget-heading\" data-id=\"4b870a6\" data-element_type=\"widget\" data-widget_type=\"heading.default\">\n\t\t\t\t<div class=\"elementor-widget-container\">\n\t\t\t\t\t<h2 class=\"elementor-heading-title elementor-size-default\">Contatti<\/h2>\t\t\t\t<\/div>\n\t\t\t\t<\/div>\n\t\t\t\t<section class=\"elementor-section elementor-inner-section elementor-element elementor-element-a4f3742 elementor-section-boxed elementor-section-height-default elementor-section-height-default\" data-id=\"a4f3742\" data-element_type=\"section\" data-settings=\"{&quot;background_background&quot;:&quot;classic&quot;}\">\n\t\t\t\t\t\t<div class=\"elementor-container elementor-column-gap-default\">\n\t\t\t\t\t<div class=\"elementor-column elementor-col-50 elementor-inner-column elementor-element elementor-element-1111a1f\" data-id=\"1111a1f\" data-element_type=\"column\">\n\t\t\t<div class=\"elementor-widget-wrap\">\n\t\t\t\t\t\t\t<\/div>\n\t\t<\/div>\n\t\t\t\t<div class=\"elementor-column elementor-col-50 elementor-inner-column elementor-element elementor-element-5e2951d\" data-id=\"5e2951d\" data-element_type=\"column\" data-settings=\"{&quot;background_background&quot;:&quot;classic&quot;}\">\n\t\t\t<div class=\"elementor-widget-wrap elementor-element-populated\">\n\t\t\t\t\t\t<div class=\"elementor-element elementor-element-fe60636 elementor-widget elementor-widget-heading\" data-id=\"fe60636\" data-element_type=\"widget\" data-widget_type=\"heading.default\">\n\t\t\t\t<div class=\"elementor-widget-container\">\n\t\t\t\t\t<h2 class=\"elementor-heading-title elementor-size-default\">AVETE DOMANDE? SIAMO QUI PER VOI - PER E-MAIL,<br> MODULO DI CONTATTO O PER TELEFONO!<\/h2>\t\t\t\t<\/div>\n\t\t\t\t<\/div>\n\t\t\t\t<div class=\"elementor-element elementor-element-1ff5ef7 elementor-widget elementor-widget-heading\" data-id=\"1ff5ef7\" data-element_type=\"widget\" data-widget_type=\"heading.default\">\n\t\t\t\t<div class=\"elementor-widget-container\">\n\t\t\t\t\t<span class=\"elementor-heading-title elementor-size-default\">Il tuo contatto personale \u00e8 a tua disposizione 24 ore su 24, 7 giorni su 7<\/span>\t\t\t\t<\/div>\n\t\t\t\t<\/div>\n\t\t\t\t<div class=\"elementor-element elementor-element-224285a elementor-align-start elementor-widget__width-auto elementor-icon-list--layout-traditional elementor-list-item-link-full_width elementor-widget elementor-widget-icon-list\" data-id=\"224285a\" data-element_type=\"widget\" data-widget_type=\"icon-list.default\">\n\t\t\t\t<div class=\"elementor-widget-container\">\n\t\t\t\t\t\t\t<ul class=\"elementor-icon-list-items\">\n\t\t\t\t\t\t\t<li class=\"elementor-icon-list-item\">\n\t\t\t\t\t\t\t\t\t\t\t<a href=\"mailto:italyitaly@pasflights.com\">\n\n\t\t\t\t\t\t\t\t\t\t\t\t<span class=\"elementor-icon-list-icon\">\n\t\t\t\t\t\t\t<i aria-hidden=\"true\" class=\"fas fa-envelope\"><\/i>\t\t\t\t\t\t<\/span>\n\t\t\t\t\t\t\t\t\t\t<span class=\"elementor-icon-list-text\">italy@pasflights.com<\/span>\n\t\t\t\t\t\t\t\t\t\t\t<\/a>\n\t\t\t\t\t\t\t\t\t<\/li>\n\t\t\t\t\t\t\t\t<li class=\"elementor-icon-list-item\">\n\t\t\t\t\t\t\t\t\t\t\t<a href=\"tel:+390239549858\">\n\n\t\t\t\t\t\t\t\t\t\t\t\t<span class=\"elementor-icon-list-icon\">\n\t\t\t\t\t\t\t<i aria-hidden=\"true\" class=\"fas fa-phone-alt\"><\/i>\t\t\t\t\t\t<\/span>\n\t\t\t\t\t\t\t\t\t\t<span class=\"elementor-icon-list-text\">+39 0239 549858<\/span>\n\t\t\t\t\t\t\t\t\t\t\t<\/a>\n\t\t\t\t\t\t\t\t\t<\/li>\n\t\t\t\t\t\t<\/ul>\n\t\t\t\t\t\t<\/div>\n\t\t\t\t<\/div>\n\t\t\t\t<div class=\"elementor-element elementor-element-667daf5 elementor-align-right pinkbuttonfull elementor-tablet-align-left elementor-mobile-align-justify elementor-widget elementor-widget-button\" data-id=\"667daf5\" data-element_type=\"widget\" data-widget_type=\"button.default\">\n\t\t\t\t<div class=\"elementor-widget-container\">\n\t\t\t\t\t\t\t\t\t<div class=\"elementor-button-wrapper\">\n\t\t\t\t\t<a class=\"elementor-button elementor-button-link elementor-size-sm\" href=\"https:\/\/pas.websitehelden.net\/it\/contatti\/\">\n\t\t\t\t\t\t<span class=\"elementor-button-content-wrapper\">\n\t\t\t\t\t\t\t\t\t<span class=\"elementor-button-text\">Contatta ora<\/span>\n\t\t\t\t\t<\/span>\n\t\t\t\t\t<\/a>\n\t\t\t\t<\/div>\n\t\t\t\t\t\t\t\t<\/div>\n\t\t\t\t<\/div>\n\t\t\t\t\t<\/div>\n\t\t<\/div>\n\t\t\t\t\t<\/div>\n\t\t<\/section>\n\t\t\t\t<div class=\"elementor-element elementor-element-0b889e9 elementor-widget elementor-widget-image\" data-id=\"0b889e9\" data-element_type=\"widget\" data-widget_type=\"image.default\">\n\t\t\t\t<div class=\"elementor-widget-container\">\n\t\t\t\t\t\t\t\t\t\t\t\t\t\t\t<img decoding=\"async\" src=\"https:\/\/er7k5njc6uc.exactdn.com\/wp-content\/uploads\/elementor\/thumbs\/privatjet-buchen_kontakt-rawwxlf5e5ptspptkdb8apcdi94cfpobtspz7qq45k.jpg?strip=all&lossy=1&w=1920&ssl=1\" title=\"privatjet-buchen_kontakt\" alt=\"Contact\" loading=\"lazy\" \/>\t\t\t\t\t\t\t\t\t\t\t\t\t\t\t<\/div>\n\t\t\t\t<\/div>\n\t\t\t\t\t<\/div>\n\t\t<\/div>\n\t\t\t\t\t<\/div>\n\t\t<\/section>\n\t\t\t\t<\/div>\n\t\t<\/div>\n\t\t\t\t\t\t<\/div>\n\t\t\t\t<\/div>\n\t\t\t\t\t<\/div>\n\t\t<\/div>\n\t\t\t\t\t<\/div>\n\t\t<\/section>\n\t\t\t\t<section class=\"elementor-section elementor-top-section elementor-element elementor-element-d0b3c86 elementor-section-boxed elementor-section-height-default elementor-section-height-default\" data-id=\"d0b3c86\" data-element_type=\"section\">\n\t\t\t\t\t\t<div class=\"elementor-container elementor-column-gap-default\">\n\t\t\t\t\t<div class=\"elementor-column elementor-col-100 elementor-top-column elementor-element elementor-element-37c7fb4\" data-id=\"37c7fb4\" data-element_type=\"column\">\n\t\t\t<div class=\"elementor-widget-wrap elementor-element-populated\">\n\t\t\t\t\t\t<div class=\"elementor-element elementor-element-fb241c7 elementor-widget elementor-widget-heading\" data-id=\"fb241c7\" data-element_type=\"widget\" data-widget_type=\"heading.default\">\n\t\t\t\t<div class=\"elementor-widget-container\">\n\t\t\t\t\t<h2 class=\"elementor-heading-title elementor-size-default\">I Voli Sanitari per un comodo trasferimento da letto a letto<\/h2>\t\t\t\t<\/div>\n\t\t\t\t<\/div>\n\t\t\t\t<div class=\"elementor-element elementor-element-bd11c11 elementor-widget elementor-widget-text-editor\" data-id=\"bd11c11\" data-element_type=\"widget\" data-widget_type=\"text-editor.default\">\n\t\t\t\t<div class=\"elementor-widget-container\">\n\t\t\t\t\t\t\t\t\t<p>Quando il trasporto in ambulanza non \u00e8 l&#8217;opzione pi\u00f9 sicura, il trasferimento del paziente da letto a letto pu\u00f2 essere organizzato da un\u2019aeroambulanza in modo efficiente in termini di tempo e con un&#8217;assistenza affidabile a bordo. Se la situazione lo permette e le condizioni sono stabili, abbiamo la possibilit\u00e0 di utilizzare un volo di linea con accompagnamento medico. Le emergenze invece sono gestite esclusivamente da aeroambulanze. La vasta rete di contatti con societ\u00e0 altamente specializzate nel settore ci permette di trovare la migliore soluzione senza alcun tempo di attesa.<\/p>\t\t\t\t\t\t\t\t<\/div>\n\t\t\t\t<\/div>\n\t\t\t\t\t<\/div>\n\t\t<\/div>\n\t\t\t\t\t<\/div>\n\t\t<\/section>\n\t\t\t\t<\/div>\n\t\t","protected":false},"excerpt":{"rendered":"<p>L\u2019Aeroambulanza: un trasporto sanitario affidabile PASflights organizza tempestivamente soluzioni complete di volo per rispondere a necessit\u00e0 di carattere medico-sanitario, rimpatri ed assistenza in situazioni d\u2019emergenza. Da molti decenni, istituzioni mediche, organizzazioni, autorit\u00e0, ONG e pazienti privati, hanno fatto affidamento sulla nostra esperienza pluriennale e sul nostro esclusivo accesso ad una rete mondiale di partner accreditati [&hellip;]<\/p>\n","protected":false},"author":1,"featured_media":3724,"parent":0,"menu_order":0,"comment_status":"closed","ping_status":"closed","template":"","meta":{"_acf_changed":false,"footnotes":""},"categories":[],"tags":[39],"class_list":["post-3833","page","type-page","status-publish","has-post-thumbnail","hentry","tag-noleggio-di-jet-privati"],"acf":[],"yoast_head":"<!-- This site is optimized with the Yoast SEO plugin v27.4 - https:\/\/yoast.com\/product\/yoast-seo-wordpress\/ -->\n<title>Aeroambulanza per Trasporto Medico Sanitario | PASflights<\/title>\n<meta name=\"description\" content=\"Organizziamo soluzioni tempestive con voli in aeroambulanza per trasporto medico sanitario d&#039;emergenza. Affidati all&#039;esperienza di PASflights.\" \/>\n<meta name=\"robots\" content=\"index, follow, max-snippet:-1, max-image-preview:large, max-video-preview:-1\" \/>\n<link rel=\"canonical\" href=\"https:\/\/pas.websitehelden.net\/it\/aeroambulanza-trasporto-medico-sanitario\/\" \/>\n<meta property=\"og:locale\" content=\"it_IT\" \/>\n<meta property=\"og:type\" content=\"article\" \/>\n<meta property=\"og:title\" content=\"Aeroambulanza per Trasporto Medico Sanitario | PASflights\" \/>\n<meta property=\"og:description\" content=\"Organizziamo soluzioni tempestive con voli in aeroambulanza per trasporto medico sanitario d&#039;emergenza. Affidati all&#039;esperienza di PASflights.\" \/>\n<meta property=\"og:url\" content=\"https:\/\/pas.websitehelden.net\/it\/aeroambulanza-trasporto-medico-sanitario\/\" \/>\n<meta property=\"og:site_name\" content=\"Pasflights\" \/>\n<meta property=\"article:modified_time\" content=\"2024-01-15T13:45:28+00:00\" \/>\n<meta property=\"og:image\" content=\"https:\/\/er7k5njc6uc.exactdn.com\/wp-content\/uploads\/2022\/01\/ambulanzflu\u0308ge-banner-scaled.jpg?strip=all&lossy=1&ssl=1\" \/>\n\t<meta property=\"og:image:width\" content=\"2560\" \/>\n\t<meta property=\"og:image:height\" content=\"877\" \/>\n\t<meta property=\"og:image:type\" content=\"image\/jpeg\" \/>\n<meta name=\"twitter:card\" content=\"summary_large_image\" \/>\n<meta name=\"twitter:label1\" content=\"Est. reading time\" \/>\n\t<meta name=\"twitter:data1\" content=\"4 minutes\" \/>\n<script type=\"application\/ld+json\" class=\"yoast-schema-graph\">{\"@context\":\"https:\\\/\\\/schema.org\",\"@graph\":[{\"@type\":\"WebPage\",\"@id\":\"https:\\\/\\\/pas.websitehelden.net\\\/it\\\/aeroambulanza-trasporto-medico-sanitario\\\/\",\"url\":\"https:\\\/\\\/pas.websitehelden.net\\\/it\\\/aeroambulanza-trasporto-medico-sanitario\\\/\",\"name\":\"Aeroambulanza per Trasporto Medico Sanitario | PASflights\",\"isPartOf\":{\"@id\":\"https:\\\/\\\/pas.websitehelden.net\\\/it\\\/#website\"},\"primaryImageOfPage\":{\"@id\":\"https:\\\/\\\/pas.websitehelden.net\\\/it\\\/aeroambulanza-trasporto-medico-sanitario\\\/#primaryimage\"},\"image\":{\"@id\":\"https:\\\/\\\/pas.websitehelden.net\\\/it\\\/aeroambulanza-trasporto-medico-sanitario\\\/#primaryimage\"},\"thumbnailUrl\":\"https:\\\/\\\/er7k5njc6uc.exactdn.com\\\/wp-content\\\/uploads\\\/2022\\\/01\\\/ambulanzflu\u0308ge-banner-scaled.jpg?strip=all&lossy=1&ssl=1\",\"datePublished\":\"2022-03-06T08:54:35+00:00\",\"dateModified\":\"2024-01-15T13:45:28+00:00\",\"description\":\"Organizziamo soluzioni tempestive con voli in aeroambulanza per trasporto medico sanitario d\\\\'emergenza. Affidati all\\\\'esperienza di PASflights.\",\"breadcrumb\":{\"@id\":\"https:\\\/\\\/pas.websitehelden.net\\\/it\\\/aeroambulanza-trasporto-medico-sanitario\\\/#breadcrumb\"},\"inLanguage\":\"it-IT\",\"potentialAction\":[{\"@type\":\"ReadAction\",\"target\":[\"https:\\\/\\\/pas.websitehelden.net\\\/it\\\/aeroambulanza-trasporto-medico-sanitario\\\/\"]}]},{\"@type\":\"ImageObject\",\"inLanguage\":\"it-IT\",\"@id\":\"https:\\\/\\\/pas.websitehelden.net\\\/it\\\/aeroambulanza-trasporto-medico-sanitario\\\/#primaryimage\",\"url\":\"https:\\\/\\\/er7k5njc6uc.exactdn.com\\\/wp-content\\\/uploads\\\/2022\\\/01\\\/ambulanzflu\u0308ge-banner-scaled.jpg?strip=all&lossy=1&ssl=1\",\"contentUrl\":\"https:\\\/\\\/er7k5njc6uc.exactdn.com\\\/wp-content\\\/uploads\\\/2022\\\/01\\\/ambulanzflu\u0308ge-banner-scaled.jpg?strip=all&lossy=1&ssl=1\",\"width\":2560,\"height\":877},{\"@type\":\"BreadcrumbList\",\"@id\":\"https:\\\/\\\/pas.websitehelden.net\\\/it\\\/aeroambulanza-trasporto-medico-sanitario\\\/#breadcrumb\",\"itemListElement\":[{\"@type\":\"ListItem\",\"position\":1,\"name\":\"Startseite\",\"item\":\"https:\\\/\\\/pas.websitehelden.net\\\/it\\\/\"},{\"@type\":\"ListItem\",\"position\":2,\"name\":\"L\u2019Aeroambulanza\"}]},{\"@type\":\"WebSite\",\"@id\":\"https:\\\/\\\/pas.websitehelden.net\\\/it\\\/#website\",\"url\":\"https:\\\/\\\/pas.websitehelden.net\\\/it\\\/\",\"name\":\"Pasflights\",\"description\":\"Eine weitere WordPress-Website\",\"potentialAction\":[{\"@type\":\"SearchAction\",\"target\":{\"@type\":\"EntryPoint\",\"urlTemplate\":\"https:\\\/\\\/pas.websitehelden.net\\\/it\\\/?s={search_term_string}\"},\"query-input\":{\"@type\":\"PropertyValueSpecification\",\"valueRequired\":true,\"valueName\":\"search_term_string\"}}],\"inLanguage\":\"it-IT\"}]}<\/script>\n<!-- \/ Yoast SEO plugin. -->","yoast_head_json":{"title":"Aeroambulanza per Trasporto Medico Sanitario | PASflights","description":"Organizziamo soluzioni tempestive con voli in aeroambulanza per trasporto medico sanitario d'emergenza. Affidati all'esperienza di PASflights.","robots":{"index":"index","follow":"follow","max-snippet":"max-snippet:-1","max-image-preview":"max-image-preview:large","max-video-preview":"max-video-preview:-1"},"canonical":"https:\/\/pas.websitehelden.net\/it\/aeroambulanza-trasporto-medico-sanitario\/","og_locale":"it_IT","og_type":"article","og_title":"Aeroambulanza per Trasporto Medico Sanitario | PASflights","og_description":"Organizziamo soluzioni tempestive con voli in aeroambulanza per trasporto medico sanitario d'emergenza. Affidati all'esperienza di PASflights.","og_url":"https:\/\/pas.websitehelden.net\/it\/aeroambulanza-trasporto-medico-sanitario\/","og_site_name":"Pasflights","article_modified_time":"2024-01-15T13:45:28+00:00","og_image":[{"width":2560,"height":877,"url":"https:\/\/er7k5njc6uc.exactdn.com\/wp-content\/uploads\/2022\/01\/ambulanzflu\u0308ge-banner-scaled.jpg?strip=all&lossy=1&ssl=1","type":"image\/jpeg"}],"twitter_card":"summary_large_image","twitter_misc":{"Est. reading time":"4 minutes"},"schema":{"@context":"https:\/\/schema.org","@graph":[{"@type":"WebPage","@id":"https:\/\/pas.websitehelden.net\/it\/aeroambulanza-trasporto-medico-sanitario\/","url":"https:\/\/pas.websitehelden.net\/it\/aeroambulanza-trasporto-medico-sanitario\/","name":"Aeroambulanza per Trasporto Medico Sanitario | PASflights","isPartOf":{"@id":"https:\/\/pas.websitehelden.net\/it\/#website"},"primaryImageOfPage":{"@id":"https:\/\/pas.websitehelden.net\/it\/aeroambulanza-trasporto-medico-sanitario\/#primaryimage"},"image":{"@id":"https:\/\/pas.websitehelden.net\/it\/aeroambulanza-trasporto-medico-sanitario\/#primaryimage"},"thumbnailUrl":"https:\/\/er7k5njc6uc.exactdn.com\/wp-content\/uploads\/2022\/01\/ambulanzflu\u0308ge-banner-scaled.jpg?strip=all&lossy=1&ssl=1","datePublished":"2022-03-06T08:54:35+00:00","dateModified":"2024-01-15T13:45:28+00:00","description":"Organizziamo soluzioni tempestive con voli in aeroambulanza per trasporto medico sanitario d\\'emergenza. Affidati all\\'esperienza di PASflights.","breadcrumb":{"@id":"https:\/\/pas.websitehelden.net\/it\/aeroambulanza-trasporto-medico-sanitario\/#breadcrumb"},"inLanguage":"it-IT","potentialAction":[{"@type":"ReadAction","target":["https:\/\/pas.websitehelden.net\/it\/aeroambulanza-trasporto-medico-sanitario\/"]}]},{"@type":"ImageObject","inLanguage":"it-IT","@id":"https:\/\/pas.websitehelden.net\/it\/aeroambulanza-trasporto-medico-sanitario\/#primaryimage","url":"https:\/\/er7k5njc6uc.exactdn.com\/wp-content\/uploads\/2022\/01\/ambulanzflu\u0308ge-banner-scaled.jpg?strip=all&lossy=1&ssl=1","contentUrl":"https:\/\/er7k5njc6uc.exactdn.com\/wp-content\/uploads\/2022\/01\/ambulanzflu\u0308ge-banner-scaled.jpg?strip=all&lossy=1&ssl=1","width":2560,"height":877},{"@type":"BreadcrumbList","@id":"https:\/\/pas.websitehelden.net\/it\/aeroambulanza-trasporto-medico-sanitario\/#breadcrumb","itemListElement":[{"@type":"ListItem","position":1,"name":"Startseite","item":"https:\/\/pas.websitehelden.net\/it\/"},{"@type":"ListItem","position":2,"name":"L\u2019Aeroambulanza"}]},{"@type":"WebSite","@id":"https:\/\/pas.websitehelden.net\/it\/#website","url":"https:\/\/pas.websitehelden.net\/it\/","name":"Pasflights","description":"Eine weitere WordPress-Website","potentialAction":[{"@type":"SearchAction","target":{"@type":"EntryPoint","urlTemplate":"https:\/\/pas.websitehelden.net\/it\/?s={search_term_string}"},"query-input":{"@type":"PropertyValueSpecification","valueRequired":true,"valueName":"search_term_string"}}],"inLanguage":"it-IT"}]}},"_links":{"self":[{"href":"https:\/\/pas.websitehelden.net\/it\/wp-json\/wp\/v2\/pages\/3833","targetHints":{"allow":["GET"]}}],"collection":[{"href":"https:\/\/pas.websitehelden.net\/it\/wp-json\/wp\/v2\/pages"}],"about":[{"href":"https:\/\/pas.websitehelden.net\/it\/wp-json\/wp\/v2\/types\/page"}],"author":[{"embeddable":true,"href":"https:\/\/pas.websitehelden.net\/it\/wp-json\/wp\/v2\/users\/1"}],"replies":[{"embeddable":true,"href":"https:\/\/pas.websitehelden.net\/it\/wp-json\/wp\/v2\/comments?post=3833"}],"version-history":[{"count":0,"href":"https:\/\/pas.websitehelden.net\/it\/wp-json\/wp\/v2\/pages\/3833\/revisions"}],"wp:featuredmedia":[{"embeddable":true,"href":"https:\/\/pas.websitehelden.net\/it\/wp-json\/wp\/v2\/media\/3724"}],"wp:attachment":[{"href":"https:\/\/pas.websitehelden.net\/it\/wp-json\/wp\/v2\/media?parent=3833"}],"wp:term":[{"taxonomy":"category","embeddable":true,"href":"https:\/\/pas.websitehelden.net\/it\/wp-json\/wp\/v2\/categories?post=3833"},{"taxonomy":"post_tag","embeddable":true,"href":"https:\/\/pas.websitehelden.net\/it\/wp-json\/wp\/v2\/tags?post=3833"}],"curies":[{"name":"wp","href":"https:\/\/api.w.org\/{rel}","templated":true}]}}