{"id":12050,"date":"2023-08-29T16:46:08","date_gmt":"2023-08-29T14:46:08","guid":{"rendered":"https:\/\/www.pasflights.com\/?page_id=12050"},"modified":"2024-01-15T14:41:52","modified_gmt":"2024-01-15T13:41:52","slug":"operatori-medici-a-bordo","status":"publish","type":"page","link":"https:\/\/pas.websitehelden.net\/it\/servizi-su-misura-jet-privati\/operatori-medici-a-bordo\/","title":{"rendered":"Operatori medici a bordo"},"content":{"rendered":"\t\t<div data-elementor-type=\"wp-page\" data-elementor-id=\"12050\" class=\"elementor elementor-12050 elementor-12048\" data-elementor-post-type=\"page\">\n\t\t\t\t\t\t<section class=\"elementor-section elementor-top-section elementor-element elementor-element-2bb7da88 elementor-section-boxed elementor-section-height-default elementor-section-height-default\" data-id=\"2bb7da88\" data-element_type=\"section\">\n\t\t\t\t\t\t<div class=\"elementor-container elementor-column-gap-default\">\n\t\t\t\t\t<div class=\"elementor-column elementor-col-100 elementor-top-column elementor-element elementor-element-36fba676\" data-id=\"36fba676\" data-element_type=\"column\">\n\t\t\t<div class=\"elementor-widget-wrap elementor-element-populated\">\n\t\t\t\t\t\t<div class=\"elementor-element elementor-element-3e673766 elementor-widget elementor-widget-heading\" data-id=\"3e673766\" data-element_type=\"widget\" data-widget_type=\"heading.default\">\n\t\t\t\t<div class=\"elementor-widget-container\">\n\t\t\t\t\t<h1 class=\"elementor-heading-title elementor-size-default\">Operatori medici a bordo: Sicurezza in volo <\/h1>\t\t\t\t<\/div>\n\t\t\t\t<\/div>\n\t\t\t\t<div class=\"elementor-element elementor-element-37846780 elementor-widget elementor-widget-text-editor\" data-id=\"37846780\" data-element_type=\"widget\" data-widget_type=\"text-editor.default\">\n\t\t\t\t<div class=\"elementor-widget-container\">\n\t\t\t\t\t\t\t\t\t<p>Per le persone che non possono affrontare un volo da sole a causa di patologie mediche, offriamo una valida soluzione in collaborazione con Medical Travel Companions: il supporto medico in volo. Questo servizio consente ai passeggeri di essere accompagnati da un medico professionista competente durante il viaggio.<\/p><p>\u00a0<\/p><p>Le persone con problemi di salute non sono sempre in grado di prendere un volo senza assistenza. L&#8217;assistenza medica di volo \u00e8 quindi rivolta a coloro che necessitano di cure particolari, ad esempio a causa di una malattia cronica, dell&#8217;et\u00e0 avanzata o di una disabilit\u00e0. L&#8217;obiettivo \u00e8 consentire loro di vivere un&#8217;esperienza di viaggio sicura e piacevole.<\/p>\t\t\t\t\t\t\t\t<\/div>\n\t\t\t\t<\/div>\n\t\t\t\t\t<\/div>\n\t\t<\/div>\n\t\t\t\t\t<\/div>\n\t\t<\/section>\n\t\t\t\t<section class=\"elementor-section elementor-top-section elementor-element elementor-element-2a26e882 elementor-section-boxed elementor-section-height-default elementor-section-height-default\" data-id=\"2a26e882\" data-element_type=\"section\">\n\t\t\t\t\t\t<div class=\"elementor-container elementor-column-gap-default\">\n\t\t\t\t\t<div class=\"elementor-column elementor-col-100 elementor-top-column elementor-element elementor-element-4375d774\" data-id=\"4375d774\" data-element_type=\"column\">\n\t\t\t<div class=\"elementor-widget-wrap elementor-element-populated\">\n\t\t\t\t\t\t<div class=\"elementor-element elementor-element-1ed45e91 elementor-widget elementor-widget-heading\" data-id=\"1ed45e91\" data-element_type=\"widget\" data-widget_type=\"heading.default\">\n\t\t\t\t<div class=\"elementor-widget-container\">\n\t\t\t\t\t<span class=\"elementor-heading-title elementor-size-default\">Contatta<\/span>\t\t\t\t<\/div>\n\t\t\t\t<\/div>\n\t\t\t\t<div class=\"elementor-element elementor-element-6b352916 elementor-widget elementor-widget-heading\" data-id=\"6b352916\" data-element_type=\"widget\" data-widget_type=\"heading.default\">\n\t\t\t\t<div class=\"elementor-widget-container\">\n\t\t\t\t\t<h2 class=\"elementor-heading-title elementor-size-default\">Contatta<\/h2>\t\t\t\t<\/div>\n\t\t\t\t<\/div>\n\t\t\t\t<section class=\"elementor-section elementor-inner-section elementor-element elementor-element-6866ee25 elementor-section-boxed elementor-section-height-default elementor-section-height-default\" data-id=\"6866ee25\" data-element_type=\"section\" data-settings=\"{&quot;background_background&quot;:&quot;classic&quot;}\">\n\t\t\t\t\t\t<div class=\"elementor-container elementor-column-gap-default\">\n\t\t\t\t\t<div class=\"elementor-column elementor-col-50 elementor-inner-column elementor-element elementor-element-48838d8e\" data-id=\"48838d8e\" data-element_type=\"column\">\n\t\t\t<div class=\"elementor-widget-wrap\">\n\t\t\t\t\t\t\t<\/div>\n\t\t<\/div>\n\t\t\t\t<div class=\"elementor-column elementor-col-50 elementor-inner-column elementor-element elementor-element-355aa00b\" data-id=\"355aa00b\" data-element_type=\"column\" data-settings=\"{&quot;background_background&quot;:&quot;classic&quot;}\">\n\t\t\t<div class=\"elementor-widget-wrap elementor-element-populated\">\n\t\t\t\t\t\t<div class=\"elementor-element elementor-element-54042607 elementor-widget elementor-widget-heading\" data-id=\"54042607\" data-element_type=\"widget\" data-widget_type=\"heading.default\">\n\t\t\t\t<div class=\"elementor-widget-container\">\n\t\t\t\t\t<h2 class=\"elementor-heading-title elementor-size-default\">AVETE DOMANDE? SIAMO QUI PER VOI - PER E-MAIL, <br \/>MODULO DI CONTATTO O PER TELEFONO!<\/h2>\t\t\t\t<\/div>\n\t\t\t\t<\/div>\n\t\t\t\t<div class=\"elementor-element elementor-element-1f56e6a4 elementor-widget elementor-widget-heading\" data-id=\"1f56e6a4\" data-element_type=\"widget\" data-widget_type=\"heading.default\">\n\t\t\t\t<div class=\"elementor-widget-container\">\n\t\t\t\t\t<span class=\"elementor-heading-title elementor-size-default\">Il vostro contatto personale \u00e8 a vostra disposizione 24 ore su 24, 7 giorni su 7<\/span>\t\t\t\t<\/div>\n\t\t\t\t<\/div>\n\t\t\t\t<div class=\"elementor-element elementor-element-58ed205d elementor-align-start elementor-widget__width-auto elementor-icon-list--layout-traditional elementor-list-item-link-full_width elementor-widget elementor-widget-icon-list\" data-id=\"58ed205d\" data-element_type=\"widget\" data-widget_type=\"icon-list.default\">\n\t\t\t\t<div class=\"elementor-widget-container\">\n\t\t\t\t\t\t\t<ul class=\"elementor-icon-list-items\">\n\t\t\t\t\t\t\t<li class=\"elementor-icon-list-item\">\n\t\t\t\t\t\t\t\t\t\t\t<a href=\"https:\/\/pas.websitehelden.net\/it\/contatti\/\">\n\n\t\t\t\t\t\t\t\t\t\t\t\t<span class=\"elementor-icon-list-icon\">\n\t\t\t\t\t\t\t<i aria-hidden=\"true\" class=\"fas fa-envelope\"><\/i>\t\t\t\t\t\t<\/span>\n\t\t\t\t\t\t\t\t\t\t<span class=\"elementor-icon-list-text\">info@pasflights.com<\/span>\n\t\t\t\t\t\t\t\t\t\t\t<\/a>\n\t\t\t\t\t\t\t\t\t<\/li>\n\t\t\t\t\t\t\t\t<li class=\"elementor-icon-list-item\">\n\t\t\t\t\t\t\t\t\t\t\t<a href=\"tel:+49%202204%2070606-0\">\n\n\t\t\t\t\t\t\t\t\t\t\t\t<span class=\"elementor-icon-list-icon\">\n\t\t\t\t\t\t\t<i aria-hidden=\"true\" class=\"fas fa-phone-alt\"><\/i>\t\t\t\t\t\t<\/span>\n\t\t\t\t\t\t\t\t\t\t<span class=\"elementor-icon-list-text\">+ 49 2204 70606-0<\/span>\n\t\t\t\t\t\t\t\t\t\t\t<\/a>\n\t\t\t\t\t\t\t\t\t<\/li>\n\t\t\t\t\t\t<\/ul>\n\t\t\t\t\t\t<\/div>\n\t\t\t\t<\/div>\n\t\t\t\t<div class=\"elementor-element elementor-element-8f38580 elementor-align-right pinkbuttonfull elementor-tablet-align-left elementor-mobile-align-justify elementor-widget elementor-widget-button\" data-id=\"8f38580\" data-element_type=\"widget\" data-widget_type=\"button.default\">\n\t\t\t\t<div class=\"elementor-widget-container\">\n\t\t\t\t\t\t\t\t\t<div class=\"elementor-button-wrapper\">\n\t\t\t\t\t<a class=\"elementor-button elementor-button-link elementor-size-sm\" href=\"https:\/\/bookings.medicaltravelcompanions.com\/aff\/pas\/4urautua\">\n\t\t\t\t\t\t<span class=\"elementor-button-content-wrapper\">\n\t\t\t\t\t\t\t\t\t<span class=\"elementor-button-text\">Contatta ora<\/span>\n\t\t\t\t\t<\/span>\n\t\t\t\t\t<\/a>\n\t\t\t\t<\/div>\n\t\t\t\t\t\t\t\t<\/div>\n\t\t\t\t<\/div>\n\t\t\t\t\t<\/div>\n\t\t<\/div>\n\t\t\t\t\t<\/div>\n\t\t<\/section>\n\t\t\t\t<div class=\"elementor-element elementor-element-4457e1de elementor-widget elementor-widget-image\" data-id=\"4457e1de\" data-element_type=\"widget\" data-widget_type=\"image.default\">\n\t\t\t\t<div class=\"elementor-widget-container\">\n\t\t\t\t\t\t\t\t\t\t\t\t\t\t\t<img decoding=\"async\" src=\"https:\/\/er7k5njc6uc.exactdn.com\/wp-content\/uploads\/elementor\/thumbs\/privatjet-buchen_kontakt-rawwxlf5e5ptspptkdb8apcdi94cfpobtspz7qq45k.jpg?strip=all&lossy=1&w=800&ssl=1\" title=\"privatjet-buchen_kontakt\" alt=\"Contact\" loading=\"lazy\" \/>\t\t\t\t\t\t\t\t\t\t\t\t\t\t\t<\/div>\n\t\t\t\t<\/div>\n\t\t\t\t\t<\/div>\n\t\t<\/div>\n\t\t\t\t\t<\/div>\n\t\t<\/section>\n\t\t\t\t<section class=\"elementor-section elementor-top-section elementor-element elementor-element-9c70c22 elementor-section-boxed elementor-section-height-default elementor-section-height-default\" data-id=\"9c70c22\" data-element_type=\"section\">\n\t\t\t\t\t\t<div class=\"elementor-container elementor-column-gap-default\">\n\t\t\t\t\t<div class=\"elementor-column elementor-col-100 elementor-top-column elementor-element elementor-element-e86fb06\" data-id=\"e86fb06\" data-element_type=\"column\">\n\t\t\t<div class=\"elementor-widget-wrap elementor-element-populated\">\n\t\t\t\t\t\t<div class=\"elementor-element elementor-element-f111536 elementor-widget elementor-widget-heading\" data-id=\"f111536\" data-element_type=\"widget\" data-widget_type=\"heading.default\">\n\t\t\t\t<div class=\"elementor-widget-container\">\n\t\t\t\t\t<h3 class=\"elementor-heading-title elementor-size-default\">Il nostro servizio  - Il supporto di un operatore medico di Medical Travel Companions durante il volo<\/h3>\t\t\t\t<\/div>\n\t\t\t\t<\/div>\n\t\t\t\t<div class=\"elementor-element elementor-element-bcb036a elementor-widget elementor-widget-text-editor\" data-id=\"bcb036a\" data-element_type=\"widget\" data-widget_type=\"text-editor.default\">\n\t\t\t\t<div class=\"elementor-widget-container\">\n\t\t\t\t\t\t\t\t\t<p>L&#8217;assistenza medica di volo comprende un supporto completo prima, durante e dopo il volo. Prima del viaggio, viene condotto un consulto medico approfondito in collaborazione con i medici curanti del passeggero per determinare le sue esigenze individuali.<\/p><p>Sulla base di queste informazioni, viene creato un programma di assistenza orientato alle esigenze specifiche del passeggero. Si tiene conto, in particolare, della necessit\u00e0 di apparecchiature mediche speciali o di farmaci.<\/p><p>Durante il volo, l&#8217;operatore medico \u00e8 sempre al fianco del passeggero. Controlla lo stato di salute del passeggero e reagisce in modo rapido e competente alle emergenze mediche. Inoltre, assiste il passeggero nell&#8217;assunzione di farmaci o nell&#8217;utilizzo di apparecchiature mediche. L&#8217;operatore medico a bordo garantisce quindi un&#8217;assistenza sicura durante l&#8217;intero viaggio.<\/p><p>Questo servizio promuove l&#8217;accessibilit\u00e0 nei viaggi aerei e rende il viaggio fruibile per tutti, indipendentemente dalle difficolt\u00e0 di salute individuali.<\/p><p>Il nostro team di esperti di PASflights, con il supporto dei nostri partner Medical Travel Companions, vi assister\u00e0 nell&#8217;organizzazione di un viaggio su misura per voi. Non esitate a <a href=\"https:\/\/bookings.medicaltravelcompanions.com\/aff\/pas\/4urautua\">contattare<\/a> la nostra societ\u00e0 di partnership, che vi fornir\u00e0 una consulenza olistica e pianificher\u00e0 il vostro servizio di accompagnamento in volo con assistenza medica.<\/p>\t\t\t\t\t\t\t\t<\/div>\n\t\t\t\t<\/div>\n\t\t\t\t\t<\/div>\n\t\t<\/div>\n\t\t\t\t\t<\/div>\n\t\t<\/section>\n\t\t\t\t<\/div>\n\t\t","protected":false},"excerpt":{"rendered":"<p>Operatori medici a bordo: Sicurezza in volo Per le persone che non possono affrontare un volo da sole a causa di patologie mediche, offriamo una valida soluzione in collaborazione con Medical Travel Companions: il supporto medico in volo. Questo servizio consente ai passeggeri di essere accompagnati da un medico professionista competente durante il viaggio. \u00a0 [&hellip;]<\/p>\n","protected":false},"author":5,"featured_media":12065,"parent":3865,"menu_order":110,"comment_status":"closed","ping_status":"closed","template":"","meta":{"_acf_changed":false,"footnotes":""},"categories":[],"tags":[41],"class_list":["post-12050","page","type-page","status-publish","has-post-thumbnail","hentry","tag-servizio"],"acf":[],"yoast_head":"<!-- This site is optimized with the Yoast SEO plugin v27.4 - https:\/\/yoast.com\/product\/yoast-seo-wordpress\/ -->\n<title>Operatori medici in volo: viaggia in sicurezza con noi<\/title>\n<meta name=\"description\" content=\"Grazie ad un operatore medico professionale a bordo, il servizio medico \u00e8 accessibile anche in volo. Con PASflights, viaggiate in buone mani.\" \/>\n<meta name=\"robots\" content=\"index, follow, max-snippet:-1, max-image-preview:large, max-video-preview:-1\" \/>\n<link rel=\"canonical\" href=\"https:\/\/pas.websitehelden.net\/it\/servizi-su-misura-jet-privati\/operatori-medici-a-bordo\/\" \/>\n<meta property=\"og:locale\" content=\"it_IT\" \/>\n<meta property=\"og:type\" content=\"article\" \/>\n<meta property=\"og:title\" content=\"Operatori medici in volo: viaggia in sicurezza con noi\" \/>\n<meta property=\"og:description\" content=\"Grazie ad un operatore medico professionale a bordo, il servizio medico \u00e8 accessibile anche in volo. Con PASflights, viaggiate in buone mani.\" \/>\n<meta property=\"og:url\" content=\"https:\/\/pas.websitehelden.net\/it\/servizi-su-misura-jet-privati\/operatori-medici-a-bordo\/\" \/>\n<meta property=\"og:site_name\" content=\"Pasflights\" \/>\n<meta property=\"article:modified_time\" content=\"2024-01-15T13:41:52+00:00\" \/>\n<meta property=\"og:image\" content=\"https:\/\/er7k5njc6uc.exactdn.com\/wp-content\/uploads\/2023\/08\/Pasflights-medizinische-Flugbegleitung-Header-scaled.jpg?strip=all&lossy=1&ssl=1\" \/>\n\t<meta property=\"og:image:width\" content=\"2560\" \/>\n\t<meta property=\"og:image:height\" content=\"731\" \/>\n\t<meta property=\"og:image:type\" content=\"image\/jpeg\" \/>\n<meta name=\"twitter:card\" content=\"summary_large_image\" \/>\n<meta name=\"twitter:label1\" content=\"Est. reading time\" \/>\n\t<meta name=\"twitter:data1\" content=\"3 minutes\" \/>\n<script type=\"application\/ld+json\" class=\"yoast-schema-graph\">{\"@context\":\"https:\\\/\\\/schema.org\",\"@graph\":[{\"@type\":\"WebPage\",\"@id\":\"https:\\\/\\\/pas.websitehelden.net\\\/it\\\/servizi-su-misura-jet-privati\\\/operatori-medici-a-bordo\\\/\",\"url\":\"https:\\\/\\\/pas.websitehelden.net\\\/it\\\/servizi-su-misura-jet-privati\\\/operatori-medici-a-bordo\\\/\",\"name\":\"Operatori medici in volo: viaggia in sicurezza con noi\",\"isPartOf\":{\"@id\":\"https:\\\/\\\/pas.websitehelden.net\\\/it\\\/#website\"},\"primaryImageOfPage\":{\"@id\":\"https:\\\/\\\/pas.websitehelden.net\\\/it\\\/servizi-su-misura-jet-privati\\\/operatori-medici-a-bordo\\\/#primaryimage\"},\"image\":{\"@id\":\"https:\\\/\\\/pas.websitehelden.net\\\/it\\\/servizi-su-misura-jet-privati\\\/operatori-medici-a-bordo\\\/#primaryimage\"},\"thumbnailUrl\":\"https:\\\/\\\/er7k5njc6uc.exactdn.com\\\/wp-content\\\/uploads\\\/2023\\\/08\\\/Pasflights-medizinische-Flugbegleitung-Header-scaled.jpg?strip=all&lossy=1&ssl=1\",\"datePublished\":\"2023-08-29T14:46:08+00:00\",\"dateModified\":\"2024-01-15T13:41:52+00:00\",\"description\":\"Grazie ad un operatore medico professionale a bordo, il servizio medico \u00e8 accessibile anche in volo. Con PASflights, viaggiate in buone mani.\",\"breadcrumb\":{\"@id\":\"https:\\\/\\\/pas.websitehelden.net\\\/it\\\/servizi-su-misura-jet-privati\\\/operatori-medici-a-bordo\\\/#breadcrumb\"},\"inLanguage\":\"it-IT\",\"potentialAction\":[{\"@type\":\"ReadAction\",\"target\":[\"https:\\\/\\\/pas.websitehelden.net\\\/it\\\/servizi-su-misura-jet-privati\\\/operatori-medici-a-bordo\\\/\"]}]},{\"@type\":\"ImageObject\",\"inLanguage\":\"it-IT\",\"@id\":\"https:\\\/\\\/pas.websitehelden.net\\\/it\\\/servizi-su-misura-jet-privati\\\/operatori-medici-a-bordo\\\/#primaryimage\",\"url\":\"https:\\\/\\\/er7k5njc6uc.exactdn.com\\\/wp-content\\\/uploads\\\/2023\\\/08\\\/Pasflights-medizinische-Flugbegleitung-Header-scaled.jpg?strip=all&lossy=1&ssl=1\",\"contentUrl\":\"https:\\\/\\\/er7k5njc6uc.exactdn.com\\\/wp-content\\\/uploads\\\/2023\\\/08\\\/Pasflights-medizinische-Flugbegleitung-Header-scaled.jpg?strip=all&lossy=1&ssl=1\",\"width\":2560,\"height\":731},{\"@type\":\"BreadcrumbList\",\"@id\":\"https:\\\/\\\/pas.websitehelden.net\\\/it\\\/servizi-su-misura-jet-privati\\\/operatori-medici-a-bordo\\\/#breadcrumb\",\"itemListElement\":[{\"@type\":\"ListItem\",\"position\":1,\"name\":\"Startseite\",\"item\":\"https:\\\/\\\/pas.websitehelden.net\\\/it\\\/\"},{\"@type\":\"ListItem\",\"position\":2,\"name\":\"Servizi\",\"item\":\"https:\\\/\\\/pas.websitehelden.net\\\/it\\\/servizi-su-misura-jet-privati\\\/\"},{\"@type\":\"ListItem\",\"position\":3,\"name\":\"Operatori medici a bordo\"}]},{\"@type\":\"WebSite\",\"@id\":\"https:\\\/\\\/pas.websitehelden.net\\\/it\\\/#website\",\"url\":\"https:\\\/\\\/pas.websitehelden.net\\\/it\\\/\",\"name\":\"Pasflights\",\"description\":\"Eine weitere WordPress-Website\",\"potentialAction\":[{\"@type\":\"SearchAction\",\"target\":{\"@type\":\"EntryPoint\",\"urlTemplate\":\"https:\\\/\\\/pas.websitehelden.net\\\/it\\\/?s={search_term_string}\"},\"query-input\":{\"@type\":\"PropertyValueSpecification\",\"valueRequired\":true,\"valueName\":\"search_term_string\"}}],\"inLanguage\":\"it-IT\"}]}<\/script>\n<!-- \/ Yoast SEO plugin. -->","yoast_head_json":{"title":"Operatori medici in volo: viaggia in sicurezza con noi","description":"Grazie ad un operatore medico professionale a bordo, il servizio medico \u00e8 accessibile anche in volo. Con PASflights, viaggiate in buone mani.","robots":{"index":"index","follow":"follow","max-snippet":"max-snippet:-1","max-image-preview":"max-image-preview:large","max-video-preview":"max-video-preview:-1"},"canonical":"https:\/\/pas.websitehelden.net\/it\/servizi-su-misura-jet-privati\/operatori-medici-a-bordo\/","og_locale":"it_IT","og_type":"article","og_title":"Operatori medici in volo: viaggia in sicurezza con noi","og_description":"Grazie ad un operatore medico professionale a bordo, il servizio medico \u00e8 accessibile anche in volo. Con PASflights, viaggiate in buone mani.","og_url":"https:\/\/pas.websitehelden.net\/it\/servizi-su-misura-jet-privati\/operatori-medici-a-bordo\/","og_site_name":"Pasflights","article_modified_time":"2024-01-15T13:41:52+00:00","og_image":[{"width":2560,"height":731,"url":"https:\/\/er7k5njc6uc.exactdn.com\/wp-content\/uploads\/2023\/08\/Pasflights-medizinische-Flugbegleitung-Header-scaled.jpg?strip=all&lossy=1&ssl=1","type":"image\/jpeg"}],"twitter_card":"summary_large_image","twitter_misc":{"Est. reading time":"3 minutes"},"schema":{"@context":"https:\/\/schema.org","@graph":[{"@type":"WebPage","@id":"https:\/\/pas.websitehelden.net\/it\/servizi-su-misura-jet-privati\/operatori-medici-a-bordo\/","url":"https:\/\/pas.websitehelden.net\/it\/servizi-su-misura-jet-privati\/operatori-medici-a-bordo\/","name":"Operatori medici in volo: viaggia in sicurezza con noi","isPartOf":{"@id":"https:\/\/pas.websitehelden.net\/it\/#website"},"primaryImageOfPage":{"@id":"https:\/\/pas.websitehelden.net\/it\/servizi-su-misura-jet-privati\/operatori-medici-a-bordo\/#primaryimage"},"image":{"@id":"https:\/\/pas.websitehelden.net\/it\/servizi-su-misura-jet-privati\/operatori-medici-a-bordo\/#primaryimage"},"thumbnailUrl":"https:\/\/er7k5njc6uc.exactdn.com\/wp-content\/uploads\/2023\/08\/Pasflights-medizinische-Flugbegleitung-Header-scaled.jpg?strip=all&lossy=1&ssl=1","datePublished":"2023-08-29T14:46:08+00:00","dateModified":"2024-01-15T13:41:52+00:00","description":"Grazie ad un operatore medico professionale a bordo, il servizio medico \u00e8 accessibile anche in volo. Con PASflights, viaggiate in buone mani.","breadcrumb":{"@id":"https:\/\/pas.websitehelden.net\/it\/servizi-su-misura-jet-privati\/operatori-medici-a-bordo\/#breadcrumb"},"inLanguage":"it-IT","potentialAction":[{"@type":"ReadAction","target":["https:\/\/pas.websitehelden.net\/it\/servizi-su-misura-jet-privati\/operatori-medici-a-bordo\/"]}]},{"@type":"ImageObject","inLanguage":"it-IT","@id":"https:\/\/pas.websitehelden.net\/it\/servizi-su-misura-jet-privati\/operatori-medici-a-bordo\/#primaryimage","url":"https:\/\/er7k5njc6uc.exactdn.com\/wp-content\/uploads\/2023\/08\/Pasflights-medizinische-Flugbegleitung-Header-scaled.jpg?strip=all&lossy=1&ssl=1","contentUrl":"https:\/\/er7k5njc6uc.exactdn.com\/wp-content\/uploads\/2023\/08\/Pasflights-medizinische-Flugbegleitung-Header-scaled.jpg?strip=all&lossy=1&ssl=1","width":2560,"height":731},{"@type":"BreadcrumbList","@id":"https:\/\/pas.websitehelden.net\/it\/servizi-su-misura-jet-privati\/operatori-medici-a-bordo\/#breadcrumb","itemListElement":[{"@type":"ListItem","position":1,"name":"Startseite","item":"https:\/\/pas.websitehelden.net\/it\/"},{"@type":"ListItem","position":2,"name":"Servizi","item":"https:\/\/pas.websitehelden.net\/it\/servizi-su-misura-jet-privati\/"},{"@type":"ListItem","position":3,"name":"Operatori medici a bordo"}]},{"@type":"WebSite","@id":"https:\/\/pas.websitehelden.net\/it\/#website","url":"https:\/\/pas.websitehelden.net\/it\/","name":"Pasflights","description":"Eine weitere WordPress-Website","potentialAction":[{"@type":"SearchAction","target":{"@type":"EntryPoint","urlTemplate":"https:\/\/pas.websitehelden.net\/it\/?s={search_term_string}"},"query-input":{"@type":"PropertyValueSpecification","valueRequired":true,"valueName":"search_term_string"}}],"inLanguage":"it-IT"}]}},"_links":{"self":[{"href":"https:\/\/pas.websitehelden.net\/it\/wp-json\/wp\/v2\/pages\/12050","targetHints":{"allow":["GET"]}}],"collection":[{"href":"https:\/\/pas.websitehelden.net\/it\/wp-json\/wp\/v2\/pages"}],"about":[{"href":"https:\/\/pas.websitehelden.net\/it\/wp-json\/wp\/v2\/types\/page"}],"author":[{"embeddable":true,"href":"https:\/\/pas.websitehelden.net\/it\/wp-json\/wp\/v2\/users\/5"}],"replies":[{"embeddable":true,"href":"https:\/\/pas.websitehelden.net\/it\/wp-json\/wp\/v2\/comments?post=12050"}],"version-history":[{"count":0,"href":"https:\/\/pas.websitehelden.net\/it\/wp-json\/wp\/v2\/pages\/12050\/revisions"}],"up":[{"embeddable":true,"href":"https:\/\/pas.websitehelden.net\/it\/wp-json\/wp\/v2\/pages\/3865"}],"wp:featuredmedia":[{"embeddable":true,"href":"https:\/\/pas.websitehelden.net\/it\/wp-json\/wp\/v2\/media\/12065"}],"wp:attachment":[{"href":"https:\/\/pas.websitehelden.net\/it\/wp-json\/wp\/v2\/media?parent=12050"}],"wp:term":[{"taxonomy":"category","embeddable":true,"href":"https:\/\/pas.websitehelden.net\/it\/wp-json\/wp\/v2\/categories?post=12050"},{"taxonomy":"post_tag","embeddable":true,"href":"https:\/\/pas.websitehelden.net\/it\/wp-json\/wp\/v2\/tags?post=12050"}],"curies":[{"name":"wp","href":"https:\/\/api.w.org\/{rel}","templated":true}]}}