{"id":22664,"date":"2026-01-08T11:22:51","date_gmt":"2026-01-08T10:22:51","guid":{"rendered":"https:\/\/pas.websitehelden.net\/?page_id=22664"},"modified":"2026-02-05T11:41:27","modified_gmt":"2026-02-05T10:41:27","slug":"root","status":"publish","type":"page","link":"https:\/\/pas.websitehelden.net\/","title":{"rendered":"ROOT"},"content":{"rendered":"\t\t<div data-elementor-type=\"wp-page\" data-elementor-id=\"22664\" class=\"elementor elementor-22664\" data-elementor-post-type=\"page\">\n\t\t\t\t<div class=\"elementor-element elementor-element-2d011e1 e-con-full e-flex e-con e-parent\" data-id=\"2d011e1\" data-element_type=\"container\">\n\t\t<div class=\"elementor-element elementor-element-5ded4b3 e-con-full e-flex e-con e-child\" data-id=\"5ded4b3\" data-element_type=\"container\" data-settings=\"{&quot;background_background&quot;:&quot;classic&quot;}\">\n\t\t<div class=\"elementor-element elementor-element-3a1892f e-con-full e-flex e-con e-child\" data-id=\"3a1892f\" data-element_type=\"container\" data-settings=\"{&quot;background_background&quot;:&quot;video&quot;}\">\n\t\t\t\t<div class=\"elementor-element elementor-element-c6c5b79 fitty-container title-banner-pink elementor-widget elementor-widget-heading\" data-id=\"c6c5b79\" data-element_type=\"widget\" data-widget_type=\"heading.default\">\n\t\t\t\t<div class=\"elementor-widget-container\">\n\t\t\t\t\t<span class=\"elementor-heading-title elementor-size-default\">Welcome<\/span>\t\t\t\t<\/div>\n\t\t\t\t<\/div>\n\t\t\t\t<div class=\"elementor-element elementor-element-c7c736b fitty-container elementor-widget elementor-widget-heading\" data-id=\"c7c736b\" data-element_type=\"widget\" data-widget_type=\"heading.default\">\n\t\t\t\t<div class=\"elementor-widget-container\">\n\t\t\t\t\t<h2 class=\"elementor-heading-title elementor-size-default\">to PASFLIGHTS<\/h2>\t\t\t\t<\/div>\n\t\t\t\t<\/div>\n\t\t\t\t<\/div>\n\t\t\t\t<\/div>\n\t\t<div class=\"elementor-element elementor-element-1161002 e-con-full langbox e-flex e-con e-child\" data-id=\"1161002\" data-element_type=\"container\">\n\t\t\t\t<div class=\"elementor-element elementor-element-1674c7d elementor-widget elementor-widget-image\" data-id=\"1674c7d\" data-element_type=\"widget\" data-widget_type=\"image.default\">\n\t\t\t\t<div class=\"elementor-widget-container\">\n\t\t\t\t\t\t\t\t\t\t\t\t\t\t\t<img decoding=\"async\" src=\"https:\/\/er7k5njc6uc.exactdn.com\/wp-content\/uploads\/2022\/03\/PAS-logo-1.svg\" class=\"attachment-large size-large wp-image-20432\" alt=\"\" \/>\t\t\t\t\t\t\t\t\t\t\t\t\t\t\t<\/div>\n\t\t\t\t<\/div>\n\t\t<div class=\"elementor-element elementor-element-76bb029 e-con-full chose e-flex e-con e-child\" data-id=\"76bb029\" data-element_type=\"container\">\n\t\t<div class=\"elementor-element elementor-element-f18a131 e-con-full de lang-content e-flex e-con e-child\" data-id=\"f18a131\" data-element_type=\"container\">\n\t\t\t\t<div class=\"elementor-element elementor-element-a73cd4b text elementor-widget elementor-widget-text-editor\" data-id=\"a73cd4b\" data-element_type=\"widget\" data-widget_type=\"text-editor.default\">\n\t\t\t\t<div class=\"elementor-widget-container\">\n\t\t\t\t\t\t\t\t\t<p>Bitte w\u00e4hlen Sie Ihre Sprache aus, damit wir alle Inhalte optimal anzeigen k\u00f6nnen.<br \/>Sie k\u00f6nnen die Sprache jederzeit \u00e4ndern.<\/p>\t\t\t\t\t\t\t\t<\/div>\n\t\t\t\t<\/div>\n\t\t\t\t<div class=\"elementor-element elementor-element-5e7dbbc redirect elementor-widget elementor-widget-text-editor\" data-id=\"5e7dbbc\" data-element_type=\"widget\" data-widget_type=\"text-editor.default\">\n\t\t\t\t<div class=\"elementor-widget-container\">\n\t\t\t\t\t\t\t\t\t<p>Sie werden in K\u00fcrze weitergeleitet&#8230;<\/p>\t\t\t\t\t\t\t\t<\/div>\n\t\t\t\t<\/div>\n\t\t\t\t<\/div>\n\t\t<div class=\"elementor-element elementor-element-1213d33 e-con-full en lang-content e-flex e-con e-child\" data-id=\"1213d33\" data-element_type=\"container\">\n\t\t\t\t<div class=\"elementor-element elementor-element-c0ce970 text elementor-widget elementor-widget-text-editor\" data-id=\"c0ce970\" data-element_type=\"widget\" data-widget_type=\"text-editor.default\">\n\t\t\t\t<div class=\"elementor-widget-container\">\n\t\t\t\t\t\t\t\t\t<p>Please select your language so that we can display all content optimally.<br \/>You can change the language at any time.<\/p>\t\t\t\t\t\t\t\t<\/div>\n\t\t\t\t<\/div>\n\t\t\t\t<div class=\"elementor-element elementor-element-e55a8f7 redirect elementor-widget elementor-widget-text-editor\" data-id=\"e55a8f7\" data-element_type=\"widget\" data-widget_type=\"text-editor.default\">\n\t\t\t\t<div class=\"elementor-widget-container\">\n\t\t\t\t\t\t\t\t\t<p>You will be forwarded in a few seconds&#8230;<\/p>\t\t\t\t\t\t\t\t<\/div>\n\t\t\t\t<\/div>\n\t\t\t\t<\/div>\n\t\t<div class=\"elementor-element elementor-element-a700b77 e-con-full fr lang-content e-flex e-con e-child\" data-id=\"a700b77\" data-element_type=\"container\">\n\t\t\t\t<div class=\"elementor-element elementor-element-de3943e text elementor-widget elementor-widget-text-editor\" data-id=\"de3943e\" data-element_type=\"widget\" data-widget_type=\"text-editor.default\">\n\t\t\t\t<div class=\"elementor-widget-container\">\n\t\t\t\t\t\t\t\t\t<p>Veuillez s\u00e9lectionner votre langue afin que nous puissions afficher tout le contenu de mani\u00e8re optimale.<br \/>Vous pouvez changer de langue \u00e0 tout moment.<\/p>\t\t\t\t\t\t\t\t<\/div>\n\t\t\t\t<\/div>\n\t\t\t\t<div class=\"elementor-element elementor-element-f290b37 redirect elementor-widget elementor-widget-text-editor\" data-id=\"f290b37\" data-element_type=\"widget\" data-widget_type=\"text-editor.default\">\n\t\t\t\t<div class=\"elementor-widget-container\">\n\t\t\t\t\t\t\t\t\t<p>Vous serez redirig\u00e9 dans quelques secondes\u2026<\/p>\t\t\t\t\t\t\t\t<\/div>\n\t\t\t\t<\/div>\n\t\t\t\t<\/div>\n\t\t<div class=\"elementor-element elementor-element-0bce3da e-con-full it lang-content e-flex e-con e-child\" data-id=\"0bce3da\" data-element_type=\"container\">\n\t\t\t\t<div class=\"elementor-element elementor-element-b424422 text elementor-widget elementor-widget-text-editor\" data-id=\"b424422\" data-element_type=\"widget\" data-widget_type=\"text-editor.default\">\n\t\t\t\t<div class=\"elementor-widget-container\">\n\t\t\t\t\t\t\t\t\t<p>Seleziona la tua lingua in modo che possiamo visualizzare tutti i contenuti in modo ottimale.<br \/>Puoi cambiare la lingua in qualsiasi momento.<\/p>\t\t\t\t\t\t\t\t<\/div>\n\t\t\t\t<\/div>\n\t\t\t\t<div class=\"elementor-element elementor-element-8083edd redirect elementor-widget elementor-widget-text-editor\" data-id=\"8083edd\" data-element_type=\"widget\" data-widget_type=\"text-editor.default\">\n\t\t\t\t<div class=\"elementor-widget-container\">\n\t\t\t\t\t\t\t\t\t<p>Verrai reindirizzato tra pochi secondi&#8230;<\/p>\t\t\t\t\t\t\t\t<\/div>\n\t\t\t\t<\/div>\n\t\t\t\t<\/div>\n\t\t<div class=\"elementor-element elementor-element-fba4347 e-con-full ch lang-content e-flex e-con e-child\" data-id=\"fba4347\" data-element_type=\"container\">\n\t\t\t\t<div class=\"elementor-element elementor-element-ea89f2a text elementor-widget elementor-widget-text-editor\" data-id=\"ea89f2a\" data-element_type=\"widget\" data-widget_type=\"text-editor.default\">\n\t\t\t\t<div class=\"elementor-widget-container\">\n\t\t\t\t\t\t\t\t\t<p>\u8bf7\u9009\u62e9\u60a8\u7684\u8bed\u8a00\uff0c\u4ee5\u4fbf\u6211\u4eec\u80fd\u6700\u4f73\u5730\u663e\u793a\u6240\u6709\u5185\u5bb9\u3002<br \/>\u60a8\u53ef\u968f\u65f6\u66f4\u6539\u8bed\u8a00\u8bbe\u7f6e\u3002<\/p>\t\t\t\t\t\t\t\t<\/div>\n\t\t\t\t<\/div>\n\t\t\t\t<div class=\"elementor-element elementor-element-2861797 redirect elementor-widget elementor-widget-text-editor\" data-id=\"2861797\" data-element_type=\"widget\" data-widget_type=\"text-editor.default\">\n\t\t\t\t<div class=\"elementor-widget-container\">\n\t\t\t\t\t\t\t\t\t<p>You will be forwarded in a few seconds&#8230;<\/p>\t\t\t\t\t\t\t\t<\/div>\n\t\t\t\t<\/div>\n\t\t\t\t<\/div>\n\t\t\t\t<div class=\"elementor-element elementor-element-532e79e elementor-button-align-stretch elementor-widget elementor-widget-form\" data-id=\"532e79e\" data-element_type=\"widget\" data-settings=\"{&quot;button_width&quot;:&quot;50&quot;,&quot;step_next_label&quot;:&quot;N\\u00e4chster&quot;,&quot;step_previous_label&quot;:&quot;Voriger&quot;,&quot;step_type&quot;:&quot;number_text&quot;,&quot;step_icon_shape&quot;:&quot;circle&quot;}\" data-widget_type=\"form.default\">\n\t\t\t\t<div class=\"elementor-widget-container\">\n\t\t\t\t\t\t\t<form class=\"elementor-form\" method=\"post\" name=\"Neues Formular\" aria-label=\"Neues Formular\">\n\t\t\t<input type=\"hidden\" name=\"post_id\" value=\"22664\"\/>\n\t\t\t<input type=\"hidden\" name=\"form_id\" value=\"532e79e\"\/>\n\t\t\t<input type=\"hidden\" name=\"referer_title\" value=\"Pasflights\" \/>\n\n\t\t\t\n\t\t\t<div class=\"elementor-form-fields-wrapper elementor-labels-\">\n\t\t\t\t\t\t\t\t<div class=\"elementor-field-type-select elementor-field-group elementor-column elementor-field-group-language elementor-col-100\">\n\t\t\t\t\t\t\t\t\t\t\t\t<label for=\"form-field-language\" class=\"elementor-field-label elementor-screen-only\">\n\t\t\t\t\t\t\t\tName\t\t\t\t\t\t\t<\/label>\n\t\t\t\t\t\t\t\t<div class=\"elementor-field elementor-select-wrapper remove-before \">\n\t\t\t<div class=\"select-caret-down-wrapper\">\n\t\t\t\t<i aria-hidden=\"true\" class=\"eicon-caret-down\"><\/i>\t\t\t<\/div>\n\t\t\t<select name=\"form_fields[language]\" id=\"form-field-language\" class=\"elementor-field-textual elementor-size-sm\">\n\t\t\t\t\t\t\t\t\t<option value=\"de\">Deutsch<\/option>\n\t\t\t\t\t\t\t\t\t<option value=\"en\">English<\/option>\n\t\t\t\t\t\t\t\t\t<option value=\"it\">Italiano<\/option>\n\t\t\t\t\t\t\t\t\t<option value=\"fr\">Francais<\/option>\n\t\t\t\t\t\t\t\t\t<option value=\"zh\">Chinese<\/option>\n\t\t\t\t\t\t\t<\/select>\n\t\t<\/div>\n\t\t\t\t\t\t<\/div>\n\t\t\t\t\t\t\t\t<div class=\"elementor-field-group elementor-column elementor-field-type-submit elementor-col-50 e-form__buttons\">\n\t\t\t\t\t<button class=\"elementor-button elementor-size-sm\" type=\"submit\">\n\t\t\t\t\t\t<span class=\"elementor-button-content-wrapper\">\n\t\t\t\t\t\t\t\t\t\t\t\t\t\t\t\t\t\t\t\t\t\t<span class=\"elementor-button-text\">Weiter<\/span>\n\t\t\t\t\t\t\t\t\t\t\t\t\t<\/span>\n\t\t\t\t\t<\/button>\n\t\t\t\t<\/div>\n\t\t\t<\/div>\n\t\t<\/form>\n\t\t\t\t\t\t<\/div>\n\t\t\t\t<\/div>\n\t\t<div class=\"elementor-element elementor-element-ff572cf e-grid e-con-full elementor-hidden-desktop elementor-hidden-tablet elementor-hidden-mobile e-con e-child\" data-id=\"ff572cf\" data-element_type=\"container\">\n\t\t\t\t<div class=\"elementor-element elementor-element-3368190 elementor-align-justify language-button elementor-widget elementor-widget-button\" data-id=\"3368190\" data-element_type=\"widget\" data-lang=\"de\" data-widget_type=\"button.default\">\n\t\t\t\t<div class=\"elementor-widget-container\">\n\t\t\t\t\t\t\t\t\t<div class=\"elementor-button-wrapper\">\n\t\t\t\t\t<a class=\"elementor-button elementor-button-link elementor-size-sm\" href=\"\/de\">\n\t\t\t\t\t\t<span class=\"elementor-button-content-wrapper\">\n\t\t\t\t\t\t\t\t\t<span class=\"elementor-button-text\">DE<\/span>\n\t\t\t\t\t<\/span>\n\t\t\t\t\t<\/a>\n\t\t\t\t<\/div>\n\t\t\t\t\t\t\t\t<\/div>\n\t\t\t\t<\/div>\n\t\t\t\t<div class=\"elementor-element elementor-element-030ca79 elementor-align-justify language-button elementor-widget elementor-widget-button\" data-id=\"030ca79\" data-element_type=\"widget\" data-lang=\"en\" data-widget_type=\"button.default\">\n\t\t\t\t<div class=\"elementor-widget-container\">\n\t\t\t\t\t\t\t\t\t<div class=\"elementor-button-wrapper\">\n\t\t\t\t\t<a class=\"elementor-button elementor-button-link elementor-size-sm\" href=\"\/en\">\n\t\t\t\t\t\t<span class=\"elementor-button-content-wrapper\">\n\t\t\t\t\t\t\t\t\t<span class=\"elementor-button-text\">EN<\/span>\n\t\t\t\t\t<\/span>\n\t\t\t\t\t<\/a>\n\t\t\t\t<\/div>\n\t\t\t\t\t\t\t\t<\/div>\n\t\t\t\t<\/div>\n\t\t\t\t<div class=\"elementor-element elementor-element-986a795 elementor-align-justify language-button elementor-widget elementor-widget-button\" data-id=\"986a795\" data-element_type=\"widget\" data-lang=\"it\" data-widget_type=\"button.default\">\n\t\t\t\t<div class=\"elementor-widget-container\">\n\t\t\t\t\t\t\t\t\t<div class=\"elementor-button-wrapper\">\n\t\t\t\t\t<a class=\"elementor-button elementor-button-link elementor-size-sm\" href=\"\/it\">\n\t\t\t\t\t\t<span class=\"elementor-button-content-wrapper\">\n\t\t\t\t\t\t\t\t\t<span class=\"elementor-button-text\">IT<\/span>\n\t\t\t\t\t<\/span>\n\t\t\t\t\t<\/a>\n\t\t\t\t<\/div>\n\t\t\t\t\t\t\t\t<\/div>\n\t\t\t\t<\/div>\n\t\t\t\t<div class=\"elementor-element elementor-element-0477213 elementor-align-justify language-button elementor-widget elementor-widget-button\" data-id=\"0477213\" data-element_type=\"widget\" data-lang=\"fr\" data-widget_type=\"button.default\">\n\t\t\t\t<div class=\"elementor-widget-container\">\n\t\t\t\t\t\t\t\t\t<div class=\"elementor-button-wrapper\">\n\t\t\t\t\t<a class=\"elementor-button elementor-button-link elementor-size-sm\" href=\"\/fr\">\n\t\t\t\t\t\t<span class=\"elementor-button-content-wrapper\">\n\t\t\t\t\t\t\t\t\t<span class=\"elementor-button-text\">FR<\/span>\n\t\t\t\t\t<\/span>\n\t\t\t\t\t<\/a>\n\t\t\t\t<\/div>\n\t\t\t\t\t\t\t\t<\/div>\n\t\t\t\t<\/div>\n\t\t\t\t<\/div>\n\t\t\t\t<\/div>\n\t\t\t\t<div class=\"elementor-element elementor-element-128468e elementor-widget elementor-widget-html\" data-id=\"128468e\" data-element_type=\"widget\" data-widget_type=\"html.default\">\n\t\t\t\t<div class=\"elementor-widget-container\">\n\t\t\t\t\t<style>\n.chosen {display: none}\n\nbody.elementor-editor-active .lang-content {display: flex}\n\n.langbox:has(form.elementor-form:has(.elementor-message)) .chosen,\nbody.language-popup-seen .chosen,\n.chosen {display: flex}\n\n.lang-content,\n.lang-content .redirect,\n.lang-content .text {display: none}\n\nbody.elementor-editor-active .lang-content .redirect,\nbody.elementor-editor-active .lang-content .text {display: flex;}\n\n.chose.de .lang-content.de,\n.chose.en .lang-content.en,\n.chose.fr .lang-content.fr,\n.chose.it .lang-content.it,\n\n.chose.de .lang-content.de .text,\n.chose.en .lang-content.en .text,\n.chose.fr .lang-content.fr .text,\n.chose.it .lang-content.it .text { display: flex;}\n\nform.elementor-form.elementor-form-waiting,\nform.elementor-form:has(.elementor-message),\n.elementor-message {display: none !important}\n\n.langbox:has(.elementor-message) .lang-content .text,\n.langbox:has(form.elementor-form-waiting) .lang-content .text {display: none !important}\n\n.langbox:has(.elementor-message) .lang-content .redirect,\n.langbox:has(form.elementor-form-waiting) .lang-content .redirect {display: flex !important}\n\n\n<\/style>\t\t\t\t<\/div>\n\t\t\t\t<\/div>\n\t\t\t\t<\/div>\n\t\t\t\t<\/div>\n\t\t\t\t<\/div>\n\t\t","protected":false},"excerpt":{"rendered":"<p>Welcome to PASFLIGHTS Bitte w\u00e4hlen Sie Ihre Sprache aus, damit wir alle Inhalte optimal anzeigen k\u00f6nnen.Sie k\u00f6nnen die Sprache jederzeit \u00e4ndern. Sie werden in K\u00fcrze weitergeleitet&#8230; Please select your language so that we can display all content optimally.You can change the language at any time. You will be forwarded in a few seconds&#8230; Veuillez s\u00e9lectionner [&hellip;]<\/p>\n","protected":false},"author":5,"featured_media":0,"parent":0,"menu_order":0,"comment_status":"closed","ping_status":"closed","template":"elementor_canvas","meta":{"_acf_changed":false,"footnotes":""},"categories":[],"tags":[],"class_list":["post-22664","page","type-page","status-publish","hentry"],"acf":[],"yoast_head":"<!-- This site is optimized with the Yoast SEO plugin v27.4 - https:\/\/yoast.com\/product\/yoast-seo-wordpress\/ -->\n<title>ROOT - Pasflights<\/title>\n<meta name=\"robots\" content=\"index, follow, max-snippet:-1, max-image-preview:large, max-video-preview:-1\" \/>\n<link rel=\"canonical\" href=\"https:\/\/pas.websitehelden.net\/en\/\" \/>\n<meta property=\"og:locale\" content=\"en_US\" \/>\n<meta property=\"og:type\" content=\"article\" \/>\n<meta property=\"og:title\" content=\"ROOT - Pasflights\" \/>\n<meta property=\"og:description\" content=\"Welcome to PASFLIGHTS Bitte w\u00e4hlen Sie Ihre Sprache aus, damit wir alle Inhalte optimal anzeigen k\u00f6nnen.Sie k\u00f6nnen die Sprache jederzeit \u00e4ndern. Sie werden in K\u00fcrze weitergeleitet&#8230; Please select your language so that we can display all content optimally.You can change the language at any time. You will be forwarded in a few seconds&#8230; Veuillez s\u00e9lectionner [&hellip;]\" \/>\n<meta property=\"og:url\" content=\"https:\/\/pas.websitehelden.net\/\" \/>\n<meta property=\"og:site_name\" content=\"Pasflights\" \/>\n<meta property=\"article:modified_time\" content=\"2026-02-05T10:41:27+00:00\" \/>\n<meta property=\"og:image\" content=\"https:\/\/pas.websitehelden.net\/wp-content\/uploads\/2022\/03\/PAS-logo-1.svg\" \/>\n<meta name=\"twitter:card\" content=\"summary_large_image\" \/>\n<meta name=\"twitter:label1\" content=\"Est. reading time\" \/>\n\t<meta name=\"twitter:data1\" content=\"1 minute\" \/>\n<script type=\"application\/ld+json\" class=\"yoast-schema-graph\">{\"@context\":\"https:\\\/\\\/schema.org\",\"@graph\":[{\"@type\":\"WebPage\",\"@id\":\"https:\\\/\\\/pas.websitehelden.net\\\/\",\"url\":\"https:\\\/\\\/pas.websitehelden.net\\\/\",\"name\":\"ROOT - Pasflights\",\"isPartOf\":{\"@id\":\"https:\\\/\\\/pas.websitehelden.net\\\/en\\\/#website\"},\"primaryImageOfPage\":{\"@id\":\"https:\\\/\\\/pas.websitehelden.net\\\/#primaryimage\"},\"image\":{\"@id\":\"https:\\\/\\\/pas.websitehelden.net\\\/#primaryimage\"},\"thumbnailUrl\":\"https:\\\/\\\/pas.websitehelden.net\\\/wp-content\\\/uploads\\\/2022\\\/03\\\/PAS-logo-1.svg\",\"datePublished\":\"2026-01-08T10:22:51+00:00\",\"dateModified\":\"2026-02-05T10:41:27+00:00\",\"breadcrumb\":{\"@id\":\"https:\\\/\\\/pas.websitehelden.net\\\/#breadcrumb\"},\"inLanguage\":\"en-US\",\"potentialAction\":[{\"@type\":\"ReadAction\",\"target\":[\"https:\\\/\\\/pas.websitehelden.net\\\/\"]}]},{\"@type\":\"ImageObject\",\"inLanguage\":\"en-US\",\"@id\":\"https:\\\/\\\/pas.websitehelden.net\\\/#primaryimage\",\"url\":\"https:\\\/\\\/pas.websitehelden.net\\\/wp-content\\\/uploads\\\/2022\\\/03\\\/PAS-logo-1.svg\",\"contentUrl\":\"https:\\\/\\\/pas.websitehelden.net\\\/wp-content\\\/uploads\\\/2022\\\/03\\\/PAS-logo-1.svg\"},{\"@type\":\"BreadcrumbList\",\"@id\":\"https:\\\/\\\/pas.websitehelden.net\\\/#breadcrumb\",\"itemListElement\":[{\"@type\":\"ListItem\",\"position\":1,\"name\":\"Startseite\",\"item\":\"https:\\\/\\\/pas.websitehelden.net\\\/en\\\/\"},{\"@type\":\"ListItem\",\"position\":2,\"name\":\"ROOT\"}]},{\"@type\":\"WebSite\",\"@id\":\"https:\\\/\\\/pas.websitehelden.net\\\/en\\\/#website\",\"url\":\"https:\\\/\\\/pas.websitehelden.net\\\/en\\\/\",\"name\":\"Pasflights\",\"description\":\"Eine weitere WordPress-Website\",\"potentialAction\":[{\"@type\":\"SearchAction\",\"target\":{\"@type\":\"EntryPoint\",\"urlTemplate\":\"https:\\\/\\\/pas.websitehelden.net\\\/en\\\/?s={search_term_string}\"},\"query-input\":{\"@type\":\"PropertyValueSpecification\",\"valueRequired\":true,\"valueName\":\"search_term_string\"}}],\"inLanguage\":\"en-US\"}]}<\/script>\n<!-- \/ Yoast SEO plugin. -->","yoast_head_json":{"title":"ROOT - Pasflights","robots":{"index":"index","follow":"follow","max-snippet":"max-snippet:-1","max-image-preview":"max-image-preview:large","max-video-preview":"max-video-preview:-1"},"canonical":"https:\/\/pas.websitehelden.net\/en\/","og_locale":"en_US","og_type":"article","og_title":"ROOT - Pasflights","og_description":"Welcome to PASFLIGHTS Bitte w\u00e4hlen Sie Ihre Sprache aus, damit wir alle Inhalte optimal anzeigen k\u00f6nnen.Sie k\u00f6nnen die Sprache jederzeit \u00e4ndern. Sie werden in K\u00fcrze weitergeleitet&#8230; Please select your language so that we can display all content optimally.You can change the language at any time. You will be forwarded in a few seconds&#8230; Veuillez s\u00e9lectionner [&hellip;]","og_url":"https:\/\/pas.websitehelden.net\/","og_site_name":"Pasflights","article_modified_time":"2026-02-05T10:41:27+00:00","og_image":[{"url":"https:\/\/pas.websitehelden.net\/wp-content\/uploads\/2022\/03\/PAS-logo-1.svg","type":"","width":"","height":""}],"twitter_card":"summary_large_image","twitter_misc":{"Est. reading time":"1 minute"},"schema":{"@context":"https:\/\/schema.org","@graph":[{"@type":"WebPage","@id":"https:\/\/pas.websitehelden.net\/","url":"https:\/\/pas.websitehelden.net\/","name":"ROOT - Pasflights","isPartOf":{"@id":"https:\/\/pas.websitehelden.net\/en\/#website"},"primaryImageOfPage":{"@id":"https:\/\/pas.websitehelden.net\/#primaryimage"},"image":{"@id":"https:\/\/pas.websitehelden.net\/#primaryimage"},"thumbnailUrl":"https:\/\/pas.websitehelden.net\/wp-content\/uploads\/2022\/03\/PAS-logo-1.svg","datePublished":"2026-01-08T10:22:51+00:00","dateModified":"2026-02-05T10:41:27+00:00","breadcrumb":{"@id":"https:\/\/pas.websitehelden.net\/#breadcrumb"},"inLanguage":"en-US","potentialAction":[{"@type":"ReadAction","target":["https:\/\/pas.websitehelden.net\/"]}]},{"@type":"ImageObject","inLanguage":"en-US","@id":"https:\/\/pas.websitehelden.net\/#primaryimage","url":"https:\/\/pas.websitehelden.net\/wp-content\/uploads\/2022\/03\/PAS-logo-1.svg","contentUrl":"https:\/\/pas.websitehelden.net\/wp-content\/uploads\/2022\/03\/PAS-logo-1.svg"},{"@type":"BreadcrumbList","@id":"https:\/\/pas.websitehelden.net\/#breadcrumb","itemListElement":[{"@type":"ListItem","position":1,"name":"Startseite","item":"https:\/\/pas.websitehelden.net\/en\/"},{"@type":"ListItem","position":2,"name":"ROOT"}]},{"@type":"WebSite","@id":"https:\/\/pas.websitehelden.net\/en\/#website","url":"https:\/\/pas.websitehelden.net\/en\/","name":"Pasflights","description":"Eine weitere WordPress-Website","potentialAction":[{"@type":"SearchAction","target":{"@type":"EntryPoint","urlTemplate":"https:\/\/pas.websitehelden.net\/en\/?s={search_term_string}"},"query-input":{"@type":"PropertyValueSpecification","valueRequired":true,"valueName":"search_term_string"}}],"inLanguage":"en-US"}]}},"_links":{"self":[{"href":"https:\/\/pas.websitehelden.net\/en\/wp-json\/wp\/v2\/pages\/22664","targetHints":{"allow":["GET"]}}],"collection":[{"href":"https:\/\/pas.websitehelden.net\/en\/wp-json\/wp\/v2\/pages"}],"about":[{"href":"https:\/\/pas.websitehelden.net\/en\/wp-json\/wp\/v2\/types\/page"}],"author":[{"embeddable":true,"href":"https:\/\/pas.websitehelden.net\/en\/wp-json\/wp\/v2\/users\/5"}],"replies":[{"embeddable":true,"href":"https:\/\/pas.websitehelden.net\/en\/wp-json\/wp\/v2\/comments?post=22664"}],"version-history":[{"count":89,"href":"https:\/\/pas.websitehelden.net\/en\/wp-json\/wp\/v2\/pages\/22664\/revisions"}],"predecessor-version":[{"id":22796,"href":"https:\/\/pas.websitehelden.net\/en\/wp-json\/wp\/v2\/pages\/22664\/revisions\/22796"}],"wp:attachment":[{"href":"https:\/\/pas.websitehelden.net\/en\/wp-json\/wp\/v2\/media?parent=22664"}],"wp:term":[{"taxonomy":"category","embeddable":true,"href":"https:\/\/pas.websitehelden.net\/en\/wp-json\/wp\/v2\/categories?post=22664"},{"taxonomy":"post_tag","embeddable":true,"href":"https:\/\/pas.websitehelden.net\/en\/wp-json\/wp\/v2\/tags?post=22664"}],"curies":[{"name":"wp","href":"https:\/\/api.w.org\/{rel}","templated":true}]}}