{"id":16765,"date":"2024-07-17T11:48:29","date_gmt":"2024-07-17T09:48:29","guid":{"rendered":"https:\/\/www.pasflights.com\/?page_id=16765"},"modified":"2024-07-17T12:14:05","modified_gmt":"2024-07-17T10:14:05","slug":"charter-sales-manager","status":"publish","type":"page","link":"https:\/\/pas.websitehelden.net\/en\/charter-sales-manager\/","title":{"rendered":"CHARTER SALES MANAGER"},"content":{"rendered":"\t\t<div data-elementor-type=\"wp-page\" data-elementor-id=\"16765\" class=\"elementor elementor-16765\" data-elementor-post-type=\"page\">\n\t\t\t\t\t\t<section class=\"elementor-section elementor-top-section elementor-element elementor-element-2df27dd elementor-section-boxed elementor-section-height-default elementor-section-height-default\" data-id=\"2df27dd\" data-element_type=\"section\">\n\t\t\t\t\t\t<div class=\"elementor-container elementor-column-gap-default\">\n\t\t\t\t\t<div class=\"elementor-column elementor-col-100 elementor-top-column elementor-element elementor-element-88357bd\" data-id=\"88357bd\" data-element_type=\"column\">\n\t\t\t<div class=\"elementor-widget-wrap elementor-element-populated\">\n\t\t\t\t\t\t<div class=\"elementor-element elementor-element-c95a3cd elementor-hidden-desktop elementor-hidden-tablet elementor-hidden-mobile elementor-widget elementor-widget-text-editor\" data-id=\"c95a3cd\" data-element_type=\"widget\" data-widget_type=\"text-editor.default\">\n\t\t\t\t<div class=\"elementor-widget-container\">\n\t\t\t\t\t\t\t\t\t<p>PAS-Professional Aviation Solutions GmbH ist ein deutsches Unternehmen mit einem weltweiten Netzwerk und einer Vielzahl eigener internationaler B\u00fcros. Wir bieten unseren<br \/>Kunden professionelle und individuelle Flugl\u00f6sungen jeder Gr\u00f6\u00dfenordnung an wie z.B. Helikopter, Privatjets. Gro\u00dfraumflugzeuge oder VIP Aircraft.<\/p><p>Die Zufriedenheit unserer Kunden liegt uns ganz besonders am Herzen. Nur im Team k\u00f6nnen wir das erreichen \u2013 und jetzt braucht unser Team Verst\u00e4rkung.<\/p><p>Zum n\u00e4chstm\u00f6glichen Zeitpunkt suchen wir f\u00fcr unseren Zentrale in Bergisch Gladbach eine\/n<\/p>\t\t\t\t\t\t\t\t<\/div>\n\t\t\t\t<\/div>\n\t\t\t\t<div class=\"elementor-element elementor-element-a4d597c elementor-widget elementor-widget-spacer\" data-id=\"a4d597c\" data-element_type=\"widget\" data-widget_type=\"spacer.default\">\n\t\t\t\t<div class=\"elementor-widget-container\">\n\t\t\t\t\t\t\t<div class=\"elementor-spacer\">\n\t\t\t<div class=\"elementor-spacer-inner\"><\/div>\n\t\t<\/div>\n\t\t\t\t\t\t<\/div>\n\t\t\t\t<\/div>\n\t\t\t\t<div class=\"elementor-element elementor-element-5223487 elementor-widget elementor-widget-heading\" data-id=\"5223487\" data-element_type=\"widget\" data-widget_type=\"heading.default\">\n\t\t\t\t<div class=\"elementor-widget-container\">\n\t\t\t\t\t<h2 class=\"elementor-heading-title elementor-size-default\">CHARTER SALES MANAGER  FULL-TIME<\/h2>\t\t\t\t<\/div>\n\t\t\t\t<\/div>\n\t\t\t\t<div class=\"elementor-element elementor-element-96dae68 elementor-widget elementor-widget-spacer\" data-id=\"96dae68\" data-element_type=\"widget\" data-widget_type=\"spacer.default\">\n\t\t\t\t<div class=\"elementor-widget-container\">\n\t\t\t\t\t\t\t<div class=\"elementor-spacer\">\n\t\t\t<div class=\"elementor-spacer-inner\"><\/div>\n\t\t<\/div>\n\t\t\t\t\t\t<\/div>\n\t\t\t\t<\/div>\n\t\t\t\t<div class=\"elementor-element elementor-element-044a2a2 elementor-widget elementor-widget-heading\" data-id=\"044a2a2\" data-element_type=\"widget\" data-widget_type=\"heading.default\">\n\t\t\t\t<div class=\"elementor-widget-container\">\n\t\t\t\t\t<h3 class=\"elementor-heading-title elementor-size-default\">LOCATION: Singapore<\/h3>\t\t\t\t<\/div>\n\t\t\t\t<\/div>\n\t\t\t\t<div class=\"elementor-element elementor-element-64b779e elementor-widget elementor-widget-spacer\" data-id=\"64b779e\" data-element_type=\"widget\" data-widget_type=\"spacer.default\">\n\t\t\t\t<div class=\"elementor-widget-container\">\n\t\t\t\t\t\t\t<div class=\"elementor-spacer\">\n\t\t\t<div class=\"elementor-spacer-inner\"><\/div>\n\t\t<\/div>\n\t\t\t\t\t\t<\/div>\n\t\t\t\t<\/div>\n\t\t\t\t<div class=\"elementor-element elementor-element-7716c22 elementor-widget elementor-widget-text-editor\" data-id=\"7716c22\" data-element_type=\"widget\" data-widget_type=\"text-editor.default\">\n\t\t\t\t<div class=\"elementor-widget-container\">\n\t\t\t\t\t\t\t\t\t<p><span style=\"font-family: Source Sans Pro, serif;\"><span lang=\"en-GB\">We continue to grow!<br \/><\/span><\/span><span style=\"font-family: Source Sans Pro, serif;\"><span lang=\"en-GB\">Do you have the skills and want to continue to grow in an international company?<br \/><\/span><\/span><span style=\"font-family: Source Sans Pro, serif;\"><span lang=\"en-GB\">Then we look forward to meeting you!<\/span><\/span><\/p><h3><span style=\"font-family: Source Sans Pro, serif;\"><span lang=\"en-GB\">YOUR TASKS:<\/span><\/span><\/h3><ul><li><span style=\"font-family: Source Sans Pro, serif;\"><span lang=\"en-GB\">Preparation of offers for charter flights and coordination of booked flights<\/span><\/span><\/li><li><span style=\"font-family: Source Sans Pro, serif;\"><span lang=\"en-GB\">Flight observation\/monitoring of flight departures<\/span><\/span><\/li><li><span style=\"font-family: Source Sans Pro, serif;\"><span lang=\"en-GB\">Interface between customers and airline<\/span><\/span><\/li><li><span style=\"font-family: Source Sans Pro, serif;\"><span lang=\"en-GB\">Acquiring new customers and maintaining customer relationships to secure follow-up orders<\/span><\/span><\/li><li><span style=\"font-family: Source Sans Pro, serif;\"><span lang=\"en-GB\">Market observation<\/span><\/span><\/li><li><span style=\"font-family: Source Sans Pro, serif;\"><span lang=\"en-GB\">Establishing a broad and effective network of contacts<\/span><\/span><\/li><li><span style=\"font-family: Source Sans Pro, serif;\"><span lang=\"en-GB\">Making clear, logical and efficient decisions<\/span><\/span><\/li><\/ul><h3><span style=\"font-family: Source Sans Pro, serif;\"><span lang=\"en-GB\">YOUR PROFILE:<\/span><\/span><\/h3><ul><li><span style=\"font-family: Source Sans Pro, serif;\"><span lang=\"en-GB\">Completed vocational training and\/or a degree, ideally in tourism\/aviation, diploma in aviation or at least 3-4 years of experience in the aviation industry<\/span><\/span><\/li><li><span style=\"font-family: Source Sans Pro, serif;\"><span lang=\"en-GB\">High level of commitment, initiative and sales orientation with strong business acumen<\/span><\/span><\/li><li><span style=\"font-family: Source Sans Pro, serif;\"><span lang=\"en-GB\">Confident and friendly demeanour towards customers and business partners<\/span><\/span><\/li><li><span style=\"font-family: Source Sans Pro, serif;\"><span lang=\"en-GB\">Independence and contribution of own ideas &amp; solutions<\/span><\/span><\/li><li><span style=\"font-family: Source Sans Pro, serif;\"><span lang=\"en-GB\">Open to learning new things at any time<\/span><\/span><\/li><li><span style=\"font-family: Source Sans Pro, serif;\"><span lang=\"en-GB\">You love working in a team and, like your colleagues, are enthusiastic about your job<\/span><\/span><\/li><li><span style=\"font-family: Source Sans Pro, serif;\"><span lang=\"en-GB\">Confident knowledge of Microsoft Office programmes and flight-specific tools<\/span><\/span><\/li><li><span style=\"font-family: Source Sans Pro, serif;\"><span lang=\"en-GB\">Excellent knowledge of English and Chinese, other languages in the Asian region<\/span><\/span><\/li><\/ul><h3><span style=\"font-family: Source Sans Pro, serif;\"><span lang=\"en-GB\">WHAT YOU CAN EXPECT FROM US:<\/span><\/span><\/h3><ul><li><span style=\"font-family: Source Sans Pro, serif;\"><span lang=\"en-GB\">A friendly, committed and helpful team<\/span><\/span><\/li><li><span style=\"font-family: Source Sans Pro, serif;\"><span lang=\"en-GB\">Flat hierarchies and direct communication<\/span><\/span><\/li><li><span style=\"font-family: Source Sans Pro, serif;\"><span lang=\"en-GB\">An open-ended employment contract <\/span><\/span><\/li><li><span style=\"font-family: Source Sans Pro, serif;\"><span lang=\"en-GB\">Interesting and varied tasks<\/span><\/span><\/li><li><span style=\"font-family: Source Sans Pro, serif;\"><span lang=\"en-GB\">A performance-related remuneration<\/span><\/span><\/li><li><span style=\"font-family: Source Sans Pro, serif;\"><span lang=\"en-GB\">Great working atmosphere<\/span><\/span><\/li><li><span style=\"font-family: Source Sans Pro, serif;\"><span lang=\"en-GB\">A secure job in a fast-growing company<\/span><\/span><\/li><li><span style=\"font-family: Source Sans Pro, serif;\"><span lang=\"en-GB\">Possibility to work from home<\/span><\/span><\/li><li><span style=\"font-family: Source Sans Pro, serif;\"><span lang=\"en-GB\">Laptop and mobile phone<\/span><\/span><\/li><li><span style=\"font-family: Source Sans Pro, serif;\"><span lang=\"en-GB\">An interesting and responsible area of responsibility in a great team with flat hierarchies is waiting for you. <\/span><\/span><\/li><li><span style=\"font-family: Source Sans Pro, serif;\"><span lang=\"en-GB\">Personal responsibility, team spirit and decisiveness are not just buzzwords for us &#8211; we live them.<\/span><\/span><\/li><li><span style=\"font-family: Source Sans Pro, serif;\"><span lang=\"en-GB\">Everyone should look beyond their own area of work and think and act across departments.<\/span><\/span><\/li><\/ul><p>\u00a0<\/p><h1><span style=\"font-family: Source Sans Pro, serif;\"><span lang=\"en-GB\">HAVE WE PIQUED YOUR INTEREST?<\/span><\/span><\/h1><p><span style=\"font-family: Source Sans Pro, serif;\"><span lang=\"en-GB\">Then we look forward to getting to know you soon. Please send us your application documents to Logan Ravishankar &#8211; Managing Director, Asia Pacific (APAC), e-mail <a href=\"mailto:l.ravishankar@pasflights.com\">l.ravishankar@pasflights.com<\/a> or simply upload your CV.<\/span><\/span><\/p>\t\t\t\t\t\t\t\t<\/div>\n\t\t\t\t<\/div>\n\t\t\t\t<div class=\"elementor-element elementor-element-2584b46 elementor-widget elementor-widget-button\" data-id=\"2584b46\" data-element_type=\"widget\" data-widget_type=\"button.default\">\n\t\t\t\t<div class=\"elementor-widget-container\">\n\t\t\t\t\t\t\t\t\t<div class=\"elementor-button-wrapper\">\n\t\t\t\t\t<a class=\"elementor-button elementor-button-link elementor-size-sm\" href=\"#elementor-action%3Aaction%3Dpopup%3Aopen%26settings%3DeyJpZCI6MTEyOTcsInRvZ2dsZSI6ZmFsc2V9\">\n\t\t\t\t\t\t<span class=\"elementor-button-content-wrapper\">\n\t\t\t\t\t\t\t\t\t<span class=\"elementor-button-text\">Apply<\/span>\n\t\t\t\t\t<\/span>\n\t\t\t\t\t<\/a>\n\t\t\t\t<\/div>\n\t\t\t\t\t\t\t\t<\/div>\n\t\t\t\t<\/div>\n\t\t\t\t<div class=\"elementor-element elementor-element-19596e9 elementor-widget elementor-widget-text-editor\" data-id=\"19596e9\" data-element_type=\"widget\" data-widget_type=\"text-editor.default\">\n\t\t\t\t<div class=\"elementor-widget-container\">\n\t\t\t\t\t\t\t\t\t<h1><span style=\"font-family: Source Sans Pro, serif;\"><span lang=\"en-GB\">WE LOOK FORWARD TO RECEIVING YOUR APPLICATION!<\/span><\/span><\/h1><p><span style=\"font-family: Source Sans Pro, serif;\"><span lang=\"fr-FR\">PAS-Professional Aviation Solutions Pte Ltd \u00a0\u00a0<\/span><\/span><\/p><p><span style=\"font-family: Source Sans Pro, serif;\"><span lang=\"en-GB\">Level 30 South Beach Tower, 38 Beach Road, Singapore 189767 \u00a0\u00a0<\/span><\/span><\/p><p><span style=\"font-family: Source Sans Pro, serif;\"><span lang=\"en-GB\">Email: <a href=\"mailto:l.ravishankar@pasflights.com\">l.ravishankar@pasflights.com<\/a> <\/span><\/span><\/p><p><span style=\"font-family: Source Sans Pro, serif;\"><span lang=\"en-GB\"><a href=\"https:\/\/pas.websitehelden.net\">www.pasflights.com<\/a> \u00a0 <\/span><\/span><\/p>\t\t\t\t\t\t\t\t<\/div>\n\t\t\t\t<\/div>\n\t\t\t\t<div class=\"elementor-element elementor-element-0a5afa6 elementor-widget elementor-widget-button\" data-id=\"0a5afa6\" data-element_type=\"widget\" data-widget_type=\"button.default\">\n\t\t\t\t<div class=\"elementor-widget-container\">\n\t\t\t\t\t\t\t\t\t<div class=\"elementor-button-wrapper\">\n\t\t\t\t\t<a class=\"elementor-button elementor-button-link elementor-size-sm\" href=\"#elementor-action%3Aaction%3Dpopup%3Aopen%26settings%3DeyJpZCI6MTEyOTcsInRvZ2dsZSI6ZmFsc2V9\">\n\t\t\t\t\t\t<span class=\"elementor-button-content-wrapper\">\n\t\t\t\t\t\t\t\t\t<span class=\"elementor-button-text\">Apply<\/span>\n\t\t\t\t\t<\/span>\n\t\t\t\t\t<\/a>\n\t\t\t\t<\/div>\n\t\t\t\t\t\t\t\t<\/div>\n\t\t\t\t<\/div>\n\t\t\t\t\t<\/div>\n\t\t<\/div>\n\t\t\t\t\t<\/div>\n\t\t<\/section>\n\t\t\t\t<\/div>\n\t\t","protected":false},"excerpt":{"rendered":"<p>PAS-Professional Aviation Solutions GmbH ist ein deutsches Unternehmen mit einem weltweiten Netzwerk und einer Vielzahl eigener internationaler B\u00fcros. Wir bieten unserenKunden professionelle und individuelle Flugl\u00f6sungen jeder Gr\u00f6\u00dfenordnung an wie z.B. Helikopter, Privatjets. Gro\u00dfraumflugzeuge oder VIP Aircraft. Die Zufriedenheit unserer Kunden liegt uns ganz besonders am Herzen. Nur im Team k\u00f6nnen wir das erreichen \u2013 und [&hellip;]<\/p>\n","protected":false},"author":5,"featured_media":0,"parent":0,"menu_order":0,"comment_status":"closed","ping_status":"closed","template":"","meta":{"_acf_changed":false,"footnotes":""},"categories":[97],"tags":[],"class_list":["post-16765","page","type-page","status-publish","hentry","category-jobs-en"],"acf":[],"yoast_head":"<!-- This site is optimized with the Yoast SEO plugin v27.4 - https:\/\/yoast.com\/product\/yoast-seo-wordpress\/ -->\n<title>CHARTER SALES MANAGER - Pasflights<\/title>\n<meta name=\"robots\" content=\"index, follow, max-snippet:-1, max-image-preview:large, max-video-preview:-1\" \/>\n<link rel=\"canonical\" href=\"https:\/\/pas.websitehelden.net\/en\/charter-sales-manager\/\" \/>\n<meta property=\"og:locale\" content=\"en_US\" \/>\n<meta property=\"og:type\" content=\"article\" \/>\n<meta property=\"og:title\" content=\"CHARTER SALES MANAGER - Pasflights\" \/>\n<meta property=\"og:description\" content=\"PAS-Professional Aviation Solutions GmbH ist ein deutsches Unternehmen mit einem weltweiten Netzwerk und einer Vielzahl eigener internationaler B\u00fcros. Wir bieten unserenKunden professionelle und individuelle Flugl\u00f6sungen jeder Gr\u00f6\u00dfenordnung an wie z.B. Helikopter, Privatjets. Gro\u00dfraumflugzeuge oder VIP Aircraft. Die Zufriedenheit unserer Kunden liegt uns ganz besonders am Herzen. Nur im Team k\u00f6nnen wir das erreichen \u2013 und [&hellip;]\" \/>\n<meta property=\"og:url\" content=\"https:\/\/pas.websitehelden.net\/en\/charter-sales-manager\/\" \/>\n<meta property=\"og:site_name\" content=\"Pasflights\" \/>\n<meta property=\"article:modified_time\" content=\"2024-07-17T10:14:05+00:00\" \/>\n<meta name=\"twitter:card\" content=\"summary_large_image\" \/>\n<meta name=\"twitter:label1\" content=\"Est. reading time\" \/>\n\t<meta name=\"twitter:data1\" content=\"2 minutes\" \/>\n<script type=\"application\/ld+json\" class=\"yoast-schema-graph\">{\"@context\":\"https:\\\/\\\/schema.org\",\"@graph\":[{\"@type\":\"WebPage\",\"@id\":\"https:\\\/\\\/pas.websitehelden.net\\\/en\\\/charter-sales-manager\\\/\",\"url\":\"https:\\\/\\\/pas.websitehelden.net\\\/en\\\/charter-sales-manager\\\/\",\"name\":\"CHARTER SALES MANAGER - Pasflights\",\"isPartOf\":{\"@id\":\"https:\\\/\\\/pas.websitehelden.net\\\/en\\\/#website\"},\"datePublished\":\"2024-07-17T09:48:29+00:00\",\"dateModified\":\"2024-07-17T10:14:05+00:00\",\"breadcrumb\":{\"@id\":\"https:\\\/\\\/pas.websitehelden.net\\\/en\\\/charter-sales-manager\\\/#breadcrumb\"},\"inLanguage\":\"en-US\",\"potentialAction\":[{\"@type\":\"ReadAction\",\"target\":[\"https:\\\/\\\/pas.websitehelden.net\\\/en\\\/charter-sales-manager\\\/\"]}]},{\"@type\":\"BreadcrumbList\",\"@id\":\"https:\\\/\\\/pas.websitehelden.net\\\/en\\\/charter-sales-manager\\\/#breadcrumb\",\"itemListElement\":[{\"@type\":\"ListItem\",\"position\":1,\"name\":\"Startseite\",\"item\":\"https:\\\/\\\/pas.websitehelden.net\\\/en\\\/\"},{\"@type\":\"ListItem\",\"position\":2,\"name\":\"CHARTER SALES MANAGER\"}]},{\"@type\":\"WebSite\",\"@id\":\"https:\\\/\\\/pas.websitehelden.net\\\/en\\\/#website\",\"url\":\"https:\\\/\\\/pas.websitehelden.net\\\/en\\\/\",\"name\":\"Pasflights\",\"description\":\"Eine weitere WordPress-Website\",\"potentialAction\":[{\"@type\":\"SearchAction\",\"target\":{\"@type\":\"EntryPoint\",\"urlTemplate\":\"https:\\\/\\\/pas.websitehelden.net\\\/en\\\/?s={search_term_string}\"},\"query-input\":{\"@type\":\"PropertyValueSpecification\",\"valueRequired\":true,\"valueName\":\"search_term_string\"}}],\"inLanguage\":\"en-US\"}]}<\/script>\n<!-- \/ Yoast SEO plugin. -->","yoast_head_json":{"title":"CHARTER SALES MANAGER - Pasflights","robots":{"index":"index","follow":"follow","max-snippet":"max-snippet:-1","max-image-preview":"max-image-preview:large","max-video-preview":"max-video-preview:-1"},"canonical":"https:\/\/pas.websitehelden.net\/en\/charter-sales-manager\/","og_locale":"en_US","og_type":"article","og_title":"CHARTER SALES MANAGER - Pasflights","og_description":"PAS-Professional Aviation Solutions GmbH ist ein deutsches Unternehmen mit einem weltweiten Netzwerk und einer Vielzahl eigener internationaler B\u00fcros. Wir bieten unserenKunden professionelle und individuelle Flugl\u00f6sungen jeder Gr\u00f6\u00dfenordnung an wie z.B. Helikopter, Privatjets. Gro\u00dfraumflugzeuge oder VIP Aircraft. Die Zufriedenheit unserer Kunden liegt uns ganz besonders am Herzen. Nur im Team k\u00f6nnen wir das erreichen \u2013 und [&hellip;]","og_url":"https:\/\/pas.websitehelden.net\/en\/charter-sales-manager\/","og_site_name":"Pasflights","article_modified_time":"2024-07-17T10:14:05+00:00","twitter_card":"summary_large_image","twitter_misc":{"Est. reading time":"2 minutes"},"schema":{"@context":"https:\/\/schema.org","@graph":[{"@type":"WebPage","@id":"https:\/\/pas.websitehelden.net\/en\/charter-sales-manager\/","url":"https:\/\/pas.websitehelden.net\/en\/charter-sales-manager\/","name":"CHARTER SALES MANAGER - Pasflights","isPartOf":{"@id":"https:\/\/pas.websitehelden.net\/en\/#website"},"datePublished":"2024-07-17T09:48:29+00:00","dateModified":"2024-07-17T10:14:05+00:00","breadcrumb":{"@id":"https:\/\/pas.websitehelden.net\/en\/charter-sales-manager\/#breadcrumb"},"inLanguage":"en-US","potentialAction":[{"@type":"ReadAction","target":["https:\/\/pas.websitehelden.net\/en\/charter-sales-manager\/"]}]},{"@type":"BreadcrumbList","@id":"https:\/\/pas.websitehelden.net\/en\/charter-sales-manager\/#breadcrumb","itemListElement":[{"@type":"ListItem","position":1,"name":"Startseite","item":"https:\/\/pas.websitehelden.net\/en\/"},{"@type":"ListItem","position":2,"name":"CHARTER SALES MANAGER"}]},{"@type":"WebSite","@id":"https:\/\/pas.websitehelden.net\/en\/#website","url":"https:\/\/pas.websitehelden.net\/en\/","name":"Pasflights","description":"Eine weitere WordPress-Website","potentialAction":[{"@type":"SearchAction","target":{"@type":"EntryPoint","urlTemplate":"https:\/\/pas.websitehelden.net\/en\/?s={search_term_string}"},"query-input":{"@type":"PropertyValueSpecification","valueRequired":true,"valueName":"search_term_string"}}],"inLanguage":"en-US"}]}},"_links":{"self":[{"href":"https:\/\/pas.websitehelden.net\/en\/wp-json\/wp\/v2\/pages\/16765","targetHints":{"allow":["GET"]}}],"collection":[{"href":"https:\/\/pas.websitehelden.net\/en\/wp-json\/wp\/v2\/pages"}],"about":[{"href":"https:\/\/pas.websitehelden.net\/en\/wp-json\/wp\/v2\/types\/page"}],"author":[{"embeddable":true,"href":"https:\/\/pas.websitehelden.net\/en\/wp-json\/wp\/v2\/users\/5"}],"replies":[{"embeddable":true,"href":"https:\/\/pas.websitehelden.net\/en\/wp-json\/wp\/v2\/comments?post=16765"}],"version-history":[{"count":10,"href":"https:\/\/pas.websitehelden.net\/en\/wp-json\/wp\/v2\/pages\/16765\/revisions"}],"predecessor-version":[{"id":16776,"href":"https:\/\/pas.websitehelden.net\/en\/wp-json\/wp\/v2\/pages\/16765\/revisions\/16776"}],"wp:attachment":[{"href":"https:\/\/pas.websitehelden.net\/en\/wp-json\/wp\/v2\/media?parent=16765"}],"wp:term":[{"taxonomy":"category","embeddable":true,"href":"https:\/\/pas.websitehelden.net\/en\/wp-json\/wp\/v2\/categories?post=16765"},{"taxonomy":"post_tag","embeddable":true,"href":"https:\/\/pas.websitehelden.net\/en\/wp-json\/wp\/v2\/tags?post=16765"}],"curies":[{"name":"wp","href":"https:\/\/api.w.org\/{rel}","templated":true}]}}