{"id":9328,"date":"2022-09-16T13:52:25","date_gmt":"2022-09-16T11:52:25","guid":{"rendered":"https:\/\/www.pasflights.com\/?page_id=9328"},"modified":"2025-05-08T08:52:48","modified_gmt":"2025-05-08T06:52:48","slug":"ratgeber","status":"publish","type":"page","link":"https:\/\/pas.websitehelden.net\/de\/ratgeber\/","title":{"rendered":"Ratgeber"},"content":{"rendered":"\t\t<div data-elementor-type=\"wp-page\" data-elementor-id=\"9328\" class=\"elementor elementor-9328\" data-elementor-post-type=\"page\">\n\t\t\t\t\t\t<section class=\"elementor-section elementor-top-section elementor-element elementor-element-fea4948 elementor-section-boxed elementor-section-height-default elementor-section-height-default\" data-id=\"fea4948\" data-element_type=\"section\">\n\t\t\t\t\t\t<div class=\"elementor-container elementor-column-gap-default\">\n\t\t\t\t\t<div class=\"elementor-column elementor-col-100 elementor-top-column elementor-element elementor-element-62ef47b\" data-id=\"62ef47b\" data-element_type=\"column\">\n\t\t\t<div class=\"elementor-widget-wrap elementor-element-populated\">\n\t\t\t\t\t\t<div class=\"elementor-element elementor-element-08b2896 elementor-grid-3 elementor-grid-tablet-2 elementor-grid-mobile-1 elementor-posts--thumbnail-top elementor-card-shadow-yes elementor-posts__hover-gradient elementor-widget elementor-widget-posts\" data-id=\"08b2896\" data-element_type=\"widget\" data-settings=\"{&quot;cards_columns&quot;:&quot;3&quot;,&quot;cards_columns_tablet&quot;:&quot;2&quot;,&quot;cards_columns_mobile&quot;:&quot;1&quot;,&quot;cards_row_gap&quot;:{&quot;unit&quot;:&quot;px&quot;,&quot;size&quot;:35,&quot;sizes&quot;:[]},&quot;cards_row_gap_tablet&quot;:{&quot;unit&quot;:&quot;px&quot;,&quot;size&quot;:&quot;&quot;,&quot;sizes&quot;:[]},&quot;cards_row_gap_mobile&quot;:{&quot;unit&quot;:&quot;px&quot;,&quot;size&quot;:&quot;&quot;,&quot;sizes&quot;:[]}}\" data-widget_type=\"posts.cards\">\n\t\t\t\t<div class=\"elementor-widget-container\">\n\t\t\t\t\t\t\t<div class=\"elementor-posts-container elementor-posts elementor-posts--skin-cards elementor-grid\" role=\"list\">\n\t\t\t\t<article class=\"elementor-post elementor-grid-item post-20123 post type-post status-publish format-standard has-post-thumbnail hentry category-pas-inside category-ratgeber tag-interview tag-strategien-entwicklung-im-bereich-flugzeugcharter-alessio-altamura\" role=\"listitem\">\n\t\t\t<div class=\"elementor-post__card\">\n\t\t\t\t<a class=\"elementor-post__thumbnail__link\" href=\"https:\/\/pas.websitehelden.net\/de\/flugzeugcharter-strategien-entwicklung\/\" tabindex=\"-1\" ><div class=\"elementor-post__thumbnail\"><img fetchpriority=\"high\" decoding=\"async\" width=\"800\" height=\"534\" src=\"https:\/\/er7k5njc6uc.exactdn.com\/wp-content\/uploads\/2025\/04\/Anteprima-scaled.jpeg?strip=all&amp;lossy=1&amp;fit=800%2C534&amp;ssl=1\" class=\"attachment-large size-large wp-image-20112\" alt=\"\" srcset=\"https:\/\/er7k5njc6uc.exactdn.com\/wp-content\/uploads\/2025\/04\/Anteprima-scaled.jpeg?strip=all&amp;lossy=1&amp;ssl=1 2560w, https:\/\/er7k5njc6uc.exactdn.com\/wp-content\/uploads\/2025\/04\/Anteprima-300x200.jpeg?strip=all&amp;lossy=1&amp;ssl=1 300w, https:\/\/er7k5njc6uc.exactdn.com\/wp-content\/uploads\/2025\/04\/Anteprima-1024x683.jpeg?strip=all&amp;lossy=1&amp;ssl=1 1024w, https:\/\/er7k5njc6uc.exactdn.com\/wp-content\/uploads\/2025\/04\/Anteprima-768x512.jpeg?strip=all&amp;lossy=1&amp;ssl=1 768w, https:\/\/er7k5njc6uc.exactdn.com\/wp-content\/uploads\/2025\/04\/Anteprima-1536x1024.jpeg?strip=all&amp;lossy=1&amp;ssl=1 1536w, https:\/\/er7k5njc6uc.exactdn.com\/wp-content\/uploads\/2025\/04\/Anteprima-2048x1365.jpeg?strip=all&amp;lossy=1&amp;ssl=1 2048w, https:\/\/er7k5njc6uc.exactdn.com\/wp-content\/uploads\/2025\/04\/Anteprima-scaled.jpeg?strip=all&amp;lossy=1&amp;w=512&amp;ssl=1 512w\" sizes=\"(max-width: 800px) 100vw, 800px\" \/><\/div><\/a>\n\t\t\t\t<div class=\"elementor-post__badge\">PAS Inside<\/div>\n\t\t\t\t<div class=\"elementor-post__text\">\n\t\t\t\t<h3 class=\"elementor-post__title\">\n\t\t\t<a href=\"https:\/\/pas.websitehelden.net\/de\/flugzeugcharter-strategien-entwicklung\/\" >\n\t\t\t\tStrategien und Entwicklung im Bereich Flugzeugcharter\t\t\t<\/a>\n\t\t<\/h3>\n\t\t\t\t<div class=\"elementor-post__excerpt\">\n\t\t\t<p>Flugzeugcharter: Strategien, Verbindungen und Fl\u00fcge \u2013 im Gespr\u00e4ch mit Alessio Altamura In diesem Interview gibt Alessio Altamura, Gesch\u00e4ftsf\u00fchrer von PAS \u2013 Professional Aviation Solutions Srl<\/p>\n\t\t<\/div>\n\t\t\n\t\t<a class=\"elementor-post__read-more\" href=\"https:\/\/pas.websitehelden.net\/de\/flugzeugcharter-strategien-entwicklung\/\" aria-label=\"Mehr \u00fcber Strategien und Entwicklung im Bereich Flugzeugcharter\" tabindex=\"-1\" >\n\t\t\tWeiterlesen \u00bb\t\t<\/a>\n\n\t\t\t\t<\/div>\n\t\t\t\t<div class=\"elementor-post__meta-data\">\n\t\t\t\t\t<span class=\"elementor-post-date\">\n\t\t\t3. April 2025\t\t<\/span>\n\t\t\t\t<\/div>\n\t\t\t\t\t<\/div>\n\t\t<\/article>\n\t\t\t\t<article class=\"elementor-post elementor-grid-item post-19810 post type-post status-publish format-standard has-post-thumbnail hentry category-ratgeber\" role=\"listitem\">\n\t\t\t<div class=\"elementor-post__card\">\n\t\t\t\t<a class=\"elementor-post__thumbnail__link\" href=\"https:\/\/pas.websitehelden.net\/de\/ndc-live-die-zukunft-des-airline-managements-fuer-gruppenfluege-mice-incentive-reisen\/\" tabindex=\"-1\" ><div class=\"elementor-post__thumbnail\"><img decoding=\"async\" width=\"600\" height=\"363\" src=\"https:\/\/er7k5njc6uc.exactdn.com\/wp-content\/uploads\/2025\/02\/PAS-1-NDC-live-Newsletter-.png?strip=all&amp;lossy=1&amp;ssl=1\" class=\"attachment-large size-large wp-image-19811\" alt=\"Innenansicht eines Flugzeuges mit mehreren Reihen von Sitzen, ausgestattet mit Bildschirmen an den Kopfst\u00fctzen.\" srcset=\"https:\/\/er7k5njc6uc.exactdn.com\/wp-content\/uploads\/2025\/02\/PAS-1-NDC-live-Newsletter-.png?strip=all&amp;lossy=1&amp;ssl=1 600w, https:\/\/er7k5njc6uc.exactdn.com\/wp-content\/uploads\/2025\/02\/PAS-1-NDC-live-Newsletter--300x182.png?strip=all&amp;lossy=1&amp;ssl=1 300w, https:\/\/er7k5njc6uc.exactdn.com\/wp-content\/uploads\/2025\/02\/PAS-1-NDC-live-Newsletter-.png?strip=all&amp;lossy=1&amp;w=120&amp;ssl=1 120w, https:\/\/er7k5njc6uc.exactdn.com\/wp-content\/uploads\/2025\/02\/PAS-1-NDC-live-Newsletter-.png?strip=all&amp;lossy=1&amp;w=240&amp;ssl=1 240w, https:\/\/er7k5njc6uc.exactdn.com\/wp-content\/uploads\/2025\/02\/PAS-1-NDC-live-Newsletter-.png?strip=all&amp;lossy=1&amp;w=360&amp;ssl=1 360w, https:\/\/er7k5njc6uc.exactdn.com\/wp-content\/uploads\/2025\/02\/PAS-1-NDC-live-Newsletter-.png?strip=all&amp;lossy=1&amp;w=480&amp;ssl=1 480w\" sizes=\"(max-width: 600px) 100vw, 600px\" \/><\/div><\/a>\n\t\t\t\t<div class=\"elementor-post__badge\">Ratgeber<\/div>\n\t\t\t\t<div class=\"elementor-post__text\">\n\t\t\t\t<h3 class=\"elementor-post__title\">\n\t\t\t<a href=\"https:\/\/pas.websitehelden.net\/de\/ndc-live-die-zukunft-des-airline-managements-fuer-gruppenfluege-mice-incentive-reisen\/\" >\n\t\t\t\tNDC.live \u2013 Die Zukunft des Airline-Managements f\u00fcr Gruppenfl\u00fcge, MICE &#038; Incentive-Reisen\t\t\t<\/a>\n\t\t<\/h3>\n\t\t\t\t<div class=\"elementor-post__excerpt\">\n\t\t\t<p>Effiziente Flugbuchungssysteme sind entscheidend f\u00fcr Airlines, Charteranbieter und Reiseveranstalter \u2013 insbesondere, wenn es um Gruppenfl\u00fcge, MICE-Reisen (Meetings, Incentives, Conferences, Events) und Incentive-Programme geht. Genau hier setzt NDC.live an \u2013 eine digitale GDS-Alternative, die das Airline-Management modernisiert und automatisiert.<\/p>\n\t\t<\/div>\n\t\t\n\t\t<a class=\"elementor-post__read-more\" href=\"https:\/\/pas.websitehelden.net\/de\/ndc-live-die-zukunft-des-airline-managements-fuer-gruppenfluege-mice-incentive-reisen\/\" aria-label=\"Mehr \u00fcber NDC.live \u2013 Die Zukunft des Airline-Managements f\u00fcr Gruppenfl\u00fcge, MICE &#038; Incentive-Reisen\" tabindex=\"-1\" >\n\t\t\tWeiterlesen \u00bb\t\t<\/a>\n\n\t\t\t\t<\/div>\n\t\t\t\t<div class=\"elementor-post__meta-data\">\n\t\t\t\t\t<span class=\"elementor-post-date\">\n\t\t\t28. Februar 2025\t\t<\/span>\n\t\t\t\t<\/div>\n\t\t\t\t\t<\/div>\n\t\t<\/article>\n\t\t\t\t<article class=\"elementor-post elementor-grid-item post-12574 post type-post status-publish format-standard has-post-thumbnail hentry category-ratgeber\" role=\"listitem\">\n\t\t\t<div class=\"elementor-post__card\">\n\t\t\t\t<a class=\"elementor-post__thumbnail__link\" href=\"https:\/\/pas.websitehelden.net\/de\/medizinische-flugbegleitung\/\" tabindex=\"-1\" ><div class=\"elementor-post__thumbnail\"><img decoding=\"async\" width=\"800\" height=\"534\" src=\"https:\/\/er7k5njc6uc.exactdn.com\/wp-content\/uploads\/2023\/10\/78843908_l_normal_none-scaled.jpg?strip=all&amp;lossy=1&amp;fit=800%2C534&amp;ssl=1\" class=\"attachment-large size-large wp-image-12584\" alt=\"\" srcset=\"https:\/\/er7k5njc6uc.exactdn.com\/wp-content\/uploads\/2023\/10\/78843908_l_normal_none-scaled.jpg?strip=all&amp;lossy=1&amp;ssl=1 2560w, https:\/\/er7k5njc6uc.exactdn.com\/wp-content\/uploads\/2023\/10\/78843908_l_normal_none-300x200.jpg?strip=all&amp;lossy=1&amp;ssl=1 300w, https:\/\/er7k5njc6uc.exactdn.com\/wp-content\/uploads\/2023\/10\/78843908_l_normal_none-1024x683.jpg?strip=all&amp;lossy=1&amp;ssl=1 1024w, https:\/\/er7k5njc6uc.exactdn.com\/wp-content\/uploads\/2023\/10\/78843908_l_normal_none-768x512.jpg?strip=all&amp;lossy=1&amp;ssl=1 768w, https:\/\/er7k5njc6uc.exactdn.com\/wp-content\/uploads\/2023\/10\/78843908_l_normal_none-1536x1024.jpg?strip=all&amp;lossy=1&amp;ssl=1 1536w, https:\/\/er7k5njc6uc.exactdn.com\/wp-content\/uploads\/2023\/10\/78843908_l_normal_none-2048x1365.jpg?strip=all&amp;lossy=1&amp;ssl=1 2048w, https:\/\/er7k5njc6uc.exactdn.com\/wp-content\/uploads\/2023\/10\/78843908_l_normal_none-scaled.jpg?strip=all&amp;lossy=1&amp;w=512&amp;ssl=1 512w\" sizes=\"(max-width: 800px) 100vw, 800px\" \/><\/div><\/a>\n\t\t\t\t<div class=\"elementor-post__badge\">Ratgeber<\/div>\n\t\t\t\t<div class=\"elementor-post__text\">\n\t\t\t\t<h3 class=\"elementor-post__title\">\n\t\t\t<a href=\"https:\/\/pas.websitehelden.net\/de\/medizinische-flugbegleitung\/\" >\n\t\t\t\tMedizinische Flugbegleitung sicher im Privatjet\t\t\t<\/a>\n\t\t<\/h3>\n\t\t\t\t<div class=\"elementor-post__excerpt\">\n\t\t\t<p>Ein Flug im Privatjet ist komfortabel, schnell und einfach zu buchen. So sollte es auch f\u00fcr Passagiere sein, die eine medizinische Versorgung ben\u00f6tigen. Ab sofort k\u00f6nnen Sie bei der Buchung Ihres Privatjets oder Gruppenflugs medizinisches Fachpersonal dazu bestellen.<\/p>\n\t\t<\/div>\n\t\t\n\t\t<a class=\"elementor-post__read-more\" href=\"https:\/\/pas.websitehelden.net\/de\/medizinische-flugbegleitung\/\" aria-label=\"Mehr \u00fcber Medizinische Flugbegleitung sicher im Privatjet\" tabindex=\"-1\" >\n\t\t\tWeiterlesen \u00bb\t\t<\/a>\n\n\t\t\t\t<\/div>\n\t\t\t\t<div class=\"elementor-post__meta-data\">\n\t\t\t\t\t<span class=\"elementor-post-date\">\n\t\t\t9. Oktober 2023\t\t<\/span>\n\t\t\t\t<\/div>\n\t\t\t\t\t<\/div>\n\t\t<\/article>\n\t\t\t\t<article class=\"elementor-post elementor-grid-item post-8797 post type-post status-publish format-standard has-post-thumbnail hentry category-ratgeber\" role=\"listitem\">\n\t\t\t<div class=\"elementor-post__card\">\n\t\t\t\t<a class=\"elementor-post__thumbnail__link\" href=\"https:\/\/pas.websitehelden.net\/de\/stressfrei-fliegen-ohne-chaos\/\" tabindex=\"-1\" ><div class=\"elementor-post__thumbnail\"><img loading=\"lazy\" decoding=\"async\" width=\"800\" height=\"534\" src=\"https:\/\/er7k5njc6uc.exactdn.com\/wp-content\/uploads\/2022\/07\/IMG_8835.jpg?strip=all&amp;lossy=1&amp;fit=800%2C534&amp;ssl=1\" class=\"attachment-large size-large wp-image-8815\" alt=\"\" srcset=\"https:\/\/er7k5njc6uc.exactdn.com\/wp-content\/uploads\/2022\/07\/IMG_8835.jpg?strip=all&amp;lossy=1&amp;ssl=1 1920w, https:\/\/er7k5njc6uc.exactdn.com\/wp-content\/uploads\/2022\/07\/IMG_8835-300x200.jpg?strip=all&amp;lossy=1&amp;ssl=1 300w, https:\/\/er7k5njc6uc.exactdn.com\/wp-content\/uploads\/2022\/07\/IMG_8835-1024x683.jpg?strip=all&amp;lossy=1&amp;ssl=1 1024w, https:\/\/er7k5njc6uc.exactdn.com\/wp-content\/uploads\/2022\/07\/IMG_8835-768x512.jpg?strip=all&amp;lossy=1&amp;ssl=1 768w, https:\/\/er7k5njc6uc.exactdn.com\/wp-content\/uploads\/2022\/07\/IMG_8835-1536x1024.jpg?strip=all&amp;lossy=1&amp;ssl=1 1536w, https:\/\/er7k5njc6uc.exactdn.com\/wp-content\/uploads\/2022\/07\/IMG_8835.jpg?strip=all&amp;lossy=1&amp;w=384&amp;ssl=1 384w, https:\/\/er7k5njc6uc.exactdn.com\/wp-content\/uploads\/2022\/07\/IMG_8835.jpg?strip=all&amp;lossy=1&amp;w=1152&amp;ssl=1 1152w\" sizes=\"(max-width: 800px) 100vw, 800px\" \/><\/div><\/a>\n\t\t\t\t<div class=\"elementor-post__badge\">Ratgeber<\/div>\n\t\t\t\t<div class=\"elementor-post__text\">\n\t\t\t\t<h3 class=\"elementor-post__title\">\n\t\t\t<a href=\"https:\/\/pas.websitehelden.net\/de\/stressfrei-fliegen-ohne-chaos\/\" >\n\t\t\t\tStressfrei fliegen ohne Chaos\t\t\t<\/a>\n\t\t<\/h3>\n\t\t\t\t<div class=\"elementor-post__excerpt\">\n\t\t\t<p>Wer mit dem Privatjet reist, umgeht lange Wartezeiten am Flughafen. Welche Vorteile das private Fliegen noch mit sich bringt: Wir nennen zehn Gr\u00fcnde.<\/p>\n\t\t<\/div>\n\t\t\n\t\t<a class=\"elementor-post__read-more\" href=\"https:\/\/pas.websitehelden.net\/de\/stressfrei-fliegen-ohne-chaos\/\" aria-label=\"Mehr \u00fcber Stressfrei fliegen ohne Chaos\" tabindex=\"-1\" >\n\t\t\tWeiterlesen \u00bb\t\t<\/a>\n\n\t\t\t\t<\/div>\n\t\t\t\t<div class=\"elementor-post__meta-data\">\n\t\t\t\t\t<span class=\"elementor-post-date\">\n\t\t\t12. Juli 2022\t\t<\/span>\n\t\t\t\t<\/div>\n\t\t\t\t\t<\/div>\n\t\t<\/article>\n\t\t\t\t<article class=\"elementor-post elementor-grid-item post-8446 post type-post status-publish format-standard has-post-thumbnail hentry category-ratgeber\" role=\"listitem\">\n\t\t\t<div class=\"elementor-post__card\">\n\t\t\t\t<a class=\"elementor-post__thumbnail__link\" href=\"https:\/\/pas.websitehelden.net\/de\/chartern-von-flugzeugen\/\" tabindex=\"-1\" ><div class=\"elementor-post__thumbnail\"><img loading=\"lazy\" decoding=\"async\" width=\"800\" height=\"534\" src=\"https:\/\/er7k5njc6uc.exactdn.com\/wp-content\/uploads\/2022\/06\/I9A9140.jpg?strip=all&amp;lossy=1&amp;fit=800%2C534&amp;ssl=1\" class=\"attachment-large size-large wp-image-8451\" alt=\"\" srcset=\"https:\/\/er7k5njc6uc.exactdn.com\/wp-content\/uploads\/2022\/06\/I9A9140.jpg?strip=all&amp;lossy=1&amp;ssl=1 1920w, https:\/\/er7k5njc6uc.exactdn.com\/wp-content\/uploads\/2022\/06\/I9A9140-300x200.jpg?strip=all&amp;lossy=1&amp;ssl=1 300w, https:\/\/er7k5njc6uc.exactdn.com\/wp-content\/uploads\/2022\/06\/I9A9140-1024x683.jpg?strip=all&amp;lossy=1&amp;ssl=1 1024w, https:\/\/er7k5njc6uc.exactdn.com\/wp-content\/uploads\/2022\/06\/I9A9140-768x512.jpg?strip=all&amp;lossy=1&amp;ssl=1 768w, https:\/\/er7k5njc6uc.exactdn.com\/wp-content\/uploads\/2022\/06\/I9A9140-1536x1024.jpg?strip=all&amp;lossy=1&amp;ssl=1 1536w, https:\/\/er7k5njc6uc.exactdn.com\/wp-content\/uploads\/2022\/06\/I9A9140.jpg?strip=all&amp;lossy=1&amp;w=384&amp;ssl=1 384w, https:\/\/er7k5njc6uc.exactdn.com\/wp-content\/uploads\/2022\/06\/I9A9140.jpg?strip=all&amp;lossy=1&amp;w=1152&amp;ssl=1 1152w\" sizes=\"(max-width: 800px) 100vw, 800px\" \/><\/div><\/a>\n\t\t\t\t<div class=\"elementor-post__badge\">Ratgeber<\/div>\n\t\t\t\t<div class=\"elementor-post__text\">\n\t\t\t\t<h3 class=\"elementor-post__title\">\n\t\t\t<a href=\"https:\/\/pas.websitehelden.net\/de\/chartern-von-flugzeugen\/\" >\n\t\t\t\tChartern von Flugzeugen \u2013 wie geht das?\t\t\t<\/a>\n\t\t<\/h3>\n\t\t\t\t<div class=\"elementor-post__excerpt\">\n\t\t\t<p>Vom ersten Anruf bis zur finalen Flugbuchung. Unser Broker verr\u00e4t im Interview, wie Sie bei uns einen Privatjet buchen.<\/p>\n\t\t<\/div>\n\t\t\n\t\t<a class=\"elementor-post__read-more\" href=\"https:\/\/pas.websitehelden.net\/de\/chartern-von-flugzeugen\/\" aria-label=\"Mehr \u00fcber Chartern von Flugzeugen \u2013 wie geht das?\" tabindex=\"-1\" >\n\t\t\tWeiterlesen \u00bb\t\t<\/a>\n\n\t\t\t\t<\/div>\n\t\t\t\t<div class=\"elementor-post__meta-data\">\n\t\t\t\t\t<span class=\"elementor-post-date\">\n\t\t\t27. Juni 2022\t\t<\/span>\n\t\t\t\t<\/div>\n\t\t\t\t\t<\/div>\n\t\t<\/article>\n\t\t\t\t<article class=\"elementor-post elementor-grid-item post-8470 post type-post status-publish format-standard has-post-thumbnail hentry category-ratgeber\" role=\"listitem\">\n\t\t\t<div class=\"elementor-post__card\">\n\t\t\t\t<a class=\"elementor-post__thumbnail__link\" href=\"https:\/\/pas.websitehelden.net\/de\/wie-organisiere-ich-eine-gruppenreise\/\" tabindex=\"-1\" ><div class=\"elementor-post__thumbnail\"><img loading=\"lazy\" decoding=\"async\" width=\"500\" height=\"500\" src=\"https:\/\/er7k5njc6uc.exactdn.com\/wp-content\/uploads\/2022\/06\/Group3.jpg?strip=all&amp;lossy=1&amp;ssl=1\" class=\"attachment-large size-large wp-image-9584\" alt=\"\" srcset=\"https:\/\/er7k5njc6uc.exactdn.com\/wp-content\/uploads\/2022\/06\/Group3.jpg?strip=all&amp;lossy=1&amp;ssl=1 500w, https:\/\/er7k5njc6uc.exactdn.com\/wp-content\/uploads\/2022\/06\/Group3-300x300.jpg?strip=all&amp;lossy=1&amp;ssl=1 300w, https:\/\/er7k5njc6uc.exactdn.com\/wp-content\/uploads\/2022\/06\/Group3-150x150.jpg?strip=all&amp;lossy=1&amp;ssl=1 150w, https:\/\/er7k5njc6uc.exactdn.com\/wp-content\/uploads\/2022\/06\/Group3.jpg?strip=all&amp;lossy=1&amp;w=100&amp;ssl=1 100w, https:\/\/er7k5njc6uc.exactdn.com\/wp-content\/uploads\/2022\/06\/Group3.jpg?strip=all&amp;lossy=1&amp;w=200&amp;ssl=1 200w, https:\/\/er7k5njc6uc.exactdn.com\/wp-content\/uploads\/2022\/06\/Group3.jpg?strip=all&amp;lossy=1&amp;w=400&amp;ssl=1 400w\" sizes=\"(max-width: 500px) 100vw, 500px\" \/><\/div><\/a>\n\t\t\t\t<div class=\"elementor-post__badge\">Ratgeber<\/div>\n\t\t\t\t<div class=\"elementor-post__text\">\n\t\t\t\t<h3 class=\"elementor-post__title\">\n\t\t\t<a href=\"https:\/\/pas.websitehelden.net\/de\/wie-organisiere-ich-eine-gruppenreise\/\" >\n\t\t\t\tWie organisiere ich eine Gruppenreise?\t\t\t<\/a>\n\t\t<\/h3>\n\t\t\t\t<div class=\"elementor-post__excerpt\">\n\t\t\t<p>Ob Gro\u00df-Event, Incentive-Reise oder Mannschaftsfahrt: Wer mit der Gruppe verreist, braucht passende Fl\u00fcge. Unser Experte Michael Erlenbach erkl\u00e4rt, wie man Gruppenreisen mit eigenem Charter organisiert.<\/p>\n\t\t<\/div>\n\t\t\n\t\t<a class=\"elementor-post__read-more\" href=\"https:\/\/pas.websitehelden.net\/de\/wie-organisiere-ich-eine-gruppenreise\/\" aria-label=\"Mehr \u00fcber Wie organisiere ich eine Gruppenreise?\" tabindex=\"-1\" >\n\t\t\tWeiterlesen \u00bb\t\t<\/a>\n\n\t\t\t\t<\/div>\n\t\t\t\t<div class=\"elementor-post__meta-data\">\n\t\t\t\t\t<span class=\"elementor-post-date\">\n\t\t\t27. Juni 2022\t\t<\/span>\n\t\t\t\t<\/div>\n\t\t\t\t\t<\/div>\n\t\t<\/article>\n\t\t\t\t<\/div>\n\t\t\n\t\t\t\t\t\t<\/div>\n\t\t\t\t<\/div>\n\t\t\t\t\t<\/div>\n\t\t<\/div>\n\t\t\t\t\t<\/div>\n\t\t<\/section>\n\t\t\t\t<\/div>\n\t\t","protected":false},"excerpt":{"rendered":"","protected":false},"author":5,"featured_media":20831,"parent":0,"menu_order":0,"comment_status":"closed","ping_status":"closed","template":"","meta":{"_acf_changed":false,"footnotes":""},"categories":[],"tags":[],"class_list":["post-9328","page","type-page","status-publish","has-post-thumbnail","hentry"],"acf":[],"yoast_head":"<!-- This site is optimized with the Yoast SEO plugin v27.4 - https:\/\/yoast.com\/product\/yoast-seo-wordpress\/ -->\n<title>Ratgeber - Pasflights<\/title>\n<meta name=\"robots\" content=\"index, follow, max-snippet:-1, max-image-preview:large, max-video-preview:-1\" \/>\n<link rel=\"canonical\" href=\"https:\/\/pas.websitehelden.net\/de\/ratgeber\/\" \/>\n<meta property=\"og:locale\" content=\"de_DE\" \/>\n<meta property=\"og:type\" content=\"article\" \/>\n<meta property=\"og:title\" content=\"Ratgeber - Pasflights\" \/>\n<meta property=\"og:url\" content=\"https:\/\/pas.websitehelden.net\/de\/ratgeber\/\" \/>\n<meta property=\"og:site_name\" content=\"Pasflights\" \/>\n<meta property=\"article:modified_time\" content=\"2025-05-08T06:52:48+00:00\" \/>\n<meta property=\"og:image\" content=\"https:\/\/er7k5njc6uc.exactdn.com\/wp-content\/uploads\/2025\/05\/pas-ratgeber.jpg?strip=all&lossy=1&ssl=1\" \/>\n\t<meta property=\"og:image:width\" content=\"2560\" \/>\n\t<meta property=\"og:image:height\" content=\"733\" \/>\n\t<meta property=\"og:image:type\" content=\"image\/jpeg\" \/>\n<meta name=\"twitter:card\" content=\"summary_large_image\" \/>\n<meta name=\"twitter:label1\" content=\"Gesch\u00e4tzte Lesezeit\" \/>\n\t<meta name=\"twitter:data1\" content=\"1\u00a0Minute\" \/>\n<script type=\"application\/ld+json\" class=\"yoast-schema-graph\">{\"@context\":\"https:\\\/\\\/schema.org\",\"@graph\":[{\"@type\":\"WebPage\",\"@id\":\"https:\\\/\\\/pas.websitehelden.net\\\/de\\\/ratgeber\\\/\",\"url\":\"https:\\\/\\\/pas.websitehelden.net\\\/de\\\/ratgeber\\\/\",\"name\":\"Ratgeber - Pasflights\",\"isPartOf\":{\"@id\":\"https:\\\/\\\/pas.websitehelden.net\\\/de\\\/#website\"},\"primaryImageOfPage\":{\"@id\":\"https:\\\/\\\/pas.websitehelden.net\\\/de\\\/ratgeber\\\/#primaryimage\"},\"image\":{\"@id\":\"https:\\\/\\\/pas.websitehelden.net\\\/de\\\/ratgeber\\\/#primaryimage\"},\"thumbnailUrl\":\"https:\\\/\\\/er7k5njc6uc.exactdn.com\\\/wp-content\\\/uploads\\\/2025\\\/05\\\/pas-ratgeber.jpg?strip=all&lossy=1&ssl=1\",\"datePublished\":\"2022-09-16T11:52:25+00:00\",\"dateModified\":\"2025-05-08T06:52:48+00:00\",\"breadcrumb\":{\"@id\":\"https:\\\/\\\/pas.websitehelden.net\\\/de\\\/ratgeber\\\/#breadcrumb\"},\"inLanguage\":\"de\",\"potentialAction\":[{\"@type\":\"ReadAction\",\"target\":[\"https:\\\/\\\/pas.websitehelden.net\\\/de\\\/ratgeber\\\/\"]}]},{\"@type\":\"ImageObject\",\"inLanguage\":\"de\",\"@id\":\"https:\\\/\\\/pas.websitehelden.net\\\/de\\\/ratgeber\\\/#primaryimage\",\"url\":\"https:\\\/\\\/er7k5njc6uc.exactdn.com\\\/wp-content\\\/uploads\\\/2025\\\/05\\\/pas-ratgeber.jpg?strip=all&lossy=1&ssl=1\",\"contentUrl\":\"https:\\\/\\\/er7k5njc6uc.exactdn.com\\\/wp-content\\\/uploads\\\/2025\\\/05\\\/pas-ratgeber.jpg?strip=all&lossy=1&ssl=1\",\"width\":2560,\"height\":733,\"caption\":\"Flugzeug auf dem Flugplatz geparkt\"},{\"@type\":\"BreadcrumbList\",\"@id\":\"https:\\\/\\\/pas.websitehelden.net\\\/de\\\/ratgeber\\\/#breadcrumb\",\"itemListElement\":[{\"@type\":\"ListItem\",\"position\":1,\"name\":\"Startseite\",\"item\":\"https:\\\/\\\/pas.websitehelden.net\\\/de\\\/\"},{\"@type\":\"ListItem\",\"position\":2,\"name\":\"Ratgeber\"}]},{\"@type\":\"WebSite\",\"@id\":\"https:\\\/\\\/pas.websitehelden.net\\\/de\\\/#website\",\"url\":\"https:\\\/\\\/pas.websitehelden.net\\\/de\\\/\",\"name\":\"Pasflights\",\"description\":\"Eine weitere WordPress-Website\",\"potentialAction\":[{\"@type\":\"SearchAction\",\"target\":{\"@type\":\"EntryPoint\",\"urlTemplate\":\"https:\\\/\\\/pas.websitehelden.net\\\/de\\\/?s={search_term_string}\"},\"query-input\":{\"@type\":\"PropertyValueSpecification\",\"valueRequired\":true,\"valueName\":\"search_term_string\"}}],\"inLanguage\":\"de\"}]}<\/script>\n<!-- \/ Yoast SEO plugin. -->","yoast_head_json":{"title":"Ratgeber - Pasflights","robots":{"index":"index","follow":"follow","max-snippet":"max-snippet:-1","max-image-preview":"max-image-preview:large","max-video-preview":"max-video-preview:-1"},"canonical":"https:\/\/pas.websitehelden.net\/de\/ratgeber\/","og_locale":"de_DE","og_type":"article","og_title":"Ratgeber - Pasflights","og_url":"https:\/\/pas.websitehelden.net\/de\/ratgeber\/","og_site_name":"Pasflights","article_modified_time":"2025-05-08T06:52:48+00:00","og_image":[{"width":2560,"height":733,"url":"https:\/\/er7k5njc6uc.exactdn.com\/wp-content\/uploads\/2025\/05\/pas-ratgeber.jpg?strip=all&lossy=1&ssl=1","type":"image\/jpeg"}],"twitter_card":"summary_large_image","twitter_misc":{"Gesch\u00e4tzte Lesezeit":"1\u00a0Minute"},"schema":{"@context":"https:\/\/schema.org","@graph":[{"@type":"WebPage","@id":"https:\/\/pas.websitehelden.net\/de\/ratgeber\/","url":"https:\/\/pas.websitehelden.net\/de\/ratgeber\/","name":"Ratgeber - Pasflights","isPartOf":{"@id":"https:\/\/pas.websitehelden.net\/de\/#website"},"primaryImageOfPage":{"@id":"https:\/\/pas.websitehelden.net\/de\/ratgeber\/#primaryimage"},"image":{"@id":"https:\/\/pas.websitehelden.net\/de\/ratgeber\/#primaryimage"},"thumbnailUrl":"https:\/\/er7k5njc6uc.exactdn.com\/wp-content\/uploads\/2025\/05\/pas-ratgeber.jpg?strip=all&lossy=1&ssl=1","datePublished":"2022-09-16T11:52:25+00:00","dateModified":"2025-05-08T06:52:48+00:00","breadcrumb":{"@id":"https:\/\/pas.websitehelden.net\/de\/ratgeber\/#breadcrumb"},"inLanguage":"de","potentialAction":[{"@type":"ReadAction","target":["https:\/\/pas.websitehelden.net\/de\/ratgeber\/"]}]},{"@type":"ImageObject","inLanguage":"de","@id":"https:\/\/pas.websitehelden.net\/de\/ratgeber\/#primaryimage","url":"https:\/\/er7k5njc6uc.exactdn.com\/wp-content\/uploads\/2025\/05\/pas-ratgeber.jpg?strip=all&lossy=1&ssl=1","contentUrl":"https:\/\/er7k5njc6uc.exactdn.com\/wp-content\/uploads\/2025\/05\/pas-ratgeber.jpg?strip=all&lossy=1&ssl=1","width":2560,"height":733,"caption":"Flugzeug auf dem Flugplatz geparkt"},{"@type":"BreadcrumbList","@id":"https:\/\/pas.websitehelden.net\/de\/ratgeber\/#breadcrumb","itemListElement":[{"@type":"ListItem","position":1,"name":"Startseite","item":"https:\/\/pas.websitehelden.net\/de\/"},{"@type":"ListItem","position":2,"name":"Ratgeber"}]},{"@type":"WebSite","@id":"https:\/\/pas.websitehelden.net\/de\/#website","url":"https:\/\/pas.websitehelden.net\/de\/","name":"Pasflights","description":"Eine weitere WordPress-Website","potentialAction":[{"@type":"SearchAction","target":{"@type":"EntryPoint","urlTemplate":"https:\/\/pas.websitehelden.net\/de\/?s={search_term_string}"},"query-input":{"@type":"PropertyValueSpecification","valueRequired":true,"valueName":"search_term_string"}}],"inLanguage":"de"}]}},"_links":{"self":[{"href":"https:\/\/pas.websitehelden.net\/de\/wp-json\/wp\/v2\/pages\/9328","targetHints":{"allow":["GET"]}}],"collection":[{"href":"https:\/\/pas.websitehelden.net\/de\/wp-json\/wp\/v2\/pages"}],"about":[{"href":"https:\/\/pas.websitehelden.net\/de\/wp-json\/wp\/v2\/types\/page"}],"author":[{"embeddable":true,"href":"https:\/\/pas.websitehelden.net\/de\/wp-json\/wp\/v2\/users\/5"}],"replies":[{"embeddable":true,"href":"https:\/\/pas.websitehelden.net\/de\/wp-json\/wp\/v2\/comments?post=9328"}],"version-history":[{"count":9,"href":"https:\/\/pas.websitehelden.net\/de\/wp-json\/wp\/v2\/pages\/9328\/revisions"}],"predecessor-version":[{"id":19992,"href":"https:\/\/pas.websitehelden.net\/de\/wp-json\/wp\/v2\/pages\/9328\/revisions\/19992"}],"wp:featuredmedia":[{"embeddable":true,"href":"https:\/\/pas.websitehelden.net\/de\/wp-json\/wp\/v2\/media\/20831"}],"wp:attachment":[{"href":"https:\/\/pas.websitehelden.net\/de\/wp-json\/wp\/v2\/media?parent=9328"}],"wp:term":[{"taxonomy":"category","embeddable":true,"href":"https:\/\/pas.websitehelden.net\/de\/wp-json\/wp\/v2\/categories?post=9328"},{"taxonomy":"post_tag","embeddable":true,"href":"https:\/\/pas.websitehelden.net\/de\/wp-json\/wp\/v2\/tags?post=9328"}],"curies":[{"name":"wp","href":"https:\/\/api.w.org\/{rel}","templated":true}]}}