{"id":9027,"date":"2022-08-18T15:45:42","date_gmt":"2022-08-18T13:45:42","guid":{"rendered":"https:\/\/www.pasflights.com\/?page_id=9027"},"modified":"2024-03-06T11:04:49","modified_gmt":"2024-03-06T10:04:49","slug":"wir-wachsen-weiter-und-suchen-dich","status":"publish","type":"page","link":"https:\/\/pas.websitehelden.net\/de\/wir-wachsen-weiter-und-suchen-dich\/","title":{"rendered":"Charter Sales Manager\/-in Bergisch Gladbach"},"content":{"rendered":"\t\t<div data-elementor-type=\"wp-page\" data-elementor-id=\"9027\" class=\"elementor elementor-9027\" data-elementor-post-type=\"page\">\n\t\t\t\t\t\t<section class=\"elementor-section elementor-top-section elementor-element elementor-element-0a1e998 elementor-section-boxed elementor-section-height-default elementor-section-height-default\" data-id=\"0a1e998\" data-element_type=\"section\">\n\t\t\t\t\t\t<div class=\"elementor-container elementor-column-gap-default\">\n\t\t\t\t\t<div class=\"elementor-column elementor-col-100 elementor-top-column elementor-element elementor-element-7011729\" data-id=\"7011729\" data-element_type=\"column\">\n\t\t\t<div class=\"elementor-widget-wrap elementor-element-populated\">\n\t\t\t\t\t\t<div class=\"elementor-element elementor-element-beccc40 elementor-widget elementor-widget-text-editor\" data-id=\"beccc40\" data-element_type=\"widget\" data-widget_type=\"text-editor.default\">\n\t\t\t\t<div class=\"elementor-widget-container\">\n\t\t\t\t\t\t\t\t\t<p>PAS-Professional Aviation Solutions GmbH ist ein deutsches Unternehmen mit einem weltweiten Netzwerk und einer Vielzahl eigener internationaler B\u00fcros. Wir bieten unseren<br \/>Kunden professionelle und individuelle Flugl\u00f6sungen jeder Gr\u00f6\u00dfenordnung an wie z.B. Helikopter, Privatjets. Gro\u00dfraumflugzeuge oder VIP Aircraft.<\/p><p>Die Zufriedenheit unserer Kunden liegt uns ganz besonders am Herzen. Nur im Team k\u00f6nnen wir das erreichen \u2013 und jetzt braucht unser Team Verst\u00e4rkung.<\/p><p>Zum n\u00e4chstm\u00f6glichen Zeitpunkt suchen wir f\u00fcr unseren Zentrale in Bergisch Gladbach eine\/n<\/p>\t\t\t\t\t\t\t\t<\/div>\n\t\t\t\t<\/div>\n\t\t\t\t<div class=\"elementor-element elementor-element-2045e79 elementor-widget elementor-widget-spacer\" data-id=\"2045e79\" data-element_type=\"widget\" data-widget_type=\"spacer.default\">\n\t\t\t\t<div class=\"elementor-widget-container\">\n\t\t\t\t\t\t\t<div class=\"elementor-spacer\">\n\t\t\t<div class=\"elementor-spacer-inner\"><\/div>\n\t\t<\/div>\n\t\t\t\t\t\t<\/div>\n\t\t\t\t<\/div>\n\t\t\t\t<div class=\"elementor-element elementor-element-d80db60 elementor-widget elementor-widget-heading\" data-id=\"d80db60\" data-element_type=\"widget\" data-widget_type=\"heading.default\">\n\t\t\t\t<div class=\"elementor-widget-container\">\n\t\t\t\t\t<h2 class=\"elementor-heading-title elementor-size-default\">Charter Sales Manager\/-in (m\/w\/d), Vollzeit<\/h2>\t\t\t\t<\/div>\n\t\t\t\t<\/div>\n\t\t\t\t<div class=\"elementor-element elementor-element-eb401bf elementor-widget elementor-widget-spacer\" data-id=\"eb401bf\" data-element_type=\"widget\" data-widget_type=\"spacer.default\">\n\t\t\t\t<div class=\"elementor-widget-container\">\n\t\t\t\t\t\t\t<div class=\"elementor-spacer\">\n\t\t\t<div class=\"elementor-spacer-inner\"><\/div>\n\t\t<\/div>\n\t\t\t\t\t\t<\/div>\n\t\t\t\t<\/div>\n\t\t\t\t<div class=\"elementor-element elementor-element-1f6e641 elementor-widget elementor-widget-heading\" data-id=\"1f6e641\" data-element_type=\"widget\" data-widget_type=\"heading.default\">\n\t\t\t\t<div class=\"elementor-widget-container\">\n\t\t\t\t\t<h3 class=\"elementor-heading-title elementor-size-default\">Ort: Bergisch Gladbach\n<\/h3>\t\t\t\t<\/div>\n\t\t\t\t<\/div>\n\t\t\t\t<div class=\"elementor-element elementor-element-48c7cbb elementor-widget elementor-widget-spacer\" data-id=\"48c7cbb\" data-element_type=\"widget\" data-widget_type=\"spacer.default\">\n\t\t\t\t<div class=\"elementor-widget-container\">\n\t\t\t\t\t\t\t<div class=\"elementor-spacer\">\n\t\t\t<div class=\"elementor-spacer-inner\"><\/div>\n\t\t<\/div>\n\t\t\t\t\t\t<\/div>\n\t\t\t\t<\/div>\n\t\t\t\t<div class=\"elementor-element elementor-element-a94c55c elementor-widget elementor-widget-text-editor\" data-id=\"a94c55c\" data-element_type=\"widget\" data-widget_type=\"text-editor.default\">\n\t\t\t\t<div class=\"elementor-widget-container\">\n\t\t\t\t\t\t\t\t\t<p>Wir wachsen weiter!<br>Du hast die Skills und m\u00f6chtest in einem internationalen Unternehmen auch selbst weiterwachsen?<br>Dann freuen wir uns auf dich!<\/p>\n<h3>Deine Aufgaben:<\/h3>\n<ul>\n<li>Angebotserstellung f\u00fcr Charterfl\u00fcge und Koordination der gebuchten Fl\u00fcge<\/li>\n<li>Flugbeobachtung\/\u00dcberwachung von Flugabfl\u00fcgen<\/li>\n<li>Schnittstelle zwischen Kunden und Fluggesellschaft<\/li>\n<li>Neukundengewinnung und Pflege von Kundenbeziehungen zur Sicherstellung von Folgeauftr\u00e4gen<\/li>\n<li>Marktbeobachtung<\/li>\n<li>Aufbau eines breiten und effektiven Netzwerks von Kontakten<\/li>\n<li>Treffen von klaren, logischen und effizienten Entscheidungen<\/li>\n<\/ul>\n<h3>Dein Profil:<\/h3>\n<ul>\n<li>eine abgeschlossene Berufsausbildung und\/oder Studienabschluss, idealerweise in der Touristik\/Luftfahrt<\/li>\n<li>oder aber mindestens 3-4 Jahren Erfahrung in der Luftfahrtbranche<\/li>\n<li>Hohe Einsatzbereitschaft, Eigeninitiative und Vertriebsorientierung mit ausgepr\u00e4gtem Gesch\u00e4ftssinn<\/li>\n<li>Souver\u00e4nes und freundliches Auftreten gegen\u00fcber Kunden und Gesch\u00e4ftspartnern<\/li>\n<li>Selbst\u00e4ndigkeit und Einbringen von eigenen Ideen &amp; L\u00f6sungen<\/li>\n<li>Aufgeschlossen jederzeit Neues zu erlernen<\/li>\n<li>Du liebst es im Team zu arbeiten und kannst Dich wie deine Kollegen f\u00fcr Deinen Job begeistern<\/li>\n<li>Sichere Kenntnisse in den Microsoft Office Programmen und flugspezifischen Tools<\/li>\n<li>ausgezeichnete Deutsch- und Englischkenntnisse, weitere Sprachen von Vorteil<\/li>\n<\/ul>\n<h3>Das erwartet dich bei uns:<\/h3>\n<ul>\n<li>ein freundliches, engagiertes und hilfsbereites Team<\/li>\n<li>flache Hierachien und direkte Kommunikation<\/li>\n<li>ein unbefristetes Arbeitsverh\u00e4ltnis<\/li>\n<li>interessante und abwechslungsreiche Aufgaben<\/li>\n<li>eine leistungsgerechte Verg\u00fctung<\/li>\n<li>betriebliche Altersvorsorge<\/li>\n<li>tolles Betriebsklima<\/li>\n<li>kostenlose Hei\u00df- und Kaltgetr\u00e4nke<\/li>\n<li>Mitarbeiterrabatte bei Reisen<\/li>\n<li>einen sicheren Arbeitsplatz in einem wachstumsstarken Unternehmen<\/li>\n<li>M\u00f6glichkeit im Home-Office zu arbeiten<\/li>\n<li>Laptop und Mobiltelefon<\/li>\n<li>Jobticket VRS<\/li>\n<li>Job-Fahrrad<\/li>\n<\/ul>\n<p>Ein interessanter und verantwortungsvoller Aufgabenbereich in einem tollen Team mit flachen Hierarchien wartet auf Dich. Eigenverantwortung, Teamgeist und Entscheidungsfreude sind bei uns nicht nur Schlagworte &#8211; sie werden gelebt.<\/p>\n<p>Jeder sollte \u00fcber seinen Arbeitsbereich hinausschauen und abteilungs\u00fcbergreifend mitdenken und handeln.<\/p>\n<h1>Haben wir Dein Interesse geweckt?<\/h1>\n<p>Dann freuen wir uns, Dich bald kennen zu lernen. Bitte sende uns Deine Bewerbungsunterlagen an Birte Kipke, E-Mail <a href=\"mailto:b.kipke@pasflights.com\">b.kipke@pasflights.com<\/a> oder lade ganz einfach Deinen Lebenslauf hoch.<\/p>\t\t\t\t\t\t\t\t<\/div>\n\t\t\t\t<\/div>\n\t\t\t\t<div class=\"elementor-element elementor-element-1d1a89f elementor-widget elementor-widget-button\" data-id=\"1d1a89f\" data-element_type=\"widget\" data-widget_type=\"button.default\">\n\t\t\t\t<div class=\"elementor-widget-container\">\n\t\t\t\t\t\t\t\t\t<div class=\"elementor-button-wrapper\">\n\t\t\t\t\t<a class=\"elementor-button elementor-button-link elementor-size-sm\" href=\"#elementor-action%3Aaction%3Dpopup%3Aopen%26settings%3DeyJpZCI6MTEyOTcsInRvZ2dsZSI6ZmFsc2V9\">\n\t\t\t\t\t\t<span class=\"elementor-button-content-wrapper\">\n\t\t\t\t\t\t\t\t\t<span class=\"elementor-button-text\">Hier bewerben<\/span>\n\t\t\t\t\t<\/span>\n\t\t\t\t\t<\/a>\n\t\t\t\t<\/div>\n\t\t\t\t\t\t\t\t<\/div>\n\t\t\t\t<\/div>\n\t\t\t\t<div class=\"elementor-element elementor-element-16563fd elementor-widget elementor-widget-text-editor\" data-id=\"16563fd\" data-element_type=\"widget\" data-widget_type=\"text-editor.default\">\n\t\t\t\t<div class=\"elementor-widget-container\">\n\t\t\t\t\t\t\t\t\t<h1>Wir freuen uns auf Deine Bewerbung!<\/h1><p>PAS-Professional Aviation Solutions GmbH Lustheide 85<\/p><p>51427 Bergisch Gladbach<\/p><p>Email: <a href=\"mailto:b.kipke@pasflights.com\">b.kipke@pasflights.com<\/a> Tel. 02204 70606-10<\/p><p><a href=\"https:\/\/pas.websitehelden.net\/\">www.pasflights.com<\/a><\/p>\t\t\t\t\t\t\t\t<\/div>\n\t\t\t\t<\/div>\n\t\t\t\t<div class=\"elementor-element elementor-element-d7412d1 elementor-widget elementor-widget-button\" data-id=\"d7412d1\" data-element_type=\"widget\" data-widget_type=\"button.default\">\n\t\t\t\t<div class=\"elementor-widget-container\">\n\t\t\t\t\t\t\t\t\t<div class=\"elementor-button-wrapper\">\n\t\t\t\t\t<a class=\"elementor-button elementor-button-link elementor-size-sm\" href=\"#elementor-action%3Aaction%3Dpopup%3Aopen%26settings%3DeyJpZCI6MTEyOTcsInRvZ2dsZSI6ZmFsc2V9\">\n\t\t\t\t\t\t<span class=\"elementor-button-content-wrapper\">\n\t\t\t\t\t\t\t\t\t<span class=\"elementor-button-text\">Hier bewerben<\/span>\n\t\t\t\t\t<\/span>\n\t\t\t\t\t<\/a>\n\t\t\t\t<\/div>\n\t\t\t\t\t\t\t\t<\/div>\n\t\t\t\t<\/div>\n\t\t\t\t\t<\/div>\n\t\t<\/div>\n\t\t\t\t\t<\/div>\n\t\t<\/section>\n\t\t\t\t<\/div>\n\t\t","protected":false},"excerpt":{"rendered":"<p>PAS-Professional Aviation Solutions GmbH ist ein deutsches Unternehmen mit einem weltweiten Netzwerk und einer Vielzahl eigener internationaler B\u00fcros. Wir bieten unseren Kunden professionelle und individuelle Flugl\u00f6sungen jeder Gr\u00f6\u00dfenordnung an wie z.B. Helikopter, Privatjets. Gro\u00dfraumflugzeuge oder VIP Aircraft. Die Zufriedenheit unserer Kunden liegt uns ganz besonders am Herzen. Nur im Team k\u00f6nnen wir das erreichen \u2013 [&hellip;]<\/p>\n","protected":false},"author":7,"featured_media":9042,"parent":0,"menu_order":0,"comment_status":"closed","ping_status":"closed","template":"","meta":{"_acf_changed":false,"footnotes":""},"categories":[55],"tags":[],"class_list":["post-9027","page","type-page","status-publish","has-post-thumbnail","hentry","category-jobs"],"acf":[],"yoast_head":"<!-- This site is optimized with the Yoast SEO plugin v27.4 - https:\/\/yoast.com\/product\/yoast-seo-wordpress\/ -->\n<title>Charter Sales Manager\/-in Bergisch Gladbach - Pasflights<\/title>\n<meta name=\"description\" content=\"So macht Arbeit Spa\u00df! Du hast Kerosin im Blut und arbeitest gerne in einem motivierten Team und in einer tollen Atmosph\u00e4re? Dann bist Du bei uns richtig. Berwerbe Dich bei uns oder rufe uns einfach vorab an!\" \/>\n<meta name=\"robots\" content=\"index, follow, max-snippet:-1, max-image-preview:large, max-video-preview:-1\" \/>\n<link rel=\"canonical\" href=\"https:\/\/pas.websitehelden.net\/de\/wir-wachsen-weiter-und-suchen-dich\/\" \/>\n<meta property=\"og:locale\" content=\"de_DE\" \/>\n<meta property=\"og:type\" content=\"article\" \/>\n<meta property=\"og:title\" content=\"Charter Sales Manager\/-in Bergisch Gladbach - Pasflights\" \/>\n<meta property=\"og:description\" content=\"So macht Arbeit Spa\u00df! Du hast Kerosin im Blut und arbeitest gerne in einem motivierten Team und in einer tollen Atmosph\u00e4re? Dann bist Du bei uns richtig. Berwerbe Dich bei uns oder rufe uns einfach vorab an!\" \/>\n<meta property=\"og:url\" content=\"https:\/\/pas.websitehelden.net\/de\/wir-wachsen-weiter-und-suchen-dich\/\" \/>\n<meta property=\"og:site_name\" content=\"Pasflights\" \/>\n<meta property=\"article:modified_time\" content=\"2024-03-06T10:04:49+00:00\" \/>\n<meta property=\"og:image\" content=\"https:\/\/er7k5njc6uc.exactdn.com\/wp-content\/uploads\/2022\/08\/AdobeStock_140646019-scaled.jpeg?strip=all&lossy=1&ssl=1\" \/>\n\t<meta property=\"og:image:width\" content=\"2560\" \/>\n\t<meta property=\"og:image:height\" content=\"1609\" \/>\n\t<meta property=\"og:image:type\" content=\"image\/jpeg\" \/>\n<meta name=\"twitter:card\" content=\"summary_large_image\" \/>\n<meta name=\"twitter:label1\" content=\"Gesch\u00e4tzte Lesezeit\" \/>\n\t<meta name=\"twitter:data1\" content=\"3\u00a0Minuten\" \/>\n<script type=\"application\/ld+json\" class=\"yoast-schema-graph\">{\"@context\":\"https:\\\/\\\/schema.org\",\"@graph\":[{\"@type\":\"WebPage\",\"@id\":\"https:\\\/\\\/pas.websitehelden.net\\\/de\\\/wir-wachsen-weiter-und-suchen-dich\\\/\",\"url\":\"https:\\\/\\\/pas.websitehelden.net\\\/de\\\/wir-wachsen-weiter-und-suchen-dich\\\/\",\"name\":\"Charter Sales Manager\\\/-in Bergisch Gladbach - Pasflights\",\"isPartOf\":{\"@id\":\"https:\\\/\\\/pas.websitehelden.net\\\/de\\\/#website\"},\"primaryImageOfPage\":{\"@id\":\"https:\\\/\\\/pas.websitehelden.net\\\/de\\\/wir-wachsen-weiter-und-suchen-dich\\\/#primaryimage\"},\"image\":{\"@id\":\"https:\\\/\\\/pas.websitehelden.net\\\/de\\\/wir-wachsen-weiter-und-suchen-dich\\\/#primaryimage\"},\"thumbnailUrl\":\"https:\\\/\\\/er7k5njc6uc.exactdn.com\\\/wp-content\\\/uploads\\\/2022\\\/08\\\/AdobeStock_140646019-scaled.jpeg?strip=all&lossy=1&ssl=1\",\"datePublished\":\"2022-08-18T13:45:42+00:00\",\"dateModified\":\"2024-03-06T10:04:49+00:00\",\"description\":\"So macht Arbeit Spa\u00df! Du hast Kerosin im Blut und arbeitest gerne in einem motivierten Team und in einer tollen Atmosph\u00e4re? Dann bist Du bei uns richtig. Berwerbe Dich bei uns oder rufe uns einfach vorab an!\",\"breadcrumb\":{\"@id\":\"https:\\\/\\\/pas.websitehelden.net\\\/de\\\/wir-wachsen-weiter-und-suchen-dich\\\/#breadcrumb\"},\"inLanguage\":\"de\",\"potentialAction\":[{\"@type\":\"ReadAction\",\"target\":[\"https:\\\/\\\/pas.websitehelden.net\\\/de\\\/wir-wachsen-weiter-und-suchen-dich\\\/\"]}]},{\"@type\":\"ImageObject\",\"inLanguage\":\"de\",\"@id\":\"https:\\\/\\\/pas.websitehelden.net\\\/de\\\/wir-wachsen-weiter-und-suchen-dich\\\/#primaryimage\",\"url\":\"https:\\\/\\\/er7k5njc6uc.exactdn.com\\\/wp-content\\\/uploads\\\/2022\\\/08\\\/AdobeStock_140646019-scaled.jpeg?strip=all&lossy=1&ssl=1\",\"contentUrl\":\"https:\\\/\\\/er7k5njc6uc.exactdn.com\\\/wp-content\\\/uploads\\\/2022\\\/08\\\/AdobeStock_140646019-scaled.jpeg?strip=all&lossy=1&ssl=1\",\"width\":2560,\"height\":1609,\"caption\":\"Detail of airplane engine wing at terminal gate before takeoff - Wanderlust travel concept around the world with air plane at international airport - Retro contrast filter with light blue color tones\"},{\"@type\":\"BreadcrumbList\",\"@id\":\"https:\\\/\\\/pas.websitehelden.net\\\/de\\\/wir-wachsen-weiter-und-suchen-dich\\\/#breadcrumb\",\"itemListElement\":[{\"@type\":\"ListItem\",\"position\":1,\"name\":\"Startseite\",\"item\":\"https:\\\/\\\/pas.websitehelden.net\\\/de\\\/\"},{\"@type\":\"ListItem\",\"position\":2,\"name\":\"Charter Sales Manager\\\/-in Bergisch Gladbach\"}]},{\"@type\":\"WebSite\",\"@id\":\"https:\\\/\\\/pas.websitehelden.net\\\/de\\\/#website\",\"url\":\"https:\\\/\\\/pas.websitehelden.net\\\/de\\\/\",\"name\":\"Pasflights\",\"description\":\"Eine weitere WordPress-Website\",\"potentialAction\":[{\"@type\":\"SearchAction\",\"target\":{\"@type\":\"EntryPoint\",\"urlTemplate\":\"https:\\\/\\\/pas.websitehelden.net\\\/de\\\/?s={search_term_string}\"},\"query-input\":{\"@type\":\"PropertyValueSpecification\",\"valueRequired\":true,\"valueName\":\"search_term_string\"}}],\"inLanguage\":\"de\"}]}<\/script>\n<!-- \/ Yoast SEO plugin. -->","yoast_head_json":{"title":"Charter Sales Manager\/-in Bergisch Gladbach - Pasflights","description":"So macht Arbeit Spa\u00df! Du hast Kerosin im Blut und arbeitest gerne in einem motivierten Team und in einer tollen Atmosph\u00e4re? Dann bist Du bei uns richtig. Berwerbe Dich bei uns oder rufe uns einfach vorab an!","robots":{"index":"index","follow":"follow","max-snippet":"max-snippet:-1","max-image-preview":"max-image-preview:large","max-video-preview":"max-video-preview:-1"},"canonical":"https:\/\/pas.websitehelden.net\/de\/wir-wachsen-weiter-und-suchen-dich\/","og_locale":"de_DE","og_type":"article","og_title":"Charter Sales Manager\/-in Bergisch Gladbach - Pasflights","og_description":"So macht Arbeit Spa\u00df! Du hast Kerosin im Blut und arbeitest gerne in einem motivierten Team und in einer tollen Atmosph\u00e4re? Dann bist Du bei uns richtig. Berwerbe Dich bei uns oder rufe uns einfach vorab an!","og_url":"https:\/\/pas.websitehelden.net\/de\/wir-wachsen-weiter-und-suchen-dich\/","og_site_name":"Pasflights","article_modified_time":"2024-03-06T10:04:49+00:00","og_image":[{"width":2560,"height":1609,"url":"https:\/\/er7k5njc6uc.exactdn.com\/wp-content\/uploads\/2022\/08\/AdobeStock_140646019-scaled.jpeg?strip=all&lossy=1&ssl=1","type":"image\/jpeg"}],"twitter_card":"summary_large_image","twitter_misc":{"Gesch\u00e4tzte Lesezeit":"3\u00a0Minuten"},"schema":{"@context":"https:\/\/schema.org","@graph":[{"@type":"WebPage","@id":"https:\/\/pas.websitehelden.net\/de\/wir-wachsen-weiter-und-suchen-dich\/","url":"https:\/\/pas.websitehelden.net\/de\/wir-wachsen-weiter-und-suchen-dich\/","name":"Charter Sales Manager\/-in Bergisch Gladbach - Pasflights","isPartOf":{"@id":"https:\/\/pas.websitehelden.net\/de\/#website"},"primaryImageOfPage":{"@id":"https:\/\/pas.websitehelden.net\/de\/wir-wachsen-weiter-und-suchen-dich\/#primaryimage"},"image":{"@id":"https:\/\/pas.websitehelden.net\/de\/wir-wachsen-weiter-und-suchen-dich\/#primaryimage"},"thumbnailUrl":"https:\/\/er7k5njc6uc.exactdn.com\/wp-content\/uploads\/2022\/08\/AdobeStock_140646019-scaled.jpeg?strip=all&lossy=1&ssl=1","datePublished":"2022-08-18T13:45:42+00:00","dateModified":"2024-03-06T10:04:49+00:00","description":"So macht Arbeit Spa\u00df! Du hast Kerosin im Blut und arbeitest gerne in einem motivierten Team und in einer tollen Atmosph\u00e4re? Dann bist Du bei uns richtig. Berwerbe Dich bei uns oder rufe uns einfach vorab an!","breadcrumb":{"@id":"https:\/\/pas.websitehelden.net\/de\/wir-wachsen-weiter-und-suchen-dich\/#breadcrumb"},"inLanguage":"de","potentialAction":[{"@type":"ReadAction","target":["https:\/\/pas.websitehelden.net\/de\/wir-wachsen-weiter-und-suchen-dich\/"]}]},{"@type":"ImageObject","inLanguage":"de","@id":"https:\/\/pas.websitehelden.net\/de\/wir-wachsen-weiter-und-suchen-dich\/#primaryimage","url":"https:\/\/er7k5njc6uc.exactdn.com\/wp-content\/uploads\/2022\/08\/AdobeStock_140646019-scaled.jpeg?strip=all&lossy=1&ssl=1","contentUrl":"https:\/\/er7k5njc6uc.exactdn.com\/wp-content\/uploads\/2022\/08\/AdobeStock_140646019-scaled.jpeg?strip=all&lossy=1&ssl=1","width":2560,"height":1609,"caption":"Detail of airplane engine wing at terminal gate before takeoff - Wanderlust travel concept around the world with air plane at international airport - Retro contrast filter with light blue color tones"},{"@type":"BreadcrumbList","@id":"https:\/\/pas.websitehelden.net\/de\/wir-wachsen-weiter-und-suchen-dich\/#breadcrumb","itemListElement":[{"@type":"ListItem","position":1,"name":"Startseite","item":"https:\/\/pas.websitehelden.net\/de\/"},{"@type":"ListItem","position":2,"name":"Charter Sales Manager\/-in Bergisch Gladbach"}]},{"@type":"WebSite","@id":"https:\/\/pas.websitehelden.net\/de\/#website","url":"https:\/\/pas.websitehelden.net\/de\/","name":"Pasflights","description":"Eine weitere WordPress-Website","potentialAction":[{"@type":"SearchAction","target":{"@type":"EntryPoint","urlTemplate":"https:\/\/pas.websitehelden.net\/de\/?s={search_term_string}"},"query-input":{"@type":"PropertyValueSpecification","valueRequired":true,"valueName":"search_term_string"}}],"inLanguage":"de"}]}},"_links":{"self":[{"href":"https:\/\/pas.websitehelden.net\/de\/wp-json\/wp\/v2\/pages\/9027","targetHints":{"allow":["GET"]}}],"collection":[{"href":"https:\/\/pas.websitehelden.net\/de\/wp-json\/wp\/v2\/pages"}],"about":[{"href":"https:\/\/pas.websitehelden.net\/de\/wp-json\/wp\/v2\/types\/page"}],"author":[{"embeddable":true,"href":"https:\/\/pas.websitehelden.net\/de\/wp-json\/wp\/v2\/users\/7"}],"replies":[{"embeddable":true,"href":"https:\/\/pas.websitehelden.net\/de\/wp-json\/wp\/v2\/comments?post=9027"}],"version-history":[{"count":0,"href":"https:\/\/pas.websitehelden.net\/de\/wp-json\/wp\/v2\/pages\/9027\/revisions"}],"wp:featuredmedia":[{"embeddable":true,"href":"https:\/\/pas.websitehelden.net\/de\/wp-json\/wp\/v2\/media\/9042"}],"wp:attachment":[{"href":"https:\/\/pas.websitehelden.net\/de\/wp-json\/wp\/v2\/media?parent=9027"}],"wp:term":[{"taxonomy":"category","embeddable":true,"href":"https:\/\/pas.websitehelden.net\/de\/wp-json\/wp\/v2\/categories?post=9027"},{"taxonomy":"post_tag","embeddable":true,"href":"https:\/\/pas.websitehelden.net\/de\/wp-json\/wp\/v2\/tags?post=9027"}],"curies":[{"name":"wp","href":"https:\/\/api.w.org\/{rel}","templated":true}]}}