{"id":7232,"date":"2022-05-13T12:43:22","date_gmt":"2022-05-13T10:43:22","guid":{"rendered":"https:\/\/www.pasflights.com\/?page_id=7232"},"modified":"2025-08-21T08:58:11","modified_gmt":"2025-08-21T06:58:11","slug":"airline-gsa","status":"publish","type":"page","link":"https:\/\/pas.websitehelden.net\/de\/branche\/airline-gsa\/","title":{"rendered":"Airline GSA"},"content":{"rendered":"\t\t<div data-elementor-type=\"wp-page\" data-elementor-id=\"7232\" class=\"elementor elementor-7232\" data-elementor-post-type=\"page\">\n\t\t\t\t\t\t<section class=\"elementor-section elementor-top-section elementor-element elementor-element-7904b58 elementor-section-boxed elementor-section-height-default elementor-section-height-default\" data-id=\"7904b58\" data-element_type=\"section\">\n\t\t\t\t\t\t<div class=\"elementor-container elementor-column-gap-default\">\n\t\t\t\t\t<div class=\"elementor-column elementor-col-100 elementor-top-column elementor-element elementor-element-d78df0f\" data-id=\"d78df0f\" data-element_type=\"column\">\n\t\t\t<div class=\"elementor-widget-wrap elementor-element-populated\">\n\t\t\t\t\t\t<div class=\"elementor-element elementor-element-9e866f4 elementor-widget elementor-widget-heading\" data-id=\"9e866f4\" data-element_type=\"widget\" data-widget_type=\"heading.default\">\n\t\t\t\t<div class=\"elementor-widget-container\">\n\t\t\t\t\t<h1 class=\"elementor-heading-title elementor-size-default\">Airline GSA<\/h1>\t\t\t\t<\/div>\n\t\t\t\t<\/div>\n\t\t\t\t\t<\/div>\n\t\t<\/div>\n\t\t\t\t\t<\/div>\n\t\t<\/section>\n\t\t\t\t<section class=\"elementor-section elementor-top-section elementor-element elementor-element-d658c0b elementor-section-boxed elementor-section-height-default elementor-section-height-default\" data-id=\"d658c0b\" data-element_type=\"section\">\n\t\t\t\t\t\t<div class=\"elementor-container elementor-column-gap-default\">\n\t\t\t\t\t<div class=\"elementor-column elementor-col-100 elementor-top-column elementor-element elementor-element-f4982a4\" data-id=\"f4982a4\" data-element_type=\"column\">\n\t\t\t<div class=\"elementor-widget-wrap elementor-element-populated\">\n\t\t\t\t\t\t<div class=\"elementor-element elementor-element-c27b484 elementor-widget elementor-widget-text-editor\" data-id=\"c27b484\" data-element_type=\"widget\" data-widget_type=\"text-editor.default\">\n\t\t\t\t<div class=\"elementor-widget-container\">\n\t\t\t\t\t\t\t\t\t<p>PASflights ist Airline GSA f\u00fcr verschiedene Fluggesellschaften und ist mit der Verkaufsrepr\u00e4sentanz f\u00fcr Deutschland, \u00d6sterreich und die Schweiz betraut. Als offizielle Vertretung der Fluggesellschaft in Deutschland verhandelt und verwaltet <a href=\"https:\/\/pas.websitehelden.net\/\">PASflights<\/a> Interline-Beziehungen, spezielle Prorata-Vereinbarungen sowie s\u00e4mtliche verkehrsrechtlichen Belange in Zusammenhang mit dem Luftfahrtbundesamt.<\/p>\n<p>PASflights verhilft der Fluggesellschaft als Airline GSA durch gezielte Vertriebs- und Marketingaktivit\u00e4ten sowie \u00d6ffentlichkeitsarbeit mit der Fachpresse und den digitalen Medien zu einer Steigerung des Bekanntheitsgrads und schafft eine positive Wahrnehmung in den Zielm\u00e4rkten. Als GSA unterst\u00fctzt PASflights das Revenue-Management der Airline und \u00fcbernimmt die Tarifdistribution sowie Vertragsverhandlungen mit <a href=\"https:\/\/pas.websitehelden.net\/reisebuero-reiseveranstalter\/\">Reiseveranstaltern<\/a> und OTAs (Online Travel Agencies), Raoadshows, FamTrip-Organisation und vieles mehr.<\/p>\n<p>Fluggesellschaften w\u00e4hlen oftmals beim Eintritt in einen neuen oder sich stark entwickelnden Markt einen Airline GSA als Vertreter in bestimmten Regionen und an bestimmten Orten, um ihre gesamte Palette an Dienstleistungen und Produkten anbieten zu k\u00f6nnen. Die Fluggesellschaft hat somit den gro\u00dfen Vorteil, nicht in ein eigenes B\u00fcro und ein eigenes Team investieren zu m\u00fcssen.<\/p>\n<p>Daher spielen GSAs eine sehr wichtige Rolle in der Luftfahrtindustrie. Die Verantwortung der Airline GSA besteht darin, ein B\u00fcro nach internationalem Standard zur Verf\u00fcgung zu stellen oder zu mieten und f\u00fcr dessen Instandhaltung aufzukommen, effiziente und qualifizierte Mitarbeiter zu besch\u00e4ftigen und deren Geh\u00e4lter zu zahlen sowie lokale und andere Steuern zu entrichten. Kurz gesagt, der gesamte Betrieb der Fluggesellschaft wird von der Airline GSA gef\u00fchrt.<\/p>\t\t\t\t\t\t\t\t<\/div>\n\t\t\t\t<\/div>\n\t\t\t\t\t<\/div>\n\t\t<\/div>\n\t\t\t\t\t<\/div>\n\t\t<\/section>\n\t\t\t\t<section class=\"elementor-section elementor-top-section elementor-element elementor-element-2be5f7c elementor-section-boxed elementor-section-height-default elementor-section-height-default\" data-id=\"2be5f7c\" data-element_type=\"section\">\n\t\t\t\t\t\t<div class=\"elementor-container elementor-column-gap-default\">\n\t\t\t\t\t<div class=\"elementor-column elementor-col-100 elementor-top-column elementor-element elementor-element-293a011\" data-id=\"293a011\" data-element_type=\"column\">\n\t\t\t<div class=\"elementor-widget-wrap elementor-element-populated\">\n\t\t\t\t\t\t<div class=\"elementor-element elementor-element-98caa69 elementor-widget elementor-widget-shortcode\" data-id=\"98caa69\" data-element_type=\"widget\" data-widget_type=\"shortcode.default\">\n\t\t\t\t<div class=\"elementor-widget-container\">\n\t\t\t\t\t\t\t<div class=\"elementor-shortcode\">\t\t<div data-elementor-type=\"section\" data-elementor-id=\"1207\" class=\"elementor elementor-1207\" data-elementor-post-type=\"elementor_library\">\n\t\t\t\t\t<section class=\"elementor-section elementor-top-section elementor-element elementor-element-1a9bbed8 elementor-section-boxed elementor-section-height-default elementor-section-height-default\" data-id=\"1a9bbed8\" data-element_type=\"section\">\n\t\t\t\t\t\t<div class=\"elementor-container elementor-column-gap-default\">\n\t\t\t\t\t<div class=\"elementor-column elementor-col-100 elementor-top-column elementor-element elementor-element-74ea37fb\" data-id=\"74ea37fb\" data-element_type=\"column\">\n\t\t\t<div class=\"elementor-widget-wrap elementor-element-populated\">\n\t\t\t\t\t\t<div class=\"elementor-element elementor-element-46435d7a elementor-widget elementor-widget-heading\" data-id=\"46435d7a\" data-element_type=\"widget\" data-widget_type=\"heading.default\">\n\t\t\t\t<div class=\"elementor-widget-container\">\n\t\t\t\t\t<span class=\"elementor-heading-title elementor-size-default\">Anfrage &amp; Kontakt<\/span>\t\t\t\t<\/div>\n\t\t\t\t<\/div>\n\t\t\t\t<div class=\"elementor-element elementor-element-26e4099f elementor-widget elementor-widget-heading\" data-id=\"26e4099f\" data-element_type=\"widget\" data-widget_type=\"heading.default\">\n\t\t\t\t<div class=\"elementor-widget-container\">\n\t\t\t\t\t<h2 class=\"elementor-heading-title elementor-size-default\">Anfrage &amp; Kontakt<\/h2>\t\t\t\t<\/div>\n\t\t\t\t<\/div>\n\t\t\t\t<section class=\"elementor-section elementor-inner-section elementor-element elementor-element-3a7e5399 elementor-section-boxed elementor-section-height-default elementor-section-height-default\" data-id=\"3a7e5399\" data-element_type=\"section\" data-settings=\"{&quot;background_background&quot;:&quot;classic&quot;}\">\n\t\t\t\t\t\t<div class=\"elementor-container elementor-column-gap-default\">\n\t\t\t\t\t<div class=\"elementor-column elementor-col-50 elementor-inner-column elementor-element elementor-element-1ca44ff9\" data-id=\"1ca44ff9\" data-element_type=\"column\">\n\t\t\t<div class=\"elementor-widget-wrap\">\n\t\t\t\t\t\t\t<\/div>\n\t\t<\/div>\n\t\t\t\t<div class=\"elementor-column elementor-col-50 elementor-inner-column elementor-element elementor-element-30227c15\" data-id=\"30227c15\" data-element_type=\"column\" data-settings=\"{&quot;background_background&quot;:&quot;classic&quot;}\">\n\t\t\t<div class=\"elementor-widget-wrap elementor-element-populated\">\n\t\t\t\t\t\t<div class=\"elementor-element elementor-element-4c6a8960 elementor-widget elementor-widget-heading\" data-id=\"4c6a8960\" data-element_type=\"widget\" data-widget_type=\"heading.default\">\n\t\t\t\t<div class=\"elementor-widget-container\">\n\t\t\t\t\t<h2 class=\"elementor-heading-title elementor-size-default\">SIE HABEN FRAGEN oder m\u00f6chten eine Anfrage f\u00fcr einen Flug stellen? <br>WIR SIND F\u00dcR SIE DA \u2013 PER MAIL, KONTAKTFORMULAR ODER PER TELEFON!<\/h2>\t\t\t\t<\/div>\n\t\t\t\t<\/div>\n\t\t\t\t<div class=\"elementor-element elementor-element-abe2a2d elementor-widget elementor-widget-heading\" data-id=\"abe2a2d\" data-element_type=\"widget\" data-widget_type=\"heading.default\">\n\t\t\t\t<div class=\"elementor-widget-container\">\n\t\t\t\t\t<span class=\"elementor-heading-title elementor-size-default\">24\/7 ist Ihr pers\u00f6nlicher Ansprechpartner f\u00fcr Sie da<\/span>\t\t\t\t<\/div>\n\t\t\t\t<\/div>\n\t\t\t\t<div class=\"elementor-element elementor-element-2ce577c elementor-align-start elementor-widget__width-auto elementor-icon-list--layout-traditional elementor-list-item-link-full_width elementor-widget elementor-widget-icon-list\" data-id=\"2ce577c\" data-element_type=\"widget\" data-widget_type=\"icon-list.default\">\n\t\t\t\t<div class=\"elementor-widget-container\">\n\t\t\t\t\t\t\t<ul class=\"elementor-icon-list-items\">\n\t\t\t\t\t\t\t<li class=\"elementor-icon-list-item\">\n\t\t\t\t\t\t\t\t\t\t\t<a href=\"https:\/\/pas.websitehelden.net\/kontakt\/\">\n\n\t\t\t\t\t\t\t\t\t\t\t\t<span class=\"elementor-icon-list-icon\">\n\t\t\t\t\t\t\t<i aria-hidden=\"true\" class=\"fas fa-envelope\"><\/i>\t\t\t\t\t\t<\/span>\n\t\t\t\t\t\t\t\t\t\t<span class=\"elementor-icon-list-text\">info@pasflights.com<\/span>\n\t\t\t\t\t\t\t\t\t\t\t<\/a>\n\t\t\t\t\t\t\t\t\t<\/li>\n\t\t\t\t\t\t\t\t<li class=\"elementor-icon-list-item\">\n\t\t\t\t\t\t\t\t\t\t\t<a href=\"tel:+49%202204%2070606-0\">\n\n\t\t\t\t\t\t\t\t\t\t\t\t<span class=\"elementor-icon-list-icon\">\n\t\t\t\t\t\t\t<i aria-hidden=\"true\" class=\"fas fa-phone-alt\"><\/i>\t\t\t\t\t\t<\/span>\n\t\t\t\t\t\t\t\t\t\t<span class=\"elementor-icon-list-text\">+ 49 2204 70606-0<\/span>\n\t\t\t\t\t\t\t\t\t\t\t<\/a>\n\t\t\t\t\t\t\t\t\t<\/li>\n\t\t\t\t\t\t<\/ul>\n\t\t\t\t\t\t<\/div>\n\t\t\t\t<\/div>\n\t\t\t\t<div class=\"elementor-element elementor-element-462f1838 elementor-align-right pinkbuttonfull elementor-tablet-align-left elementor-mobile-align-justify elementor-widget elementor-widget-button\" data-id=\"462f1838\" data-element_type=\"widget\" data-widget_type=\"button.default\">\n\t\t\t\t<div class=\"elementor-widget-container\">\n\t\t\t\t\t\t\t\t\t<div class=\"elementor-button-wrapper\">\n\t\t\t\t\t<a class=\"elementor-button elementor-button-link elementor-size-sm\" href=\"\/de\/kontakt\/\">\n\t\t\t\t\t\t<span class=\"elementor-button-content-wrapper\">\n\t\t\t\t\t\t\t\t\t<span class=\"elementor-button-text\">Jetzt anfragen oder Kontakt aufnehmen<\/span>\n\t\t\t\t\t<\/span>\n\t\t\t\t\t<\/a>\n\t\t\t\t<\/div>\n\t\t\t\t\t\t\t\t<\/div>\n\t\t\t\t<\/div>\n\t\t\t\t\t<\/div>\n\t\t<\/div>\n\t\t\t\t\t<\/div>\n\t\t<\/section>\n\t\t\t\t<div class=\"elementor-element elementor-element-60957350 elementor-widget elementor-widget-image\" data-id=\"60957350\" data-element_type=\"widget\" data-widget_type=\"image.default\">\n\t\t\t\t<div class=\"elementor-widget-container\">\n\t\t\t\t\t\t\t\t\t\t\t\t\t\t\t<img decoding=\"async\" src=\"https:\/\/er7k5njc6uc.exactdn.com\/wp-content\/uploads\/elementor\/thumbs\/privatjet-buchen_kontakt-rawwxlf5e5ptspptkdb8apcdi94cfpobtspz7qq45k.jpg?strip=all&lossy=1&w=800&ssl=1\" title=\"privatjet-buchen_kontakt\" alt=\"Contact\" loading=\"lazy\" \/>\t\t\t\t\t\t\t\t\t\t\t\t\t\t\t<\/div>\n\t\t\t\t<\/div>\n\t\t\t\t\t<\/div>\n\t\t<\/div>\n\t\t\t\t\t<\/div>\n\t\t<\/section>\n\t\t\t\t<\/div>\n\t\t<\/div>\n\t\t\t\t\t\t<\/div>\n\t\t\t\t<\/div>\n\t\t\t\t\t<\/div>\n\t\t<\/div>\n\t\t\t\t\t<\/div>\n\t\t<\/section>\n\t\t\t\t<section class=\"elementor-section elementor-top-section elementor-element elementor-element-e14e7d5 elementor-section-boxed elementor-section-height-default elementor-section-height-default\" data-id=\"e14e7d5\" data-element_type=\"section\">\n\t\t\t\t\t\t<div class=\"elementor-container elementor-column-gap-default\">\n\t\t\t\t\t<div class=\"elementor-column elementor-col-100 elementor-top-column elementor-element elementor-element-a597da5\" data-id=\"a597da5\" data-element_type=\"column\">\n\t\t\t<div class=\"elementor-widget-wrap elementor-element-populated\">\n\t\t\t\t\t\t<div class=\"elementor-element elementor-element-714a409 elementor-widget elementor-widget-text-editor\" data-id=\"714a409\" data-element_type=\"widget\" data-widget_type=\"text-editor.default\">\n\t\t\t\t<div class=\"elementor-widget-container\">\n\t\t\t\t\t\t\t\t\t<p>Aufgrund seiner Marktkenntnis obliegt es der GSA, Marktstrategien zu entwickeln, um den Absatz zu f\u00f6rdern und die von den Fluggesellschaften festgelegten Ziele zu erreichen. Die Airline GSA f\u00f6rdert den Absatz durch Marketing und kommerzielle Aktivit\u00e4ten, die sie entweder selbst oder unter Anleitung der Fluggesellschaft entwickelt.<\/p><p>\u00a0<\/p><p>Die Airline GSA muss beide Seiten mit den richtigen Dienstleistungen versorgen: die Kunden der Fluggesellschaften auf der einen Seite und die Fluggesellschaften selbst auf der anderen Seite.<\/p><p>Haben Sie noch Fragen zu uns als Airline GSA oder m\u00f6chten Sie sich beraten lassen? Dann <a href=\"https:\/\/pas.websitehelden.net\/kontakt\/\">kontaktieren<\/a> Sie uns gern. Wir freuen uns auf Ihre Anfrage!<\/p>\t\t\t\t\t\t\t\t<\/div>\n\t\t\t\t<\/div>\n\t\t\t\t\t<\/div>\n\t\t<\/div>\n\t\t\t\t\t<\/div>\n\t\t<\/section>\n\t\t\t\t<\/div>\n\t\t","protected":false},"excerpt":{"rendered":"<p>Airline GSA PASflights ist Airline GSA f\u00fcr verschiedene Fluggesellschaften und ist mit der Verkaufsrepr\u00e4sentanz f\u00fcr Deutschland, \u00d6sterreich und die Schweiz betraut. Als offizielle Vertretung der Fluggesellschaft in Deutschland verhandelt und verwaltet PASflights Interline-Beziehungen, spezielle Prorata-Vereinbarungen sowie s\u00e4mtliche verkehrsrechtlichen Belange in Zusammenhang mit dem Luftfahrtbundesamt. PASflights verhilft der Fluggesellschaft als Airline GSA durch gezielte Vertriebs- und [&hellip;]<\/p>\n","protected":false},"author":5,"featured_media":22207,"parent":1530,"menu_order":0,"comment_status":"closed","ping_status":"closed","template":"","meta":{"_acf_changed":false,"footnotes":""},"categories":[],"tags":[75],"class_list":["post-7232","page","type-page","status-publish","has-post-thumbnail","hentry","tag-branche"],"acf":[],"yoast_head":"<!-- This site is optimized with the Yoast SEO plugin v27.4 - https:\/\/yoast.com\/product\/yoast-seo-wordpress\/ -->\n<title>Airline GSA \u2013 Wir sind Ihr Partner | PASflights<\/title>\n<meta name=\"description\" content=\"PASflights ist Ihr erfahrener Airline GSA in Deutschland, \u00d6sterreich und der Schweiz. Erfahren Sie hier mehr \u00fcber Leistungen und Vorteile eines GSA\" \/>\n<meta name=\"robots\" content=\"index, follow, max-snippet:-1, max-image-preview:large, max-video-preview:-1\" \/>\n<link rel=\"canonical\" href=\"https:\/\/pas.websitehelden.net\/de\/branche\/airline-gsa\/\" \/>\n<meta property=\"og:locale\" content=\"de_DE\" \/>\n<meta property=\"og:type\" content=\"article\" \/>\n<meta property=\"og:title\" content=\"Airline GSA \u2013 Wir sind Ihr Partner | PASflights\" \/>\n<meta property=\"og:description\" content=\"PASflights ist Ihr erfahrener Airline GSA in Deutschland, \u00d6sterreich und der Schweiz. Erfahren Sie hier mehr \u00fcber Leistungen und Vorteile eines GSA\" \/>\n<meta property=\"og:url\" content=\"https:\/\/pas.websitehelden.net\/de\/branche\/airline-gsa\/\" \/>\n<meta property=\"og:site_name\" content=\"Pasflights\" \/>\n<meta property=\"article:modified_time\" content=\"2025-08-21T06:58:11+00:00\" \/>\n<meta property=\"og:image\" content=\"https:\/\/er7k5njc6uc.exactdn.com\/wp-content\/uploads\/2025\/08\/iStock-1421842900-Airline-GSA.jpg?strip=all&lossy=1&ssl=1\" \/>\n\t<meta property=\"og:image:width\" content=\"2560\" \/>\n\t<meta property=\"og:image:height\" content=\"731\" \/>\n\t<meta property=\"og:image:type\" content=\"image\/jpeg\" \/>\n<meta name=\"twitter:card\" content=\"summary_large_image\" \/>\n<meta name=\"twitter:label1\" content=\"Gesch\u00e4tzte Lesezeit\" \/>\n\t<meta name=\"twitter:data1\" content=\"3\u00a0Minuten\" \/>\n<script type=\"application\/ld+json\" class=\"yoast-schema-graph\">{\"@context\":\"https:\\\/\\\/schema.org\",\"@graph\":[{\"@type\":\"WebPage\",\"@id\":\"https:\\\/\\\/pas.websitehelden.net\\\/de\\\/branche\\\/airline-gsa\\\/\",\"url\":\"https:\\\/\\\/pas.websitehelden.net\\\/de\\\/branche\\\/airline-gsa\\\/\",\"name\":\"Airline GSA \u2013 Wir sind Ihr Partner | PASflights\",\"isPartOf\":{\"@id\":\"https:\\\/\\\/pas.websitehelden.net\\\/de\\\/#website\"},\"primaryImageOfPage\":{\"@id\":\"https:\\\/\\\/pas.websitehelden.net\\\/de\\\/branche\\\/airline-gsa\\\/#primaryimage\"},\"image\":{\"@id\":\"https:\\\/\\\/pas.websitehelden.net\\\/de\\\/branche\\\/airline-gsa\\\/#primaryimage\"},\"thumbnailUrl\":\"https:\\\/\\\/er7k5njc6uc.exactdn.com\\\/wp-content\\\/uploads\\\/2025\\\/08\\\/iStock-1421842900-Airline-GSA.jpg?strip=all&lossy=1&ssl=1\",\"datePublished\":\"2022-05-13T10:43:22+00:00\",\"dateModified\":\"2025-08-21T06:58:11+00:00\",\"description\":\"PASflights ist Ihr erfahrener Airline GSA in Deutschland, \u00d6sterreich und der Schweiz. Erfahren Sie hier mehr \u00fcber Leistungen und Vorteile eines GSA\",\"breadcrumb\":{\"@id\":\"https:\\\/\\\/pas.websitehelden.net\\\/de\\\/branche\\\/airline-gsa\\\/#breadcrumb\"},\"inLanguage\":\"de\",\"potentialAction\":[{\"@type\":\"ReadAction\",\"target\":[\"https:\\\/\\\/pas.websitehelden.net\\\/de\\\/branche\\\/airline-gsa\\\/\"]}]},{\"@type\":\"ImageObject\",\"inLanguage\":\"de\",\"@id\":\"https:\\\/\\\/pas.websitehelden.net\\\/de\\\/branche\\\/airline-gsa\\\/#primaryimage\",\"url\":\"https:\\\/\\\/er7k5njc6uc.exactdn.com\\\/wp-content\\\/uploads\\\/2025\\\/08\\\/iStock-1421842900-Airline-GSA.jpg?strip=all&lossy=1&ssl=1\",\"contentUrl\":\"https:\\\/\\\/er7k5njc6uc.exactdn.com\\\/wp-content\\\/uploads\\\/2025\\\/08\\\/iStock-1421842900-Airline-GSA.jpg?strip=all&lossy=1&ssl=1\",\"width\":2560,\"height\":731,\"caption\":\"Laptop und Modellflugzeug\"},{\"@type\":\"BreadcrumbList\",\"@id\":\"https:\\\/\\\/pas.websitehelden.net\\\/de\\\/branche\\\/airline-gsa\\\/#breadcrumb\",\"itemListElement\":[{\"@type\":\"ListItem\",\"position\":1,\"name\":\"Startseite\",\"item\":\"https:\\\/\\\/pas.websitehelden.net\\\/de\\\/\"},{\"@type\":\"ListItem\",\"position\":2,\"name\":\"Branche\",\"item\":\"https:\\\/\\\/pas.websitehelden.net\\\/de\\\/branche\\\/\"},{\"@type\":\"ListItem\",\"position\":3,\"name\":\"Airline GSA\"}]},{\"@type\":\"WebSite\",\"@id\":\"https:\\\/\\\/pas.websitehelden.net\\\/de\\\/#website\",\"url\":\"https:\\\/\\\/pas.websitehelden.net\\\/de\\\/\",\"name\":\"Pasflights\",\"description\":\"Eine weitere WordPress-Website\",\"potentialAction\":[{\"@type\":\"SearchAction\",\"target\":{\"@type\":\"EntryPoint\",\"urlTemplate\":\"https:\\\/\\\/pas.websitehelden.net\\\/de\\\/?s={search_term_string}\"},\"query-input\":{\"@type\":\"PropertyValueSpecification\",\"valueRequired\":true,\"valueName\":\"search_term_string\"}}],\"inLanguage\":\"de\"}]}<\/script>\n<!-- \/ Yoast SEO plugin. -->","yoast_head_json":{"title":"Airline GSA \u2013 Wir sind Ihr Partner | PASflights","description":"PASflights ist Ihr erfahrener Airline GSA in Deutschland, \u00d6sterreich und der Schweiz. Erfahren Sie hier mehr \u00fcber Leistungen und Vorteile eines GSA","robots":{"index":"index","follow":"follow","max-snippet":"max-snippet:-1","max-image-preview":"max-image-preview:large","max-video-preview":"max-video-preview:-1"},"canonical":"https:\/\/pas.websitehelden.net\/de\/branche\/airline-gsa\/","og_locale":"de_DE","og_type":"article","og_title":"Airline GSA \u2013 Wir sind Ihr Partner | PASflights","og_description":"PASflights ist Ihr erfahrener Airline GSA in Deutschland, \u00d6sterreich und der Schweiz. Erfahren Sie hier mehr \u00fcber Leistungen und Vorteile eines GSA","og_url":"https:\/\/pas.websitehelden.net\/de\/branche\/airline-gsa\/","og_site_name":"Pasflights","article_modified_time":"2025-08-21T06:58:11+00:00","og_image":[{"width":2560,"height":731,"url":"https:\/\/er7k5njc6uc.exactdn.com\/wp-content\/uploads\/2025\/08\/iStock-1421842900-Airline-GSA.jpg?strip=all&lossy=1&ssl=1","type":"image\/jpeg"}],"twitter_card":"summary_large_image","twitter_misc":{"Gesch\u00e4tzte Lesezeit":"3\u00a0Minuten"},"schema":{"@context":"https:\/\/schema.org","@graph":[{"@type":"WebPage","@id":"https:\/\/pas.websitehelden.net\/de\/branche\/airline-gsa\/","url":"https:\/\/pas.websitehelden.net\/de\/branche\/airline-gsa\/","name":"Airline GSA \u2013 Wir sind Ihr Partner | PASflights","isPartOf":{"@id":"https:\/\/pas.websitehelden.net\/de\/#website"},"primaryImageOfPage":{"@id":"https:\/\/pas.websitehelden.net\/de\/branche\/airline-gsa\/#primaryimage"},"image":{"@id":"https:\/\/pas.websitehelden.net\/de\/branche\/airline-gsa\/#primaryimage"},"thumbnailUrl":"https:\/\/er7k5njc6uc.exactdn.com\/wp-content\/uploads\/2025\/08\/iStock-1421842900-Airline-GSA.jpg?strip=all&lossy=1&ssl=1","datePublished":"2022-05-13T10:43:22+00:00","dateModified":"2025-08-21T06:58:11+00:00","description":"PASflights ist Ihr erfahrener Airline GSA in Deutschland, \u00d6sterreich und der Schweiz. Erfahren Sie hier mehr \u00fcber Leistungen und Vorteile eines GSA","breadcrumb":{"@id":"https:\/\/pas.websitehelden.net\/de\/branche\/airline-gsa\/#breadcrumb"},"inLanguage":"de","potentialAction":[{"@type":"ReadAction","target":["https:\/\/pas.websitehelden.net\/de\/branche\/airline-gsa\/"]}]},{"@type":"ImageObject","inLanguage":"de","@id":"https:\/\/pas.websitehelden.net\/de\/branche\/airline-gsa\/#primaryimage","url":"https:\/\/er7k5njc6uc.exactdn.com\/wp-content\/uploads\/2025\/08\/iStock-1421842900-Airline-GSA.jpg?strip=all&lossy=1&ssl=1","contentUrl":"https:\/\/er7k5njc6uc.exactdn.com\/wp-content\/uploads\/2025\/08\/iStock-1421842900-Airline-GSA.jpg?strip=all&lossy=1&ssl=1","width":2560,"height":731,"caption":"Laptop und Modellflugzeug"},{"@type":"BreadcrumbList","@id":"https:\/\/pas.websitehelden.net\/de\/branche\/airline-gsa\/#breadcrumb","itemListElement":[{"@type":"ListItem","position":1,"name":"Startseite","item":"https:\/\/pas.websitehelden.net\/de\/"},{"@type":"ListItem","position":2,"name":"Branche","item":"https:\/\/pas.websitehelden.net\/de\/branche\/"},{"@type":"ListItem","position":3,"name":"Airline GSA"}]},{"@type":"WebSite","@id":"https:\/\/pas.websitehelden.net\/de\/#website","url":"https:\/\/pas.websitehelden.net\/de\/","name":"Pasflights","description":"Eine weitere WordPress-Website","potentialAction":[{"@type":"SearchAction","target":{"@type":"EntryPoint","urlTemplate":"https:\/\/pas.websitehelden.net\/de\/?s={search_term_string}"},"query-input":{"@type":"PropertyValueSpecification","valueRequired":true,"valueName":"search_term_string"}}],"inLanguage":"de"}]}},"_links":{"self":[{"href":"https:\/\/pas.websitehelden.net\/de\/wp-json\/wp\/v2\/pages\/7232","targetHints":{"allow":["GET"]}}],"collection":[{"href":"https:\/\/pas.websitehelden.net\/de\/wp-json\/wp\/v2\/pages"}],"about":[{"href":"https:\/\/pas.websitehelden.net\/de\/wp-json\/wp\/v2\/types\/page"}],"author":[{"embeddable":true,"href":"https:\/\/pas.websitehelden.net\/de\/wp-json\/wp\/v2\/users\/5"}],"replies":[{"embeddable":true,"href":"https:\/\/pas.websitehelden.net\/de\/wp-json\/wp\/v2\/comments?post=7232"}],"version-history":[{"count":1,"href":"https:\/\/pas.websitehelden.net\/de\/wp-json\/wp\/v2\/pages\/7232\/revisions"}],"predecessor-version":[{"id":22123,"href":"https:\/\/pas.websitehelden.net\/de\/wp-json\/wp\/v2\/pages\/7232\/revisions\/22123"}],"up":[{"embeddable":true,"href":"https:\/\/pas.websitehelden.net\/de\/wp-json\/wp\/v2\/pages\/1530"}],"wp:featuredmedia":[{"embeddable":true,"href":"https:\/\/pas.websitehelden.net\/de\/wp-json\/wp\/v2\/media\/22207"}],"wp:attachment":[{"href":"https:\/\/pas.websitehelden.net\/de\/wp-json\/wp\/v2\/media?parent=7232"}],"wp:term":[{"taxonomy":"category","embeddable":true,"href":"https:\/\/pas.websitehelden.net\/de\/wp-json\/wp\/v2\/categories?post=7232"},{"taxonomy":"post_tag","embeddable":true,"href":"https:\/\/pas.websitehelden.net\/de\/wp-json\/wp\/v2\/tags?post=7232"}],"curies":[{"name":"wp","href":"https:\/\/api.w.org\/{rel}","templated":true}]}}