{"id":2701,"date":"2022-01-06T13:58:06","date_gmt":"2022-01-06T12:58:06","guid":{"rendered":"https:\/\/www.pasflights.com\/?page_id=2701"},"modified":"2023-08-16T14:56:38","modified_gmt":"2023-08-16T12:56:38","slug":"ambulanzfluege","status":"publish","type":"page","link":"https:\/\/pas.websitehelden.net\/de\/ambulanzfluege\/","title":{"rendered":"Ambulanzfl\u00fcge"},"content":{"rendered":"\t\t<div data-elementor-type=\"wp-page\" data-elementor-id=\"2701\" class=\"elementor elementor-2701\" data-elementor-post-type=\"page\">\n\t\t\t\t\t\t<section class=\"elementor-section elementor-top-section elementor-element elementor-element-79c5772 elementor-section-boxed elementor-section-height-default elementor-section-height-default\" data-id=\"79c5772\" data-element_type=\"section\">\n\t\t\t\t\t\t<div class=\"elementor-container elementor-column-gap-default\">\n\t\t\t\t\t<div class=\"elementor-column elementor-col-100 elementor-top-column elementor-element elementor-element-bd3d4f4\" data-id=\"bd3d4f4\" data-element_type=\"column\">\n\t\t\t<div class=\"elementor-widget-wrap elementor-element-populated\">\n\t\t\t\t\t\t<div class=\"elementor-element elementor-element-64cbe34 elementor-widget elementor-widget-heading\" data-id=\"64cbe34\" data-element_type=\"widget\" data-widget_type=\"heading.default\">\n\t\t\t\t<div class=\"elementor-widget-container\">\n\t\t\t\t\t<h1 class=\"elementor-heading-title elementor-size-default\">\nAmbulanzfl\u00fcge \u2013 zuverl\u00e4ssiger medizinischer Transport<\/h1>\t\t\t\t<\/div>\n\t\t\t\t<\/div>\n\t\t\t\t<div class=\"elementor-element elementor-element-8e803ea elementor-widget elementor-widget-text-editor\" data-id=\"8e803ea\" data-element_type=\"widget\" data-widget_type=\"text-editor.default\">\n\t\t\t\t<div class=\"elementor-widget-container\">\n\t\t\t\t\t\t\t\t\t<p><strong>PAS<\/strong>flights organisiert innerhalb k\u00fcrzester Zeit umf\u00e4ngliche L\u00f6sungen f\u00fcr Ambulanzfl\u00fcge, R\u00fcckholungen und Notfallhilfe. Auf unsere langj\u00e4hrige Erfahrung und den Zugriff auf ein weltweites Netzwerk an akkreditierten Partnern, die auf Flugambulanz und medizinische R\u00fccktransporte spezialisiert sind, verlassen sich schon seit vielen Jahrzehnten medizinische Einrichtungen, Organisation, Beh\u00f6rden, NGOs und Privatpatienten.<\/p><p>Unsere Experten finden stets die passenden Ambulanzflugzeuge und Flugl\u00f6sungen f\u00fcr den zeitkritischen Bedarf. Die Ambulanzflieger verf\u00fcgen \u00fcber eine vollausgestattete, medizinische Versorgung und gew\u00e4hrleisten damit einen sicheren R\u00fccktransport von Patienten. Nat\u00fcrlich weltweit. Ambulanzfl\u00fcge kommen immer dann zum Einsatz, wenn der Zustand einen Bodentransport nicht erlaubt. Die Profis von <strong>PAS<\/strong>flights sind daher 24\/7 erreichbar, sodass wir in der Lage sind in k\u00fcrzester Zeit, bei Tag und Nacht, Ambulanzfl\u00fcge und einen medizinischen R\u00fccktransport bereitstellen zu k\u00f6nnen.<\/p>\t\t\t\t\t\t\t\t<\/div>\n\t\t\t\t<\/div>\n\t\t\t\t<div class=\"elementor-element elementor-element-f6e7923 elementor-widget elementor-widget-heading\" data-id=\"f6e7923\" data-element_type=\"widget\" data-widget_type=\"heading.default\">\n\t\t\t\t<div class=\"elementor-widget-container\">\n\t\t\t\t\t<h2 class=\"elementor-heading-title elementor-size-default\">Ambulanzflugzeuge bieten umf\u00e4ngliche L\u00f6sungen<\/h2>\t\t\t\t<\/div>\n\t\t\t\t<\/div>\n\t\t\t\t<div class=\"elementor-element elementor-element-6224003 elementor-widget elementor-widget-text-editor\" data-id=\"6224003\" data-element_type=\"widget\" data-widget_type=\"text-editor.default\">\n\t\t\t\t<div class=\"elementor-widget-container\">\n\t\t\t\t\t\t\t\t\t<p>In Zusammenarbeit mit unseren qualifizierten und spezialisierten Partnern kommen f\u00fcr die Ambulanzfl\u00fcge <a href=\"https:\/\/pas.websitehelden.net\/privatjets\">Privatjets<\/a> zum Einsatz, die mit allen Ger\u00e4ten und dem entsprechenden Equipment ausgestattet sind. So ist immer das parat, was f\u00fcr die Notfall- und Intensivmedizin notwendig ist. Ein Ambulanzflugzeug l\u00e4sst sich dar\u00fcber hinaus mit entsprechend spezieller Ausr\u00fcstung erweitern, sollte dies der Zustand des Patienten erfordern. Ambulanzfl\u00fcge werden dar\u00fcber hinaus von einem medizinischen Team aus \u00c4rzten, Krankenschwestern und Sanit\u00e4tern begleitet.<\/p><p>Die Privatjets f\u00fcr die Flugambulanz kommen immer dann zum Einsatz, wenn<\/p><ul><li data-mce-word-list=\"1\">Krankenr\u00fccktransporte zeitkritisch sind.<\/li><li data-mce-word-list=\"1\">der Flugweg die sicherste und schnellste M\u00f6glichkeit des Transports darstellt.<\/li><li data-mce-word-list=\"1\">ein Linienflug f\u00fcr den Patienten zu riskant und anstrengend w\u00e4re.<\/li><li data-mce-word-list=\"1\">sichergestellt werden soll, dass auch ein Zielflughafen angeflogen werden kann, den gro\u00dfe Linienmaschinen nicht bedienen.<\/li><li data-mce-word-list=\"1\">der medizinische R\u00fccktransport eine spezielle Ausr\u00fcstung und die Begleitung durch medizinisches Fachpersonal voraussetzt.<\/li><\/ul><p>F\u00fcr eine detaillierte Auskunft \u00fcber die M\u00f6glichkeiten im Rahmen unserer Ambulanzfl\u00fcge nehmen Sie gerne jederzeit den <a href=\"https:\/\/pas.websitehelden.net\/kontakt\">Kontakt<\/a> zu uns auf. Unsere Experten beraten Sie umfassend und kompetent.<\/p>\t\t\t\t\t\t\t\t<\/div>\n\t\t\t\t<\/div>\n\t\t\t\t\t<\/div>\n\t\t<\/div>\n\t\t\t\t\t<\/div>\n\t\t<\/section>\n\t\t\t\t<section class=\"elementor-section elementor-top-section elementor-element elementor-element-9e0f9d9 elementor-section-full_width elementor-section-height-default elementor-section-height-default\" data-id=\"9e0f9d9\" data-element_type=\"section\">\n\t\t\t\t\t\t<div class=\"elementor-container elementor-column-gap-default\">\n\t\t\t\t\t<div class=\"elementor-column elementor-col-100 elementor-top-column elementor-element elementor-element-7ca55ed\" data-id=\"7ca55ed\" data-element_type=\"column\">\n\t\t\t<div class=\"elementor-widget-wrap elementor-element-populated\">\n\t\t\t\t\t\t<div class=\"elementor-element elementor-element-4712334 elementor-widget elementor-widget-shortcode\" data-id=\"4712334\" data-element_type=\"widget\" data-widget_type=\"shortcode.default\">\n\t\t\t\t<div class=\"elementor-widget-container\">\n\t\t\t\t\t\t\t<div class=\"elementor-shortcode\">\t\t<div data-elementor-type=\"section\" data-elementor-id=\"1207\" class=\"elementor elementor-1207\" data-elementor-post-type=\"elementor_library\">\n\t\t\t\t\t<section class=\"elementor-section elementor-top-section elementor-element elementor-element-1a9bbed8 elementor-section-boxed elementor-section-height-default elementor-section-height-default\" data-id=\"1a9bbed8\" data-element_type=\"section\">\n\t\t\t\t\t\t<div class=\"elementor-container elementor-column-gap-default\">\n\t\t\t\t\t<div class=\"elementor-column elementor-col-100 elementor-top-column elementor-element elementor-element-74ea37fb\" data-id=\"74ea37fb\" data-element_type=\"column\">\n\t\t\t<div class=\"elementor-widget-wrap elementor-element-populated\">\n\t\t\t\t\t\t<div class=\"elementor-element elementor-element-46435d7a elementor-widget elementor-widget-heading\" data-id=\"46435d7a\" data-element_type=\"widget\" data-widget_type=\"heading.default\">\n\t\t\t\t<div class=\"elementor-widget-container\">\n\t\t\t\t\t<span class=\"elementor-heading-title elementor-size-default\">Anfrage &amp; Kontakt<\/span>\t\t\t\t<\/div>\n\t\t\t\t<\/div>\n\t\t\t\t<div class=\"elementor-element elementor-element-26e4099f elementor-widget elementor-widget-heading\" data-id=\"26e4099f\" data-element_type=\"widget\" data-widget_type=\"heading.default\">\n\t\t\t\t<div class=\"elementor-widget-container\">\n\t\t\t\t\t<h2 class=\"elementor-heading-title elementor-size-default\">Anfrage &amp; Kontakt<\/h2>\t\t\t\t<\/div>\n\t\t\t\t<\/div>\n\t\t\t\t<section class=\"elementor-section elementor-inner-section elementor-element elementor-element-3a7e5399 elementor-section-boxed elementor-section-height-default elementor-section-height-default\" data-id=\"3a7e5399\" data-element_type=\"section\" data-settings=\"{&quot;background_background&quot;:&quot;classic&quot;}\">\n\t\t\t\t\t\t<div class=\"elementor-container elementor-column-gap-default\">\n\t\t\t\t\t<div class=\"elementor-column elementor-col-50 elementor-inner-column elementor-element elementor-element-1ca44ff9\" data-id=\"1ca44ff9\" data-element_type=\"column\">\n\t\t\t<div class=\"elementor-widget-wrap\">\n\t\t\t\t\t\t\t<\/div>\n\t\t<\/div>\n\t\t\t\t<div class=\"elementor-column elementor-col-50 elementor-inner-column elementor-element elementor-element-30227c15\" data-id=\"30227c15\" data-element_type=\"column\" data-settings=\"{&quot;background_background&quot;:&quot;classic&quot;}\">\n\t\t\t<div class=\"elementor-widget-wrap elementor-element-populated\">\n\t\t\t\t\t\t<div class=\"elementor-element elementor-element-4c6a8960 elementor-widget elementor-widget-heading\" data-id=\"4c6a8960\" data-element_type=\"widget\" data-widget_type=\"heading.default\">\n\t\t\t\t<div class=\"elementor-widget-container\">\n\t\t\t\t\t<h2 class=\"elementor-heading-title elementor-size-default\">SIE HABEN FRAGEN oder m\u00f6chten eine Anfrage f\u00fcr einen Flug stellen? <br>WIR SIND F\u00dcR SIE DA \u2013 PER MAIL, KONTAKTFORMULAR ODER PER TELEFON!<\/h2>\t\t\t\t<\/div>\n\t\t\t\t<\/div>\n\t\t\t\t<div class=\"elementor-element elementor-element-abe2a2d elementor-widget elementor-widget-heading\" data-id=\"abe2a2d\" data-element_type=\"widget\" data-widget_type=\"heading.default\">\n\t\t\t\t<div class=\"elementor-widget-container\">\n\t\t\t\t\t<span class=\"elementor-heading-title elementor-size-default\">24\/7 ist Ihr pers\u00f6nlicher Ansprechpartner f\u00fcr Sie da<\/span>\t\t\t\t<\/div>\n\t\t\t\t<\/div>\n\t\t\t\t<div class=\"elementor-element elementor-element-2ce577c elementor-align-start elementor-widget__width-auto elementor-icon-list--layout-traditional elementor-list-item-link-full_width elementor-widget elementor-widget-icon-list\" data-id=\"2ce577c\" data-element_type=\"widget\" data-widget_type=\"icon-list.default\">\n\t\t\t\t<div class=\"elementor-widget-container\">\n\t\t\t\t\t\t\t<ul class=\"elementor-icon-list-items\">\n\t\t\t\t\t\t\t<li class=\"elementor-icon-list-item\">\n\t\t\t\t\t\t\t\t\t\t\t<a href=\"https:\/\/pas.websitehelden.net\/kontakt\/\">\n\n\t\t\t\t\t\t\t\t\t\t\t\t<span class=\"elementor-icon-list-icon\">\n\t\t\t\t\t\t\t<i aria-hidden=\"true\" class=\"fas fa-envelope\"><\/i>\t\t\t\t\t\t<\/span>\n\t\t\t\t\t\t\t\t\t\t<span class=\"elementor-icon-list-text\">info@pasflights.com<\/span>\n\t\t\t\t\t\t\t\t\t\t\t<\/a>\n\t\t\t\t\t\t\t\t\t<\/li>\n\t\t\t\t\t\t\t\t<li class=\"elementor-icon-list-item\">\n\t\t\t\t\t\t\t\t\t\t\t<a href=\"tel:+49%202204%2070606-0\">\n\n\t\t\t\t\t\t\t\t\t\t\t\t<span class=\"elementor-icon-list-icon\">\n\t\t\t\t\t\t\t<i aria-hidden=\"true\" class=\"fas fa-phone-alt\"><\/i>\t\t\t\t\t\t<\/span>\n\t\t\t\t\t\t\t\t\t\t<span class=\"elementor-icon-list-text\">+ 49 2204 70606-0<\/span>\n\t\t\t\t\t\t\t\t\t\t\t<\/a>\n\t\t\t\t\t\t\t\t\t<\/li>\n\t\t\t\t\t\t<\/ul>\n\t\t\t\t\t\t<\/div>\n\t\t\t\t<\/div>\n\t\t\t\t<div class=\"elementor-element elementor-element-462f1838 elementor-align-right pinkbuttonfull elementor-tablet-align-left elementor-mobile-align-justify elementor-widget elementor-widget-button\" data-id=\"462f1838\" data-element_type=\"widget\" data-widget_type=\"button.default\">\n\t\t\t\t<div class=\"elementor-widget-container\">\n\t\t\t\t\t\t\t\t\t<div class=\"elementor-button-wrapper\">\n\t\t\t\t\t<a class=\"elementor-button elementor-button-link elementor-size-sm\" href=\"\/de\/kontakt\/\">\n\t\t\t\t\t\t<span class=\"elementor-button-content-wrapper\">\n\t\t\t\t\t\t\t\t\t<span class=\"elementor-button-text\">Jetzt anfragen oder Kontakt aufnehmen<\/span>\n\t\t\t\t\t<\/span>\n\t\t\t\t\t<\/a>\n\t\t\t\t<\/div>\n\t\t\t\t\t\t\t\t<\/div>\n\t\t\t\t<\/div>\n\t\t\t\t\t<\/div>\n\t\t<\/div>\n\t\t\t\t\t<\/div>\n\t\t<\/section>\n\t\t\t\t<div class=\"elementor-element elementor-element-60957350 elementor-widget elementor-widget-image\" data-id=\"60957350\" data-element_type=\"widget\" data-widget_type=\"image.default\">\n\t\t\t\t<div class=\"elementor-widget-container\">\n\t\t\t\t\t\t\t\t\t\t\t\t\t\t\t<img decoding=\"async\" src=\"https:\/\/er7k5njc6uc.exactdn.com\/wp-content\/uploads\/elementor\/thumbs\/privatjet-buchen_kontakt-rawwxlf5e5ptspptkdb8apcdi94cfpobtspz7qq45k.jpg?strip=all&lossy=1&w=1920&ssl=1\" title=\"privatjet-buchen_kontakt\" alt=\"Contact\" loading=\"lazy\" \/>\t\t\t\t\t\t\t\t\t\t\t\t\t\t\t<\/div>\n\t\t\t\t<\/div>\n\t\t\t\t\t<\/div>\n\t\t<\/div>\n\t\t\t\t\t<\/div>\n\t\t<\/section>\n\t\t\t\t<\/div>\n\t\t<\/div>\n\t\t\t\t\t\t<\/div>\n\t\t\t\t<\/div>\n\t\t\t\t\t<\/div>\n\t\t<\/div>\n\t\t\t\t\t<\/div>\n\t\t<\/section>\n\t\t\t\t<section class=\"elementor-section elementor-top-section elementor-element elementor-element-d0b3c86 elementor-section-boxed elementor-section-height-default elementor-section-height-default\" data-id=\"d0b3c86\" data-element_type=\"section\">\n\t\t\t\t\t\t<div class=\"elementor-container elementor-column-gap-default\">\n\t\t\t\t\t<div class=\"elementor-column elementor-col-100 elementor-top-column elementor-element elementor-element-37c7fb4\" data-id=\"37c7fb4\" data-element_type=\"column\">\n\t\t\t<div class=\"elementor-widget-wrap elementor-element-populated\">\n\t\t\t\t\t\t<div class=\"elementor-element elementor-element-fb241c7 elementor-widget elementor-widget-heading\" data-id=\"fb241c7\" data-element_type=\"widget\" data-widget_type=\"heading.default\">\n\t\t\t\t<div class=\"elementor-widget-container\">\n\t\t\t\t\t<h2 class=\"elementor-heading-title elementor-size-default\">Ambulanzfl\u00fcge von Bett-zu-Bett<\/h2>\t\t\t\t<\/div>\n\t\t\t\t<\/div>\n\t\t\t\t<div class=\"elementor-element elementor-element-bd11c11 elementor-widget elementor-widget-text-editor\" data-id=\"bd11c11\" data-element_type=\"widget\" data-widget_type=\"text-editor.default\">\n\t\t\t\t<div class=\"elementor-widget-container\">\n\t\t\t\t\t\t\t\t\t<p>Immer dann, wenn der Transport mit einem Krankenwagen nicht die sicherste Option ist, l\u00e4sst sich die Patientenverlegung von Bett-zu-Bett durch Ambulanzfl\u00fcge zeiteffizient sowie mit einer zuverl\u00e4ssigen Versorgung an Bord organisieren. Sollte es die Situation erlauben und ein stabiler Zustand vorliegen, haben wir die M\u00f6glichkeit auf einen Linienflug mit medizinischer Begleitung zur\u00fcckzugreifen. Notf\u00e4lle werden ausschlie\u00dflich durch Ambulanzfl\u00fcge realisiert. Das weitreichende Netzwerk von\u00a0<a href=\"https:\/\/pas.websitehelden.net\/\"><strong>PAS<\/strong>flights<\/a>\u00a0erlaubt es uns, ohne Vorlaufzeit die beste L\u00f6sung zu finden.<\/p>\t\t\t\t\t\t\t\t<\/div>\n\t\t\t\t<\/div>\n\t\t\t\t\t<\/div>\n\t\t<\/div>\n\t\t\t\t\t<\/div>\n\t\t<\/section>\n\t\t\t\t<\/div>\n\t\t","protected":false},"excerpt":{"rendered":"<p>Ambulanzfl\u00fcge \u2013 zuverl\u00e4ssiger medizinischer Transport PASflights organisiert innerhalb k\u00fcrzester Zeit umf\u00e4ngliche L\u00f6sungen f\u00fcr Ambulanzfl\u00fcge, R\u00fcckholungen und Notfallhilfe. Auf unsere langj\u00e4hrige Erfahrung und den Zugriff auf ein weltweites Netzwerk an akkreditierten Partnern, die auf Flugambulanz und medizinische R\u00fccktransporte spezialisiert sind, verlassen sich schon seit vielen Jahrzehnten medizinische Einrichtungen, Organisation, Beh\u00f6rden, NGOs und Privatpatienten. Unsere Experten finden [&hellip;]<\/p>\n","protected":false},"author":1,"featured_media":2718,"parent":0,"menu_order":0,"comment_status":"closed","ping_status":"closed","template":"","meta":{"_acf_changed":false,"footnotes":""},"categories":[],"tags":[30],"class_list":["post-2701","page","type-page","status-publish","has-post-thumbnail","hentry","tag-privatjet-mieten"],"acf":[],"yoast_head":"<!-- This site is optimized with the Yoast SEO plugin v27.4 - https:\/\/yoast.com\/product\/yoast-seo-wordpress\/ -->\n<title>Ambulanzfl\u00fcge - Zuverl\u00e4ssiger, medizinischer Transport<\/title>\n<meta name=\"description\" content=\"Unsere Experten finden die passenden Ambulanzfl\u00fcge f\u00fcr den zeitkritischen Bedarf! \u2708 Vertrauen Sie auf unsere langfristige Erfahrung! Auf | pasflights\" \/>\n<meta name=\"robots\" content=\"index, follow, max-snippet:-1, max-image-preview:large, max-video-preview:-1\" \/>\n<link rel=\"canonical\" href=\"https:\/\/pas.websitehelden.net\/de\/ambulanzfluege\/\" \/>\n<meta property=\"og:locale\" content=\"de_DE\" \/>\n<meta property=\"og:type\" content=\"article\" \/>\n<meta property=\"og:title\" content=\"Ambulanzfl\u00fcge - Zuverl\u00e4ssiger, medizinischer Transport\" \/>\n<meta property=\"og:description\" content=\"Unsere Experten finden die passenden Ambulanzfl\u00fcge f\u00fcr den zeitkritischen Bedarf! \u2708 Vertrauen Sie auf unsere langfristige Erfahrung! Auf | pasflights\" \/>\n<meta property=\"og:url\" content=\"https:\/\/pas.websitehelden.net\/de\/ambulanzfluege\/\" \/>\n<meta property=\"og:site_name\" content=\"Pasflights\" \/>\n<meta property=\"article:modified_time\" content=\"2023-08-16T12:56:38+00:00\" \/>\n<meta property=\"og:image\" content=\"https:\/\/er7k5njc6uc.exactdn.com\/wp-content\/uploads\/2022\/01\/ambulanzflu\u0308ge-banner-scaled.jpg?strip=all&lossy=1&ssl=1\" \/>\n\t<meta property=\"og:image:width\" content=\"2560\" \/>\n\t<meta property=\"og:image:height\" content=\"877\" \/>\n\t<meta property=\"og:image:type\" content=\"image\/jpeg\" \/>\n<meta name=\"twitter:card\" content=\"summary_large_image\" \/>\n<meta name=\"twitter:label1\" content=\"Gesch\u00e4tzte Lesezeit\" \/>\n\t<meta name=\"twitter:data1\" content=\"3\u00a0Minuten\" \/>\n<script type=\"application\/ld+json\" class=\"yoast-schema-graph\">{\"@context\":\"https:\\\/\\\/schema.org\",\"@graph\":[{\"@type\":\"WebPage\",\"@id\":\"https:\\\/\\\/pas.websitehelden.net\\\/de\\\/ambulanzfluege\\\/\",\"url\":\"https:\\\/\\\/pas.websitehelden.net\\\/de\\\/ambulanzfluege\\\/\",\"name\":\"Ambulanzfl\u00fcge - Zuverl\u00e4ssiger, medizinischer Transport\",\"isPartOf\":{\"@id\":\"https:\\\/\\\/pas.websitehelden.net\\\/de\\\/#website\"},\"primaryImageOfPage\":{\"@id\":\"https:\\\/\\\/pas.websitehelden.net\\\/de\\\/ambulanzfluege\\\/#primaryimage\"},\"image\":{\"@id\":\"https:\\\/\\\/pas.websitehelden.net\\\/de\\\/ambulanzfluege\\\/#primaryimage\"},\"thumbnailUrl\":\"https:\\\/\\\/er7k5njc6uc.exactdn.com\\\/wp-content\\\/uploads\\\/2022\\\/01\\\/ambulanzflu\u0308ge-banner-scaled.jpg?strip=all&lossy=1&ssl=1\",\"datePublished\":\"2022-01-06T12:58:06+00:00\",\"dateModified\":\"2023-08-16T12:56:38+00:00\",\"description\":\"Unsere Experten finden die passenden Ambulanzfl\u00fcge f\u00fcr den zeitkritischen Bedarf! \u2708 Vertrauen Sie auf unsere langfristige Erfahrung! Auf | pasflights\",\"breadcrumb\":{\"@id\":\"https:\\\/\\\/pas.websitehelden.net\\\/de\\\/ambulanzfluege\\\/#breadcrumb\"},\"inLanguage\":\"de\",\"potentialAction\":[{\"@type\":\"ReadAction\",\"target\":[\"https:\\\/\\\/pas.websitehelden.net\\\/de\\\/ambulanzfluege\\\/\"]}]},{\"@type\":\"ImageObject\",\"inLanguage\":\"de\",\"@id\":\"https:\\\/\\\/pas.websitehelden.net\\\/de\\\/ambulanzfluege\\\/#primaryimage\",\"url\":\"https:\\\/\\\/er7k5njc6uc.exactdn.com\\\/wp-content\\\/uploads\\\/2022\\\/01\\\/ambulanzflu\u0308ge-banner-scaled.jpg?strip=all&lossy=1&ssl=1\",\"contentUrl\":\"https:\\\/\\\/er7k5njc6uc.exactdn.com\\\/wp-content\\\/uploads\\\/2022\\\/01\\\/ambulanzflu\u0308ge-banner-scaled.jpg?strip=all&lossy=1&ssl=1\",\"width\":2560,\"height\":877},{\"@type\":\"BreadcrumbList\",\"@id\":\"https:\\\/\\\/pas.websitehelden.net\\\/de\\\/ambulanzfluege\\\/#breadcrumb\",\"itemListElement\":[{\"@type\":\"ListItem\",\"position\":1,\"name\":\"Startseite\",\"item\":\"https:\\\/\\\/pas.websitehelden.net\\\/de\\\/\"},{\"@type\":\"ListItem\",\"position\":2,\"name\":\"Ambulanzfl\u00fcge\"}]},{\"@type\":\"WebSite\",\"@id\":\"https:\\\/\\\/pas.websitehelden.net\\\/de\\\/#website\",\"url\":\"https:\\\/\\\/pas.websitehelden.net\\\/de\\\/\",\"name\":\"Pasflights\",\"description\":\"Eine weitere WordPress-Website\",\"potentialAction\":[{\"@type\":\"SearchAction\",\"target\":{\"@type\":\"EntryPoint\",\"urlTemplate\":\"https:\\\/\\\/pas.websitehelden.net\\\/de\\\/?s={search_term_string}\"},\"query-input\":{\"@type\":\"PropertyValueSpecification\",\"valueRequired\":true,\"valueName\":\"search_term_string\"}}],\"inLanguage\":\"de\"}]}<\/script>\n<!-- \/ Yoast SEO plugin. -->","yoast_head_json":{"title":"Ambulanzfl\u00fcge - Zuverl\u00e4ssiger, medizinischer Transport","description":"Unsere Experten finden die passenden Ambulanzfl\u00fcge f\u00fcr den zeitkritischen Bedarf! \u2708 Vertrauen Sie auf unsere langfristige Erfahrung! Auf | pasflights","robots":{"index":"index","follow":"follow","max-snippet":"max-snippet:-1","max-image-preview":"max-image-preview:large","max-video-preview":"max-video-preview:-1"},"canonical":"https:\/\/pas.websitehelden.net\/de\/ambulanzfluege\/","og_locale":"de_DE","og_type":"article","og_title":"Ambulanzfl\u00fcge - Zuverl\u00e4ssiger, medizinischer Transport","og_description":"Unsere Experten finden die passenden Ambulanzfl\u00fcge f\u00fcr den zeitkritischen Bedarf! \u2708 Vertrauen Sie auf unsere langfristige Erfahrung! Auf | pasflights","og_url":"https:\/\/pas.websitehelden.net\/de\/ambulanzfluege\/","og_site_name":"Pasflights","article_modified_time":"2023-08-16T12:56:38+00:00","og_image":[{"width":2560,"height":877,"url":"https:\/\/er7k5njc6uc.exactdn.com\/wp-content\/uploads\/2022\/01\/ambulanzflu\u0308ge-banner-scaled.jpg?strip=all&lossy=1&ssl=1","type":"image\/jpeg"}],"twitter_card":"summary_large_image","twitter_misc":{"Gesch\u00e4tzte Lesezeit":"3\u00a0Minuten"},"schema":{"@context":"https:\/\/schema.org","@graph":[{"@type":"WebPage","@id":"https:\/\/pas.websitehelden.net\/de\/ambulanzfluege\/","url":"https:\/\/pas.websitehelden.net\/de\/ambulanzfluege\/","name":"Ambulanzfl\u00fcge - Zuverl\u00e4ssiger, medizinischer Transport","isPartOf":{"@id":"https:\/\/pas.websitehelden.net\/de\/#website"},"primaryImageOfPage":{"@id":"https:\/\/pas.websitehelden.net\/de\/ambulanzfluege\/#primaryimage"},"image":{"@id":"https:\/\/pas.websitehelden.net\/de\/ambulanzfluege\/#primaryimage"},"thumbnailUrl":"https:\/\/er7k5njc6uc.exactdn.com\/wp-content\/uploads\/2022\/01\/ambulanzflu\u0308ge-banner-scaled.jpg?strip=all&lossy=1&ssl=1","datePublished":"2022-01-06T12:58:06+00:00","dateModified":"2023-08-16T12:56:38+00:00","description":"Unsere Experten finden die passenden Ambulanzfl\u00fcge f\u00fcr den zeitkritischen Bedarf! \u2708 Vertrauen Sie auf unsere langfristige Erfahrung! Auf | pasflights","breadcrumb":{"@id":"https:\/\/pas.websitehelden.net\/de\/ambulanzfluege\/#breadcrumb"},"inLanguage":"de","potentialAction":[{"@type":"ReadAction","target":["https:\/\/pas.websitehelden.net\/de\/ambulanzfluege\/"]}]},{"@type":"ImageObject","inLanguage":"de","@id":"https:\/\/pas.websitehelden.net\/de\/ambulanzfluege\/#primaryimage","url":"https:\/\/er7k5njc6uc.exactdn.com\/wp-content\/uploads\/2022\/01\/ambulanzflu\u0308ge-banner-scaled.jpg?strip=all&lossy=1&ssl=1","contentUrl":"https:\/\/er7k5njc6uc.exactdn.com\/wp-content\/uploads\/2022\/01\/ambulanzflu\u0308ge-banner-scaled.jpg?strip=all&lossy=1&ssl=1","width":2560,"height":877},{"@type":"BreadcrumbList","@id":"https:\/\/pas.websitehelden.net\/de\/ambulanzfluege\/#breadcrumb","itemListElement":[{"@type":"ListItem","position":1,"name":"Startseite","item":"https:\/\/pas.websitehelden.net\/de\/"},{"@type":"ListItem","position":2,"name":"Ambulanzfl\u00fcge"}]},{"@type":"WebSite","@id":"https:\/\/pas.websitehelden.net\/de\/#website","url":"https:\/\/pas.websitehelden.net\/de\/","name":"Pasflights","description":"Eine weitere WordPress-Website","potentialAction":[{"@type":"SearchAction","target":{"@type":"EntryPoint","urlTemplate":"https:\/\/pas.websitehelden.net\/de\/?s={search_term_string}"},"query-input":{"@type":"PropertyValueSpecification","valueRequired":true,"valueName":"search_term_string"}}],"inLanguage":"de"}]}},"_links":{"self":[{"href":"https:\/\/pas.websitehelden.net\/de\/wp-json\/wp\/v2\/pages\/2701","targetHints":{"allow":["GET"]}}],"collection":[{"href":"https:\/\/pas.websitehelden.net\/de\/wp-json\/wp\/v2\/pages"}],"about":[{"href":"https:\/\/pas.websitehelden.net\/de\/wp-json\/wp\/v2\/types\/page"}],"author":[{"embeddable":true,"href":"https:\/\/pas.websitehelden.net\/de\/wp-json\/wp\/v2\/users\/1"}],"replies":[{"embeddable":true,"href":"https:\/\/pas.websitehelden.net\/de\/wp-json\/wp\/v2\/comments?post=2701"}],"version-history":[{"count":0,"href":"https:\/\/pas.websitehelden.net\/de\/wp-json\/wp\/v2\/pages\/2701\/revisions"}],"wp:featuredmedia":[{"embeddable":true,"href":"https:\/\/pas.websitehelden.net\/de\/wp-json\/wp\/v2\/media\/2718"}],"wp:attachment":[{"href":"https:\/\/pas.websitehelden.net\/de\/wp-json\/wp\/v2\/media?parent=2701"}],"wp:term":[{"taxonomy":"category","embeddable":true,"href":"https:\/\/pas.websitehelden.net\/de\/wp-json\/wp\/v2\/categories?post=2701"},{"taxonomy":"post_tag","embeddable":true,"href":"https:\/\/pas.websitehelden.net\/de\/wp-json\/wp\/v2\/tags?post=2701"}],"curies":[{"name":"wp","href":"https:\/\/api.w.org\/{rel}","templated":true}]}}