{"id":21186,"date":"2025-07-09T16:01:07","date_gmt":"2025-07-09T14:01:07","guid":{"rendered":"https:\/\/www.pasflights.com\/?page_id=21186"},"modified":"2025-07-09T16:03:14","modified_gmt":"2025-07-09T14:03:14","slug":"barrierefreiheitserklaerung","status":"publish","type":"page","link":"https:\/\/pas.websitehelden.net\/de\/barrierefreiheitserklaerung\/","title":{"rendered":"Barrierefreiheitserkl\u00e4rung"},"content":{"rendered":"\t\t<div data-elementor-type=\"wp-page\" data-elementor-id=\"21186\" class=\"elementor elementor-21186\" data-elementor-post-type=\"page\">\n\t\t\t\t<div class=\"elementor-element elementor-element-3415dcc3 e-flex e-con-boxed e-con e-parent\" data-id=\"3415dcc3\" data-element_type=\"container\">\n\t\t\t\t\t<div class=\"e-con-inner\">\n\t\t\t\t<div class=\"elementor-element elementor-element-662f9e79 elementor-widget elementor-widget-text-editor\" data-id=\"662f9e79\" data-element_type=\"widget\" data-widget_type=\"text-editor.default\">\n\t\t\t\t<div class=\"elementor-widget-container\">\n\t\t\t\t\t\t\t\t\t<h1><strong>Barrierefreiheitserkl\u00e4rung<\/strong><\/h1><p>Mit dieser Barrierefreiheitserkl\u00e4rung informieren wir Sie dar\u00fcber, inwieweit die nachfolgend beschriebene Dienstleistung den gesetzlichen Anforderungen an die Barrierefreiheit \u2013 insbesondere gem\u00e4\u00df dem Barrierefreiheitsst\u00e4rkungsgesetz (BFSG) \u2013 entspricht.<\/p><h2>Angaben zum Unternehmen \/zur Organisation<\/h2><p><strong>Name:<\/strong> PAS Professional Aviation Solutions<\/p><p><strong>Adresse:<\/strong><br \/>Lustheide 85<br \/>51427 Bergisch Gladbach<\/p><h2>Beschreibung der Dienstleistung \/ des Webangebots<\/h2><p><strong>Kurzbeschreibung:<\/strong><br \/>\u00dcber unsere Website bietet PASflights ma\u00dfgeschneiderte Flugl\u00f6sungen f\u00fcr Gesch\u00e4fts- und Privatkunden an. Wir vermitteln und organisieren Charterfl\u00fcge weltweit \u2013 von privaten Businessjets \u00fcber Gruppenfl\u00fcge bis hin zu Fracht- und Spezialfl\u00fcgen. Unsere Website dient der Information \u00fcber unsere Dienstleistungen, der direkten Kontaktaufnahme sowie der Anforderung individueller Flugangebote.<\/p><p><strong>Erl\u00e4uterung:<\/strong><br \/>Nutzerinnen und Nutzer k\u00f6nnen sich auf unserer Website umfassend \u00fcber die verschiedenen Charterflugangebote informieren. \u00dcber Kontaktformulare, Angebotsanfragen und direkte Kommunikationskan\u00e4le (z.\u202fB. Telefon oder E-Mail) k\u00f6nnen sie mit unserem Team in Verbindung treten, um pers\u00f6nliche Beratung zu erhalten und individuelle Flugl\u00f6sungen anzufordern. Die Website ist so gestaltet, dass eine m\u00f6glichst einfache Navigation und barrierearme Nutzung erm\u00f6glicht wird.<\/p><h2>Informationen zur Barrierefreiheit<\/h2><h3>Stand der Vereinbarkeit mit den Anforderungen<\/h3><p>Die oben genannte Dienstleistung ist teilweise mit dem Barrierefreiheitsst\u00e4rkungsgesetz (BFSG) vereinbar.<\/p><p><strong>Nicht barrierefreie Inhalte:<\/strong><br \/>Im Rahmen einer aktuellen \u00dcberpr\u00fcfung wurden auf der Website von PASflights mehrere Barrieren identifiziert, die die Zug\u00e4nglichkeit f\u00fcr Nutzerinnen und Nutzer mit Einschr\u00e4nkungen beeintr\u00e4chtigen k\u00f6nnen.<\/p><p>VERST\u00d6\u00dfE<br \/>-Link in Textblock-<br \/>Links sind nur aufgrund der Farbe vom umgebenden Text unterscheidbar.<br \/>-Link-Name-<br \/>Links enthalten keinen wahrnehmbaren Text<br \/>-Color-Kontrast-<br \/>Elemente enthalten teilweise nicht den vorgeschriebenen Kontrast<br \/>ZU \u00dcBERPR\u00dcFEN<br \/>-Verbotene und ung\u00fcltige ARIA-Attribute-<br \/>Es werden nicht nur erlaubte und g\u00fcltige ARIA-Attribute verwendet.<br \/>-Color-Kontrast-<br \/>Kontrast zwischen Vorder- und Hintergrundfarbe entspricht nicht den Kontrastgrenzwerten.<br \/>-Duplicate-ID-ARIA-<br \/>IDs welche in ARIA und Lables genutzt werden sind nicht einzigartig.<\/p><h2>Barrierefreie Alternativen<\/h2><p>Zum Versto\u00df: -Color-Kontrast- Elemente enthalten teilweise nicht den vorgeschriebenen Kontrast. &#8211; Das ist nur ein Designelement und ist in lesbarer Schrift duplizert vorhanden.<br \/>F\u00fcr Nutzerinnen und Nutzer mit eingeschr\u00e4nktem Sehverm\u00f6gen steht eine telefonische Beratung zur Verf\u00fcgung. Dar\u00fcber hinaus ist eine Kontaktaufnahme \u00fcber E-Mail m\u00f6glich.<\/p><h2><strong>Nicht barrierefreie Inhalte \u2013 Umsetzungsfristen<\/strong><\/h2><p>Geplante Verbesserungen und Umsetzungsfristen bei nicht barrierefreien Inhalten<\/p><p>Wir nehmen die Hinweise ernst und planen entsprechende Korrekturen in einem mehrstufigen Verbesserungsprozess.<\/p><p>Geplante Ma\u00dfnahmen und Zeitplan:<\/p><p>-Anpassung der Farbkontraste und Verbesserung der visuellen Hervorhebung von Links: Umsetzung geplant bis Ende Q4\/2025<\/p><p>-\u00dcberarbeitung und Korrektur der Link-Auszeichnungen (sichtbarer Text, Fokusf\u00fchrung, Screenreader-Kompatibilit\u00e4t): Umsetzung geplant bis Q1\/2026<\/p><p>-Bereinigung ung\u00fcltiger und doppelter ARIA-Attribute sowie Pr\u00fcfung der ID-Nutzung: schrittweise Umsetzung ab Q3\/2025, abgeschlossen bis Q2\/2026<\/p><p>-Laufende manuelle Pr\u00fcfung und Erg\u00e4nzung fehlender semantischer Elemente (z.\u202fB. Label, Landmark-Rollen): fortlaufend, sp\u00e4testens bis Mitte 2026<\/p><p>Diese Ma\u00dfnahmen sind Teil einer Website-\u00dcberarbeitung mit Fokus auf Barrierefreiheit und Nutzerfreundlichkeit.<\/p><p>Wir streben an, unsere Webangebote k\u00fcnftig vollst\u00e4ndig konform mit der Barrierefreie-Informationstechnik-Verordnung (BITV 2.0) sowie den WCAG 2.1 umzusetzen.<\/p><h2>Erstellung der Barrierefreiheitserkl\u00e4rung<\/h2><p>Datum der letzten \u00dcberpr\u00fcfung der genannten Leistungen hinsichtlich der Anforderungen zur Barrierefreiheit: 09.07.2025<\/p><h2><strong>Einsch\u00e4tzung zum Stand der Barrierefreiheit<\/strong><\/h2><p>Die Einsch\u00e4tzung zum Stand der Barrierefreiheit beruht auf: Einsch\u00e4tzung durch einen externen Anbieter<\/p><h2>Angabe der zust\u00e4ndigen Markt\u00fcberwachungsbeh\u00f6rde<\/h2><p><strong>MLBF (in Errichtung)<\/strong><br \/>c\/o Ministerium f\u00fcr Arbeit, Soziales, Gesundheit und Gleichstellung Sachsen-Anhalt<br \/>Postfach 39 11 55<br \/>39135 Magdeburg<\/p><p><strong>Telefon:<\/strong> 0391 567 4530<br \/><strong>E-Mail:<\/strong> <a href=\"mailto:MLBF@ms.sachsen-anhalt.de\">MLBF@ms.sachsen-anhalt.de<\/a><\/p>\t\t\t\t\t\t\t\t<\/div>\n\t\t\t\t<\/div>\n\t\t\t\t\t<\/div>\n\t\t\t\t<\/div>\n\t\t\t\t<\/div>\n\t\t","protected":false},"excerpt":{"rendered":"<p>Barrierefreiheitserkl\u00e4rung Mit dieser Barrierefreiheitserkl\u00e4rung informieren wir Sie dar\u00fcber, inwieweit die nachfolgend beschriebene Dienstleistung den gesetzlichen Anforderungen an die Barrierefreiheit \u2013 insbesondere gem\u00e4\u00df dem Barrierefreiheitsst\u00e4rkungsgesetz (BFSG) \u2013 entspricht. Angaben zum Unternehmen \/zur Organisation Name: PAS Professional Aviation Solutions Adresse:Lustheide 8551427 Bergisch Gladbach Beschreibung der Dienstleistung \/ des Webangebots Kurzbeschreibung:\u00dcber unsere Website bietet PASflights ma\u00dfgeschneiderte Flugl\u00f6sungen f\u00fcr [&hellip;]<\/p>\n","protected":false},"author":5,"featured_media":0,"parent":0,"menu_order":0,"comment_status":"closed","ping_status":"closed","template":"","meta":{"_acf_changed":false,"footnotes":""},"categories":[],"tags":[],"class_list":["post-21186","page","type-page","status-publish","hentry"],"acf":[],"yoast_head":"<!-- This site is optimized with the Yoast SEO plugin v27.4 - https:\/\/yoast.com\/product\/yoast-seo-wordpress\/ -->\n<title>Barrierefreiheitserkl\u00e4rung - Pasflights<\/title>\n<meta name=\"robots\" content=\"index, follow, max-snippet:-1, max-image-preview:large, max-video-preview:-1\" \/>\n<link rel=\"canonical\" href=\"https:\/\/pas.websitehelden.net\/de\/barrierefreiheitserklaerung\/\" \/>\n<meta property=\"og:locale\" content=\"de_DE\" \/>\n<meta property=\"og:type\" content=\"article\" \/>\n<meta property=\"og:title\" content=\"Barrierefreiheitserkl\u00e4rung - Pasflights\" \/>\n<meta property=\"og:description\" content=\"Barrierefreiheitserkl\u00e4rung Mit dieser Barrierefreiheitserkl\u00e4rung informieren wir Sie dar\u00fcber, inwieweit die nachfolgend beschriebene Dienstleistung den gesetzlichen Anforderungen an die Barrierefreiheit \u2013 insbesondere gem\u00e4\u00df dem Barrierefreiheitsst\u00e4rkungsgesetz (BFSG) \u2013 entspricht. Angaben zum Unternehmen \/zur Organisation Name: PAS Professional Aviation Solutions Adresse:Lustheide 8551427 Bergisch Gladbach Beschreibung der Dienstleistung \/ des Webangebots Kurzbeschreibung:\u00dcber unsere Website bietet PASflights ma\u00dfgeschneiderte Flugl\u00f6sungen f\u00fcr [&hellip;]\" \/>\n<meta property=\"og:url\" content=\"https:\/\/pas.websitehelden.net\/de\/barrierefreiheitserklaerung\/\" \/>\n<meta property=\"og:site_name\" content=\"Pasflights\" \/>\n<meta property=\"article:modified_time\" content=\"2025-07-09T14:03:14+00:00\" \/>\n<meta name=\"twitter:card\" content=\"summary_large_image\" \/>\n<meta name=\"twitter:label1\" content=\"Gesch\u00e4tzte Lesezeit\" \/>\n\t<meta name=\"twitter:data1\" content=\"3\u00a0Minuten\" \/>\n<script type=\"application\/ld+json\" class=\"yoast-schema-graph\">{\"@context\":\"https:\\\/\\\/schema.org\",\"@graph\":[{\"@type\":\"WebPage\",\"@id\":\"https:\\\/\\\/pas.websitehelden.net\\\/de\\\/barrierefreiheitserklaerung\\\/\",\"url\":\"https:\\\/\\\/pas.websitehelden.net\\\/de\\\/barrierefreiheitserklaerung\\\/\",\"name\":\"Barrierefreiheitserkl\u00e4rung - Pasflights\",\"isPartOf\":{\"@id\":\"https:\\\/\\\/pas.websitehelden.net\\\/de\\\/#website\"},\"datePublished\":\"2025-07-09T14:01:07+00:00\",\"dateModified\":\"2025-07-09T14:03:14+00:00\",\"breadcrumb\":{\"@id\":\"https:\\\/\\\/pas.websitehelden.net\\\/de\\\/barrierefreiheitserklaerung\\\/#breadcrumb\"},\"inLanguage\":\"de\",\"potentialAction\":[{\"@type\":\"ReadAction\",\"target\":[\"https:\\\/\\\/pas.websitehelden.net\\\/de\\\/barrierefreiheitserklaerung\\\/\"]}]},{\"@type\":\"BreadcrumbList\",\"@id\":\"https:\\\/\\\/pas.websitehelden.net\\\/de\\\/barrierefreiheitserklaerung\\\/#breadcrumb\",\"itemListElement\":[{\"@type\":\"ListItem\",\"position\":1,\"name\":\"Startseite\",\"item\":\"https:\\\/\\\/pas.websitehelden.net\\\/de\\\/\"},{\"@type\":\"ListItem\",\"position\":2,\"name\":\"Barrierefreiheitserkl\u00e4rung\"}]},{\"@type\":\"WebSite\",\"@id\":\"https:\\\/\\\/pas.websitehelden.net\\\/de\\\/#website\",\"url\":\"https:\\\/\\\/pas.websitehelden.net\\\/de\\\/\",\"name\":\"Pasflights\",\"description\":\"Eine weitere WordPress-Website\",\"potentialAction\":[{\"@type\":\"SearchAction\",\"target\":{\"@type\":\"EntryPoint\",\"urlTemplate\":\"https:\\\/\\\/pas.websitehelden.net\\\/de\\\/?s={search_term_string}\"},\"query-input\":{\"@type\":\"PropertyValueSpecification\",\"valueRequired\":true,\"valueName\":\"search_term_string\"}}],\"inLanguage\":\"de\"}]}<\/script>\n<!-- \/ Yoast SEO plugin. -->","yoast_head_json":{"title":"Barrierefreiheitserkl\u00e4rung - Pasflights","robots":{"index":"index","follow":"follow","max-snippet":"max-snippet:-1","max-image-preview":"max-image-preview:large","max-video-preview":"max-video-preview:-1"},"canonical":"https:\/\/pas.websitehelden.net\/de\/barrierefreiheitserklaerung\/","og_locale":"de_DE","og_type":"article","og_title":"Barrierefreiheitserkl\u00e4rung - Pasflights","og_description":"Barrierefreiheitserkl\u00e4rung Mit dieser Barrierefreiheitserkl\u00e4rung informieren wir Sie dar\u00fcber, inwieweit die nachfolgend beschriebene Dienstleistung den gesetzlichen Anforderungen an die Barrierefreiheit \u2013 insbesondere gem\u00e4\u00df dem Barrierefreiheitsst\u00e4rkungsgesetz (BFSG) \u2013 entspricht. Angaben zum Unternehmen \/zur Organisation Name: PAS Professional Aviation Solutions Adresse:Lustheide 8551427 Bergisch Gladbach Beschreibung der Dienstleistung \/ des Webangebots Kurzbeschreibung:\u00dcber unsere Website bietet PASflights ma\u00dfgeschneiderte Flugl\u00f6sungen f\u00fcr [&hellip;]","og_url":"https:\/\/pas.websitehelden.net\/de\/barrierefreiheitserklaerung\/","og_site_name":"Pasflights","article_modified_time":"2025-07-09T14:03:14+00:00","twitter_card":"summary_large_image","twitter_misc":{"Gesch\u00e4tzte Lesezeit":"3\u00a0Minuten"},"schema":{"@context":"https:\/\/schema.org","@graph":[{"@type":"WebPage","@id":"https:\/\/pas.websitehelden.net\/de\/barrierefreiheitserklaerung\/","url":"https:\/\/pas.websitehelden.net\/de\/barrierefreiheitserklaerung\/","name":"Barrierefreiheitserkl\u00e4rung - Pasflights","isPartOf":{"@id":"https:\/\/pas.websitehelden.net\/de\/#website"},"datePublished":"2025-07-09T14:01:07+00:00","dateModified":"2025-07-09T14:03:14+00:00","breadcrumb":{"@id":"https:\/\/pas.websitehelden.net\/de\/barrierefreiheitserklaerung\/#breadcrumb"},"inLanguage":"de","potentialAction":[{"@type":"ReadAction","target":["https:\/\/pas.websitehelden.net\/de\/barrierefreiheitserklaerung\/"]}]},{"@type":"BreadcrumbList","@id":"https:\/\/pas.websitehelden.net\/de\/barrierefreiheitserklaerung\/#breadcrumb","itemListElement":[{"@type":"ListItem","position":1,"name":"Startseite","item":"https:\/\/pas.websitehelden.net\/de\/"},{"@type":"ListItem","position":2,"name":"Barrierefreiheitserkl\u00e4rung"}]},{"@type":"WebSite","@id":"https:\/\/pas.websitehelden.net\/de\/#website","url":"https:\/\/pas.websitehelden.net\/de\/","name":"Pasflights","description":"Eine weitere WordPress-Website","potentialAction":[{"@type":"SearchAction","target":{"@type":"EntryPoint","urlTemplate":"https:\/\/pas.websitehelden.net\/de\/?s={search_term_string}"},"query-input":{"@type":"PropertyValueSpecification","valueRequired":true,"valueName":"search_term_string"}}],"inLanguage":"de"}]}},"_links":{"self":[{"href":"https:\/\/pas.websitehelden.net\/de\/wp-json\/wp\/v2\/pages\/21186","targetHints":{"allow":["GET"]}}],"collection":[{"href":"https:\/\/pas.websitehelden.net\/de\/wp-json\/wp\/v2\/pages"}],"about":[{"href":"https:\/\/pas.websitehelden.net\/de\/wp-json\/wp\/v2\/types\/page"}],"author":[{"embeddable":true,"href":"https:\/\/pas.websitehelden.net\/de\/wp-json\/wp\/v2\/users\/5"}],"replies":[{"embeddable":true,"href":"https:\/\/pas.websitehelden.net\/de\/wp-json\/wp\/v2\/comments?post=21186"}],"version-history":[{"count":10,"href":"https:\/\/pas.websitehelden.net\/de\/wp-json\/wp\/v2\/pages\/21186\/revisions"}],"predecessor-version":[{"id":21196,"href":"https:\/\/pas.websitehelden.net\/de\/wp-json\/wp\/v2\/pages\/21186\/revisions\/21196"}],"wp:attachment":[{"href":"https:\/\/pas.websitehelden.net\/de\/wp-json\/wp\/v2\/media?parent=21186"}],"wp:term":[{"taxonomy":"category","embeddable":true,"href":"https:\/\/pas.websitehelden.net\/de\/wp-json\/wp\/v2\/categories?post=21186"},{"taxonomy":"post_tag","embeddable":true,"href":"https:\/\/pas.websitehelden.net\/de\/wp-json\/wp\/v2\/tags?post=21186"}],"curies":[{"name":"wp","href":"https:\/\/api.w.org\/{rel}","templated":true}]}}