{"id":1667,"date":"2021-12-20T14:22:18","date_gmt":"2021-12-20T13:22:18","guid":{"rendered":"https:\/\/www.pasflights.com\/?page_id=1667"},"modified":"2025-04-07T10:23:48","modified_gmt":"2025-04-07T08:23:48","slug":"sicher-reisen","status":"publish","type":"page","link":"https:\/\/pas.websitehelden.net\/de\/service\/sicher-reisen\/","title":{"rendered":"Sicher Reisen"},"content":{"rendered":"\t\t<div data-elementor-type=\"wp-page\" data-elementor-id=\"1667\" class=\"elementor elementor-1667\" data-elementor-post-type=\"page\">\n\t\t\t\t\t\t<section class=\"elementor-section elementor-top-section elementor-element elementor-element-6edfb36 elementor-section-boxed elementor-section-height-default elementor-section-height-default\" data-id=\"6edfb36\" data-element_type=\"section\">\n\t\t\t\t\t\t<div class=\"elementor-container elementor-column-gap-default\">\n\t\t\t\t\t<div class=\"elementor-column elementor-col-100 elementor-top-column elementor-element elementor-element-7a4740d0\" data-id=\"7a4740d0\" data-element_type=\"column\">\n\t\t\t<div class=\"elementor-widget-wrap elementor-element-populated\">\n\t\t\t\t\t\t<div class=\"elementor-element elementor-element-1a385c47 elementor-widget elementor-widget-heading\" data-id=\"1a385c47\" data-element_type=\"widget\" data-widget_type=\"heading.default\">\n\t\t\t\t<div class=\"elementor-widget-container\">\n\t\t\t\t\t<h1 class=\"elementor-heading-title elementor-size-default\">Sicher Reisen<\/h1>\t\t\t\t<\/div>\n\t\t\t\t<\/div>\n\t\t\t\t<div class=\"elementor-element elementor-element-29746cd1 elementor-widget elementor-widget-text-editor\" data-id=\"29746cd1\" data-element_type=\"widget\" data-widget_type=\"text-editor.default\">\n\t\t\t\t<div class=\"elementor-widget-container\">\n\t\t\t\t\t\t\t\t\t<p>Die Entscheidung f\u00fcr einen Privatjet-Charter anstelle eines kommerziellen Fluges bietet zahlreiche Vorteile:<\/p><ul><li>Nutzung eines Privatjet-Terminals mit exklusiver Sicherheitsschleuse \u2013 Die Kontakte zu anderen Flugreisenden reduzieren sich gravierend<\/li><li>Abfertigung kleiner Gruppen am VIP Terminal<\/li><li>Die Flugzeugkabinen werden zwischen den Fl\u00fcgen gem\u00e4\u00df den Richtlinien der FAA und EASA vollst\u00e4ndig desinfiziert<\/li><li>Sie teilen die Kabine nicht mit anderen und fremden Passagieren.<\/li><li>Eigens geschulte Covid19 Beauftragte von <strong>PAS<\/strong>flights<\/li><li>Eigenes PAS-Airline Audit<\/li><\/ul><p><br \/>Haben Sie noch Fragen oder w\u00fcnschen Sie eine ausf\u00fchrliche Beratung?<\/p><p>Die Service-Experten von <strong>PAS<\/strong>flights warten bereits auf Sie und stehen Ihnen f\u00fcr jede Frage gerne zur Verf\u00fcgung. Nehmen Sie unverbindlich <a href=\"\/de\/kontakt\">Kontakt<\/a> zu uns auf und nehmen Sie uns mit auf Ihre individuelle Reise.<\/p>\t\t\t\t\t\t\t\t<\/div>\n\t\t\t\t<\/div>\n\t\t\t\t\t<\/div>\n\t\t<\/div>\n\t\t\t\t\t<\/div>\n\t\t<\/section>\n\t\t\t\t<section class=\"elementor-section elementor-top-section elementor-element elementor-element-21977fa8 elementor-section-boxed elementor-section-height-default elementor-section-height-default\" data-id=\"21977fa8\" data-element_type=\"section\">\n\t\t\t\t\t\t<div class=\"elementor-container elementor-column-gap-default\">\n\t\t\t\t\t<div class=\"elementor-column elementor-col-100 elementor-top-column elementor-element elementor-element-3f670528\" data-id=\"3f670528\" data-element_type=\"column\">\n\t\t\t<div class=\"elementor-widget-wrap elementor-element-populated\">\n\t\t\t\t\t\t<div class=\"elementor-element elementor-element-5e66972 elementor-widget elementor-widget-heading\" data-id=\"5e66972\" data-element_type=\"widget\" data-widget_type=\"heading.default\">\n\t\t\t\t<div class=\"elementor-widget-container\">\n\t\t\t\t\t<span class=\"elementor-heading-title elementor-size-default\">Kontakt<\/span>\t\t\t\t<\/div>\n\t\t\t\t<\/div>\n\t\t\t\t<div class=\"elementor-element elementor-element-3b3bd5a5 elementor-widget elementor-widget-heading\" data-id=\"3b3bd5a5\" data-element_type=\"widget\" data-widget_type=\"heading.default\">\n\t\t\t\t<div class=\"elementor-widget-container\">\n\t\t\t\t\t<h2 class=\"elementor-heading-title elementor-size-default\">Kontakt<\/h2>\t\t\t\t<\/div>\n\t\t\t\t<\/div>\n\t\t\t\t<section class=\"elementor-section elementor-inner-section elementor-element elementor-element-5e65c932 elementor-section-boxed elementor-section-height-default elementor-section-height-default\" data-id=\"5e65c932\" data-element_type=\"section\" data-settings=\"{&quot;background_background&quot;:&quot;classic&quot;}\">\n\t\t\t\t\t\t<div class=\"elementor-container elementor-column-gap-default\">\n\t\t\t\t\t<div class=\"elementor-column elementor-col-50 elementor-inner-column elementor-element elementor-element-99eb83e\" data-id=\"99eb83e\" data-element_type=\"column\">\n\t\t\t<div class=\"elementor-widget-wrap\">\n\t\t\t\t\t\t\t<\/div>\n\t\t<\/div>\n\t\t\t\t<div class=\"elementor-column elementor-col-50 elementor-inner-column elementor-element elementor-element-345ecac\" data-id=\"345ecac\" data-element_type=\"column\" data-settings=\"{&quot;background_background&quot;:&quot;classic&quot;}\">\n\t\t\t<div class=\"elementor-widget-wrap elementor-element-populated\">\n\t\t\t\t\t\t<div class=\"elementor-element elementor-element-401368e5 elementor-widget elementor-widget-heading\" data-id=\"401368e5\" data-element_type=\"widget\" data-widget_type=\"heading.default\">\n\t\t\t\t<div class=\"elementor-widget-container\">\n\t\t\t\t\t<h2 class=\"elementor-heading-title elementor-size-default\">SIE HABEN FRAGEN? WIR SIND F\u00dcR SIE DA \u2013 PER MAIL,<br \/> KONTAKTFORMULAR ODER PER TELEFON!<\/h2>\t\t\t\t<\/div>\n\t\t\t\t<\/div>\n\t\t\t\t<div class=\"elementor-element elementor-element-7b003da9 elementor-widget elementor-widget-heading\" data-id=\"7b003da9\" data-element_type=\"widget\" data-widget_type=\"heading.default\">\n\t\t\t\t<div class=\"elementor-widget-container\">\n\t\t\t\t\t<span class=\"elementor-heading-title elementor-size-default\">24\/7 ist Ihr pers\u00f6nlicher Ansprechpartner f\u00fcr Sie da<\/span>\t\t\t\t<\/div>\n\t\t\t\t<\/div>\n\t\t\t\t<div class=\"elementor-element elementor-element-4c521c87 elementor-align-start elementor-widget__width-auto elementor-icon-list--layout-traditional elementor-list-item-link-full_width elementor-widget elementor-widget-icon-list\" data-id=\"4c521c87\" data-element_type=\"widget\" data-widget_type=\"icon-list.default\">\n\t\t\t\t<div class=\"elementor-widget-container\">\n\t\t\t\t\t\t\t<ul class=\"elementor-icon-list-items\">\n\t\t\t\t\t\t\t<li class=\"elementor-icon-list-item\">\n\t\t\t\t\t\t\t\t\t\t\t<a href=\"https:\/\/pas.websitehelden.net\/kontakt\/\">\n\n\t\t\t\t\t\t\t\t\t\t\t\t<span class=\"elementor-icon-list-icon\">\n\t\t\t\t\t\t\t<i aria-hidden=\"true\" class=\"fas fa-envelope\"><\/i>\t\t\t\t\t\t<\/span>\n\t\t\t\t\t\t\t\t\t\t<span class=\"elementor-icon-list-text\">info@pasflights.com<\/span>\n\t\t\t\t\t\t\t\t\t\t\t<\/a>\n\t\t\t\t\t\t\t\t\t<\/li>\n\t\t\t\t\t\t\t\t<li class=\"elementor-icon-list-item\">\n\t\t\t\t\t\t\t\t\t\t\t<a href=\"tel:+49%202204%2070606-0\">\n\n\t\t\t\t\t\t\t\t\t\t\t\t<span class=\"elementor-icon-list-icon\">\n\t\t\t\t\t\t\t<i aria-hidden=\"true\" class=\"fas fa-phone-alt\"><\/i>\t\t\t\t\t\t<\/span>\n\t\t\t\t\t\t\t\t\t\t<span class=\"elementor-icon-list-text\">+ 49 2204 70606-0<\/span>\n\t\t\t\t\t\t\t\t\t\t\t<\/a>\n\t\t\t\t\t\t\t\t\t<\/li>\n\t\t\t\t\t\t<\/ul>\n\t\t\t\t\t\t<\/div>\n\t\t\t\t<\/div>\n\t\t\t\t<div class=\"elementor-element elementor-element-18406f95 elementor-align-right pinkbuttonfull elementor-tablet-align-left elementor-mobile-align-justify elementor-widget elementor-widget-button\" data-id=\"18406f95\" data-element_type=\"widget\" data-widget_type=\"button.default\">\n\t\t\t\t<div class=\"elementor-widget-container\">\n\t\t\t\t\t\t\t\t\t<div class=\"elementor-button-wrapper\">\n\t\t\t\t\t<a class=\"elementor-button elementor-button-link elementor-size-sm\" href=\"\/de\/kontakt\/\">\n\t\t\t\t\t\t<span class=\"elementor-button-content-wrapper\">\n\t\t\t\t\t\t\t\t\t<span class=\"elementor-button-text\">Jetzt Kontakt aufnehmen<\/span>\n\t\t\t\t\t<\/span>\n\t\t\t\t\t<\/a>\n\t\t\t\t<\/div>\n\t\t\t\t\t\t\t\t<\/div>\n\t\t\t\t<\/div>\n\t\t\t\t\t<\/div>\n\t\t<\/div>\n\t\t\t\t\t<\/div>\n\t\t<\/section>\n\t\t\t\t<div class=\"elementor-element elementor-element-527110d5 elementor-widget elementor-widget-image\" data-id=\"527110d5\" data-element_type=\"widget\" data-widget_type=\"image.default\">\n\t\t\t\t<div class=\"elementor-widget-container\">\n\t\t\t\t\t\t\t\t\t\t\t\t\t\t\t<img decoding=\"async\" src=\"https:\/\/er7k5njc6uc.exactdn.com\/wp-content\/uploads\/elementor\/thumbs\/privatjet-buchen_kontakt-rawwxlf5e5ptspptkdb8apcdi94cfpobtspz7qq45k.jpg?strip=all&lossy=1&w=800&ssl=1\" title=\"privatjet-buchen_kontakt\" alt=\"Contact\" loading=\"lazy\" \/>\t\t\t\t\t\t\t\t\t\t\t\t\t\t\t<\/div>\n\t\t\t\t<\/div>\n\t\t\t\t\t<\/div>\n\t\t<\/div>\n\t\t\t\t\t<\/div>\n\t\t<\/section>\n\t\t\t\t<\/div>\n\t\t","protected":false},"excerpt":{"rendered":"<p>Sicher Reisen Die Entscheidung f\u00fcr einen Privatjet-Charter anstelle eines kommerziellen Fluges bietet zahlreiche Vorteile: Nutzung eines Privatjet-Terminals mit exklusiver Sicherheitsschleuse \u2013 Die Kontakte zu anderen Flugreisenden reduzieren sich gravierend Abfertigung kleiner Gruppen am VIP Terminal Die Flugzeugkabinen werden zwischen den Fl\u00fcgen gem\u00e4\u00df den Richtlinien der FAA und EASA vollst\u00e4ndig desinfiziert Sie teilen die Kabine nicht [&hellip;]<\/p>\n","protected":false},"author":2,"featured_media":1668,"parent":1487,"menu_order":80,"comment_status":"closed","ping_status":"closed","template":"","meta":{"_acf_changed":false,"footnotes":""},"categories":[],"tags":[20],"class_list":["post-1667","page","type-page","status-publish","has-post-thumbnail","hentry","tag-service"],"acf":[],"yoast_head":"<!-- This site is optimized with the Yoast SEO plugin v27.4 - https:\/\/yoast.com\/product\/yoast-seo-wordpress\/ -->\n<title>Sicher reisen - Jetzt auf unserer Webseite informieren!<\/title>\n<meta name=\"description\" content=\"Ihnen ist sicheres Reisen wichtig? Mit uns haben Sie Ihren perfekten Partner gefunden. \u2714 Informieren Sie sich jetzt \u00fcber unser Angebot auf | pasflights\" \/>\n<meta name=\"robots\" content=\"index, follow, max-snippet:-1, max-image-preview:large, max-video-preview:-1\" \/>\n<link rel=\"canonical\" href=\"https:\/\/pas.websitehelden.net\/de\/service\/sicher-reisen\/\" \/>\n<meta property=\"og:locale\" content=\"de_DE\" \/>\n<meta property=\"og:type\" content=\"article\" \/>\n<meta property=\"og:title\" content=\"Sicher reisen - Jetzt auf unserer Webseite informieren!\" \/>\n<meta property=\"og:description\" content=\"Ihnen ist sicheres Reisen wichtig? Mit uns haben Sie Ihren perfekten Partner gefunden. \u2714 Informieren Sie sich jetzt \u00fcber unser Angebot auf | pasflights\" \/>\n<meta property=\"og:url\" content=\"https:\/\/pas.websitehelden.net\/de\/service\/sicher-reisen\/\" \/>\n<meta property=\"og:site_name\" content=\"Pasflights\" \/>\n<meta property=\"article:modified_time\" content=\"2025-04-07T08:23:48+00:00\" \/>\n<meta property=\"og:image\" content=\"https:\/\/er7k5njc6uc.exactdn.com\/wp-content\/uploads\/2021\/12\/sicher-reisen-banner-scaled.jpg?strip=all&lossy=1&ssl=1\" \/>\n\t<meta property=\"og:image:width\" content=\"2560\" \/>\n\t<meta property=\"og:image:height\" content=\"877\" \/>\n\t<meta property=\"og:image:type\" content=\"image\/jpeg\" \/>\n<meta name=\"twitter:card\" content=\"summary_large_image\" \/>\n<meta name=\"twitter:label1\" content=\"Gesch\u00e4tzte Lesezeit\" \/>\n\t<meta name=\"twitter:data1\" content=\"2\u00a0Minuten\" \/>\n<script type=\"application\/ld+json\" class=\"yoast-schema-graph\">{\"@context\":\"https:\\\/\\\/schema.org\",\"@graph\":[{\"@type\":\"WebPage\",\"@id\":\"https:\\\/\\\/pas.websitehelden.net\\\/de\\\/service\\\/sicher-reisen\\\/\",\"url\":\"https:\\\/\\\/pas.websitehelden.net\\\/de\\\/service\\\/sicher-reisen\\\/\",\"name\":\"Sicher reisen - Jetzt auf unserer Webseite informieren!\",\"isPartOf\":{\"@id\":\"https:\\\/\\\/pas.websitehelden.net\\\/de\\\/#website\"},\"primaryImageOfPage\":{\"@id\":\"https:\\\/\\\/pas.websitehelden.net\\\/de\\\/service\\\/sicher-reisen\\\/#primaryimage\"},\"image\":{\"@id\":\"https:\\\/\\\/pas.websitehelden.net\\\/de\\\/service\\\/sicher-reisen\\\/#primaryimage\"},\"thumbnailUrl\":\"https:\\\/\\\/er7k5njc6uc.exactdn.com\\\/wp-content\\\/uploads\\\/2021\\\/12\\\/sicher-reisen-banner-scaled.jpg?strip=all&lossy=1&ssl=1\",\"datePublished\":\"2021-12-20T13:22:18+00:00\",\"dateModified\":\"2025-04-07T08:23:48+00:00\",\"description\":\"Ihnen ist sicheres Reisen wichtig? Mit uns haben Sie Ihren perfekten Partner gefunden. \u2714 Informieren Sie sich jetzt \u00fcber unser Angebot auf | pasflights\",\"breadcrumb\":{\"@id\":\"https:\\\/\\\/pas.websitehelden.net\\\/de\\\/service\\\/sicher-reisen\\\/#breadcrumb\"},\"inLanguage\":\"de\",\"potentialAction\":[{\"@type\":\"ReadAction\",\"target\":[\"https:\\\/\\\/pas.websitehelden.net\\\/de\\\/service\\\/sicher-reisen\\\/\"]}]},{\"@type\":\"ImageObject\",\"inLanguage\":\"de\",\"@id\":\"https:\\\/\\\/pas.websitehelden.net\\\/de\\\/service\\\/sicher-reisen\\\/#primaryimage\",\"url\":\"https:\\\/\\\/er7k5njc6uc.exactdn.com\\\/wp-content\\\/uploads\\\/2021\\\/12\\\/sicher-reisen-banner-scaled.jpg?strip=all&lossy=1&ssl=1\",\"contentUrl\":\"https:\\\/\\\/er7k5njc6uc.exactdn.com\\\/wp-content\\\/uploads\\\/2021\\\/12\\\/sicher-reisen-banner-scaled.jpg?strip=all&lossy=1&ssl=1\",\"width\":2560,\"height\":877},{\"@type\":\"BreadcrumbList\",\"@id\":\"https:\\\/\\\/pas.websitehelden.net\\\/de\\\/service\\\/sicher-reisen\\\/#breadcrumb\",\"itemListElement\":[{\"@type\":\"ListItem\",\"position\":1,\"name\":\"Startseite\",\"item\":\"https:\\\/\\\/pas.websitehelden.net\\\/de\\\/\"},{\"@type\":\"ListItem\",\"position\":2,\"name\":\"Service\",\"item\":\"https:\\\/\\\/pas.websitehelden.net\\\/de\\\/service\\\/\"},{\"@type\":\"ListItem\",\"position\":3,\"name\":\"Sicher Reisen\"}]},{\"@type\":\"WebSite\",\"@id\":\"https:\\\/\\\/pas.websitehelden.net\\\/de\\\/#website\",\"url\":\"https:\\\/\\\/pas.websitehelden.net\\\/de\\\/\",\"name\":\"Pasflights\",\"description\":\"Eine weitere WordPress-Website\",\"potentialAction\":[{\"@type\":\"SearchAction\",\"target\":{\"@type\":\"EntryPoint\",\"urlTemplate\":\"https:\\\/\\\/pas.websitehelden.net\\\/de\\\/?s={search_term_string}\"},\"query-input\":{\"@type\":\"PropertyValueSpecification\",\"valueRequired\":true,\"valueName\":\"search_term_string\"}}],\"inLanguage\":\"de\"}]}<\/script>\n<!-- \/ Yoast SEO plugin. -->","yoast_head_json":{"title":"Sicher reisen - Jetzt auf unserer Webseite informieren!","description":"Ihnen ist sicheres Reisen wichtig? Mit uns haben Sie Ihren perfekten Partner gefunden. \u2714 Informieren Sie sich jetzt \u00fcber unser Angebot auf | pasflights","robots":{"index":"index","follow":"follow","max-snippet":"max-snippet:-1","max-image-preview":"max-image-preview:large","max-video-preview":"max-video-preview:-1"},"canonical":"https:\/\/pas.websitehelden.net\/de\/service\/sicher-reisen\/","og_locale":"de_DE","og_type":"article","og_title":"Sicher reisen - Jetzt auf unserer Webseite informieren!","og_description":"Ihnen ist sicheres Reisen wichtig? Mit uns haben Sie Ihren perfekten Partner gefunden. \u2714 Informieren Sie sich jetzt \u00fcber unser Angebot auf | pasflights","og_url":"https:\/\/pas.websitehelden.net\/de\/service\/sicher-reisen\/","og_site_name":"Pasflights","article_modified_time":"2025-04-07T08:23:48+00:00","og_image":[{"width":2560,"height":877,"url":"https:\/\/er7k5njc6uc.exactdn.com\/wp-content\/uploads\/2021\/12\/sicher-reisen-banner-scaled.jpg?strip=all&lossy=1&ssl=1","type":"image\/jpeg"}],"twitter_card":"summary_large_image","twitter_misc":{"Gesch\u00e4tzte Lesezeit":"2\u00a0Minuten"},"schema":{"@context":"https:\/\/schema.org","@graph":[{"@type":"WebPage","@id":"https:\/\/pas.websitehelden.net\/de\/service\/sicher-reisen\/","url":"https:\/\/pas.websitehelden.net\/de\/service\/sicher-reisen\/","name":"Sicher reisen - Jetzt auf unserer Webseite informieren!","isPartOf":{"@id":"https:\/\/pas.websitehelden.net\/de\/#website"},"primaryImageOfPage":{"@id":"https:\/\/pas.websitehelden.net\/de\/service\/sicher-reisen\/#primaryimage"},"image":{"@id":"https:\/\/pas.websitehelden.net\/de\/service\/sicher-reisen\/#primaryimage"},"thumbnailUrl":"https:\/\/er7k5njc6uc.exactdn.com\/wp-content\/uploads\/2021\/12\/sicher-reisen-banner-scaled.jpg?strip=all&lossy=1&ssl=1","datePublished":"2021-12-20T13:22:18+00:00","dateModified":"2025-04-07T08:23:48+00:00","description":"Ihnen ist sicheres Reisen wichtig? Mit uns haben Sie Ihren perfekten Partner gefunden. \u2714 Informieren Sie sich jetzt \u00fcber unser Angebot auf | pasflights","breadcrumb":{"@id":"https:\/\/pas.websitehelden.net\/de\/service\/sicher-reisen\/#breadcrumb"},"inLanguage":"de","potentialAction":[{"@type":"ReadAction","target":["https:\/\/pas.websitehelden.net\/de\/service\/sicher-reisen\/"]}]},{"@type":"ImageObject","inLanguage":"de","@id":"https:\/\/pas.websitehelden.net\/de\/service\/sicher-reisen\/#primaryimage","url":"https:\/\/er7k5njc6uc.exactdn.com\/wp-content\/uploads\/2021\/12\/sicher-reisen-banner-scaled.jpg?strip=all&lossy=1&ssl=1","contentUrl":"https:\/\/er7k5njc6uc.exactdn.com\/wp-content\/uploads\/2021\/12\/sicher-reisen-banner-scaled.jpg?strip=all&lossy=1&ssl=1","width":2560,"height":877},{"@type":"BreadcrumbList","@id":"https:\/\/pas.websitehelden.net\/de\/service\/sicher-reisen\/#breadcrumb","itemListElement":[{"@type":"ListItem","position":1,"name":"Startseite","item":"https:\/\/pas.websitehelden.net\/de\/"},{"@type":"ListItem","position":2,"name":"Service","item":"https:\/\/pas.websitehelden.net\/de\/service\/"},{"@type":"ListItem","position":3,"name":"Sicher Reisen"}]},{"@type":"WebSite","@id":"https:\/\/pas.websitehelden.net\/de\/#website","url":"https:\/\/pas.websitehelden.net\/de\/","name":"Pasflights","description":"Eine weitere WordPress-Website","potentialAction":[{"@type":"SearchAction","target":{"@type":"EntryPoint","urlTemplate":"https:\/\/pas.websitehelden.net\/de\/?s={search_term_string}"},"query-input":{"@type":"PropertyValueSpecification","valueRequired":true,"valueName":"search_term_string"}}],"inLanguage":"de"}]}},"_links":{"self":[{"href":"https:\/\/pas.websitehelden.net\/de\/wp-json\/wp\/v2\/pages\/1667","targetHints":{"allow":["GET"]}}],"collection":[{"href":"https:\/\/pas.websitehelden.net\/de\/wp-json\/wp\/v2\/pages"}],"about":[{"href":"https:\/\/pas.websitehelden.net\/de\/wp-json\/wp\/v2\/types\/page"}],"author":[{"embeddable":true,"href":"https:\/\/pas.websitehelden.net\/de\/wp-json\/wp\/v2\/users\/2"}],"replies":[{"embeddable":true,"href":"https:\/\/pas.websitehelden.net\/de\/wp-json\/wp\/v2\/comments?post=1667"}],"version-history":[{"count":0,"href":"https:\/\/pas.websitehelden.net\/de\/wp-json\/wp\/v2\/pages\/1667\/revisions"}],"up":[{"embeddable":true,"href":"https:\/\/pas.websitehelden.net\/de\/wp-json\/wp\/v2\/pages\/1487"}],"wp:featuredmedia":[{"embeddable":true,"href":"https:\/\/pas.websitehelden.net\/de\/wp-json\/wp\/v2\/media\/1668"}],"wp:attachment":[{"href":"https:\/\/pas.websitehelden.net\/de\/wp-json\/wp\/v2\/media?parent=1667"}],"wp:term":[{"taxonomy":"category","embeddable":true,"href":"https:\/\/pas.websitehelden.net\/de\/wp-json\/wp\/v2\/categories?post=1667"},{"taxonomy":"post_tag","embeddable":true,"href":"https:\/\/pas.websitehelden.net\/de\/wp-json\/wp\/v2\/tags?post=1667"}],"curies":[{"name":"wp","href":"https:\/\/api.w.org\/{rel}","templated":true}]}}