{"id":1661,"date":"2021-12-20T14:21:52","date_gmt":"2021-12-20T13:21:52","guid":{"rendered":"https:\/\/www.pasflights.com\/?page_id=1661"},"modified":"2025-04-07T10:23:35","modified_gmt":"2025-04-07T08:23:35","slug":"individuelles-catering","status":"publish","type":"page","link":"https:\/\/pas.websitehelden.net\/de\/service\/individuelles-catering\/","title":{"rendered":"Individuelles Catering"},"content":{"rendered":"\t\t<div data-elementor-type=\"wp-page\" data-elementor-id=\"1661\" class=\"elementor elementor-1661\" data-elementor-post-type=\"page\">\n\t\t\t\t\t\t<section class=\"elementor-section elementor-top-section elementor-element elementor-element-7bc8dae8 elementor-section-boxed elementor-section-height-default elementor-section-height-default\" data-id=\"7bc8dae8\" data-element_type=\"section\">\n\t\t\t\t\t\t<div class=\"elementor-container elementor-column-gap-default\">\n\t\t\t\t\t<div class=\"elementor-column elementor-col-100 elementor-top-column elementor-element elementor-element-17554d5a\" data-id=\"17554d5a\" data-element_type=\"column\">\n\t\t\t<div class=\"elementor-widget-wrap elementor-element-populated\">\n\t\t\t\t\t\t<div class=\"elementor-element elementor-element-6814835b elementor-widget elementor-widget-heading\" data-id=\"6814835b\" data-element_type=\"widget\" data-widget_type=\"heading.default\">\n\t\t\t\t<div class=\"elementor-widget-container\">\n\t\t\t\t\t<h1 class=\"elementor-heading-title elementor-size-default\">Individuelles Catering<\/h1>\t\t\t\t<\/div>\n\t\t\t\t<\/div>\n\t\t\t\t<div class=\"elementor-element elementor-element-3639a195 elementor-widget elementor-widget-text-editor\" data-id=\"3639a195\" data-element_type=\"widget\" data-widget_type=\"text-editor.default\">\n\t\t\t\t<div class=\"elementor-widget-container\">\n\t\t\t\t\t\t\t\t\t<p>Individuelles Catering an Bord ist immer ein gro\u00dfes Thema. W\u00e4hrend auf Linienfl\u00fcgen das Catering immer sp\u00e4rlicher ausf\u00e4llt und hier am Gast gespart wird, gibt es beim Sondercharter alle M\u00f6glichkeiten, auch in kulinarischer Hinsicht ein unvergessliches Erlebnis serviert zu bekommen.<\/p><p>Wir freuen uns darauf, Ihre W\u00fcnsche und Anforderungen mit Ihnen zu besprechen.<\/p><p>Wir beraten Sie gerne f\u00fcr die beste Umsetzung f\u00fcr K\u00f6rper und Geist:<\/p><ul><li>Gourmet Catering mit kulinarischen K\u00f6stlichkeiten an Bord und am Boden<\/li><li>Gate-Buffet vor dem Einschiffen<\/li><li>Begr\u00fc\u00dfungscocktail<\/li><li>Catering je nach Anlass, Tages- und Flugzeit &#8211; doppelt, wenn der Rahmen es zul\u00e4sst<\/li><li>Spezielle Verpflegung nach ethnischen, religi\u00f6sen oder ethischen Anforderungen (halal, koscher, vegan &#8230;)<\/li><li>Freie Auswahl an Getr\u00e4nken<\/li><li>Service auf Porzellan<\/li><li>Snack-T\u00fcten zum Mitnehmen<\/li><li>und vieles mehr<br \/><br \/><\/li><\/ul><p>Haben Sie noch Fragen oder m\u00f6chten Sie eine ausf\u00fchrliche Beratung?<\/p><p>Die Service-Experten von <strong>PAS<\/strong>flights warten bereits auf Sie und beantworten Ihnen gerne alle Fragen. <a href=\"\/de\/kontakt\">Kontaktieren Sie uns<\/a> unverbindlich und nehmen Sie uns mit auf Ihre individuelle Reise.<\/p>\t\t\t\t\t\t\t\t<\/div>\n\t\t\t\t<\/div>\n\t\t\t\t\t<\/div>\n\t\t<\/div>\n\t\t\t\t\t<\/div>\n\t\t<\/section>\n\t\t\t\t<section class=\"elementor-section elementor-top-section elementor-element elementor-element-5d0147fb elementor-section-boxed elementor-section-height-default elementor-section-height-default\" data-id=\"5d0147fb\" data-element_type=\"section\">\n\t\t\t\t\t\t<div class=\"elementor-container elementor-column-gap-default\">\n\t\t\t\t\t<div class=\"elementor-column elementor-col-100 elementor-top-column elementor-element elementor-element-5c367282\" data-id=\"5c367282\" data-element_type=\"column\">\n\t\t\t<div class=\"elementor-widget-wrap elementor-element-populated\">\n\t\t\t\t\t\t<div class=\"elementor-element elementor-element-35746243 elementor-widget elementor-widget-heading\" data-id=\"35746243\" data-element_type=\"widget\" data-widget_type=\"heading.default\">\n\t\t\t\t<div class=\"elementor-widget-container\">\n\t\t\t\t\t<span class=\"elementor-heading-title elementor-size-default\">Kontakt<\/span>\t\t\t\t<\/div>\n\t\t\t\t<\/div>\n\t\t\t\t<div class=\"elementor-element elementor-element-6c5033c5 elementor-widget elementor-widget-heading\" data-id=\"6c5033c5\" data-element_type=\"widget\" data-widget_type=\"heading.default\">\n\t\t\t\t<div class=\"elementor-widget-container\">\n\t\t\t\t\t<h2 class=\"elementor-heading-title elementor-size-default\">Kontakt<\/h2>\t\t\t\t<\/div>\n\t\t\t\t<\/div>\n\t\t\t\t<section class=\"elementor-section elementor-inner-section elementor-element elementor-element-76b8d82c elementor-section-boxed elementor-section-height-default elementor-section-height-default\" data-id=\"76b8d82c\" data-element_type=\"section\" data-settings=\"{&quot;background_background&quot;:&quot;classic&quot;}\">\n\t\t\t\t\t\t<div class=\"elementor-container elementor-column-gap-default\">\n\t\t\t\t\t<div class=\"elementor-column elementor-col-50 elementor-inner-column elementor-element elementor-element-1444a37b\" data-id=\"1444a37b\" data-element_type=\"column\">\n\t\t\t<div class=\"elementor-widget-wrap\">\n\t\t\t\t\t\t\t<\/div>\n\t\t<\/div>\n\t\t\t\t<div class=\"elementor-column elementor-col-50 elementor-inner-column elementor-element elementor-element-3a7e1458\" data-id=\"3a7e1458\" data-element_type=\"column\" data-settings=\"{&quot;background_background&quot;:&quot;classic&quot;}\">\n\t\t\t<div class=\"elementor-widget-wrap elementor-element-populated\">\n\t\t\t\t\t\t<div class=\"elementor-element elementor-element-162d49fa elementor-widget elementor-widget-heading\" data-id=\"162d49fa\" data-element_type=\"widget\" data-widget_type=\"heading.default\">\n\t\t\t\t<div class=\"elementor-widget-container\">\n\t\t\t\t\t<h2 class=\"elementor-heading-title elementor-size-default\">SIE HABEN FRAGEN? WIR SIND F\u00dcR SIE DA \u2013 PER MAIL,<br \/> KONTAKTFORMULAR ODER PER TELEFON!<\/h2>\t\t\t\t<\/div>\n\t\t\t\t<\/div>\n\t\t\t\t<div class=\"elementor-element elementor-element-567f8f76 elementor-widget elementor-widget-heading\" data-id=\"567f8f76\" data-element_type=\"widget\" data-widget_type=\"heading.default\">\n\t\t\t\t<div class=\"elementor-widget-container\">\n\t\t\t\t\t<span class=\"elementor-heading-title elementor-size-default\">24\/7 ist Ihr pers\u00f6nlicher Ansprechpartner f\u00fcr Sie da<\/span>\t\t\t\t<\/div>\n\t\t\t\t<\/div>\n\t\t\t\t<div class=\"elementor-element elementor-element-66de2ad4 elementor-align-start elementor-widget__width-auto elementor-icon-list--layout-traditional elementor-list-item-link-full_width elementor-widget elementor-widget-icon-list\" data-id=\"66de2ad4\" data-element_type=\"widget\" data-widget_type=\"icon-list.default\">\n\t\t\t\t<div class=\"elementor-widget-container\">\n\t\t\t\t\t\t\t<ul class=\"elementor-icon-list-items\">\n\t\t\t\t\t\t\t<li class=\"elementor-icon-list-item\">\n\t\t\t\t\t\t\t\t\t\t\t<a href=\"https:\/\/pas.websitehelden.net\/kontakt\/\">\n\n\t\t\t\t\t\t\t\t\t\t\t\t<span class=\"elementor-icon-list-icon\">\n\t\t\t\t\t\t\t<i aria-hidden=\"true\" class=\"fas fa-envelope\"><\/i>\t\t\t\t\t\t<\/span>\n\t\t\t\t\t\t\t\t\t\t<span class=\"elementor-icon-list-text\">info@pasflights.com<\/span>\n\t\t\t\t\t\t\t\t\t\t\t<\/a>\n\t\t\t\t\t\t\t\t\t<\/li>\n\t\t\t\t\t\t\t\t<li class=\"elementor-icon-list-item\">\n\t\t\t\t\t\t\t\t\t\t\t<a href=\"tel:+49%202204%2070606-0\">\n\n\t\t\t\t\t\t\t\t\t\t\t\t<span class=\"elementor-icon-list-icon\">\n\t\t\t\t\t\t\t<i aria-hidden=\"true\" class=\"fas fa-phone-alt\"><\/i>\t\t\t\t\t\t<\/span>\n\t\t\t\t\t\t\t\t\t\t<span class=\"elementor-icon-list-text\">+ 49 2204 70606-0<\/span>\n\t\t\t\t\t\t\t\t\t\t\t<\/a>\n\t\t\t\t\t\t\t\t\t<\/li>\n\t\t\t\t\t\t<\/ul>\n\t\t\t\t\t\t<\/div>\n\t\t\t\t<\/div>\n\t\t\t\t<div class=\"elementor-element elementor-element-3bbcdc64 elementor-align-right pinkbuttonfull elementor-tablet-align-left elementor-mobile-align-justify elementor-widget elementor-widget-button\" data-id=\"3bbcdc64\" data-element_type=\"widget\" data-widget_type=\"button.default\">\n\t\t\t\t<div class=\"elementor-widget-container\">\n\t\t\t\t\t\t\t\t\t<div class=\"elementor-button-wrapper\">\n\t\t\t\t\t<a class=\"elementor-button elementor-button-link elementor-size-sm\" href=\"\/de\/kontakt\/\">\n\t\t\t\t\t\t<span class=\"elementor-button-content-wrapper\">\n\t\t\t\t\t\t\t\t\t<span class=\"elementor-button-text\">Jetzt Kontakt aufnehmen<\/span>\n\t\t\t\t\t<\/span>\n\t\t\t\t\t<\/a>\n\t\t\t\t<\/div>\n\t\t\t\t\t\t\t\t<\/div>\n\t\t\t\t<\/div>\n\t\t\t\t\t<\/div>\n\t\t<\/div>\n\t\t\t\t\t<\/div>\n\t\t<\/section>\n\t\t\t\t<div class=\"elementor-element elementor-element-53ec5e1b elementor-widget elementor-widget-image\" data-id=\"53ec5e1b\" data-element_type=\"widget\" data-widget_type=\"image.default\">\n\t\t\t\t<div class=\"elementor-widget-container\">\n\t\t\t\t\t\t\t\t\t\t\t\t\t\t\t<img decoding=\"async\" src=\"https:\/\/er7k5njc6uc.exactdn.com\/wp-content\/uploads\/elementor\/thumbs\/privatjet-buchen_kontakt-rawwxlf5e5ptspptkdb8apcdi94cfpobtspz7qq45k.jpg?strip=all&lossy=1&w=800&ssl=1\" title=\"privatjet-buchen_kontakt\" alt=\"Contact\" loading=\"lazy\" \/>\t\t\t\t\t\t\t\t\t\t\t\t\t\t\t<\/div>\n\t\t\t\t<\/div>\n\t\t\t\t\t<\/div>\n\t\t<\/div>\n\t\t\t\t\t<\/div>\n\t\t<\/section>\n\t\t\t\t<\/div>\n\t\t","protected":false},"excerpt":{"rendered":"<p>Individuelles Catering Individuelles Catering an Bord ist immer ein gro\u00dfes Thema. W\u00e4hrend auf Linienfl\u00fcgen das Catering immer sp\u00e4rlicher ausf\u00e4llt und hier am Gast gespart wird, gibt es beim Sondercharter alle M\u00f6glichkeiten, auch in kulinarischer Hinsicht ein unvergessliches Erlebnis serviert zu bekommen. Wir freuen uns darauf, Ihre W\u00fcnsche und Anforderungen mit Ihnen zu besprechen. Wir beraten [&hellip;]<\/p>\n","protected":false},"author":2,"featured_media":1662,"parent":1487,"menu_order":60,"comment_status":"closed","ping_status":"closed","template":"","meta":{"_acf_changed":false,"footnotes":""},"categories":[],"tags":[20],"class_list":["post-1661","page","type-page","status-publish","has-post-thumbnail","hentry","tag-service"],"acf":[],"yoast_head":"<!-- This site is optimized with the Yoast SEO plugin v27.4 - https:\/\/yoast.com\/product\/yoast-seo-wordpress\/ -->\n<title>Individuelles Catering vom Profi - Jetzt buchen!<\/title>\n<meta name=\"description\" content=\"Individuelle Cateringw\u00fcnsche erf\u00fcllen wir gerne! \u2714 Informieren Sie sich \u00fcber unsere Services und holen Sie sich noch heute ein Angebot ein | pasflights\" \/>\n<meta name=\"robots\" content=\"index, follow, max-snippet:-1, max-image-preview:large, max-video-preview:-1\" \/>\n<link rel=\"canonical\" href=\"https:\/\/pas.websitehelden.net\/de\/service\/individuelles-catering\/\" \/>\n<meta property=\"og:locale\" content=\"de_DE\" \/>\n<meta property=\"og:type\" content=\"article\" \/>\n<meta property=\"og:title\" content=\"Individuelles Catering vom Profi - Jetzt buchen!\" \/>\n<meta property=\"og:description\" content=\"Individuelle Cateringw\u00fcnsche erf\u00fcllen wir gerne! \u2714 Informieren Sie sich \u00fcber unsere Services und holen Sie sich noch heute ein Angebot ein | pasflights\" \/>\n<meta property=\"og:url\" content=\"https:\/\/pas.websitehelden.net\/de\/service\/individuelles-catering\/\" \/>\n<meta property=\"og:site_name\" content=\"Pasflights\" \/>\n<meta property=\"article:modified_time\" content=\"2025-04-07T08:23:35+00:00\" \/>\n<meta property=\"og:image\" content=\"https:\/\/er7k5njc6uc.exactdn.com\/wp-content\/uploads\/2021\/12\/individuelles-catering-banner-scaled.jpg?strip=all&lossy=1&ssl=1\" \/>\n\t<meta property=\"og:image:width\" content=\"2560\" \/>\n\t<meta property=\"og:image:height\" content=\"877\" \/>\n\t<meta property=\"og:image:type\" content=\"image\/jpeg\" \/>\n<meta name=\"twitter:card\" content=\"summary_large_image\" \/>\n<meta name=\"twitter:label1\" content=\"Gesch\u00e4tzte Lesezeit\" \/>\n\t<meta name=\"twitter:data1\" content=\"2\u00a0Minuten\" \/>\n<script type=\"application\/ld+json\" class=\"yoast-schema-graph\">{\"@context\":\"https:\\\/\\\/schema.org\",\"@graph\":[{\"@type\":\"WebPage\",\"@id\":\"https:\\\/\\\/pas.websitehelden.net\\\/de\\\/service\\\/individuelles-catering\\\/\",\"url\":\"https:\\\/\\\/pas.websitehelden.net\\\/de\\\/service\\\/individuelles-catering\\\/\",\"name\":\"Individuelles Catering vom Profi - Jetzt buchen!\",\"isPartOf\":{\"@id\":\"https:\\\/\\\/pas.websitehelden.net\\\/de\\\/#website\"},\"primaryImageOfPage\":{\"@id\":\"https:\\\/\\\/pas.websitehelden.net\\\/de\\\/service\\\/individuelles-catering\\\/#primaryimage\"},\"image\":{\"@id\":\"https:\\\/\\\/pas.websitehelden.net\\\/de\\\/service\\\/individuelles-catering\\\/#primaryimage\"},\"thumbnailUrl\":\"https:\\\/\\\/er7k5njc6uc.exactdn.com\\\/wp-content\\\/uploads\\\/2021\\\/12\\\/individuelles-catering-banner-scaled.jpg?strip=all&lossy=1&ssl=1\",\"datePublished\":\"2021-12-20T13:21:52+00:00\",\"dateModified\":\"2025-04-07T08:23:35+00:00\",\"description\":\"Individuelle Cateringw\u00fcnsche erf\u00fcllen wir gerne! \u2714 Informieren Sie sich \u00fcber unsere Services und holen Sie sich noch heute ein Angebot ein | pasflights\",\"breadcrumb\":{\"@id\":\"https:\\\/\\\/pas.websitehelden.net\\\/de\\\/service\\\/individuelles-catering\\\/#breadcrumb\"},\"inLanguage\":\"de\",\"potentialAction\":[{\"@type\":\"ReadAction\",\"target\":[\"https:\\\/\\\/pas.websitehelden.net\\\/de\\\/service\\\/individuelles-catering\\\/\"]}]},{\"@type\":\"ImageObject\",\"inLanguage\":\"de\",\"@id\":\"https:\\\/\\\/pas.websitehelden.net\\\/de\\\/service\\\/individuelles-catering\\\/#primaryimage\",\"url\":\"https:\\\/\\\/er7k5njc6uc.exactdn.com\\\/wp-content\\\/uploads\\\/2021\\\/12\\\/individuelles-catering-banner-scaled.jpg?strip=all&lossy=1&ssl=1\",\"contentUrl\":\"https:\\\/\\\/er7k5njc6uc.exactdn.com\\\/wp-content\\\/uploads\\\/2021\\\/12\\\/individuelles-catering-banner-scaled.jpg?strip=all&lossy=1&ssl=1\",\"width\":2560,\"height\":877},{\"@type\":\"BreadcrumbList\",\"@id\":\"https:\\\/\\\/pas.websitehelden.net\\\/de\\\/service\\\/individuelles-catering\\\/#breadcrumb\",\"itemListElement\":[{\"@type\":\"ListItem\",\"position\":1,\"name\":\"Startseite\",\"item\":\"https:\\\/\\\/pas.websitehelden.net\\\/de\\\/\"},{\"@type\":\"ListItem\",\"position\":2,\"name\":\"Service\",\"item\":\"https:\\\/\\\/pas.websitehelden.net\\\/de\\\/service\\\/\"},{\"@type\":\"ListItem\",\"position\":3,\"name\":\"Individuelles Catering\"}]},{\"@type\":\"WebSite\",\"@id\":\"https:\\\/\\\/pas.websitehelden.net\\\/de\\\/#website\",\"url\":\"https:\\\/\\\/pas.websitehelden.net\\\/de\\\/\",\"name\":\"Pasflights\",\"description\":\"Eine weitere WordPress-Website\",\"potentialAction\":[{\"@type\":\"SearchAction\",\"target\":{\"@type\":\"EntryPoint\",\"urlTemplate\":\"https:\\\/\\\/pas.websitehelden.net\\\/de\\\/?s={search_term_string}\"},\"query-input\":{\"@type\":\"PropertyValueSpecification\",\"valueRequired\":true,\"valueName\":\"search_term_string\"}}],\"inLanguage\":\"de\"}]}<\/script>\n<!-- \/ Yoast SEO plugin. -->","yoast_head_json":{"title":"Individuelles Catering vom Profi - Jetzt buchen!","description":"Individuelle Cateringw\u00fcnsche erf\u00fcllen wir gerne! \u2714 Informieren Sie sich \u00fcber unsere Services und holen Sie sich noch heute ein Angebot ein | pasflights","robots":{"index":"index","follow":"follow","max-snippet":"max-snippet:-1","max-image-preview":"max-image-preview:large","max-video-preview":"max-video-preview:-1"},"canonical":"https:\/\/pas.websitehelden.net\/de\/service\/individuelles-catering\/","og_locale":"de_DE","og_type":"article","og_title":"Individuelles Catering vom Profi - Jetzt buchen!","og_description":"Individuelle Cateringw\u00fcnsche erf\u00fcllen wir gerne! \u2714 Informieren Sie sich \u00fcber unsere Services und holen Sie sich noch heute ein Angebot ein | pasflights","og_url":"https:\/\/pas.websitehelden.net\/de\/service\/individuelles-catering\/","og_site_name":"Pasflights","article_modified_time":"2025-04-07T08:23:35+00:00","og_image":[{"width":2560,"height":877,"url":"https:\/\/er7k5njc6uc.exactdn.com\/wp-content\/uploads\/2021\/12\/individuelles-catering-banner-scaled.jpg?strip=all&lossy=1&ssl=1","type":"image\/jpeg"}],"twitter_card":"summary_large_image","twitter_misc":{"Gesch\u00e4tzte Lesezeit":"2\u00a0Minuten"},"schema":{"@context":"https:\/\/schema.org","@graph":[{"@type":"WebPage","@id":"https:\/\/pas.websitehelden.net\/de\/service\/individuelles-catering\/","url":"https:\/\/pas.websitehelden.net\/de\/service\/individuelles-catering\/","name":"Individuelles Catering vom Profi - Jetzt buchen!","isPartOf":{"@id":"https:\/\/pas.websitehelden.net\/de\/#website"},"primaryImageOfPage":{"@id":"https:\/\/pas.websitehelden.net\/de\/service\/individuelles-catering\/#primaryimage"},"image":{"@id":"https:\/\/pas.websitehelden.net\/de\/service\/individuelles-catering\/#primaryimage"},"thumbnailUrl":"https:\/\/er7k5njc6uc.exactdn.com\/wp-content\/uploads\/2021\/12\/individuelles-catering-banner-scaled.jpg?strip=all&lossy=1&ssl=1","datePublished":"2021-12-20T13:21:52+00:00","dateModified":"2025-04-07T08:23:35+00:00","description":"Individuelle Cateringw\u00fcnsche erf\u00fcllen wir gerne! \u2714 Informieren Sie sich \u00fcber unsere Services und holen Sie sich noch heute ein Angebot ein | pasflights","breadcrumb":{"@id":"https:\/\/pas.websitehelden.net\/de\/service\/individuelles-catering\/#breadcrumb"},"inLanguage":"de","potentialAction":[{"@type":"ReadAction","target":["https:\/\/pas.websitehelden.net\/de\/service\/individuelles-catering\/"]}]},{"@type":"ImageObject","inLanguage":"de","@id":"https:\/\/pas.websitehelden.net\/de\/service\/individuelles-catering\/#primaryimage","url":"https:\/\/er7k5njc6uc.exactdn.com\/wp-content\/uploads\/2021\/12\/individuelles-catering-banner-scaled.jpg?strip=all&lossy=1&ssl=1","contentUrl":"https:\/\/er7k5njc6uc.exactdn.com\/wp-content\/uploads\/2021\/12\/individuelles-catering-banner-scaled.jpg?strip=all&lossy=1&ssl=1","width":2560,"height":877},{"@type":"BreadcrumbList","@id":"https:\/\/pas.websitehelden.net\/de\/service\/individuelles-catering\/#breadcrumb","itemListElement":[{"@type":"ListItem","position":1,"name":"Startseite","item":"https:\/\/pas.websitehelden.net\/de\/"},{"@type":"ListItem","position":2,"name":"Service","item":"https:\/\/pas.websitehelden.net\/de\/service\/"},{"@type":"ListItem","position":3,"name":"Individuelles Catering"}]},{"@type":"WebSite","@id":"https:\/\/pas.websitehelden.net\/de\/#website","url":"https:\/\/pas.websitehelden.net\/de\/","name":"Pasflights","description":"Eine weitere WordPress-Website","potentialAction":[{"@type":"SearchAction","target":{"@type":"EntryPoint","urlTemplate":"https:\/\/pas.websitehelden.net\/de\/?s={search_term_string}"},"query-input":{"@type":"PropertyValueSpecification","valueRequired":true,"valueName":"search_term_string"}}],"inLanguage":"de"}]}},"_links":{"self":[{"href":"https:\/\/pas.websitehelden.net\/de\/wp-json\/wp\/v2\/pages\/1661","targetHints":{"allow":["GET"]}}],"collection":[{"href":"https:\/\/pas.websitehelden.net\/de\/wp-json\/wp\/v2\/pages"}],"about":[{"href":"https:\/\/pas.websitehelden.net\/de\/wp-json\/wp\/v2\/types\/page"}],"author":[{"embeddable":true,"href":"https:\/\/pas.websitehelden.net\/de\/wp-json\/wp\/v2\/users\/2"}],"replies":[{"embeddable":true,"href":"https:\/\/pas.websitehelden.net\/de\/wp-json\/wp\/v2\/comments?post=1661"}],"version-history":[{"count":0,"href":"https:\/\/pas.websitehelden.net\/de\/wp-json\/wp\/v2\/pages\/1661\/revisions"}],"up":[{"embeddable":true,"href":"https:\/\/pas.websitehelden.net\/de\/wp-json\/wp\/v2\/pages\/1487"}],"wp:featuredmedia":[{"embeddable":true,"href":"https:\/\/pas.websitehelden.net\/de\/wp-json\/wp\/v2\/media\/1662"}],"wp:attachment":[{"href":"https:\/\/pas.websitehelden.net\/de\/wp-json\/wp\/v2\/media?parent=1661"}],"wp:term":[{"taxonomy":"category","embeddable":true,"href":"https:\/\/pas.websitehelden.net\/de\/wp-json\/wp\/v2\/categories?post=1661"},{"taxonomy":"post_tag","embeddable":true,"href":"https:\/\/pas.websitehelden.net\/de\/wp-json\/wp\/v2\/tags?post=1661"}],"curies":[{"name":"wp","href":"https:\/\/api.w.org\/{rel}","templated":true}]}}