{"id":1658,"date":"2021-12-20T14:21:37","date_gmt":"2021-12-20T13:21:37","guid":{"rendered":"https:\/\/www.pasflights.com\/?page_id=1658"},"modified":"2025-04-07T10:23:30","modified_gmt":"2025-04-07T08:23:30","slug":"flugbetreuung-flugbegleitung","status":"publish","type":"page","link":"https:\/\/pas.websitehelden.net\/de\/service\/flugbetreuung-flugbegleitung\/","title":{"rendered":"Flugbetreuung \/ Flugbegleitung"},"content":{"rendered":"\t\t<div data-elementor-type=\"wp-page\" data-elementor-id=\"1658\" class=\"elementor elementor-1658\" data-elementor-post-type=\"page\">\n\t\t\t\t\t\t<section class=\"elementor-section elementor-top-section elementor-element elementor-element-40b43c6f elementor-section-boxed elementor-section-height-default elementor-section-height-default\" data-id=\"40b43c6f\" data-element_type=\"section\">\n\t\t\t\t\t\t<div class=\"elementor-container elementor-column-gap-default\">\n\t\t\t\t\t<div class=\"elementor-column elementor-col-100 elementor-top-column elementor-element elementor-element-6c0b0438\" data-id=\"6c0b0438\" data-element_type=\"column\">\n\t\t\t<div class=\"elementor-widget-wrap elementor-element-populated\">\n\t\t\t\t\t\t<div class=\"elementor-element elementor-element-53b07df1 elementor-widget elementor-widget-heading\" data-id=\"53b07df1\" data-element_type=\"widget\" data-widget_type=\"heading.default\">\n\t\t\t\t<div class=\"elementor-widget-container\">\n\t\t\t\t\t<h1 class=\"elementor-heading-title elementor-size-default\">Flugbetreuung\/Flugbegleitung<\/h1>\t\t\t\t<\/div>\n\t\t\t\t<\/div>\n\t\t\t\t<div class=\"elementor-element elementor-element-6aafa5f6 elementor-widget elementor-widget-text-editor\" data-id=\"6aafa5f6\" data-element_type=\"widget\" data-widget_type=\"text-editor.default\">\n\t\t\t\t<div class=\"elementor-widget-container\">\n\t\t\t\t\t\t\t\t\t<p>Obwohl das Reisen im Flugzeug mittlerweile zum Alltag geh\u00f6rt, gibt es doch viele Menschen, die sich am Flughafen unsicher f\u00fchlen und sich von der unruhigen Betriebsamkeit eines gro\u00dfen Flughafens verwirren lassen. Leider passiert es immer wieder, dass G\u00e4ste nicht den richtigen Weg finden, sich am falschen Schalter anstellen oder im falschen Terminal herumirren \u2013 nicht mit dem Airport Service von <strong>PAS<\/strong>flights.<\/p><p>Unsere erfahrenen Check-In Manager k\u00fcmmern sich mit vollem Einsatz um Ihre G\u00e4ste. Mindestens drei Stunden vor Abflug stellt er\/sie sicher, dass alle Vorbereitungen f\u00fcr den reibungslosen Check-In getroffen sind, k\u00fcmmert sich um kurzfristige \u00c4nderungen in der Teilnehmerliste und steht dann Ihren G\u00e4sten mit einem L\u00e4cheln zur Verf\u00fcgung \u2013 immer mobil erreichbar, um alle Fragen zu beantworten:<\/p><p>\u00a0<\/p><ul><li>Brauche ich spezielle Dokumente (z.B. Impfzertifikat, Einreiseformular &#8230;)?<\/li><li>Ich habe den Pass vergessen, was nun?<\/li><li>K\u00f6nnen Sie mir beim Tragen behilflich sein?<\/li><li>Was mache ich mit meinem Sperrgep\u00e4ck (Golftasche, Fahrrad, Kitegep\u00e4ck &#8230;)?<\/li><li>Mir geht es nicht gut \u2013 haben sie eine Idee?<\/li><li>Wo ist die n\u00e4chste Toilette, eine M\u00f6glichkeit Geld zu wechseln, ein Shop f\u00fcr Souvenirs oder Lesestoff?<\/li><li>Was darf ich im Handgep\u00e4ck mit an Bord nehmen?<\/li><li>Wie komme ich ans Gate?<\/li><li>u.v.m<\/li><\/ul>\t\t\t\t\t\t\t\t<\/div>\n\t\t\t\t<\/div>\n\t\t\t\t\t<\/div>\n\t\t<\/div>\n\t\t\t\t\t<\/div>\n\t\t<\/section>\n\t\t\t\t<section class=\"elementor-section elementor-top-section elementor-element elementor-element-163c39d elementor-section-boxed elementor-section-height-default elementor-section-height-default\" data-id=\"163c39d\" data-element_type=\"section\">\n\t\t\t\t\t\t<div class=\"elementor-container elementor-column-gap-default\">\n\t\t\t\t\t<div class=\"elementor-column elementor-col-100 elementor-top-column elementor-element elementor-element-2fbb588d\" data-id=\"2fbb588d\" data-element_type=\"column\">\n\t\t\t<div class=\"elementor-widget-wrap elementor-element-populated\">\n\t\t\t\t\t\t<div class=\"elementor-element elementor-element-661cdec5 elementor-widget elementor-widget-heading\" data-id=\"661cdec5\" data-element_type=\"widget\" data-widget_type=\"heading.default\">\n\t\t\t\t<div class=\"elementor-widget-container\">\n\t\t\t\t\t<span class=\"elementor-heading-title elementor-size-default\">Kontakt<\/span>\t\t\t\t<\/div>\n\t\t\t\t<\/div>\n\t\t\t\t<div class=\"elementor-element elementor-element-77c660ee elementor-widget elementor-widget-heading\" data-id=\"77c660ee\" data-element_type=\"widget\" data-widget_type=\"heading.default\">\n\t\t\t\t<div class=\"elementor-widget-container\">\n\t\t\t\t\t<h2 class=\"elementor-heading-title elementor-size-default\">Kontakt<\/h2>\t\t\t\t<\/div>\n\t\t\t\t<\/div>\n\t\t\t\t<section class=\"elementor-section elementor-inner-section elementor-element elementor-element-6d5693a9 elementor-section-boxed elementor-section-height-default elementor-section-height-default\" data-id=\"6d5693a9\" data-element_type=\"section\" data-settings=\"{&quot;background_background&quot;:&quot;classic&quot;}\">\n\t\t\t\t\t\t<div class=\"elementor-container elementor-column-gap-default\">\n\t\t\t\t\t<div class=\"elementor-column elementor-col-50 elementor-inner-column elementor-element elementor-element-6cb5f28d\" data-id=\"6cb5f28d\" data-element_type=\"column\">\n\t\t\t<div class=\"elementor-widget-wrap\">\n\t\t\t\t\t\t\t<\/div>\n\t\t<\/div>\n\t\t\t\t<div class=\"elementor-column elementor-col-50 elementor-inner-column elementor-element elementor-element-4e828faa\" data-id=\"4e828faa\" data-element_type=\"column\" data-settings=\"{&quot;background_background&quot;:&quot;classic&quot;}\">\n\t\t\t<div class=\"elementor-widget-wrap elementor-element-populated\">\n\t\t\t\t\t\t<div class=\"elementor-element elementor-element-7e4d0afe elementor-widget elementor-widget-heading\" data-id=\"7e4d0afe\" data-element_type=\"widget\" data-widget_type=\"heading.default\">\n\t\t\t\t<div class=\"elementor-widget-container\">\n\t\t\t\t\t<h2 class=\"elementor-heading-title elementor-size-default\">SIE HABEN FRAGEN? WIR SIND F\u00dcR SIE DA \u2013 PER MAIL,<br \/> KONTAKTFORMULAR ODER PER TELEFON!<\/h2>\t\t\t\t<\/div>\n\t\t\t\t<\/div>\n\t\t\t\t<div class=\"elementor-element elementor-element-4bae84b5 elementor-widget elementor-widget-heading\" data-id=\"4bae84b5\" data-element_type=\"widget\" data-widget_type=\"heading.default\">\n\t\t\t\t<div class=\"elementor-widget-container\">\n\t\t\t\t\t<span class=\"elementor-heading-title elementor-size-default\">24\/7 ist Ihr pers\u00f6nlicher Ansprechpartner f\u00fcr Sie da<\/span>\t\t\t\t<\/div>\n\t\t\t\t<\/div>\n\t\t\t\t<div class=\"elementor-element elementor-element-67a1008c elementor-align-start elementor-widget__width-auto elementor-icon-list--layout-traditional elementor-list-item-link-full_width elementor-widget elementor-widget-icon-list\" data-id=\"67a1008c\" data-element_type=\"widget\" data-widget_type=\"icon-list.default\">\n\t\t\t\t<div class=\"elementor-widget-container\">\n\t\t\t\t\t\t\t<ul class=\"elementor-icon-list-items\">\n\t\t\t\t\t\t\t<li class=\"elementor-icon-list-item\">\n\t\t\t\t\t\t\t\t\t\t\t<a href=\"https:\/\/pas.websitehelden.net\/kontakt\/\">\n\n\t\t\t\t\t\t\t\t\t\t\t\t<span class=\"elementor-icon-list-icon\">\n\t\t\t\t\t\t\t<i aria-hidden=\"true\" class=\"fas fa-envelope\"><\/i>\t\t\t\t\t\t<\/span>\n\t\t\t\t\t\t\t\t\t\t<span class=\"elementor-icon-list-text\">info@pasflights.com<\/span>\n\t\t\t\t\t\t\t\t\t\t\t<\/a>\n\t\t\t\t\t\t\t\t\t<\/li>\n\t\t\t\t\t\t\t\t<li class=\"elementor-icon-list-item\">\n\t\t\t\t\t\t\t\t\t\t\t<a href=\"tel:+49%202204%2070606-0\">\n\n\t\t\t\t\t\t\t\t\t\t\t\t<span class=\"elementor-icon-list-icon\">\n\t\t\t\t\t\t\t<i aria-hidden=\"true\" class=\"fas fa-phone-alt\"><\/i>\t\t\t\t\t\t<\/span>\n\t\t\t\t\t\t\t\t\t\t<span class=\"elementor-icon-list-text\">+ 49 2204 70606-0<\/span>\n\t\t\t\t\t\t\t\t\t\t\t<\/a>\n\t\t\t\t\t\t\t\t\t<\/li>\n\t\t\t\t\t\t<\/ul>\n\t\t\t\t\t\t<\/div>\n\t\t\t\t<\/div>\n\t\t\t\t<div class=\"elementor-element elementor-element-718fa9cf elementor-align-right pinkbuttonfull elementor-tablet-align-left elementor-mobile-align-justify elementor-widget elementor-widget-button\" data-id=\"718fa9cf\" data-element_type=\"widget\" data-widget_type=\"button.default\">\n\t\t\t\t<div class=\"elementor-widget-container\">\n\t\t\t\t\t\t\t\t\t<div class=\"elementor-button-wrapper\">\n\t\t\t\t\t<a class=\"elementor-button elementor-button-link elementor-size-sm\" href=\"\/de\/kontakt\/\">\n\t\t\t\t\t\t<span class=\"elementor-button-content-wrapper\">\n\t\t\t\t\t\t\t\t\t<span class=\"elementor-button-text\">Jetzt Kontakt aufnehmen<\/span>\n\t\t\t\t\t<\/span>\n\t\t\t\t\t<\/a>\n\t\t\t\t<\/div>\n\t\t\t\t\t\t\t\t<\/div>\n\t\t\t\t<\/div>\n\t\t\t\t\t<\/div>\n\t\t<\/div>\n\t\t\t\t\t<\/div>\n\t\t<\/section>\n\t\t\t\t<div class=\"elementor-element elementor-element-38526dd6 elementor-widget elementor-widget-image\" data-id=\"38526dd6\" data-element_type=\"widget\" data-widget_type=\"image.default\">\n\t\t\t\t<div class=\"elementor-widget-container\">\n\t\t\t\t\t\t\t\t\t\t\t\t\t\t\t<img decoding=\"async\" src=\"https:\/\/er7k5njc6uc.exactdn.com\/wp-content\/uploads\/elementor\/thumbs\/privatjet-buchen_kontakt-rawwxlf5e5ptspptkdb8apcdi94cfpobtspz7qq45k.jpg?strip=all&lossy=1&w=800&ssl=1\" title=\"privatjet-buchen_kontakt\" alt=\"Contact\" loading=\"lazy\" \/>\t\t\t\t\t\t\t\t\t\t\t\t\t\t\t<\/div>\n\t\t\t\t<\/div>\n\t\t\t\t\t<\/div>\n\t\t<\/div>\n\t\t\t\t\t<\/div>\n\t\t<\/section>\n\t\t\t\t<section class=\"elementor-section elementor-top-section elementor-element elementor-element-0869e1a elementor-section-boxed elementor-section-height-default elementor-section-height-default\" data-id=\"0869e1a\" data-element_type=\"section\">\n\t\t\t\t\t\t<div class=\"elementor-container elementor-column-gap-default\">\n\t\t\t\t\t<div class=\"elementor-column elementor-col-100 elementor-top-column elementor-element elementor-element-870b8a9\" data-id=\"870b8a9\" data-element_type=\"column\">\n\t\t\t<div class=\"elementor-widget-wrap elementor-element-populated\">\n\t\t\t\t\t\t<div class=\"elementor-element elementor-element-9db423e elementor-widget elementor-widget-text-editor\" data-id=\"9db423e\" data-element_type=\"widget\" data-widget_type=\"text-editor.default\">\n\t\t\t\t<div class=\"elementor-widget-container\">\n\t\t\t\t\t\t\t\t\t<p>Wenn Sie auch an Bord eine Rundumbetreuung Ihrer G\u00e4ste w\u00fcnschen, k\u00f6nnen wir zus\u00e4tzlich qualifiziertes Personal abstellen, dass Ihren Charter begleitet \u2013 von der Begr\u00fc\u00dfung am Flughafen bis zum Hotel am Zielort. Wir k\u00fcmmern uns um alle Belange der G\u00e4ste ohne den Ablauf der Veranstaltung aus dem Auge zu verlieren. Das Service Team von <strong>PAS<\/strong>flights steht Ihnen mit Rat und Tat zur Seite, damit auch alle G\u00e4ste entspannt ankommen.<\/p><p>Haben Sie noch Fragen oder w\u00fcnschen Sie eine ausf\u00fchrliche Beratung?<\/p><p>Die Service-Experten von <strong>PAS<\/strong>flights warten bereits auf Sie und stehen Ihnen f\u00fcr jede Frage gerne zur Verf\u00fcgung. Nehmen Sie unverbindlich <a href=\"https:\/\/pas.websitehelden.net\/kontakt\">Kontakt<\/a> zu uns auf und nehmen Sie uns mit auf Ihre individuelle Reise.<\/p>\t\t\t\t\t\t\t\t<\/div>\n\t\t\t\t<\/div>\n\t\t\t\t\t<\/div>\n\t\t<\/div>\n\t\t\t\t\t<\/div>\n\t\t<\/section>\n\t\t\t\t<\/div>\n\t\t","protected":false},"excerpt":{"rendered":"<p>Flugbetreuung und Flugbegleitung f\u00fcr Ihren Privatflug! Obwohl das Reisen im Flugzeug mittlerweile zum Alltag geh\u00f6rt, gibt es doch viele Menschen, die sich am Flughafen unsicher f\u00fchlen und sich von der unruhigen Betriebsamkeit eines gro\u00dfen Flughafens verwirren lassen. Leider passiert es immer wieder, dass G\u00e4ste nicht den richtigen Weg finden, sich am falschen Schalter anstellen oder [&hellip;]<\/p>\n","protected":false},"author":2,"featured_media":1659,"parent":1487,"menu_order":50,"comment_status":"closed","ping_status":"closed","template":"","meta":{"_acf_changed":false,"footnotes":""},"categories":[],"tags":[20],"class_list":["post-1658","page","type-page","status-publish","has-post-thumbnail","hentry","tag-service"],"acf":[],"yoast_head":"<!-- This site is optimized with the Yoast SEO plugin v27.4 - https:\/\/yoast.com\/product\/yoast-seo-wordpress\/ -->\n<title>Flugbetreuung und Flugbegleitung f\u00fcr Ihren Privatflug!<\/title>\n<meta name=\"description\" content=\"Sie ben\u00f6tigen professionelle Flugbetreuung &amp; Flugbegleitung? Bei uns sind Sie genau richtig. \u2714 Informieren Sie sich \u00fcber unser Angebot auf | pasflights\" \/>\n<meta name=\"robots\" content=\"index, follow, max-snippet:-1, max-image-preview:large, max-video-preview:-1\" \/>\n<link rel=\"canonical\" href=\"https:\/\/pas.websitehelden.net\/de\/service\/flugbetreuung-flugbegleitung\/\" \/>\n<meta property=\"og:locale\" content=\"de_DE\" \/>\n<meta property=\"og:type\" content=\"article\" \/>\n<meta property=\"og:title\" content=\"Flugbetreuung und Flugbegleitung f\u00fcr Ihren Privatflug!\" \/>\n<meta property=\"og:description\" content=\"Sie ben\u00f6tigen professionelle Flugbetreuung &amp; Flugbegleitung? Bei uns sind Sie genau richtig. \u2714 Informieren Sie sich \u00fcber unser Angebot auf | pasflights\" \/>\n<meta property=\"og:url\" content=\"https:\/\/pas.websitehelden.net\/de\/service\/flugbetreuung-flugbegleitung\/\" \/>\n<meta property=\"og:site_name\" content=\"Pasflights\" \/>\n<meta property=\"article:modified_time\" content=\"2025-04-07T08:23:30+00:00\" \/>\n<meta property=\"og:image\" content=\"https:\/\/er7k5njc6uc.exactdn.com\/wp-content\/uploads\/2021\/12\/flugbetreuungbegleitung-banner-scaled.jpg?strip=all&lossy=1&ssl=1\" \/>\n\t<meta property=\"og:image:width\" content=\"2560\" \/>\n\t<meta property=\"og:image:height\" content=\"877\" \/>\n\t<meta property=\"og:image:type\" content=\"image\/jpeg\" \/>\n<meta name=\"twitter:card\" content=\"summary_large_image\" \/>\n<meta name=\"twitter:label1\" content=\"Gesch\u00e4tzte Lesezeit\" \/>\n\t<meta name=\"twitter:data1\" content=\"2\u00a0Minuten\" \/>\n<script type=\"application\/ld+json\" class=\"yoast-schema-graph\">{\"@context\":\"https:\\\/\\\/schema.org\",\"@graph\":[{\"@type\":\"WebPage\",\"@id\":\"https:\\\/\\\/pas.websitehelden.net\\\/de\\\/service\\\/flugbetreuung-flugbegleitung\\\/\",\"url\":\"https:\\\/\\\/pas.websitehelden.net\\\/de\\\/service\\\/flugbetreuung-flugbegleitung\\\/\",\"name\":\"Flugbetreuung und Flugbegleitung f\u00fcr Ihren Privatflug!\",\"isPartOf\":{\"@id\":\"https:\\\/\\\/pas.websitehelden.net\\\/de\\\/#website\"},\"primaryImageOfPage\":{\"@id\":\"https:\\\/\\\/pas.websitehelden.net\\\/de\\\/service\\\/flugbetreuung-flugbegleitung\\\/#primaryimage\"},\"image\":{\"@id\":\"https:\\\/\\\/pas.websitehelden.net\\\/de\\\/service\\\/flugbetreuung-flugbegleitung\\\/#primaryimage\"},\"thumbnailUrl\":\"https:\\\/\\\/er7k5njc6uc.exactdn.com\\\/wp-content\\\/uploads\\\/2021\\\/12\\\/flugbetreuungbegleitung-banner-scaled.jpg?strip=all&lossy=1&ssl=1\",\"datePublished\":\"2021-12-20T13:21:37+00:00\",\"dateModified\":\"2025-04-07T08:23:30+00:00\",\"description\":\"Sie ben\u00f6tigen professionelle Flugbetreuung & Flugbegleitung? Bei uns sind Sie genau richtig. \u2714 Informieren Sie sich \u00fcber unser Angebot auf | pasflights\",\"breadcrumb\":{\"@id\":\"https:\\\/\\\/pas.websitehelden.net\\\/de\\\/service\\\/flugbetreuung-flugbegleitung\\\/#breadcrumb\"},\"inLanguage\":\"de\",\"potentialAction\":[{\"@type\":\"ReadAction\",\"target\":[\"https:\\\/\\\/pas.websitehelden.net\\\/de\\\/service\\\/flugbetreuung-flugbegleitung\\\/\"]}]},{\"@type\":\"ImageObject\",\"inLanguage\":\"de\",\"@id\":\"https:\\\/\\\/pas.websitehelden.net\\\/de\\\/service\\\/flugbetreuung-flugbegleitung\\\/#primaryimage\",\"url\":\"https:\\\/\\\/er7k5njc6uc.exactdn.com\\\/wp-content\\\/uploads\\\/2021\\\/12\\\/flugbetreuungbegleitung-banner-scaled.jpg?strip=all&lossy=1&ssl=1\",\"contentUrl\":\"https:\\\/\\\/er7k5njc6uc.exactdn.com\\\/wp-content\\\/uploads\\\/2021\\\/12\\\/flugbetreuungbegleitung-banner-scaled.jpg?strip=all&lossy=1&ssl=1\",\"width\":2560,\"height\":877},{\"@type\":\"BreadcrumbList\",\"@id\":\"https:\\\/\\\/pas.websitehelden.net\\\/de\\\/service\\\/flugbetreuung-flugbegleitung\\\/#breadcrumb\",\"itemListElement\":[{\"@type\":\"ListItem\",\"position\":1,\"name\":\"Startseite\",\"item\":\"https:\\\/\\\/pas.websitehelden.net\\\/de\\\/\"},{\"@type\":\"ListItem\",\"position\":2,\"name\":\"Service\",\"item\":\"https:\\\/\\\/pas.websitehelden.net\\\/de\\\/service\\\/\"},{\"@type\":\"ListItem\",\"position\":3,\"name\":\"Flugbetreuung \\\/ Flugbegleitung\"}]},{\"@type\":\"WebSite\",\"@id\":\"https:\\\/\\\/pas.websitehelden.net\\\/de\\\/#website\",\"url\":\"https:\\\/\\\/pas.websitehelden.net\\\/de\\\/\",\"name\":\"Pasflights\",\"description\":\"Eine weitere WordPress-Website\",\"potentialAction\":[{\"@type\":\"SearchAction\",\"target\":{\"@type\":\"EntryPoint\",\"urlTemplate\":\"https:\\\/\\\/pas.websitehelden.net\\\/de\\\/?s={search_term_string}\"},\"query-input\":{\"@type\":\"PropertyValueSpecification\",\"valueRequired\":true,\"valueName\":\"search_term_string\"}}],\"inLanguage\":\"de\"}]}<\/script>\n<!-- \/ Yoast SEO plugin. -->","yoast_head_json":{"title":"Flugbetreuung und Flugbegleitung f\u00fcr Ihren Privatflug!","description":"Sie ben\u00f6tigen professionelle Flugbetreuung & Flugbegleitung? Bei uns sind Sie genau richtig. \u2714 Informieren Sie sich \u00fcber unser Angebot auf | pasflights","robots":{"index":"index","follow":"follow","max-snippet":"max-snippet:-1","max-image-preview":"max-image-preview:large","max-video-preview":"max-video-preview:-1"},"canonical":"https:\/\/pas.websitehelden.net\/de\/service\/flugbetreuung-flugbegleitung\/","og_locale":"de_DE","og_type":"article","og_title":"Flugbetreuung und Flugbegleitung f\u00fcr Ihren Privatflug!","og_description":"Sie ben\u00f6tigen professionelle Flugbetreuung & Flugbegleitung? Bei uns sind Sie genau richtig. \u2714 Informieren Sie sich \u00fcber unser Angebot auf | pasflights","og_url":"https:\/\/pas.websitehelden.net\/de\/service\/flugbetreuung-flugbegleitung\/","og_site_name":"Pasflights","article_modified_time":"2025-04-07T08:23:30+00:00","og_image":[{"width":2560,"height":877,"url":"https:\/\/er7k5njc6uc.exactdn.com\/wp-content\/uploads\/2021\/12\/flugbetreuungbegleitung-banner-scaled.jpg?strip=all&lossy=1&ssl=1","type":"image\/jpeg"}],"twitter_card":"summary_large_image","twitter_misc":{"Gesch\u00e4tzte Lesezeit":"2\u00a0Minuten"},"schema":{"@context":"https:\/\/schema.org","@graph":[{"@type":"WebPage","@id":"https:\/\/pas.websitehelden.net\/de\/service\/flugbetreuung-flugbegleitung\/","url":"https:\/\/pas.websitehelden.net\/de\/service\/flugbetreuung-flugbegleitung\/","name":"Flugbetreuung und Flugbegleitung f\u00fcr Ihren Privatflug!","isPartOf":{"@id":"https:\/\/pas.websitehelden.net\/de\/#website"},"primaryImageOfPage":{"@id":"https:\/\/pas.websitehelden.net\/de\/service\/flugbetreuung-flugbegleitung\/#primaryimage"},"image":{"@id":"https:\/\/pas.websitehelden.net\/de\/service\/flugbetreuung-flugbegleitung\/#primaryimage"},"thumbnailUrl":"https:\/\/er7k5njc6uc.exactdn.com\/wp-content\/uploads\/2021\/12\/flugbetreuungbegleitung-banner-scaled.jpg?strip=all&lossy=1&ssl=1","datePublished":"2021-12-20T13:21:37+00:00","dateModified":"2025-04-07T08:23:30+00:00","description":"Sie ben\u00f6tigen professionelle Flugbetreuung & Flugbegleitung? Bei uns sind Sie genau richtig. \u2714 Informieren Sie sich \u00fcber unser Angebot auf | pasflights","breadcrumb":{"@id":"https:\/\/pas.websitehelden.net\/de\/service\/flugbetreuung-flugbegleitung\/#breadcrumb"},"inLanguage":"de","potentialAction":[{"@type":"ReadAction","target":["https:\/\/pas.websitehelden.net\/de\/service\/flugbetreuung-flugbegleitung\/"]}]},{"@type":"ImageObject","inLanguage":"de","@id":"https:\/\/pas.websitehelden.net\/de\/service\/flugbetreuung-flugbegleitung\/#primaryimage","url":"https:\/\/er7k5njc6uc.exactdn.com\/wp-content\/uploads\/2021\/12\/flugbetreuungbegleitung-banner-scaled.jpg?strip=all&lossy=1&ssl=1","contentUrl":"https:\/\/er7k5njc6uc.exactdn.com\/wp-content\/uploads\/2021\/12\/flugbetreuungbegleitung-banner-scaled.jpg?strip=all&lossy=1&ssl=1","width":2560,"height":877},{"@type":"BreadcrumbList","@id":"https:\/\/pas.websitehelden.net\/de\/service\/flugbetreuung-flugbegleitung\/#breadcrumb","itemListElement":[{"@type":"ListItem","position":1,"name":"Startseite","item":"https:\/\/pas.websitehelden.net\/de\/"},{"@type":"ListItem","position":2,"name":"Service","item":"https:\/\/pas.websitehelden.net\/de\/service\/"},{"@type":"ListItem","position":3,"name":"Flugbetreuung \/ Flugbegleitung"}]},{"@type":"WebSite","@id":"https:\/\/pas.websitehelden.net\/de\/#website","url":"https:\/\/pas.websitehelden.net\/de\/","name":"Pasflights","description":"Eine weitere WordPress-Website","potentialAction":[{"@type":"SearchAction","target":{"@type":"EntryPoint","urlTemplate":"https:\/\/pas.websitehelden.net\/de\/?s={search_term_string}"},"query-input":{"@type":"PropertyValueSpecification","valueRequired":true,"valueName":"search_term_string"}}],"inLanguage":"de"}]}},"_links":{"self":[{"href":"https:\/\/pas.websitehelden.net\/de\/wp-json\/wp\/v2\/pages\/1658","targetHints":{"allow":["GET"]}}],"collection":[{"href":"https:\/\/pas.websitehelden.net\/de\/wp-json\/wp\/v2\/pages"}],"about":[{"href":"https:\/\/pas.websitehelden.net\/de\/wp-json\/wp\/v2\/types\/page"}],"author":[{"embeddable":true,"href":"https:\/\/pas.websitehelden.net\/de\/wp-json\/wp\/v2\/users\/2"}],"replies":[{"embeddable":true,"href":"https:\/\/pas.websitehelden.net\/de\/wp-json\/wp\/v2\/comments?post=1658"}],"version-history":[{"count":0,"href":"https:\/\/pas.websitehelden.net\/de\/wp-json\/wp\/v2\/pages\/1658\/revisions"}],"up":[{"embeddable":true,"href":"https:\/\/pas.websitehelden.net\/de\/wp-json\/wp\/v2\/pages\/1487"}],"wp:featuredmedia":[{"embeddable":true,"href":"https:\/\/pas.websitehelden.net\/de\/wp-json\/wp\/v2\/media\/1659"}],"wp:attachment":[{"href":"https:\/\/pas.websitehelden.net\/de\/wp-json\/wp\/v2\/media?parent=1658"}],"wp:term":[{"taxonomy":"category","embeddable":true,"href":"https:\/\/pas.websitehelden.net\/de\/wp-json\/wp\/v2\/categories?post=1658"},{"taxonomy":"post_tag","embeddable":true,"href":"https:\/\/pas.websitehelden.net\/de\/wp-json\/wp\/v2\/tags?post=1658"}],"curies":[{"name":"wp","href":"https:\/\/api.w.org\/{rel}","templated":true}]}}