{"id":1582,"date":"2021-12-20T14:10:50","date_gmt":"2021-12-20T13:10:50","guid":{"rendered":"https:\/\/www.pasflights.com\/?page_id=1582"},"modified":"2025-04-07T10:18:52","modified_gmt":"2025-04-07T08:18:52","slug":"vip-aircraft-charter","status":"publish","type":"page","link":"https:\/\/pas.websitehelden.net\/de\/gruppenfluege-buchen\/vip-aircraft-charter\/","title":{"rendered":"VIP Aircraft Charter"},"content":{"rendered":"\t\t<div data-elementor-type=\"wp-page\" data-elementor-id=\"1582\" class=\"elementor elementor-1582\" data-elementor-post-type=\"page\">\n\t\t\t\t\t\t<section class=\"elementor-section elementor-top-section elementor-element elementor-element-a3363a3 elementor-section-boxed elementor-section-height-default elementor-section-height-default\" data-id=\"a3363a3\" data-element_type=\"section\">\n\t\t\t\t\t\t<div class=\"elementor-container elementor-column-gap-default\">\n\t\t\t\t\t<div class=\"elementor-column elementor-col-100 elementor-top-column elementor-element elementor-element-80ebd3c\" data-id=\"80ebd3c\" data-element_type=\"column\">\n\t\t\t<div class=\"elementor-widget-wrap elementor-element-populated\">\n\t\t\t\t\t\t<div class=\"elementor-element elementor-element-e216bb8 elementor-widget elementor-widget-heading\" data-id=\"e216bb8\" data-element_type=\"widget\" data-widget_type=\"heading.default\">\n\t\t\t\t<div class=\"elementor-widget-container\">\n\t\t\t\t\t<h1 class=\"elementor-heading-title elementor-size-default\">VIP Aircraft Charter - mit besonderem komfort \u00fcber den wolken<\/h1>\t\t\t\t<\/div>\n\t\t\t\t<\/div>\n\t\t\t\t<div class=\"elementor-element elementor-element-171b86e elementor-widget elementor-widget-text-editor\" data-id=\"171b86e\" data-element_type=\"widget\" data-widget_type=\"text-editor.default\">\n\t\t\t\t<div class=\"elementor-widget-container\">\n\t\t\t\t\t\t\t\t\t<p>Suchen Sie nach dem Besonderen und wollen in jeder Hinsicht un\u00fcbertroffenen Komfort \u00fcber den Wolken genie\u00dfen? Oder m\u00f6chten Sie die Zeit unterwegs effizient nutzen, um sich uneingeschr\u00e4nkt auf Ihre Arbeit zu konzentrieren? Ein VIP Aircraft Charter verleiht Ihrer Flugreise, ob gesch\u00e4ftlich oder privat, Luxus, Repr\u00e4sentanz, zahlreiche Annehmlichkeiten und bietet das perfekte Ambiente f\u00fcr Gesch\u00e4ftstermine, Konferenzen und Meetings.<\/p><p>Ein VIP Aircraft ist die ideale Wahl, wenn es um Langstreckenfl\u00fcge mit Reichweiten von 7.000 bis 12.500 km geht. Beim Business Jet mieten erwarten Sie gro\u00dfz\u00fcgige Kabinen mit viel Raum f\u00fcr Ihre Privatsph\u00e4re, eine gehobene Innenausstattung mit gem\u00fctlichen Schlafzimmern, exklusiven Wohnbereichen, eleganten Bars mit Lounge und gro\u00dfz\u00fcgige B\u00e4der mit Duschen. Dar\u00fcber hinaus stellen wir eine umfassende und auf Ihre Bed\u00fcrfnisse abgestimmte Betreuung sicher und begleiten Ihre VIP-Reise mit einem kulinarischen Catering.<\/p>\t\t\t\t\t\t\t\t<\/div>\n\t\t\t\t<\/div>\n\t\t\t\t\t<\/div>\n\t\t<\/div>\n\t\t\t\t\t<\/div>\n\t\t<\/section>\n\t\t\t\t<section class=\"elementor-section elementor-top-section elementor-element elementor-element-3249503 elementor-section-full_width elementor-section-height-default elementor-section-height-default\" data-id=\"3249503\" data-element_type=\"section\">\n\t\t\t\t\t\t<div class=\"elementor-container elementor-column-gap-default\">\n\t\t\t\t\t<div class=\"elementor-column elementor-col-100 elementor-top-column elementor-element elementor-element-89660da\" data-id=\"89660da\" data-element_type=\"column\">\n\t\t\t<div class=\"elementor-widget-wrap\">\n\t\t\t\t\t\t\t<\/div>\n\t\t<\/div>\n\t\t\t\t\t<\/div>\n\t\t<\/section>\n\t\t\t\t<section class=\"elementor-section elementor-top-section elementor-element elementor-element-a5bea5a elementor-section-full_width elementor-section-height-default elementor-section-height-default\" data-id=\"a5bea5a\" data-element_type=\"section\">\n\t\t\t\t\t\t<div class=\"elementor-container elementor-column-gap-default\">\n\t\t\t\t\t<div class=\"elementor-column elementor-col-100 elementor-top-column elementor-element elementor-element-c757e53\" data-id=\"c757e53\" data-element_type=\"column\">\n\t\t\t<div class=\"elementor-widget-wrap elementor-element-populated\">\n\t\t\t\t\t\t<div class=\"elementor-element elementor-element-d783156 elementor-widget elementor-widget-shortcode\" data-id=\"d783156\" data-element_type=\"widget\" data-widget_type=\"shortcode.default\">\n\t\t\t\t<div class=\"elementor-widget-container\">\n\t\t\t\t\t\t\t<div class=\"elementor-shortcode\">\t\t<div data-elementor-type=\"section\" data-elementor-id=\"1207\" class=\"elementor elementor-1207\" data-elementor-post-type=\"elementor_library\">\n\t\t\t\t\t<section class=\"elementor-section elementor-top-section elementor-element elementor-element-1a9bbed8 elementor-section-boxed elementor-section-height-default elementor-section-height-default\" data-id=\"1a9bbed8\" data-element_type=\"section\">\n\t\t\t\t\t\t<div class=\"elementor-container elementor-column-gap-default\">\n\t\t\t\t\t<div class=\"elementor-column elementor-col-100 elementor-top-column elementor-element elementor-element-74ea37fb\" data-id=\"74ea37fb\" data-element_type=\"column\">\n\t\t\t<div class=\"elementor-widget-wrap elementor-element-populated\">\n\t\t\t\t\t\t<div class=\"elementor-element elementor-element-46435d7a elementor-widget elementor-widget-heading\" data-id=\"46435d7a\" data-element_type=\"widget\" data-widget_type=\"heading.default\">\n\t\t\t\t<div class=\"elementor-widget-container\">\n\t\t\t\t\t<span class=\"elementor-heading-title elementor-size-default\">Anfrage &amp; Kontakt<\/span>\t\t\t\t<\/div>\n\t\t\t\t<\/div>\n\t\t\t\t<div class=\"elementor-element elementor-element-26e4099f elementor-widget elementor-widget-heading\" data-id=\"26e4099f\" data-element_type=\"widget\" data-widget_type=\"heading.default\">\n\t\t\t\t<div class=\"elementor-widget-container\">\n\t\t\t\t\t<h2 class=\"elementor-heading-title elementor-size-default\">Anfrage &amp; Kontakt<\/h2>\t\t\t\t<\/div>\n\t\t\t\t<\/div>\n\t\t\t\t<section class=\"elementor-section elementor-inner-section elementor-element elementor-element-3a7e5399 elementor-section-boxed elementor-section-height-default elementor-section-height-default\" data-id=\"3a7e5399\" data-element_type=\"section\" data-settings=\"{&quot;background_background&quot;:&quot;classic&quot;}\">\n\t\t\t\t\t\t<div class=\"elementor-container elementor-column-gap-default\">\n\t\t\t\t\t<div class=\"elementor-column elementor-col-50 elementor-inner-column elementor-element elementor-element-1ca44ff9\" data-id=\"1ca44ff9\" data-element_type=\"column\">\n\t\t\t<div class=\"elementor-widget-wrap\">\n\t\t\t\t\t\t\t<\/div>\n\t\t<\/div>\n\t\t\t\t<div class=\"elementor-column elementor-col-50 elementor-inner-column elementor-element elementor-element-30227c15\" data-id=\"30227c15\" data-element_type=\"column\" data-settings=\"{&quot;background_background&quot;:&quot;classic&quot;}\">\n\t\t\t<div class=\"elementor-widget-wrap elementor-element-populated\">\n\t\t\t\t\t\t<div class=\"elementor-element elementor-element-4c6a8960 elementor-widget elementor-widget-heading\" data-id=\"4c6a8960\" data-element_type=\"widget\" data-widget_type=\"heading.default\">\n\t\t\t\t<div class=\"elementor-widget-container\">\n\t\t\t\t\t<h2 class=\"elementor-heading-title elementor-size-default\">SIE HABEN FRAGEN oder m\u00f6chten eine Anfrage f\u00fcr einen Flug stellen? <br>WIR SIND F\u00dcR SIE DA \u2013 PER MAIL, KONTAKTFORMULAR ODER PER TELEFON!<\/h2>\t\t\t\t<\/div>\n\t\t\t\t<\/div>\n\t\t\t\t<div class=\"elementor-element elementor-element-abe2a2d elementor-widget elementor-widget-heading\" data-id=\"abe2a2d\" data-element_type=\"widget\" data-widget_type=\"heading.default\">\n\t\t\t\t<div class=\"elementor-widget-container\">\n\t\t\t\t\t<span class=\"elementor-heading-title elementor-size-default\">24\/7 ist Ihr pers\u00f6nlicher Ansprechpartner f\u00fcr Sie da<\/span>\t\t\t\t<\/div>\n\t\t\t\t<\/div>\n\t\t\t\t<div class=\"elementor-element elementor-element-2ce577c elementor-align-start elementor-widget__width-auto elementor-icon-list--layout-traditional elementor-list-item-link-full_width elementor-widget elementor-widget-icon-list\" data-id=\"2ce577c\" data-element_type=\"widget\" data-widget_type=\"icon-list.default\">\n\t\t\t\t<div class=\"elementor-widget-container\">\n\t\t\t\t\t\t\t<ul class=\"elementor-icon-list-items\">\n\t\t\t\t\t\t\t<li class=\"elementor-icon-list-item\">\n\t\t\t\t\t\t\t\t\t\t\t<a href=\"https:\/\/pas.websitehelden.net\/kontakt\/\">\n\n\t\t\t\t\t\t\t\t\t\t\t\t<span class=\"elementor-icon-list-icon\">\n\t\t\t\t\t\t\t<i aria-hidden=\"true\" class=\"fas fa-envelope\"><\/i>\t\t\t\t\t\t<\/span>\n\t\t\t\t\t\t\t\t\t\t<span class=\"elementor-icon-list-text\">info@pasflights.com<\/span>\n\t\t\t\t\t\t\t\t\t\t\t<\/a>\n\t\t\t\t\t\t\t\t\t<\/li>\n\t\t\t\t\t\t\t\t<li class=\"elementor-icon-list-item\">\n\t\t\t\t\t\t\t\t\t\t\t<a href=\"tel:+49%202204%2070606-0\">\n\n\t\t\t\t\t\t\t\t\t\t\t\t<span class=\"elementor-icon-list-icon\">\n\t\t\t\t\t\t\t<i aria-hidden=\"true\" class=\"fas fa-phone-alt\"><\/i>\t\t\t\t\t\t<\/span>\n\t\t\t\t\t\t\t\t\t\t<span class=\"elementor-icon-list-text\">+ 49 2204 70606-0<\/span>\n\t\t\t\t\t\t\t\t\t\t\t<\/a>\n\t\t\t\t\t\t\t\t\t<\/li>\n\t\t\t\t\t\t<\/ul>\n\t\t\t\t\t\t<\/div>\n\t\t\t\t<\/div>\n\t\t\t\t<div class=\"elementor-element elementor-element-462f1838 elementor-align-right pinkbuttonfull elementor-tablet-align-left elementor-mobile-align-justify elementor-widget elementor-widget-button\" data-id=\"462f1838\" data-element_type=\"widget\" data-widget_type=\"button.default\">\n\t\t\t\t<div class=\"elementor-widget-container\">\n\t\t\t\t\t\t\t\t\t<div class=\"elementor-button-wrapper\">\n\t\t\t\t\t<a class=\"elementor-button elementor-button-link elementor-size-sm\" href=\"\/de\/kontakt\/\">\n\t\t\t\t\t\t<span class=\"elementor-button-content-wrapper\">\n\t\t\t\t\t\t\t\t\t<span class=\"elementor-button-text\">Jetzt anfragen oder Kontakt aufnehmen<\/span>\n\t\t\t\t\t<\/span>\n\t\t\t\t\t<\/a>\n\t\t\t\t<\/div>\n\t\t\t\t\t\t\t\t<\/div>\n\t\t\t\t<\/div>\n\t\t\t\t\t<\/div>\n\t\t<\/div>\n\t\t\t\t\t<\/div>\n\t\t<\/section>\n\t\t\t\t<div class=\"elementor-element elementor-element-60957350 elementor-widget elementor-widget-image\" data-id=\"60957350\" data-element_type=\"widget\" data-widget_type=\"image.default\">\n\t\t\t\t<div class=\"elementor-widget-container\">\n\t\t\t\t\t\t\t\t\t\t\t\t\t\t\t<img decoding=\"async\" src=\"https:\/\/er7k5njc6uc.exactdn.com\/wp-content\/uploads\/elementor\/thumbs\/privatjet-buchen_kontakt-rawwxlf5e5ptspptkdb8apcdi94cfpobtspz7qq45k.jpg?strip=all&lossy=1&w=1920&ssl=1\" title=\"privatjet-buchen_kontakt\" alt=\"Contact\" loading=\"lazy\" \/>\t\t\t\t\t\t\t\t\t\t\t\t\t\t\t<\/div>\n\t\t\t\t<\/div>\n\t\t\t\t\t<\/div>\n\t\t<\/div>\n\t\t\t\t\t<\/div>\n\t\t<\/section>\n\t\t\t\t<\/div>\n\t\t<\/div>\n\t\t\t\t\t\t<\/div>\n\t\t\t\t<\/div>\n\t\t\t\t\t<\/div>\n\t\t<\/div>\n\t\t\t\t\t<\/div>\n\t\t<\/section>\n\t\t\t\t<section class=\"elementor-section elementor-top-section elementor-element elementor-element-a7e2a59 elementor-section-boxed elementor-section-height-default elementor-section-height-default\" data-id=\"a7e2a59\" data-element_type=\"section\">\n\t\t\t\t\t\t<div class=\"elementor-container elementor-column-gap-default\">\n\t\t\t\t\t<div class=\"elementor-column elementor-col-100 elementor-top-column elementor-element elementor-element-67d1723\" data-id=\"67d1723\" data-element_type=\"column\">\n\t\t\t<div class=\"elementor-widget-wrap elementor-element-populated\">\n\t\t\t\t\t\t<div class=\"elementor-element elementor-element-acf6d0d elementor-widget elementor-widget-heading\" data-id=\"acf6d0d\" data-element_type=\"widget\" data-widget_type=\"heading.default\">\n\t\t\t\t<div class=\"elementor-widget-container\">\n\t\t\t\t\t<h2 class=\"elementor-heading-title elementor-size-default\">vip aircraft charter von <strong>PAS<\/strong>flights - genau das richtige f\u00fcr sie<\/h2>\t\t\t\t<\/div>\n\t\t\t\t<\/div>\n\t\t\t\t<div class=\"elementor-element elementor-element-87a8d89 elementor-widget elementor-widget-text-editor\" data-id=\"87a8d89\" data-element_type=\"widget\" data-widget_type=\"text-editor.default\">\n\t\t\t\t<div class=\"elementor-widget-container\">\n\t\t\t\t\t\t\t\t\t<p>Modernste Technik, die branchenweit schnellste Internetverbindung und spezielle Konferenzbereiche machen den VIP Aircraft Charter perfekt f\u00fcr Meetings und Besprechungen in luftiger H\u00f6he, bei denen Sie einen garantiert reibungslosen Ablauf erwarten k\u00f6nnen. M\u00f6chten Sie ein Business Flugzeug mieten, das Ihre hohen Anspr\u00fcche an effiziente Arbeitsleistungen erf\u00fcllt, ist der VIP Air Transport genau das Richtige f\u00fcr Sie. Und nach getaner Arbeit entspannen Sie bei einem guten Glas Wein oder nutzen das umfassende Entertainment-Angebot.<\/p><p>Reisen Sie mit Gruppengr\u00f6\u00dfen jeder Art beim VIP Aircraft Charter. Die flexible Kabinenkonfiguration erlaubt es, dass die Anzahl der Sitzpl\u00e4tze stets angepasst werden kann. Bei uns fliegen so selbst bis zu 100 Passagiere bequem zur Ziel-Destination. Der gro\u00dfe Gep\u00e4ckraum stellt sicher, dass jeder die M\u00f6glichkeit hat, seinen pers\u00f6nlichen Reisebedarf mitzunehmen. Ein Gesch\u00e4ftsreiseflugzeug zu mieten mit uns von <strong>PAS<\/strong>flights bedeutet nicht nur zuverl\u00e4ssig anzukommen, sondern die Flugreise selbst zum Erlebnis werden zu lassen.<\/p><p><strong><br \/>VIP Aircraft<\/strong>: Boeing 737 VIP Business \/ Boeing 767 VIP Business \/ Airbus A319 Corporate Jet \/ Airbus A340 Corporate Jet<\/p>\t\t\t\t\t\t\t\t<\/div>\n\t\t\t\t<\/div>\n\t\t\t\t\t<\/div>\n\t\t<\/div>\n\t\t\t\t\t<\/div>\n\t\t<\/section>\n\t\t\t\t<\/div>\n\t\t","protected":false},"excerpt":{"rendered":"<p>VIP Aircraft Charter &#8211; mit besonderem komfort \u00fcber den wolken Suchen Sie nach dem Besonderen und wollen in jeder Hinsicht un\u00fcbertroffenen Komfort \u00fcber den Wolken genie\u00dfen? Oder m\u00f6chten Sie die Zeit unterwegs effizient nutzen, um sich uneingeschr\u00e4nkt auf Ihre Arbeit zu konzentrieren? Ein VIP Aircraft Charter verleiht Ihrer Flugreise, ob gesch\u00e4ftlich oder privat, Luxus, Repr\u00e4sentanz, [&hellip;]<\/p>\n","protected":false},"author":2,"featured_media":1583,"parent":1563,"menu_order":60,"comment_status":"closed","ping_status":"closed","template":"","meta":{"_acf_changed":false,"footnotes":""},"categories":[],"tags":[19],"class_list":["post-1582","page","type-page","status-publish","has-post-thumbnail","hentry","tag-gruppenfluege"],"acf":[],"yoast_head":"<!-- This site is optimized with the Yoast SEO plugin v27.4 - https:\/\/yoast.com\/product\/yoast-seo-wordpress\/ -->\n<title>VIP Aircraft Charter - Entspannt ans Ziel kommen!<\/title>\n<meta name=\"description\" content=\"Komfort und Exklusivit\u00e4t \u00bb Reisen Sie in Gruppen bis zu 100 Personen \u2714 Mit Schlafzimmer, Wohnbereich, Bars und Duschen \u2714 Jetzt buchen auf | pasflights\" \/>\n<meta name=\"robots\" content=\"index, follow, max-snippet:-1, max-image-preview:large, max-video-preview:-1\" \/>\n<link rel=\"canonical\" href=\"https:\/\/pas.websitehelden.net\/de\/gruppenfluege-buchen\/vip-aircraft-charter\/\" \/>\n<meta property=\"og:locale\" content=\"de_DE\" \/>\n<meta property=\"og:type\" content=\"article\" \/>\n<meta property=\"og:title\" content=\"VIP Aircraft Charter - Entspannt ans Ziel kommen!\" \/>\n<meta property=\"og:description\" content=\"Komfort und Exklusivit\u00e4t \u00bb Reisen Sie in Gruppen bis zu 100 Personen \u2714 Mit Schlafzimmer, Wohnbereich, Bars und Duschen \u2714 Jetzt buchen auf | pasflights\" \/>\n<meta property=\"og:url\" content=\"https:\/\/pas.websitehelden.net\/de\/gruppenfluege-buchen\/vip-aircraft-charter\/\" \/>\n<meta property=\"og:site_name\" content=\"Pasflights\" \/>\n<meta property=\"article:modified_time\" content=\"2025-04-07T08:18:52+00:00\" \/>\n<meta property=\"og:image\" content=\"https:\/\/er7k5njc6uc.exactdn.com\/wp-content\/uploads\/2021\/12\/VIP-aircraft-charter-banner-scaled.jpg?strip=all&lossy=1&ssl=1\" \/>\n\t<meta property=\"og:image:width\" content=\"2560\" \/>\n\t<meta property=\"og:image:height\" content=\"877\" \/>\n\t<meta property=\"og:image:type\" content=\"image\/jpeg\" \/>\n<meta name=\"twitter:card\" content=\"summary_large_image\" \/>\n<meta name=\"twitter:label1\" content=\"Gesch\u00e4tzte Lesezeit\" \/>\n\t<meta name=\"twitter:data1\" content=\"21\u00a0Minuten\" \/>\n<script type=\"application\/ld+json\" class=\"yoast-schema-graph\">{\"@context\":\"https:\\\/\\\/schema.org\",\"@graph\":[{\"@type\":\"WebPage\",\"@id\":\"https:\\\/\\\/pas.websitehelden.net\\\/de\\\/gruppenfluege-buchen\\\/vip-aircraft-charter\\\/\",\"url\":\"https:\\\/\\\/pas.websitehelden.net\\\/de\\\/gruppenfluege-buchen\\\/vip-aircraft-charter\\\/\",\"name\":\"VIP Aircraft Charter - Entspannt ans Ziel kommen!\",\"isPartOf\":{\"@id\":\"https:\\\/\\\/pas.websitehelden.net\\\/de\\\/#website\"},\"primaryImageOfPage\":{\"@id\":\"https:\\\/\\\/pas.websitehelden.net\\\/de\\\/gruppenfluege-buchen\\\/vip-aircraft-charter\\\/#primaryimage\"},\"image\":{\"@id\":\"https:\\\/\\\/pas.websitehelden.net\\\/de\\\/gruppenfluege-buchen\\\/vip-aircraft-charter\\\/#primaryimage\"},\"thumbnailUrl\":\"https:\\\/\\\/er7k5njc6uc.exactdn.com\\\/wp-content\\\/uploads\\\/2021\\\/12\\\/VIP-aircraft-charter-banner-scaled.jpg?strip=all&lossy=1&ssl=1\",\"datePublished\":\"2021-12-20T13:10:50+00:00\",\"dateModified\":\"2025-04-07T08:18:52+00:00\",\"description\":\"Komfort und Exklusivit\u00e4t \u00bb Reisen Sie in Gruppen bis zu 100 Personen \u2714 Mit Schlafzimmer, Wohnbereich, Bars und Duschen \u2714 Jetzt buchen auf | pasflights\",\"breadcrumb\":{\"@id\":\"https:\\\/\\\/pas.websitehelden.net\\\/de\\\/gruppenfluege-buchen\\\/vip-aircraft-charter\\\/#breadcrumb\"},\"inLanguage\":\"de\",\"potentialAction\":[{\"@type\":\"ReadAction\",\"target\":[\"https:\\\/\\\/pas.websitehelden.net\\\/de\\\/gruppenfluege-buchen\\\/vip-aircraft-charter\\\/\"]}]},{\"@type\":\"ImageObject\",\"inLanguage\":\"de\",\"@id\":\"https:\\\/\\\/pas.websitehelden.net\\\/de\\\/gruppenfluege-buchen\\\/vip-aircraft-charter\\\/#primaryimage\",\"url\":\"https:\\\/\\\/er7k5njc6uc.exactdn.com\\\/wp-content\\\/uploads\\\/2021\\\/12\\\/VIP-aircraft-charter-banner-scaled.jpg?strip=all&lossy=1&ssl=1\",\"contentUrl\":\"https:\\\/\\\/er7k5njc6uc.exactdn.com\\\/wp-content\\\/uploads\\\/2021\\\/12\\\/VIP-aircraft-charter-banner-scaled.jpg?strip=all&lossy=1&ssl=1\",\"width\":2560,\"height\":877},{\"@type\":\"BreadcrumbList\",\"@id\":\"https:\\\/\\\/pas.websitehelden.net\\\/de\\\/gruppenfluege-buchen\\\/vip-aircraft-charter\\\/#breadcrumb\",\"itemListElement\":[{\"@type\":\"ListItem\",\"position\":1,\"name\":\"Startseite\",\"item\":\"https:\\\/\\\/pas.websitehelden.net\\\/de\\\/\"},{\"@type\":\"ListItem\",\"position\":2,\"name\":\"Gruppenfl\u00fcge\",\"item\":\"https:\\\/\\\/pas.websitehelden.net\\\/de\\\/gruppenfluege-buchen\\\/\"},{\"@type\":\"ListItem\",\"position\":3,\"name\":\"VIP Aircraft Charter\"}]},{\"@type\":\"WebSite\",\"@id\":\"https:\\\/\\\/pas.websitehelden.net\\\/de\\\/#website\",\"url\":\"https:\\\/\\\/pas.websitehelden.net\\\/de\\\/\",\"name\":\"Pasflights\",\"description\":\"Eine weitere WordPress-Website\",\"potentialAction\":[{\"@type\":\"SearchAction\",\"target\":{\"@type\":\"EntryPoint\",\"urlTemplate\":\"https:\\\/\\\/pas.websitehelden.net\\\/de\\\/?s={search_term_string}\"},\"query-input\":{\"@type\":\"PropertyValueSpecification\",\"valueRequired\":true,\"valueName\":\"search_term_string\"}}],\"inLanguage\":\"de\"}]}<\/script>\n<!-- \/ Yoast SEO plugin. -->","yoast_head_json":{"title":"VIP Aircraft Charter - Entspannt ans Ziel kommen!","description":"Komfort und Exklusivit\u00e4t \u00bb Reisen Sie in Gruppen bis zu 100 Personen \u2714 Mit Schlafzimmer, Wohnbereich, Bars und Duschen \u2714 Jetzt buchen auf | pasflights","robots":{"index":"index","follow":"follow","max-snippet":"max-snippet:-1","max-image-preview":"max-image-preview:large","max-video-preview":"max-video-preview:-1"},"canonical":"https:\/\/pas.websitehelden.net\/de\/gruppenfluege-buchen\/vip-aircraft-charter\/","og_locale":"de_DE","og_type":"article","og_title":"VIP Aircraft Charter - Entspannt ans Ziel kommen!","og_description":"Komfort und Exklusivit\u00e4t \u00bb Reisen Sie in Gruppen bis zu 100 Personen \u2714 Mit Schlafzimmer, Wohnbereich, Bars und Duschen \u2714 Jetzt buchen auf | pasflights","og_url":"https:\/\/pas.websitehelden.net\/de\/gruppenfluege-buchen\/vip-aircraft-charter\/","og_site_name":"Pasflights","article_modified_time":"2025-04-07T08:18:52+00:00","og_image":[{"width":2560,"height":877,"url":"https:\/\/er7k5njc6uc.exactdn.com\/wp-content\/uploads\/2021\/12\/VIP-aircraft-charter-banner-scaled.jpg?strip=all&lossy=1&ssl=1","type":"image\/jpeg"}],"twitter_card":"summary_large_image","twitter_misc":{"Gesch\u00e4tzte Lesezeit":"21\u00a0Minuten"},"schema":{"@context":"https:\/\/schema.org","@graph":[{"@type":"WebPage","@id":"https:\/\/pas.websitehelden.net\/de\/gruppenfluege-buchen\/vip-aircraft-charter\/","url":"https:\/\/pas.websitehelden.net\/de\/gruppenfluege-buchen\/vip-aircraft-charter\/","name":"VIP Aircraft Charter - Entspannt ans Ziel kommen!","isPartOf":{"@id":"https:\/\/pas.websitehelden.net\/de\/#website"},"primaryImageOfPage":{"@id":"https:\/\/pas.websitehelden.net\/de\/gruppenfluege-buchen\/vip-aircraft-charter\/#primaryimage"},"image":{"@id":"https:\/\/pas.websitehelden.net\/de\/gruppenfluege-buchen\/vip-aircraft-charter\/#primaryimage"},"thumbnailUrl":"https:\/\/er7k5njc6uc.exactdn.com\/wp-content\/uploads\/2021\/12\/VIP-aircraft-charter-banner-scaled.jpg?strip=all&lossy=1&ssl=1","datePublished":"2021-12-20T13:10:50+00:00","dateModified":"2025-04-07T08:18:52+00:00","description":"Komfort und Exklusivit\u00e4t \u00bb Reisen Sie in Gruppen bis zu 100 Personen \u2714 Mit Schlafzimmer, Wohnbereich, Bars und Duschen \u2714 Jetzt buchen auf | pasflights","breadcrumb":{"@id":"https:\/\/pas.websitehelden.net\/de\/gruppenfluege-buchen\/vip-aircraft-charter\/#breadcrumb"},"inLanguage":"de","potentialAction":[{"@type":"ReadAction","target":["https:\/\/pas.websitehelden.net\/de\/gruppenfluege-buchen\/vip-aircraft-charter\/"]}]},{"@type":"ImageObject","inLanguage":"de","@id":"https:\/\/pas.websitehelden.net\/de\/gruppenfluege-buchen\/vip-aircraft-charter\/#primaryimage","url":"https:\/\/er7k5njc6uc.exactdn.com\/wp-content\/uploads\/2021\/12\/VIP-aircraft-charter-banner-scaled.jpg?strip=all&lossy=1&ssl=1","contentUrl":"https:\/\/er7k5njc6uc.exactdn.com\/wp-content\/uploads\/2021\/12\/VIP-aircraft-charter-banner-scaled.jpg?strip=all&lossy=1&ssl=1","width":2560,"height":877},{"@type":"BreadcrumbList","@id":"https:\/\/pas.websitehelden.net\/de\/gruppenfluege-buchen\/vip-aircraft-charter\/#breadcrumb","itemListElement":[{"@type":"ListItem","position":1,"name":"Startseite","item":"https:\/\/pas.websitehelden.net\/de\/"},{"@type":"ListItem","position":2,"name":"Gruppenfl\u00fcge","item":"https:\/\/pas.websitehelden.net\/de\/gruppenfluege-buchen\/"},{"@type":"ListItem","position":3,"name":"VIP Aircraft Charter"}]},{"@type":"WebSite","@id":"https:\/\/pas.websitehelden.net\/de\/#website","url":"https:\/\/pas.websitehelden.net\/de\/","name":"Pasflights","description":"Eine weitere WordPress-Website","potentialAction":[{"@type":"SearchAction","target":{"@type":"EntryPoint","urlTemplate":"https:\/\/pas.websitehelden.net\/de\/?s={search_term_string}"},"query-input":{"@type":"PropertyValueSpecification","valueRequired":true,"valueName":"search_term_string"}}],"inLanguage":"de"}]}},"_links":{"self":[{"href":"https:\/\/pas.websitehelden.net\/de\/wp-json\/wp\/v2\/pages\/1582","targetHints":{"allow":["GET"]}}],"collection":[{"href":"https:\/\/pas.websitehelden.net\/de\/wp-json\/wp\/v2\/pages"}],"about":[{"href":"https:\/\/pas.websitehelden.net\/de\/wp-json\/wp\/v2\/types\/page"}],"author":[{"embeddable":true,"href":"https:\/\/pas.websitehelden.net\/de\/wp-json\/wp\/v2\/users\/2"}],"replies":[{"embeddable":true,"href":"https:\/\/pas.websitehelden.net\/de\/wp-json\/wp\/v2\/comments?post=1582"}],"version-history":[{"count":0,"href":"https:\/\/pas.websitehelden.net\/de\/wp-json\/wp\/v2\/pages\/1582\/revisions"}],"up":[{"embeddable":true,"href":"https:\/\/pas.websitehelden.net\/de\/wp-json\/wp\/v2\/pages\/1563"}],"wp:featuredmedia":[{"embeddable":true,"href":"https:\/\/pas.websitehelden.net\/de\/wp-json\/wp\/v2\/media\/1583"}],"wp:attachment":[{"href":"https:\/\/pas.websitehelden.net\/de\/wp-json\/wp\/v2\/media?parent=1582"}],"wp:term":[{"taxonomy":"category","embeddable":true,"href":"https:\/\/pas.websitehelden.net\/de\/wp-json\/wp\/v2\/categories?post=1582"},{"taxonomy":"post_tag","embeddable":true,"href":"https:\/\/pas.websitehelden.net\/de\/wp-json\/wp\/v2\/tags?post=1582"}],"curies":[{"name":"wp","href":"https:\/\/api.w.org\/{rel}","templated":true}]}}