{"id":1575,"date":"2021-12-20T14:07:11","date_gmt":"2021-12-20T13:07:11","guid":{"rendered":"https:\/\/www.pasflights.com\/?page_id=1575"},"modified":"2025-04-07T10:18:37","modified_gmt":"2025-04-07T08:18:37","slug":"linienfluege-buchen","status":"publish","type":"page","link":"https:\/\/pas.websitehelden.net\/de\/gruppenfluege-buchen\/linienfluege-buchen\/","title":{"rendered":"Linienflu\u0308ge buchen"},"content":{"rendered":"\t\t<div data-elementor-type=\"wp-page\" data-elementor-id=\"1575\" class=\"elementor elementor-1575\" data-elementor-post-type=\"page\">\n\t\t\t\t\t\t<section class=\"elementor-section elementor-top-section elementor-element elementor-element-125448e elementor-section-boxed elementor-section-height-default elementor-section-height-default\" data-id=\"125448e\" data-element_type=\"section\">\n\t\t\t\t\t\t<div class=\"elementor-container elementor-column-gap-default\">\n\t\t\t\t\t<div class=\"elementor-column elementor-col-100 elementor-top-column elementor-element elementor-element-b13d164\" data-id=\"b13d164\" data-element_type=\"column\">\n\t\t\t<div class=\"elementor-widget-wrap elementor-element-populated\">\n\t\t\t\t\t\t<div class=\"elementor-element elementor-element-fa2abab elementor-widget elementor-widget-heading\" data-id=\"fa2abab\" data-element_type=\"widget\" data-widget_type=\"heading.default\">\n\t\t\t\t<div class=\"elementor-widget-container\">\n\t\t\t\t\t<h1 class=\"elementor-heading-title elementor-size-default\">Linienfl\u00fcge buchen \u2013 wir organisieren Ihre Gruppenreise<\/h1>\t\t\t\t<\/div>\n\t\t\t\t<\/div>\n\t\t\t\t<div class=\"elementor-element elementor-element-d6f4b13 elementor-widget elementor-widget-text-editor\" data-id=\"d6f4b13\" data-element_type=\"widget\" data-widget_type=\"text-editor.default\">\n\t\t\t\t<div class=\"elementor-widget-container\">\n\t\t\t\t\t\t\t\t\t<p>Als Experte f\u00fcr Ad-Hoc-Charter, Privatjets und Helikopter, Luftfracht und Gruppenfl\u00fcge finden wir f\u00fcr Sie immer die besten Flugl\u00f6sungen. Bei <strong>PAS<\/strong>flights bieten wir Ihnen eine effektive und preislich attraktive Kombination aus Linienfl\u00fcgen und Charterfl\u00fcgen zu Ihren Zieldestinationen.<\/p><p>Durch unsere weltweite Vernetzung und Zusammenarbeit ist es uns m\u00f6glich, mit allen verf\u00fcgbaren Fluggesellschaften und Flugh\u00e4fen Linienfl\u00fcge zu buchen, selbst zu Spitzenzeiten mit Ihrem Wunschkontingent. Verlassen Sie sich auf die perfekte Organisation und maximale Flexibilit\u00e4t. Um Ihren hohen Anspr\u00fcchen bei Linienfl\u00fcgen und Charterfl\u00fcgen gerecht zu werden, haben wir die weltweit agierende <strong>Skylink Holding <\/strong>und ihren Tochterunternehmen als Partner und greifen damit auf ein umfassendes Leistungsspektrum zur\u00fcck.<\/p>\t\t\t\t\t\t\t\t<\/div>\n\t\t\t\t<\/div>\n\t\t\t\t<div class=\"elementor-element elementor-element-5687b2f elementor-widget elementor-widget-heading\" data-id=\"5687b2f\" data-element_type=\"widget\" data-widget_type=\"heading.default\">\n\t\t\t\t<div class=\"elementor-widget-container\">\n\t\t\t\t\t<h2 class=\"elementor-heading-title elementor-size-default\">Linienfl\u00fcge mit <strong>PAS<\/strong> buchen<\/h2>\t\t\t\t<\/div>\n\t\t\t\t<\/div>\n\t\t\t\t<div class=\"elementor-element elementor-element-9b1d5a3 elementor-widget elementor-widget-text-editor\" data-id=\"9b1d5a3\" data-element_type=\"widget\" data-widget_type=\"text-editor.default\">\n\t\t\t\t<div class=\"elementor-widget-container\">\n\t\t\t\t\t\t\t\t\t<p>Nicht immer haben Gruppen die M\u00f6glichkeit, dass alle Teilnehmer gemeinsam von einen Startflughafen einen Charterflug antreten. Insbesondere gro\u00dfe Unternehmen agieren weltweit mit Teams, Au\u00dfendienstmitarbeitern, Managern und F\u00fchrungskr\u00e4ften. Auch Regierungen, Delegationen und Konsulate, Sportteams oder Akteure der Automobil- und Filmindustrie ben\u00f6tigen heute individuelle L\u00f6sungen.<\/p><p>Wenn Sie \u00fcber <strong>PAS<\/strong>flights Linienfl\u00fcge buchen, k\u00f6nnen Sie sich auf individuelle Flugl\u00f6sungen freuen, welche sich an Ihren Herausforderungen orientieren. Wir finden stets die besten Linienflugoptionen und -angebote.<\/p><p>Vertrauen Sie von Beginn an auf unseren <a href=\"https:\/\/pas.websitehelden.net\/service\">Service<\/a> durch qualifizierte Flugexperten mit mindestens 15 Jahre Erfahrung und ein weltweites Kooperationsnetzwerk, wenn Sie Linienfl\u00fcge buchen. Souver\u00e4n stemmen wir gro\u00dfe Flugprojekte und kombinieren Linien- und Charterfl\u00fcge in bis zu 5 Kontinente. Empathie, Transparenz und Zuverl\u00e4ssigkeit sind unsere Ma\u00dfst\u00e4be, sodass Ihre Gruppenreise in den besten H\u00e4nden ist.<\/p><p>\u00a0<\/p><p>Ihre Vorteile, wenn Sie Linienfl\u00fcge mit <strong>PAS<\/strong>flights buchen:<\/p><ul><li>Recherche der besten Flugverbindungen und Alternativen unter Einbezug Ihres Budgets<\/li><li>Ber\u00fccksichtigung der Lage und Anbindung der Flugh\u00e4fen gem\u00e4\u00df Ihren Vorgaben<\/li><li>komplette Organisation von Linienfl\u00fcgen und Charterfl\u00fcgen auf Basis eines durchdachten und individuell gestalteten Konzepts<\/li><li>umfangreiches Passagiermanagement<\/li><li>kosteneffiziente Konditionen aufgrund unseres hochwertigen Netzwerks mit weltweiten Fluggesellschaften<\/li><li>rechtssichere Vertr\u00e4ge<\/li><li>sofortige Unterst\u00fctzung in Notfallsituationen wie bei Flugausf\u00e4llen mit einem direkten L\u00f6sungsmanagement<\/li><li>24\/7 Support<\/li><\/ul><p>Nehmen Sie jetzt <a href=\"https:\/\/pas.websitehelden.net\/kontakt\">Kontakt<\/a> zu uns auf und lassen Sie sich individuell beraten. Wir freuen uns auf Sie!<\/p>\t\t\t\t\t\t\t\t<\/div>\n\t\t\t\t<\/div>\n\t\t\t\t\t<\/div>\n\t\t<\/div>\n\t\t\t\t\t<\/div>\n\t\t<\/section>\n\t\t\t\t<section class=\"elementor-section elementor-top-section elementor-element elementor-element-a06a6dc elementor-section-full_width elementor-section-height-default elementor-section-height-default\" data-id=\"a06a6dc\" data-element_type=\"section\">\n\t\t\t\t\t\t<div class=\"elementor-container elementor-column-gap-default\">\n\t\t\t\t\t<div class=\"elementor-column elementor-col-100 elementor-top-column elementor-element elementor-element-f382585\" data-id=\"f382585\" data-element_type=\"column\">\n\t\t\t<div class=\"elementor-widget-wrap elementor-element-populated\">\n\t\t\t\t\t\t<div class=\"elementor-element elementor-element-9bdc499 elementor-widget elementor-widget-shortcode\" data-id=\"9bdc499\" data-element_type=\"widget\" data-widget_type=\"shortcode.default\">\n\t\t\t\t<div class=\"elementor-widget-container\">\n\t\t\t\t\t\t\t<div class=\"elementor-shortcode\">\t\t<div data-elementor-type=\"section\" data-elementor-id=\"1207\" class=\"elementor elementor-1207\" data-elementor-post-type=\"elementor_library\">\n\t\t\t\t\t<section class=\"elementor-section elementor-top-section elementor-element elementor-element-1a9bbed8 elementor-section-boxed elementor-section-height-default elementor-section-height-default\" data-id=\"1a9bbed8\" data-element_type=\"section\">\n\t\t\t\t\t\t<div class=\"elementor-container elementor-column-gap-default\">\n\t\t\t\t\t<div class=\"elementor-column elementor-col-100 elementor-top-column elementor-element elementor-element-74ea37fb\" data-id=\"74ea37fb\" data-element_type=\"column\">\n\t\t\t<div class=\"elementor-widget-wrap elementor-element-populated\">\n\t\t\t\t\t\t<div class=\"elementor-element elementor-element-46435d7a elementor-widget elementor-widget-heading\" data-id=\"46435d7a\" data-element_type=\"widget\" data-widget_type=\"heading.default\">\n\t\t\t\t<div class=\"elementor-widget-container\">\n\t\t\t\t\t<span class=\"elementor-heading-title elementor-size-default\">Anfrage &amp; Kontakt<\/span>\t\t\t\t<\/div>\n\t\t\t\t<\/div>\n\t\t\t\t<div class=\"elementor-element elementor-element-26e4099f elementor-widget elementor-widget-heading\" data-id=\"26e4099f\" data-element_type=\"widget\" data-widget_type=\"heading.default\">\n\t\t\t\t<div class=\"elementor-widget-container\">\n\t\t\t\t\t<h2 class=\"elementor-heading-title elementor-size-default\">Anfrage &amp; Kontakt<\/h2>\t\t\t\t<\/div>\n\t\t\t\t<\/div>\n\t\t\t\t<section class=\"elementor-section elementor-inner-section elementor-element elementor-element-3a7e5399 elementor-section-boxed elementor-section-height-default elementor-section-height-default\" data-id=\"3a7e5399\" data-element_type=\"section\" data-settings=\"{&quot;background_background&quot;:&quot;classic&quot;}\">\n\t\t\t\t\t\t<div class=\"elementor-container elementor-column-gap-default\">\n\t\t\t\t\t<div class=\"elementor-column elementor-col-50 elementor-inner-column elementor-element elementor-element-1ca44ff9\" data-id=\"1ca44ff9\" data-element_type=\"column\">\n\t\t\t<div class=\"elementor-widget-wrap\">\n\t\t\t\t\t\t\t<\/div>\n\t\t<\/div>\n\t\t\t\t<div class=\"elementor-column elementor-col-50 elementor-inner-column elementor-element elementor-element-30227c15\" data-id=\"30227c15\" data-element_type=\"column\" data-settings=\"{&quot;background_background&quot;:&quot;classic&quot;}\">\n\t\t\t<div class=\"elementor-widget-wrap elementor-element-populated\">\n\t\t\t\t\t\t<div class=\"elementor-element elementor-element-4c6a8960 elementor-widget elementor-widget-heading\" data-id=\"4c6a8960\" data-element_type=\"widget\" data-widget_type=\"heading.default\">\n\t\t\t\t<div class=\"elementor-widget-container\">\n\t\t\t\t\t<h2 class=\"elementor-heading-title elementor-size-default\">SIE HABEN FRAGEN oder m\u00f6chten eine Anfrage f\u00fcr einen Flug stellen? <br>WIR SIND F\u00dcR SIE DA \u2013 PER MAIL, KONTAKTFORMULAR ODER PER TELEFON!<\/h2>\t\t\t\t<\/div>\n\t\t\t\t<\/div>\n\t\t\t\t<div class=\"elementor-element elementor-element-abe2a2d elementor-widget elementor-widget-heading\" data-id=\"abe2a2d\" data-element_type=\"widget\" data-widget_type=\"heading.default\">\n\t\t\t\t<div class=\"elementor-widget-container\">\n\t\t\t\t\t<span class=\"elementor-heading-title elementor-size-default\">24\/7 ist Ihr pers\u00f6nlicher Ansprechpartner f\u00fcr Sie da<\/span>\t\t\t\t<\/div>\n\t\t\t\t<\/div>\n\t\t\t\t<div class=\"elementor-element elementor-element-2ce577c elementor-align-start elementor-widget__width-auto elementor-icon-list--layout-traditional elementor-list-item-link-full_width elementor-widget elementor-widget-icon-list\" data-id=\"2ce577c\" data-element_type=\"widget\" data-widget_type=\"icon-list.default\">\n\t\t\t\t<div class=\"elementor-widget-container\">\n\t\t\t\t\t\t\t<ul class=\"elementor-icon-list-items\">\n\t\t\t\t\t\t\t<li class=\"elementor-icon-list-item\">\n\t\t\t\t\t\t\t\t\t\t\t<a href=\"https:\/\/pas.websitehelden.net\/kontakt\/\">\n\n\t\t\t\t\t\t\t\t\t\t\t\t<span class=\"elementor-icon-list-icon\">\n\t\t\t\t\t\t\t<i aria-hidden=\"true\" class=\"fas fa-envelope\"><\/i>\t\t\t\t\t\t<\/span>\n\t\t\t\t\t\t\t\t\t\t<span class=\"elementor-icon-list-text\">info@pasflights.com<\/span>\n\t\t\t\t\t\t\t\t\t\t\t<\/a>\n\t\t\t\t\t\t\t\t\t<\/li>\n\t\t\t\t\t\t\t\t<li class=\"elementor-icon-list-item\">\n\t\t\t\t\t\t\t\t\t\t\t<a href=\"tel:+49%202204%2070606-0\">\n\n\t\t\t\t\t\t\t\t\t\t\t\t<span class=\"elementor-icon-list-icon\">\n\t\t\t\t\t\t\t<i aria-hidden=\"true\" class=\"fas fa-phone-alt\"><\/i>\t\t\t\t\t\t<\/span>\n\t\t\t\t\t\t\t\t\t\t<span class=\"elementor-icon-list-text\">+ 49 2204 70606-0<\/span>\n\t\t\t\t\t\t\t\t\t\t\t<\/a>\n\t\t\t\t\t\t\t\t\t<\/li>\n\t\t\t\t\t\t<\/ul>\n\t\t\t\t\t\t<\/div>\n\t\t\t\t<\/div>\n\t\t\t\t<div class=\"elementor-element elementor-element-462f1838 elementor-align-right pinkbuttonfull elementor-tablet-align-left elementor-mobile-align-justify elementor-widget elementor-widget-button\" data-id=\"462f1838\" data-element_type=\"widget\" data-widget_type=\"button.default\">\n\t\t\t\t<div class=\"elementor-widget-container\">\n\t\t\t\t\t\t\t\t\t<div class=\"elementor-button-wrapper\">\n\t\t\t\t\t<a class=\"elementor-button elementor-button-link elementor-size-sm\" href=\"\/de\/kontakt\/\">\n\t\t\t\t\t\t<span class=\"elementor-button-content-wrapper\">\n\t\t\t\t\t\t\t\t\t<span class=\"elementor-button-text\">Jetzt anfragen oder Kontakt aufnehmen<\/span>\n\t\t\t\t\t<\/span>\n\t\t\t\t\t<\/a>\n\t\t\t\t<\/div>\n\t\t\t\t\t\t\t\t<\/div>\n\t\t\t\t<\/div>\n\t\t\t\t\t<\/div>\n\t\t<\/div>\n\t\t\t\t\t<\/div>\n\t\t<\/section>\n\t\t\t\t<div class=\"elementor-element elementor-element-60957350 elementor-widget elementor-widget-image\" data-id=\"60957350\" data-element_type=\"widget\" data-widget_type=\"image.default\">\n\t\t\t\t<div class=\"elementor-widget-container\">\n\t\t\t\t\t\t\t\t\t\t\t\t\t\t\t<img decoding=\"async\" src=\"https:\/\/er7k5njc6uc.exactdn.com\/wp-content\/uploads\/elementor\/thumbs\/privatjet-buchen_kontakt-rawwxlf5e5ptspptkdb8apcdi94cfpobtspz7qq45k.jpg?strip=all&lossy=1&w=1920&ssl=1\" title=\"privatjet-buchen_kontakt\" alt=\"Contact\" loading=\"lazy\" \/>\t\t\t\t\t\t\t\t\t\t\t\t\t\t\t<\/div>\n\t\t\t\t<\/div>\n\t\t\t\t\t<\/div>\n\t\t<\/div>\n\t\t\t\t\t<\/div>\n\t\t<\/section>\n\t\t\t\t<\/div>\n\t\t<\/div>\n\t\t\t\t\t\t<\/div>\n\t\t\t\t<\/div>\n\t\t\t\t\t<\/div>\n\t\t<\/div>\n\t\t\t\t\t<\/div>\n\t\t<\/section>\n\t\t\t\t<section class=\"elementor-section elementor-top-section elementor-element elementor-element-70291f1 elementor-section-boxed elementor-section-height-default elementor-section-height-default\" data-id=\"70291f1\" data-element_type=\"section\">\n\t\t\t\t\t\t<div class=\"elementor-container elementor-column-gap-default\">\n\t\t\t\t\t<div class=\"elementor-column elementor-col-100 elementor-top-column elementor-element elementor-element-a028117\" data-id=\"a028117\" data-element_type=\"column\">\n\t\t\t<div class=\"elementor-widget-wrap elementor-element-populated\">\n\t\t\t\t\t\t<div class=\"elementor-element elementor-element-786de55 elementor-widget elementor-widget-heading\" data-id=\"786de55\" data-element_type=\"widget\" data-widget_type=\"heading.default\">\n\t\t\t\t<div class=\"elementor-widget-container\">\n\t\t\t\t\t<h2 class=\"elementor-heading-title elementor-size-default\">Nach dem Linienflug entspannt weiter: der individuelle Charterflug<\/h2>\t\t\t\t<\/div>\n\t\t\t\t<\/div>\n\t\t\t\t<div class=\"elementor-element elementor-element-7eae954 elementor-widget elementor-widget-text-editor\" data-id=\"7eae954\" data-element_type=\"widget\" data-widget_type=\"text-editor.default\">\n\t\t\t\t<div class=\"elementor-widget-container\">\n\t\t\t\t\t\t\t\t\t<p>Charterfl\u00fcgen verleihen wir ganz nach Ihren W\u00fcnschen die individuelle Note. Abflugzeiten, Service an Board, spezielle Check-ins mit Ihrem Branding, VIP-Betreuung, kulinarisches Catering, Limousinen-Service, Lounge-Zugang und vieles mehr. Teilen Sie uns in einem unverbindlichen Beratungsgespr\u00e4ch mit, was Sie sich f\u00fcr Ihren Charterflug w\u00fcnschen und wir machen es m\u00f6glich. Selbst Flugh\u00e4fen, die von Airlines kaum angeflogen werden, k\u00f6nnen wir mit einem Charterflug bedienen. Mit unserer Expertise wissen wir, worauf es ankommt \u2013 ob beim Charter- oder Linienfl\u00fcge buchen. Mit uns kommen Sie \u00fcberall entspannt an.<\/p>\t\t\t\t\t\t\t\t<\/div>\n\t\t\t\t<\/div>\n\t\t\t\t<div class=\"elementor-element elementor-element-a4bdb74 elementor-widget elementor-widget-heading\" data-id=\"a4bdb74\" data-element_type=\"widget\" data-widget_type=\"heading.default\">\n\t\t\t\t<div class=\"elementor-widget-container\">\n\t\t\t\t\t<h2 class=\"elementor-heading-title elementor-size-default\">Noch heute Ihre Linienfl\u00fcge buchen und von Profis organisieren lassen<\/h2>\t\t\t\t<\/div>\n\t\t\t\t<\/div>\n\t\t\t\t<div class=\"elementor-element elementor-element-b70afad elementor-widget elementor-widget-text-editor\" data-id=\"b70afad\" data-element_type=\"widget\" data-widget_type=\"text-editor.default\">\n\t\t\t\t<div class=\"elementor-widget-container\">\n\t\t\t\t\t\t\t\t\t<p>Nutzen Sie die Kombination von Linienfl\u00fcgen und einem Charterflug f\u00fcr Ihren Gruppenflug und sparen Sie mit uns nicht nur Zeit, sondern auch Kosten. Wir finden f\u00fcr jede Anforderungen und Herausforderung die beste L\u00f6sung. Seit mehr als 15 Jahren zaubern wir ein L\u00e4cheln in die Gesichter unserer Kunden und haben h\u00f6chste Anspr\u00fcche an unseren Service. Warum nicht mit <a href=\"https:\/\/pas.websitehelden.net\/expertise\"><strong>PASf<\/strong>lights<\/a> Ihre Linienfl\u00fcge buchen? Freuen Sie sich auf Ihr Event, stress- und sorgenfrei.<\/p>\t\t\t\t\t\t\t\t<\/div>\n\t\t\t\t<\/div>\n\t\t\t\t\t<\/div>\n\t\t<\/div>\n\t\t\t\t\t<\/div>\n\t\t<\/section>\n\t\t\t\t<\/div>\n\t\t","protected":false},"excerpt":{"rendered":"<p>Linienfl\u00fcge buchen \u2013 wir organisieren Ihre Gruppenreise Als Experte f\u00fcr Ad-Hoc-Charter, Privatjets und Helikopter, Luftfracht und Gruppenfl\u00fcge finden wir f\u00fcr Sie immer die besten Flugl\u00f6sungen. Bei PASflights bieten wir Ihnen eine effektive und preislich attraktive Kombination aus Linienfl\u00fcgen und Charterfl\u00fcgen zu Ihren Zieldestinationen. Durch unsere weltweite Vernetzung und Zusammenarbeit ist es uns m\u00f6glich, mit allen [&hellip;]<\/p>\n","protected":false},"author":2,"featured_media":1576,"parent":1563,"menu_order":30,"comment_status":"closed","ping_status":"closed","template":"","meta":{"_acf_changed":false,"footnotes":""},"categories":[],"tags":[19],"class_list":["post-1575","page","type-page","status-publish","has-post-thumbnail","hentry","tag-gruppenfluege"],"acf":[],"yoast_head":"<!-- This site is optimized with the Yoast SEO plugin v27.4 - https:\/\/yoast.com\/product\/yoast-seo-wordpress\/ -->\n<title>Linienfl\u00fcge buchen \u2708 F\u00fcr Ihre n\u00e4chste Gruppenreise!<\/title>\n<meta name=\"description\" content=\"Buchen Sie jetzt einen Linienflug mit PASflights und profitieren Sie von den vielen Vorteilen! \u2708 Fordern Sie online ein Angebot an auf | pasflights\" \/>\n<meta name=\"robots\" content=\"index, follow, max-snippet:-1, max-image-preview:large, max-video-preview:-1\" \/>\n<link rel=\"canonical\" href=\"https:\/\/pas.websitehelden.net\/de\/gruppenfluege-buchen\/linienfluege-buchen\/\" \/>\n<meta property=\"og:locale\" content=\"de_DE\" \/>\n<meta property=\"og:type\" content=\"article\" \/>\n<meta property=\"og:title\" content=\"Linienfl\u00fcge buchen \u2708 F\u00fcr Ihre n\u00e4chste Gruppenreise!\" \/>\n<meta property=\"og:description\" content=\"Buchen Sie jetzt einen Linienflug mit PASflights und profitieren Sie von den vielen Vorteilen! \u2708 Fordern Sie online ein Angebot an auf | pasflights\" \/>\n<meta property=\"og:url\" content=\"https:\/\/pas.websitehelden.net\/de\/gruppenfluege-buchen\/linienfluege-buchen\/\" \/>\n<meta property=\"og:site_name\" content=\"Pasflights\" \/>\n<meta property=\"article:modified_time\" content=\"2025-04-07T08:18:37+00:00\" \/>\n<meta property=\"og:image\" content=\"https:\/\/er7k5njc6uc.exactdn.com\/wp-content\/uploads\/2021\/12\/linienflug-buchen-banner-scaled.jpg?strip=all&lossy=1&ssl=1\" \/>\n\t<meta property=\"og:image:width\" content=\"2560\" \/>\n\t<meta property=\"og:image:height\" content=\"877\" \/>\n\t<meta property=\"og:image:type\" content=\"image\/jpeg\" \/>\n<meta name=\"twitter:card\" content=\"summary_large_image\" \/>\n<meta name=\"twitter:label1\" content=\"Gesch\u00e4tzte Lesezeit\" \/>\n\t<meta name=\"twitter:data1\" content=\"3\u00a0Minuten\" \/>\n<script type=\"application\/ld+json\" class=\"yoast-schema-graph\">{\"@context\":\"https:\\\/\\\/schema.org\",\"@graph\":[{\"@type\":\"WebPage\",\"@id\":\"https:\\\/\\\/pas.websitehelden.net\\\/de\\\/gruppenfluege-buchen\\\/linienfluege-buchen\\\/\",\"url\":\"https:\\\/\\\/pas.websitehelden.net\\\/de\\\/gruppenfluege-buchen\\\/linienfluege-buchen\\\/\",\"name\":\"Linienfl\u00fcge buchen \u2708 F\u00fcr Ihre n\u00e4chste Gruppenreise!\",\"isPartOf\":{\"@id\":\"https:\\\/\\\/pas.websitehelden.net\\\/de\\\/#website\"},\"primaryImageOfPage\":{\"@id\":\"https:\\\/\\\/pas.websitehelden.net\\\/de\\\/gruppenfluege-buchen\\\/linienfluege-buchen\\\/#primaryimage\"},\"image\":{\"@id\":\"https:\\\/\\\/pas.websitehelden.net\\\/de\\\/gruppenfluege-buchen\\\/linienfluege-buchen\\\/#primaryimage\"},\"thumbnailUrl\":\"https:\\\/\\\/er7k5njc6uc.exactdn.com\\\/wp-content\\\/uploads\\\/2021\\\/12\\\/linienflug-buchen-banner-scaled.jpg?strip=all&lossy=1&ssl=1\",\"datePublished\":\"2021-12-20T13:07:11+00:00\",\"dateModified\":\"2025-04-07T08:18:37+00:00\",\"description\":\"Buchen Sie jetzt einen Linienflug mit PASflights und profitieren Sie von den vielen Vorteilen! \u2708 Fordern Sie online ein Angebot an auf | pasflights\",\"breadcrumb\":{\"@id\":\"https:\\\/\\\/pas.websitehelden.net\\\/de\\\/gruppenfluege-buchen\\\/linienfluege-buchen\\\/#breadcrumb\"},\"inLanguage\":\"de\",\"potentialAction\":[{\"@type\":\"ReadAction\",\"target\":[\"https:\\\/\\\/pas.websitehelden.net\\\/de\\\/gruppenfluege-buchen\\\/linienfluege-buchen\\\/\"]}]},{\"@type\":\"ImageObject\",\"inLanguage\":\"de\",\"@id\":\"https:\\\/\\\/pas.websitehelden.net\\\/de\\\/gruppenfluege-buchen\\\/linienfluege-buchen\\\/#primaryimage\",\"url\":\"https:\\\/\\\/er7k5njc6uc.exactdn.com\\\/wp-content\\\/uploads\\\/2021\\\/12\\\/linienflug-buchen-banner-scaled.jpg?strip=all&lossy=1&ssl=1\",\"contentUrl\":\"https:\\\/\\\/er7k5njc6uc.exactdn.com\\\/wp-content\\\/uploads\\\/2021\\\/12\\\/linienflug-buchen-banner-scaled.jpg?strip=all&lossy=1&ssl=1\",\"width\":2560,\"height\":877},{\"@type\":\"BreadcrumbList\",\"@id\":\"https:\\\/\\\/pas.websitehelden.net\\\/de\\\/gruppenfluege-buchen\\\/linienfluege-buchen\\\/#breadcrumb\",\"itemListElement\":[{\"@type\":\"ListItem\",\"position\":1,\"name\":\"Startseite\",\"item\":\"https:\\\/\\\/pas.websitehelden.net\\\/de\\\/\"},{\"@type\":\"ListItem\",\"position\":2,\"name\":\"Gruppenfl\u00fcge\",\"item\":\"https:\\\/\\\/pas.websitehelden.net\\\/de\\\/gruppenfluege-buchen\\\/\"},{\"@type\":\"ListItem\",\"position\":3,\"name\":\"Linienflu\u0308ge buchen\"}]},{\"@type\":\"WebSite\",\"@id\":\"https:\\\/\\\/pas.websitehelden.net\\\/de\\\/#website\",\"url\":\"https:\\\/\\\/pas.websitehelden.net\\\/de\\\/\",\"name\":\"Pasflights\",\"description\":\"Eine weitere WordPress-Website\",\"potentialAction\":[{\"@type\":\"SearchAction\",\"target\":{\"@type\":\"EntryPoint\",\"urlTemplate\":\"https:\\\/\\\/pas.websitehelden.net\\\/de\\\/?s={search_term_string}\"},\"query-input\":{\"@type\":\"PropertyValueSpecification\",\"valueRequired\":true,\"valueName\":\"search_term_string\"}}],\"inLanguage\":\"de\"}]}<\/script>\n<!-- \/ Yoast SEO plugin. -->","yoast_head_json":{"title":"Linienfl\u00fcge buchen \u2708 F\u00fcr Ihre n\u00e4chste Gruppenreise!","description":"Buchen Sie jetzt einen Linienflug mit PASflights und profitieren Sie von den vielen Vorteilen! \u2708 Fordern Sie online ein Angebot an auf | pasflights","robots":{"index":"index","follow":"follow","max-snippet":"max-snippet:-1","max-image-preview":"max-image-preview:large","max-video-preview":"max-video-preview:-1"},"canonical":"https:\/\/pas.websitehelden.net\/de\/gruppenfluege-buchen\/linienfluege-buchen\/","og_locale":"de_DE","og_type":"article","og_title":"Linienfl\u00fcge buchen \u2708 F\u00fcr Ihre n\u00e4chste Gruppenreise!","og_description":"Buchen Sie jetzt einen Linienflug mit PASflights und profitieren Sie von den vielen Vorteilen! \u2708 Fordern Sie online ein Angebot an auf | pasflights","og_url":"https:\/\/pas.websitehelden.net\/de\/gruppenfluege-buchen\/linienfluege-buchen\/","og_site_name":"Pasflights","article_modified_time":"2025-04-07T08:18:37+00:00","og_image":[{"width":2560,"height":877,"url":"https:\/\/er7k5njc6uc.exactdn.com\/wp-content\/uploads\/2021\/12\/linienflug-buchen-banner-scaled.jpg?strip=all&lossy=1&ssl=1","type":"image\/jpeg"}],"twitter_card":"summary_large_image","twitter_misc":{"Gesch\u00e4tzte Lesezeit":"3\u00a0Minuten"},"schema":{"@context":"https:\/\/schema.org","@graph":[{"@type":"WebPage","@id":"https:\/\/pas.websitehelden.net\/de\/gruppenfluege-buchen\/linienfluege-buchen\/","url":"https:\/\/pas.websitehelden.net\/de\/gruppenfluege-buchen\/linienfluege-buchen\/","name":"Linienfl\u00fcge buchen \u2708 F\u00fcr Ihre n\u00e4chste Gruppenreise!","isPartOf":{"@id":"https:\/\/pas.websitehelden.net\/de\/#website"},"primaryImageOfPage":{"@id":"https:\/\/pas.websitehelden.net\/de\/gruppenfluege-buchen\/linienfluege-buchen\/#primaryimage"},"image":{"@id":"https:\/\/pas.websitehelden.net\/de\/gruppenfluege-buchen\/linienfluege-buchen\/#primaryimage"},"thumbnailUrl":"https:\/\/er7k5njc6uc.exactdn.com\/wp-content\/uploads\/2021\/12\/linienflug-buchen-banner-scaled.jpg?strip=all&lossy=1&ssl=1","datePublished":"2021-12-20T13:07:11+00:00","dateModified":"2025-04-07T08:18:37+00:00","description":"Buchen Sie jetzt einen Linienflug mit PASflights und profitieren Sie von den vielen Vorteilen! \u2708 Fordern Sie online ein Angebot an auf | pasflights","breadcrumb":{"@id":"https:\/\/pas.websitehelden.net\/de\/gruppenfluege-buchen\/linienfluege-buchen\/#breadcrumb"},"inLanguage":"de","potentialAction":[{"@type":"ReadAction","target":["https:\/\/pas.websitehelden.net\/de\/gruppenfluege-buchen\/linienfluege-buchen\/"]}]},{"@type":"ImageObject","inLanguage":"de","@id":"https:\/\/pas.websitehelden.net\/de\/gruppenfluege-buchen\/linienfluege-buchen\/#primaryimage","url":"https:\/\/er7k5njc6uc.exactdn.com\/wp-content\/uploads\/2021\/12\/linienflug-buchen-banner-scaled.jpg?strip=all&lossy=1&ssl=1","contentUrl":"https:\/\/er7k5njc6uc.exactdn.com\/wp-content\/uploads\/2021\/12\/linienflug-buchen-banner-scaled.jpg?strip=all&lossy=1&ssl=1","width":2560,"height":877},{"@type":"BreadcrumbList","@id":"https:\/\/pas.websitehelden.net\/de\/gruppenfluege-buchen\/linienfluege-buchen\/#breadcrumb","itemListElement":[{"@type":"ListItem","position":1,"name":"Startseite","item":"https:\/\/pas.websitehelden.net\/de\/"},{"@type":"ListItem","position":2,"name":"Gruppenfl\u00fcge","item":"https:\/\/pas.websitehelden.net\/de\/gruppenfluege-buchen\/"},{"@type":"ListItem","position":3,"name":"Linienflu\u0308ge buchen"}]},{"@type":"WebSite","@id":"https:\/\/pas.websitehelden.net\/de\/#website","url":"https:\/\/pas.websitehelden.net\/de\/","name":"Pasflights","description":"Eine weitere WordPress-Website","potentialAction":[{"@type":"SearchAction","target":{"@type":"EntryPoint","urlTemplate":"https:\/\/pas.websitehelden.net\/de\/?s={search_term_string}"},"query-input":{"@type":"PropertyValueSpecification","valueRequired":true,"valueName":"search_term_string"}}],"inLanguage":"de"}]}},"_links":{"self":[{"href":"https:\/\/pas.websitehelden.net\/de\/wp-json\/wp\/v2\/pages\/1575","targetHints":{"allow":["GET"]}}],"collection":[{"href":"https:\/\/pas.websitehelden.net\/de\/wp-json\/wp\/v2\/pages"}],"about":[{"href":"https:\/\/pas.websitehelden.net\/de\/wp-json\/wp\/v2\/types\/page"}],"author":[{"embeddable":true,"href":"https:\/\/pas.websitehelden.net\/de\/wp-json\/wp\/v2\/users\/2"}],"replies":[{"embeddable":true,"href":"https:\/\/pas.websitehelden.net\/de\/wp-json\/wp\/v2\/comments?post=1575"}],"version-history":[{"count":0,"href":"https:\/\/pas.websitehelden.net\/de\/wp-json\/wp\/v2\/pages\/1575\/revisions"}],"up":[{"embeddable":true,"href":"https:\/\/pas.websitehelden.net\/de\/wp-json\/wp\/v2\/pages\/1563"}],"wp:featuredmedia":[{"embeddable":true,"href":"https:\/\/pas.websitehelden.net\/de\/wp-json\/wp\/v2\/media\/1576"}],"wp:attachment":[{"href":"https:\/\/pas.websitehelden.net\/de\/wp-json\/wp\/v2\/media?parent=1575"}],"wp:term":[{"taxonomy":"category","embeddable":true,"href":"https:\/\/pas.websitehelden.net\/de\/wp-json\/wp\/v2\/categories?post=1575"},{"taxonomy":"post_tag","embeddable":true,"href":"https:\/\/pas.websitehelden.net\/de\/wp-json\/wp\/v2\/tags?post=1575"}],"curies":[{"name":"wp","href":"https:\/\/api.w.org\/{rel}","templated":true}]}}