{"id":1572,"date":"2021-12-20T14:08:55","date_gmt":"2021-12-20T13:08:55","guid":{"rendered":"https:\/\/www.pasflights.com\/?page_id=1572"},"modified":"2025-04-07T10:18:41","modified_gmt":"2025-04-07T08:18:41","slug":"kombifluege-buchen","status":"publish","type":"page","link":"https:\/\/pas.websitehelden.net\/de\/gruppenfluege-buchen\/kombifluege-buchen\/","title":{"rendered":"Kombiflug"},"content":{"rendered":"\t\t<div data-elementor-type=\"wp-page\" data-elementor-id=\"1572\" class=\"elementor elementor-1572\" data-elementor-post-type=\"page\">\n\t\t\t\t\t\t<section class=\"elementor-section elementor-top-section elementor-element elementor-element-f79f3c0 elementor-section-boxed elementor-section-height-default elementor-section-height-default\" data-id=\"f79f3c0\" data-element_type=\"section\">\n\t\t\t\t\t\t<div class=\"elementor-container elementor-column-gap-default\">\n\t\t\t\t\t<div class=\"elementor-column elementor-col-100 elementor-top-column elementor-element elementor-element-0a620d4\" data-id=\"0a620d4\" data-element_type=\"column\">\n\t\t\t<div class=\"elementor-widget-wrap elementor-element-populated\">\n\t\t\t\t\t\t<div class=\"elementor-element elementor-element-3eb0058 elementor-widget elementor-widget-heading\" data-id=\"3eb0058\" data-element_type=\"widget\" data-widget_type=\"heading.default\">\n\t\t\t\t<div class=\"elementor-widget-container\">\n\t\t\t\t\t<h1 class=\"elementor-heading-title elementor-size-default\">Kombiflug buchen \u2013 individuelle L\u00f6sungen f\u00fcr Linienfl\u00fcge und Charterflug<\/h1>\t\t\t\t<\/div>\n\t\t\t\t<\/div>\n\t\t\t\t<div class=\"elementor-element elementor-element-a76dc52 elementor-widget elementor-widget-text-editor\" data-id=\"a76dc52\" data-element_type=\"widget\" data-widget_type=\"text-editor.default\">\n\t\t\t\t<div class=\"elementor-widget-container\">\n\t\t\t\t\t\t\t\t\t<p>Es gibt Situationen, da ist es sinnvoll, einen Kombiflug zu buchen. Die Buchungsoption verschafft Ihnen den Vorteil sicherzustellen, dass alle Mitarbeiter, Teams und geladenen G\u00e4ste zuverl\u00e4ssig an der Zieldestination ankommen. Die Kombination von Linienfl\u00fcgen und einem Charterflug lohnt sich zum Beispiel dann, wenn Flugg\u00e4ste aus unterschiedlichen Teilen Europas oder der Welt anreisen und sie gemeinsamen eine Gruppenreise in einem Charterflug zum Endziel planen.<\/p><p>Wir bei <strong>PAS<\/strong>flights finden genau solche effizienten Flugl\u00f6sungen und \u00f6konomisch sinnvollsten Kombifl\u00fcge, die sich logistisch, aber auch wirtschaftlich effizient zeigen. Mit unserer weltweiten Vernetzung und Zusammenarbeit mit allen verf\u00fcgbaren Fluggesellschaften und Flugh\u00e4fen k\u00f6nnen wir zu jeder Zeit ein erstklassiges Kontingent an Kapazit\u00e4ten von Linienfl\u00fcgen abrufen und miteinander kombinieren, abgestimmt auf die Flugzeiten des Charterflugs und Ihre individuellen W\u00fcnsche. Mit der weltweit agierenden <strong>Skylink Holding <\/strong>und ihren Tochterunternehmen als Partner sind Kombifl\u00fcge bei uns Ihre beste Wahl, wenn es um Qualit\u00e4t und die Vielzahl an Auswahlm\u00f6glichkeiten geht. Sorgen Sie daf\u00fcr, dass Ihre Veranstaltung, Ihr Kongress oder Ihre Messe zum Erfolg wird. Wir k\u00fcmmern uns um den Rest.<\/p>\t\t\t\t\t\t\t\t<\/div>\n\t\t\t\t<\/div>\n\t\t\t\t<div class=\"elementor-element elementor-element-fd7ff0c elementor-widget elementor-widget-heading\" data-id=\"fd7ff0c\" data-element_type=\"widget\" data-widget_type=\"heading.default\">\n\t\t\t\t<div class=\"elementor-widget-container\">\n\t\t\t\t\t<h2 class=\"elementor-heading-title elementor-size-default\">Kombination Linienfl\u00fcge und Charterflug mit <strong>PAS<\/strong>flights organisieren<\/h2>\t\t\t\t<\/div>\n\t\t\t\t<\/div>\n\t\t\t\t<div class=\"elementor-element elementor-element-a6ecfbf elementor-widget elementor-widget-text-editor\" data-id=\"a6ecfbf\" data-element_type=\"widget\" data-widget_type=\"text-editor.default\">\n\t\t\t\t<div class=\"elementor-widget-container\">\n\t\t\t\t\t\t\t\t\t<p>Immer dann, wenn es um individuelle Flugl\u00f6sungen geht, sind die Experten von <strong>PAS<\/strong>flights Ihre ersten Ansprechpartner. Verlassen sich bei uns auf jahrelange Erfahrung, qualifizierte Mitarbeiter und ein weltweites Kooperationsnetzwerk, das uns dazu bef\u00e4higt komfortable Kombifl\u00fcge zu planen. Wir haben h\u00f6chste Anspr\u00fcche an unsere Leistungen, sodass Sie jederzeit einen umfassenden Service genie\u00dfen. Orientiert an Ihre Anforderungen suchen wir die beste Kombination aus Linienfl\u00fcgen und einem Charterflug, sodass Ihre Teilnehmer und G\u00e4ste weltweit unkompliziert zum Ziel gelangen. Linienfl\u00fcge und Charterfl\u00fcge in einem Kombiflug bieten Ihnen Flexibilit\u00e4t, Zuverl\u00e4ssigkeit und Sicherheit. Ganz gleich ob Regierungen, Delegationen, Konsulate, Sportteams oder Akteure der Automobil- und Filmindustrie, wir sind f\u00fcr Sie da und stellen den perfekten Kombiflug f\u00fcr Sie zusammen. Inklusive 24\/7 Support und einem pers\u00f6nlichen Flugexperten an Ihrer Seite.<\/p><p>Ihre Vorteile mit einem Kombiflug von <strong>PAS<\/strong>flights:<\/p><ul><li>Recherche der besten Flugverbindungen<\/li><li>attraktive Alternativen unter Einbezug Ihres Budgets<\/li><li>Anbindung zu Flugh\u00e4fen gem\u00e4\u00df Ihren Vorgaben<\/li><li>komplette Organisation von Linienfl\u00fcgen und Charterflug<\/li><li>umfangreiches Passagiermanagement<\/li><li>kosteneffiziente Konditionen<\/li><li>hochwertiges Netzwerk mit weltweiten Fluggesellschaften<\/li><li>rechtssichere Vertr\u00e4ge<\/li><li>sofortige Unterst\u00fctzung in Notfallsituationen<\/li><li>24\/7 Support<\/li><li>Charterfl\u00fcge mit individueller Note<\/li><li>M\u00f6glichkeit eines CO\u2082-Ausgleichs<\/li><li>v.\u00a0m.<\/li><\/ul><p><br \/>Bei Kombifl\u00fcgen wissen wir als spezialisiertes Unternehmen genau, worauf es ankommt. Legen Sie die Kombination von Linienfl\u00fcgen und Charterflug in die besten H\u00e4nde.<\/p>\t\t\t\t\t\t\t\t<\/div>\n\t\t\t\t<\/div>\n\t\t\t\t\t<\/div>\n\t\t<\/div>\n\t\t\t\t\t<\/div>\n\t\t<\/section>\n\t\t\t\t<section class=\"elementor-section elementor-top-section elementor-element elementor-element-423595c elementor-section-full_width elementor-section-height-default elementor-section-height-default\" data-id=\"423595c\" data-element_type=\"section\">\n\t\t\t\t\t\t<div class=\"elementor-container elementor-column-gap-default\">\n\t\t\t\t\t<div class=\"elementor-column elementor-col-100 elementor-top-column elementor-element elementor-element-d4505a3\" data-id=\"d4505a3\" data-element_type=\"column\">\n\t\t\t<div class=\"elementor-widget-wrap elementor-element-populated\">\n\t\t\t\t\t\t<div class=\"elementor-element elementor-element-69fea9f elementor-widget elementor-widget-shortcode\" data-id=\"69fea9f\" data-element_type=\"widget\" data-widget_type=\"shortcode.default\">\n\t\t\t\t<div class=\"elementor-widget-container\">\n\t\t\t\t\t\t\t<div class=\"elementor-shortcode\">\t\t<div data-elementor-type=\"section\" data-elementor-id=\"1207\" class=\"elementor elementor-1207\" data-elementor-post-type=\"elementor_library\">\n\t\t\t\t\t<section class=\"elementor-section elementor-top-section elementor-element elementor-element-1a9bbed8 elementor-section-boxed elementor-section-height-default elementor-section-height-default\" data-id=\"1a9bbed8\" data-element_type=\"section\">\n\t\t\t\t\t\t<div class=\"elementor-container elementor-column-gap-default\">\n\t\t\t\t\t<div class=\"elementor-column elementor-col-100 elementor-top-column elementor-element elementor-element-74ea37fb\" data-id=\"74ea37fb\" data-element_type=\"column\">\n\t\t\t<div class=\"elementor-widget-wrap elementor-element-populated\">\n\t\t\t\t\t\t<div class=\"elementor-element elementor-element-46435d7a elementor-widget elementor-widget-heading\" data-id=\"46435d7a\" data-element_type=\"widget\" data-widget_type=\"heading.default\">\n\t\t\t\t<div class=\"elementor-widget-container\">\n\t\t\t\t\t<span class=\"elementor-heading-title elementor-size-default\">Anfrage &amp; Kontakt<\/span>\t\t\t\t<\/div>\n\t\t\t\t<\/div>\n\t\t\t\t<div class=\"elementor-element elementor-element-26e4099f elementor-widget elementor-widget-heading\" data-id=\"26e4099f\" data-element_type=\"widget\" data-widget_type=\"heading.default\">\n\t\t\t\t<div class=\"elementor-widget-container\">\n\t\t\t\t\t<h2 class=\"elementor-heading-title elementor-size-default\">Anfrage &amp; Kontakt<\/h2>\t\t\t\t<\/div>\n\t\t\t\t<\/div>\n\t\t\t\t<section class=\"elementor-section elementor-inner-section elementor-element elementor-element-3a7e5399 elementor-section-boxed elementor-section-height-default elementor-section-height-default\" data-id=\"3a7e5399\" data-element_type=\"section\" data-settings=\"{&quot;background_background&quot;:&quot;classic&quot;}\">\n\t\t\t\t\t\t<div class=\"elementor-container elementor-column-gap-default\">\n\t\t\t\t\t<div class=\"elementor-column elementor-col-50 elementor-inner-column elementor-element elementor-element-1ca44ff9\" data-id=\"1ca44ff9\" data-element_type=\"column\">\n\t\t\t<div class=\"elementor-widget-wrap\">\n\t\t\t\t\t\t\t<\/div>\n\t\t<\/div>\n\t\t\t\t<div class=\"elementor-column elementor-col-50 elementor-inner-column elementor-element elementor-element-30227c15\" data-id=\"30227c15\" data-element_type=\"column\" data-settings=\"{&quot;background_background&quot;:&quot;classic&quot;}\">\n\t\t\t<div class=\"elementor-widget-wrap elementor-element-populated\">\n\t\t\t\t\t\t<div class=\"elementor-element elementor-element-4c6a8960 elementor-widget elementor-widget-heading\" data-id=\"4c6a8960\" data-element_type=\"widget\" data-widget_type=\"heading.default\">\n\t\t\t\t<div class=\"elementor-widget-container\">\n\t\t\t\t\t<h2 class=\"elementor-heading-title elementor-size-default\">SIE HABEN FRAGEN oder m\u00f6chten eine Anfrage f\u00fcr einen Flug stellen? <br>WIR SIND F\u00dcR SIE DA \u2013 PER MAIL, KONTAKTFORMULAR ODER PER TELEFON!<\/h2>\t\t\t\t<\/div>\n\t\t\t\t<\/div>\n\t\t\t\t<div class=\"elementor-element elementor-element-abe2a2d elementor-widget elementor-widget-heading\" data-id=\"abe2a2d\" data-element_type=\"widget\" data-widget_type=\"heading.default\">\n\t\t\t\t<div class=\"elementor-widget-container\">\n\t\t\t\t\t<span class=\"elementor-heading-title elementor-size-default\">24\/7 ist Ihr pers\u00f6nlicher Ansprechpartner f\u00fcr Sie da<\/span>\t\t\t\t<\/div>\n\t\t\t\t<\/div>\n\t\t\t\t<div class=\"elementor-element elementor-element-2ce577c elementor-align-start elementor-widget__width-auto elementor-icon-list--layout-traditional elementor-list-item-link-full_width elementor-widget elementor-widget-icon-list\" data-id=\"2ce577c\" data-element_type=\"widget\" data-widget_type=\"icon-list.default\">\n\t\t\t\t<div class=\"elementor-widget-container\">\n\t\t\t\t\t\t\t<ul class=\"elementor-icon-list-items\">\n\t\t\t\t\t\t\t<li class=\"elementor-icon-list-item\">\n\t\t\t\t\t\t\t\t\t\t\t<a href=\"https:\/\/pas.websitehelden.net\/kontakt\/\">\n\n\t\t\t\t\t\t\t\t\t\t\t\t<span class=\"elementor-icon-list-icon\">\n\t\t\t\t\t\t\t<i aria-hidden=\"true\" class=\"fas fa-envelope\"><\/i>\t\t\t\t\t\t<\/span>\n\t\t\t\t\t\t\t\t\t\t<span class=\"elementor-icon-list-text\">info@pasflights.com<\/span>\n\t\t\t\t\t\t\t\t\t\t\t<\/a>\n\t\t\t\t\t\t\t\t\t<\/li>\n\t\t\t\t\t\t\t\t<li class=\"elementor-icon-list-item\">\n\t\t\t\t\t\t\t\t\t\t\t<a href=\"tel:+49%202204%2070606-0\">\n\n\t\t\t\t\t\t\t\t\t\t\t\t<span class=\"elementor-icon-list-icon\">\n\t\t\t\t\t\t\t<i aria-hidden=\"true\" class=\"fas fa-phone-alt\"><\/i>\t\t\t\t\t\t<\/span>\n\t\t\t\t\t\t\t\t\t\t<span class=\"elementor-icon-list-text\">+ 49 2204 70606-0<\/span>\n\t\t\t\t\t\t\t\t\t\t\t<\/a>\n\t\t\t\t\t\t\t\t\t<\/li>\n\t\t\t\t\t\t<\/ul>\n\t\t\t\t\t\t<\/div>\n\t\t\t\t<\/div>\n\t\t\t\t<div class=\"elementor-element elementor-element-462f1838 elementor-align-right pinkbuttonfull elementor-tablet-align-left elementor-mobile-align-justify elementor-widget elementor-widget-button\" data-id=\"462f1838\" data-element_type=\"widget\" data-widget_type=\"button.default\">\n\t\t\t\t<div class=\"elementor-widget-container\">\n\t\t\t\t\t\t\t\t\t<div class=\"elementor-button-wrapper\">\n\t\t\t\t\t<a class=\"elementor-button elementor-button-link elementor-size-sm\" href=\"\/de\/kontakt\/\">\n\t\t\t\t\t\t<span class=\"elementor-button-content-wrapper\">\n\t\t\t\t\t\t\t\t\t<span class=\"elementor-button-text\">Jetzt anfragen oder Kontakt aufnehmen<\/span>\n\t\t\t\t\t<\/span>\n\t\t\t\t\t<\/a>\n\t\t\t\t<\/div>\n\t\t\t\t\t\t\t\t<\/div>\n\t\t\t\t<\/div>\n\t\t\t\t\t<\/div>\n\t\t<\/div>\n\t\t\t\t\t<\/div>\n\t\t<\/section>\n\t\t\t\t<div class=\"elementor-element elementor-element-60957350 elementor-widget elementor-widget-image\" data-id=\"60957350\" data-element_type=\"widget\" data-widget_type=\"image.default\">\n\t\t\t\t<div class=\"elementor-widget-container\">\n\t\t\t\t\t\t\t\t\t\t\t\t\t\t\t<img decoding=\"async\" src=\"https:\/\/er7k5njc6uc.exactdn.com\/wp-content\/uploads\/elementor\/thumbs\/privatjet-buchen_kontakt-rawwxlf5e5ptspptkdb8apcdi94cfpobtspz7qq45k.jpg?strip=all&lossy=1&w=1920&ssl=1\" title=\"privatjet-buchen_kontakt\" alt=\"Contact\" loading=\"lazy\" \/>\t\t\t\t\t\t\t\t\t\t\t\t\t\t\t<\/div>\n\t\t\t\t<\/div>\n\t\t\t\t\t<\/div>\n\t\t<\/div>\n\t\t\t\t\t<\/div>\n\t\t<\/section>\n\t\t\t\t<\/div>\n\t\t<\/div>\n\t\t\t\t\t\t<\/div>\n\t\t\t\t<\/div>\n\t\t\t\t\t<\/div>\n\t\t<\/div>\n\t\t\t\t\t<\/div>\n\t\t<\/section>\n\t\t\t\t<section class=\"elementor-section elementor-top-section elementor-element elementor-element-6a417b2 elementor-section-boxed elementor-section-height-default elementor-section-height-default\" data-id=\"6a417b2\" data-element_type=\"section\">\n\t\t\t\t\t\t<div class=\"elementor-container elementor-column-gap-default\">\n\t\t\t\t\t<div class=\"elementor-column elementor-col-100 elementor-top-column elementor-element elementor-element-68772cb\" data-id=\"68772cb\" data-element_type=\"column\">\n\t\t\t<div class=\"elementor-widget-wrap elementor-element-populated\">\n\t\t\t\t\t\t<div class=\"elementor-element elementor-element-8dc8251 elementor-widget elementor-widget-heading\" data-id=\"8dc8251\" data-element_type=\"widget\" data-widget_type=\"heading.default\">\n\t\t\t\t<div class=\"elementor-widget-container\">\n\t\t\t\t\t<h2 class=\"elementor-heading-title elementor-size-default\">PASflights Airline Audit f\u00fcr Charterfl\u00fcge<\/h2>\t\t\t\t<\/div>\n\t\t\t\t<\/div>\n\t\t\t\t<div class=\"elementor-element elementor-element-65f2c50 elementor-widget elementor-widget-text-editor\" data-id=\"65f2c50\" data-element_type=\"widget\" data-widget_type=\"text-editor.default\">\n\t\t\t\t<div class=\"elementor-widget-container\">\n\t\t\t\t\t\t\t\t\t<p><strong>PAS<\/strong>flights ist es wichtig, dass Sie maximale Transparenz bei Kombifl\u00fcgen erhalten. Daher bieten wir ein fundiertes Informationssystem wie unser Airline-Audit an. Dabei werden relevante Informationen durch das PASS (PAS-System) ber\u00fccksichtigt. Unter anderem:<\/p><ul><li>Flottendurchschnittsalter<\/li><li>IOSA- oder ISBAO-Zertifizierung<\/li><li>eigene Erfahrungswerte bzgl. Zuverl\u00e4ssigkeit und P\u00fcnktlichkeit einer Fluggesellschaft<\/li><li>flugsicherheitsbezogene Daten wie Unfallstatistiken<\/li><li>den PASS Score<\/li><\/ul><p>Die Kombination von hochwertigen, externen Datenbanken und dem hauseigenen CRS-System PASS zeigt wichtige Daten wie Firmenbewertungen und Wirtschaftlichkeit auf, sodass wir umfassende Messwerte erhalten.<\/p><p>So gestaltet sich jeder Kombiflug bei uns besonders sicher und Sie reisen mit Linienfl\u00fcgen und einem Charterflug entspannt zu Ihrem Event. Gerne nehmen wir von <strong>PASf<\/strong>lights Ihnen eine Sorge ab und k\u00fcmmern uns um die sinnvollste Kombination von Linienfl\u00fcgen und Charterflug, damit Sie wieder die n\u00f6tigen Freir\u00e4ume gewinnen, um sich auf das Wesentliche konzentrieren zu k\u00f6nnen. Nehmen Sie jetzt unverbindlich <a href=\"https:\/\/pas.websitehelden.net\/kontakt\">Kontakt<\/a> zu uns auf und lassen Sie sich individuell beraten.<\/p>\t\t\t\t\t\t\t\t<\/div>\n\t\t\t\t<\/div>\n\t\t\t\t\t<\/div>\n\t\t<\/div>\n\t\t\t\t\t<\/div>\n\t\t<\/section>\n\t\t\t\t<\/div>\n\t\t","protected":false},"excerpt":{"rendered":"<p>Kombiflug buchen \u2013 individuelle L\u00f6sungen f\u00fcr Linienfl\u00fcge und Charterflug Es gibt Situationen, da ist es sinnvoll, einen Kombiflug zu buchen. Die Buchungsoption verschafft Ihnen den Vorteil sicherzustellen, dass alle Mitarbeiter, Teams und geladenen G\u00e4ste zuverl\u00e4ssig an der Zieldestination ankommen. Die Kombination von Linienfl\u00fcgen und einem Charterflug lohnt sich zum Beispiel dann, wenn Flugg\u00e4ste aus unterschiedlichen [&hellip;]<\/p>\n","protected":false},"author":2,"featured_media":1573,"parent":1563,"menu_order":40,"comment_status":"closed","ping_status":"closed","template":"","meta":{"_acf_changed":false,"footnotes":""},"categories":[],"tags":[19],"class_list":["post-1572","page","type-page","status-publish","has-post-thumbnail","hentry","tag-gruppenfluege"],"acf":[],"yoast_head":"<!-- This site is optimized with the Yoast SEO plugin v27.4 - https:\/\/yoast.com\/product\/yoast-seo-wordpress\/ -->\n<title>Kombifl\u00fcge \u2708 Kombination aus Linienflug &amp; Charterflug!<\/title>\n<meta name=\"description\" content=\"Kombifl\u00fcge \u00bb Die flexible Kombination aus Linienflug und Charterflug, damit alle G\u00e4ste, Mitarbeiter, etc. an der Zieldestination ankommen! \u2714 | pasflights\" \/>\n<meta name=\"robots\" content=\"index, follow, max-snippet:-1, max-image-preview:large, max-video-preview:-1\" \/>\n<link rel=\"canonical\" href=\"https:\/\/pas.websitehelden.net\/de\/gruppenfluege-buchen\/kombifluege-buchen\/\" \/>\n<meta property=\"og:locale\" content=\"de_DE\" \/>\n<meta property=\"og:type\" content=\"article\" \/>\n<meta property=\"og:title\" content=\"Kombifl\u00fcge \u2708 Kombination aus Linienflug &amp; Charterflug!\" \/>\n<meta property=\"og:description\" content=\"Kombifl\u00fcge \u00bb Die flexible Kombination aus Linienflug und Charterflug, damit alle G\u00e4ste, Mitarbeiter, etc. an der Zieldestination ankommen! \u2714 | pasflights\" \/>\n<meta property=\"og:url\" content=\"https:\/\/pas.websitehelden.net\/de\/gruppenfluege-buchen\/kombifluege-buchen\/\" \/>\n<meta property=\"og:site_name\" content=\"Pasflights\" \/>\n<meta property=\"article:modified_time\" content=\"2025-04-07T08:18:41+00:00\" \/>\n<meta property=\"og:image\" content=\"https:\/\/er7k5njc6uc.exactdn.com\/wp-content\/uploads\/2021\/12\/Kombination-Linienflu\u0308ge-Charterflu\u0308ge-banner-scaled.jpg?strip=all&lossy=1&ssl=1\" \/>\n\t<meta property=\"og:image:width\" content=\"2560\" \/>\n\t<meta property=\"og:image:height\" content=\"877\" \/>\n\t<meta property=\"og:image:type\" content=\"image\/jpeg\" \/>\n<meta name=\"twitter:card\" content=\"summary_large_image\" \/>\n<meta name=\"twitter:label1\" content=\"Gesch\u00e4tzte Lesezeit\" \/>\n\t<meta name=\"twitter:data1\" content=\"4\u00a0Minuten\" \/>\n<script type=\"application\/ld+json\" class=\"yoast-schema-graph\">{\"@context\":\"https:\\\/\\\/schema.org\",\"@graph\":[{\"@type\":\"WebPage\",\"@id\":\"https:\\\/\\\/pas.websitehelden.net\\\/de\\\/gruppenfluege-buchen\\\/kombifluege-buchen\\\/\",\"url\":\"https:\\\/\\\/pas.websitehelden.net\\\/de\\\/gruppenfluege-buchen\\\/kombifluege-buchen\\\/\",\"name\":\"Kombifl\u00fcge \u2708 Kombination aus Linienflug & Charterflug!\",\"isPartOf\":{\"@id\":\"https:\\\/\\\/pas.websitehelden.net\\\/de\\\/#website\"},\"primaryImageOfPage\":{\"@id\":\"https:\\\/\\\/pas.websitehelden.net\\\/de\\\/gruppenfluege-buchen\\\/kombifluege-buchen\\\/#primaryimage\"},\"image\":{\"@id\":\"https:\\\/\\\/pas.websitehelden.net\\\/de\\\/gruppenfluege-buchen\\\/kombifluege-buchen\\\/#primaryimage\"},\"thumbnailUrl\":\"https:\\\/\\\/er7k5njc6uc.exactdn.com\\\/wp-content\\\/uploads\\\/2021\\\/12\\\/Kombination-Linienflu\u0308ge-Charterflu\u0308ge-banner-scaled.jpg?strip=all&lossy=1&ssl=1\",\"datePublished\":\"2021-12-20T13:08:55+00:00\",\"dateModified\":\"2025-04-07T08:18:41+00:00\",\"description\":\"Kombifl\u00fcge \u00bb Die flexible Kombination aus Linienflug und Charterflug, damit alle G\u00e4ste, Mitarbeiter, etc. an der Zieldestination ankommen! \u2714 | pasflights\",\"breadcrumb\":{\"@id\":\"https:\\\/\\\/pas.websitehelden.net\\\/de\\\/gruppenfluege-buchen\\\/kombifluege-buchen\\\/#breadcrumb\"},\"inLanguage\":\"de\",\"potentialAction\":[{\"@type\":\"ReadAction\",\"target\":[\"https:\\\/\\\/pas.websitehelden.net\\\/de\\\/gruppenfluege-buchen\\\/kombifluege-buchen\\\/\"]}]},{\"@type\":\"ImageObject\",\"inLanguage\":\"de\",\"@id\":\"https:\\\/\\\/pas.websitehelden.net\\\/de\\\/gruppenfluege-buchen\\\/kombifluege-buchen\\\/#primaryimage\",\"url\":\"https:\\\/\\\/er7k5njc6uc.exactdn.com\\\/wp-content\\\/uploads\\\/2021\\\/12\\\/Kombination-Linienflu\u0308ge-Charterflu\u0308ge-banner-scaled.jpg?strip=all&lossy=1&ssl=1\",\"contentUrl\":\"https:\\\/\\\/er7k5njc6uc.exactdn.com\\\/wp-content\\\/uploads\\\/2021\\\/12\\\/Kombination-Linienflu\u0308ge-Charterflu\u0308ge-banner-scaled.jpg?strip=all&lossy=1&ssl=1\",\"width\":2560,\"height\":877},{\"@type\":\"BreadcrumbList\",\"@id\":\"https:\\\/\\\/pas.websitehelden.net\\\/de\\\/gruppenfluege-buchen\\\/kombifluege-buchen\\\/#breadcrumb\",\"itemListElement\":[{\"@type\":\"ListItem\",\"position\":1,\"name\":\"Startseite\",\"item\":\"https:\\\/\\\/pas.websitehelden.net\\\/de\\\/\"},{\"@type\":\"ListItem\",\"position\":2,\"name\":\"Gruppenfl\u00fcge\",\"item\":\"https:\\\/\\\/pas.websitehelden.net\\\/de\\\/gruppenfluege-buchen\\\/\"},{\"@type\":\"ListItem\",\"position\":3,\"name\":\"Kombiflug\"}]},{\"@type\":\"WebSite\",\"@id\":\"https:\\\/\\\/pas.websitehelden.net\\\/de\\\/#website\",\"url\":\"https:\\\/\\\/pas.websitehelden.net\\\/de\\\/\",\"name\":\"Pasflights\",\"description\":\"Eine weitere WordPress-Website\",\"potentialAction\":[{\"@type\":\"SearchAction\",\"target\":{\"@type\":\"EntryPoint\",\"urlTemplate\":\"https:\\\/\\\/pas.websitehelden.net\\\/de\\\/?s={search_term_string}\"},\"query-input\":{\"@type\":\"PropertyValueSpecification\",\"valueRequired\":true,\"valueName\":\"search_term_string\"}}],\"inLanguage\":\"de\"}]}<\/script>\n<!-- \/ Yoast SEO plugin. -->","yoast_head_json":{"title":"Kombifl\u00fcge \u2708 Kombination aus Linienflug & Charterflug!","description":"Kombifl\u00fcge \u00bb Die flexible Kombination aus Linienflug und Charterflug, damit alle G\u00e4ste, Mitarbeiter, etc. an der Zieldestination ankommen! \u2714 | pasflights","robots":{"index":"index","follow":"follow","max-snippet":"max-snippet:-1","max-image-preview":"max-image-preview:large","max-video-preview":"max-video-preview:-1"},"canonical":"https:\/\/pas.websitehelden.net\/de\/gruppenfluege-buchen\/kombifluege-buchen\/","og_locale":"de_DE","og_type":"article","og_title":"Kombifl\u00fcge \u2708 Kombination aus Linienflug & Charterflug!","og_description":"Kombifl\u00fcge \u00bb Die flexible Kombination aus Linienflug und Charterflug, damit alle G\u00e4ste, Mitarbeiter, etc. an der Zieldestination ankommen! \u2714 | pasflights","og_url":"https:\/\/pas.websitehelden.net\/de\/gruppenfluege-buchen\/kombifluege-buchen\/","og_site_name":"Pasflights","article_modified_time":"2025-04-07T08:18:41+00:00","og_image":[{"width":2560,"height":877,"url":"https:\/\/er7k5njc6uc.exactdn.com\/wp-content\/uploads\/2021\/12\/Kombination-Linienflu\u0308ge-Charterflu\u0308ge-banner-scaled.jpg?strip=all&lossy=1&ssl=1","type":"image\/jpeg"}],"twitter_card":"summary_large_image","twitter_misc":{"Gesch\u00e4tzte Lesezeit":"4\u00a0Minuten"},"schema":{"@context":"https:\/\/schema.org","@graph":[{"@type":"WebPage","@id":"https:\/\/pas.websitehelden.net\/de\/gruppenfluege-buchen\/kombifluege-buchen\/","url":"https:\/\/pas.websitehelden.net\/de\/gruppenfluege-buchen\/kombifluege-buchen\/","name":"Kombifl\u00fcge \u2708 Kombination aus Linienflug & Charterflug!","isPartOf":{"@id":"https:\/\/pas.websitehelden.net\/de\/#website"},"primaryImageOfPage":{"@id":"https:\/\/pas.websitehelden.net\/de\/gruppenfluege-buchen\/kombifluege-buchen\/#primaryimage"},"image":{"@id":"https:\/\/pas.websitehelden.net\/de\/gruppenfluege-buchen\/kombifluege-buchen\/#primaryimage"},"thumbnailUrl":"https:\/\/er7k5njc6uc.exactdn.com\/wp-content\/uploads\/2021\/12\/Kombination-Linienflu\u0308ge-Charterflu\u0308ge-banner-scaled.jpg?strip=all&lossy=1&ssl=1","datePublished":"2021-12-20T13:08:55+00:00","dateModified":"2025-04-07T08:18:41+00:00","description":"Kombifl\u00fcge \u00bb Die flexible Kombination aus Linienflug und Charterflug, damit alle G\u00e4ste, Mitarbeiter, etc. an der Zieldestination ankommen! \u2714 | pasflights","breadcrumb":{"@id":"https:\/\/pas.websitehelden.net\/de\/gruppenfluege-buchen\/kombifluege-buchen\/#breadcrumb"},"inLanguage":"de","potentialAction":[{"@type":"ReadAction","target":["https:\/\/pas.websitehelden.net\/de\/gruppenfluege-buchen\/kombifluege-buchen\/"]}]},{"@type":"ImageObject","inLanguage":"de","@id":"https:\/\/pas.websitehelden.net\/de\/gruppenfluege-buchen\/kombifluege-buchen\/#primaryimage","url":"https:\/\/er7k5njc6uc.exactdn.com\/wp-content\/uploads\/2021\/12\/Kombination-Linienflu\u0308ge-Charterflu\u0308ge-banner-scaled.jpg?strip=all&lossy=1&ssl=1","contentUrl":"https:\/\/er7k5njc6uc.exactdn.com\/wp-content\/uploads\/2021\/12\/Kombination-Linienflu\u0308ge-Charterflu\u0308ge-banner-scaled.jpg?strip=all&lossy=1&ssl=1","width":2560,"height":877},{"@type":"BreadcrumbList","@id":"https:\/\/pas.websitehelden.net\/de\/gruppenfluege-buchen\/kombifluege-buchen\/#breadcrumb","itemListElement":[{"@type":"ListItem","position":1,"name":"Startseite","item":"https:\/\/pas.websitehelden.net\/de\/"},{"@type":"ListItem","position":2,"name":"Gruppenfl\u00fcge","item":"https:\/\/pas.websitehelden.net\/de\/gruppenfluege-buchen\/"},{"@type":"ListItem","position":3,"name":"Kombiflug"}]},{"@type":"WebSite","@id":"https:\/\/pas.websitehelden.net\/de\/#website","url":"https:\/\/pas.websitehelden.net\/de\/","name":"Pasflights","description":"Eine weitere WordPress-Website","potentialAction":[{"@type":"SearchAction","target":{"@type":"EntryPoint","urlTemplate":"https:\/\/pas.websitehelden.net\/de\/?s={search_term_string}"},"query-input":{"@type":"PropertyValueSpecification","valueRequired":true,"valueName":"search_term_string"}}],"inLanguage":"de"}]}},"_links":{"self":[{"href":"https:\/\/pas.websitehelden.net\/de\/wp-json\/wp\/v2\/pages\/1572","targetHints":{"allow":["GET"]}}],"collection":[{"href":"https:\/\/pas.websitehelden.net\/de\/wp-json\/wp\/v2\/pages"}],"about":[{"href":"https:\/\/pas.websitehelden.net\/de\/wp-json\/wp\/v2\/types\/page"}],"author":[{"embeddable":true,"href":"https:\/\/pas.websitehelden.net\/de\/wp-json\/wp\/v2\/users\/2"}],"replies":[{"embeddable":true,"href":"https:\/\/pas.websitehelden.net\/de\/wp-json\/wp\/v2\/comments?post=1572"}],"version-history":[{"count":0,"href":"https:\/\/pas.websitehelden.net\/de\/wp-json\/wp\/v2\/pages\/1572\/revisions"}],"up":[{"embeddable":true,"href":"https:\/\/pas.websitehelden.net\/de\/wp-json\/wp\/v2\/pages\/1563"}],"wp:featuredmedia":[{"embeddable":true,"href":"https:\/\/pas.websitehelden.net\/de\/wp-json\/wp\/v2\/media\/1573"}],"wp:attachment":[{"href":"https:\/\/pas.websitehelden.net\/de\/wp-json\/wp\/v2\/media?parent=1572"}],"wp:term":[{"taxonomy":"category","embeddable":true,"href":"https:\/\/pas.websitehelden.net\/de\/wp-json\/wp\/v2\/categories?post=1572"},{"taxonomy":"post_tag","embeddable":true,"href":"https:\/\/pas.websitehelden.net\/de\/wp-json\/wp\/v2\/tags?post=1572"}],"curies":[{"name":"wp","href":"https:\/\/api.w.org\/{rel}","templated":true}]}}