{"id":1566,"date":"2021-12-20T14:06:57","date_gmt":"2021-12-20T13:06:57","guid":{"rendered":"https:\/\/www.pasflights.com\/?page_id=1566"},"modified":"2025-04-07T10:18:20","modified_gmt":"2025-04-07T08:18:20","slug":"commercial-jet-charter","status":"publish","type":"page","link":"https:\/\/pas.websitehelden.net\/de\/gruppenfluege-buchen\/commercial-jet-charter\/","title":{"rendered":"Commercial Jet Charter"},"content":{"rendered":"\t\t<div data-elementor-type=\"wp-page\" data-elementor-id=\"1566\" class=\"elementor elementor-1566\" data-elementor-post-type=\"page\">\n\t\t\t\t\t\t<section class=\"elementor-section elementor-top-section elementor-element elementor-element-7d2ce96 elementor-section-boxed elementor-section-height-default elementor-section-height-default\" data-id=\"7d2ce96\" data-element_type=\"section\">\n\t\t\t\t\t\t<div class=\"elementor-container elementor-column-gap-default\">\n\t\t\t\t\t<div class=\"elementor-column elementor-col-100 elementor-top-column elementor-element elementor-element-2dd8a3c\" data-id=\"2dd8a3c\" data-element_type=\"column\">\n\t\t\t<div class=\"elementor-widget-wrap elementor-element-populated\">\n\t\t\t\t\t\t<div class=\"elementor-element elementor-element-a86561f elementor-widget elementor-widget-heading\" data-id=\"a86561f\" data-element_type=\"widget\" data-widget_type=\"heading.default\">\n\t\t\t\t<div class=\"elementor-widget-container\">\n\t\t\t\t\t<h1 class=\"elementor-heading-title elementor-size-default\">Commercial Jet Charter \u2013 Komfort auf Ihrer Gruppenreise<\/h1>\t\t\t\t<\/div>\n\t\t\t\t<\/div>\n\t\t\t\t<div class=\"elementor-element elementor-element-f5479ee elementor-widget elementor-widget-text-editor\" data-id=\"f5479ee\" data-element_type=\"widget\" data-widget_type=\"text-editor.default\">\n\t\t\t\t<div class=\"elementor-widget-container\">\n\t\t\t\t\t\t\t\t\t<p>Starten Sie zu einer entspannten Gruppenreise und kommen Sie stressfrei an Ihrer Zieldestination an. Wenn Sie einen Commercial Jet chartern, bietet dieser Ihnen ausreichend Platz um Ihr gesamtes Unternehmensteam, Regierungs- und Delegationsmitglieder, Sportmannschaften oder Tourneeensemble bequem auf Reisen zu schicken. Weil wir wissen, dass jeder Gruppenflug stets andere Anspr\u00fcche und Anforderungen stellt, bieten wir unterschiedliche Gro\u00dfraumflugzeuge an, die f\u00fcr jede Herausforderung die passende L\u00f6sung bieten.<\/p><p>Sie m\u00f6chten eine Boeing mieten oder einen Airbus chartern? Wir machen Ihnen jederzeit ein individuelles Angebot und stimmen die gesamte Reise auf Ihre W\u00fcnsche ab. Wir k\u00fcmmern uns mit unseren Commercial Jet Chartern zuverl\u00e4ssig um die gesamte Organisation um jedes Detail. Ob 20 oder 480 Passagiere, die Commercial Jets bieten Ihnen eine preisleistungsstarke M\u00f6glichkeit, Gruppenreisen durchzuf\u00fchren. Und das selbstverst\u00e4ndlich auf dem neuesten Stand der Technik.<\/p>\t\t\t\t\t\t\t\t<\/div>\n\t\t\t\t<\/div>\n\t\t\t\t<div class=\"elementor-element elementor-element-76d9505 elementor-widget elementor-widget-heading\" data-id=\"76d9505\" data-element_type=\"widget\" data-widget_type=\"heading.default\">\n\t\t\t\t<div class=\"elementor-widget-container\">\n\t\t\t\t\t<h2 class=\"elementor-heading-title elementor-size-default\">Die Commercial Jet Charter bei <strong>PAS<\/strong>flights<\/h2>\t\t\t\t<\/div>\n\t\t\t\t<\/div>\n\t\t\t\t<div class=\"elementor-element elementor-element-4e46e39 elementor-widget elementor-widget-text-editor\" data-id=\"4e46e39\" data-element_type=\"widget\" data-widget_type=\"text-editor.default\">\n\t\t\t\t<div class=\"elementor-widget-container\">\n\t\t\t\t\t\t\t\t\t<p>Commercial Jet Charter lassen keine W\u00fcnsche offen und bieten Ihnen und Ihrer Gruppe Komfort, Exklusivit\u00e4t und Qualit\u00e4t auf h\u00f6chstem Niveau. Selbstverst\u00e4ndlich erf\u00fcllen alle Gro\u00dfraumflugzeuge die aktuellen Sicherheitsstandards. Sicherheit hat h\u00f6chste Priorit\u00e4t, wenn Sie einen Commercial Jet chartern, und wird mit einem umfassenden Qualit\u00e4tsmanagement sichergestellt.<\/p><p>Sie ben\u00f6tigen vor allem einen ger\u00e4umigen Innenraum, der mehr als 200 Flugg\u00e4sten Platz bietet? Dann empfehlen wir Ihnen, beispielsweise die Boeing 757\u2013200 zu chartern oder den Airbus A321-200 zu mieten. Kleingruppen fliegen ganz bequem mit der Embraer ERJ-135 zu einem Zielort in Europa. Nat\u00fcrlich beraten wir Sie im Vorfeld ausf\u00fchrlich und entscheiden mit Ihnen zusammen, welcher der Commercial Jet Charterfl\u00fcge am besten zu Ihrem Bedarf passt.<\/p><p>Stellen Sie jetzt Ihre Anfrage an ein Gro\u00dfraumflugzeug \u00fcber das Anfrageformular oder nehmen Sie direkt telefonisch <a href=\"https:\/\/pas.websitehelden.net\/kontakt\">Kontakt<\/a> zu unseren Spezialisten auf.<\/p>\t\t\t\t\t\t\t\t<\/div>\n\t\t\t\t<\/div>\n\t\t\t\t\t<\/div>\n\t\t<\/div>\n\t\t\t\t\t<\/div>\n\t\t<\/section>\n\t\t\t\t<section class=\"elementor-section elementor-top-section elementor-element elementor-element-dbe3050 elementor-section-full_width elementor-section-height-default elementor-section-height-default\" data-id=\"dbe3050\" data-element_type=\"section\">\n\t\t\t\t\t\t<div class=\"elementor-container elementor-column-gap-default\">\n\t\t\t\t\t<div class=\"elementor-column elementor-col-100 elementor-top-column elementor-element elementor-element-b3a5f47\" data-id=\"b3a5f47\" data-element_type=\"column\">\n\t\t\t<div class=\"elementor-widget-wrap\">\n\t\t\t\t\t\t\t<\/div>\n\t\t<\/div>\n\t\t\t\t\t<\/div>\n\t\t<\/section>\n\t\t\t\t<section class=\"elementor-section elementor-top-section elementor-element elementor-element-3e96318 elementor-section-full_width elementor-section-height-default elementor-section-height-default\" data-id=\"3e96318\" data-element_type=\"section\">\n\t\t\t\t\t\t<div class=\"elementor-container elementor-column-gap-default\">\n\t\t\t\t\t<div class=\"elementor-column elementor-col-100 elementor-top-column elementor-element elementor-element-54b1e48\" data-id=\"54b1e48\" data-element_type=\"column\">\n\t\t\t<div class=\"elementor-widget-wrap elementor-element-populated\">\n\t\t\t\t\t\t<div class=\"elementor-element elementor-element-74ad9da elementor-widget elementor-widget-shortcode\" data-id=\"74ad9da\" data-element_type=\"widget\" data-widget_type=\"shortcode.default\">\n\t\t\t\t<div class=\"elementor-widget-container\">\n\t\t\t\t\t\t\t<div class=\"elementor-shortcode\">\t\t<div data-elementor-type=\"section\" data-elementor-id=\"1207\" class=\"elementor elementor-1207\" data-elementor-post-type=\"elementor_library\">\n\t\t\t\t\t<section class=\"elementor-section elementor-top-section elementor-element elementor-element-1a9bbed8 elementor-section-boxed elementor-section-height-default elementor-section-height-default\" data-id=\"1a9bbed8\" data-element_type=\"section\">\n\t\t\t\t\t\t<div class=\"elementor-container elementor-column-gap-default\">\n\t\t\t\t\t<div class=\"elementor-column elementor-col-100 elementor-top-column elementor-element elementor-element-74ea37fb\" data-id=\"74ea37fb\" data-element_type=\"column\">\n\t\t\t<div class=\"elementor-widget-wrap elementor-element-populated\">\n\t\t\t\t\t\t<div class=\"elementor-element elementor-element-46435d7a elementor-widget elementor-widget-heading\" data-id=\"46435d7a\" data-element_type=\"widget\" data-widget_type=\"heading.default\">\n\t\t\t\t<div class=\"elementor-widget-container\">\n\t\t\t\t\t<span class=\"elementor-heading-title elementor-size-default\">Anfrage &amp; Kontakt<\/span>\t\t\t\t<\/div>\n\t\t\t\t<\/div>\n\t\t\t\t<div class=\"elementor-element elementor-element-26e4099f elementor-widget elementor-widget-heading\" data-id=\"26e4099f\" data-element_type=\"widget\" data-widget_type=\"heading.default\">\n\t\t\t\t<div class=\"elementor-widget-container\">\n\t\t\t\t\t<h2 class=\"elementor-heading-title elementor-size-default\">Anfrage &amp; Kontakt<\/h2>\t\t\t\t<\/div>\n\t\t\t\t<\/div>\n\t\t\t\t<section class=\"elementor-section elementor-inner-section elementor-element elementor-element-3a7e5399 elementor-section-boxed elementor-section-height-default elementor-section-height-default\" data-id=\"3a7e5399\" data-element_type=\"section\" data-settings=\"{&quot;background_background&quot;:&quot;classic&quot;}\">\n\t\t\t\t\t\t<div class=\"elementor-container elementor-column-gap-default\">\n\t\t\t\t\t<div class=\"elementor-column elementor-col-50 elementor-inner-column elementor-element elementor-element-1ca44ff9\" data-id=\"1ca44ff9\" data-element_type=\"column\">\n\t\t\t<div class=\"elementor-widget-wrap\">\n\t\t\t\t\t\t\t<\/div>\n\t\t<\/div>\n\t\t\t\t<div class=\"elementor-column elementor-col-50 elementor-inner-column elementor-element elementor-element-30227c15\" data-id=\"30227c15\" data-element_type=\"column\" data-settings=\"{&quot;background_background&quot;:&quot;classic&quot;}\">\n\t\t\t<div class=\"elementor-widget-wrap elementor-element-populated\">\n\t\t\t\t\t\t<div class=\"elementor-element elementor-element-4c6a8960 elementor-widget elementor-widget-heading\" data-id=\"4c6a8960\" data-element_type=\"widget\" data-widget_type=\"heading.default\">\n\t\t\t\t<div class=\"elementor-widget-container\">\n\t\t\t\t\t<h2 class=\"elementor-heading-title elementor-size-default\">SIE HABEN FRAGEN oder m\u00f6chten eine Anfrage f\u00fcr einen Flug stellen? <br>WIR SIND F\u00dcR SIE DA \u2013 PER MAIL, KONTAKTFORMULAR ODER PER TELEFON!<\/h2>\t\t\t\t<\/div>\n\t\t\t\t<\/div>\n\t\t\t\t<div class=\"elementor-element elementor-element-abe2a2d elementor-widget elementor-widget-heading\" data-id=\"abe2a2d\" data-element_type=\"widget\" data-widget_type=\"heading.default\">\n\t\t\t\t<div class=\"elementor-widget-container\">\n\t\t\t\t\t<span class=\"elementor-heading-title elementor-size-default\">24\/7 ist Ihr pers\u00f6nlicher Ansprechpartner f\u00fcr Sie da<\/span>\t\t\t\t<\/div>\n\t\t\t\t<\/div>\n\t\t\t\t<div class=\"elementor-element elementor-element-2ce577c elementor-align-start elementor-widget__width-auto elementor-icon-list--layout-traditional elementor-list-item-link-full_width elementor-widget elementor-widget-icon-list\" data-id=\"2ce577c\" data-element_type=\"widget\" data-widget_type=\"icon-list.default\">\n\t\t\t\t<div class=\"elementor-widget-container\">\n\t\t\t\t\t\t\t<ul class=\"elementor-icon-list-items\">\n\t\t\t\t\t\t\t<li class=\"elementor-icon-list-item\">\n\t\t\t\t\t\t\t\t\t\t\t<a href=\"https:\/\/pas.websitehelden.net\/kontakt\/\">\n\n\t\t\t\t\t\t\t\t\t\t\t\t<span class=\"elementor-icon-list-icon\">\n\t\t\t\t\t\t\t<i aria-hidden=\"true\" class=\"fas fa-envelope\"><\/i>\t\t\t\t\t\t<\/span>\n\t\t\t\t\t\t\t\t\t\t<span class=\"elementor-icon-list-text\">info@pasflights.com<\/span>\n\t\t\t\t\t\t\t\t\t\t\t<\/a>\n\t\t\t\t\t\t\t\t\t<\/li>\n\t\t\t\t\t\t\t\t<li class=\"elementor-icon-list-item\">\n\t\t\t\t\t\t\t\t\t\t\t<a href=\"tel:+49%202204%2070606-0\">\n\n\t\t\t\t\t\t\t\t\t\t\t\t<span class=\"elementor-icon-list-icon\">\n\t\t\t\t\t\t\t<i aria-hidden=\"true\" class=\"fas fa-phone-alt\"><\/i>\t\t\t\t\t\t<\/span>\n\t\t\t\t\t\t\t\t\t\t<span class=\"elementor-icon-list-text\">+ 49 2204 70606-0<\/span>\n\t\t\t\t\t\t\t\t\t\t\t<\/a>\n\t\t\t\t\t\t\t\t\t<\/li>\n\t\t\t\t\t\t<\/ul>\n\t\t\t\t\t\t<\/div>\n\t\t\t\t<\/div>\n\t\t\t\t<div class=\"elementor-element elementor-element-462f1838 elementor-align-right pinkbuttonfull elementor-tablet-align-left elementor-mobile-align-justify elementor-widget elementor-widget-button\" data-id=\"462f1838\" data-element_type=\"widget\" data-widget_type=\"button.default\">\n\t\t\t\t<div class=\"elementor-widget-container\">\n\t\t\t\t\t\t\t\t\t<div class=\"elementor-button-wrapper\">\n\t\t\t\t\t<a class=\"elementor-button elementor-button-link elementor-size-sm\" href=\"\/de\/kontakt\/\">\n\t\t\t\t\t\t<span class=\"elementor-button-content-wrapper\">\n\t\t\t\t\t\t\t\t\t<span class=\"elementor-button-text\">Jetzt anfragen oder Kontakt aufnehmen<\/span>\n\t\t\t\t\t<\/span>\n\t\t\t\t\t<\/a>\n\t\t\t\t<\/div>\n\t\t\t\t\t\t\t\t<\/div>\n\t\t\t\t<\/div>\n\t\t\t\t\t<\/div>\n\t\t<\/div>\n\t\t\t\t\t<\/div>\n\t\t<\/section>\n\t\t\t\t<div class=\"elementor-element elementor-element-60957350 elementor-widget elementor-widget-image\" data-id=\"60957350\" data-element_type=\"widget\" data-widget_type=\"image.default\">\n\t\t\t\t<div class=\"elementor-widget-container\">\n\t\t\t\t\t\t\t\t\t\t\t\t\t\t\t<img decoding=\"async\" src=\"https:\/\/er7k5njc6uc.exactdn.com\/wp-content\/uploads\/elementor\/thumbs\/privatjet-buchen_kontakt-rawwxlf5e5ptspptkdb8apcdi94cfpobtspz7qq45k.jpg?strip=all&lossy=1&w=1920&ssl=1\" title=\"privatjet-buchen_kontakt\" alt=\"Contact\" loading=\"lazy\" \/>\t\t\t\t\t\t\t\t\t\t\t\t\t\t\t<\/div>\n\t\t\t\t<\/div>\n\t\t\t\t\t<\/div>\n\t\t<\/div>\n\t\t\t\t\t<\/div>\n\t\t<\/section>\n\t\t\t\t<\/div>\n\t\t<\/div>\n\t\t\t\t\t\t<\/div>\n\t\t\t\t<\/div>\n\t\t\t\t\t<\/div>\n\t\t<\/div>\n\t\t\t\t\t<\/div>\n\t\t<\/section>\n\t\t\t\t<section class=\"elementor-section elementor-top-section elementor-element elementor-element-504d6ff elementor-section-boxed elementor-section-height-default elementor-section-height-default\" data-id=\"504d6ff\" data-element_type=\"section\">\n\t\t\t\t\t\t<div class=\"elementor-container elementor-column-gap-default\">\n\t\t\t\t\t<div class=\"elementor-column elementor-col-100 elementor-top-column elementor-element elementor-element-74f6676\" data-id=\"74f6676\" data-element_type=\"column\">\n\t\t\t<div class=\"elementor-widget-wrap elementor-element-populated\">\n\t\t\t\t\t\t<div class=\"elementor-element elementor-element-534d4f9 elementor-widget elementor-widget-heading\" data-id=\"534d4f9\" data-element_type=\"widget\" data-widget_type=\"heading.default\">\n\t\t\t\t<div class=\"elementor-widget-container\">\n\t\t\t\t\t<h2 class=\"elementor-heading-title elementor-size-default\">Unsere Serviceleistungen rund um Commercial Jet Charter<\/h2>\t\t\t\t<\/div>\n\t\t\t\t<\/div>\n\t\t\t\t<div class=\"elementor-element elementor-element-228dfa0 elementor-widget elementor-widget-text-editor\" data-id=\"228dfa0\" data-element_type=\"widget\" data-widget_type=\"text-editor.default\">\n\t\t\t\t<div class=\"elementor-widget-container\">\n\t\t\t\t\t\t\t\t\t<p>Buchen Sie Gro\u00dfraumflugzeuge im Rahmen eines Charterfluges bei uns von <strong>PAS<\/strong>flights, dann erwarten Sie zahlreiche Serviceleistungen und eine individuell geplante Reise f\u00fcr Ihre Gruppe. Diskret oder komplett gebrandet, mit einem personalisierten Check-in oder sogar einem Gro\u00dfraumflugzeug ganz im Look Ihrer Corporate Identity \u2013 Sie entscheiden bei uns selbst, wie Sie Ihre Gruppenreise gestalten wollen. Wir realisieren mit unseren Commercial Jet Chartern alles nach Ihren Vorgaben und schaffen so das perfekte Flugerlebnis. Bedruckte Logo-Kopfst\u00fctzenschoner, individuelle Bordansagen, ein vorz\u00fcgliches Catering nach Wahl, Betreuung durch mehrsprachige Flugbegleiter oder ein VIP-Empfang \u2013 Sie sagen, was Sie sich w\u00fcnschen und wir setzen es f\u00fcr Sie um.<\/p><p>Neben der Organisation Ihres privaten Commercial Jet Charterfluges sorgen wir im Bedarfsfall f\u00fcr eine ma\u00dfgeschneiderte Charter- oder Linienflugkombination. Dabei greifen wir auf unser weltweites Kooperationsnetzwerk an renommierten Fluggesellschaften zur\u00fcck und kombinieren die besten Linien- und Charterflugoptionen. Mit einem 24\/7 Support stellen wir rund um die Uhr eine reibungslose Reise zu Ihrer Zieldestination sicher.<\/p>\t\t\t\t\t\t\t\t<\/div>\n\t\t\t\t<\/div>\n\t\t\t\t<div class=\"elementor-element elementor-element-8d0563f elementor-widget elementor-widget-heading\" data-id=\"8d0563f\" data-element_type=\"widget\" data-widget_type=\"heading.default\">\n\t\t\t\t<div class=\"elementor-widget-container\">\n\t\t\t\t\t<h2 class=\"elementor-heading-title elementor-size-default\">Buchen Sie jetzt Ihren pers\u00f6nlichen Commercial Jet Charter<\/h2>\t\t\t\t<\/div>\n\t\t\t\t<\/div>\n\t\t\t\t<div class=\"elementor-element elementor-element-df5b08e elementor-widget elementor-widget-text-editor\" data-id=\"df5b08e\" data-element_type=\"widget\" data-widget_type=\"text-editor.default\">\n\t\t\t\t<div class=\"elementor-widget-container\">\n\t\t\t\t\t\t\t\t\t<p>Ein Commercial Jet Charter bringt Ihre Gruppe stressfrei und entspannt zu weltweiten Zielen. Verlassen Sie sich bei den Experten von <a href=\"https:\/\/pas.websitehelden.net\/\"><strong>PAS<\/strong>flights<\/a> auf die jahrelange Erfahrung, h\u00f6chste Anspr\u00fcche an Qualit\u00e4t und eine hochwertigen Betreuung. Wir bringen Sie und Ihr Team sicher und mit dem allerh\u00f6chsten Komfort zu Ihrem Ziel.<\/p>\t\t\t\t\t\t\t\t<\/div>\n\t\t\t\t<\/div>\n\t\t\t\t\t<\/div>\n\t\t<\/div>\n\t\t\t\t\t<\/div>\n\t\t<\/section>\n\t\t\t\t<\/div>\n\t\t","protected":false},"excerpt":{"rendered":"<p>Commercial Jet Charter \u2013 Komfort auf Ihrer Gruppenreise Starten Sie zu einer entspannten Gruppenreise und kommen Sie stressfrei an Ihrer Zieldestination an. Wenn Sie einen Commercial Jet chartern, bietet dieser Ihnen ausreichend Platz um Ihr gesamtes Unternehmensteam, Regierungs- und Delegationsmitglieder, Sportmannschaften oder Tourneeensemble bequem auf Reisen zu schicken. Weil wir wissen, dass jeder Gruppenflug stets [&hellip;]<\/p>\n","protected":false},"author":2,"featured_media":6860,"parent":1563,"menu_order":20,"comment_status":"closed","ping_status":"closed","template":"","meta":{"_acf_changed":false,"footnotes":""},"categories":[],"tags":[19],"class_list":["post-1566","page","type-page","status-publish","has-post-thumbnail","hentry","tag-gruppenfluege"],"acf":[],"yoast_head":"<!-- This site is optimized with the Yoast SEO plugin v27.4 - https:\/\/yoast.com\/product\/yoast-seo-wordpress\/ -->\n<title>Commercial Jet Charter \u2708 Schnell und unkompliziert!<\/title>\n<meta name=\"description\" content=\"Gro\u00dfraumflugzeuge \u00bb Die perfekte Flugcharterl\u00f6sung f\u00fcr Ihr Event! Wir bringen Sie und Ihre Begleiter sicher ans Ziel! \u2708 Jetzt Angebot anfordern| pasflights\" \/>\n<meta name=\"robots\" content=\"index, follow, max-snippet:-1, max-image-preview:large, max-video-preview:-1\" \/>\n<link rel=\"canonical\" href=\"https:\/\/pas.websitehelden.net\/de\/gruppenfluege-buchen\/commercial-jet-charter\/\" \/>\n<meta property=\"og:locale\" content=\"de_DE\" \/>\n<meta property=\"og:type\" content=\"article\" \/>\n<meta property=\"og:title\" content=\"Commercial Jet Charter \u2708 Schnell und unkompliziert!\" \/>\n<meta property=\"og:description\" content=\"Gro\u00dfraumflugzeuge \u00bb Die perfekte Flugcharterl\u00f6sung f\u00fcr Ihr Event! Wir bringen Sie und Ihre Begleiter sicher ans Ziel! \u2708 Jetzt Angebot anfordern| pasflights\" \/>\n<meta property=\"og:url\" content=\"https:\/\/pas.websitehelden.net\/de\/gruppenfluege-buchen\/commercial-jet-charter\/\" \/>\n<meta property=\"og:site_name\" content=\"Pasflights\" \/>\n<meta property=\"article:modified_time\" content=\"2025-04-07T08:18:20+00:00\" \/>\n<meta property=\"og:image\" content=\"https:\/\/er7k5njc6uc.exactdn.com\/wp-content\/uploads\/2022\/04\/A330-300-aussen.jpg?strip=all&lossy=1&ssl=1\" \/>\n\t<meta property=\"og:image:width\" content=\"640\" \/>\n\t<meta property=\"og:image:height\" content=\"448\" \/>\n\t<meta property=\"og:image:type\" content=\"image\/jpeg\" \/>\n<meta name=\"twitter:card\" content=\"summary_large_image\" \/>\n<meta name=\"twitter:label1\" content=\"Gesch\u00e4tzte Lesezeit\" \/>\n\t<meta name=\"twitter:data1\" content=\"26\u00a0Minuten\" \/>\n<script type=\"application\/ld+json\" class=\"yoast-schema-graph\">{\"@context\":\"https:\\\/\\\/schema.org\",\"@graph\":[{\"@type\":\"WebPage\",\"@id\":\"https:\\\/\\\/pas.websitehelden.net\\\/de\\\/gruppenfluege-buchen\\\/commercial-jet-charter\\\/\",\"url\":\"https:\\\/\\\/pas.websitehelden.net\\\/de\\\/gruppenfluege-buchen\\\/commercial-jet-charter\\\/\",\"name\":\"Commercial Jet Charter \u2708 Schnell und unkompliziert!\",\"isPartOf\":{\"@id\":\"https:\\\/\\\/pas.websitehelden.net\\\/de\\\/#website\"},\"primaryImageOfPage\":{\"@id\":\"https:\\\/\\\/pas.websitehelden.net\\\/de\\\/gruppenfluege-buchen\\\/commercial-jet-charter\\\/#primaryimage\"},\"image\":{\"@id\":\"https:\\\/\\\/pas.websitehelden.net\\\/de\\\/gruppenfluege-buchen\\\/commercial-jet-charter\\\/#primaryimage\"},\"thumbnailUrl\":\"https:\\\/\\\/er7k5njc6uc.exactdn.com\\\/wp-content\\\/uploads\\\/2022\\\/04\\\/A330-300-aussen.jpg?strip=all&lossy=1&ssl=1\",\"datePublished\":\"2021-12-20T13:06:57+00:00\",\"dateModified\":\"2025-04-07T08:18:20+00:00\",\"description\":\"Gro\u00dfraumflugzeuge \u00bb Die perfekte Flugcharterl\u00f6sung f\u00fcr Ihr Event! Wir bringen Sie und Ihre Begleiter sicher ans Ziel! \u2708 Jetzt Angebot anfordern| pasflights\",\"breadcrumb\":{\"@id\":\"https:\\\/\\\/pas.websitehelden.net\\\/de\\\/gruppenfluege-buchen\\\/commercial-jet-charter\\\/#breadcrumb\"},\"inLanguage\":\"de\",\"potentialAction\":[{\"@type\":\"ReadAction\",\"target\":[\"https:\\\/\\\/pas.websitehelden.net\\\/de\\\/gruppenfluege-buchen\\\/commercial-jet-charter\\\/\"]}]},{\"@type\":\"ImageObject\",\"inLanguage\":\"de\",\"@id\":\"https:\\\/\\\/pas.websitehelden.net\\\/de\\\/gruppenfluege-buchen\\\/commercial-jet-charter\\\/#primaryimage\",\"url\":\"https:\\\/\\\/er7k5njc6uc.exactdn.com\\\/wp-content\\\/uploads\\\/2022\\\/04\\\/A330-300-aussen.jpg?strip=all&lossy=1&ssl=1\",\"contentUrl\":\"https:\\\/\\\/er7k5njc6uc.exactdn.com\\\/wp-content\\\/uploads\\\/2022\\\/04\\\/A330-300-aussen.jpg?strip=all&lossy=1&ssl=1\",\"width\":640,\"height\":448},{\"@type\":\"BreadcrumbList\",\"@id\":\"https:\\\/\\\/pas.websitehelden.net\\\/de\\\/gruppenfluege-buchen\\\/commercial-jet-charter\\\/#breadcrumb\",\"itemListElement\":[{\"@type\":\"ListItem\",\"position\":1,\"name\":\"Startseite\",\"item\":\"https:\\\/\\\/pas.websitehelden.net\\\/de\\\/\"},{\"@type\":\"ListItem\",\"position\":2,\"name\":\"Gruppenfl\u00fcge\",\"item\":\"https:\\\/\\\/pas.websitehelden.net\\\/de\\\/gruppenfluege-buchen\\\/\"},{\"@type\":\"ListItem\",\"position\":3,\"name\":\"Commercial Jet Charter\"}]},{\"@type\":\"WebSite\",\"@id\":\"https:\\\/\\\/pas.websitehelden.net\\\/de\\\/#website\",\"url\":\"https:\\\/\\\/pas.websitehelden.net\\\/de\\\/\",\"name\":\"Pasflights\",\"description\":\"Eine weitere WordPress-Website\",\"potentialAction\":[{\"@type\":\"SearchAction\",\"target\":{\"@type\":\"EntryPoint\",\"urlTemplate\":\"https:\\\/\\\/pas.websitehelden.net\\\/de\\\/?s={search_term_string}\"},\"query-input\":{\"@type\":\"PropertyValueSpecification\",\"valueRequired\":true,\"valueName\":\"search_term_string\"}}],\"inLanguage\":\"de\"}]}<\/script>\n<!-- \/ Yoast SEO plugin. -->","yoast_head_json":{"title":"Commercial Jet Charter \u2708 Schnell und unkompliziert!","description":"Gro\u00dfraumflugzeuge \u00bb Die perfekte Flugcharterl\u00f6sung f\u00fcr Ihr Event! Wir bringen Sie und Ihre Begleiter sicher ans Ziel! \u2708 Jetzt Angebot anfordern| pasflights","robots":{"index":"index","follow":"follow","max-snippet":"max-snippet:-1","max-image-preview":"max-image-preview:large","max-video-preview":"max-video-preview:-1"},"canonical":"https:\/\/pas.websitehelden.net\/de\/gruppenfluege-buchen\/commercial-jet-charter\/","og_locale":"de_DE","og_type":"article","og_title":"Commercial Jet Charter \u2708 Schnell und unkompliziert!","og_description":"Gro\u00dfraumflugzeuge \u00bb Die perfekte Flugcharterl\u00f6sung f\u00fcr Ihr Event! Wir bringen Sie und Ihre Begleiter sicher ans Ziel! \u2708 Jetzt Angebot anfordern| pasflights","og_url":"https:\/\/pas.websitehelden.net\/de\/gruppenfluege-buchen\/commercial-jet-charter\/","og_site_name":"Pasflights","article_modified_time":"2025-04-07T08:18:20+00:00","og_image":[{"width":640,"height":448,"url":"https:\/\/er7k5njc6uc.exactdn.com\/wp-content\/uploads\/2022\/04\/A330-300-aussen.jpg?strip=all&lossy=1&ssl=1","type":"image\/jpeg"}],"twitter_card":"summary_large_image","twitter_misc":{"Gesch\u00e4tzte Lesezeit":"26\u00a0Minuten"},"schema":{"@context":"https:\/\/schema.org","@graph":[{"@type":"WebPage","@id":"https:\/\/pas.websitehelden.net\/de\/gruppenfluege-buchen\/commercial-jet-charter\/","url":"https:\/\/pas.websitehelden.net\/de\/gruppenfluege-buchen\/commercial-jet-charter\/","name":"Commercial Jet Charter \u2708 Schnell und unkompliziert!","isPartOf":{"@id":"https:\/\/pas.websitehelden.net\/de\/#website"},"primaryImageOfPage":{"@id":"https:\/\/pas.websitehelden.net\/de\/gruppenfluege-buchen\/commercial-jet-charter\/#primaryimage"},"image":{"@id":"https:\/\/pas.websitehelden.net\/de\/gruppenfluege-buchen\/commercial-jet-charter\/#primaryimage"},"thumbnailUrl":"https:\/\/er7k5njc6uc.exactdn.com\/wp-content\/uploads\/2022\/04\/A330-300-aussen.jpg?strip=all&lossy=1&ssl=1","datePublished":"2021-12-20T13:06:57+00:00","dateModified":"2025-04-07T08:18:20+00:00","description":"Gro\u00dfraumflugzeuge \u00bb Die perfekte Flugcharterl\u00f6sung f\u00fcr Ihr Event! Wir bringen Sie und Ihre Begleiter sicher ans Ziel! \u2708 Jetzt Angebot anfordern| pasflights","breadcrumb":{"@id":"https:\/\/pas.websitehelden.net\/de\/gruppenfluege-buchen\/commercial-jet-charter\/#breadcrumb"},"inLanguage":"de","potentialAction":[{"@type":"ReadAction","target":["https:\/\/pas.websitehelden.net\/de\/gruppenfluege-buchen\/commercial-jet-charter\/"]}]},{"@type":"ImageObject","inLanguage":"de","@id":"https:\/\/pas.websitehelden.net\/de\/gruppenfluege-buchen\/commercial-jet-charter\/#primaryimage","url":"https:\/\/er7k5njc6uc.exactdn.com\/wp-content\/uploads\/2022\/04\/A330-300-aussen.jpg?strip=all&lossy=1&ssl=1","contentUrl":"https:\/\/er7k5njc6uc.exactdn.com\/wp-content\/uploads\/2022\/04\/A330-300-aussen.jpg?strip=all&lossy=1&ssl=1","width":640,"height":448},{"@type":"BreadcrumbList","@id":"https:\/\/pas.websitehelden.net\/de\/gruppenfluege-buchen\/commercial-jet-charter\/#breadcrumb","itemListElement":[{"@type":"ListItem","position":1,"name":"Startseite","item":"https:\/\/pas.websitehelden.net\/de\/"},{"@type":"ListItem","position":2,"name":"Gruppenfl\u00fcge","item":"https:\/\/pas.websitehelden.net\/de\/gruppenfluege-buchen\/"},{"@type":"ListItem","position":3,"name":"Commercial Jet Charter"}]},{"@type":"WebSite","@id":"https:\/\/pas.websitehelden.net\/de\/#website","url":"https:\/\/pas.websitehelden.net\/de\/","name":"Pasflights","description":"Eine weitere WordPress-Website","potentialAction":[{"@type":"SearchAction","target":{"@type":"EntryPoint","urlTemplate":"https:\/\/pas.websitehelden.net\/de\/?s={search_term_string}"},"query-input":{"@type":"PropertyValueSpecification","valueRequired":true,"valueName":"search_term_string"}}],"inLanguage":"de"}]}},"_links":{"self":[{"href":"https:\/\/pas.websitehelden.net\/de\/wp-json\/wp\/v2\/pages\/1566","targetHints":{"allow":["GET"]}}],"collection":[{"href":"https:\/\/pas.websitehelden.net\/de\/wp-json\/wp\/v2\/pages"}],"about":[{"href":"https:\/\/pas.websitehelden.net\/de\/wp-json\/wp\/v2\/types\/page"}],"author":[{"embeddable":true,"href":"https:\/\/pas.websitehelden.net\/de\/wp-json\/wp\/v2\/users\/2"}],"replies":[{"embeddable":true,"href":"https:\/\/pas.websitehelden.net\/de\/wp-json\/wp\/v2\/comments?post=1566"}],"version-history":[{"count":0,"href":"https:\/\/pas.websitehelden.net\/de\/wp-json\/wp\/v2\/pages\/1566\/revisions"}],"up":[{"embeddable":true,"href":"https:\/\/pas.websitehelden.net\/de\/wp-json\/wp\/v2\/pages\/1563"}],"wp:featuredmedia":[{"embeddable":true,"href":"https:\/\/pas.websitehelden.net\/de\/wp-json\/wp\/v2\/media\/6860"}],"wp:attachment":[{"href":"https:\/\/pas.websitehelden.net\/de\/wp-json\/wp\/v2\/media?parent=1566"}],"wp:term":[{"taxonomy":"category","embeddable":true,"href":"https:\/\/pas.websitehelden.net\/de\/wp-json\/wp\/v2\/categories?post=1566"},{"taxonomy":"post_tag","embeddable":true,"href":"https:\/\/pas.websitehelden.net\/de\/wp-json\/wp\/v2\/tags?post=1566"}],"curies":[{"name":"wp","href":"https:\/\/api.w.org\/{rel}","templated":true}]}}