{"id":1559,"date":"2021-12-20T14:05:04","date_gmt":"2021-12-20T13:05:04","guid":{"rendered":"https:\/\/www.pasflights.com\/?page_id=1559"},"modified":"2025-08-21T08:52:01","modified_gmt":"2025-08-21T06:52:01","slug":"sport","status":"publish","type":"page","link":"https:\/\/pas.websitehelden.net\/de\/branche\/sport\/","title":{"rendered":"Sport"},"content":{"rendered":"\t\t<div data-elementor-type=\"wp-page\" data-elementor-id=\"1559\" class=\"elementor elementor-1559\" data-elementor-post-type=\"page\">\n\t\t\t\t\t\t<section class=\"elementor-section elementor-top-section elementor-element elementor-element-76be75f elementor-section-boxed elementor-section-height-default elementor-section-height-default\" data-id=\"76be75f\" data-element_type=\"section\">\n\t\t\t\t\t\t<div class=\"elementor-container elementor-column-gap-default\">\n\t\t\t\t\t<div class=\"elementor-column elementor-col-100 elementor-top-column elementor-element elementor-element-478f866\" data-id=\"478f866\" data-element_type=\"column\">\n\t\t\t<div class=\"elementor-widget-wrap elementor-element-populated\">\n\t\t\t\t\t\t<div class=\"elementor-element elementor-element-9621b03 elementor-widget elementor-widget-heading\" data-id=\"9621b03\" data-element_type=\"widget\" data-widget_type=\"heading.default\">\n\t\t\t\t<div class=\"elementor-widget-container\">\n\t\t\t\t\t<h1 class=\"elementor-heading-title elementor-size-default\">Sportler und Sportmannschaften<\/h1>\t\t\t\t<\/div>\n\t\t\t\t<\/div>\n\t\t\t\t<div class=\"elementor-element elementor-element-ba3dbd7 elementor-widget elementor-widget-text-editor\" data-id=\"ba3dbd7\" data-element_type=\"widget\" data-widget_type=\"text-editor.default\">\n\t\t\t\t<div class=\"elementor-widget-container\">\n\t\t\t\t\t\t\t\t\t<p>Die Reiseplanung von Sportler:innen wird meist von vorgegebenen Terminen bei Sportveranstaltungen und Trainingszeiten bestimmt. Das Team von PASflights findet f\u00fcr Ihre individuellen Anforderungen auch kurzfristig Flugzeugcharter, die f\u00fcr Sportler die passgenauen Flugl\u00f6sungen zu wettbewerbsf\u00e4higen Preisen auf dem Weltmarkt bieten. PASflights organisiert einen reibungslosen Flug inklusive aller Transfers und individuellen Cateringoptionen, die mit dem Ern\u00e4hrungsberater des Teams abgestimmt sind. Wir bef\u00f6rdern Ihr Sperrgep\u00e4ck, Ihre Massageb\u00e4nke und was Sie sonst ben\u00f6tigen. \u00dcberlassen Sie die Planung Ihres Fluges unserer Expertise und konzentrieren Sie sich auf Ihren Erfolg. PASflights organisiert Flugzeugcharterl\u00f6sungen f\u00fcr Sportler \u2013 von der Bef\u00f6rderung von Einzelpersonen im Privatjet bis hin zu ganzen Teams und ihren Fans, egal ob es sich um nationale oder internationale Fl\u00fcge handelt.<\/p><p>Sportler m\u00fcssen flexibel und jederzeit einsatzbereit sein. Oftmals m\u00fcssen sie auch mehrere Termine an einem Tag oder innerhalb einer Woche an unterschiedlichen Orten wahrnehmen. Sie haben einen straffen Terminplan. Am Morgen Paris, am Nachmittag Mailand und am n\u00e4chsten Tag zum Medizincheck in einer anderen Stadt \u2013 eher die Regel als eine Ausnahme. PASflights unterst\u00fctzt Sie bei der effizienten Reiseplanung mit Flugzeugchartern f\u00fcr Sportler. Diese m\u00fcssen zu Wettk\u00e4mpfen reisen oder dazwischen oftmals zu verschiedensten Veranstaltungen gelangen. Einen <a href=\"https:\/\/pas.websitehelden.net\/privatjet-mieten\/\">Privatjet zu mieten<\/a>, ist nicht nur die komfortabelste L\u00f6sung, sondern auch sehr zeitsparend. Durch die Nutzung eines Privatjets kann man mehrere Termine in einem kurzen Zeitraum wahrnehmen. Das Reisen tr\u00e4gt regelrecht zur Entspannung bei, statt zus\u00e4tzlichen Stress auszul\u00f6sen.<\/p><p>PASflights findet f\u00fcr jeden Anlass und jede Gruppengr\u00f6\u00dfe die passende Flugzeugcharterl\u00f6sung f\u00fcr Sportler.<\/p>\t\t\t\t\t\t\t\t<\/div>\n\t\t\t\t<\/div>\n\t\t\t\t\t<\/div>\n\t\t<\/div>\n\t\t\t\t\t<\/div>\n\t\t<\/section>\n\t\t\t\t<section class=\"elementor-section elementor-top-section elementor-element elementor-element-2790c93 elementor-section-boxed elementor-section-height-default elementor-section-height-default\" data-id=\"2790c93\" data-element_type=\"section\">\n\t\t\t\t\t\t<div class=\"elementor-container elementor-column-gap-default\">\n\t\t\t\t\t<div class=\"elementor-column elementor-col-100 elementor-top-column elementor-element elementor-element-aa06089\" data-id=\"aa06089\" data-element_type=\"column\">\n\t\t\t<div class=\"elementor-widget-wrap elementor-element-populated\">\n\t\t\t\t\t\t<div class=\"elementor-element elementor-element-78668df elementor-widget elementor-widget-heading\" data-id=\"78668df\" data-element_type=\"widget\" data-widget_type=\"heading.default\">\n\t\t\t\t<div class=\"elementor-widget-container\">\n\t\t\t\t\t<h2 class=\"elementor-heading-title elementor-size-default\">Was sind die Vorteile von Flugzeugcharter f\u00fcr Sportler<\/h2>\t\t\t\t<\/div>\n\t\t\t\t<\/div>\n\t\t\t\t\t<\/div>\n\t\t<\/div>\n\t\t\t\t\t<\/div>\n\t\t<\/section>\n\t\t\t\t<section class=\"elementor-section elementor-top-section elementor-element elementor-element-0a3181c elementor-section-boxed elementor-section-height-default elementor-section-height-default\" data-id=\"0a3181c\" data-element_type=\"section\">\n\t\t\t\t\t\t<div class=\"elementor-container elementor-column-gap-default\">\n\t\t\t\t\t<div class=\"elementor-column elementor-col-100 elementor-top-column elementor-element elementor-element-e428e7e\" data-id=\"e428e7e\" data-element_type=\"column\">\n\t\t\t<div class=\"elementor-widget-wrap elementor-element-populated\">\n\t\t\t\t\t\t<div class=\"elementor-element elementor-element-f5e5fe7 elementor-widget elementor-widget-text-editor\" data-id=\"f5e5fe7\" data-element_type=\"widget\" data-widget_type=\"text-editor.default\">\n\t\t\t\t<div class=\"elementor-widget-container\">\n\t\t\t\t\t\t\t\t\t<p>Die Buchung eines Privatjets bietet in vielerlei Hinsicht Vorteile f\u00fcr Sportler und K\u00fcnstler.<\/p><ul><li>Effizientes und schnelles Reisen zwischen mehreren, meist weit entfernten Destinationen in einem kurzen Zeitfenster zu kleineren Flugh\u00e4fen<\/li><li>Komfortable, luxuri\u00f6se und erholsame Reisem\u00f6glichkeit<\/li><li>Ein hohes Ma\u00df an Diskretion und die Beachtung der Privatsph\u00e4re bereits am Flughafen<\/li><\/ul><ul><li>Eine flexible und passgenaue Reiseplanung<\/li><li>Eine kosteneffiziente Preisgestaltung<\/li><\/ul><p>Ein gro\u00dfer Vorteil neben dem Komfort ist auch die Schnelligkeit beim Reisen mit einem Flugzeugcharter f\u00fcr Sportler und die Flexibilit\u00e4t. Innerhalb weniger Stunden nach der Buchung kann bereits der Privatjet zur Verf\u00fcgung stehen und bringt die Reisenden flexibel und zur gew\u00fcnschten Zeit vom ausgew\u00e4hlten Abflugort zum geplanten Zielort.<\/p>\t\t\t\t\t\t\t\t<\/div>\n\t\t\t\t<\/div>\n\t\t\t\t\t<\/div>\n\t\t<\/div>\n\t\t\t\t\t<\/div>\n\t\t<\/section>\n\t\t\t\t<section class=\"elementor-section elementor-top-section elementor-element elementor-element-7b93682 elementor-section-boxed elementor-section-height-default elementor-section-height-default\" data-id=\"7b93682\" data-element_type=\"section\">\n\t\t\t\t\t\t<div class=\"elementor-container elementor-column-gap-default\">\n\t\t\t\t\t<div class=\"elementor-column elementor-col-100 elementor-top-column elementor-element elementor-element-5ab76b4\" data-id=\"5ab76b4\" data-element_type=\"column\">\n\t\t\t<div class=\"elementor-widget-wrap elementor-element-populated\">\n\t\t\t\t\t\t<div class=\"elementor-element elementor-element-1e68820 elementor-widget elementor-widget-heading\" data-id=\"1e68820\" data-element_type=\"widget\" data-widget_type=\"heading.default\">\n\t\t\t\t<div class=\"elementor-widget-container\">\n\t\t\t\t\t<h2 class=\"elementor-heading-title elementor-size-default\">Was sind die Vorteile eines Flugzeugcharters f\u00fcr Sportteams und Fanreisen?<\/h2>\t\t\t\t<\/div>\n\t\t\t\t<\/div>\n\t\t\t\t\t<\/div>\n\t\t<\/div>\n\t\t\t\t\t<\/div>\n\t\t<\/section>\n\t\t\t\t<section class=\"elementor-section elementor-top-section elementor-element elementor-element-041ae7a elementor-section-boxed elementor-section-height-default elementor-section-height-default\" data-id=\"041ae7a\" data-element_type=\"section\">\n\t\t\t\t\t\t<div class=\"elementor-container elementor-column-gap-default\">\n\t\t\t\t\t<div class=\"elementor-column elementor-col-100 elementor-top-column elementor-element elementor-element-d612ea5\" data-id=\"d612ea5\" data-element_type=\"column\">\n\t\t\t<div class=\"elementor-widget-wrap elementor-element-populated\">\n\t\t\t\t\t\t<div class=\"elementor-element elementor-element-d49dce2 elementor-widget elementor-widget-text-editor\" data-id=\"d49dce2\" data-element_type=\"widget\" data-widget_type=\"text-editor.default\">\n\t\t\t\t<div class=\"elementor-widget-container\">\n\t\t\t\t\t\t\t\t\t<ul><li>Auf die Spiele abgestimmte Flugpl\u00e4ne und Flugzeiten<\/li><li>Mit dem Ern\u00e4hrungsberater abgestimmtes individuelles Catering<\/li><li>Ausreichend Stauraum f\u00fcr Sperr- und Sportgep\u00e4ck<\/li><li>Pers\u00f6nlicher Flight Rider, der f\u00fcr die Umsetzung Ihrer W\u00fcnsche den Flug begleitet und mit den Flugh\u00e4fen und Handlingagenten Ihren individuellen Check-in organisiert und betreut<\/li><\/ul><p>Der Flugzeugcharter f\u00fcr Sie als Sportler findet diskret und mit gro\u00dfer R\u00fccksicht auf die Privatsph\u00e4re ganz nach Ihren W\u00fcnschen statt.<\/p>\t\t\t\t\t\t\t\t<\/div>\n\t\t\t\t<\/div>\n\t\t\t\t\t<\/div>\n\t\t<\/div>\n\t\t\t\t\t<\/div>\n\t\t<\/section>\n\t\t\t\t<section class=\"elementor-section elementor-top-section elementor-element elementor-element-a7733e1 elementor-section-boxed elementor-section-height-default elementor-section-height-default\" data-id=\"a7733e1\" data-element_type=\"section\">\n\t\t\t\t\t\t<div class=\"elementor-container elementor-column-gap-default\">\n\t\t\t\t\t<div class=\"elementor-column elementor-col-100 elementor-top-column elementor-element elementor-element-089c2dd\" data-id=\"089c2dd\" data-element_type=\"column\">\n\t\t\t<div class=\"elementor-widget-wrap elementor-element-populated\">\n\t\t\t\t\t\t<div class=\"elementor-element elementor-element-41ce317 elementor-widget elementor-widget-heading\" data-id=\"41ce317\" data-element_type=\"widget\" data-widget_type=\"heading.default\">\n\t\t\t\t<div class=\"elementor-widget-container\">\n\t\t\t\t\t<h2 class=\"elementor-heading-title elementor-size-default\">Welche Flugzeuge stehen Ihnen bei einem Flugzeugcharter f\u00fcr Sportler zur Verf\u00fcgung?<\/h2>\t\t\t\t<\/div>\n\t\t\t\t<\/div>\n\t\t\t\t\t<\/div>\n\t\t<\/div>\n\t\t\t\t\t<\/div>\n\t\t<\/section>\n\t\t\t\t<section class=\"elementor-section elementor-top-section elementor-element elementor-element-39c5fa5 elementor-section-boxed elementor-section-height-default elementor-section-height-default\" data-id=\"39c5fa5\" data-element_type=\"section\">\n\t\t\t\t\t\t<div class=\"elementor-container elementor-column-gap-default\">\n\t\t\t\t\t<div class=\"elementor-column elementor-col-100 elementor-top-column elementor-element elementor-element-aab6db3\" data-id=\"aab6db3\" data-element_type=\"column\">\n\t\t\t<div class=\"elementor-widget-wrap elementor-element-populated\">\n\t\t\t\t\t\t<div class=\"elementor-element elementor-element-5c888d9 elementor-widget elementor-widget-text-editor\" data-id=\"5c888d9\" data-element_type=\"widget\" data-widget_type=\"text-editor.default\">\n\t\t\t\t<div class=\"elementor-widget-container\">\n\t\t\t\t\t\t\t\t\t<p>Bei PASflights k\u00f6nnen Sie zwischen einer Vielzahl von Flugzeugkategorien w\u00e4hlen. Ob gr\u00f6\u00dfere Flugzeuge f\u00fcr ganze Sportmannschaften und ihre Fans oder kleine Privatjets f\u00fcr Einzelpersonen oder kleine Teams. PASflights bietet die effizientesten, komfortabelsten und passgenauesten Angebote von Flugzeugchartern f\u00fcr Sportler an.<\/p><p>In den angebotenen Kategorien Privatjet mieten und <a href=\"https:\/\/pas.websitehelden.net\/gruppenfluege-buchen\/\">Gruppenfl\u00fcge<\/a> gibt es f\u00fcr jeden Anlass und jeden Wunsch die passgenauen Flugzeuge.<\/p><p>Lassen Sie sich von unseren Flugexperten beraten.<\/p><p>\u00a0<\/p>\t\t\t\t\t\t\t\t<\/div>\n\t\t\t\t<\/div>\n\t\t\t\t\t<\/div>\n\t\t<\/div>\n\t\t\t\t\t<\/div>\n\t\t<\/section>\n\t\t\t\t<\/div>\n\t\t","protected":false},"excerpt":{"rendered":"<p>Sportler und Sportmannschaften Die Reiseplanung von Sportler:innen wird meist von vorgegebenen Terminen bei Sportveranstaltungen und Trainingszeiten bestimmt. Das Team von PASflights findet f\u00fcr Ihre individuellen Anforderungen auch kurzfristig Flugzeugcharter, die f\u00fcr Sportler die passgenauen Flugl\u00f6sungen zu wettbewerbsf\u00e4higen Preisen auf dem Weltmarkt bieten. PASflights organisiert einen reibungslosen Flug inklusive aller Transfers und individuellen Cateringoptionen, die mit [&hellip;]<\/p>\n","protected":false},"author":2,"featured_media":22177,"parent":1530,"menu_order":0,"comment_status":"closed","ping_status":"closed","template":"","meta":{"_acf_changed":false,"footnotes":""},"categories":[],"tags":[75],"class_list":["post-1559","page","type-page","status-publish","has-post-thumbnail","hentry","tag-branche"],"acf":[],"yoast_head":"<!-- This site is optimized with the Yoast SEO plugin v27.4 - https:\/\/yoast.com\/product\/yoast-seo-wordpress\/ -->\n<title>Sport - Pasflights<\/title>\n<meta name=\"description\" content=\"\u2014Metabeschreibung nicht gesetzt.\" \/>\n<meta name=\"robots\" content=\"index, follow, max-snippet:-1, max-image-preview:large, max-video-preview:-1\" \/>\n<link rel=\"canonical\" href=\"https:\/\/pas.websitehelden.net\/de\/branche\/sport\/\" \/>\n<meta property=\"og:locale\" content=\"de_DE\" \/>\n<meta property=\"og:type\" content=\"article\" \/>\n<meta property=\"og:title\" content=\"Sport - Pasflights\" \/>\n<meta property=\"og:description\" content=\"\u2014Metabeschreibung nicht gesetzt.\" \/>\n<meta property=\"og:url\" content=\"https:\/\/pas.websitehelden.net\/de\/branche\/sport\/\" \/>\n<meta property=\"og:site_name\" content=\"Pasflights\" \/>\n<meta property=\"article:modified_time\" content=\"2025-08-21T06:52:01+00:00\" \/>\n<meta property=\"og:image\" content=\"https:\/\/er7k5njc6uc.exactdn.com\/wp-content\/uploads\/2025\/08\/Branche-Sport-1.jpg?strip=all&lossy=1&ssl=1\" \/>\n\t<meta property=\"og:image:width\" content=\"2560\" \/>\n\t<meta property=\"og:image:height\" content=\"731\" \/>\n\t<meta property=\"og:image:type\" content=\"image\/jpeg\" \/>\n<meta name=\"twitter:card\" content=\"summary_large_image\" \/>\n<meta name=\"twitter:label1\" content=\"Gesch\u00e4tzte Lesezeit\" \/>\n\t<meta name=\"twitter:data1\" content=\"4\u00a0Minuten\" \/>\n<script type=\"application\/ld+json\" class=\"yoast-schema-graph\">{\"@context\":\"https:\\\/\\\/schema.org\",\"@graph\":[{\"@type\":\"WebPage\",\"@id\":\"https:\\\/\\\/pas.websitehelden.net\\\/de\\\/branche\\\/sport\\\/\",\"url\":\"https:\\\/\\\/pas.websitehelden.net\\\/de\\\/branche\\\/sport\\\/\",\"name\":\"Sport - Pasflights\",\"isPartOf\":{\"@id\":\"https:\\\/\\\/pas.websitehelden.net\\\/de\\\/#website\"},\"primaryImageOfPage\":{\"@id\":\"https:\\\/\\\/pas.websitehelden.net\\\/de\\\/branche\\\/sport\\\/#primaryimage\"},\"image\":{\"@id\":\"https:\\\/\\\/pas.websitehelden.net\\\/de\\\/branche\\\/sport\\\/#primaryimage\"},\"thumbnailUrl\":\"https:\\\/\\\/er7k5njc6uc.exactdn.com\\\/wp-content\\\/uploads\\\/2025\\\/08\\\/Branche-Sport-1.jpg?strip=all&lossy=1&ssl=1\",\"datePublished\":\"2021-12-20T13:05:04+00:00\",\"dateModified\":\"2025-08-21T06:52:01+00:00\",\"description\":\"\u2014Metabeschreibung nicht gesetzt.\",\"breadcrumb\":{\"@id\":\"https:\\\/\\\/pas.websitehelden.net\\\/de\\\/branche\\\/sport\\\/#breadcrumb\"},\"inLanguage\":\"de\",\"potentialAction\":[{\"@type\":\"ReadAction\",\"target\":[\"https:\\\/\\\/pas.websitehelden.net\\\/de\\\/branche\\\/sport\\\/\"]}]},{\"@type\":\"ImageObject\",\"inLanguage\":\"de\",\"@id\":\"https:\\\/\\\/pas.websitehelden.net\\\/de\\\/branche\\\/sport\\\/#primaryimage\",\"url\":\"https:\\\/\\\/er7k5njc6uc.exactdn.com\\\/wp-content\\\/uploads\\\/2025\\\/08\\\/Branche-Sport-1.jpg?strip=all&lossy=1&ssl=1\",\"contentUrl\":\"https:\\\/\\\/er7k5njc6uc.exactdn.com\\\/wp-content\\\/uploads\\\/2025\\\/08\\\/Branche-Sport-1.jpg?strip=all&lossy=1&ssl=1\",\"width\":2560,\"height\":731,\"caption\":\"Sportteam l\u00e4uft zum Flugzeug\"},{\"@type\":\"BreadcrumbList\",\"@id\":\"https:\\\/\\\/pas.websitehelden.net\\\/de\\\/branche\\\/sport\\\/#breadcrumb\",\"itemListElement\":[{\"@type\":\"ListItem\",\"position\":1,\"name\":\"Startseite\",\"item\":\"https:\\\/\\\/pas.websitehelden.net\\\/de\\\/\"},{\"@type\":\"ListItem\",\"position\":2,\"name\":\"Branche\",\"item\":\"https:\\\/\\\/pas.websitehelden.net\\\/de\\\/branche\\\/\"},{\"@type\":\"ListItem\",\"position\":3,\"name\":\"Sport\"}]},{\"@type\":\"WebSite\",\"@id\":\"https:\\\/\\\/pas.websitehelden.net\\\/de\\\/#website\",\"url\":\"https:\\\/\\\/pas.websitehelden.net\\\/de\\\/\",\"name\":\"Pasflights\",\"description\":\"Eine weitere WordPress-Website\",\"potentialAction\":[{\"@type\":\"SearchAction\",\"target\":{\"@type\":\"EntryPoint\",\"urlTemplate\":\"https:\\\/\\\/pas.websitehelden.net\\\/de\\\/?s={search_term_string}\"},\"query-input\":{\"@type\":\"PropertyValueSpecification\",\"valueRequired\":true,\"valueName\":\"search_term_string\"}}],\"inLanguage\":\"de\"}]}<\/script>\n<!-- \/ Yoast SEO plugin. -->","yoast_head_json":{"title":"Sport - Pasflights","description":"\u2014Metabeschreibung nicht gesetzt.","robots":{"index":"index","follow":"follow","max-snippet":"max-snippet:-1","max-image-preview":"max-image-preview:large","max-video-preview":"max-video-preview:-1"},"canonical":"https:\/\/pas.websitehelden.net\/de\/branche\/sport\/","og_locale":"de_DE","og_type":"article","og_title":"Sport - Pasflights","og_description":"\u2014Metabeschreibung nicht gesetzt.","og_url":"https:\/\/pas.websitehelden.net\/de\/branche\/sport\/","og_site_name":"Pasflights","article_modified_time":"2025-08-21T06:52:01+00:00","og_image":[{"width":2560,"height":731,"url":"https:\/\/er7k5njc6uc.exactdn.com\/wp-content\/uploads\/2025\/08\/Branche-Sport-1.jpg?strip=all&lossy=1&ssl=1","type":"image\/jpeg"}],"twitter_card":"summary_large_image","twitter_misc":{"Gesch\u00e4tzte Lesezeit":"4\u00a0Minuten"},"schema":{"@context":"https:\/\/schema.org","@graph":[{"@type":"WebPage","@id":"https:\/\/pas.websitehelden.net\/de\/branche\/sport\/","url":"https:\/\/pas.websitehelden.net\/de\/branche\/sport\/","name":"Sport - Pasflights","isPartOf":{"@id":"https:\/\/pas.websitehelden.net\/de\/#website"},"primaryImageOfPage":{"@id":"https:\/\/pas.websitehelden.net\/de\/branche\/sport\/#primaryimage"},"image":{"@id":"https:\/\/pas.websitehelden.net\/de\/branche\/sport\/#primaryimage"},"thumbnailUrl":"https:\/\/er7k5njc6uc.exactdn.com\/wp-content\/uploads\/2025\/08\/Branche-Sport-1.jpg?strip=all&lossy=1&ssl=1","datePublished":"2021-12-20T13:05:04+00:00","dateModified":"2025-08-21T06:52:01+00:00","description":"\u2014Metabeschreibung nicht gesetzt.","breadcrumb":{"@id":"https:\/\/pas.websitehelden.net\/de\/branche\/sport\/#breadcrumb"},"inLanguage":"de","potentialAction":[{"@type":"ReadAction","target":["https:\/\/pas.websitehelden.net\/de\/branche\/sport\/"]}]},{"@type":"ImageObject","inLanguage":"de","@id":"https:\/\/pas.websitehelden.net\/de\/branche\/sport\/#primaryimage","url":"https:\/\/er7k5njc6uc.exactdn.com\/wp-content\/uploads\/2025\/08\/Branche-Sport-1.jpg?strip=all&lossy=1&ssl=1","contentUrl":"https:\/\/er7k5njc6uc.exactdn.com\/wp-content\/uploads\/2025\/08\/Branche-Sport-1.jpg?strip=all&lossy=1&ssl=1","width":2560,"height":731,"caption":"Sportteam l\u00e4uft zum Flugzeug"},{"@type":"BreadcrumbList","@id":"https:\/\/pas.websitehelden.net\/de\/branche\/sport\/#breadcrumb","itemListElement":[{"@type":"ListItem","position":1,"name":"Startseite","item":"https:\/\/pas.websitehelden.net\/de\/"},{"@type":"ListItem","position":2,"name":"Branche","item":"https:\/\/pas.websitehelden.net\/de\/branche\/"},{"@type":"ListItem","position":3,"name":"Sport"}]},{"@type":"WebSite","@id":"https:\/\/pas.websitehelden.net\/de\/#website","url":"https:\/\/pas.websitehelden.net\/de\/","name":"Pasflights","description":"Eine weitere WordPress-Website","potentialAction":[{"@type":"SearchAction","target":{"@type":"EntryPoint","urlTemplate":"https:\/\/pas.websitehelden.net\/de\/?s={search_term_string}"},"query-input":{"@type":"PropertyValueSpecification","valueRequired":true,"valueName":"search_term_string"}}],"inLanguage":"de"}]}},"_links":{"self":[{"href":"https:\/\/pas.websitehelden.net\/de\/wp-json\/wp\/v2\/pages\/1559","targetHints":{"allow":["GET"]}}],"collection":[{"href":"https:\/\/pas.websitehelden.net\/de\/wp-json\/wp\/v2\/pages"}],"about":[{"href":"https:\/\/pas.websitehelden.net\/de\/wp-json\/wp\/v2\/types\/page"}],"author":[{"embeddable":true,"href":"https:\/\/pas.websitehelden.net\/de\/wp-json\/wp\/v2\/users\/2"}],"replies":[{"embeddable":true,"href":"https:\/\/pas.websitehelden.net\/de\/wp-json\/wp\/v2\/comments?post=1559"}],"version-history":[{"count":0,"href":"https:\/\/pas.websitehelden.net\/de\/wp-json\/wp\/v2\/pages\/1559\/revisions"}],"up":[{"embeddable":true,"href":"https:\/\/pas.websitehelden.net\/de\/wp-json\/wp\/v2\/pages\/1530"}],"wp:featuredmedia":[{"embeddable":true,"href":"https:\/\/pas.websitehelden.net\/de\/wp-json\/wp\/v2\/media\/22177"}],"wp:attachment":[{"href":"https:\/\/pas.websitehelden.net\/de\/wp-json\/wp\/v2\/media?parent=1559"}],"wp:term":[{"taxonomy":"category","embeddable":true,"href":"https:\/\/pas.websitehelden.net\/de\/wp-json\/wp\/v2\/categories?post=1559"},{"taxonomy":"post_tag","embeddable":true,"href":"https:\/\/pas.websitehelden.net\/de\/wp-json\/wp\/v2\/tags?post=1559"}],"curies":[{"name":"wp","href":"https:\/\/api.w.org\/{rel}","templated":true}]}}