{"id":1553,"date":"2021-12-20T14:04:37","date_gmt":"2021-12-20T13:04:37","guid":{"rendered":"https:\/\/www.pasflights.com\/?page_id=1553"},"modified":"2025-08-21T08:40:49","modified_gmt":"2025-08-21T06:40:49","slug":"regierung-delegation-und-konsulate","status":"publish","type":"page","link":"https:\/\/pas.websitehelden.net\/de\/branche\/regierung-delegation-und-konsulate\/","title":{"rendered":"Regierung, Delegation und Konsulate"},"content":{"rendered":"\t\t<div data-elementor-type=\"wp-page\" data-elementor-id=\"1553\" class=\"elementor elementor-1553\" data-elementor-post-type=\"page\">\n\t\t\t\t\t\t<section class=\"elementor-section elementor-top-section elementor-element elementor-element-229064e elementor-section-boxed elementor-section-height-default elementor-section-height-default\" data-id=\"229064e\" data-element_type=\"section\">\n\t\t\t\t\t\t<div class=\"elementor-container elementor-column-gap-default\">\n\t\t\t\t\t<div class=\"elementor-column elementor-col-100 elementor-top-column elementor-element elementor-element-dd4ee00\" data-id=\"dd4ee00\" data-element_type=\"column\">\n\t\t\t<div class=\"elementor-widget-wrap elementor-element-populated\">\n\t\t\t\t\t\t<div class=\"elementor-element elementor-element-eb8a612 elementor-widget elementor-widget-heading\" data-id=\"eb8a612\" data-element_type=\"widget\" data-widget_type=\"heading.default\">\n\t\t\t\t<div class=\"elementor-widget-container\">\n\t\t\t\t\t<h1 class=\"elementor-heading-title elementor-size-default\">Flugzeugcharter: Regierungen, Delegationen und Konsulate<\/h1>\t\t\t\t<\/div>\n\t\t\t\t<\/div>\n\t\t\t\t\t<\/div>\n\t\t<\/div>\n\t\t\t\t\t<\/div>\n\t\t<\/section>\n\t\t\t\t<section class=\"elementor-section elementor-top-section elementor-element elementor-element-a0e50b8 elementor-section-boxed elementor-section-height-default elementor-section-height-default\" data-id=\"a0e50b8\" data-element_type=\"section\">\n\t\t\t\t\t\t<div class=\"elementor-container elementor-column-gap-default\">\n\t\t\t\t\t<div class=\"elementor-column elementor-col-100 elementor-top-column elementor-element elementor-element-5863dc8\" data-id=\"5863dc8\" data-element_type=\"column\">\n\t\t\t<div class=\"elementor-widget-wrap elementor-element-populated\">\n\t\t\t\t\t\t<div class=\"elementor-element elementor-element-0e753e8 elementor-widget elementor-widget-text-editor\" data-id=\"0e753e8\" data-element_type=\"widget\" data-widget_type=\"text-editor.default\">\n\t\t\t\t<div class=\"elementor-widget-container\">\n\t\t\t\t\t\t\t\t\t<p>Wir sind erfahrener Partner f\u00fcr Flugzeugcharter von zahlreichen Delegationen, Konsulaten und politischen Einrichtungen. Das Team von <a href=\"https:\/\/pas.websitehelden.net\/\">PASflights<\/a> ist sich der zahlreichen Besonderheiten bewusst, die solche Reisen mit sich bringen, und k\u00fcmmert sich ebenso diskret wie professionell um jedes organisatorische Detail. Vertrauen Sie auf uns und unsere langj\u00e4hrige Expertise.<\/p><p>Dem strengen Protokoll muss man auch bei Reisen per Flugzeugcharter von hochrangingen Delegationen gerecht werden. PASflights arbeitet nach den jeweiligen Vorgaben passgenaue Flugkonzepte f\u00fcr Delegationsg\u00e4ste und deren Gep\u00e4ck aus, die den nationalen und internationalen Anforderungen gerecht werden.<\/p>\t\t\t\t\t\t\t\t<\/div>\n\t\t\t\t<\/div>\n\t\t\t\t\t<\/div>\n\t\t<\/div>\n\t\t\t\t\t<\/div>\n\t\t<\/section>\n\t\t\t\t<section class=\"elementor-section elementor-top-section elementor-element elementor-element-61ff9f1 elementor-section-boxed elementor-section-height-default elementor-section-height-default\" data-id=\"61ff9f1\" data-element_type=\"section\">\n\t\t\t\t\t\t<div class=\"elementor-container elementor-column-gap-default\">\n\t\t\t\t\t<div class=\"elementor-column elementor-col-100 elementor-top-column elementor-element elementor-element-30353d3\" data-id=\"30353d3\" data-element_type=\"column\">\n\t\t\t<div class=\"elementor-widget-wrap elementor-element-populated\">\n\t\t\t\t\t\t<div class=\"elementor-element elementor-element-6f547e9 elementor-widget elementor-widget-heading\" data-id=\"6f547e9\" data-element_type=\"widget\" data-widget_type=\"heading.default\">\n\t\t\t\t<div class=\"elementor-widget-container\">\n\t\t\t\t\t<h2 class=\"elementor-heading-title elementor-size-default\">Wir sind f\u00fcr Sie da<\/h2>\t\t\t\t<\/div>\n\t\t\t\t<\/div>\n\t\t\t\t\t<\/div>\n\t\t<\/div>\n\t\t\t\t\t<\/div>\n\t\t<\/section>\n\t\t\t\t<section class=\"elementor-section elementor-top-section elementor-element elementor-element-81391ea elementor-section-boxed elementor-section-height-default elementor-section-height-default\" data-id=\"81391ea\" data-element_type=\"section\">\n\t\t\t\t\t\t<div class=\"elementor-container elementor-column-gap-default\">\n\t\t\t\t\t<div class=\"elementor-column elementor-col-100 elementor-top-column elementor-element elementor-element-c5cb0bc\" data-id=\"c5cb0bc\" data-element_type=\"column\">\n\t\t\t<div class=\"elementor-widget-wrap elementor-element-populated\">\n\t\t\t\t\t\t<div class=\"elementor-element elementor-element-303d2fd elementor-widget elementor-widget-text-editor\" data-id=\"303d2fd\" data-element_type=\"widget\" data-widget_type=\"text-editor.default\">\n\t\t\t\t<div class=\"elementor-widget-container\">\n\t\t\t\t\t\t\t\t\t<p>Seit Jahrzehnten hat das Team von PASflights bei humanit\u00e4ren Krisen wie dem Erdbeben in Nepal, der Nahost-Krise oder Hungersn\u00f6ten in Afrika zuverl\u00e4ssig und effektiv Hilfe geleistet.<\/p><p>Unsere Experten, die in zahlreichen Krisengebieten pers\u00f6nlich vor Ort sind, k\u00f6nnen so die lokale Lage mit den jeweiligen Handlungsm\u00f6glichkeiten sicher und zeitnah beurteilen, um effektive Konzepte zur Flugplanung und Infrastruktur zu erstellen. Auch den Zu- und Weitertransport auf Land- und Seewegen organisieren die Krisenexperten von PASflights souver\u00e4n. Die besten Flugzeugcharters f\u00fcr Ihre Delegation.<\/p><p>PAS geh\u00f6rt zur , die seit mehr als 30 Jahren f\u00fcr Ihre au\u00dfergew\u00f6hnlichen Eins\u00e4tze f\u00fcr zahlreiche namhafte internationale Hilfsorganisationen und Regierungen bekannt ist.<\/p><p>Regierungen, Konsulate, hochrangige Wirtschafts- und Forschungsdelegationen verlassen sich auf die Diskretion und Professionalit\u00e4t unseres Teams aus kompetenten Flugexperten.<\/p><p>\u00a0<\/p>\t\t\t\t\t\t\t\t<\/div>\n\t\t\t\t<\/div>\n\t\t\t\t\t<\/div>\n\t\t<\/div>\n\t\t\t\t\t<\/div>\n\t\t<\/section>\n\t\t\t\t<section class=\"elementor-section elementor-top-section elementor-element elementor-element-e11bbf1 elementor-section-boxed elementor-section-height-default elementor-section-height-default\" data-id=\"e11bbf1\" data-element_type=\"section\">\n\t\t\t\t\t\t<div class=\"elementor-container elementor-column-gap-default\">\n\t\t\t\t\t<div class=\"elementor-column elementor-col-100 elementor-top-column elementor-element elementor-element-b41f754\" data-id=\"b41f754\" data-element_type=\"column\">\n\t\t\t<div class=\"elementor-widget-wrap elementor-element-populated\">\n\t\t\t\t\t\t<div class=\"elementor-element elementor-element-a87acef elementor-widget elementor-widget-heading\" data-id=\"a87acef\" data-element_type=\"widget\" data-widget_type=\"heading.default\">\n\t\t\t\t<div class=\"elementor-widget-container\">\n\t\t\t\t\t<h2 class=\"elementor-heading-title elementor-size-default\">WEIL JEDER MOMENT Z\u00c4HLT<\/h2>\t\t\t\t<\/div>\n\t\t\t\t<\/div>\n\t\t\t\t\t<\/div>\n\t\t<\/div>\n\t\t\t\t\t<\/div>\n\t\t<\/section>\n\t\t\t\t<section class=\"elementor-section elementor-top-section elementor-element elementor-element-6bd4398 elementor-section-boxed elementor-section-height-default elementor-section-height-default\" data-id=\"6bd4398\" data-element_type=\"section\">\n\t\t\t\t\t\t<div class=\"elementor-container elementor-column-gap-default\">\n\t\t\t\t\t<div class=\"elementor-column elementor-col-100 elementor-top-column elementor-element elementor-element-94f9696\" data-id=\"94f9696\" data-element_type=\"column\">\n\t\t\t<div class=\"elementor-widget-wrap elementor-element-populated\">\n\t\t\t\t\t\t<div class=\"elementor-element elementor-element-da3e5be elementor-widget elementor-widget-text-editor\" data-id=\"da3e5be\" data-element_type=\"widget\" data-widget_type=\"text-editor.default\">\n\t\t\t\t<div class=\"elementor-widget-container\">\n\t\t\t\t\t\t\t\t\t<p>In komplexen globalen Operationen sind sofortige Reaktionsf\u00e4higkeit und erfahrene Mitarbeiter vor Ort entscheidend. Das macht uns zum pr\u00e4ferierten Partner f\u00fcr Flugzeugcharter von Delegationen, Hilfsorganisationen und Regierungen weltweit. Unsere Erfahrung in der Einsatzplanung, unsere fundierte Expertise und unser weltweites Netzwerk sorgen f\u00fcr reibungslose Abl\u00e4ufe auch unter h\u00f6chstem Zeitdruck. Selbst in sensiblen Situationen und unter schwierigsten Bedingungen bieten wir jederzeit zuverl\u00e4ssige und schnelle Flugzeugcharterl\u00f6sungen f\u00fcr Delegationen \u2013 weltweit.<\/p><p>Jede Krise dieser Welt hat ein eigenes Gesicht \u2013 jede erfordert eine individuelle Betrachtung und Reaktion. Es gibt viele Notfallpl\u00e4ne, aber am Ende z\u00e4hlt Flexibilit\u00e4t, Engagement und Leidenschaft, um Krisen zu meistern.<\/p>\t\t\t\t\t\t\t\t<\/div>\n\t\t\t\t<\/div>\n\t\t\t\t\t<\/div>\n\t\t<\/div>\n\t\t\t\t\t<\/div>\n\t\t<\/section>\n\t\t\t\t<section class=\"elementor-section elementor-top-section elementor-element elementor-element-0a1f347 elementor-section-boxed elementor-section-height-default elementor-section-height-default\" data-id=\"0a1f347\" data-element_type=\"section\">\n\t\t\t\t\t\t<div class=\"elementor-container elementor-column-gap-default\">\n\t\t\t\t\t<div class=\"elementor-column elementor-col-100 elementor-top-column elementor-element elementor-element-acfcbda\" data-id=\"acfcbda\" data-element_type=\"column\">\n\t\t\t<div class=\"elementor-widget-wrap elementor-element-populated\">\n\t\t\t\t\t\t<div class=\"elementor-element elementor-element-6038aea elementor-widget elementor-widget-heading\" data-id=\"6038aea\" data-element_type=\"widget\" data-widget_type=\"heading.default\">\n\t\t\t\t<div class=\"elementor-widget-container\">\n\t\t\t\t\t<h2 class=\"elementor-heading-title elementor-size-default\">Evakuierungen<\/h2>\t\t\t\t<\/div>\n\t\t\t\t<\/div>\n\t\t\t\t\t<\/div>\n\t\t<\/div>\n\t\t\t\t\t<\/div>\n\t\t<\/section>\n\t\t\t\t<section class=\"elementor-section elementor-top-section elementor-element elementor-element-9185bdb elementor-section-boxed elementor-section-height-default elementor-section-height-default\" data-id=\"9185bdb\" data-element_type=\"section\">\n\t\t\t\t\t\t<div class=\"elementor-container elementor-column-gap-default\">\n\t\t\t\t\t<div class=\"elementor-column elementor-col-100 elementor-top-column elementor-element elementor-element-9ea56dc\" data-id=\"9ea56dc\" data-element_type=\"column\">\n\t\t\t<div class=\"elementor-widget-wrap elementor-element-populated\">\n\t\t\t\t\t\t<div class=\"elementor-element elementor-element-84d6cbb elementor-widget elementor-widget-text-editor\" data-id=\"84d6cbb\" data-element_type=\"widget\" data-widget_type=\"text-editor.default\">\n\t\t\t\t<div class=\"elementor-widget-container\">\n\t\t\t\t\t\t\t\t\t<p>Die optimale Sicherheit Ihrer Mitarbeiter in Notsituationen ist unsere Motivation. Wenn alles drunter und dr\u00fcber geht, behalten die Spezialisten von PASflights den \u00dcberblick und die n\u00f6tige Ruhe. Wir pr\u00fcfen sorgf\u00e4ltig die Situation in der Krisenregion und k\u00fcmmern uns um optimale Abflugh\u00e4fen und den Transfer dorthin. Ein- und Ausreisegenehmigungen, diplomatische Freigaben und m\u00f6gliche Transportwege geh\u00f6ren zum Gesamtpaket sowie die Unterst\u00fctzung bei Themen wie Gep\u00e4ck, Verpflegung oder dem Transport von Haustieren. F\u00fchlen Sie sich sicher mit den Flugzeugchartern f\u00fcr Delegationen von PASflights.<\/p>\t\t\t\t\t\t\t\t<\/div>\n\t\t\t\t<\/div>\n\t\t\t\t\t<\/div>\n\t\t<\/div>\n\t\t\t\t\t<\/div>\n\t\t<\/section>\n\t\t\t\t<section class=\"elementor-section elementor-top-section elementor-element elementor-element-1c6a292 elementor-section-boxed elementor-section-height-default elementor-section-height-default\" data-id=\"1c6a292\" data-element_type=\"section\">\n\t\t\t\t\t\t<div class=\"elementor-container elementor-column-gap-default\">\n\t\t\t\t\t<div class=\"elementor-column elementor-col-100 elementor-top-column elementor-element elementor-element-3678806\" data-id=\"3678806\" data-element_type=\"column\">\n\t\t\t<div class=\"elementor-widget-wrap elementor-element-populated\">\n\t\t\t\t\t\t<div class=\"elementor-element elementor-element-97d113f elementor-widget elementor-widget-heading\" data-id=\"97d113f\" data-element_type=\"widget\" data-widget_type=\"heading.default\">\n\t\t\t\t<div class=\"elementor-widget-container\">\n\t\t\t\t\t<h2 class=\"elementor-heading-title elementor-size-default\">SICHER ANS ZIEL<\/h2>\t\t\t\t<\/div>\n\t\t\t\t<\/div>\n\t\t\t\t\t<\/div>\n\t\t<\/div>\n\t\t\t\t\t<\/div>\n\t\t<\/section>\n\t\t\t\t<section class=\"elementor-section elementor-top-section elementor-element elementor-element-2ab8f05 elementor-section-boxed elementor-section-height-default elementor-section-height-default\" data-id=\"2ab8f05\" data-element_type=\"section\">\n\t\t\t\t\t\t<div class=\"elementor-container elementor-column-gap-default\">\n\t\t\t\t\t<div class=\"elementor-column elementor-col-100 elementor-top-column elementor-element elementor-element-94d1d44\" data-id=\"94d1d44\" data-element_type=\"column\">\n\t\t\t<div class=\"elementor-widget-wrap elementor-element-populated\">\n\t\t\t\t\t\t<div class=\"elementor-element elementor-element-d0b5ddb elementor-widget elementor-widget-text-editor\" data-id=\"d0b5ddb\" data-element_type=\"widget\" data-widget_type=\"text-editor.default\">\n\t\t\t\t<div class=\"elementor-widget-container\">\n\t\t\t\t\t\t\t\t\t<p>Das richtige Transportmittel entscheidet oft \u00fcber kritische Minuten. Wir haben Zugriff auf die verschiedensten Transportmittel, um Ihnen die optimale Flugzeugcharterl\u00f6sung f\u00fcr Delegationen zu bieten.<\/p><p>Mit <a href=\"https:\/\/federalflights.com\/\">Federalflights<\/a> bieten wir auch in Krisensituationen und unter sensiblen Umst\u00e4nden zuverl\u00e4ssige und schnelle Flugzeugcharterl\u00f6sungen f\u00fcr Delegationen.<\/p><p>Schnell und unkompliziert beraten wir Sie zu den M\u00f6glichkeiten und stellen in kurzer Zeit Ihre Flugzeugcharterl\u00f6sung auf. <a href=\"https:\/\/federalflights.com\/anfrage\/\">Kontaktieren<\/a> Sie unsere Flugexperten und lassen Sie sich beraten.<\/p>\t\t\t\t\t\t\t\t<\/div>\n\t\t\t\t<\/div>\n\t\t\t\t\t<\/div>\n\t\t<\/div>\n\t\t\t\t\t<\/div>\n\t\t<\/section>\n\t\t\t\t<\/div>\n\t\t","protected":false},"excerpt":{"rendered":"<p>Flugzeugcharter: Regierungen, Delegationen und Konsulate Wir sind erfahrener Partner f\u00fcr Flugzeugcharter von zahlreichen Delegationen, Konsulaten und politischen Einrichtungen. Das Team von PASflights ist sich der zahlreichen Besonderheiten bewusst, die solche Reisen mit sich bringen, und k\u00fcmmert sich ebenso diskret wie professionell um jedes organisatorische Detail. Vertrauen Sie auf uns und unsere langj\u00e4hrige Expertise. Dem strengen [&hellip;]<\/p>\n","protected":false},"author":2,"featured_media":22160,"parent":1530,"menu_order":0,"comment_status":"closed","ping_status":"closed","template":"","meta":{"_acf_changed":false,"footnotes":""},"categories":[],"tags":[75],"class_list":["post-1553","page","type-page","status-publish","has-post-thumbnail","hentry","tag-branche"],"acf":[],"yoast_head":"<!-- This site is optimized with the Yoast SEO plugin v27.4 - https:\/\/yoast.com\/product\/yoast-seo-wordpress\/ -->\n<title>Regierungen, Delegation und Konsulate - Pasflights<\/title>\n<meta name=\"description\" content=\"\u2014Metabeschreibung nicht gesetzt.\" \/>\n<meta name=\"robots\" content=\"index, follow, max-snippet:-1, max-image-preview:large, max-video-preview:-1\" \/>\n<link rel=\"canonical\" href=\"https:\/\/pas.websitehelden.net\/de\/branche\/regierung-delegation-und-konsulate\/\" \/>\n<meta property=\"og:locale\" content=\"de_DE\" \/>\n<meta property=\"og:type\" content=\"article\" \/>\n<meta property=\"og:title\" content=\"Regierungen, Delegation und Konsulate - Pasflights\" \/>\n<meta property=\"og:description\" content=\"\u2014Metabeschreibung nicht gesetzt.\" \/>\n<meta property=\"og:url\" content=\"https:\/\/pas.websitehelden.net\/de\/branche\/regierung-delegation-und-konsulate\/\" \/>\n<meta property=\"og:site_name\" content=\"Pasflights\" \/>\n<meta property=\"article:modified_time\" content=\"2025-08-21T06:40:49+00:00\" \/>\n<meta property=\"og:image\" content=\"https:\/\/er7k5njc6uc.exactdn.com\/wp-content\/uploads\/2025\/08\/Branche-Regierung-Delegation-Konsulate.jpg?strip=all&lossy=1&ssl=1\" \/>\n\t<meta property=\"og:image:width\" content=\"1614\" \/>\n\t<meta property=\"og:image:height\" content=\"1080\" \/>\n\t<meta property=\"og:image:type\" content=\"image\/jpeg\" \/>\n<meta name=\"twitter:card\" content=\"summary_large_image\" \/>\n<meta name=\"twitter:label1\" content=\"Gesch\u00e4tzte Lesezeit\" \/>\n\t<meta name=\"twitter:data1\" content=\"3\u00a0Minuten\" \/>\n<script type=\"application\/ld+json\" class=\"yoast-schema-graph\">{\"@context\":\"https:\\\/\\\/schema.org\",\"@graph\":[{\"@type\":\"WebPage\",\"@id\":\"https:\\\/\\\/pas.websitehelden.net\\\/de\\\/branche\\\/regierung-delegation-und-konsulate\\\/\",\"url\":\"https:\\\/\\\/pas.websitehelden.net\\\/de\\\/branche\\\/regierung-delegation-und-konsulate\\\/\",\"name\":\"Regierungen, Delegation und Konsulate - Pasflights\",\"isPartOf\":{\"@id\":\"https:\\\/\\\/pas.websitehelden.net\\\/de\\\/#website\"},\"primaryImageOfPage\":{\"@id\":\"https:\\\/\\\/pas.websitehelden.net\\\/de\\\/branche\\\/regierung-delegation-und-konsulate\\\/#primaryimage\"},\"image\":{\"@id\":\"https:\\\/\\\/pas.websitehelden.net\\\/de\\\/branche\\\/regierung-delegation-und-konsulate\\\/#primaryimage\"},\"thumbnailUrl\":\"https:\\\/\\\/er7k5njc6uc.exactdn.com\\\/wp-content\\\/uploads\\\/2025\\\/08\\\/Branche-Regierung-Delegation-Konsulate.jpg?strip=all&lossy=1&ssl=1\",\"datePublished\":\"2021-12-20T13:04:37+00:00\",\"dateModified\":\"2025-08-21T06:40:49+00:00\",\"description\":\"\u2014Metabeschreibung nicht gesetzt.\",\"breadcrumb\":{\"@id\":\"https:\\\/\\\/pas.websitehelden.net\\\/de\\\/branche\\\/regierung-delegation-und-konsulate\\\/#breadcrumb\"},\"inLanguage\":\"de\",\"potentialAction\":[{\"@type\":\"ReadAction\",\"target\":[\"https:\\\/\\\/pas.websitehelden.net\\\/de\\\/branche\\\/regierung-delegation-und-konsulate\\\/\"]}]},{\"@type\":\"ImageObject\",\"inLanguage\":\"de\",\"@id\":\"https:\\\/\\\/pas.websitehelden.net\\\/de\\\/branche\\\/regierung-delegation-und-konsulate\\\/#primaryimage\",\"url\":\"https:\\\/\\\/er7k5njc6uc.exactdn.com\\\/wp-content\\\/uploads\\\/2025\\\/08\\\/Branche-Regierung-Delegation-Konsulate.jpg?strip=all&lossy=1&ssl=1\",\"contentUrl\":\"https:\\\/\\\/er7k5njc6uc.exactdn.com\\\/wp-content\\\/uploads\\\/2025\\\/08\\\/Branche-Regierung-Delegation-Konsulate.jpg?strip=all&lossy=1&ssl=1\",\"width\":1614,\"height\":1080,\"caption\":\"Flaggen verschiedener L\u00e4nder\"},{\"@type\":\"BreadcrumbList\",\"@id\":\"https:\\\/\\\/pas.websitehelden.net\\\/de\\\/branche\\\/regierung-delegation-und-konsulate\\\/#breadcrumb\",\"itemListElement\":[{\"@type\":\"ListItem\",\"position\":1,\"name\":\"Startseite\",\"item\":\"https:\\\/\\\/pas.websitehelden.net\\\/de\\\/\"},{\"@type\":\"ListItem\",\"position\":2,\"name\":\"Branche\",\"item\":\"https:\\\/\\\/pas.websitehelden.net\\\/de\\\/branche\\\/\"},{\"@type\":\"ListItem\",\"position\":3,\"name\":\"Regierung, Delegation und Konsulate\"}]},{\"@type\":\"WebSite\",\"@id\":\"https:\\\/\\\/pas.websitehelden.net\\\/de\\\/#website\",\"url\":\"https:\\\/\\\/pas.websitehelden.net\\\/de\\\/\",\"name\":\"Pasflights\",\"description\":\"Eine weitere WordPress-Website\",\"potentialAction\":[{\"@type\":\"SearchAction\",\"target\":{\"@type\":\"EntryPoint\",\"urlTemplate\":\"https:\\\/\\\/pas.websitehelden.net\\\/de\\\/?s={search_term_string}\"},\"query-input\":{\"@type\":\"PropertyValueSpecification\",\"valueRequired\":true,\"valueName\":\"search_term_string\"}}],\"inLanguage\":\"de\"}]}<\/script>\n<!-- \/ Yoast SEO plugin. -->","yoast_head_json":{"title":"Regierungen, Delegation und Konsulate - Pasflights","description":"\u2014Metabeschreibung nicht gesetzt.","robots":{"index":"index","follow":"follow","max-snippet":"max-snippet:-1","max-image-preview":"max-image-preview:large","max-video-preview":"max-video-preview:-1"},"canonical":"https:\/\/pas.websitehelden.net\/de\/branche\/regierung-delegation-und-konsulate\/","og_locale":"de_DE","og_type":"article","og_title":"Regierungen, Delegation und Konsulate - Pasflights","og_description":"\u2014Metabeschreibung nicht gesetzt.","og_url":"https:\/\/pas.websitehelden.net\/de\/branche\/regierung-delegation-und-konsulate\/","og_site_name":"Pasflights","article_modified_time":"2025-08-21T06:40:49+00:00","og_image":[{"width":1614,"height":1080,"url":"https:\/\/er7k5njc6uc.exactdn.com\/wp-content\/uploads\/2025\/08\/Branche-Regierung-Delegation-Konsulate.jpg?strip=all&lossy=1&ssl=1","type":"image\/jpeg"}],"twitter_card":"summary_large_image","twitter_misc":{"Gesch\u00e4tzte Lesezeit":"3\u00a0Minuten"},"schema":{"@context":"https:\/\/schema.org","@graph":[{"@type":"WebPage","@id":"https:\/\/pas.websitehelden.net\/de\/branche\/regierung-delegation-und-konsulate\/","url":"https:\/\/pas.websitehelden.net\/de\/branche\/regierung-delegation-und-konsulate\/","name":"Regierungen, Delegation und Konsulate - Pasflights","isPartOf":{"@id":"https:\/\/pas.websitehelden.net\/de\/#website"},"primaryImageOfPage":{"@id":"https:\/\/pas.websitehelden.net\/de\/branche\/regierung-delegation-und-konsulate\/#primaryimage"},"image":{"@id":"https:\/\/pas.websitehelden.net\/de\/branche\/regierung-delegation-und-konsulate\/#primaryimage"},"thumbnailUrl":"https:\/\/er7k5njc6uc.exactdn.com\/wp-content\/uploads\/2025\/08\/Branche-Regierung-Delegation-Konsulate.jpg?strip=all&lossy=1&ssl=1","datePublished":"2021-12-20T13:04:37+00:00","dateModified":"2025-08-21T06:40:49+00:00","description":"\u2014Metabeschreibung nicht gesetzt.","breadcrumb":{"@id":"https:\/\/pas.websitehelden.net\/de\/branche\/regierung-delegation-und-konsulate\/#breadcrumb"},"inLanguage":"de","potentialAction":[{"@type":"ReadAction","target":["https:\/\/pas.websitehelden.net\/de\/branche\/regierung-delegation-und-konsulate\/"]}]},{"@type":"ImageObject","inLanguage":"de","@id":"https:\/\/pas.websitehelden.net\/de\/branche\/regierung-delegation-und-konsulate\/#primaryimage","url":"https:\/\/er7k5njc6uc.exactdn.com\/wp-content\/uploads\/2025\/08\/Branche-Regierung-Delegation-Konsulate.jpg?strip=all&lossy=1&ssl=1","contentUrl":"https:\/\/er7k5njc6uc.exactdn.com\/wp-content\/uploads\/2025\/08\/Branche-Regierung-Delegation-Konsulate.jpg?strip=all&lossy=1&ssl=1","width":1614,"height":1080,"caption":"Flaggen verschiedener L\u00e4nder"},{"@type":"BreadcrumbList","@id":"https:\/\/pas.websitehelden.net\/de\/branche\/regierung-delegation-und-konsulate\/#breadcrumb","itemListElement":[{"@type":"ListItem","position":1,"name":"Startseite","item":"https:\/\/pas.websitehelden.net\/de\/"},{"@type":"ListItem","position":2,"name":"Branche","item":"https:\/\/pas.websitehelden.net\/de\/branche\/"},{"@type":"ListItem","position":3,"name":"Regierung, Delegation und Konsulate"}]},{"@type":"WebSite","@id":"https:\/\/pas.websitehelden.net\/de\/#website","url":"https:\/\/pas.websitehelden.net\/de\/","name":"Pasflights","description":"Eine weitere WordPress-Website","potentialAction":[{"@type":"SearchAction","target":{"@type":"EntryPoint","urlTemplate":"https:\/\/pas.websitehelden.net\/de\/?s={search_term_string}"},"query-input":{"@type":"PropertyValueSpecification","valueRequired":true,"valueName":"search_term_string"}}],"inLanguage":"de"}]}},"_links":{"self":[{"href":"https:\/\/pas.websitehelden.net\/de\/wp-json\/wp\/v2\/pages\/1553","targetHints":{"allow":["GET"]}}],"collection":[{"href":"https:\/\/pas.websitehelden.net\/de\/wp-json\/wp\/v2\/pages"}],"about":[{"href":"https:\/\/pas.websitehelden.net\/de\/wp-json\/wp\/v2\/types\/page"}],"author":[{"embeddable":true,"href":"https:\/\/pas.websitehelden.net\/de\/wp-json\/wp\/v2\/users\/2"}],"replies":[{"embeddable":true,"href":"https:\/\/pas.websitehelden.net\/de\/wp-json\/wp\/v2\/comments?post=1553"}],"version-history":[{"count":0,"href":"https:\/\/pas.websitehelden.net\/de\/wp-json\/wp\/v2\/pages\/1553\/revisions"}],"up":[{"embeddable":true,"href":"https:\/\/pas.websitehelden.net\/de\/wp-json\/wp\/v2\/pages\/1530"}],"wp:featuredmedia":[{"embeddable":true,"href":"https:\/\/pas.websitehelden.net\/de\/wp-json\/wp\/v2\/media\/22160"}],"wp:attachment":[{"href":"https:\/\/pas.websitehelden.net\/de\/wp-json\/wp\/v2\/media?parent=1553"}],"wp:term":[{"taxonomy":"category","embeddable":true,"href":"https:\/\/pas.websitehelden.net\/de\/wp-json\/wp\/v2\/categories?post=1553"},{"taxonomy":"post_tag","embeddable":true,"href":"https:\/\/pas.websitehelden.net\/de\/wp-json\/wp\/v2\/tags?post=1553"}],"curies":[{"name":"wp","href":"https:\/\/api.w.org\/{rel}","templated":true}]}}