{"id":1550,"date":"2021-12-20T14:04:26","date_gmt":"2021-12-20T13:04:26","guid":{"rendered":"https:\/\/www.pasflights.com\/?page_id=1550"},"modified":"2024-04-16T14:08:11","modified_gmt":"2024-04-16T12:08:11","slug":"ngo-und-hilfsorganisationen","status":"publish","type":"page","link":"https:\/\/pas.websitehelden.net\/de\/branche\/ngo-und-hilfsorganisationen\/","title":{"rendered":"NGO und Hilfsorganisationen"},"content":{"rendered":"\t\t<div data-elementor-type=\"wp-page\" data-elementor-id=\"1550\" class=\"elementor elementor-1550\" data-elementor-post-type=\"page\">\n\t\t\t\t\t\t<section class=\"elementor-section elementor-top-section elementor-element elementor-element-cd29d07 elementor-section-boxed elementor-section-height-default elementor-section-height-default\" data-id=\"cd29d07\" data-element_type=\"section\">\n\t\t\t\t\t\t<div class=\"elementor-container elementor-column-gap-default\">\n\t\t\t\t\t<div class=\"elementor-column elementor-col-100 elementor-top-column elementor-element elementor-element-38a0ced\" data-id=\"38a0ced\" data-element_type=\"column\">\n\t\t\t<div class=\"elementor-widget-wrap elementor-element-populated\">\n\t\t\t\t\t\t<div class=\"elementor-element elementor-element-b8be2ab elementor-widget elementor-widget-heading\" data-id=\"b8be2ab\" data-element_type=\"widget\" data-widget_type=\"heading.default\">\n\t\t\t\t<div class=\"elementor-widget-container\">\n\t\t\t\t\t<h1 class=\"elementor-heading-title elementor-size-default\">NGO und Hilfsorganisationen<\/h1>\t\t\t\t<\/div>\n\t\t\t\t<\/div>\n\t\t\t\t\t<\/div>\n\t\t<\/div>\n\t\t\t\t\t<\/div>\n\t\t<\/section>\n\t\t\t\t<section class=\"elementor-section elementor-top-section elementor-element elementor-element-f422e26 elementor-section-boxed elementor-section-height-default elementor-section-height-default\" data-id=\"f422e26\" data-element_type=\"section\">\n\t\t\t\t\t\t<div class=\"elementor-container elementor-column-gap-default\">\n\t\t\t\t\t<div class=\"elementor-column elementor-col-100 elementor-top-column elementor-element elementor-element-d3efa29\" data-id=\"d3efa29\" data-element_type=\"column\">\n\t\t\t<div class=\"elementor-widget-wrap elementor-element-populated\">\n\t\t\t\t\t\t<div class=\"elementor-element elementor-element-927f17b elementor-widget elementor-widget-text-editor\" data-id=\"927f17b\" data-element_type=\"widget\" data-widget_type=\"text-editor.default\">\n\t\t\t\t<div class=\"elementor-widget-container\">\n\t\t\t\t\t\t\t\t\t<p>Wenn Hilfseins\u00e4tze irgendwo auf der Welt ben\u00f6tigt wird, sei es bei Erdbeben, \u00dcberflutungen, Katastrophen oder anderweitigen humanit\u00e4ren Notst\u00e4nden, muss es schnell gehen. PASflights ist der kompetente und zuverl\u00e4ssige Partner, auf den Organisationen, Beh\u00f6rden und NGOs vertrauen. Wir helfen und unterst\u00fctzen, wo wir k\u00f6nnen mit unseren <a href=\"https:\/\/federalflights.com\/\">Federalflights<\/a>.<\/p><p>\u00a0<\/p><h2><strong>Humanit\u00e4re Soforthilfe<\/strong><\/h2><p>Unser Team koordiniert sowohl Ad-hoc-Charterfl\u00fcge als auch langfristig geplante Flugprojekte im Rahmen von humanit\u00e4rer Hilfe f\u00fcr die Vereinten Nationen, Regierungen, internationale NGOs und andere Hilfsorganisationen.<\/p><p>Wir sind stolz auf unsere Reaktionsschnelligkeit in Krisensituationen und koordinieren sowohl zeitkritische Charterfl\u00fcg als auch langfristig geplante Flugzeugcharter f\u00fcr humanit\u00e4re Hilfsprojekte rund um die Uhr. Unsere Krisenexperten sind 24\/7 f\u00fcr Sie da!<\/p><p>Seit Jahrzehnten arbeitet das Team von PASflights bei humanit\u00e4ren Krisen wie dem Erdbeben in Nepal, der Nahost-Krise oder Hungersn\u00f6ten in Afrika zuverl\u00e4ssig und effektiv mit vielen Hilfsorganisationen zusammen.\u00a0<\/p><p>In zahlreichen Krisengebieten sind die Experten pers\u00f6nlich vor Ort und k\u00f6nnen so die lokale Lage mit den jeweiligen Handlungsm\u00f6glichkeiten sicher und zeitnah beurteilen. Neben den Flugl\u00f6sungen organisieren die Krisenexperten von PASflights auch den Zu- und Weitertransport auf Land- und Seewegen souver\u00e4n.<\/p><p>PAS geh\u00f6rt zur <a href=\"https:\/\/skylink-holding.com\/en\/about-us\/#companies\">Skylink Gruppe<\/a>, die seit mehr als 30 Jahren f\u00fcr Ihre au\u00dfergew\u00f6hnlichen Eins\u00e4tze f\u00fcr zahlreiche namhafte internationale Hilfsorganisationen und Regierungen bekannt ist. Unser einzigartiges globales Netzwerk erm\u00f6glicht es, dass Hilfsorganisationen schnellstm\u00f6glich auf weltweite Krisen reagieren k\u00f6nnen.<\/p><p>\u00a0<\/p><h2><strong>Schnell und unb\u00fcrokratisch<\/strong><\/h2><p>In komplexen globalen Operationen sind sofortige Reaktionsf\u00e4higkeit und erfahrene Mitarbeiter vor Ort entscheidend. Die Erstversorgung muss unb\u00fcrokratisch und schnell ablaufen. Daher arbeiten wir weltweit mit namhaften Hilfsorganisationen zusammen.<\/p><p>Unser gro\u00dfes Ziel ist es durch B\u00fcndelung aller Ressourcen, der umfangreichen Erfahrung in der Einsatzplanung und den Einsatz von fundierter Flugexpertise f\u00fcr reibungslose Abl\u00e4ufe auch unter h\u00f6chstem Zeitdruck zu sorgen. Daf\u00fcr kann das Team von PASflights auf ein weltweites Netzwerk zur\u00fcckgreifen, um selbst in sensiblen Situationen und unter schwierigsten Bedingungen zuverl\u00e4ssige und schnelle Flugzeugcharterl\u00f6sungen anzubieten.<\/p><p>Jede Krise dieser Welt hat ein eigenes Gesicht \u2013 jede erfordert eine individuelle Betrachtung und Reaktion. Es gibt viele Notfallpl\u00e4ne, aber am Ende z\u00e4hlt Flexibilit\u00e4t, Engagement und Leidenschaft, um Krisen zu meistern.<\/p><h2><strong>Flugcharterl\u00f6sungen f\u00fcr Luftfracht<\/strong><\/h2><p>Von kleinen Paketen bis zur \u00fcberdimensionalen Fracht und f\u00fcr komplexe und sensible Missionen bietet PASflights die passgenaue Transportm\u00f6glichkeit an.<\/p><h2><strong>Sicher ans Ziel<\/strong><\/h2><p>Mit <a href=\"https:\/\/federalflights.com\/\">Federalflights<\/a> bieten wir auch in Krisensituationen und unter sensiblen Umst\u00e4nden zuverl\u00e4ssige und schnelle Flugzeugcharterl\u00f6sungen f\u00fcr NGOs (Nichtregierungsorganisationen) und Hilfsorganisationen. Schnell und unkompliziert beraten wir Sie zu den M\u00f6glichkeiten von Flugcharterl\u00f6sungen. <a href=\"https:\/\/federalflights.com\/anfrage\/\">Kontaktieren<\/a> Sie unsere Flugexperten.<\/p>\t\t\t\t\t\t\t\t<\/div>\n\t\t\t\t<\/div>\n\t\t\t\t\t<\/div>\n\t\t<\/div>\n\t\t\t\t\t<\/div>\n\t\t<\/section>\n\t\t\t\t<\/div>\n\t\t","protected":false},"excerpt":{"rendered":"<p>NGO und Hilfsorganisationen Wenn Hilfseins\u00e4tze irgendwo auf der Welt ben\u00f6tigt wird, sei es bei Erdbeben, \u00dcberflutungen, Katastrophen oder anderweitigen humanit\u00e4ren Notst\u00e4nden, muss es schnell gehen. PASflights ist der kompetente und zuverl\u00e4ssige Partner, auf den Organisationen, Beh\u00f6rden und NGOs vertrauen. Wir helfen und unterst\u00fctzen, wo wir k\u00f6nnen mit unseren Federalflights. Humanit\u00e4re Soforthilfe Unser Team koordiniert sowohl [&hellip;]<\/p>\n","protected":false},"author":2,"featured_media":11876,"parent":1530,"menu_order":0,"comment_status":"closed","ping_status":"closed","template":"","meta":{"_acf_changed":false,"footnotes":""},"categories":[],"tags":[75],"class_list":["post-1550","page","type-page","status-publish","has-post-thumbnail","hentry","tag-branche"],"acf":[],"yoast_head":"<!-- This site is optimized with the Yoast SEO plugin v27.4 - https:\/\/yoast.com\/product\/yoast-seo-wordpress\/ -->\n<title>NGO und Hilfsorganisationen - Pasflights<\/title>\n<meta name=\"description\" content=\"\u2014Metabeschreibung nicht gesetzt.\" \/>\n<meta name=\"robots\" content=\"index, follow, max-snippet:-1, max-image-preview:large, max-video-preview:-1\" \/>\n<link rel=\"canonical\" href=\"https:\/\/pas.websitehelden.net\/de\/branche\/ngo-und-hilfsorganisationen\/\" \/>\n<meta property=\"og:locale\" content=\"de_DE\" \/>\n<meta property=\"og:type\" content=\"article\" \/>\n<meta property=\"og:title\" content=\"NGO und Hilfsorganisationen - Pasflights\" \/>\n<meta property=\"og:description\" content=\"\u2014Metabeschreibung nicht gesetzt.\" \/>\n<meta property=\"og:url\" content=\"https:\/\/pas.websitehelden.net\/de\/branche\/ngo-und-hilfsorganisationen\/\" \/>\n<meta property=\"og:site_name\" content=\"Pasflights\" \/>\n<meta property=\"article:modified_time\" content=\"2024-04-16T12:08:11+00:00\" \/>\n<meta property=\"og:image\" content=\"https:\/\/er7k5njc6uc.exactdn.com\/wp-content\/uploads\/2023\/07\/fluege-nach-lappland-scaled-e1690197646483.jpeg?strip=all&lossy=1&ssl=1\" \/>\n\t<meta property=\"og:image:width\" content=\"2560\" \/>\n\t<meta property=\"og:image:height\" content=\"1299\" \/>\n\t<meta property=\"og:image:type\" content=\"image\/jpeg\" \/>\n<meta name=\"twitter:card\" content=\"summary_large_image\" \/>\n<meta name=\"twitter:label1\" content=\"Gesch\u00e4tzte Lesezeit\" \/>\n\t<meta name=\"twitter:data1\" content=\"3\u00a0Minuten\" \/>\n<script type=\"application\/ld+json\" class=\"yoast-schema-graph\">{\"@context\":\"https:\\\/\\\/schema.org\",\"@graph\":[{\"@type\":\"WebPage\",\"@id\":\"https:\\\/\\\/pas.websitehelden.net\\\/de\\\/branche\\\/ngo-und-hilfsorganisationen\\\/\",\"url\":\"https:\\\/\\\/pas.websitehelden.net\\\/de\\\/branche\\\/ngo-und-hilfsorganisationen\\\/\",\"name\":\"NGO und Hilfsorganisationen - Pasflights\",\"isPartOf\":{\"@id\":\"https:\\\/\\\/pas.websitehelden.net\\\/de\\\/#website\"},\"primaryImageOfPage\":{\"@id\":\"https:\\\/\\\/pas.websitehelden.net\\\/de\\\/branche\\\/ngo-und-hilfsorganisationen\\\/#primaryimage\"},\"image\":{\"@id\":\"https:\\\/\\\/pas.websitehelden.net\\\/de\\\/branche\\\/ngo-und-hilfsorganisationen\\\/#primaryimage\"},\"thumbnailUrl\":\"https:\\\/\\\/er7k5njc6uc.exactdn.com\\\/wp-content\\\/uploads\\\/2023\\\/07\\\/fluege-nach-lappland-scaled-e1690197646483.jpeg?strip=all&lossy=1&ssl=1\",\"datePublished\":\"2021-12-20T13:04:26+00:00\",\"dateModified\":\"2024-04-16T12:08:11+00:00\",\"description\":\"\u2014Metabeschreibung nicht gesetzt.\",\"breadcrumb\":{\"@id\":\"https:\\\/\\\/pas.websitehelden.net\\\/de\\\/branche\\\/ngo-und-hilfsorganisationen\\\/#breadcrumb\"},\"inLanguage\":\"de\",\"potentialAction\":[{\"@type\":\"ReadAction\",\"target\":[\"https:\\\/\\\/pas.websitehelden.net\\\/de\\\/branche\\\/ngo-und-hilfsorganisationen\\\/\"]}]},{\"@type\":\"ImageObject\",\"inLanguage\":\"de\",\"@id\":\"https:\\\/\\\/pas.websitehelden.net\\\/de\\\/branche\\\/ngo-und-hilfsorganisationen\\\/#primaryimage\",\"url\":\"https:\\\/\\\/er7k5njc6uc.exactdn.com\\\/wp-content\\\/uploads\\\/2023\\\/07\\\/fluege-nach-lappland-scaled-e1690197646483.jpeg?strip=all&lossy=1&ssl=1\",\"contentUrl\":\"https:\\\/\\\/er7k5njc6uc.exactdn.com\\\/wp-content\\\/uploads\\\/2023\\\/07\\\/fluege-nach-lappland-scaled-e1690197646483.jpeg?strip=all&lossy=1&ssl=1\",\"width\":2560,\"height\":1299},{\"@type\":\"BreadcrumbList\",\"@id\":\"https:\\\/\\\/pas.websitehelden.net\\\/de\\\/branche\\\/ngo-und-hilfsorganisationen\\\/#breadcrumb\",\"itemListElement\":[{\"@type\":\"ListItem\",\"position\":1,\"name\":\"Startseite\",\"item\":\"https:\\\/\\\/pas.websitehelden.net\\\/de\\\/\"},{\"@type\":\"ListItem\",\"position\":2,\"name\":\"Branche\",\"item\":\"https:\\\/\\\/pas.websitehelden.net\\\/de\\\/branche\\\/\"},{\"@type\":\"ListItem\",\"position\":3,\"name\":\"NGO und Hilfsorganisationen\"}]},{\"@type\":\"WebSite\",\"@id\":\"https:\\\/\\\/pas.websitehelden.net\\\/de\\\/#website\",\"url\":\"https:\\\/\\\/pas.websitehelden.net\\\/de\\\/\",\"name\":\"Pasflights\",\"description\":\"Eine weitere WordPress-Website\",\"potentialAction\":[{\"@type\":\"SearchAction\",\"target\":{\"@type\":\"EntryPoint\",\"urlTemplate\":\"https:\\\/\\\/pas.websitehelden.net\\\/de\\\/?s={search_term_string}\"},\"query-input\":{\"@type\":\"PropertyValueSpecification\",\"valueRequired\":true,\"valueName\":\"search_term_string\"}}],\"inLanguage\":\"de\"}]}<\/script>\n<!-- \/ Yoast SEO plugin. -->","yoast_head_json":{"title":"NGO und Hilfsorganisationen - Pasflights","description":"\u2014Metabeschreibung nicht gesetzt.","robots":{"index":"index","follow":"follow","max-snippet":"max-snippet:-1","max-image-preview":"max-image-preview:large","max-video-preview":"max-video-preview:-1"},"canonical":"https:\/\/pas.websitehelden.net\/de\/branche\/ngo-und-hilfsorganisationen\/","og_locale":"de_DE","og_type":"article","og_title":"NGO und Hilfsorganisationen - Pasflights","og_description":"\u2014Metabeschreibung nicht gesetzt.","og_url":"https:\/\/pas.websitehelden.net\/de\/branche\/ngo-und-hilfsorganisationen\/","og_site_name":"Pasflights","article_modified_time":"2024-04-16T12:08:11+00:00","og_image":[{"width":2560,"height":1299,"url":"https:\/\/er7k5njc6uc.exactdn.com\/wp-content\/uploads\/2023\/07\/fluege-nach-lappland-scaled-e1690197646483.jpeg?strip=all&lossy=1&ssl=1","type":"image\/jpeg"}],"twitter_card":"summary_large_image","twitter_misc":{"Gesch\u00e4tzte Lesezeit":"3\u00a0Minuten"},"schema":{"@context":"https:\/\/schema.org","@graph":[{"@type":"WebPage","@id":"https:\/\/pas.websitehelden.net\/de\/branche\/ngo-und-hilfsorganisationen\/","url":"https:\/\/pas.websitehelden.net\/de\/branche\/ngo-und-hilfsorganisationen\/","name":"NGO und Hilfsorganisationen - Pasflights","isPartOf":{"@id":"https:\/\/pas.websitehelden.net\/de\/#website"},"primaryImageOfPage":{"@id":"https:\/\/pas.websitehelden.net\/de\/branche\/ngo-und-hilfsorganisationen\/#primaryimage"},"image":{"@id":"https:\/\/pas.websitehelden.net\/de\/branche\/ngo-und-hilfsorganisationen\/#primaryimage"},"thumbnailUrl":"https:\/\/er7k5njc6uc.exactdn.com\/wp-content\/uploads\/2023\/07\/fluege-nach-lappland-scaled-e1690197646483.jpeg?strip=all&lossy=1&ssl=1","datePublished":"2021-12-20T13:04:26+00:00","dateModified":"2024-04-16T12:08:11+00:00","description":"\u2014Metabeschreibung nicht gesetzt.","breadcrumb":{"@id":"https:\/\/pas.websitehelden.net\/de\/branche\/ngo-und-hilfsorganisationen\/#breadcrumb"},"inLanguage":"de","potentialAction":[{"@type":"ReadAction","target":["https:\/\/pas.websitehelden.net\/de\/branche\/ngo-und-hilfsorganisationen\/"]}]},{"@type":"ImageObject","inLanguage":"de","@id":"https:\/\/pas.websitehelden.net\/de\/branche\/ngo-und-hilfsorganisationen\/#primaryimage","url":"https:\/\/er7k5njc6uc.exactdn.com\/wp-content\/uploads\/2023\/07\/fluege-nach-lappland-scaled-e1690197646483.jpeg?strip=all&lossy=1&ssl=1","contentUrl":"https:\/\/er7k5njc6uc.exactdn.com\/wp-content\/uploads\/2023\/07\/fluege-nach-lappland-scaled-e1690197646483.jpeg?strip=all&lossy=1&ssl=1","width":2560,"height":1299},{"@type":"BreadcrumbList","@id":"https:\/\/pas.websitehelden.net\/de\/branche\/ngo-und-hilfsorganisationen\/#breadcrumb","itemListElement":[{"@type":"ListItem","position":1,"name":"Startseite","item":"https:\/\/pas.websitehelden.net\/de\/"},{"@type":"ListItem","position":2,"name":"Branche","item":"https:\/\/pas.websitehelden.net\/de\/branche\/"},{"@type":"ListItem","position":3,"name":"NGO und Hilfsorganisationen"}]},{"@type":"WebSite","@id":"https:\/\/pas.websitehelden.net\/de\/#website","url":"https:\/\/pas.websitehelden.net\/de\/","name":"Pasflights","description":"Eine weitere WordPress-Website","potentialAction":[{"@type":"SearchAction","target":{"@type":"EntryPoint","urlTemplate":"https:\/\/pas.websitehelden.net\/de\/?s={search_term_string}"},"query-input":{"@type":"PropertyValueSpecification","valueRequired":true,"valueName":"search_term_string"}}],"inLanguage":"de"}]}},"_links":{"self":[{"href":"https:\/\/pas.websitehelden.net\/de\/wp-json\/wp\/v2\/pages\/1550","targetHints":{"allow":["GET"]}}],"collection":[{"href":"https:\/\/pas.websitehelden.net\/de\/wp-json\/wp\/v2\/pages"}],"about":[{"href":"https:\/\/pas.websitehelden.net\/de\/wp-json\/wp\/v2\/types\/page"}],"author":[{"embeddable":true,"href":"https:\/\/pas.websitehelden.net\/de\/wp-json\/wp\/v2\/users\/2"}],"replies":[{"embeddable":true,"href":"https:\/\/pas.websitehelden.net\/de\/wp-json\/wp\/v2\/comments?post=1550"}],"version-history":[{"count":0,"href":"https:\/\/pas.websitehelden.net\/de\/wp-json\/wp\/v2\/pages\/1550\/revisions"}],"up":[{"embeddable":true,"href":"https:\/\/pas.websitehelden.net\/de\/wp-json\/wp\/v2\/pages\/1530"}],"wp:featuredmedia":[{"embeddable":true,"href":"https:\/\/pas.websitehelden.net\/de\/wp-json\/wp\/v2\/media\/11876"}],"wp:attachment":[{"href":"https:\/\/pas.websitehelden.net\/de\/wp-json\/wp\/v2\/media?parent=1550"}],"wp:term":[{"taxonomy":"category","embeddable":true,"href":"https:\/\/pas.websitehelden.net\/de\/wp-json\/wp\/v2\/categories?post=1550"},{"taxonomy":"post_tag","embeddable":true,"href":"https:\/\/pas.websitehelden.net\/de\/wp-json\/wp\/v2\/tags?post=1550"}],"curies":[{"name":"wp","href":"https:\/\/api.w.org\/{rel}","templated":true}]}}