{"id":13448,"date":"2024-01-23T15:56:41","date_gmt":"2024-01-23T14:56:41","guid":{"rendered":"https:\/\/www.pasflights.com\/?page_id=13448"},"modified":"2024-01-29T16:17:33","modified_gmt":"2024-01-29T15:17:33","slug":"gulfstream-g650-mieten","status":"publish","type":"page","link":"https:\/\/pas.websitehelden.net\/de\/gulfstream-g650-mieten\/","title":{"rendered":"Gulfstream G650 mieten"},"content":{"rendered":"\t\t<div data-elementor-type=\"wp-page\" data-elementor-id=\"13448\" class=\"elementor elementor-13448\" data-elementor-post-type=\"page\">\n\t\t\t\t\t\t<section class=\"elementor-section elementor-top-section elementor-element elementor-element-07fdb2c elementor-section-boxed elementor-section-height-default elementor-section-height-default\" data-id=\"07fdb2c\" data-element_type=\"section\">\n\t\t\t\t\t\t<div class=\"elementor-container elementor-column-gap-default\">\n\t\t\t\t\t<div class=\"elementor-column elementor-col-100 elementor-top-column elementor-element elementor-element-24d3321\" data-id=\"24d3321\" data-element_type=\"column\">\n\t\t\t<div class=\"elementor-widget-wrap elementor-element-populated\">\n\t\t\t\t\t\t<div class=\"elementor-element elementor-element-956d634 elementor-widget elementor-widget-heading\" data-id=\"956d634\" data-element_type=\"widget\" data-widget_type=\"heading.default\">\n\t\t\t\t<div class=\"elementor-widget-container\">\n\t\t\t\t\t<h1 class=\"elementor-heading-title elementor-size-default\">Gulfstream G650 mieten \u2013 Ihr Privatjet der ersten Wahl<\/h1>\t\t\t\t<\/div>\n\t\t\t\t<\/div>\n\t\t\t\t<div class=\"elementor-element elementor-element-f6ef574 elementor-widget elementor-widget-text-editor\" data-id=\"f6ef574\" data-element_type=\"widget\" data-widget_type=\"text-editor.default\">\n\t\t\t\t<div class=\"elementor-widget-container\">\n\t\t\t\t\t\t\t\t\t<p>Entdecken Sie den Inbegriff von Luxus und Leistung in der Luftfahrt mit der Gulfstream G650 und mieten Sie diesen ultimativen Privatjet f\u00fcr anspruchsvolle Reisende. Lassen Sie sich von dem unvergleichlichen Komfort, der exquisiten Kabine sowie der beeindruckenden Reichweite und Geschwindigkeit begeistern. Ob als Gesch\u00e4ftskunde oder Freizeitreisender \u2013 wenn Sie die Gulfstream G650 mieten, verwandelt sich Ihre Reisen in ein v\u00f6llig neues Erlebnis.<\/p><p>Steigen Sie ein und erleben Sie mit PASflights eine Reise, die ebenso unvergesslich wie komfortabel ist. Denn mit uns beginnt Ihr Urlaub schon mit dem Flug.<\/p>\t\t\t\t\t\t\t\t<\/div>\n\t\t\t\t<\/div>\n\t\t\t\t<div class=\"elementor-element elementor-element-010b164 elementor-widget elementor-widget-spacer\" data-id=\"010b164\" data-element_type=\"widget\" data-widget_type=\"spacer.default\">\n\t\t\t\t<div class=\"elementor-widget-container\">\n\t\t\t\t\t\t\t<div class=\"elementor-spacer\">\n\t\t\t<div class=\"elementor-spacer-inner\"><\/div>\n\t\t<\/div>\n\t\t\t\t\t\t<\/div>\n\t\t\t\t<\/div>\n\t\t\t\t<div class=\"elementor-element elementor-element-2fa808f elementor-widget elementor-widget-heading\" data-id=\"2fa808f\" data-element_type=\"widget\" data-widget_type=\"heading.default\">\n\t\t\t\t<div class=\"elementor-widget-container\">\n\t\t\t\t\t<h2 class=\"elementor-heading-title elementor-size-default\">Gulfstream G650 mieten und Komfort auf einem neuen Level genie\u00dfen<\/h2>\t\t\t\t<\/div>\n\t\t\t\t<\/div>\n\t\t\t\t<div class=\"elementor-element elementor-element-e8310d9 elementor-widget elementor-widget-text-editor\" data-id=\"e8310d9\" data-element_type=\"widget\" data-widget_type=\"text-editor.default\">\n\t\t\t\t<div class=\"elementor-widget-container\">\n\t\t\t\t\t\t\t\t\t<p>Beim Thema Komfort besticht die Gulfstream G650 durch vielf\u00e4ltige Faktoren. Die gro\u00dfz\u00fcgige Kabine des Jets bietet nicht nur gen\u00fcgend Platz f\u00fcr Ihre Entspannung, sondern auch modernste Ausstattungen und Technologien. Wenn Sie die Gulfstream G650 mieten, k\u00f6nnen Sie sicher sein, Ihr Ziel frisch und erholt zu erreichen. Die individuell anpassbaren Sitzgelegenheiten und Betten garantieren, dass Sie sich wie zu Hause f\u00fchlen, w\u00e4hrend Sie Tausende von Metern \u00fcber dem Boden schweben.<\/p><p>Bei uns von PASflights k\u00f6nnen Sie die Gulfstream G650 mieten und sorglos verreisen. Unser erstklassiger <a href=\"https:\/\/pas.websitehelden.net\/de\/service\/\">Service<\/a> sorgt auf Ihrem Flug f\u00fcr zus\u00e4tzlichen Komfort. Von einem <a href=\"https:\/\/pas.websitehelden.net\/service\/individuelles-catering\/\">individuellen Catering<\/a> bis hin zu Ihrer pers\u00f6nlichen <a href=\"https:\/\/pas.websitehelden.net\/service\/flugbetreuung-flugbegleitung\/\">Flugbegleitung<\/a> \u2013 unser professionelles und kompetentes Team betreut Sie gern und geht auf Ihre W\u00fcnsche ein. Nehmen Sie noch heute Kontakt zu uns auf!<\/p>\t\t\t\t\t\t\t\t<\/div>\n\t\t\t\t<\/div>\n\t\t\t\t\t<\/div>\n\t\t<\/div>\n\t\t\t\t\t<\/div>\n\t\t<\/section>\n\t\t\t\t<section class=\"elementor-section elementor-top-section elementor-element elementor-element-e1e78c6 elementor-section-boxed elementor-section-height-default elementor-section-height-default\" data-id=\"e1e78c6\" data-element_type=\"section\">\n\t\t\t\t\t\t<div class=\"elementor-container elementor-column-gap-default\">\n\t\t\t\t\t<div class=\"elementor-column elementor-col-100 elementor-top-column elementor-element elementor-element-75230be\" data-id=\"75230be\" data-element_type=\"column\">\n\t\t\t<div class=\"elementor-widget-wrap elementor-element-populated\">\n\t\t\t\t\t\t<div class=\"elementor-element elementor-element-c3d4a98 elementor-widget elementor-widget-heading\" data-id=\"c3d4a98\" data-element_type=\"widget\" data-widget_type=\"heading.default\">\n\t\t\t\t<div class=\"elementor-widget-container\">\n\t\t\t\t\t<span class=\"elementor-heading-title elementor-size-default\">Kontakt<\/span>\t\t\t\t<\/div>\n\t\t\t\t<\/div>\n\t\t\t\t<div class=\"elementor-element elementor-element-6313e92 elementor-widget elementor-widget-heading\" data-id=\"6313e92\" data-element_type=\"widget\" data-widget_type=\"heading.default\">\n\t\t\t\t<div class=\"elementor-widget-container\">\n\t\t\t\t\t<h2 class=\"elementor-heading-title elementor-size-default\">Kontakt<\/h2>\t\t\t\t<\/div>\n\t\t\t\t<\/div>\n\t\t\t\t<section class=\"elementor-section elementor-inner-section elementor-element elementor-element-d7bb51b elementor-section-boxed elementor-section-height-default elementor-section-height-default\" data-id=\"d7bb51b\" data-element_type=\"section\" data-settings=\"{&quot;background_background&quot;:&quot;classic&quot;}\">\n\t\t\t\t\t\t<div class=\"elementor-container elementor-column-gap-default\">\n\t\t\t\t\t<div class=\"elementor-column elementor-col-50 elementor-inner-column elementor-element elementor-element-e2bd239\" data-id=\"e2bd239\" data-element_type=\"column\">\n\t\t\t<div class=\"elementor-widget-wrap\">\n\t\t\t\t\t\t\t<\/div>\n\t\t<\/div>\n\t\t\t\t<div class=\"elementor-column elementor-col-50 elementor-inner-column elementor-element elementor-element-274b839\" data-id=\"274b839\" data-element_type=\"column\" data-settings=\"{&quot;background_background&quot;:&quot;classic&quot;}\">\n\t\t\t<div class=\"elementor-widget-wrap elementor-element-populated\">\n\t\t\t\t\t\t<div class=\"elementor-element elementor-element-c7d040d elementor-widget elementor-widget-heading\" data-id=\"c7d040d\" data-element_type=\"widget\" data-widget_type=\"heading.default\">\n\t\t\t\t<div class=\"elementor-widget-container\">\n\t\t\t\t\t<h2 class=\"elementor-heading-title elementor-size-default\">SIE HABEN FRAGEN? WIR SIND F\u00dcR SIE DA \u2013 PER MAIL,<br \/> KONTAKTFORMULAR ODER PER TELEFON!<\/h2>\t\t\t\t<\/div>\n\t\t\t\t<\/div>\n\t\t\t\t<div class=\"elementor-element elementor-element-e63833f elementor-widget elementor-widget-heading\" data-id=\"e63833f\" data-element_type=\"widget\" data-widget_type=\"heading.default\">\n\t\t\t\t<div class=\"elementor-widget-container\">\n\t\t\t\t\t<span class=\"elementor-heading-title elementor-size-default\">24\/7 ist Ihr pers\u00f6nlicher Ansprechpartner f\u00fcr Sie da<\/span>\t\t\t\t<\/div>\n\t\t\t\t<\/div>\n\t\t\t\t<div class=\"elementor-element elementor-element-8f16335 elementor-align-start elementor-widget__width-auto elementor-icon-list--layout-traditional elementor-list-item-link-full_width elementor-widget elementor-widget-icon-list\" data-id=\"8f16335\" data-element_type=\"widget\" data-widget_type=\"icon-list.default\">\n\t\t\t\t<div class=\"elementor-widget-container\">\n\t\t\t\t\t\t\t<ul class=\"elementor-icon-list-items\">\n\t\t\t\t\t\t\t<li class=\"elementor-icon-list-item\">\n\t\t\t\t\t\t\t\t\t\t\t<a href=\"https:\/\/pas.websitehelden.net\/kontakt\/\">\n\n\t\t\t\t\t\t\t\t\t\t\t\t<span class=\"elementor-icon-list-icon\">\n\t\t\t\t\t\t\t<i aria-hidden=\"true\" class=\"fas fa-envelope\"><\/i>\t\t\t\t\t\t<\/span>\n\t\t\t\t\t\t\t\t\t\t<span class=\"elementor-icon-list-text\">info@pasflights.com<\/span>\n\t\t\t\t\t\t\t\t\t\t\t<\/a>\n\t\t\t\t\t\t\t\t\t<\/li>\n\t\t\t\t\t\t\t\t<li class=\"elementor-icon-list-item\">\n\t\t\t\t\t\t\t\t\t\t\t<a href=\"tel:+49%202204%2070606-0\">\n\n\t\t\t\t\t\t\t\t\t\t\t\t<span class=\"elementor-icon-list-icon\">\n\t\t\t\t\t\t\t<i aria-hidden=\"true\" class=\"fas fa-phone-alt\"><\/i>\t\t\t\t\t\t<\/span>\n\t\t\t\t\t\t\t\t\t\t<span class=\"elementor-icon-list-text\">+ 49 2204 70606-0<\/span>\n\t\t\t\t\t\t\t\t\t\t\t<\/a>\n\t\t\t\t\t\t\t\t\t<\/li>\n\t\t\t\t\t\t<\/ul>\n\t\t\t\t\t\t<\/div>\n\t\t\t\t<\/div>\n\t\t\t\t<div class=\"elementor-element elementor-element-2e9e5ff elementor-align-right pinkbuttonfull elementor-tablet-align-left elementor-mobile-align-justify elementor-widget elementor-widget-button\" data-id=\"2e9e5ff\" data-element_type=\"widget\" data-widget_type=\"button.default\">\n\t\t\t\t<div class=\"elementor-widget-container\">\n\t\t\t\t\t\t\t\t\t<div class=\"elementor-button-wrapper\">\n\t\t\t\t\t<a class=\"elementor-button elementor-button-link elementor-size-sm\" href=\"\/de\/kontakt\/\">\n\t\t\t\t\t\t<span class=\"elementor-button-content-wrapper\">\n\t\t\t\t\t\t\t\t\t<span class=\"elementor-button-text\">Jetzt Kontakt aufnehmen<\/span>\n\t\t\t\t\t<\/span>\n\t\t\t\t\t<\/a>\n\t\t\t\t<\/div>\n\t\t\t\t\t\t\t\t<\/div>\n\t\t\t\t<\/div>\n\t\t\t\t\t<\/div>\n\t\t<\/div>\n\t\t\t\t\t<\/div>\n\t\t<\/section>\n\t\t\t\t<div class=\"elementor-element elementor-element-5112624 elementor-widget elementor-widget-image\" data-id=\"5112624\" data-element_type=\"widget\" data-widget_type=\"image.default\">\n\t\t\t\t<div class=\"elementor-widget-container\">\n\t\t\t\t\t\t\t\t\t\t\t\t\t\t\t<img decoding=\"async\" src=\"https:\/\/er7k5njc6uc.exactdn.com\/wp-content\/uploads\/elementor\/thumbs\/privatjet-buchen_kontakt-rawwxlf5e5ptspptkdb8apcdi94cfpobtspz7qq45k.jpg?strip=all&lossy=1&w=800&ssl=1\" title=\"privatjet-buchen_kontakt\" alt=\"Contact\" loading=\"lazy\" \/>\t\t\t\t\t\t\t\t\t\t\t\t\t\t\t<\/div>\n\t\t\t\t<\/div>\n\t\t\t\t\t<\/div>\n\t\t<\/div>\n\t\t\t\t\t<\/div>\n\t\t<\/section>\n\t\t\t\t<section class=\"elementor-section elementor-top-section elementor-element elementor-element-fd2f83a elementor-section-boxed elementor-section-height-default elementor-section-height-default\" data-id=\"fd2f83a\" data-element_type=\"section\">\n\t\t\t\t\t\t<div class=\"elementor-container elementor-column-gap-default\">\n\t\t\t\t\t<div class=\"elementor-column elementor-col-100 elementor-top-column elementor-element elementor-element-aa8804f\" data-id=\"aa8804f\" data-element_type=\"column\">\n\t\t\t<div class=\"elementor-widget-wrap elementor-element-populated\">\n\t\t\t\t\t\t<div class=\"elementor-element elementor-element-a535c11 elementor-widget elementor-widget-heading\" data-id=\"a535c11\" data-element_type=\"widget\" data-widget_type=\"heading.default\">\n\t\t\t\t<div class=\"elementor-widget-container\">\n\t\t\t\t\t<h2 class=\"elementor-heading-title elementor-size-default\">Gulfstream G650 mieten und Ihr Ziel mit un\u00fcbertroffener Geschwindigkeit und Effizienz erreichen<\/h2>\t\t\t\t<\/div>\n\t\t\t\t<\/div>\n\t\t\t\t<div class=\"elementor-element elementor-element-b370d72 elementor-widget elementor-widget-text-editor\" data-id=\"b370d72\" data-element_type=\"widget\" data-widget_type=\"text-editor.default\">\n\t\t\t\t<div class=\"elementor-widget-container\">\n\t\t\t\t\t\t\t\t\t<p>Die G650er Gulfstream ist nicht nur ein Symbol f\u00fcr Luxus, sondern steht auch f\u00fcr Geschwindigkeit und Effizienz. Es handelt sich um einen der schnellsten Privatjets auf dem Markt, sodass Sie in k\u00fcrzester Zeit an Ihr gew\u00fcnschtes Ziel gelangen. Das Flugzeug ist so konstruiert, dass es sogar ultralange Strecken ohne Zwischenlandung bew\u00e4ltigen kann, sodass Sie schnell und effizient zu Ihrem Bestimmungsort fliegen k\u00f6nnen.<\/p>\t\t\t\t\t\t\t\t<\/div>\n\t\t\t\t<\/div>\n\t\t\t\t<div class=\"elementor-element elementor-element-0e50e8b elementor-widget elementor-widget-spacer\" data-id=\"0e50e8b\" data-element_type=\"widget\" data-widget_type=\"spacer.default\">\n\t\t\t\t<div class=\"elementor-widget-container\">\n\t\t\t\t\t\t\t<div class=\"elementor-spacer\">\n\t\t\t<div class=\"elementor-spacer-inner\"><\/div>\n\t\t<\/div>\n\t\t\t\t\t\t<\/div>\n\t\t\t\t<\/div>\n\t\t\t\t<div class=\"elementor-element elementor-element-9d84bd5 elementor-widget elementor-widget-heading\" data-id=\"9d84bd5\" data-element_type=\"widget\" data-widget_type=\"heading.default\">\n\t\t\t\t<div class=\"elementor-widget-container\">\n\t\t\t\t\t<h2 class=\"elementor-heading-title elementor-size-default\">Gulfstream G650 mieten \u2013 Nachhaltigkeit als Kernprinzip<\/h2>\t\t\t\t<\/div>\n\t\t\t\t<\/div>\n\t\t\t\t<div class=\"elementor-element elementor-element-8e109b4 elementor-widget elementor-widget-text-editor\" data-id=\"8e109b4\" data-element_type=\"widget\" data-widget_type=\"text-editor.default\">\n\t\t\t\t<div class=\"elementor-widget-container\">\n\t\t\t\t\t\t\t\t\t<p>Der Umweltschutz ist in den letzten Jahren zunehmend in den Mittelpunkt ger\u00fcckt, daher legt sowohl der Privatjet Gulfstream G650 als auch wir Wert auf . Ein Faktor hierbei ist die CO2 Kompensation, die Sie mit jedem Flug von uns und unserem Partner Climatepartner angeboten bekommen. Bei der Konstruktion und dem Betrieb dieses Jets wurde darauf geachtet, den CO2-Fu\u00dfabdruck zu minimieren. Fortschrittliche Technologien und Designs tragen dazu bei, dass der Kraftstoffverbrauch reduziert wird und die Gulfstream G650 zu den umweltfreundlichsten Jets ihrer Klasse geh\u00f6rt. Daher verwundert es wenig, dass die Gulfstream 650 bei Gesch\u00e4ftsleuten sowie Prominenten so beliebt ist. Schlie\u00dflich bedeutet es, eine Gulfstream 650 zu mieten, den Komfort, den Sie sich w\u00fcnschen mit der Effizienz und Nachhaltigkeit, die Sie ben\u00f6tigen, zu kombinieren.<\/p><p>Wir von <a href=\"https:\/\/pas.websitehelden.net\/de\/\">PASflight<\/a>s m\u00f6chten Ihnen ein einmaliges Erlebnis bieten und Ihren Flug so individuell und pers\u00f6nlich gestalten, wie Sie sich diesen vorstellen. Wenn Sie eine Gulfstream G650 bei uns mieten, profitieren Sie von unserem vielseitigen Serviceangeboten. Mit unserem beliebten <a href=\"https:\/\/pas.websitehelden.net\/de\/service\/vip-services\/\">VIP-Service<\/a> haben Sie beispielsweise die M\u00f6glichkeit, sich wie ein Star zu f\u00fchlen.<\/p><p>Kontaktieren Sie uns am besten noch heute und vereinbaren Sie mit uns, wann Sie Ihren Gulfstream G650 mieten wollen. Wir k\u00fcmmern uns im Anschluss um alles Weitere. Mit PASflights haben Sie immer einen zuverl\u00e4ssigen Partner an Ihrer Seite \u2013 unabh\u00e4ngig davon, wohin Ihre Reise geht.<\/p>\t\t\t\t\t\t\t\t<\/div>\n\t\t\t\t<\/div>\n\t\t\t\t\t<\/div>\n\t\t<\/div>\n\t\t\t\t\t<\/div>\n\t\t<\/section>\n\t\t\t\t<\/div>\n\t\t","protected":false},"excerpt":{"rendered":"<p>Gulfstream G650 mieten \u2013 Ihr Privatjet der ersten Wahl Entdecken Sie den Inbegriff von Luxus und Leistung in der Luftfahrt mit der Gulfstream G650 und mieten Sie diesen ultimativen Privatjet f\u00fcr anspruchsvolle Reisende. Lassen Sie sich von dem unvergleichlichen Komfort, der exquisiten Kabine sowie der beeindruckenden Reichweite und Geschwindigkeit begeistern. Ob als Gesch\u00e4ftskunde oder Freizeitreisender [&hellip;]<\/p>\n","protected":false},"author":5,"featured_media":1380,"parent":0,"menu_order":0,"comment_status":"closed","ping_status":"closed","template":"","meta":{"_acf_changed":false,"footnotes":""},"categories":[],"tags":[],"class_list":["post-13448","page","type-page","status-publish","has-post-thumbnail","hentry"],"acf":[],"yoast_head":"<!-- This site is optimized with the Yoast SEO plugin v27.4 - https:\/\/yoast.com\/product\/yoast-seo-wordpress\/ -->\n<title>Gulfstream G650 mieten und komfortabel fliegen<\/title>\n<meta name=\"description\" content=\"Wenn Sie eine Gulfstream G650 mieten, profitieren Sie von unserem einmaligen Service, der all Ihren Vorstellungen gerecht wird. Kontaktieren Sie uns!\" \/>\n<meta name=\"robots\" content=\"index, follow, max-snippet:-1, max-image-preview:large, max-video-preview:-1\" \/>\n<link rel=\"canonical\" href=\"https:\/\/pas.websitehelden.net\/de\/gulfstream-g650-mieten\/\" \/>\n<meta property=\"og:locale\" content=\"de_DE\" \/>\n<meta property=\"og:type\" content=\"article\" \/>\n<meta property=\"og:title\" content=\"Gulfstream G650 mieten und komfortabel fliegen\" \/>\n<meta property=\"og:description\" content=\"Wenn Sie eine Gulfstream G650 mieten, profitieren Sie von unserem einmaligen Service, der all Ihren Vorstellungen gerecht wird. Kontaktieren Sie uns!\" \/>\n<meta property=\"og:url\" content=\"https:\/\/pas.websitehelden.net\/de\/gulfstream-g650-mieten\/\" \/>\n<meta property=\"og:site_name\" content=\"Pasflights\" \/>\n<meta property=\"article:modified_time\" content=\"2024-01-29T15:17:33+00:00\" \/>\n<meta property=\"og:image\" content=\"https:\/\/er7k5njc6uc.exactdn.com\/wp-content\/uploads\/2021\/11\/Gulfstream-G650.jpg?strip=all&lossy=1&ssl=1\" \/>\n\t<meta property=\"og:image:width\" content=\"1240\" \/>\n\t<meta property=\"og:image:height\" content=\"1074\" \/>\n\t<meta property=\"og:image:type\" content=\"image\/jpeg\" \/>\n<meta name=\"twitter:card\" content=\"summary_large_image\" \/>\n<meta name=\"twitter:label1\" content=\"Gesch\u00e4tzte Lesezeit\" \/>\n\t<meta name=\"twitter:data1\" content=\"4\u00a0Minuten\" \/>\n<script type=\"application\/ld+json\" class=\"yoast-schema-graph\">{\"@context\":\"https:\\\/\\\/schema.org\",\"@graph\":[{\"@type\":\"WebPage\",\"@id\":\"https:\\\/\\\/pas.websitehelden.net\\\/de\\\/gulfstream-g650-mieten\\\/\",\"url\":\"https:\\\/\\\/pas.websitehelden.net\\\/de\\\/gulfstream-g650-mieten\\\/\",\"name\":\"Gulfstream G650 mieten und komfortabel fliegen\",\"isPartOf\":{\"@id\":\"https:\\\/\\\/pas.websitehelden.net\\\/de\\\/#website\"},\"primaryImageOfPage\":{\"@id\":\"https:\\\/\\\/pas.websitehelden.net\\\/de\\\/gulfstream-g650-mieten\\\/#primaryimage\"},\"image\":{\"@id\":\"https:\\\/\\\/pas.websitehelden.net\\\/de\\\/gulfstream-g650-mieten\\\/#primaryimage\"},\"thumbnailUrl\":\"https:\\\/\\\/er7k5njc6uc.exactdn.com\\\/wp-content\\\/uploads\\\/2021\\\/11\\\/Gulfstream-G650.jpg?strip=all&lossy=1&ssl=1\",\"datePublished\":\"2024-01-23T14:56:41+00:00\",\"dateModified\":\"2024-01-29T15:17:33+00:00\",\"description\":\"Wenn Sie eine Gulfstream G650 mieten, profitieren Sie von unserem einmaligen Service, der all Ihren Vorstellungen gerecht wird. Kontaktieren Sie uns!\",\"breadcrumb\":{\"@id\":\"https:\\\/\\\/pas.websitehelden.net\\\/de\\\/gulfstream-g650-mieten\\\/#breadcrumb\"},\"inLanguage\":\"de\",\"potentialAction\":[{\"@type\":\"ReadAction\",\"target\":[\"https:\\\/\\\/pas.websitehelden.net\\\/de\\\/gulfstream-g650-mieten\\\/\"]}]},{\"@type\":\"ImageObject\",\"inLanguage\":\"de\",\"@id\":\"https:\\\/\\\/pas.websitehelden.net\\\/de\\\/gulfstream-g650-mieten\\\/#primaryimage\",\"url\":\"https:\\\/\\\/er7k5njc6uc.exactdn.com\\\/wp-content\\\/uploads\\\/2021\\\/11\\\/Gulfstream-G650.jpg?strip=all&lossy=1&ssl=1\",\"contentUrl\":\"https:\\\/\\\/er7k5njc6uc.exactdn.com\\\/wp-content\\\/uploads\\\/2021\\\/11\\\/Gulfstream-G650.jpg?strip=all&lossy=1&ssl=1\",\"width\":1240,\"height\":1074},{\"@type\":\"BreadcrumbList\",\"@id\":\"https:\\\/\\\/pas.websitehelden.net\\\/de\\\/gulfstream-g650-mieten\\\/#breadcrumb\",\"itemListElement\":[{\"@type\":\"ListItem\",\"position\":1,\"name\":\"Startseite\",\"item\":\"https:\\\/\\\/pas.websitehelden.net\\\/de\\\/\"},{\"@type\":\"ListItem\",\"position\":2,\"name\":\"Gulfstream G650 mieten\"}]},{\"@type\":\"WebSite\",\"@id\":\"https:\\\/\\\/pas.websitehelden.net\\\/de\\\/#website\",\"url\":\"https:\\\/\\\/pas.websitehelden.net\\\/de\\\/\",\"name\":\"Pasflights\",\"description\":\"Eine weitere WordPress-Website\",\"potentialAction\":[{\"@type\":\"SearchAction\",\"target\":{\"@type\":\"EntryPoint\",\"urlTemplate\":\"https:\\\/\\\/pas.websitehelden.net\\\/de\\\/?s={search_term_string}\"},\"query-input\":{\"@type\":\"PropertyValueSpecification\",\"valueRequired\":true,\"valueName\":\"search_term_string\"}}],\"inLanguage\":\"de\"}]}<\/script>\n<!-- \/ Yoast SEO plugin. -->","yoast_head_json":{"title":"Gulfstream G650 mieten und komfortabel fliegen","description":"Wenn Sie eine Gulfstream G650 mieten, profitieren Sie von unserem einmaligen Service, der all Ihren Vorstellungen gerecht wird. Kontaktieren Sie uns!","robots":{"index":"index","follow":"follow","max-snippet":"max-snippet:-1","max-image-preview":"max-image-preview:large","max-video-preview":"max-video-preview:-1"},"canonical":"https:\/\/pas.websitehelden.net\/de\/gulfstream-g650-mieten\/","og_locale":"de_DE","og_type":"article","og_title":"Gulfstream G650 mieten und komfortabel fliegen","og_description":"Wenn Sie eine Gulfstream G650 mieten, profitieren Sie von unserem einmaligen Service, der all Ihren Vorstellungen gerecht wird. Kontaktieren Sie uns!","og_url":"https:\/\/pas.websitehelden.net\/de\/gulfstream-g650-mieten\/","og_site_name":"Pasflights","article_modified_time":"2024-01-29T15:17:33+00:00","og_image":[{"width":1240,"height":1074,"url":"https:\/\/er7k5njc6uc.exactdn.com\/wp-content\/uploads\/2021\/11\/Gulfstream-G650.jpg?strip=all&lossy=1&ssl=1","type":"image\/jpeg"}],"twitter_card":"summary_large_image","twitter_misc":{"Gesch\u00e4tzte Lesezeit":"4\u00a0Minuten"},"schema":{"@context":"https:\/\/schema.org","@graph":[{"@type":"WebPage","@id":"https:\/\/pas.websitehelden.net\/de\/gulfstream-g650-mieten\/","url":"https:\/\/pas.websitehelden.net\/de\/gulfstream-g650-mieten\/","name":"Gulfstream G650 mieten und komfortabel fliegen","isPartOf":{"@id":"https:\/\/pas.websitehelden.net\/de\/#website"},"primaryImageOfPage":{"@id":"https:\/\/pas.websitehelden.net\/de\/gulfstream-g650-mieten\/#primaryimage"},"image":{"@id":"https:\/\/pas.websitehelden.net\/de\/gulfstream-g650-mieten\/#primaryimage"},"thumbnailUrl":"https:\/\/er7k5njc6uc.exactdn.com\/wp-content\/uploads\/2021\/11\/Gulfstream-G650.jpg?strip=all&lossy=1&ssl=1","datePublished":"2024-01-23T14:56:41+00:00","dateModified":"2024-01-29T15:17:33+00:00","description":"Wenn Sie eine Gulfstream G650 mieten, profitieren Sie von unserem einmaligen Service, der all Ihren Vorstellungen gerecht wird. Kontaktieren Sie uns!","breadcrumb":{"@id":"https:\/\/pas.websitehelden.net\/de\/gulfstream-g650-mieten\/#breadcrumb"},"inLanguage":"de","potentialAction":[{"@type":"ReadAction","target":["https:\/\/pas.websitehelden.net\/de\/gulfstream-g650-mieten\/"]}]},{"@type":"ImageObject","inLanguage":"de","@id":"https:\/\/pas.websitehelden.net\/de\/gulfstream-g650-mieten\/#primaryimage","url":"https:\/\/er7k5njc6uc.exactdn.com\/wp-content\/uploads\/2021\/11\/Gulfstream-G650.jpg?strip=all&lossy=1&ssl=1","contentUrl":"https:\/\/er7k5njc6uc.exactdn.com\/wp-content\/uploads\/2021\/11\/Gulfstream-G650.jpg?strip=all&lossy=1&ssl=1","width":1240,"height":1074},{"@type":"BreadcrumbList","@id":"https:\/\/pas.websitehelden.net\/de\/gulfstream-g650-mieten\/#breadcrumb","itemListElement":[{"@type":"ListItem","position":1,"name":"Startseite","item":"https:\/\/pas.websitehelden.net\/de\/"},{"@type":"ListItem","position":2,"name":"Gulfstream G650 mieten"}]},{"@type":"WebSite","@id":"https:\/\/pas.websitehelden.net\/de\/#website","url":"https:\/\/pas.websitehelden.net\/de\/","name":"Pasflights","description":"Eine weitere WordPress-Website","potentialAction":[{"@type":"SearchAction","target":{"@type":"EntryPoint","urlTemplate":"https:\/\/pas.websitehelden.net\/de\/?s={search_term_string}"},"query-input":{"@type":"PropertyValueSpecification","valueRequired":true,"valueName":"search_term_string"}}],"inLanguage":"de"}]}},"_links":{"self":[{"href":"https:\/\/pas.websitehelden.net\/de\/wp-json\/wp\/v2\/pages\/13448","targetHints":{"allow":["GET"]}}],"collection":[{"href":"https:\/\/pas.websitehelden.net\/de\/wp-json\/wp\/v2\/pages"}],"about":[{"href":"https:\/\/pas.websitehelden.net\/de\/wp-json\/wp\/v2\/types\/page"}],"author":[{"embeddable":true,"href":"https:\/\/pas.websitehelden.net\/de\/wp-json\/wp\/v2\/users\/5"}],"replies":[{"embeddable":true,"href":"https:\/\/pas.websitehelden.net\/de\/wp-json\/wp\/v2\/comments?post=13448"}],"version-history":[{"count":0,"href":"https:\/\/pas.websitehelden.net\/de\/wp-json\/wp\/v2\/pages\/13448\/revisions"}],"wp:featuredmedia":[{"embeddable":true,"href":"https:\/\/pas.websitehelden.net\/de\/wp-json\/wp\/v2\/media\/1380"}],"wp:attachment":[{"href":"https:\/\/pas.websitehelden.net\/de\/wp-json\/wp\/v2\/media?parent=13448"}],"wp:term":[{"taxonomy":"category","embeddable":true,"href":"https:\/\/pas.websitehelden.net\/de\/wp-json\/wp\/v2\/categories?post=13448"},{"taxonomy":"post_tag","embeddable":true,"href":"https:\/\/pas.websitehelden.net\/de\/wp-json\/wp\/v2\/tags?post=13448"}],"curies":[{"name":"wp","href":"https:\/\/api.w.org\/{rel}","templated":true}]}}