{"id":13443,"date":"2024-01-23T15:19:50","date_gmt":"2024-01-23T14:19:50","guid":{"rendered":"https:\/\/www.pasflights.com\/?page_id=13443"},"modified":"2024-01-29T16:16:46","modified_gmt":"2024-01-29T15:16:46","slug":"pilatus-pc12-mieten","status":"publish","type":"page","link":"https:\/\/pas.websitehelden.net\/de\/pilatus-pc12-mieten\/","title":{"rendered":"Pilatus PC12 mieten"},"content":{"rendered":"\t\t<div data-elementor-type=\"wp-page\" data-elementor-id=\"13443\" class=\"elementor elementor-13443\" data-elementor-post-type=\"page\">\n\t\t\t\t\t\t<section class=\"elementor-section elementor-top-section elementor-element elementor-element-07fdb2c elementor-section-boxed elementor-section-height-default elementor-section-height-default\" data-id=\"07fdb2c\" data-element_type=\"section\">\n\t\t\t\t\t\t<div class=\"elementor-container elementor-column-gap-default\">\n\t\t\t\t\t<div class=\"elementor-column elementor-col-100 elementor-top-column elementor-element elementor-element-24d3321\" data-id=\"24d3321\" data-element_type=\"column\">\n\t\t\t<div class=\"elementor-widget-wrap elementor-element-populated\">\n\t\t\t\t\t\t<div class=\"elementor-element elementor-element-956d634 elementor-widget elementor-widget-heading\" data-id=\"956d634\" data-element_type=\"widget\" data-widget_type=\"heading.default\">\n\t\t\t\t<div class=\"elementor-widget-container\">\n\t\t\t\t\t<h1 class=\"elementor-heading-title elementor-size-default\">Pilatus PC12 mieten und entspannt reisen<\/h1>\t\t\t\t<\/div>\n\t\t\t\t<\/div>\n\t\t\t\t<div class=\"elementor-element elementor-element-f6ef574 elementor-widget elementor-widget-text-editor\" data-id=\"f6ef574\" data-element_type=\"widget\" data-widget_type=\"text-editor.default\">\n\t\t\t\t<div class=\"elementor-widget-container\">\n\t\t\t\t\t\t\t\t\t<p>M\u00f6chten Sie Ihre n\u00e4chste Flugreise in v\u00f6lliger Entspannung verbringen? Dann sollten Sie in Erw\u00e4gung ziehen, eine Pilatus PC12 zu mieten, um aus Ihrer Reiseerfahrung ein stilvolles Erlebnis zu machen. Dieses kleine, aber feine Flugzeug gestaltet jeden Flug so einfach und reibungslos wie m\u00f6glich und bietet jedem Reisenden eine unvergessliche Erfahrung. Deshalb ist die Pilatus PC12 eine \u00e4u\u00dferst beliebte Wahl f\u00fcr Gesch\u00e4ftsreisende, Urlauber und Jetsetter gleicherma\u00dfen.<\/p><p>Entdecken Sie mit PASflights die vielf\u00e4ltigen Vorz\u00fcge der Pilatus PC12 und erreichen Sie Ihr Ziel so bequem wie nie zuvor.<\/p>\t\t\t\t\t\t\t\t<\/div>\n\t\t\t\t<\/div>\n\t\t\t\t<div class=\"elementor-element elementor-element-010b164 elementor-widget elementor-widget-spacer\" data-id=\"010b164\" data-element_type=\"widget\" data-widget_type=\"spacer.default\">\n\t\t\t\t<div class=\"elementor-widget-container\">\n\t\t\t\t\t\t\t<div class=\"elementor-spacer\">\n\t\t\t<div class=\"elementor-spacer-inner\"><\/div>\n\t\t<\/div>\n\t\t\t\t\t\t<\/div>\n\t\t\t\t<\/div>\n\t\t\t\t<div class=\"elementor-element elementor-element-2fa808f elementor-widget elementor-widget-heading\" data-id=\"2fa808f\" data-element_type=\"widget\" data-widget_type=\"heading.default\">\n\t\t\t\t<div class=\"elementor-widget-container\">\n\t\t\t\t\t<h2 class=\"elementor-heading-title elementor-size-default\">Pilatus PC12 mieten und die Vielseitigkeit des Flugzeugs entdecken<\/h2>\t\t\t\t<\/div>\n\t\t\t\t<\/div>\n\t\t\t\t<div class=\"elementor-element elementor-element-e8310d9 elementor-widget elementor-widget-text-editor\" data-id=\"e8310d9\" data-element_type=\"widget\" data-widget_type=\"text-editor.default\">\n\t\t\t\t<div class=\"elementor-widget-container\">\n\t\t\t\t\t\t\t\t\t<p>In der Welt der Privatjets steht die Pilatus PC12 als Synonym f\u00fcr Luxus und Vielseitigkeit. Die etlichen Vorz\u00fcge der Pilatus PC12 ergeben sich aus ihren zahlreichen Anwendungsgebieten: Von Fracht \u00fcber Gesch\u00e4ftsreisen bis hin zum wohlverdienten Urlaub kann dieses Flugzeug alles abdecken.<\/p><p>Dieses einzigartige Flugzeug kombiniert bequemes Reisen mit au\u00dfergew\u00f6hnlicher Leistung und Zuverl\u00e4ssigkeit. Durch die im Vergleich zu vielen anderen Flugzeugen kleinere Gr\u00f6\u00dfe, kann die Pilatus PC12 auch auf k\u00fcrzeren und weniger guten Landebahnen operieren. Wenn Sie eine Pilatus PC12 mieten, k\u00f6nnen Sie Reiseziele ansteuern, die f\u00fcr gr\u00f6\u00dfere Jets unerreichbar bleiben. Dank dieser Flexibilit\u00e4t k\u00f6nnen Sie n\u00e4her an Ihrem endg\u00fcltigen Zielort landen, was Ihnen viel Zeit und Aufwand erspart.<\/p><p>Ihre fortschrittliche Avionik und das reaktionsschnelle Handling machen sie nicht nur zu einem der sichersten Flugzeuge ihrer Klasse, sondern auch zu einem Vergn\u00fcgen, in ihr zu reisen. W\u00e4hlen Sie die Pilatus PC12 f\u00fcr Ihre n\u00e4chste Reise und genie\u00dfen Sie eine unvergleichliche Kombination aus Komfort, Effizienz und Flexibilit\u00e4t.<\/p><p>Ob mit dem Privatjet nach Mykonos im Sommer oder Fl\u00fcge nach Lappland im Winter \u2013 wenn Sie bei <a href=\"https:\/\/pas.websitehelden.net\/de\/\">PASflights<\/a> die Pilatus PC12 mieten, steht Ihrer komfortablen Reise nichts mehr im Weg.<\/p>\t\t\t\t\t\t\t\t<\/div>\n\t\t\t\t<\/div>\n\t\t\t\t\t<\/div>\n\t\t<\/div>\n\t\t\t\t\t<\/div>\n\t\t<\/section>\n\t\t\t\t<section class=\"elementor-section elementor-top-section elementor-element elementor-element-e1e78c6 elementor-section-boxed elementor-section-height-default elementor-section-height-default\" data-id=\"e1e78c6\" data-element_type=\"section\">\n\t\t\t\t\t\t<div class=\"elementor-container elementor-column-gap-default\">\n\t\t\t\t\t<div class=\"elementor-column elementor-col-100 elementor-top-column elementor-element elementor-element-75230be\" data-id=\"75230be\" data-element_type=\"column\">\n\t\t\t<div class=\"elementor-widget-wrap elementor-element-populated\">\n\t\t\t\t\t\t<div class=\"elementor-element elementor-element-c3d4a98 elementor-widget elementor-widget-heading\" data-id=\"c3d4a98\" data-element_type=\"widget\" data-widget_type=\"heading.default\">\n\t\t\t\t<div class=\"elementor-widget-container\">\n\t\t\t\t\t<span class=\"elementor-heading-title elementor-size-default\">Kontakt<\/span>\t\t\t\t<\/div>\n\t\t\t\t<\/div>\n\t\t\t\t<div class=\"elementor-element elementor-element-6313e92 elementor-widget elementor-widget-heading\" data-id=\"6313e92\" data-element_type=\"widget\" data-widget_type=\"heading.default\">\n\t\t\t\t<div class=\"elementor-widget-container\">\n\t\t\t\t\t<h2 class=\"elementor-heading-title elementor-size-default\">Kontakt<\/h2>\t\t\t\t<\/div>\n\t\t\t\t<\/div>\n\t\t\t\t<section class=\"elementor-section elementor-inner-section elementor-element elementor-element-d7bb51b elementor-section-boxed elementor-section-height-default elementor-section-height-default\" data-id=\"d7bb51b\" data-element_type=\"section\" data-settings=\"{&quot;background_background&quot;:&quot;classic&quot;}\">\n\t\t\t\t\t\t<div class=\"elementor-container elementor-column-gap-default\">\n\t\t\t\t\t<div class=\"elementor-column elementor-col-50 elementor-inner-column elementor-element elementor-element-e2bd239\" data-id=\"e2bd239\" data-element_type=\"column\">\n\t\t\t<div class=\"elementor-widget-wrap\">\n\t\t\t\t\t\t\t<\/div>\n\t\t<\/div>\n\t\t\t\t<div class=\"elementor-column elementor-col-50 elementor-inner-column elementor-element elementor-element-274b839\" data-id=\"274b839\" data-element_type=\"column\" data-settings=\"{&quot;background_background&quot;:&quot;classic&quot;}\">\n\t\t\t<div class=\"elementor-widget-wrap elementor-element-populated\">\n\t\t\t\t\t\t<div class=\"elementor-element elementor-element-c7d040d elementor-widget elementor-widget-heading\" data-id=\"c7d040d\" data-element_type=\"widget\" data-widget_type=\"heading.default\">\n\t\t\t\t<div class=\"elementor-widget-container\">\n\t\t\t\t\t<h2 class=\"elementor-heading-title elementor-size-default\">SIE HABEN FRAGEN? WIR SIND F\u00dcR SIE DA \u2013 PER MAIL,<br \/> KONTAKTFORMULAR ODER PER TELEFON!<\/h2>\t\t\t\t<\/div>\n\t\t\t\t<\/div>\n\t\t\t\t<div class=\"elementor-element elementor-element-e63833f elementor-widget elementor-widget-heading\" data-id=\"e63833f\" data-element_type=\"widget\" data-widget_type=\"heading.default\">\n\t\t\t\t<div class=\"elementor-widget-container\">\n\t\t\t\t\t<span class=\"elementor-heading-title elementor-size-default\">24\/7 ist Ihr pers\u00f6nlicher Ansprechpartner f\u00fcr Sie da<\/span>\t\t\t\t<\/div>\n\t\t\t\t<\/div>\n\t\t\t\t<div class=\"elementor-element elementor-element-8f16335 elementor-align-start elementor-widget__width-auto elementor-icon-list--layout-traditional elementor-list-item-link-full_width elementor-widget elementor-widget-icon-list\" data-id=\"8f16335\" data-element_type=\"widget\" data-widget_type=\"icon-list.default\">\n\t\t\t\t<div class=\"elementor-widget-container\">\n\t\t\t\t\t\t\t<ul class=\"elementor-icon-list-items\">\n\t\t\t\t\t\t\t<li class=\"elementor-icon-list-item\">\n\t\t\t\t\t\t\t\t\t\t\t<a href=\"https:\/\/pas.websitehelden.net\/kontakt\/\">\n\n\t\t\t\t\t\t\t\t\t\t\t\t<span class=\"elementor-icon-list-icon\">\n\t\t\t\t\t\t\t<i aria-hidden=\"true\" class=\"fas fa-envelope\"><\/i>\t\t\t\t\t\t<\/span>\n\t\t\t\t\t\t\t\t\t\t<span class=\"elementor-icon-list-text\">info@pasflights.com<\/span>\n\t\t\t\t\t\t\t\t\t\t\t<\/a>\n\t\t\t\t\t\t\t\t\t<\/li>\n\t\t\t\t\t\t\t\t<li class=\"elementor-icon-list-item\">\n\t\t\t\t\t\t\t\t\t\t\t<a href=\"tel:+49%202204%2070606-0\">\n\n\t\t\t\t\t\t\t\t\t\t\t\t<span class=\"elementor-icon-list-icon\">\n\t\t\t\t\t\t\t<i aria-hidden=\"true\" class=\"fas fa-phone-alt\"><\/i>\t\t\t\t\t\t<\/span>\n\t\t\t\t\t\t\t\t\t\t<span class=\"elementor-icon-list-text\">+ 49 2204 70606-0<\/span>\n\t\t\t\t\t\t\t\t\t\t\t<\/a>\n\t\t\t\t\t\t\t\t\t<\/li>\n\t\t\t\t\t\t<\/ul>\n\t\t\t\t\t\t<\/div>\n\t\t\t\t<\/div>\n\t\t\t\t<div class=\"elementor-element elementor-element-2e9e5ff elementor-align-right pinkbuttonfull elementor-tablet-align-left elementor-mobile-align-justify elementor-widget elementor-widget-button\" data-id=\"2e9e5ff\" data-element_type=\"widget\" data-widget_type=\"button.default\">\n\t\t\t\t<div class=\"elementor-widget-container\">\n\t\t\t\t\t\t\t\t\t<div class=\"elementor-button-wrapper\">\n\t\t\t\t\t<a class=\"elementor-button elementor-button-link elementor-size-sm\" href=\"\/de\/kontakt\/\">\n\t\t\t\t\t\t<span class=\"elementor-button-content-wrapper\">\n\t\t\t\t\t\t\t\t\t<span class=\"elementor-button-text\">Jetzt Kontakt aufnehmen<\/span>\n\t\t\t\t\t<\/span>\n\t\t\t\t\t<\/a>\n\t\t\t\t<\/div>\n\t\t\t\t\t\t\t\t<\/div>\n\t\t\t\t<\/div>\n\t\t\t\t\t<\/div>\n\t\t<\/div>\n\t\t\t\t\t<\/div>\n\t\t<\/section>\n\t\t\t\t<div class=\"elementor-element elementor-element-5112624 elementor-widget elementor-widget-image\" data-id=\"5112624\" data-element_type=\"widget\" data-widget_type=\"image.default\">\n\t\t\t\t<div class=\"elementor-widget-container\">\n\t\t\t\t\t\t\t\t\t\t\t\t\t\t\t<img decoding=\"async\" src=\"https:\/\/er7k5njc6uc.exactdn.com\/wp-content\/uploads\/elementor\/thumbs\/privatjet-buchen_kontakt-rawwxlf5e5ptspptkdb8apcdi94cfpobtspz7qq45k.jpg?strip=all&lossy=1&w=800&ssl=1\" title=\"privatjet-buchen_kontakt\" alt=\"Contact\" loading=\"lazy\" \/>\t\t\t\t\t\t\t\t\t\t\t\t\t\t\t<\/div>\n\t\t\t\t<\/div>\n\t\t\t\t\t<\/div>\n\t\t<\/div>\n\t\t\t\t\t<\/div>\n\t\t<\/section>\n\t\t\t\t<section class=\"elementor-section elementor-top-section elementor-element elementor-element-fd2f83a elementor-section-boxed elementor-section-height-default elementor-section-height-default\" data-id=\"fd2f83a\" data-element_type=\"section\">\n\t\t\t\t\t\t<div class=\"elementor-container elementor-column-gap-default\">\n\t\t\t\t\t<div class=\"elementor-column elementor-col-100 elementor-top-column elementor-element elementor-element-aa8804f\" data-id=\"aa8804f\" data-element_type=\"column\">\n\t\t\t<div class=\"elementor-widget-wrap elementor-element-populated\">\n\t\t\t\t\t\t<div class=\"elementor-element elementor-element-a535c11 elementor-widget elementor-widget-heading\" data-id=\"a535c11\" data-element_type=\"widget\" data-widget_type=\"heading.default\">\n\t\t\t\t<div class=\"elementor-widget-container\">\n\t\t\t\t\t<h2 class=\"elementor-heading-title elementor-size-default\">Die Pilatus PC12 mieten und erstklassigen Komfort und Service erhalten<\/h2>\t\t\t\t<\/div>\n\t\t\t\t<\/div>\n\t\t\t\t<div class=\"elementor-element elementor-element-b370d72 elementor-widget elementor-widget-text-editor\" data-id=\"b370d72\" data-element_type=\"widget\" data-widget_type=\"text-editor.default\">\n\t\t\t\t<div class=\"elementor-widget-container\">\n\t\t\t\t\t\t\t\t\t<p>Hinsichtlich des Reisekomforts \u00fcberzeugt die Pilatus PC12 mit ihrem besonders modernen und komfortabel gestalteten Innenraum. Mit einladenden Sitzen, erstklassiger Innenausstattung und gro\u00dfz\u00fcgigem Platzangebot bietet dieser Privatjet ein unvergleichliches Reiseerlebnis f\u00fcr alle Passagiere. Die modernen Annehmlichkeiten an Bord sorgen f\u00fcr Entspannung und Komfort w\u00e4hrend des Fluges.<\/p><p>Wir von PASflights erm\u00f6glichen Ihnen sogar das <a href=\"https:\/\/pas.websitehelden.net\/service\/fliegen-mit-haustieren\/\">Fliegen mit Haustieren<\/a>. Wenn Sie die Pilatus PC12 mieten, finden Sie ausreichend Optionen, um die Reise f\u00fcr Ihre Haustiere so angenehm wie m\u00f6glich zu gestalten.<\/p><p>Wenn Sie bei PASflights die Pilatus PC12 mieten, ist die Kombination mit unserem erstklassigen <a href=\"https:\/\/pas.websitehelden.net\/de\/service\/\">Service<\/a> das i-T\u00fcpfelchen auf Ihrem Flugerlebnis. Wir k\u00fcmmern uns gerne um jeden Ihrer W\u00fcnsche und optimieren Ihr Reiseerlebnis beispielsweise zus\u00e4tzlich mit einem <a href=\"https:\/\/pas.websitehelden.net\/de\/service\/individuelles-catering\/\">individuellen Catering<\/a>.<\/p>\t\t\t\t\t\t\t\t<\/div>\n\t\t\t\t<\/div>\n\t\t\t\t<div class=\"elementor-element elementor-element-0e50e8b elementor-widget elementor-widget-spacer\" data-id=\"0e50e8b\" data-element_type=\"widget\" data-widget_type=\"spacer.default\">\n\t\t\t\t<div class=\"elementor-widget-container\">\n\t\t\t\t\t\t\t<div class=\"elementor-spacer\">\n\t\t\t<div class=\"elementor-spacer-inner\"><\/div>\n\t\t<\/div>\n\t\t\t\t\t\t<\/div>\n\t\t\t\t<\/div>\n\t\t\t\t<div class=\"elementor-element elementor-element-9d84bd5 elementor-widget elementor-widget-heading\" data-id=\"9d84bd5\" data-element_type=\"widget\" data-widget_type=\"heading.default\">\n\t\t\t\t<div class=\"elementor-widget-container\">\n\t\t\t\t\t<h2 class=\"elementor-heading-title elementor-size-default\">Mit der Pilatus PC12 stilvoll und effizient reisen<\/h2>\t\t\t\t<\/div>\n\t\t\t\t<\/div>\n\t\t\t\t<div class=\"elementor-element elementor-element-8e109b4 elementor-widget elementor-widget-text-editor\" data-id=\"8e109b4\" data-element_type=\"widget\" data-widget_type=\"text-editor.default\">\n\t\t\t\t<div class=\"elementor-widget-container\">\n\t\t\t\t\t\t\t\t\t<p>Als zus\u00e4tzlicher Pluspunkt dieses Flugzeugs sticht seine herausragende Effizienz hervor: Wenn Sie eine Pilatus PC12 mieten, erreichen Sie Ihr n\u00e4chstes Ziel in atemberaubender Geschwindigkeit. Gleichzeitig ist dieser Privatjet aufgrund seiner kleineren Gr\u00f6\u00dfe besonders energie- und treibstoffeffizient, was nicht nur die Umwelt schont, sondern auch die Betriebskosten senkt.<\/p><p>Auch bei PASflights wird Umweltschutz gro\u00dfgeschrieben, weshalb wir Sie gerne dabei unterst\u00fctzen, die Pilatus PC12 zu mieten und gleichzeitig Ein gro\u00dfer Vorteil f\u00fcr Sie ist dabei die CO2 Kompensation, die wir f\u00fcr jeden Flug mit unserem Partner Climatepartner anbieten. Dieses Modell ist umweltfreundlicher ist als die meisten gr\u00f6\u00dferen Jets und tr\u00e4gt somit auch zu weniger Treibstoffverbrauch bei.<\/p><p>Ob Sie gesch\u00e4ftlich oder privat verreisen \u2013 Sie k\u00f6nnen jederzeit eine Pilatus PC12 mieten und eine erstklassige Erfahrung genie\u00dfen. Mit PASflights erreichen Sie Ihr Reiseziel immer sicher und bequem.<\/p><p>\u00a0<\/p><p>\u00a0<\/p>\t\t\t\t\t\t\t\t<\/div>\n\t\t\t\t<\/div>\n\t\t\t\t\t<\/div>\n\t\t<\/div>\n\t\t\t\t\t<\/div>\n\t\t<\/section>\n\t\t\t\t<\/div>\n\t\t","protected":false},"excerpt":{"rendered":"<p>Pilatus PC12 mieten und entspannt reisen M\u00f6chten Sie Ihre n\u00e4chste Flugreise in v\u00f6lliger Entspannung verbringen? Dann sollten Sie in Erw\u00e4gung ziehen, eine Pilatus PC12 zu mieten, um aus Ihrer Reiseerfahrung ein stilvolles Erlebnis zu machen. Dieses kleine, aber feine Flugzeug gestaltet jeden Flug so einfach und reibungslos wie m\u00f6glich und bietet jedem Reisenden eine unvergessliche [&hellip;]<\/p>\n","protected":false},"author":5,"featured_media":3273,"parent":0,"menu_order":0,"comment_status":"closed","ping_status":"closed","template":"","meta":{"_acf_changed":false,"footnotes":""},"categories":[],"tags":[],"class_list":["post-13443","page","type-page","status-publish","has-post-thumbnail","hentry"],"acf":[],"yoast_head":"<!-- This site is optimized with the Yoast SEO plugin v27.4 - https:\/\/yoast.com\/product\/yoast-seo-wordpress\/ -->\n<title>Pilatus PC12: Schnell, modern und stilvoll reisen<\/title>\n<meta name=\"description\" content=\"Wollen Sie Stil, Effizienz und Komfort in einem Flugzeug vorfinden? Dann k\u00f6nnen Sie den Pilatus PC12 mieten und entspannter denn je \u00fcber den Wolken gleiten.\" \/>\n<meta name=\"robots\" content=\"index, follow, max-snippet:-1, max-image-preview:large, max-video-preview:-1\" \/>\n<link rel=\"canonical\" href=\"https:\/\/pas.websitehelden.net\/de\/pilatus-pc12-mieten\/\" \/>\n<meta property=\"og:locale\" content=\"de_DE\" \/>\n<meta property=\"og:type\" content=\"article\" \/>\n<meta property=\"og:title\" content=\"Pilatus PC12: Schnell, modern und stilvoll reisen\" \/>\n<meta property=\"og:description\" content=\"Wollen Sie Stil, Effizienz und Komfort in einem Flugzeug vorfinden? Dann k\u00f6nnen Sie den Pilatus PC12 mieten und entspannter denn je \u00fcber den Wolken gleiten.\" \/>\n<meta property=\"og:url\" content=\"https:\/\/pas.websitehelden.net\/de\/pilatus-pc12-mieten\/\" \/>\n<meta property=\"og:site_name\" content=\"Pasflights\" \/>\n<meta property=\"article:modified_time\" content=\"2024-01-29T15:16:46+00:00\" \/>\n<meta property=\"og:image\" content=\"https:\/\/er7k5njc6uc.exactdn.com\/wp-content\/uploads\/2021\/12\/Pilatus-pc12-03.jpg?strip=all&lossy=1&ssl=1\" \/>\n\t<meta property=\"og:image:width\" content=\"1270\" \/>\n\t<meta property=\"og:image:height\" content=\"1088\" \/>\n\t<meta property=\"og:image:type\" content=\"image\/jpeg\" \/>\n<meta name=\"twitter:card\" content=\"summary_large_image\" \/>\n<meta name=\"twitter:label1\" content=\"Gesch\u00e4tzte Lesezeit\" \/>\n\t<meta name=\"twitter:data1\" content=\"4\u00a0Minuten\" \/>\n<script type=\"application\/ld+json\" class=\"yoast-schema-graph\">{\"@context\":\"https:\\\/\\\/schema.org\",\"@graph\":[{\"@type\":\"WebPage\",\"@id\":\"https:\\\/\\\/pas.websitehelden.net\\\/de\\\/pilatus-pc12-mieten\\\/\",\"url\":\"https:\\\/\\\/pas.websitehelden.net\\\/de\\\/pilatus-pc12-mieten\\\/\",\"name\":\"Pilatus PC12: Schnell, modern und stilvoll reisen\",\"isPartOf\":{\"@id\":\"https:\\\/\\\/pas.websitehelden.net\\\/de\\\/#website\"},\"primaryImageOfPage\":{\"@id\":\"https:\\\/\\\/pas.websitehelden.net\\\/de\\\/pilatus-pc12-mieten\\\/#primaryimage\"},\"image\":{\"@id\":\"https:\\\/\\\/pas.websitehelden.net\\\/de\\\/pilatus-pc12-mieten\\\/#primaryimage\"},\"thumbnailUrl\":\"https:\\\/\\\/er7k5njc6uc.exactdn.com\\\/wp-content\\\/uploads\\\/2021\\\/12\\\/Pilatus-pc12-03.jpg?strip=all&lossy=1&ssl=1\",\"datePublished\":\"2024-01-23T14:19:50+00:00\",\"dateModified\":\"2024-01-29T15:16:46+00:00\",\"description\":\"Wollen Sie Stil, Effizienz und Komfort in einem Flugzeug vorfinden? Dann k\u00f6nnen Sie den Pilatus PC12 mieten und entspannter denn je \u00fcber den Wolken gleiten.\",\"breadcrumb\":{\"@id\":\"https:\\\/\\\/pas.websitehelden.net\\\/de\\\/pilatus-pc12-mieten\\\/#breadcrumb\"},\"inLanguage\":\"de\",\"potentialAction\":[{\"@type\":\"ReadAction\",\"target\":[\"https:\\\/\\\/pas.websitehelden.net\\\/de\\\/pilatus-pc12-mieten\\\/\"]}]},{\"@type\":\"ImageObject\",\"inLanguage\":\"de\",\"@id\":\"https:\\\/\\\/pas.websitehelden.net\\\/de\\\/pilatus-pc12-mieten\\\/#primaryimage\",\"url\":\"https:\\\/\\\/er7k5njc6uc.exactdn.com\\\/wp-content\\\/uploads\\\/2021\\\/12\\\/Pilatus-pc12-03.jpg?strip=all&lossy=1&ssl=1\",\"contentUrl\":\"https:\\\/\\\/er7k5njc6uc.exactdn.com\\\/wp-content\\\/uploads\\\/2021\\\/12\\\/Pilatus-pc12-03.jpg?strip=all&lossy=1&ssl=1\",\"width\":1270,\"height\":1088},{\"@type\":\"BreadcrumbList\",\"@id\":\"https:\\\/\\\/pas.websitehelden.net\\\/de\\\/pilatus-pc12-mieten\\\/#breadcrumb\",\"itemListElement\":[{\"@type\":\"ListItem\",\"position\":1,\"name\":\"Startseite\",\"item\":\"https:\\\/\\\/pas.websitehelden.net\\\/de\\\/\"},{\"@type\":\"ListItem\",\"position\":2,\"name\":\"Pilatus PC12 mieten\"}]},{\"@type\":\"WebSite\",\"@id\":\"https:\\\/\\\/pas.websitehelden.net\\\/de\\\/#website\",\"url\":\"https:\\\/\\\/pas.websitehelden.net\\\/de\\\/\",\"name\":\"Pasflights\",\"description\":\"Eine weitere WordPress-Website\",\"potentialAction\":[{\"@type\":\"SearchAction\",\"target\":{\"@type\":\"EntryPoint\",\"urlTemplate\":\"https:\\\/\\\/pas.websitehelden.net\\\/de\\\/?s={search_term_string}\"},\"query-input\":{\"@type\":\"PropertyValueSpecification\",\"valueRequired\":true,\"valueName\":\"search_term_string\"}}],\"inLanguage\":\"de\"}]}<\/script>\n<!-- \/ Yoast SEO plugin. -->","yoast_head_json":{"title":"Pilatus PC12: Schnell, modern und stilvoll reisen","description":"Wollen Sie Stil, Effizienz und Komfort in einem Flugzeug vorfinden? Dann k\u00f6nnen Sie den Pilatus PC12 mieten und entspannter denn je \u00fcber den Wolken gleiten.","robots":{"index":"index","follow":"follow","max-snippet":"max-snippet:-1","max-image-preview":"max-image-preview:large","max-video-preview":"max-video-preview:-1"},"canonical":"https:\/\/pas.websitehelden.net\/de\/pilatus-pc12-mieten\/","og_locale":"de_DE","og_type":"article","og_title":"Pilatus PC12: Schnell, modern und stilvoll reisen","og_description":"Wollen Sie Stil, Effizienz und Komfort in einem Flugzeug vorfinden? Dann k\u00f6nnen Sie den Pilatus PC12 mieten und entspannter denn je \u00fcber den Wolken gleiten.","og_url":"https:\/\/pas.websitehelden.net\/de\/pilatus-pc12-mieten\/","og_site_name":"Pasflights","article_modified_time":"2024-01-29T15:16:46+00:00","og_image":[{"width":1270,"height":1088,"url":"https:\/\/er7k5njc6uc.exactdn.com\/wp-content\/uploads\/2021\/12\/Pilatus-pc12-03.jpg?strip=all&lossy=1&ssl=1","type":"image\/jpeg"}],"twitter_card":"summary_large_image","twitter_misc":{"Gesch\u00e4tzte Lesezeit":"4\u00a0Minuten"},"schema":{"@context":"https:\/\/schema.org","@graph":[{"@type":"WebPage","@id":"https:\/\/pas.websitehelden.net\/de\/pilatus-pc12-mieten\/","url":"https:\/\/pas.websitehelden.net\/de\/pilatus-pc12-mieten\/","name":"Pilatus PC12: Schnell, modern und stilvoll reisen","isPartOf":{"@id":"https:\/\/pas.websitehelden.net\/de\/#website"},"primaryImageOfPage":{"@id":"https:\/\/pas.websitehelden.net\/de\/pilatus-pc12-mieten\/#primaryimage"},"image":{"@id":"https:\/\/pas.websitehelden.net\/de\/pilatus-pc12-mieten\/#primaryimage"},"thumbnailUrl":"https:\/\/er7k5njc6uc.exactdn.com\/wp-content\/uploads\/2021\/12\/Pilatus-pc12-03.jpg?strip=all&lossy=1&ssl=1","datePublished":"2024-01-23T14:19:50+00:00","dateModified":"2024-01-29T15:16:46+00:00","description":"Wollen Sie Stil, Effizienz und Komfort in einem Flugzeug vorfinden? Dann k\u00f6nnen Sie den Pilatus PC12 mieten und entspannter denn je \u00fcber den Wolken gleiten.","breadcrumb":{"@id":"https:\/\/pas.websitehelden.net\/de\/pilatus-pc12-mieten\/#breadcrumb"},"inLanguage":"de","potentialAction":[{"@type":"ReadAction","target":["https:\/\/pas.websitehelden.net\/de\/pilatus-pc12-mieten\/"]}]},{"@type":"ImageObject","inLanguage":"de","@id":"https:\/\/pas.websitehelden.net\/de\/pilatus-pc12-mieten\/#primaryimage","url":"https:\/\/er7k5njc6uc.exactdn.com\/wp-content\/uploads\/2021\/12\/Pilatus-pc12-03.jpg?strip=all&lossy=1&ssl=1","contentUrl":"https:\/\/er7k5njc6uc.exactdn.com\/wp-content\/uploads\/2021\/12\/Pilatus-pc12-03.jpg?strip=all&lossy=1&ssl=1","width":1270,"height":1088},{"@type":"BreadcrumbList","@id":"https:\/\/pas.websitehelden.net\/de\/pilatus-pc12-mieten\/#breadcrumb","itemListElement":[{"@type":"ListItem","position":1,"name":"Startseite","item":"https:\/\/pas.websitehelden.net\/de\/"},{"@type":"ListItem","position":2,"name":"Pilatus PC12 mieten"}]},{"@type":"WebSite","@id":"https:\/\/pas.websitehelden.net\/de\/#website","url":"https:\/\/pas.websitehelden.net\/de\/","name":"Pasflights","description":"Eine weitere WordPress-Website","potentialAction":[{"@type":"SearchAction","target":{"@type":"EntryPoint","urlTemplate":"https:\/\/pas.websitehelden.net\/de\/?s={search_term_string}"},"query-input":{"@type":"PropertyValueSpecification","valueRequired":true,"valueName":"search_term_string"}}],"inLanguage":"de"}]}},"_links":{"self":[{"href":"https:\/\/pas.websitehelden.net\/de\/wp-json\/wp\/v2\/pages\/13443","targetHints":{"allow":["GET"]}}],"collection":[{"href":"https:\/\/pas.websitehelden.net\/de\/wp-json\/wp\/v2\/pages"}],"about":[{"href":"https:\/\/pas.websitehelden.net\/de\/wp-json\/wp\/v2\/types\/page"}],"author":[{"embeddable":true,"href":"https:\/\/pas.websitehelden.net\/de\/wp-json\/wp\/v2\/users\/5"}],"replies":[{"embeddable":true,"href":"https:\/\/pas.websitehelden.net\/de\/wp-json\/wp\/v2\/comments?post=13443"}],"version-history":[{"count":0,"href":"https:\/\/pas.websitehelden.net\/de\/wp-json\/wp\/v2\/pages\/13443\/revisions"}],"wp:featuredmedia":[{"embeddable":true,"href":"https:\/\/pas.websitehelden.net\/de\/wp-json\/wp\/v2\/media\/3273"}],"wp:attachment":[{"href":"https:\/\/pas.websitehelden.net\/de\/wp-json\/wp\/v2\/media?parent=13443"}],"wp:term":[{"taxonomy":"category","embeddable":true,"href":"https:\/\/pas.websitehelden.net\/de\/wp-json\/wp\/v2\/categories?post=13443"},{"taxonomy":"post_tag","embeddable":true,"href":"https:\/\/pas.websitehelden.net\/de\/wp-json\/wp\/v2\/tags?post=13443"}],"curies":[{"name":"wp","href":"https:\/\/api.w.org\/{rel}","templated":true}]}}