{"id":13435,"date":"2024-01-23T14:52:50","date_gmt":"2024-01-23T13:52:50","guid":{"rendered":"https:\/\/www.pasflights.com\/?page_id=13435"},"modified":"2024-01-29T16:19:01","modified_gmt":"2024-01-29T15:19:01","slug":"gulfstream-g550-mieten","status":"publish","type":"page","link":"https:\/\/pas.websitehelden.net\/de\/gulfstream-g550-mieten\/","title":{"rendered":"Gulfstream G550 mieten"},"content":{"rendered":"\t\t<div data-elementor-type=\"wp-page\" data-elementor-id=\"13435\" class=\"elementor elementor-13435\" data-elementor-post-type=\"page\">\n\t\t\t\t\t\t<section class=\"elementor-section elementor-top-section elementor-element elementor-element-07fdb2c elementor-section-boxed elementor-section-height-default elementor-section-height-default\" data-id=\"07fdb2c\" data-element_type=\"section\">\n\t\t\t\t\t\t<div class=\"elementor-container elementor-column-gap-default\">\n\t\t\t\t\t<div class=\"elementor-column elementor-col-100 elementor-top-column elementor-element elementor-element-24d3321\" data-id=\"24d3321\" data-element_type=\"column\">\n\t\t\t<div class=\"elementor-widget-wrap elementor-element-populated\">\n\t\t\t\t\t\t<div class=\"elementor-element elementor-element-956d634 elementor-widget elementor-widget-heading\" data-id=\"956d634\" data-element_type=\"widget\" data-widget_type=\"heading.default\">\n\t\t\t\t<div class=\"elementor-widget-container\">\n\t\t\t\t\t<h1 class=\"elementor-heading-title elementor-size-default\">Gulfstream G550 mieten und neue H\u00f6hen entdecken<\/h1>\t\t\t\t<\/div>\n\t\t\t\t<\/div>\n\t\t\t\t<div class=\"elementor-element elementor-element-f6ef574 elementor-widget elementor-widget-text-editor\" data-id=\"f6ef574\" data-element_type=\"widget\" data-widget_type=\"text-editor.default\">\n\t\t\t\t<div class=\"elementor-widget-container\">\n\t\t\t\t\t\t\t\t\t<p>Wenn Sie nach h\u00f6chstem Komfort und unvergleichlicher Leistung auf Ihrer Gesch\u00e4fts- oder Urlaubsreise suchen, sollten Sie die Gulfstream G550 mieten. Unabh\u00e4ngig davon, wohin die Reise gehen soll und egal, ob Sie allein oder mit Ihren Liebsten fliegen wollen: In der Gulfstream G550 ist gen\u00fcgend Platz f\u00fcr Passagiere und all ihre W\u00fcnsche.<\/p>\t\t\t\t\t\t\t\t<\/div>\n\t\t\t\t<\/div>\n\t\t\t\t<div class=\"elementor-element elementor-element-010b164 elementor-widget elementor-widget-spacer\" data-id=\"010b164\" data-element_type=\"widget\" data-widget_type=\"spacer.default\">\n\t\t\t\t<div class=\"elementor-widget-container\">\n\t\t\t\t\t\t\t<div class=\"elementor-spacer\">\n\t\t\t<div class=\"elementor-spacer-inner\"><\/div>\n\t\t<\/div>\n\t\t\t\t\t\t<\/div>\n\t\t\t\t<\/div>\n\t\t\t\t<div class=\"elementor-element elementor-element-2fa808f elementor-widget elementor-widget-heading\" data-id=\"2fa808f\" data-element_type=\"widget\" data-widget_type=\"heading.default\">\n\t\t\t\t<div class=\"elementor-widget-container\">\n\t\t\t\t\t<h2 class=\"elementor-heading-title elementor-size-default\">Gulfstream G550 mieten und h\u00f6chsten Komfort erleben<\/h2>\t\t\t\t<\/div>\n\t\t\t\t<\/div>\n\t\t\t\t<div class=\"elementor-element elementor-element-e8310d9 elementor-widget elementor-widget-text-editor\" data-id=\"e8310d9\" data-element_type=\"widget\" data-widget_type=\"text-editor.default\">\n\t\t\t\t<div class=\"elementor-widget-container\">\n\t\t\t\t\t\t\t\t\t<p>Wenn Sie Reisekomfort auf ganz neuem Niveau suchen, empfehlen wir, den Gulfstream G550-Jet zu mieten. Zweifellos einer der Hauptgr\u00fcnde, warum Reisende auf der ganzen Welt dieses Flugzeug bevorzugen, ist seine ger\u00e4umige Kabine, die sowohl ausreichend Platz, als auch eine einladende Ausstattung bietet, die den anspruchsvollsten Anforderungen der Reisenden gerecht wird und auf h\u00f6chsten Komfort ausgerichtet ist. Bequeme Sitze laden zum Entspannen ein, w\u00e4hrend eine voll ausgestattete Bord-K\u00fcche und ein <a href=\"https:\/\/pas.websitehelden.net\/de\/service\/individuelles-catering\/\">individuelles Catering<\/a> die M\u00f6glichkeit bieten, verschiedenste kulinarische W\u00fcnsche w\u00e4hrend des Fluges zu erf\u00fcllen.<\/p>\t\t\t\t\t\t\t\t<\/div>\n\t\t\t\t<\/div>\n\t\t\t\t<div class=\"elementor-element elementor-element-af5ec00 elementor-widget elementor-widget-text-editor\" data-id=\"af5ec00\" data-element_type=\"widget\" data-widget_type=\"text-editor.default\">\n\t\t\t\t<div class=\"elementor-widget-container\">\n\t\t\t\t\t\t\t\t\t<p>Mit dem reichen Unterhaltungsangebot des Gulfstream G550-Jets mieten Sie zus\u00e4tzlich unseren erstklassigen <a href=\"https:\/\/pas.websitehelden.net\/de\/service\/\">Service<\/a>. So wird Ihnen und Ihren Mitreisenden h\u00f6chster Komfort geboten und Sie k\u00f6nnen sich entspannt zur\u00fccklehnen.<\/p><p>Unabh\u00e4ngig davon, wohin Ihre Reise geht: Wenn Sie die Gulfstream G550 mieten, erleben Sie alle Annehmlichkeiten eines exklusiven Privatjets.<\/p>\t\t\t\t\t\t\t\t<\/div>\n\t\t\t\t<\/div>\n\t\t\t\t\t<\/div>\n\t\t<\/div>\n\t\t\t\t\t<\/div>\n\t\t<\/section>\n\t\t\t\t<section class=\"elementor-section elementor-top-section elementor-element elementor-element-e1e78c6 elementor-section-boxed elementor-section-height-default elementor-section-height-default\" data-id=\"e1e78c6\" data-element_type=\"section\">\n\t\t\t\t\t\t<div class=\"elementor-container elementor-column-gap-default\">\n\t\t\t\t\t<div class=\"elementor-column elementor-col-100 elementor-top-column elementor-element elementor-element-75230be\" data-id=\"75230be\" data-element_type=\"column\">\n\t\t\t<div class=\"elementor-widget-wrap elementor-element-populated\">\n\t\t\t\t\t\t<div class=\"elementor-element elementor-element-c3d4a98 elementor-widget elementor-widget-heading\" data-id=\"c3d4a98\" data-element_type=\"widget\" data-widget_type=\"heading.default\">\n\t\t\t\t<div class=\"elementor-widget-container\">\n\t\t\t\t\t<span class=\"elementor-heading-title elementor-size-default\">Kontakt<\/span>\t\t\t\t<\/div>\n\t\t\t\t<\/div>\n\t\t\t\t<div class=\"elementor-element elementor-element-6313e92 elementor-widget elementor-widget-heading\" data-id=\"6313e92\" data-element_type=\"widget\" data-widget_type=\"heading.default\">\n\t\t\t\t<div class=\"elementor-widget-container\">\n\t\t\t\t\t<h2 class=\"elementor-heading-title elementor-size-default\">Kontakt<\/h2>\t\t\t\t<\/div>\n\t\t\t\t<\/div>\n\t\t\t\t<section class=\"elementor-section elementor-inner-section elementor-element elementor-element-d7bb51b elementor-section-boxed elementor-section-height-default elementor-section-height-default\" data-id=\"d7bb51b\" data-element_type=\"section\" data-settings=\"{&quot;background_background&quot;:&quot;classic&quot;}\">\n\t\t\t\t\t\t<div class=\"elementor-container elementor-column-gap-default\">\n\t\t\t\t\t<div class=\"elementor-column elementor-col-50 elementor-inner-column elementor-element elementor-element-e2bd239\" data-id=\"e2bd239\" data-element_type=\"column\">\n\t\t\t<div class=\"elementor-widget-wrap\">\n\t\t\t\t\t\t\t<\/div>\n\t\t<\/div>\n\t\t\t\t<div class=\"elementor-column elementor-col-50 elementor-inner-column elementor-element elementor-element-274b839\" data-id=\"274b839\" data-element_type=\"column\" data-settings=\"{&quot;background_background&quot;:&quot;classic&quot;}\">\n\t\t\t<div class=\"elementor-widget-wrap elementor-element-populated\">\n\t\t\t\t\t\t<div class=\"elementor-element elementor-element-c7d040d elementor-widget elementor-widget-heading\" data-id=\"c7d040d\" data-element_type=\"widget\" data-widget_type=\"heading.default\">\n\t\t\t\t<div class=\"elementor-widget-container\">\n\t\t\t\t\t<h2 class=\"elementor-heading-title elementor-size-default\">SIE HABEN FRAGEN? WIR SIND F\u00dcR SIE DA \u2013 PER MAIL,<br \/> KONTAKTFORMULAR ODER PER TELEFON!<\/h2>\t\t\t\t<\/div>\n\t\t\t\t<\/div>\n\t\t\t\t<div class=\"elementor-element elementor-element-e63833f elementor-widget elementor-widget-heading\" data-id=\"e63833f\" data-element_type=\"widget\" data-widget_type=\"heading.default\">\n\t\t\t\t<div class=\"elementor-widget-container\">\n\t\t\t\t\t<span class=\"elementor-heading-title elementor-size-default\">24\/7 ist Ihr pers\u00f6nlicher Ansprechpartner f\u00fcr Sie da<\/span>\t\t\t\t<\/div>\n\t\t\t\t<\/div>\n\t\t\t\t<div class=\"elementor-element elementor-element-8f16335 elementor-align-start elementor-widget__width-auto elementor-icon-list--layout-traditional elementor-list-item-link-full_width elementor-widget elementor-widget-icon-list\" data-id=\"8f16335\" data-element_type=\"widget\" data-widget_type=\"icon-list.default\">\n\t\t\t\t<div class=\"elementor-widget-container\">\n\t\t\t\t\t\t\t<ul class=\"elementor-icon-list-items\">\n\t\t\t\t\t\t\t<li class=\"elementor-icon-list-item\">\n\t\t\t\t\t\t\t\t\t\t\t<a href=\"https:\/\/pas.websitehelden.net\/kontakt\/\">\n\n\t\t\t\t\t\t\t\t\t\t\t\t<span class=\"elementor-icon-list-icon\">\n\t\t\t\t\t\t\t<i aria-hidden=\"true\" class=\"fas fa-envelope\"><\/i>\t\t\t\t\t\t<\/span>\n\t\t\t\t\t\t\t\t\t\t<span class=\"elementor-icon-list-text\">info@pasflights.com<\/span>\n\t\t\t\t\t\t\t\t\t\t\t<\/a>\n\t\t\t\t\t\t\t\t\t<\/li>\n\t\t\t\t\t\t\t\t<li class=\"elementor-icon-list-item\">\n\t\t\t\t\t\t\t\t\t\t\t<a href=\"tel:+49%202204%2070606-0\">\n\n\t\t\t\t\t\t\t\t\t\t\t\t<span class=\"elementor-icon-list-icon\">\n\t\t\t\t\t\t\t<i aria-hidden=\"true\" class=\"fas fa-phone-alt\"><\/i>\t\t\t\t\t\t<\/span>\n\t\t\t\t\t\t\t\t\t\t<span class=\"elementor-icon-list-text\">+ 49 2204 70606-0<\/span>\n\t\t\t\t\t\t\t\t\t\t\t<\/a>\n\t\t\t\t\t\t\t\t\t<\/li>\n\t\t\t\t\t\t<\/ul>\n\t\t\t\t\t\t<\/div>\n\t\t\t\t<\/div>\n\t\t\t\t<div class=\"elementor-element elementor-element-2e9e5ff elementor-align-right pinkbuttonfull elementor-tablet-align-left elementor-mobile-align-justify elementor-widget elementor-widget-button\" data-id=\"2e9e5ff\" data-element_type=\"widget\" data-widget_type=\"button.default\">\n\t\t\t\t<div class=\"elementor-widget-container\">\n\t\t\t\t\t\t\t\t\t<div class=\"elementor-button-wrapper\">\n\t\t\t\t\t<a class=\"elementor-button elementor-button-link elementor-size-sm\" href=\"\/de\/kontakt\/\">\n\t\t\t\t\t\t<span class=\"elementor-button-content-wrapper\">\n\t\t\t\t\t\t\t\t\t<span class=\"elementor-button-text\">Jetzt Kontakt aufnehmen<\/span>\n\t\t\t\t\t<\/span>\n\t\t\t\t\t<\/a>\n\t\t\t\t<\/div>\n\t\t\t\t\t\t\t\t<\/div>\n\t\t\t\t<\/div>\n\t\t\t\t\t<\/div>\n\t\t<\/div>\n\t\t\t\t\t<\/div>\n\t\t<\/section>\n\t\t\t\t<div class=\"elementor-element elementor-element-5112624 elementor-widget elementor-widget-image\" data-id=\"5112624\" data-element_type=\"widget\" data-widget_type=\"image.default\">\n\t\t\t\t<div class=\"elementor-widget-container\">\n\t\t\t\t\t\t\t\t\t\t\t\t\t\t\t<img decoding=\"async\" src=\"https:\/\/er7k5njc6uc.exactdn.com\/wp-content\/uploads\/elementor\/thumbs\/privatjet-buchen_kontakt-rawwxlf5e5ptspptkdb8apcdi94cfpobtspz7qq45k.jpg?strip=all&lossy=1&w=800&ssl=1\" title=\"privatjet-buchen_kontakt\" alt=\"Contact\" loading=\"lazy\" \/>\t\t\t\t\t\t\t\t\t\t\t\t\t\t\t<\/div>\n\t\t\t\t<\/div>\n\t\t\t\t\t<\/div>\n\t\t<\/div>\n\t\t\t\t\t<\/div>\n\t\t<\/section>\n\t\t\t\t<section class=\"elementor-section elementor-top-section elementor-element elementor-element-fd2f83a elementor-section-boxed elementor-section-height-default elementor-section-height-default\" data-id=\"fd2f83a\" data-element_type=\"section\">\n\t\t\t\t\t\t<div class=\"elementor-container elementor-column-gap-default\">\n\t\t\t\t\t<div class=\"elementor-column elementor-col-100 elementor-top-column elementor-element elementor-element-aa8804f\" data-id=\"aa8804f\" data-element_type=\"column\">\n\t\t\t<div class=\"elementor-widget-wrap elementor-element-populated\">\n\t\t\t\t\t\t<div class=\"elementor-element elementor-element-a535c11 elementor-widget elementor-widget-heading\" data-id=\"a535c11\" data-element_type=\"widget\" data-widget_type=\"heading.default\">\n\t\t\t\t<div class=\"elementor-widget-container\">\n\t\t\t\t\t<h2 class=\"elementor-heading-title elementor-size-default\">Gulfstream G550 mieten und die Welt erkunden<\/h2>\t\t\t\t<\/div>\n\t\t\t\t<\/div>\n\t\t\t\t<div class=\"elementor-element elementor-element-b370d72 elementor-widget elementor-widget-text-editor\" data-id=\"b370d72\" data-element_type=\"widget\" data-widget_type=\"text-editor.default\">\n\t\t\t\t<div class=\"elementor-widget-container\">\n\t\t\t\t\t\t\t\t\t<p>Bequemes Reisen kommt jedoch nicht von den komfortablen Sitzen und der Unterhaltung allein. Auch die Reisezeit und Effizienz ist ein nennenswerter Faktor f\u00fcr Ihre Reiseplanung und auch hier \u00fcberzeugt die Gulfstream G550 vollkommen: Mieten Sie dieses Modell, profitieren Sie von der unglaublichen Reichweite der Gulfstream G550 und erreichen Ziele auf der ganzen Welt, ohne Zwischenlandungen einzulegen. Ob Sie nach Tokio, London, Dubai oder zu anderen entfernten Locations reisen, die G550 bringt Sie direkt ans Ziel.<\/p><p>Kombiniert man die Reichweite mit der hohen Geschwindigkeit, ist es kein Wunder, dass viele Reisende die Gulfstream G550 mieten. Zus\u00e4tzlich er\u00f6ffnet diese direkte Effizienz neue M\u00f6glichkeiten f\u00fcr das <a href=\"https:\/\/pas.websitehelden.net\/service\/fliegen-mit-haustieren\/\">Fliegen mit Haustieren<\/a>: Ihre treuen Vierbeiner m\u00fcssen weder zur\u00fcckbleiben noch in engen Transportboxen lange warten. Bei <a href=\"https:\/\/pas.websitehelden.net\/de\/\">PASflights<\/a> sind alle Passagiere stets in guten H\u00e4nden.<\/p>\t\t\t\t\t\t\t\t<\/div>\n\t\t\t\t<\/div>\n\t\t\t\t<div class=\"elementor-element elementor-element-0e50e8b elementor-widget elementor-widget-spacer\" data-id=\"0e50e8b\" data-element_type=\"widget\" data-widget_type=\"spacer.default\">\n\t\t\t\t<div class=\"elementor-widget-container\">\n\t\t\t\t\t\t\t<div class=\"elementor-spacer\">\n\t\t\t<div class=\"elementor-spacer-inner\"><\/div>\n\t\t<\/div>\n\t\t\t\t\t\t<\/div>\n\t\t\t\t<\/div>\n\t\t\t\t<div class=\"elementor-element elementor-element-9d84bd5 elementor-widget elementor-widget-heading\" data-id=\"9d84bd5\" data-element_type=\"widget\" data-widget_type=\"heading.default\">\n\t\t\t\t<div class=\"elementor-widget-container\">\n\t\t\t\t\t<h2 class=\"elementor-heading-title elementor-size-default\">Modernes Design und Effizienz \u2013 Gulfstream G550 mieten<\/h2>\t\t\t\t<\/div>\n\t\t\t\t<\/div>\n\t\t\t\t<div class=\"elementor-element elementor-element-8e109b4 elementor-widget elementor-widget-text-editor\" data-id=\"8e109b4\" data-element_type=\"widget\" data-widget_type=\"text-editor.default\">\n\t\t\t\t<div class=\"elementor-widget-container\">\n\t\t\t\t\t\t\t\t\t<p>Wenn Sie die Gulfstream G550 als Ihren <a href=\"https:\/\/pas.websitehelden.net\/de\/privatjet-mieten\/\">Privatjet mieten<\/a>, finden Sie mehr als nur Komfort und Leistung: Dieses Modell zeichnet sich durch das moderne Design und eine hohe Effizienz aus. Die fortschrittliche Avionik- und Navigationssysteme bieten erstklassige Unterst\u00fctzung f\u00fcr die Piloten und erh\u00f6hen die Sicherheit w\u00e4hrend des Fluges.<\/p><p>Mit der langj\u00e4hrigen Erfahrung und modernsten Technik an Bord der Gulfstream G550, mieten Sie zus\u00e4tzlich ein besonders nachhaltiges Flugzeug. Der Gulfstream-Jet wurde entwickelt, um den Treibstoffverbrauch und die Emissionen zu reduzieren, was zu einer verbesserten Umweltbilanz f\u00fchrt und erm\u00f6glicht. Zudem bieten wir eine CO2 Kompensation f\u00fcr jeden Flug \u00fcber unseren Partner Climatepartner an. Dies macht die Entscheidung, den Gulfstream G550 zu mieten, nicht nur f\u00fcr Sie, sondern auch f\u00fcr die Umwelt vorteilhaft.<\/p><p>Ob Sie also gesch\u00e4ftlich verreisen oder Ihren langersehnten Urlaub planen: Wenn Sie den Gulfstream G550-Jet mieten, werden Sie so bequem, schnell und sicher reisen wie noch nie zuvor. Zus\u00e4tzlich lassen sich Ihre Reisen mit dem exzellenten Service von PASflights auf Ihre W\u00fcnsche und Bed\u00fcrfnisse ma\u00dfschneidern, sodass Sie stets auf h\u00f6chstem Niveau reisen.<\/p>\t\t\t\t\t\t\t\t<\/div>\n\t\t\t\t<\/div>\n\t\t\t\t\t<\/div>\n\t\t<\/div>\n\t\t\t\t\t<\/div>\n\t\t<\/section>\n\t\t\t\t<\/div>\n\t\t","protected":false},"excerpt":{"rendered":"<p>Gulfstream G550 mieten und neue H\u00f6hen entdecken Wenn Sie nach h\u00f6chstem Komfort und unvergleichlicher Leistung auf Ihrer Gesch\u00e4fts- oder Urlaubsreise suchen, sollten Sie die Gulfstream G550 mieten. Unabh\u00e4ngig davon, wohin die Reise gehen soll und egal, ob Sie allein oder mit Ihren Liebsten fliegen wollen: In der Gulfstream G550 ist gen\u00fcgend Platz f\u00fcr Passagiere und [&hellip;]<\/p>\n","protected":false},"author":5,"featured_media":3217,"parent":0,"menu_order":0,"comment_status":"closed","ping_status":"closed","template":"","meta":{"_acf_changed":false,"footnotes":""},"categories":[],"tags":[],"class_list":["post-13435","page","type-page","status-publish","has-post-thumbnail","hentry"],"acf":[],"yoast_head":"<!-- This site is optimized with the Yoast SEO plugin v27.4 - https:\/\/yoast.com\/product\/yoast-seo-wordpress\/ -->\n<title>Gulfstream G550 mieten, Komfort und Erfahrung vereinen<\/title>\n<meta name=\"description\" content=\"Suchen Sie Komfort, erstklassigen Service und Unterhaltung auf Ihrem Flug? Dann sollten Sie die Gulfstream G550 mieten und diese Erfahrung hautnah erleben!\" \/>\n<meta name=\"robots\" content=\"index, follow, max-snippet:-1, max-image-preview:large, max-video-preview:-1\" \/>\n<link rel=\"canonical\" href=\"https:\/\/pas.websitehelden.net\/de\/gulfstream-g550-mieten\/\" \/>\n<meta property=\"og:locale\" content=\"de_DE\" \/>\n<meta property=\"og:type\" content=\"article\" \/>\n<meta property=\"og:title\" content=\"Gulfstream G550 mieten, Komfort und Erfahrung vereinen\" \/>\n<meta property=\"og:description\" content=\"Suchen Sie Komfort, erstklassigen Service und Unterhaltung auf Ihrem Flug? Dann sollten Sie die Gulfstream G550 mieten und diese Erfahrung hautnah erleben!\" \/>\n<meta property=\"og:url\" content=\"https:\/\/pas.websitehelden.net\/de\/gulfstream-g550-mieten\/\" \/>\n<meta property=\"og:site_name\" content=\"Pasflights\" \/>\n<meta property=\"article:modified_time\" content=\"2024-01-29T15:19:01+00:00\" \/>\n<meta property=\"og:image\" content=\"https:\/\/er7k5njc6uc.exactdn.com\/wp-content\/uploads\/2021\/11\/Gulfstream-G550-1.jpg?strip=all&lossy=1&ssl=1\" \/>\n\t<meta property=\"og:image:width\" content=\"1270\" \/>\n\t<meta property=\"og:image:height\" content=\"1108\" \/>\n\t<meta property=\"og:image:type\" content=\"image\/jpeg\" \/>\n<meta name=\"twitter:card\" content=\"summary_large_image\" \/>\n<meta name=\"twitter:label1\" content=\"Gesch\u00e4tzte Lesezeit\" \/>\n\t<meta name=\"twitter:data1\" content=\"4\u00a0Minuten\" \/>\n<script type=\"application\/ld+json\" class=\"yoast-schema-graph\">{\"@context\":\"https:\\\/\\\/schema.org\",\"@graph\":[{\"@type\":\"WebPage\",\"@id\":\"https:\\\/\\\/pas.websitehelden.net\\\/de\\\/gulfstream-g550-mieten\\\/\",\"url\":\"https:\\\/\\\/pas.websitehelden.net\\\/de\\\/gulfstream-g550-mieten\\\/\",\"name\":\"Gulfstream G550 mieten, Komfort und Erfahrung vereinen\",\"isPartOf\":{\"@id\":\"https:\\\/\\\/pas.websitehelden.net\\\/de\\\/#website\"},\"primaryImageOfPage\":{\"@id\":\"https:\\\/\\\/pas.websitehelden.net\\\/de\\\/gulfstream-g550-mieten\\\/#primaryimage\"},\"image\":{\"@id\":\"https:\\\/\\\/pas.websitehelden.net\\\/de\\\/gulfstream-g550-mieten\\\/#primaryimage\"},\"thumbnailUrl\":\"https:\\\/\\\/er7k5njc6uc.exactdn.com\\\/wp-content\\\/uploads\\\/2021\\\/11\\\/Gulfstream-G550-1.jpg?strip=all&lossy=1&ssl=1\",\"datePublished\":\"2024-01-23T13:52:50+00:00\",\"dateModified\":\"2024-01-29T15:19:01+00:00\",\"description\":\"Suchen Sie Komfort, erstklassigen Service und Unterhaltung auf Ihrem Flug? Dann sollten Sie die Gulfstream G550 mieten und diese Erfahrung hautnah erleben!\",\"breadcrumb\":{\"@id\":\"https:\\\/\\\/pas.websitehelden.net\\\/de\\\/gulfstream-g550-mieten\\\/#breadcrumb\"},\"inLanguage\":\"de\",\"potentialAction\":[{\"@type\":\"ReadAction\",\"target\":[\"https:\\\/\\\/pas.websitehelden.net\\\/de\\\/gulfstream-g550-mieten\\\/\"]}]},{\"@type\":\"ImageObject\",\"inLanguage\":\"de\",\"@id\":\"https:\\\/\\\/pas.websitehelden.net\\\/de\\\/gulfstream-g550-mieten\\\/#primaryimage\",\"url\":\"https:\\\/\\\/er7k5njc6uc.exactdn.com\\\/wp-content\\\/uploads\\\/2021\\\/11\\\/Gulfstream-G550-1.jpg?strip=all&lossy=1&ssl=1\",\"contentUrl\":\"https:\\\/\\\/er7k5njc6uc.exactdn.com\\\/wp-content\\\/uploads\\\/2021\\\/11\\\/Gulfstream-G550-1.jpg?strip=all&lossy=1&ssl=1\",\"width\":1270,\"height\":1108},{\"@type\":\"BreadcrumbList\",\"@id\":\"https:\\\/\\\/pas.websitehelden.net\\\/de\\\/gulfstream-g550-mieten\\\/#breadcrumb\",\"itemListElement\":[{\"@type\":\"ListItem\",\"position\":1,\"name\":\"Startseite\",\"item\":\"https:\\\/\\\/pas.websitehelden.net\\\/de\\\/\"},{\"@type\":\"ListItem\",\"position\":2,\"name\":\"Gulfstream G550 mieten\"}]},{\"@type\":\"WebSite\",\"@id\":\"https:\\\/\\\/pas.websitehelden.net\\\/de\\\/#website\",\"url\":\"https:\\\/\\\/pas.websitehelden.net\\\/de\\\/\",\"name\":\"Pasflights\",\"description\":\"Eine weitere WordPress-Website\",\"potentialAction\":[{\"@type\":\"SearchAction\",\"target\":{\"@type\":\"EntryPoint\",\"urlTemplate\":\"https:\\\/\\\/pas.websitehelden.net\\\/de\\\/?s={search_term_string}\"},\"query-input\":{\"@type\":\"PropertyValueSpecification\",\"valueRequired\":true,\"valueName\":\"search_term_string\"}}],\"inLanguage\":\"de\"}]}<\/script>\n<!-- \/ Yoast SEO plugin. -->","yoast_head_json":{"title":"Gulfstream G550 mieten, Komfort und Erfahrung vereinen","description":"Suchen Sie Komfort, erstklassigen Service und Unterhaltung auf Ihrem Flug? Dann sollten Sie die Gulfstream G550 mieten und diese Erfahrung hautnah erleben!","robots":{"index":"index","follow":"follow","max-snippet":"max-snippet:-1","max-image-preview":"max-image-preview:large","max-video-preview":"max-video-preview:-1"},"canonical":"https:\/\/pas.websitehelden.net\/de\/gulfstream-g550-mieten\/","og_locale":"de_DE","og_type":"article","og_title":"Gulfstream G550 mieten, Komfort und Erfahrung vereinen","og_description":"Suchen Sie Komfort, erstklassigen Service und Unterhaltung auf Ihrem Flug? Dann sollten Sie die Gulfstream G550 mieten und diese Erfahrung hautnah erleben!","og_url":"https:\/\/pas.websitehelden.net\/de\/gulfstream-g550-mieten\/","og_site_name":"Pasflights","article_modified_time":"2024-01-29T15:19:01+00:00","og_image":[{"width":1270,"height":1108,"url":"https:\/\/er7k5njc6uc.exactdn.com\/wp-content\/uploads\/2021\/11\/Gulfstream-G550-1.jpg?strip=all&lossy=1&ssl=1","type":"image\/jpeg"}],"twitter_card":"summary_large_image","twitter_misc":{"Gesch\u00e4tzte Lesezeit":"4\u00a0Minuten"},"schema":{"@context":"https:\/\/schema.org","@graph":[{"@type":"WebPage","@id":"https:\/\/pas.websitehelden.net\/de\/gulfstream-g550-mieten\/","url":"https:\/\/pas.websitehelden.net\/de\/gulfstream-g550-mieten\/","name":"Gulfstream G550 mieten, Komfort und Erfahrung vereinen","isPartOf":{"@id":"https:\/\/pas.websitehelden.net\/de\/#website"},"primaryImageOfPage":{"@id":"https:\/\/pas.websitehelden.net\/de\/gulfstream-g550-mieten\/#primaryimage"},"image":{"@id":"https:\/\/pas.websitehelden.net\/de\/gulfstream-g550-mieten\/#primaryimage"},"thumbnailUrl":"https:\/\/er7k5njc6uc.exactdn.com\/wp-content\/uploads\/2021\/11\/Gulfstream-G550-1.jpg?strip=all&lossy=1&ssl=1","datePublished":"2024-01-23T13:52:50+00:00","dateModified":"2024-01-29T15:19:01+00:00","description":"Suchen Sie Komfort, erstklassigen Service und Unterhaltung auf Ihrem Flug? Dann sollten Sie die Gulfstream G550 mieten und diese Erfahrung hautnah erleben!","breadcrumb":{"@id":"https:\/\/pas.websitehelden.net\/de\/gulfstream-g550-mieten\/#breadcrumb"},"inLanguage":"de","potentialAction":[{"@type":"ReadAction","target":["https:\/\/pas.websitehelden.net\/de\/gulfstream-g550-mieten\/"]}]},{"@type":"ImageObject","inLanguage":"de","@id":"https:\/\/pas.websitehelden.net\/de\/gulfstream-g550-mieten\/#primaryimage","url":"https:\/\/er7k5njc6uc.exactdn.com\/wp-content\/uploads\/2021\/11\/Gulfstream-G550-1.jpg?strip=all&lossy=1&ssl=1","contentUrl":"https:\/\/er7k5njc6uc.exactdn.com\/wp-content\/uploads\/2021\/11\/Gulfstream-G550-1.jpg?strip=all&lossy=1&ssl=1","width":1270,"height":1108},{"@type":"BreadcrumbList","@id":"https:\/\/pas.websitehelden.net\/de\/gulfstream-g550-mieten\/#breadcrumb","itemListElement":[{"@type":"ListItem","position":1,"name":"Startseite","item":"https:\/\/pas.websitehelden.net\/de\/"},{"@type":"ListItem","position":2,"name":"Gulfstream G550 mieten"}]},{"@type":"WebSite","@id":"https:\/\/pas.websitehelden.net\/de\/#website","url":"https:\/\/pas.websitehelden.net\/de\/","name":"Pasflights","description":"Eine weitere WordPress-Website","potentialAction":[{"@type":"SearchAction","target":{"@type":"EntryPoint","urlTemplate":"https:\/\/pas.websitehelden.net\/de\/?s={search_term_string}"},"query-input":{"@type":"PropertyValueSpecification","valueRequired":true,"valueName":"search_term_string"}}],"inLanguage":"de"}]}},"_links":{"self":[{"href":"https:\/\/pas.websitehelden.net\/de\/wp-json\/wp\/v2\/pages\/13435","targetHints":{"allow":["GET"]}}],"collection":[{"href":"https:\/\/pas.websitehelden.net\/de\/wp-json\/wp\/v2\/pages"}],"about":[{"href":"https:\/\/pas.websitehelden.net\/de\/wp-json\/wp\/v2\/types\/page"}],"author":[{"embeddable":true,"href":"https:\/\/pas.websitehelden.net\/de\/wp-json\/wp\/v2\/users\/5"}],"replies":[{"embeddable":true,"href":"https:\/\/pas.websitehelden.net\/de\/wp-json\/wp\/v2\/comments?post=13435"}],"version-history":[{"count":0,"href":"https:\/\/pas.websitehelden.net\/de\/wp-json\/wp\/v2\/pages\/13435\/revisions"}],"wp:featuredmedia":[{"embeddable":true,"href":"https:\/\/pas.websitehelden.net\/de\/wp-json\/wp\/v2\/media\/3217"}],"wp:attachment":[{"href":"https:\/\/pas.websitehelden.net\/de\/wp-json\/wp\/v2\/media?parent=13435"}],"wp:term":[{"taxonomy":"category","embeddable":true,"href":"https:\/\/pas.websitehelden.net\/de\/wp-json\/wp\/v2\/categories?post=13435"},{"taxonomy":"post_tag","embeddable":true,"href":"https:\/\/pas.websitehelden.net\/de\/wp-json\/wp\/v2\/tags?post=13435"}],"curies":[{"name":"wp","href":"https:\/\/api.w.org\/{rel}","templated":true}]}}