{"id":12048,"date":"2023-08-02T09:14:12","date_gmt":"2023-08-02T07:14:12","guid":{"rendered":"https:\/\/www.pasflights.com\/?page_id=12048"},"modified":"2025-04-07T10:24:05","modified_gmt":"2025-04-07T08:24:05","slug":"medizinische-flugbegleitung","status":"publish","type":"page","link":"https:\/\/pas.websitehelden.net\/de\/service\/medizinische-flugbegleitung\/","title":{"rendered":"Medizinische Flugbegleitung"},"content":{"rendered":"\t\t<div data-elementor-type=\"wp-page\" data-elementor-id=\"12048\" class=\"elementor elementor-12048\" data-elementor-post-type=\"page\">\n\t\t\t\t\t\t<section class=\"elementor-section elementor-top-section elementor-element elementor-element-2bb7da88 elementor-section-boxed elementor-section-height-default elementor-section-height-default\" data-id=\"2bb7da88\" data-element_type=\"section\">\n\t\t\t\t\t\t<div class=\"elementor-container elementor-column-gap-default\">\n\t\t\t\t\t<div class=\"elementor-column elementor-col-100 elementor-top-column elementor-element elementor-element-36fba676\" data-id=\"36fba676\" data-element_type=\"column\">\n\t\t\t<div class=\"elementor-widget-wrap elementor-element-populated\">\n\t\t\t\t\t\t<div class=\"elementor-element elementor-element-3e673766 elementor-widget elementor-widget-heading\" data-id=\"3e673766\" data-element_type=\"widget\" data-widget_type=\"heading.default\">\n\t\t\t\t<div class=\"elementor-widget-container\">\n\t\t\t\t\t<h1 class=\"elementor-heading-title elementor-size-default\">Medizinische Flugbegleitung: Sicher auf Reisen<\/h1>\t\t\t\t<\/div>\n\t\t\t\t<\/div>\n\t\t\t\t<div class=\"elementor-element elementor-element-37846780 elementor-widget elementor-widget-text-editor\" data-id=\"37846780\" data-element_type=\"widget\" data-widget_type=\"text-editor.default\">\n\t\t\t\t<div class=\"elementor-widget-container\">\n\t\t\t\t\t\t\t\t\t<p>F\u00fcr Menschen, die aufgrund medizinischer Beschwerden eine Flugreise nicht allein bew\u00e4ltigen k\u00f6nnen, bieten wir in Zusammenarbeit mit Medical Travel Companions eine wertvolle L\u00f6sung: die medizinische Flugbegleitung. Diese Dienstleistung erm\u00f6glicht es Passagieren, sich w\u00e4hrend ihrer Reise von einer kompetenten medizinischen Fachperson begleiten zu lassen.<\/p><p>\u00a0<\/p><p>Nicht immer sind Personen mit gesundheitlichen Beeintr\u00e4chtigungen in der Lage, eine Flugreise ohne Unterst\u00fctzung anzutreten. Die medizinische Flugbegleitung richtet sich daher an Menschen, die beispielsweise aufgrund einer chronischen Erkrankung, eines fortgeschrittenen Alters oder einer Behinderung eine besondere Betreuung ben\u00f6tigen. Das Ziel ist es, ihnen eine sichere und angenehme Reiseerfahrung zu erm\u00f6glichen.<\/p>\t\t\t\t\t\t\t\t<\/div>\n\t\t\t\t<\/div>\n\t\t\t\t\t<\/div>\n\t\t<\/div>\n\t\t\t\t\t<\/div>\n\t\t<\/section>\n\t\t\t\t<section class=\"elementor-section elementor-top-section elementor-element elementor-element-2a26e882 elementor-section-boxed elementor-section-height-default elementor-section-height-default\" data-id=\"2a26e882\" data-element_type=\"section\">\n\t\t\t\t\t\t<div class=\"elementor-container elementor-column-gap-default\">\n\t\t\t\t\t<div class=\"elementor-column elementor-col-100 elementor-top-column elementor-element elementor-element-4375d774\" data-id=\"4375d774\" data-element_type=\"column\">\n\t\t\t<div class=\"elementor-widget-wrap elementor-element-populated\">\n\t\t\t\t\t\t<div class=\"elementor-element elementor-element-1ed45e91 elementor-widget elementor-widget-heading\" data-id=\"1ed45e91\" data-element_type=\"widget\" data-widget_type=\"heading.default\">\n\t\t\t\t<div class=\"elementor-widget-container\">\n\t\t\t\t\t<span class=\"elementor-heading-title elementor-size-default\">Kontakt<\/span>\t\t\t\t<\/div>\n\t\t\t\t<\/div>\n\t\t\t\t<div class=\"elementor-element elementor-element-6b352916 elementor-widget elementor-widget-heading\" data-id=\"6b352916\" data-element_type=\"widget\" data-widget_type=\"heading.default\">\n\t\t\t\t<div class=\"elementor-widget-container\">\n\t\t\t\t\t<h2 class=\"elementor-heading-title elementor-size-default\">Kontakt<\/h2>\t\t\t\t<\/div>\n\t\t\t\t<\/div>\n\t\t\t\t<section class=\"elementor-section elementor-inner-section elementor-element elementor-element-6866ee25 elementor-section-boxed elementor-section-height-default elementor-section-height-default\" data-id=\"6866ee25\" data-element_type=\"section\" data-settings=\"{&quot;background_background&quot;:&quot;classic&quot;}\">\n\t\t\t\t\t\t<div class=\"elementor-container elementor-column-gap-default\">\n\t\t\t\t\t<div class=\"elementor-column elementor-col-50 elementor-inner-column elementor-element elementor-element-48838d8e\" data-id=\"48838d8e\" data-element_type=\"column\">\n\t\t\t<div class=\"elementor-widget-wrap\">\n\t\t\t\t\t\t\t<\/div>\n\t\t<\/div>\n\t\t\t\t<div class=\"elementor-column elementor-col-50 elementor-inner-column elementor-element elementor-element-355aa00b\" data-id=\"355aa00b\" data-element_type=\"column\" data-settings=\"{&quot;background_background&quot;:&quot;classic&quot;}\">\n\t\t\t<div class=\"elementor-widget-wrap elementor-element-populated\">\n\t\t\t\t\t\t<div class=\"elementor-element elementor-element-54042607 elementor-widget elementor-widget-heading\" data-id=\"54042607\" data-element_type=\"widget\" data-widget_type=\"heading.default\">\n\t\t\t\t<div class=\"elementor-widget-container\">\n\t\t\t\t\t<h2 class=\"elementor-heading-title elementor-size-default\">SIE HABEN FRAGEN? WIR SIND F\u00dcR SIE DA \u2013 PER MAIL,<br \/> KONTAKTFORMULAR ODER PER TELEFON!<\/h2>\t\t\t\t<\/div>\n\t\t\t\t<\/div>\n\t\t\t\t<div class=\"elementor-element elementor-element-1f56e6a4 elementor-widget elementor-widget-heading\" data-id=\"1f56e6a4\" data-element_type=\"widget\" data-widget_type=\"heading.default\">\n\t\t\t\t<div class=\"elementor-widget-container\">\n\t\t\t\t\t<span class=\"elementor-heading-title elementor-size-default\">24\/7 ist Ihr pers\u00f6nlicher Ansprechpartner f\u00fcr Sie da<\/span>\t\t\t\t<\/div>\n\t\t\t\t<\/div>\n\t\t\t\t<div class=\"elementor-element elementor-element-58ed205d elementor-align-start elementor-widget__width-auto elementor-icon-list--layout-traditional elementor-list-item-link-full_width elementor-widget elementor-widget-icon-list\" data-id=\"58ed205d\" data-element_type=\"widget\" data-widget_type=\"icon-list.default\">\n\t\t\t\t<div class=\"elementor-widget-container\">\n\t\t\t\t\t\t\t<ul class=\"elementor-icon-list-items\">\n\t\t\t\t\t\t\t<li class=\"elementor-icon-list-item\">\n\t\t\t\t\t\t\t\t\t\t\t<a href=\"https:\/\/pas.websitehelden.net\/kontakt\/\">\n\n\t\t\t\t\t\t\t\t\t\t\t\t<span class=\"elementor-icon-list-icon\">\n\t\t\t\t\t\t\t<i aria-hidden=\"true\" class=\"fas fa-envelope\"><\/i>\t\t\t\t\t\t<\/span>\n\t\t\t\t\t\t\t\t\t\t<span class=\"elementor-icon-list-text\">info@pasflights.com<\/span>\n\t\t\t\t\t\t\t\t\t\t\t<\/a>\n\t\t\t\t\t\t\t\t\t<\/li>\n\t\t\t\t\t\t\t\t<li class=\"elementor-icon-list-item\">\n\t\t\t\t\t\t\t\t\t\t\t<a href=\"tel:+49%202204%2070606-0\">\n\n\t\t\t\t\t\t\t\t\t\t\t\t<span class=\"elementor-icon-list-icon\">\n\t\t\t\t\t\t\t<i aria-hidden=\"true\" class=\"fas fa-phone-alt\"><\/i>\t\t\t\t\t\t<\/span>\n\t\t\t\t\t\t\t\t\t\t<span class=\"elementor-icon-list-text\">+ 49 2204 70606-0<\/span>\n\t\t\t\t\t\t\t\t\t\t\t<\/a>\n\t\t\t\t\t\t\t\t\t<\/li>\n\t\t\t\t\t\t<\/ul>\n\t\t\t\t\t\t<\/div>\n\t\t\t\t<\/div>\n\t\t\t\t<div class=\"elementor-element elementor-element-8f38580 elementor-align-right pinkbuttonfull elementor-tablet-align-left elementor-mobile-align-justify elementor-widget elementor-widget-button\" data-id=\"8f38580\" data-element_type=\"widget\" data-widget_type=\"button.default\">\n\t\t\t\t<div class=\"elementor-widget-container\">\n\t\t\t\t\t\t\t\t\t<div class=\"elementor-button-wrapper\">\n\t\t\t\t\t<a class=\"elementor-button elementor-button-link elementor-size-sm\" href=\"https:\/\/bookings.medicaltravelcompanions.com\/aff\/pas\/ffjvwimv\">\n\t\t\t\t\t\t<span class=\"elementor-button-content-wrapper\">\n\t\t\t\t\t\t\t\t\t<span class=\"elementor-button-text\">Jetzt Kontakt aufnehmen<\/span>\n\t\t\t\t\t<\/span>\n\t\t\t\t\t<\/a>\n\t\t\t\t<\/div>\n\t\t\t\t\t\t\t\t<\/div>\n\t\t\t\t<\/div>\n\t\t\t\t\t<\/div>\n\t\t<\/div>\n\t\t\t\t\t<\/div>\n\t\t<\/section>\n\t\t\t\t<div class=\"elementor-element elementor-element-4457e1de elementor-widget elementor-widget-image\" data-id=\"4457e1de\" data-element_type=\"widget\" data-widget_type=\"image.default\">\n\t\t\t\t<div class=\"elementor-widget-container\">\n\t\t\t\t\t\t\t\t\t\t\t\t\t\t\t<img decoding=\"async\" src=\"https:\/\/er7k5njc6uc.exactdn.com\/wp-content\/uploads\/elementor\/thumbs\/privatjet-buchen_kontakt-rawwxlf5e5ptspptkdb8apcdi94cfpobtspz7qq45k.jpg?strip=all&lossy=1&w=800&ssl=1\" title=\"privatjet-buchen_kontakt\" alt=\"Contact\" loading=\"lazy\" \/>\t\t\t\t\t\t\t\t\t\t\t\t\t\t\t<\/div>\n\t\t\t\t<\/div>\n\t\t\t\t\t<\/div>\n\t\t<\/div>\n\t\t\t\t\t<\/div>\n\t\t<\/section>\n\t\t\t\t<section class=\"elementor-section elementor-top-section elementor-element elementor-element-9c70c22 elementor-section-boxed elementor-section-height-default elementor-section-height-default\" data-id=\"9c70c22\" data-element_type=\"section\">\n\t\t\t\t\t\t<div class=\"elementor-container elementor-column-gap-default\">\n\t\t\t\t\t<div class=\"elementor-column elementor-col-100 elementor-top-column elementor-element elementor-element-e86fb06\" data-id=\"e86fb06\" data-element_type=\"column\">\n\t\t\t<div class=\"elementor-widget-wrap elementor-element-populated\">\n\t\t\t\t\t\t<div class=\"elementor-element elementor-element-f111536 elementor-widget elementor-widget-heading\" data-id=\"f111536\" data-element_type=\"widget\" data-widget_type=\"heading.default\">\n\t\t\t\t<div class=\"elementor-widget-container\">\n\t\t\t\t\t<h3 class=\"elementor-heading-title elementor-size-default\">Unser Service \u2013 Ihre medizinische Flugbegleitung von Medical Travel Companions<\/h3>\t\t\t\t<\/div>\n\t\t\t\t<\/div>\n\t\t\t\t<div class=\"elementor-element elementor-element-bcb036a elementor-widget elementor-widget-text-editor\" data-id=\"bcb036a\" data-element_type=\"widget\" data-widget_type=\"text-editor.default\">\n\t\t\t\t<div class=\"elementor-widget-container\">\n\t\t\t\t\t\t\t\t\t<p>Die medizinische Flugbegleitung beinhaltet eine umfassende Betreuung vor, w\u00e4hrend und nach dem Flug. Vor der Reise erfolgt in Zusammenarbeit mit den behandelnden \u00c4rzten des Reisenden eine gr\u00fcndliche medizinische Beratung, um die individuellen Bed\u00fcrfnisse des Passagiers zu ermitteln.<\/p><p>Aufgrund dieser Informationen wird ein Betreuungskonzept erstellt, das sich an den spezifischen Anforderungen des Passagiers orientiert. Dabei wird unter anderem die Notwendigkeit spezieller medizinischer Ger\u00e4te oder Medikamente ber\u00fccksichtigt.<\/p><p>W\u00e4hrend des Fluges steht die medizinische Flugbegleitung dem Fluggast jederzeit zur Seite. Sie \u00fcberwacht den Gesundheitszustand und reagiert schnell und kompetent auf medizinische Notf\u00e4lle. Au\u00dferdem unterst\u00fctzt sie den Passagier bei der Einnahme von Medikamenten oder der Nutzung von medizinischen Ger\u00e4ten. Die medizinische Flugbegleitung gew\u00e4hrleistet somit eine sichere Versorgung w\u00e4hrend des gesamten Reiseverlaufs.<\/p><p>Mit diesem Service wird die Barrierefreiheit im Luftverkehr gef\u00f6rdert und Reisen f\u00fcr jeden zug\u00e4nglich gemacht, unabh\u00e4ngig von individuellen gesundheitlichen Herausforderungen.<\/p><p>Unser erfahrenes Team von PASflights betreut Sie mit Unterst\u00fctzung unserer Partner der Medical Travel Companions bei der Organisation der auf Ihre Bed\u00fcrfnisse zugeschnittenen Reise. Nehmen Sie gerne <a href=\"https:\/\/bookings.medicaltravelcompanions.com\/aff\/pas\/ffjvwimv\" data-wplink-edit=\"true\">Kontakt<\/a> zu unserem Partnerunternehmen auf, die Sie ganzheitlich beraten und Ihre medizinische Flugbegleitung planen.<\/p>\t\t\t\t\t\t\t\t<\/div>\n\t\t\t\t<\/div>\n\t\t\t\t\t<\/div>\n\t\t<\/div>\n\t\t\t\t\t<\/div>\n\t\t<\/section>\n\t\t\t\t<\/div>\n\t\t","protected":false},"excerpt":{"rendered":"<p>Medizinische Flugbegleitung: Sicher auf Reisen F\u00fcr Menschen, die aufgrund medizinischer Beschwerden eine Flugreise nicht allein bew\u00e4ltigen k\u00f6nnen, bieten wir in Zusammenarbeit mit Medical Travel Companions eine wertvolle L\u00f6sung: die medizinische Flugbegleitung. Diese Dienstleistung erm\u00f6glicht es Passagieren, sich w\u00e4hrend ihrer Reise von einer kompetenten medizinischen Fachperson begleiten zu lassen. \u00a0 Nicht immer sind Personen mit gesundheitlichen [&hellip;]<\/p>\n","protected":false},"author":5,"featured_media":12063,"parent":1487,"menu_order":110,"comment_status":"closed","ping_status":"closed","template":"","meta":{"_acf_changed":false,"footnotes":""},"categories":[],"tags":[20],"class_list":["post-12048","page","type-page","status-publish","has-post-thumbnail","hentry","tag-service"],"acf":[],"yoast_head":"<!-- This site is optimized with the Yoast SEO plugin v27.4 - https:\/\/yoast.com\/product\/yoast-seo-wordpress\/ -->\n<title>Medizinische Flugbegleitung \u2013 mit uns sicher reisen<\/title>\n<meta name=\"description\" content=\"Dank einer gut geschulten, medizinischen Flugbegleitung wird Barrierefreiheit auch \u00fcber den Wolken erm\u00f6glicht. Mit PASflights reisen Sie in guten H\u00e4nden.\" \/>\n<meta name=\"robots\" content=\"index, follow, max-snippet:-1, max-image-preview:large, max-video-preview:-1\" \/>\n<link rel=\"canonical\" href=\"https:\/\/pas.websitehelden.net\/de\/service\/medizinische-flugbegleitung\/\" \/>\n<meta property=\"og:locale\" content=\"de_DE\" \/>\n<meta property=\"og:type\" content=\"article\" \/>\n<meta property=\"og:title\" content=\"Medizinische Flugbegleitung \u2013 mit uns sicher reisen\" \/>\n<meta property=\"og:description\" content=\"Dank einer gut geschulten, medizinischen Flugbegleitung wird Barrierefreiheit auch \u00fcber den Wolken erm\u00f6glicht. Mit PASflights reisen Sie in guten H\u00e4nden.\" \/>\n<meta property=\"og:url\" content=\"https:\/\/pas.websitehelden.net\/de\/service\/medizinische-flugbegleitung\/\" \/>\n<meta property=\"og:site_name\" content=\"Pasflights\" \/>\n<meta property=\"article:modified_time\" content=\"2025-04-07T08:24:05+00:00\" \/>\n<meta property=\"og:image\" content=\"https:\/\/er7k5njc6uc.exactdn.com\/wp-content\/uploads\/2023\/08\/Pasflights-medizinische-Flugbegleitung-Header-scaled.jpg?strip=all&lossy=1&ssl=1\" \/>\n\t<meta property=\"og:image:width\" content=\"2560\" \/>\n\t<meta property=\"og:image:height\" content=\"731\" \/>\n\t<meta property=\"og:image:type\" content=\"image\/jpeg\" \/>\n<meta name=\"twitter:card\" content=\"summary_large_image\" \/>\n<meta name=\"twitter:label1\" content=\"Gesch\u00e4tzte Lesezeit\" \/>\n\t<meta name=\"twitter:data1\" content=\"2\u00a0Minuten\" \/>\n<script type=\"application\/ld+json\" class=\"yoast-schema-graph\">{\"@context\":\"https:\\\/\\\/schema.org\",\"@graph\":[{\"@type\":\"WebPage\",\"@id\":\"https:\\\/\\\/pas.websitehelden.net\\\/de\\\/service\\\/medizinische-flugbegleitung\\\/\",\"url\":\"https:\\\/\\\/pas.websitehelden.net\\\/de\\\/service\\\/medizinische-flugbegleitung\\\/\",\"name\":\"Medizinische Flugbegleitung \u2013 mit uns sicher reisen\",\"isPartOf\":{\"@id\":\"https:\\\/\\\/pas.websitehelden.net\\\/de\\\/#website\"},\"primaryImageOfPage\":{\"@id\":\"https:\\\/\\\/pas.websitehelden.net\\\/de\\\/service\\\/medizinische-flugbegleitung\\\/#primaryimage\"},\"image\":{\"@id\":\"https:\\\/\\\/pas.websitehelden.net\\\/de\\\/service\\\/medizinische-flugbegleitung\\\/#primaryimage\"},\"thumbnailUrl\":\"https:\\\/\\\/er7k5njc6uc.exactdn.com\\\/wp-content\\\/uploads\\\/2023\\\/08\\\/Pasflights-medizinische-Flugbegleitung-Header-scaled.jpg?strip=all&lossy=1&ssl=1\",\"datePublished\":\"2023-08-02T07:14:12+00:00\",\"dateModified\":\"2025-04-07T08:24:05+00:00\",\"description\":\"Dank einer gut geschulten, medizinischen Flugbegleitung wird Barrierefreiheit auch \u00fcber den Wolken erm\u00f6glicht. Mit PASflights reisen Sie in guten H\u00e4nden.\",\"breadcrumb\":{\"@id\":\"https:\\\/\\\/pas.websitehelden.net\\\/de\\\/service\\\/medizinische-flugbegleitung\\\/#breadcrumb\"},\"inLanguage\":\"de\",\"potentialAction\":[{\"@type\":\"ReadAction\",\"target\":[\"https:\\\/\\\/pas.websitehelden.net\\\/de\\\/service\\\/medizinische-flugbegleitung\\\/\"]}]},{\"@type\":\"ImageObject\",\"inLanguage\":\"de\",\"@id\":\"https:\\\/\\\/pas.websitehelden.net\\\/de\\\/service\\\/medizinische-flugbegleitung\\\/#primaryimage\",\"url\":\"https:\\\/\\\/er7k5njc6uc.exactdn.com\\\/wp-content\\\/uploads\\\/2023\\\/08\\\/Pasflights-medizinische-Flugbegleitung-Header-scaled.jpg?strip=all&lossy=1&ssl=1\",\"contentUrl\":\"https:\\\/\\\/er7k5njc6uc.exactdn.com\\\/wp-content\\\/uploads\\\/2023\\\/08\\\/Pasflights-medizinische-Flugbegleitung-Header-scaled.jpg?strip=all&lossy=1&ssl=1\",\"width\":2560,\"height\":731},{\"@type\":\"BreadcrumbList\",\"@id\":\"https:\\\/\\\/pas.websitehelden.net\\\/de\\\/service\\\/medizinische-flugbegleitung\\\/#breadcrumb\",\"itemListElement\":[{\"@type\":\"ListItem\",\"position\":1,\"name\":\"Startseite\",\"item\":\"https:\\\/\\\/pas.websitehelden.net\\\/de\\\/\"},{\"@type\":\"ListItem\",\"position\":2,\"name\":\"Service\",\"item\":\"https:\\\/\\\/pas.websitehelden.net\\\/de\\\/service\\\/\"},{\"@type\":\"ListItem\",\"position\":3,\"name\":\"Medizinische Flugbegleitung\"}]},{\"@type\":\"WebSite\",\"@id\":\"https:\\\/\\\/pas.websitehelden.net\\\/de\\\/#website\",\"url\":\"https:\\\/\\\/pas.websitehelden.net\\\/de\\\/\",\"name\":\"Pasflights\",\"description\":\"Eine weitere WordPress-Website\",\"potentialAction\":[{\"@type\":\"SearchAction\",\"target\":{\"@type\":\"EntryPoint\",\"urlTemplate\":\"https:\\\/\\\/pas.websitehelden.net\\\/de\\\/?s={search_term_string}\"},\"query-input\":{\"@type\":\"PropertyValueSpecification\",\"valueRequired\":true,\"valueName\":\"search_term_string\"}}],\"inLanguage\":\"de\"}]}<\/script>\n<!-- \/ Yoast SEO plugin. -->","yoast_head_json":{"title":"Medizinische Flugbegleitung \u2013 mit uns sicher reisen","description":"Dank einer gut geschulten, medizinischen Flugbegleitung wird Barrierefreiheit auch \u00fcber den Wolken erm\u00f6glicht. Mit PASflights reisen Sie in guten H\u00e4nden.","robots":{"index":"index","follow":"follow","max-snippet":"max-snippet:-1","max-image-preview":"max-image-preview:large","max-video-preview":"max-video-preview:-1"},"canonical":"https:\/\/pas.websitehelden.net\/de\/service\/medizinische-flugbegleitung\/","og_locale":"de_DE","og_type":"article","og_title":"Medizinische Flugbegleitung \u2013 mit uns sicher reisen","og_description":"Dank einer gut geschulten, medizinischen Flugbegleitung wird Barrierefreiheit auch \u00fcber den Wolken erm\u00f6glicht. Mit PASflights reisen Sie in guten H\u00e4nden.","og_url":"https:\/\/pas.websitehelden.net\/de\/service\/medizinische-flugbegleitung\/","og_site_name":"Pasflights","article_modified_time":"2025-04-07T08:24:05+00:00","og_image":[{"width":2560,"height":731,"url":"https:\/\/er7k5njc6uc.exactdn.com\/wp-content\/uploads\/2023\/08\/Pasflights-medizinische-Flugbegleitung-Header-scaled.jpg?strip=all&lossy=1&ssl=1","type":"image\/jpeg"}],"twitter_card":"summary_large_image","twitter_misc":{"Gesch\u00e4tzte Lesezeit":"2\u00a0Minuten"},"schema":{"@context":"https:\/\/schema.org","@graph":[{"@type":"WebPage","@id":"https:\/\/pas.websitehelden.net\/de\/service\/medizinische-flugbegleitung\/","url":"https:\/\/pas.websitehelden.net\/de\/service\/medizinische-flugbegleitung\/","name":"Medizinische Flugbegleitung \u2013 mit uns sicher reisen","isPartOf":{"@id":"https:\/\/pas.websitehelden.net\/de\/#website"},"primaryImageOfPage":{"@id":"https:\/\/pas.websitehelden.net\/de\/service\/medizinische-flugbegleitung\/#primaryimage"},"image":{"@id":"https:\/\/pas.websitehelden.net\/de\/service\/medizinische-flugbegleitung\/#primaryimage"},"thumbnailUrl":"https:\/\/er7k5njc6uc.exactdn.com\/wp-content\/uploads\/2023\/08\/Pasflights-medizinische-Flugbegleitung-Header-scaled.jpg?strip=all&lossy=1&ssl=1","datePublished":"2023-08-02T07:14:12+00:00","dateModified":"2025-04-07T08:24:05+00:00","description":"Dank einer gut geschulten, medizinischen Flugbegleitung wird Barrierefreiheit auch \u00fcber den Wolken erm\u00f6glicht. Mit PASflights reisen Sie in guten H\u00e4nden.","breadcrumb":{"@id":"https:\/\/pas.websitehelden.net\/de\/service\/medizinische-flugbegleitung\/#breadcrumb"},"inLanguage":"de","potentialAction":[{"@type":"ReadAction","target":["https:\/\/pas.websitehelden.net\/de\/service\/medizinische-flugbegleitung\/"]}]},{"@type":"ImageObject","inLanguage":"de","@id":"https:\/\/pas.websitehelden.net\/de\/service\/medizinische-flugbegleitung\/#primaryimage","url":"https:\/\/er7k5njc6uc.exactdn.com\/wp-content\/uploads\/2023\/08\/Pasflights-medizinische-Flugbegleitung-Header-scaled.jpg?strip=all&lossy=1&ssl=1","contentUrl":"https:\/\/er7k5njc6uc.exactdn.com\/wp-content\/uploads\/2023\/08\/Pasflights-medizinische-Flugbegleitung-Header-scaled.jpg?strip=all&lossy=1&ssl=1","width":2560,"height":731},{"@type":"BreadcrumbList","@id":"https:\/\/pas.websitehelden.net\/de\/service\/medizinische-flugbegleitung\/#breadcrumb","itemListElement":[{"@type":"ListItem","position":1,"name":"Startseite","item":"https:\/\/pas.websitehelden.net\/de\/"},{"@type":"ListItem","position":2,"name":"Service","item":"https:\/\/pas.websitehelden.net\/de\/service\/"},{"@type":"ListItem","position":3,"name":"Medizinische Flugbegleitung"}]},{"@type":"WebSite","@id":"https:\/\/pas.websitehelden.net\/de\/#website","url":"https:\/\/pas.websitehelden.net\/de\/","name":"Pasflights","description":"Eine weitere WordPress-Website","potentialAction":[{"@type":"SearchAction","target":{"@type":"EntryPoint","urlTemplate":"https:\/\/pas.websitehelden.net\/de\/?s={search_term_string}"},"query-input":{"@type":"PropertyValueSpecification","valueRequired":true,"valueName":"search_term_string"}}],"inLanguage":"de"}]}},"_links":{"self":[{"href":"https:\/\/pas.websitehelden.net\/de\/wp-json\/wp\/v2\/pages\/12048","targetHints":{"allow":["GET"]}}],"collection":[{"href":"https:\/\/pas.websitehelden.net\/de\/wp-json\/wp\/v2\/pages"}],"about":[{"href":"https:\/\/pas.websitehelden.net\/de\/wp-json\/wp\/v2\/types\/page"}],"author":[{"embeddable":true,"href":"https:\/\/pas.websitehelden.net\/de\/wp-json\/wp\/v2\/users\/5"}],"replies":[{"embeddable":true,"href":"https:\/\/pas.websitehelden.net\/de\/wp-json\/wp\/v2\/comments?post=12048"}],"version-history":[{"count":0,"href":"https:\/\/pas.websitehelden.net\/de\/wp-json\/wp\/v2\/pages\/12048\/revisions"}],"up":[{"embeddable":true,"href":"https:\/\/pas.websitehelden.net\/de\/wp-json\/wp\/v2\/pages\/1487"}],"wp:featuredmedia":[{"embeddable":true,"href":"https:\/\/pas.websitehelden.net\/de\/wp-json\/wp\/v2\/media\/12063"}],"wp:attachment":[{"href":"https:\/\/pas.websitehelden.net\/de\/wp-json\/wp\/v2\/media?parent=12048"}],"wp:term":[{"taxonomy":"category","embeddable":true,"href":"https:\/\/pas.websitehelden.net\/de\/wp-json\/wp\/v2\/categories?post=12048"},{"taxonomy":"post_tag","embeddable":true,"href":"https:\/\/pas.websitehelden.net\/de\/wp-json\/wp\/v2\/tags?post=12048"}],"curies":[{"name":"wp","href":"https:\/\/api.w.org\/{rel}","templated":true}]}}