{"id":10103,"date":"2022-11-03T12:09:09","date_gmt":"2022-11-03T11:09:09","guid":{"rendered":"https:\/\/www.pasflights.com\/?page_id=10103"},"modified":"2025-05-08T08:50:36","modified_gmt":"2025-05-08T06:50:36","slug":"pas-inside","status":"publish","type":"page","link":"https:\/\/pas.websitehelden.net\/de\/pas-inside\/","title":{"rendered":"Pas Inside"},"content":{"rendered":"\t\t<div data-elementor-type=\"wp-page\" data-elementor-id=\"10103\" class=\"elementor elementor-10103\" data-elementor-post-type=\"page\">\n\t\t\t\t\t\t<section class=\"elementor-section elementor-top-section elementor-element elementor-element-fea4948 elementor-section-boxed elementor-section-height-default elementor-section-height-default\" data-id=\"fea4948\" data-element_type=\"section\">\n\t\t\t\t\t\t<div class=\"elementor-container elementor-column-gap-default\">\n\t\t\t\t\t<div class=\"elementor-column elementor-col-100 elementor-top-column elementor-element elementor-element-62ef47b\" data-id=\"62ef47b\" data-element_type=\"column\">\n\t\t\t<div class=\"elementor-widget-wrap elementor-element-populated\">\n\t\t\t\t\t\t<div class=\"elementor-element elementor-element-08b2896 elementor-grid-3 elementor-grid-tablet-2 elementor-grid-mobile-1 elementor-posts--thumbnail-top elementor-card-shadow-yes elementor-posts__hover-gradient elementor-widget elementor-widget-posts\" data-id=\"08b2896\" data-element_type=\"widget\" data-settings=\"{&quot;cards_columns&quot;:&quot;3&quot;,&quot;cards_columns_tablet&quot;:&quot;2&quot;,&quot;cards_columns_mobile&quot;:&quot;1&quot;,&quot;cards_row_gap&quot;:{&quot;unit&quot;:&quot;px&quot;,&quot;size&quot;:35,&quot;sizes&quot;:[]},&quot;cards_row_gap_tablet&quot;:{&quot;unit&quot;:&quot;px&quot;,&quot;size&quot;:&quot;&quot;,&quot;sizes&quot;:[]},&quot;cards_row_gap_mobile&quot;:{&quot;unit&quot;:&quot;px&quot;,&quot;size&quot;:&quot;&quot;,&quot;sizes&quot;:[]}}\" data-widget_type=\"posts.cards\">\n\t\t\t\t<div class=\"elementor-widget-container\">\n\t\t\t\t\t\t\t<div class=\"elementor-posts-container elementor-posts elementor-posts--skin-cards elementor-grid\" role=\"list\">\n\t\t\t\t<article class=\"elementor-post elementor-grid-item post-20678 post type-post status-publish format-standard has-post-thumbnail hentry category-news-trends category-pas-inside tag-messe tag-privat-jet-charter\" role=\"listitem\">\n\t\t\t<div class=\"elementor-post__card\">\n\t\t\t\t<a class=\"elementor-post__thumbnail__link\" href=\"https:\/\/pas.websitehelden.net\/de\/aero-2025-friedrichshafen\/\" tabindex=\"-1\" ><div class=\"elementor-post__thumbnail\"><img fetchpriority=\"high\" decoding=\"async\" width=\"800\" height=\"534\" src=\"https:\/\/er7k5njc6uc.exactdn.com\/wp-content\/uploads\/2025\/04\/ABB2971-scaled.jpe?strip=all&amp;lossy=1&amp;fit=800%2C534&amp;ssl=1\" class=\"attachment-large size-large wp-image-20680\" alt=\"Drei Personen auf der AERO 2025 in Friedrichshafen, versammelt um einen Tisch, l\u00e4cheln in die Kamera.\" srcset=\"https:\/\/er7k5njc6uc.exactdn.com\/wp-content\/uploads\/2025\/04\/ABB2971-scaled.jpe?strip=all&amp;lossy=1&amp;ssl=1 2560w, https:\/\/er7k5njc6uc.exactdn.com\/wp-content\/uploads\/2025\/04\/ABB2971-300x200.jpe?strip=all&amp;lossy=1&amp;ssl=1 300w, https:\/\/er7k5njc6uc.exactdn.com\/wp-content\/uploads\/2025\/04\/ABB2971-1024x683.jpe?strip=all&amp;lossy=1&amp;ssl=1 1024w, https:\/\/er7k5njc6uc.exactdn.com\/wp-content\/uploads\/2025\/04\/ABB2971-768x512.jpe?strip=all&amp;lossy=1&amp;ssl=1 768w, https:\/\/er7k5njc6uc.exactdn.com\/wp-content\/uploads\/2025\/04\/ABB2971-1536x1024.jpe?strip=all&amp;lossy=1&amp;ssl=1 1536w, https:\/\/er7k5njc6uc.exactdn.com\/wp-content\/uploads\/2025\/04\/ABB2971-2048x1365.jpe?strip=all&amp;lossy=1&amp;ssl=1 2048w, https:\/\/er7k5njc6uc.exactdn.com\/wp-content\/uploads\/2025\/04\/ABB2971-scaled.jpe?strip=all&amp;lossy=1&amp;w=512&amp;ssl=1 512w\" sizes=\"(max-width: 800px) 100vw, 800px\" \/><\/div><\/a>\n\t\t\t\t<div class=\"elementor-post__badge\">News &amp; Trends<\/div>\n\t\t\t\t<div class=\"elementor-post__text\">\n\t\t\t\t<h3 class=\"elementor-post__title\">\n\t\t\t<a href=\"https:\/\/pas.websitehelden.net\/de\/aero-2025-friedrichshafen\/\" >\n\t\t\t\tAERO 2025 Friedrichshafen: R\u00fcckblick auf die Messe\t\t\t<\/a>\n\t\t<\/h3>\n\t\t\t\t<div class=\"elementor-post__excerpt\">\n\t\t\t<p>Innovationen, Networking und Messe-Highlights mit PASflights Europas f\u00fchrende Luftfahrtmesse Vom 9. bis 12. April \u00f6ffnete die AERO 2025 in Friedrichshafen erneut ihre Tore \u2013 und<\/p>\n\t\t<\/div>\n\t\t\n\t\t<a class=\"elementor-post__read-more\" href=\"https:\/\/pas.websitehelden.net\/de\/aero-2025-friedrichshafen\/\" aria-label=\"Mehr \u00fcber AERO 2025 Friedrichshafen: R\u00fcckblick auf die Messe\" tabindex=\"-1\" >\n\t\t\tWeiterlesen \u00bb\t\t<\/a>\n\n\t\t\t\t<\/div>\n\t\t\t\t<div class=\"elementor-post__meta-data\">\n\t\t\t\t\t<span class=\"elementor-post-date\">\n\t\t\t28. April 2025\t\t<\/span>\n\t\t\t\t<\/div>\n\t\t\t\t\t<\/div>\n\t\t<\/article>\n\t\t\t\t<article class=\"elementor-post elementor-grid-item post-20123 post type-post status-publish format-standard has-post-thumbnail hentry category-pas-inside category-ratgeber tag-interview tag-strategien-entwicklung-im-bereich-flugzeugcharter-alessio-altamura\" role=\"listitem\">\n\t\t\t<div class=\"elementor-post__card\">\n\t\t\t\t<a class=\"elementor-post__thumbnail__link\" href=\"https:\/\/pas.websitehelden.net\/de\/flugzeugcharter-strategien-entwicklung\/\" tabindex=\"-1\" ><div class=\"elementor-post__thumbnail\"><img decoding=\"async\" width=\"800\" height=\"534\" src=\"https:\/\/er7k5njc6uc.exactdn.com\/wp-content\/uploads\/2025\/04\/Anteprima-scaled.jpeg?strip=all&amp;lossy=1&amp;fit=800%2C534&amp;ssl=1\" class=\"attachment-large size-large wp-image-20112\" alt=\"\" srcset=\"https:\/\/er7k5njc6uc.exactdn.com\/wp-content\/uploads\/2025\/04\/Anteprima-scaled.jpeg?strip=all&amp;lossy=1&amp;ssl=1 2560w, https:\/\/er7k5njc6uc.exactdn.com\/wp-content\/uploads\/2025\/04\/Anteprima-300x200.jpeg?strip=all&amp;lossy=1&amp;ssl=1 300w, https:\/\/er7k5njc6uc.exactdn.com\/wp-content\/uploads\/2025\/04\/Anteprima-1024x683.jpeg?strip=all&amp;lossy=1&amp;ssl=1 1024w, https:\/\/er7k5njc6uc.exactdn.com\/wp-content\/uploads\/2025\/04\/Anteprima-768x512.jpeg?strip=all&amp;lossy=1&amp;ssl=1 768w, https:\/\/er7k5njc6uc.exactdn.com\/wp-content\/uploads\/2025\/04\/Anteprima-1536x1024.jpeg?strip=all&amp;lossy=1&amp;ssl=1 1536w, https:\/\/er7k5njc6uc.exactdn.com\/wp-content\/uploads\/2025\/04\/Anteprima-2048x1365.jpeg?strip=all&amp;lossy=1&amp;ssl=1 2048w, https:\/\/er7k5njc6uc.exactdn.com\/wp-content\/uploads\/2025\/04\/Anteprima-scaled.jpeg?strip=all&amp;lossy=1&amp;w=512&amp;ssl=1 512w\" sizes=\"(max-width: 800px) 100vw, 800px\" \/><\/div><\/a>\n\t\t\t\t<div class=\"elementor-post__badge\">PAS Inside<\/div>\n\t\t\t\t<div class=\"elementor-post__text\">\n\t\t\t\t<h3 class=\"elementor-post__title\">\n\t\t\t<a href=\"https:\/\/pas.websitehelden.net\/de\/flugzeugcharter-strategien-entwicklung\/\" >\n\t\t\t\tStrategien und Entwicklung im Bereich Flugzeugcharter\t\t\t<\/a>\n\t\t<\/h3>\n\t\t\t\t<div class=\"elementor-post__excerpt\">\n\t\t\t<p>Flugzeugcharter: Strategien, Verbindungen und Fl\u00fcge \u2013 im Gespr\u00e4ch mit Alessio Altamura In diesem Interview gibt Alessio Altamura, Gesch\u00e4ftsf\u00fchrer von PAS \u2013 Professional Aviation Solutions Srl<\/p>\n\t\t<\/div>\n\t\t\n\t\t<a class=\"elementor-post__read-more\" href=\"https:\/\/pas.websitehelden.net\/de\/flugzeugcharter-strategien-entwicklung\/\" aria-label=\"Mehr \u00fcber Strategien und Entwicklung im Bereich Flugzeugcharter\" tabindex=\"-1\" >\n\t\t\tWeiterlesen \u00bb\t\t<\/a>\n\n\t\t\t\t<\/div>\n\t\t\t\t<div class=\"elementor-post__meta-data\">\n\t\t\t\t\t<span class=\"elementor-post-date\">\n\t\t\t3. April 2025\t\t<\/span>\n\t\t\t\t<\/div>\n\t\t\t\t\t<\/div>\n\t\t<\/article>\n\t\t\t\t<article class=\"elementor-post elementor-grid-item post-11411 post type-post status-publish format-standard has-post-thumbnail hentry category-pas-inside\" role=\"listitem\">\n\t\t\t<div class=\"elementor-post__card\">\n\t\t\t\t<a class=\"elementor-post__thumbnail__link\" href=\"https:\/\/pas.websitehelden.net\/de\/pas-auf-deluxe-roadshow-der-counter-komplizen\/\" tabindex=\"-1\" ><div class=\"elementor-post__thumbnail\"><img decoding=\"async\" width=\"768\" height=\"1024\" src=\"https:\/\/er7k5njc6uc.exactdn.com\/wp-content\/uploads\/2023\/05\/7-768x1024.jpg?strip=all&amp;lossy=1&amp;ssl=1\" class=\"attachment-large size-large wp-image-11412\" alt=\"\" srcset=\"https:\/\/er7k5njc6uc.exactdn.com\/wp-content\/uploads\/2023\/05\/7-768x1024.jpg?strip=all&amp;lossy=1&amp;ssl=1 768w, https:\/\/er7k5njc6uc.exactdn.com\/wp-content\/uploads\/2023\/05\/7-225x300.jpg?strip=all&amp;lossy=1&amp;ssl=1 225w, https:\/\/er7k5njc6uc.exactdn.com\/wp-content\/uploads\/2023\/05\/7.jpg?strip=all&amp;lossy=1&amp;ssl=1 960w, https:\/\/er7k5njc6uc.exactdn.com\/wp-content\/uploads\/2023\/05\/7.jpg?strip=all&amp;lossy=1&amp;w=384&amp;ssl=1 384w, https:\/\/er7k5njc6uc.exactdn.com\/wp-content\/uploads\/2023\/05\/7.jpg?strip=all&amp;lossy=1&amp;w=576&amp;ssl=1 576w\" sizes=\"(max-width: 768px) 100vw, 768px\" \/><\/div><\/a>\n\t\t\t\t<div class=\"elementor-post__badge\">PAS Inside<\/div>\n\t\t\t\t<div class=\"elementor-post__text\">\n\t\t\t\t<h3 class=\"elementor-post__title\">\n\t\t\t<a href=\"https:\/\/pas.websitehelden.net\/de\/pas-auf-deluxe-roadshow-der-counter-komplizen\/\" >\n\t\t\t\tPAS auf Deluxe-Roadshow der Counter-Komplizen\t\t\t<\/a>\n\t\t<\/h3>\n\t\t\t\t<div class=\"elementor-post__excerpt\">\n\t\t\t<p>Vier St\u00e4dte, neun Partner und 200 Expedienten: F\u00fcr PAS war die erste Deluxe Roadshow der Counter-Komplizen ein voller Erfolg.<\/p>\n\t\t<\/div>\n\t\t\n\t\t<a class=\"elementor-post__read-more\" href=\"https:\/\/pas.websitehelden.net\/de\/pas-auf-deluxe-roadshow-der-counter-komplizen\/\" aria-label=\"Mehr \u00fcber PAS auf Deluxe-Roadshow der Counter-Komplizen\" tabindex=\"-1\" >\n\t\t\tWeiterlesen \u00bb\t\t<\/a>\n\n\t\t\t\t<\/div>\n\t\t\t\t<div class=\"elementor-post__meta-data\">\n\t\t\t\t\t<span class=\"elementor-post-date\">\n\t\t\t12. Mai 2023\t\t<\/span>\n\t\t\t\t<\/div>\n\t\t\t\t\t<\/div>\n\t\t<\/article>\n\t\t\t\t<article class=\"elementor-post elementor-grid-item post-11114 post type-post status-publish format-standard has-post-thumbnail hentry category-pas-inside\" role=\"listitem\">\n\t\t\t<div class=\"elementor-post__card\">\n\t\t\t\t<a class=\"elementor-post__thumbnail__link\" href=\"https:\/\/pas.websitehelden.net\/de\/famtrip-mallorca\/\" tabindex=\"-1\" ><div class=\"elementor-post__thumbnail\"><img loading=\"lazy\" decoding=\"async\" width=\"800\" height=\"450\" src=\"https:\/\/er7k5njc6uc.exactdn.com\/wp-content\/uploads\/2023\/03\/Gruppenbild2.jpg?strip=all&amp;lossy=1&amp;fit=800%2C450&amp;ssl=1\" class=\"attachment-large size-large wp-image-11014\" alt=\"\" srcset=\"https:\/\/er7k5njc6uc.exactdn.com\/wp-content\/uploads\/2023\/03\/Gruppenbild2.jpg?strip=all&amp;lossy=1&amp;ssl=1 1280w, https:\/\/er7k5njc6uc.exactdn.com\/wp-content\/uploads\/2023\/03\/Gruppenbild2-300x169.jpg?strip=all&amp;lossy=1&amp;ssl=1 300w, https:\/\/er7k5njc6uc.exactdn.com\/wp-content\/uploads\/2023\/03\/Gruppenbild2-1024x576.jpg?strip=all&amp;lossy=1&amp;ssl=1 1024w, https:\/\/er7k5njc6uc.exactdn.com\/wp-content\/uploads\/2023\/03\/Gruppenbild2-768x432.jpg?strip=all&amp;lossy=1&amp;ssl=1 768w, https:\/\/er7k5njc6uc.exactdn.com\/wp-content\/uploads\/2023\/03\/Gruppenbild2.jpg?strip=all&amp;lossy=1&amp;w=512&amp;ssl=1 512w\" sizes=\"(max-width: 800px) 100vw, 800px\" \/><\/div><\/a>\n\t\t\t\t<div class=\"elementor-post__badge\">PAS Inside<\/div>\n\t\t\t\t<div class=\"elementor-post__text\">\n\t\t\t\t<h3 class=\"elementor-post__title\">\n\t\t\t<a href=\"https:\/\/pas.websitehelden.net\/de\/famtrip-mallorca\/\" >\n\t\t\t\tFinca, Bodega, Luxushotel: Mallorca Famtrip mit Besuch von Event-Locations\t\t\t<\/a>\n\t\t<\/h3>\n\t\t\t\t<div class=\"elementor-post__excerpt\">\n\t\t\t<p>Mallorca bietet viele Orte f\u00fcr besondere Events. Diese zu entdecken war Aufgabe des letzten Famtrips. Hier berichten wir \u00fcber die sch\u00f6nsten Stationen der Reise.<\/p>\n\t\t<\/div>\n\t\t\n\t\t<a class=\"elementor-post__read-more\" href=\"https:\/\/pas.websitehelden.net\/de\/famtrip-mallorca\/\" aria-label=\"Mehr \u00fcber Finca, Bodega, Luxushotel: Mallorca Famtrip mit Besuch von Event-Locations\" tabindex=\"-1\" >\n\t\t\tWeiterlesen \u00bb\t\t<\/a>\n\n\t\t\t\t<\/div>\n\t\t\t\t<div class=\"elementor-post__meta-data\">\n\t\t\t\t\t<span class=\"elementor-post-date\">\n\t\t\t5. April 2023\t\t<\/span>\n\t\t\t\t<\/div>\n\t\t\t\t\t<\/div>\n\t\t<\/article>\n\t\t\t\t<article class=\"elementor-post elementor-grid-item post-11010 post type-post status-publish format-standard has-post-thumbnail hentry category-pas-inside\" role=\"listitem\">\n\t\t\t<div class=\"elementor-post__card\">\n\t\t\t\t<a class=\"elementor-post__thumbnail__link\" href=\"https:\/\/pas.websitehelden.net\/de\/10-jahre-pas\/\" tabindex=\"-1\" ><div class=\"elementor-post__thumbnail\"><img loading=\"lazy\" decoding=\"async\" width=\"800\" height=\"600\" src=\"https:\/\/er7k5njc6uc.exactdn.com\/wp-content\/uploads\/2023\/03\/photo_2023-03-10_11-00-55.jpg?strip=all&amp;lossy=1&amp;fit=800%2C600&amp;ssl=1\" class=\"attachment-large size-large wp-image-11092\" alt=\"\" srcset=\"https:\/\/er7k5njc6uc.exactdn.com\/wp-content\/uploads\/2023\/03\/photo_2023-03-10_11-00-55.jpg?strip=all&amp;lossy=1&amp;ssl=1 1280w, https:\/\/er7k5njc6uc.exactdn.com\/wp-content\/uploads\/2023\/03\/photo_2023-03-10_11-00-55-300x225.jpg?strip=all&amp;lossy=1&amp;ssl=1 300w, https:\/\/er7k5njc6uc.exactdn.com\/wp-content\/uploads\/2023\/03\/photo_2023-03-10_11-00-55-1024x768.jpg?strip=all&amp;lossy=1&amp;ssl=1 1024w, https:\/\/er7k5njc6uc.exactdn.com\/wp-content\/uploads\/2023\/03\/photo_2023-03-10_11-00-55-768x576.jpg?strip=all&amp;lossy=1&amp;ssl=1 768w, https:\/\/er7k5njc6uc.exactdn.com\/wp-content\/uploads\/2023\/03\/photo_2023-03-10_11-00-55.jpg?strip=all&amp;lossy=1&amp;w=512&amp;ssl=1 512w\" sizes=\"(max-width: 800px) 100vw, 800px\" \/><\/div><\/a>\n\t\t\t\t<div class=\"elementor-post__badge\">PAS Inside<\/div>\n\t\t\t\t<div class=\"elementor-post__text\">\n\t\t\t\t<h3 class=\"elementor-post__title\">\n\t\t\t<a href=\"https:\/\/pas.websitehelden.net\/de\/10-jahre-pas\/\" >\n\t\t\t\t10 Jahre: PAS feiert Jubil\u00e4um w\u00e4hrend der ITB\t\t\t<\/a>\n\t\t<\/h3>\n\t\t\t\t<div class=\"elementor-post__excerpt\">\n\t\t\t<p>Am 8. M\u00e4rz feiern wir in Berlin unsere ersten zehn Jahre. Auf den Erfolg und diese Meilensteine sind wir besonders stolz. <\/p>\n\t\t<\/div>\n\t\t\n\t\t<a class=\"elementor-post__read-more\" href=\"https:\/\/pas.websitehelden.net\/de\/10-jahre-pas\/\" aria-label=\"Mehr \u00fcber 10 Jahre: PAS feiert Jubil\u00e4um w\u00e4hrend der ITB\" tabindex=\"-1\" >\n\t\t\tWeiterlesen \u00bb\t\t<\/a>\n\n\t\t\t\t<\/div>\n\t\t\t\t<div class=\"elementor-post__meta-data\">\n\t\t\t\t\t<span class=\"elementor-post-date\">\n\t\t\t29. M\u00e4rz 2023\t\t<\/span>\n\t\t\t\t<\/div>\n\t\t\t\t\t<\/div>\n\t\t<\/article>\n\t\t\t\t<article class=\"elementor-post elementor-grid-item post-10072 post type-post status-publish format-standard has-post-thumbnail hentry category-pas-inside\" role=\"listitem\">\n\t\t\t<div class=\"elementor-post__card\">\n\t\t\t\t<a class=\"elementor-post__thumbnail__link\" href=\"https:\/\/pas.websitehelden.net\/de\/inspiration-fuer-mice-agenturen\/\" tabindex=\"-1\" ><div class=\"elementor-post__thumbnail\"><img loading=\"lazy\" decoding=\"async\" width=\"800\" height=\"450\" src=\"https:\/\/er7k5njc6uc.exactdn.com\/wp-content\/uploads\/2022\/11\/San-Sebastian-Bucht.jpg?strip=all&amp;lossy=1&amp;fit=800%2C450&amp;ssl=1\" class=\"attachment-large size-large wp-image-10073\" alt=\"\" srcset=\"https:\/\/er7k5njc6uc.exactdn.com\/wp-content\/uploads\/2022\/11\/San-Sebastian-Bucht.jpg?strip=all&amp;lossy=1&amp;ssl=1 1600w, https:\/\/er7k5njc6uc.exactdn.com\/wp-content\/uploads\/2022\/11\/San-Sebastian-Bucht-300x169.jpg?strip=all&amp;lossy=1&amp;ssl=1 300w, https:\/\/er7k5njc6uc.exactdn.com\/wp-content\/uploads\/2022\/11\/San-Sebastian-Bucht-1024x576.jpg?strip=all&amp;lossy=1&amp;ssl=1 1024w, https:\/\/er7k5njc6uc.exactdn.com\/wp-content\/uploads\/2022\/11\/San-Sebastian-Bucht-768x432.jpg?strip=all&amp;lossy=1&amp;ssl=1 768w, https:\/\/er7k5njc6uc.exactdn.com\/wp-content\/uploads\/2022\/11\/San-Sebastian-Bucht-1536x864.jpg?strip=all&amp;lossy=1&amp;ssl=1 1536w, https:\/\/er7k5njc6uc.exactdn.com\/wp-content\/uploads\/2022\/11\/San-Sebastian-Bucht.jpg?strip=all&amp;lossy=1&amp;w=640&amp;ssl=1 640w, https:\/\/er7k5njc6uc.exactdn.com\/wp-content\/uploads\/2022\/11\/San-Sebastian-Bucht.jpg?strip=all&amp;lossy=1&amp;w=960&amp;ssl=1 960w, https:\/\/er7k5njc6uc.exactdn.com\/wp-content\/uploads\/2022\/11\/San-Sebastian-Bucht.jpg?strip=all&amp;lossy=1&amp;w=1280&amp;ssl=1 1280w\" sizes=\"(max-width: 800px) 100vw, 800px\" \/><\/div><\/a>\n\t\t\t\t<div class=\"elementor-post__badge\">PAS Inside<\/div>\n\t\t\t\t<div class=\"elementor-post__text\">\n\t\t\t\t<h3 class=\"elementor-post__title\">\n\t\t\t<a href=\"https:\/\/pas.websitehelden.net\/de\/inspiration-fuer-mice-agenturen\/\" >\n\t\t\t\tInspiration f\u00fcr MICE-Agenturen\t\t\t<\/a>\n\t\t<\/h3>\n\t\t\t\t<div class=\"elementor-post__excerpt\">\n\t\t\t<p>Zum Meeting nach San Sebasti\u00e1n: Top-Eventmanager mit uns im Baskenland Die Basken sind daf\u00fcr bekannt, dass sie kulturelle Traditionen und neue Ideen gekonnt miteinander verbinden.<\/p>\n\t\t<\/div>\n\t\t\n\t\t<a class=\"elementor-post__read-more\" href=\"https:\/\/pas.websitehelden.net\/de\/inspiration-fuer-mice-agenturen\/\" aria-label=\"Mehr \u00fcber Inspiration f\u00fcr MICE-Agenturen\" tabindex=\"-1\" >\n\t\t\tWeiterlesen \u00bb\t\t<\/a>\n\n\t\t\t\t<\/div>\n\t\t\t\t<div class=\"elementor-post__meta-data\">\n\t\t\t\t\t<span class=\"elementor-post-date\">\n\t\t\t3. November 2022\t\t<\/span>\n\t\t\t\t<\/div>\n\t\t\t\t\t<\/div>\n\t\t<\/article>\n\t\t\t\t<\/div>\n\t\t\n\t\t\t\t\t\t<\/div>\n\t\t\t\t<\/div>\n\t\t\t\t\t<\/div>\n\t\t<\/div>\n\t\t\t\t\t<\/div>\n\t\t<\/section>\n\t\t\t\t<\/div>\n\t\t","protected":false},"excerpt":{"rendered":"","protected":false},"author":5,"featured_media":20839,"parent":0,"menu_order":0,"comment_status":"closed","ping_status":"closed","template":"","meta":{"_acf_changed":false,"footnotes":""},"categories":[],"tags":[],"class_list":["post-10103","page","type-page","status-publish","has-post-thumbnail","hentry"],"acf":[],"yoast_head":"<!-- This site is optimized with the Yoast SEO plugin v27.4 - https:\/\/yoast.com\/product\/yoast-seo-wordpress\/ -->\n<title>PAS Inside - Pasflights<\/title>\n<meta name=\"description\" content=\"\u2014Metabeschreibung nicht gesetzt.\" \/>\n<meta name=\"robots\" content=\"index, follow, max-snippet:-1, max-image-preview:large, max-video-preview:-1\" \/>\n<link rel=\"canonical\" href=\"https:\/\/pas.websitehelden.net\/de\/pas-inside\/\" \/>\n<meta property=\"og:locale\" content=\"de_DE\" \/>\n<meta property=\"og:type\" content=\"article\" \/>\n<meta property=\"og:title\" content=\"PAS Inside - Pasflights\" \/>\n<meta property=\"og:description\" content=\"\u2014Metabeschreibung nicht gesetzt.\" \/>\n<meta property=\"og:url\" content=\"https:\/\/pas.websitehelden.net\/de\/pas-inside\/\" \/>\n<meta property=\"og:site_name\" content=\"Pasflights\" \/>\n<meta property=\"article:modified_time\" content=\"2025-05-08T06:50:36+00:00\" \/>\n<meta property=\"og:image\" content=\"https:\/\/er7k5njc6uc.exactdn.com\/wp-content\/uploads\/2025\/05\/pas-inside.jpg?strip=all&lossy=1&ssl=1\" \/>\n\t<meta property=\"og:image:width\" content=\"2560\" \/>\n\t<meta property=\"og:image:height\" content=\"733\" \/>\n\t<meta property=\"og:image:type\" content=\"image\/jpeg\" \/>\n<meta name=\"twitter:card\" content=\"summary_large_image\" \/>\n<meta name=\"twitter:label1\" content=\"Gesch\u00e4tzte Lesezeit\" \/>\n\t<meta name=\"twitter:data1\" content=\"1\u00a0Minute\" \/>\n<script type=\"application\/ld+json\" class=\"yoast-schema-graph\">{\"@context\":\"https:\\\/\\\/schema.org\",\"@graph\":[{\"@type\":\"WebPage\",\"@id\":\"https:\\\/\\\/pas.websitehelden.net\\\/de\\\/pas-inside\\\/\",\"url\":\"https:\\\/\\\/pas.websitehelden.net\\\/de\\\/pas-inside\\\/\",\"name\":\"PAS Inside - Pasflights\",\"isPartOf\":{\"@id\":\"https:\\\/\\\/pas.websitehelden.net\\\/de\\\/#website\"},\"primaryImageOfPage\":{\"@id\":\"https:\\\/\\\/pas.websitehelden.net\\\/de\\\/pas-inside\\\/#primaryimage\"},\"image\":{\"@id\":\"https:\\\/\\\/pas.websitehelden.net\\\/de\\\/pas-inside\\\/#primaryimage\"},\"thumbnailUrl\":\"https:\\\/\\\/er7k5njc6uc.exactdn.com\\\/wp-content\\\/uploads\\\/2025\\\/05\\\/pas-inside.jpg?strip=all&lossy=1&ssl=1\",\"datePublished\":\"2022-11-03T11:09:09+00:00\",\"dateModified\":\"2025-05-08T06:50:36+00:00\",\"description\":\"\u2014Metabeschreibung nicht gesetzt.\",\"breadcrumb\":{\"@id\":\"https:\\\/\\\/pas.websitehelden.net\\\/de\\\/pas-inside\\\/#breadcrumb\"},\"inLanguage\":\"de\",\"potentialAction\":[{\"@type\":\"ReadAction\",\"target\":[\"https:\\\/\\\/pas.websitehelden.net\\\/de\\\/pas-inside\\\/\"]}]},{\"@type\":\"ImageObject\",\"inLanguage\":\"de\",\"@id\":\"https:\\\/\\\/pas.websitehelden.net\\\/de\\\/pas-inside\\\/#primaryimage\",\"url\":\"https:\\\/\\\/er7k5njc6uc.exactdn.com\\\/wp-content\\\/uploads\\\/2025\\\/05\\\/pas-inside.jpg?strip=all&lossy=1&ssl=1\",\"contentUrl\":\"https:\\\/\\\/er7k5njc6uc.exactdn.com\\\/wp-content\\\/uploads\\\/2025\\\/05\\\/pas-inside.jpg?strip=all&lossy=1&ssl=1\",\"width\":2560,\"height\":733,\"caption\":\"Gesch\u00e4ftsleute bei einer Pr\u00e4sentation im B\u00fcro mit Flugzeug\"},{\"@type\":\"BreadcrumbList\",\"@id\":\"https:\\\/\\\/pas.websitehelden.net\\\/de\\\/pas-inside\\\/#breadcrumb\",\"itemListElement\":[{\"@type\":\"ListItem\",\"position\":1,\"name\":\"Startseite\",\"item\":\"https:\\\/\\\/pas.websitehelden.net\\\/de\\\/\"},{\"@type\":\"ListItem\",\"position\":2,\"name\":\"Pas Inside\"}]},{\"@type\":\"WebSite\",\"@id\":\"https:\\\/\\\/pas.websitehelden.net\\\/de\\\/#website\",\"url\":\"https:\\\/\\\/pas.websitehelden.net\\\/de\\\/\",\"name\":\"Pasflights\",\"description\":\"Eine weitere WordPress-Website\",\"potentialAction\":[{\"@type\":\"SearchAction\",\"target\":{\"@type\":\"EntryPoint\",\"urlTemplate\":\"https:\\\/\\\/pas.websitehelden.net\\\/de\\\/?s={search_term_string}\"},\"query-input\":{\"@type\":\"PropertyValueSpecification\",\"valueRequired\":true,\"valueName\":\"search_term_string\"}}],\"inLanguage\":\"de\"}]}<\/script>\n<!-- \/ Yoast SEO plugin. -->","yoast_head_json":{"title":"PAS Inside - Pasflights","description":"\u2014Metabeschreibung nicht gesetzt.","robots":{"index":"index","follow":"follow","max-snippet":"max-snippet:-1","max-image-preview":"max-image-preview:large","max-video-preview":"max-video-preview:-1"},"canonical":"https:\/\/pas.websitehelden.net\/de\/pas-inside\/","og_locale":"de_DE","og_type":"article","og_title":"PAS Inside - Pasflights","og_description":"\u2014Metabeschreibung nicht gesetzt.","og_url":"https:\/\/pas.websitehelden.net\/de\/pas-inside\/","og_site_name":"Pasflights","article_modified_time":"2025-05-08T06:50:36+00:00","og_image":[{"width":2560,"height":733,"url":"https:\/\/er7k5njc6uc.exactdn.com\/wp-content\/uploads\/2025\/05\/pas-inside.jpg?strip=all&lossy=1&ssl=1","type":"image\/jpeg"}],"twitter_card":"summary_large_image","twitter_misc":{"Gesch\u00e4tzte Lesezeit":"1\u00a0Minute"},"schema":{"@context":"https:\/\/schema.org","@graph":[{"@type":"WebPage","@id":"https:\/\/pas.websitehelden.net\/de\/pas-inside\/","url":"https:\/\/pas.websitehelden.net\/de\/pas-inside\/","name":"PAS Inside - Pasflights","isPartOf":{"@id":"https:\/\/pas.websitehelden.net\/de\/#website"},"primaryImageOfPage":{"@id":"https:\/\/pas.websitehelden.net\/de\/pas-inside\/#primaryimage"},"image":{"@id":"https:\/\/pas.websitehelden.net\/de\/pas-inside\/#primaryimage"},"thumbnailUrl":"https:\/\/er7k5njc6uc.exactdn.com\/wp-content\/uploads\/2025\/05\/pas-inside.jpg?strip=all&lossy=1&ssl=1","datePublished":"2022-11-03T11:09:09+00:00","dateModified":"2025-05-08T06:50:36+00:00","description":"\u2014Metabeschreibung nicht gesetzt.","breadcrumb":{"@id":"https:\/\/pas.websitehelden.net\/de\/pas-inside\/#breadcrumb"},"inLanguage":"de","potentialAction":[{"@type":"ReadAction","target":["https:\/\/pas.websitehelden.net\/de\/pas-inside\/"]}]},{"@type":"ImageObject","inLanguage":"de","@id":"https:\/\/pas.websitehelden.net\/de\/pas-inside\/#primaryimage","url":"https:\/\/er7k5njc6uc.exactdn.com\/wp-content\/uploads\/2025\/05\/pas-inside.jpg?strip=all&lossy=1&ssl=1","contentUrl":"https:\/\/er7k5njc6uc.exactdn.com\/wp-content\/uploads\/2025\/05\/pas-inside.jpg?strip=all&lossy=1&ssl=1","width":2560,"height":733,"caption":"Gesch\u00e4ftsleute bei einer Pr\u00e4sentation im B\u00fcro mit Flugzeug"},{"@type":"BreadcrumbList","@id":"https:\/\/pas.websitehelden.net\/de\/pas-inside\/#breadcrumb","itemListElement":[{"@type":"ListItem","position":1,"name":"Startseite","item":"https:\/\/pas.websitehelden.net\/de\/"},{"@type":"ListItem","position":2,"name":"Pas Inside"}]},{"@type":"WebSite","@id":"https:\/\/pas.websitehelden.net\/de\/#website","url":"https:\/\/pas.websitehelden.net\/de\/","name":"Pasflights","description":"Eine weitere WordPress-Website","potentialAction":[{"@type":"SearchAction","target":{"@type":"EntryPoint","urlTemplate":"https:\/\/pas.websitehelden.net\/de\/?s={search_term_string}"},"query-input":{"@type":"PropertyValueSpecification","valueRequired":true,"valueName":"search_term_string"}}],"inLanguage":"de"}]}},"_links":{"self":[{"href":"https:\/\/pas.websitehelden.net\/de\/wp-json\/wp\/v2\/pages\/10103","targetHints":{"allow":["GET"]}}],"collection":[{"href":"https:\/\/pas.websitehelden.net\/de\/wp-json\/wp\/v2\/pages"}],"about":[{"href":"https:\/\/pas.websitehelden.net\/de\/wp-json\/wp\/v2\/types\/page"}],"author":[{"embeddable":true,"href":"https:\/\/pas.websitehelden.net\/de\/wp-json\/wp\/v2\/users\/5"}],"replies":[{"embeddable":true,"href":"https:\/\/pas.websitehelden.net\/de\/wp-json\/wp\/v2\/comments?post=10103"}],"version-history":[{"count":3,"href":"https:\/\/pas.websitehelden.net\/de\/wp-json\/wp\/v2\/pages\/10103\/revisions"}],"predecessor-version":[{"id":19983,"href":"https:\/\/pas.websitehelden.net\/de\/wp-json\/wp\/v2\/pages\/10103\/revisions\/19983"}],"wp:featuredmedia":[{"embeddable":true,"href":"https:\/\/pas.websitehelden.net\/de\/wp-json\/wp\/v2\/media\/20839"}],"wp:attachment":[{"href":"https:\/\/pas.websitehelden.net\/de\/wp-json\/wp\/v2\/media?parent=10103"}],"wp:term":[{"taxonomy":"category","embeddable":true,"href":"https:\/\/pas.websitehelden.net\/de\/wp-json\/wp\/v2\/categories?post=10103"},{"taxonomy":"post_tag","embeddable":true,"href":"https:\/\/pas.websitehelden.net\/de\/wp-json\/wp\/v2\/tags?post=10103"}],"curies":[{"name":"wp","href":"https:\/\/api.w.org\/{rel}","templated":true}]}}